{"id":235195,"date":"2024-10-23T09:00:35","date_gmt":"2024-10-23T07:00:35","guid":{"rendered":"https:\/\/raspberrypi.dk\/?post_type=product&#038;p=235195"},"modified":"2026-02-03T20:54:06","modified_gmt":"2026-02-03T19:54:06","slug":"512gb-m-2-ssd-nvme-raspberry-pi","status":"publish","type":"product","link":"https:\/\/raspberrypi.dk\/fi\/tuote\/512gb-m-2-ssd-nvme-raspberry-pi\/","title":{"rendered":"512GB M.2 SSD NVMe \u2013 Raspberry Pi"},"content":{"rendered":"<p>Se on luotettava, herkk\u00e4 ja tehokas PCIe Gen 3 -yhteensopiva SSD, joka pystyy nopeaan tiedonsiirtoon.<\/p>\n<ul>\n<li>M.2 2230 muotokerroin<\/li>\n<li>T\u00e4ytt\u00e4\u00e4 PCIe Gen 3 -standardin<\/li>\n<li>NVMe 1.4 -rekisteriliit\u00e4nt\u00e4 ja komentosarja<\/li>\n<li>Vaatii Raspberry Pi 5 -yhteensopivan M.2-sovittimen, kuten <a href=\"https:\/\/raspberrypi.dk\/fi\/tuote\/raspberry-pi-m-2-hat-til-raspberry-pi-5\/\">Raspberry Pi M.2 HAT+:n<\/a> (myyd\u00e4\u00e4n erikseen).<\/li>\n<\/ul>\n<p class=\"p1\">Pystyy seuraaviin suorituskykyihin k\u00e4ytett\u00e4ess\u00e4 1-kaistaista PCI Express 2.0 -v\u00e4yl\u00e4\u00e4:<\/p>\n<table border=\"0\" width=\"261\" cellspacing=\"0\" cellpadding=\"0\">\n<tbody>\n<tr>\n<td class=\"xl63\" align=\"right\" width=\"87\" height=\"21\">Density<\/td>\n<td class=\"xl63\" align=\"right\" width=\"87\">IOPS (4KB random read)<\/td>\n<td class=\"xl63\" align=\"right\" width=\"87\">IOPS (4KB random write)<\/td>\n<\/tr>\n<tr>\n<td class=\"xl63\" align=\"right\" height=\"21\">256GB<\/td>\n<td class=\"xl63\" align=\"right\">40k<\/td>\n<td class=\"xl63\" align=\"right\">70k<\/td>\n<\/tr>\n<tr>\n<td class=\"xl63\" align=\"right\" height=\"21\">512GB<\/td>\n<td class=\"xl63\" align=\"right\">50k<\/td>\n<td class=\"xl63\" align=\"right\">90k<\/td>\n<\/tr>\n<\/tbody>\n<\/table>\n<h2 class=\"c-type-display c-product-slice__heading\">Download:<\/h2>\n<div class=\"c-wysiwyg\">\n<ul>\n<li><a href=\"https:\/\/datasheets.raspberrypi.com\/ssd\/raspberry-pi-ssd-product-brief.pdf\">Raspberry Pi SSD product brief<\/a><\/li>\n<\/ul>\n<\/div>\n<p class=\"p1\">\n","protected":false},"excerpt":{"rendered":"<p class=\"p1\">Raspberry Pi SSD tarjoaa erinomaisen suorituskyvyn I\/O-intensiivisille sovelluksille Raspberry Pi 5:ss\u00e4 ja muissa laitteissa, mukaan lukien supernopea k\u00e4ynnistys SSD-levylt\u00e4 k\u00e4ynnistett\u00e4ess\u00e4.<\/p>\n","protected":false},"featured_media":235186,"comment_status":"open","ping_status":"closed","template":"","meta":[],"product_brand":[],"product_cat":[727],"product_tag":[718],"class_list":{"0":"post-235195","1":"product","2":"type-product","3":"status-publish","4":"has-post-thumbnail","6":"product_cat-tallennus-usb-ssd","7":"product_tag-rpi5-fi","9":"first","10":"outofstock","11":"taxable","12":"shipping-taxable","13":"purchasable","14":"product-type-simple"},"composite_virtual":false,"composite_layout":"","composite_add_to_cart_form_location":"","composite_editable_in_cart":false,"composite_sold_individually_context":"","composite_shop_price_calc":"","composite_components":[],"composite_scenarios":[],"bundled_by":[],"bundle_stock_status":"outofstock","bundle_stock_quantity":0,"bundle_virtual":false,"bundle_layout":"","bundle_add_to_cart_form_location":"","bundle_editable_in_cart":false,"bundle_sold_individually_context":"","bundle_item_grouping":"","bundle_min_size":"","bundle_max_size":"","bundle_price":[],"bundled_items":[],"bundle_sell_ids":[219819],"yoast_head":"<!-- This site is optimized with the Yoast SEO plugin v27.1.1 - https:\/\/yoast.com\/product\/yoast-seo-wordpress\/ -->\n<title>512GB M.2 SSD NVMe \u2013 Raspberry Pi \u2022 RaspberryPi.dk<\/title>\n<meta name=\"robots\" content=\"index, follow, max-snippet:-1, max-image-preview:large, max-video-preview:-1\" \/>\n<link rel=\"canonical\" href=\"https:\/\/raspberrypi.dk\/fi\/tuote\/512gb-m-2-ssd-nvme-raspberry-pi\/\" \/>\n<meta property=\"og:locale\" content=\"fi_FI\" \/>\n<meta property=\"og:type\" content=\"article\" \/>\n<meta property=\"og:title\" content=\"512GB M.2 SSD NVMe \u2013 Raspberry Pi \u2022 RaspberryPi.dk\" \/>\n<meta property=\"og:description\" content=\"Raspberry Pi SSD tarjoaa erinomaisen suorituskyvyn I\/O-intensiivisille sovelluksille Raspberry Pi 5:ss\u00e4 ja muissa laitteissa, mukaan lukien supernopea k\u00e4ynnistys SSD-levylt\u00e4 k\u00e4ynnistett\u00e4ess\u00e4.\" \/>\n<meta property=\"og:url\" content=\"https:\/\/raspberrypi.dk\/fi\/tuote\/512gb-m-2-ssd-nvme-raspberry-pi\/\" \/>\n<meta property=\"og:site_name\" content=\"RaspberryPi.dk\" \/>\n<meta property=\"article:publisher\" content=\"https:\/\/facebook.com\/RaspberryPiDanmark\" \/>\n<meta property=\"article:modified_time\" content=\"2026-02-03T19:54:06+00:00\" \/>\n<meta property=\"og:image\" content=\"https:\/\/raspberrypi.dk\/wp-content\/uploads\/2024\/09\/raspberry-pi-ssd.png\" \/>\n\t<meta property=\"og:image:width\" content=\"427\" \/>\n\t<meta property=\"og:image:height\" content=\"285\" \/>\n\t<meta property=\"og:image:type\" content=\"image\/png\" \/>\n<meta name=\"twitter:card\" content=\"summary_large_image\" \/>\n<meta name=\"twitter:site\" content=\"@raspberrypidk\" \/>\n<meta name=\"twitter:label1\" content=\"Arvioitu lukuaika\" \/>\n\t<meta name=\"twitter:data1\" content=\"1 minuutti\" \/>\n<script type=\"application\/ld+json\" class=\"yoast-schema-graph\">{\"@context\":\"https:\/\/schema.org\",\"@graph\":[{\"@type\":\"WebPage\",\"@id\":\"https:\/\/raspberrypi.dk\/fi\/tuote\/512gb-m-2-ssd-nvme-raspberry-pi\/\",\"url\":\"https:\/\/raspberrypi.dk\/fi\/tuote\/512gb-m-2-ssd-nvme-raspberry-pi\/\",\"name\":\"512GB M.2 SSD NVMe \u2013 Raspberry Pi \u2022 RaspberryPi.dk\",\"isPartOf\":{\"@id\":\"https:\/\/raspberrypi.dk\/fi\/#website\"},\"primaryImageOfPage\":{\"@id\":\"https:\/\/raspberrypi.dk\/fi\/tuote\/512gb-m-2-ssd-nvme-raspberry-pi\/#primaryimage\"},\"image\":{\"@id\":\"https:\/\/raspberrypi.dk\/fi\/tuote\/512gb-m-2-ssd-nvme-raspberry-pi\/#primaryimage\"},\"thumbnailUrl\":\"https:\/\/raspberrypi.dk\/wp-content\/uploads\/2024\/09\/raspberry-pi-ssd.png\",\"datePublished\":\"2024-10-23T07:00:35+00:00\",\"dateModified\":\"2026-02-03T19:54:06+00:00\",\"breadcrumb\":{\"@id\":\"https:\/\/raspberrypi.dk\/fi\/tuote\/512gb-m-2-ssd-nvme-raspberry-pi\/#breadcrumb\"},\"inLanguage\":\"fi\",\"potentialAction\":[{\"@type\":\"ReadAction\",\"target\":[\"https:\/\/raspberrypi.dk\/fi\/tuote\/512gb-m-2-ssd-nvme-raspberry-pi\/\"]}]},{\"@type\":\"ImageObject\",\"inLanguage\":\"fi\",\"@id\":\"https:\/\/raspberrypi.dk\/fi\/tuote\/512gb-m-2-ssd-nvme-raspberry-pi\/#primaryimage\",\"url\":\"https:\/\/raspberrypi.dk\/wp-content\/uploads\/2024\/09\/raspberry-pi-ssd.png\",\"contentUrl\":\"https:\/\/raspberrypi.dk\/wp-content\/uploads\/2024\/09\/raspberry-pi-ssd.png\",\"width\":427,\"height\":285,\"caption\":\"raspberry pi ssd\"},{\"@type\":\"BreadcrumbList\",\"@id\":\"https:\/\/raspberrypi.dk\/fi\/tuote\/512gb-m-2-ssd-nvme-raspberry-pi\/#breadcrumb\",\"itemListElement\":[{\"@type\":\"ListItem\",\"position\":1,\"name\":\"Hjem\",\"item\":\"https:\/\/raspberrypi.dk\/fi\/raspberry-pi-verkkokauppa\/\"},{\"@type\":\"ListItem\",\"position\":2,\"name\":\"Shop\",\"item\":\"https:\/\/raspberrypi.dk\/fi\/shop-2\/\"},{\"@type\":\"ListItem\",\"position\":3,\"name\":\"512GB M.2 SSD NVMe \u2013 Raspberry Pi\"}]},{\"@type\":\"WebSite\",\"@id\":\"https:\/\/raspberrypi.dk\/fi\/#website\",\"url\":\"https:\/\/raspberrypi.dk\/fi\/\",\"name\":\"RaspberryPi.dk\",\"description\":\"Danmarks f\u00f8rende Raspberry Pi side!\",\"publisher\":{\"@id\":\"https:\/\/raspberrypi.dk\/fi\/#organization\"},\"potentialAction\":[{\"@type\":\"SearchAction\",\"target\":{\"@type\":\"EntryPoint\",\"urlTemplate\":\"https:\/\/raspberrypi.dk\/fi\/?s={search_term_string}\"},\"query-input\":{\"@type\":\"PropertyValueSpecification\",\"valueRequired\":true,\"valueName\":\"search_term_string\"}}],\"inLanguage\":\"fi\"},{\"@type\":\"Organization\",\"@id\":\"https:\/\/raspberrypi.dk\/fi\/#organization\",\"name\":\"RaspberryPi.dk\",\"url\":\"https:\/\/raspberrypi.dk\/fi\/\",\"logo\":{\"@type\":\"ImageObject\",\"inLanguage\":\"fi\",\"@id\":\"https:\/\/raspberrypi.dk\/fi\/#\/schema\/logo\/image\/\",\"url\":\"https:\/\/raspberrypi.dk\/wp-content\/uploads\/2017\/05\/RaspberryPidk_logo-2.png\",\"contentUrl\":\"https:\/\/raspberrypi.dk\/wp-content\/uploads\/2017\/05\/RaspberryPidk_logo-2.png\",\"width\":470,\"height\":110,\"caption\":\"RaspberryPi.dk\"},\"image\":{\"@id\":\"https:\/\/raspberrypi.dk\/fi\/#\/schema\/logo\/image\/\"},\"sameAs\":[\"https:\/\/facebook.com\/RaspberryPiDanmark\",\"https:\/\/x.com\/raspberrypidk\",\"https:\/\/instagram.com\/raspberrypi.dk\"]}]}<\/script>\n<!-- \/ Yoast SEO plugin. -->","yoast_head_json":{"title":"512GB M.2 SSD NVMe \u2013 Raspberry Pi \u2022 RaspberryPi.dk","robots":{"index":"index","follow":"follow","max-snippet":"max-snippet:-1","max-image-preview":"max-image-preview:large","max-video-preview":"max-video-preview:-1"},"canonical":"https:\/\/raspberrypi.dk\/fi\/tuote\/512gb-m-2-ssd-nvme-raspberry-pi\/","og_locale":"fi_FI","og_type":"article","og_title":"512GB M.2 SSD NVMe \u2013 Raspberry Pi \u2022 RaspberryPi.dk","og_description":"Raspberry Pi SSD tarjoaa erinomaisen suorituskyvyn I\/O-intensiivisille sovelluksille Raspberry Pi 5:ss\u00e4 ja muissa laitteissa, mukaan lukien supernopea k\u00e4ynnistys SSD-levylt\u00e4 k\u00e4ynnistett\u00e4ess\u00e4.","og_url":"https:\/\/raspberrypi.dk\/fi\/tuote\/512gb-m-2-ssd-nvme-raspberry-pi\/","og_site_name":"RaspberryPi.dk","article_publisher":"https:\/\/facebook.com\/RaspberryPiDanmark","article_modified_time":"2026-02-03T19:54:06+00:00","og_image":[{"width":427,"height":285,"url":"https:\/\/raspberrypi.dk\/wp-content\/uploads\/2024\/09\/raspberry-pi-ssd.png","type":"image\/png"}],"twitter_card":"summary_large_image","twitter_site":"@raspberrypidk","twitter_misc":{"Arvioitu lukuaika":"1 minuutti"},"schema":{"@context":"https:\/\/schema.org","@graph":[{"@type":"WebPage","@id":"https:\/\/raspberrypi.dk\/fi\/tuote\/512gb-m-2-ssd-nvme-raspberry-pi\/","url":"https:\/\/raspberrypi.dk\/fi\/tuote\/512gb-m-2-ssd-nvme-raspberry-pi\/","name":"512GB M.2 SSD NVMe \u2013 Raspberry Pi \u2022 RaspberryPi.dk","isPartOf":{"@id":"https:\/\/raspberrypi.dk\/fi\/#website"},"primaryImageOfPage":{"@id":"https:\/\/raspberrypi.dk\/fi\/tuote\/512gb-m-2-ssd-nvme-raspberry-pi\/#primaryimage"},"image":{"@id":"https:\/\/raspberrypi.dk\/fi\/tuote\/512gb-m-2-ssd-nvme-raspberry-pi\/#primaryimage"},"thumbnailUrl":"https:\/\/raspberrypi.dk\/wp-content\/uploads\/2024\/09\/raspberry-pi-ssd.png","datePublished":"2024-10-23T07:00:35+00:00","dateModified":"2026-02-03T19:54:06+00:00","breadcrumb":{"@id":"https:\/\/raspberrypi.dk\/fi\/tuote\/512gb-m-2-ssd-nvme-raspberry-pi\/#breadcrumb"},"inLanguage":"fi","potentialAction":[{"@type":"ReadAction","target":["https:\/\/raspberrypi.dk\/fi\/tuote\/512gb-m-2-ssd-nvme-raspberry-pi\/"]}]},{"@type":"ImageObject","inLanguage":"fi","@id":"https:\/\/raspberrypi.dk\/fi\/tuote\/512gb-m-2-ssd-nvme-raspberry-pi\/#primaryimage","url":"https:\/\/raspberrypi.dk\/wp-content\/uploads\/2024\/09\/raspberry-pi-ssd.png","contentUrl":"https:\/\/raspberrypi.dk\/wp-content\/uploads\/2024\/09\/raspberry-pi-ssd.png","width":427,"height":285,"caption":"raspberry pi ssd"},{"@type":"BreadcrumbList","@id":"https:\/\/raspberrypi.dk\/fi\/tuote\/512gb-m-2-ssd-nvme-raspberry-pi\/#breadcrumb","itemListElement":[{"@type":"ListItem","position":1,"name":"Hjem","item":"https:\/\/raspberrypi.dk\/fi\/raspberry-pi-verkkokauppa\/"},{"@type":"ListItem","position":2,"name":"Shop","item":"https:\/\/raspberrypi.dk\/fi\/shop-2\/"},{"@type":"ListItem","position":3,"name":"512GB M.2 SSD NVMe \u2013 Raspberry Pi"}]},{"@type":"WebSite","@id":"https:\/\/raspberrypi.dk\/fi\/#website","url":"https:\/\/raspberrypi.dk\/fi\/","name":"RaspberryPi.dk","description":"Danmarks f\u00f8rende Raspberry Pi side!","publisher":{"@id":"https:\/\/raspberrypi.dk\/fi\/#organization"},"potentialAction":[{"@type":"SearchAction","target":{"@type":"EntryPoint","urlTemplate":"https:\/\/raspberrypi.dk\/fi\/?s={search_term_string}"},"query-input":{"@type":"PropertyValueSpecification","valueRequired":true,"valueName":"search_term_string"}}],"inLanguage":"fi"},{"@type":"Organization","@id":"https:\/\/raspberrypi.dk\/fi\/#organization","name":"RaspberryPi.dk","url":"https:\/\/raspberrypi.dk\/fi\/","logo":{"@type":"ImageObject","inLanguage":"fi","@id":"https:\/\/raspberrypi.dk\/fi\/#\/schema\/logo\/image\/","url":"https:\/\/raspberrypi.dk\/wp-content\/uploads\/2017\/05\/RaspberryPidk_logo-2.png","contentUrl":"https:\/\/raspberrypi.dk\/wp-content\/uploads\/2017\/05\/RaspberryPidk_logo-2.png","width":470,"height":110,"caption":"RaspberryPi.dk"},"image":{"@id":"https:\/\/raspberrypi.dk\/fi\/#\/schema\/logo\/image\/"},"sameAs":["https:\/\/facebook.com\/RaspberryPiDanmark","https:\/\/x.com\/raspberrypidk","https:\/\/instagram.com\/raspberrypi.dk"]}]}},"_links":{"self":[{"href":"https:\/\/raspberrypi.dk\/fi\/wp-json\/wp\/v2\/product\/235195","targetHints":{"allow":["GET"]}}],"collection":[{"href":"https:\/\/raspberrypi.dk\/fi\/wp-json\/wp\/v2\/product"}],"about":[{"href":"https:\/\/raspberrypi.dk\/fi\/wp-json\/wp\/v2\/types\/product"}],"replies":[{"embeddable":true,"href":"https:\/\/raspberrypi.dk\/fi\/wp-json\/wp\/v2\/comments?post=235195"}],"wp:featuredmedia":[{"embeddable":true,"href":"https:\/\/raspberrypi.dk\/fi\/wp-json\/wp\/v2\/media\/235186"}],"wp:attachment":[{"href":"https:\/\/raspberrypi.dk\/fi\/wp-json\/wp\/v2\/media?parent=235195"}],"wp:term":[{"taxonomy":"product_brand","embeddable":true,"href":"https:\/\/raspberrypi.dk\/fi\/wp-json\/wp\/v2\/product_brand?post=235195"},{"taxonomy":"product_cat","embeddable":true,"href":"https:\/\/raspberrypi.dk\/fi\/wp-json\/wp\/v2\/product_cat?post=235195"},{"taxonomy":"product_tag","embeddable":true,"href":"https:\/\/raspberrypi.dk\/fi\/wp-json\/wp\/v2\/product_tag?post=235195"}],"curies":[{"name":"wp","href":"https:\/\/api.w.org\/{rel}","templated":true}]}}