{"id":241747,"date":"2024-11-27T09:00:15","date_gmt":"2024-11-27T08:00:15","guid":{"rendered":"https:\/\/raspberrypi.dk\/?post_type=product&#038;p=241747"},"modified":"2025-04-29T09:25:43","modified_gmt":"2025-04-29T07:25:43","slug":"cm5002000-sc1556","status":"publish","type":"product","link":"https:\/\/raspberrypi.dk\/fi\/tuote\/cm5002000-sc1556\/","title":{"rendered":"CM5002000 &#8211; Raspberry Pi Compute Module 5 &#8211; 2GB RAM &#8211; 0GB Storage (Lite)"},"content":{"rendered":"<div class=\"c-product-hero__description\">\n<button data-id=\"155958\" data-post_id=\"241747\" data-form_style=\"1\" data-allow_outside_click=\"\" data-width=\"50%\" data-popup_type=\"on_button_click\" class=\"wpb-pcf-form-fire wpb-pcf-btn-large wpb-pcf-btn wpb-pcf-btn-default\">Request Quote (B2B)<\/button>\n<p>Raspberry Pi Compute Module 5 &#8211; \u00e4\u00e4rimm\u00e4inen ratkaisu niille, jotka tarvitsevat tehokkaan ja monipuolisen tietokonealustan kompaktissa ja kustannustehokkaassa muodossa.<\/p>\n<p>Vaikuttavien teknisten ominaisuuksiensa lis\u00e4ksi Compute Module 5 on my\u00f6s suunniteltu helposti integroitavaksi r\u00e4\u00e4t\u00e4l\u00f6ityihin laitteistoihin pienen koon ja standardoidun muodon ansiosta. T\u00e4m\u00e4 tekee siit\u00e4 ihanteellisen valinnan kehitt\u00e4jille, harrastajille ja yrityksille, jotka haluavat luoda omia ainutlaatuisia IoT-ratkaisuja, teollisuusautomaatioj\u00e4rjestelmi\u00e4 tai muita sulautettuja sovelluksia.<\/p>\n<p>Raspberry Pi CM5 soveltuu erityisen hyvin teollisiin sovelluksiin ja sopii erinomaisesti sillan rakentamiseen prototyyppien (muutama 100 kappaletta) ja t\u00e4ysin r\u00e4\u00e4t\u00e4l\u00f6ityjen mallien v\u00e4lille. Jotta voit k\u00e4ytt\u00e4\u00e4 sit\u00e4, tarvitset kantolevyn. Raspberry Pi on jo tehnyt paljon ty\u00f6t\u00e4 puolestasi standardoidun moduulin suunnittelussa \u2013 ja tarjoaa sinulle my\u00f6s Raspberry Pi -ekosysteemin, jossa on hyv\u00e4 dokumentaatio ja kokeneita yrityksi\u00e4, jotka voivat tukea sinua projektissasi.<\/p>\n<p>Se sopii projekteihin, joissa on n. 100 &#8211; 50 000 kappaletta myyd\u00e4\u00e4n vuodessa, jolloin Pi 5:n asennus on eri syist\u00e4 poissuljettu. eMMC Flash (useimmissa versioissa) sopii erityisen hyvin teollisuussovelluksiin ja on huomattavasti vakaampi kuin tavallinen Micro SD -kortti.<\/p>\n<p>Tarjoamme palveluita Raspberry Pi CM5:n k\u00e4ytt\u00f6\u00f6n, r\u00e4\u00e4t\u00e4l\u00f6ityjen kantolevyjen ja ohjelmistojen suunnitteluun. Keskitymme syv\u00e4\u00e4n tekniseen tuntemukseen Raspberry Pi -alustan ohjelmistoista ja laitteistoista. Ota meihin yhteytt\u00e4 ilman velvoitteita ja ilmaista alustavaa konsultaatiota selvitt\u00e4\u00e4ksemme, kuinka voimme tukea sinua.<\/p>\n<h2><strong>Tekniset tiedot<\/strong><strong> CM5002000 \/ SC1556<br \/>\n<\/strong><\/h2>\n<\/div>\n<p>55 mm \u00d7 40 mm \u00d7 4.7 mm module<\/p>\n<p>4 \u00d7 M2.5 mounting holes<\/p>\n<p>Broadcom BCM2712 quad-core 64-bit Arm Cortex-A76 (Armv8) SoC @ 2.4GHz<\/p>\n<p>Memory options:<\/p>\n<ul>\n<li>2GB LPDDR4-4267 SDRAM with ECC<\/li>\n<li>0GB eMMC flash memory<\/li>\n<\/ul>\n<p>Gigabit Ethernet PHY supporting IEEE 1588<\/p>\n<p>1 \u00d7 PCIe x1 root complex, Gen 2 (5Gbps)<\/p>\n<p>1 \u00d7 USB 2.0 port (high speed)<\/p>\n<p>2 \u00d7 USB 3.0 ports, supporting simultaneous 5Gbps operation<\/p>\n<p>Up to 30 \u00d7 GPIO supporting either 1.8V or 3.3V signalling and peripheral options:<\/p>\n<ul>\n<li>Up to 5 \u00d7 UART<\/li>\n<li>Up to 5 \u00d7 I2C<\/li>\n<li>Up to 5 \u00d7 SPI<\/li>\n<li>1 \u00d7 SDIO interface<\/li>\n<li>1 \u00d7 DPI (parallel RGB display)<\/li>\n<li>1 \u00d7 I2S<\/li>\n<li>Up to 4 \u00d7 PWM channels<\/li>\n<li>Up to 3 \u00d7 GPCLK outputs<\/li>\n<\/ul>\n<p>2 \u00d7 HDMI 2.0 ports (supports up to 4Kp60 on both ports simultaneously)<\/p>\n<p>2 \u00d7 4-lane MIPI ports supporting both DSI (display port) and CSI-2 (camera port)<\/p>\n<p>4Kp60 HEVC decoder<\/p>\n<p>OpenGL ES 3.1 graphics, Vulkan 1.2<\/p>\n<p>1 \u00d7 SDIO 2.0 (CM5 Lite)<\/p>\n<h2><strong>Yleiskatsaus kaikista CM5-malleista<\/strong><\/h2>\n<table>\n<tbody>\n<tr>\n<td><strong>SKU<\/strong><\/td>\n<td><strong>Wireless<\/strong><\/td>\n<td><strong>RAM<\/strong><\/td>\n<td><strong>Storage<\/strong><\/td>\n<\/tr>\n<tr>\n<td><a href=\"https:\/\/raspberrypi.dk\/fi\/tuote\/cm5102000-sc1586\">CM5102000<\/a><\/td>\n<td>Joo<\/td>\n<td>2 GB RAM<\/td>\n<td>0 GB eMMC<\/td>\n<\/tr>\n<tr>\n<td><a href=\"https:\/\/raspberrypi.dk\/fi\/tuote\/cm5102016-sc1558\">CM5102016<\/a><\/td>\n<td>Joo<\/td>\n<td>2 GB RAM<\/td>\n<td>16 GB eMMC<\/td>\n<\/tr>\n<tr>\n<td><a href=\"https:\/\/raspberrypi.dk\/fi\/tuote\/cm5102032-sc1589\">CM5102032<\/a><\/td>\n<td>Joo<\/td>\n<td>2 GB RAM<\/td>\n<td>32 GB eMMC<\/td>\n<\/tr>\n<tr>\n<td><a href=\"https:\/\/raspberrypi.dk\/fi\/tuote\/cm5102064-sc1590\">CM5102064<\/a><\/td>\n<td>Joo<\/td>\n<td>2 GB RAM<\/td>\n<td>64 GB eMMC<\/td>\n<\/tr>\n<tr>\n<td><a href=\"https:\/\/raspberrypi.dk\/fi\/tuote\/cm5104000-sc1592\">CM5104000<\/a><\/td>\n<td>Joo<\/td>\n<td>4 GB RAM<\/td>\n<td>0 GB eMMC<\/td>\n<\/tr>\n<tr>\n<td><a href=\"https:\/\/raspberrypi.dk\/fi\/tuote\/cm5104016-sc1594\">CM5104016<\/a><\/td>\n<td>Joo<\/td>\n<td>4 GB RAM<\/td>\n<td>16 GB eMMC<\/td>\n<\/tr>\n<tr>\n<td><a href=\"https:\/\/raspberrypi.dk\/fi\/tuote\/cm5104032-sc1595\">CM5104032<\/a><\/td>\n<td>Joo<\/td>\n<td>4 GB RAM<\/td>\n<td>32 GB eMMC<\/td>\n<\/tr>\n<tr>\n<td><a href=\"https:\/\/raspberrypi.dk\/fi\/tuote\/cm5104064-sc1596\">CM5104064<\/a><\/td>\n<td>Joo<\/td>\n<td>4 GB RAM<\/td>\n<td>64 GB eMMC<\/td>\n<\/tr>\n<tr>\n<td><a href=\"https:\/\/raspberrypi.dk\/fi\/tuote\/cm5108000-sc1598\">CM5108000<\/a><\/td>\n<td>Joo<\/td>\n<td>8 GB RAM<\/td>\n<td>0 GB eMMC<\/td>\n<\/tr>\n<tr>\n<td><a href=\"https:\/\/raspberrypi.dk\/fi\/tuote\/cm5108016-sc1600\">CM5108016<\/a><\/td>\n<td>Joo<\/td>\n<td>8 GB RAM<\/td>\n<td>16 GB eMMC<\/td>\n<\/tr>\n<tr>\n<td><a href=\"https:\/\/raspberrypi.dk\/fi\/tuote\/cm5108032-sc1601\">CM5108032<\/a><\/td>\n<td>Joo<\/td>\n<td>8 GB RAM<\/td>\n<td>32 GB eMMC<\/td>\n<\/tr>\n<tr>\n<td><a href=\"https:\/\/raspberrypi.dk\/fi\/tuote\/cm5108064-sc1602\">CM5108064<\/a><\/td>\n<td>Joo<\/td>\n<td>8 GB RAM<\/td>\n<td>64 GB eMMC<\/td>\n<\/tr>\n<tr>\n<td><a href=\"https:\/\/raspberrypi.dk\/fi\/tuote\/cm5116000-sc1604\">CM5116000<\/a><\/td>\n<td>Joo<\/td>\n<td>16 GB RAM<\/td>\n<td>0 GB eMMC<\/td>\n<\/tr>\n<tr>\n<td><a href=\"https:\/\/raspberrypi.dk\/fi\/tuote\/cm5116016-sc1606\">CM5116016<\/a><\/td>\n<td>Joo<\/td>\n<td>16 GB RAM<\/td>\n<td>16 GB eMMC<\/td>\n<\/tr>\n<tr>\n<td><a href=\"https:\/\/raspberrypi.dk\/fi\/tuote\/cm5116032-sc1607\">CM5116032<\/a><\/td>\n<td>Joo<\/td>\n<td>16 GB RAM<\/td>\n<td>32 GB eMMC<\/td>\n<\/tr>\n<tr>\n<td><a href=\"https:\/\/raspberrypi.dk\/fi\/tuote\/cm5116064-sc1608\">CM5116064<\/a><\/td>\n<td>Joo<\/td>\n<td>16 GB RAM<\/td>\n<td>64 GB eMMC<\/td>\n<\/tr>\n<tr>\n<td><a href=\"https:\/\/raspberrypi.dk\/fi\/tuote\/cm5002000-sc1556\">CM5002000<\/a><\/td>\n<td>Ei<\/td>\n<td>2 GB RAM<\/td>\n<td>0 GB eMMC<\/td>\n<\/tr>\n<tr>\n<td><a href=\"https:\/\/raspberrypi.dk\/fi\/tuote\/cm5002016-sc1558\">CM5002016<\/a><\/td>\n<td>Ei<\/td>\n<td>2 GB RAM<\/td>\n<td>16 GB eMMC<\/td>\n<\/tr>\n<tr>\n<td><a href=\"https:\/\/raspberrypi.dk\/fi\/tuote\/cm5002032-sc1559\">CM5002032<\/a><\/td>\n<td>Ei<\/td>\n<td>2 GB RAM<\/td>\n<td>32 GB eMMC<\/td>\n<\/tr>\n<tr>\n<td><a href=\"https:\/\/raspberrypi.dk\/fi\/tuote\/cm5002064-sc1560\">CM5002064<\/a><\/td>\n<td>Ei<\/td>\n<td>2 GB RAM<\/td>\n<td>64 GB eMMC<\/td>\n<\/tr>\n<tr>\n<td><a href=\"https:\/\/raspberrypi.dk\/fi\/tuote\/cm5004000-sc1562\">CM5004000<\/a><\/td>\n<td>Ei<\/td>\n<td>4 GB RAM<\/td>\n<td>0 GB eMMC<\/td>\n<\/tr>\n<tr>\n<td><a href=\"https:\/\/raspberrypi.dk\/fi\/tuote\/cm5004016-sc1564\">CM5004016<\/a><\/td>\n<td>Ei<\/td>\n<td>4 GB RAM<\/td>\n<td>16 GB eMMC<\/td>\n<\/tr>\n<tr>\n<td><a href=\"https:\/\/raspberrypi.dk\/fi\/tuote\/cm5004032-sc1565\">CM5004032<\/a><\/td>\n<td>Ei<\/td>\n<td>4 GB RAM<\/td>\n<td>32 GB eMMC<\/td>\n<\/tr>\n<tr>\n<td><a href=\"https:\/\/raspberrypi.dk\/fi\/tuote\/cm5004064-sc1566\">CM5004064<\/a><\/td>\n<td>Ei<\/td>\n<td>4 GB RAM<\/td>\n<td>64 GB eMMC<\/td>\n<\/tr>\n<tr>\n<td><a href=\"https:\/\/raspberrypi.dk\/fi\/tuote\/cm5008000-sc1568\">CM5008000<\/a><\/td>\n<td>Ei<\/td>\n<td>8 GB RAM<\/td>\n<td>0 GB eMMC<\/td>\n<\/tr>\n<tr>\n<td><a href=\"https:\/\/raspberrypi.dk\/fi\/tuote\/cm5008016-sc1570\">CM5008016<\/a><\/td>\n<td>Ei<\/td>\n<td>8 GB RAM<\/td>\n<td>16 GB eMMC<\/td>\n<\/tr>\n<tr>\n<td><a href=\"https:\/\/raspberrypi.dk\/fi\/tuote\/cm5008032-sc1571\">CM5008032<\/a><\/td>\n<td>Ei<\/td>\n<td>8 GB RAM<\/td>\n<td>32 GB eMMC<\/td>\n<\/tr>\n<tr>\n<td><a href=\"https:\/\/raspberrypi.dk\/fi\/tuote\/cm5008064-sc1572\">CM5008064<\/a><\/td>\n<td>Ei<\/td>\n<td>8 GB RAM<\/td>\n<td>64 GB eMMC<\/td>\n<\/tr>\n<tr>\n<td><a href=\"https:\/\/raspberrypi.dk\/fi\/tuote\/cm5016000-sc1574\">CM5016000<\/a><\/td>\n<td>Ei<\/td>\n<td>16 GB RAM<\/td>\n<td>0 GB eMMC<\/td>\n<\/tr>\n<tr>\n<td><a href=\"https:\/\/raspberrypi.dk\/fi\/tuote\/cm5016016-sc1576\">CM5016016<\/a><\/td>\n<td>Ei<\/td>\n<td>16 GB RAM<\/td>\n<td>16 GB eMMC<\/td>\n<\/tr>\n<tr>\n<td><a href=\"https:\/\/raspberrypi.dk\/fi\/tuote\/cm5016032-sc1577\">CM5016032<\/a><\/td>\n<td>Ei<\/td>\n<td>16 GB RAM<\/td>\n<td>32 GB eMMC<\/td>\n<\/tr>\n<tr>\n<td><a href=\"https:\/\/raspberrypi.dk\/fi\/tuote\/cm5016064-sc1578\">CM5016064<\/a><\/td>\n<td>Ei<\/td>\n<td>16 GB RAM<\/td>\n<td>64 GB eMMC<\/td>\n<\/tr>\n<\/tbody>\n<\/table>\n<h3><strong>CM5002000 Asiakirjat<\/strong><\/h3>\n<ul>\n<li><a class=\"font-bold text-blue-300 hover:text-blue-100 hover:underline\" href=\"https:\/\/datasheets.raspberrypi.com\/cm5\/cm5-product-brief.pdf\">Raspberry Pi Compute Module 5 product brief<\/a><\/li>\n<li><a class=\"font-bold text-blue-300 hover:text-blue-100 hover:underline\" href=\"https:\/\/datasheets.raspberrypi.com\/cm5\/cm5-datasheet.pdf\">Raspberry Pi Compute Module 5 datasheet<\/a><\/li>\n<li><a class=\"font-bold text-blue-300 hover:text-blue-100 hover:underline\" href=\"https:\/\/rpltd.co\/cm5-design-files\">Raspberry Pi Compute Module 5 design files<\/a><\/li>\n<\/ul>\n","protected":false},"excerpt":{"rendered":"<p><strong>SC1556 \/ CM5002000<\/strong><\/p>\n<div class=\"woocommerce-product-details__short-description\">\n<p>Tarvitseeko yrityksesi suuremman m\u00e4\u00e4r\u00e4n CM4:\u00e4\u00e4 tai apua Raspberry Pi hardware\/software?\u00a0<a href=\"https:\/\/raspberrypi.dk\/ti\/toute\/om\/til-virksomheder-og-institutioner\/\">Ota meihin yhteytt\u00e4 t\u00e4st\u00e4.<\/a><\/p>\n<\/div>\n","protected":false},"featured_media":249696,"comment_status":"open","ping_status":"closed","template":"","meta":[],"product_brand":[],"product_cat":[774],"product_tag":[784],"class_list":{"0":"post-241747","1":"product","2":"type-product","3":"status-publish","4":"has-post-thumbnail","6":"product_cat-raspberry-pi-compute-module-5-cm5-fi","7":"product_tag-cm5-fi","9":"first","10":"instock","11":"taxable","12":"shipping-taxable","13":"purchasable","14":"product-type-simple"},"composite_virtual":false,"composite_layout":"","composite_add_to_cart_form_location":"","composite_editable_in_cart":false,"composite_sold_individually_context":"","composite_shop_price_calc":"","composite_components":[],"composite_scenarios":[],"bundled_by":[],"bundle_stock_status":"instock","bundle_stock_quantity":22,"bundle_virtual":false,"bundle_layout":"","bundle_add_to_cart_form_location":"","bundle_editable_in_cart":false,"bundle_sold_individually_context":"","bundle_item_grouping":"","bundle_min_size":"","bundle_max_size":"","bundle_price":[],"bundled_items":[],"bundle_sell_ids":[242159,242180],"yoast_head":"<!-- This site is optimized with the Yoast SEO plugin v27.1.1 - https:\/\/yoast.com\/product\/yoast-seo-wordpress\/ -->\n<title>CM5002000 - Raspberry Pi Compute Module 5 - 2GB RAM - 0GB Storage (Lite) \u2022 RaspberryPi.dk<\/title>\n<meta name=\"robots\" content=\"index, follow, max-snippet:-1, max-image-preview:large, max-video-preview:-1\" \/>\n<link rel=\"canonical\" href=\"https:\/\/raspberrypi.dk\/fi\/tuote\/cm5002000-sc1556\/\" \/>\n<meta property=\"og:locale\" content=\"fi_FI\" \/>\n<meta property=\"og:type\" content=\"article\" \/>\n<meta property=\"og:title\" content=\"CM5002000 - Raspberry Pi Compute Module 5 - 2GB RAM - 0GB Storage (Lite) \u2022 RaspberryPi.dk\" \/>\n<meta property=\"og:description\" content=\"SC1556 \/ CM5002000   Tarvitseeko yrityksesi suuremman m\u00e4\u00e4r\u00e4n CM4:\u00e4\u00e4 tai apua Raspberry Pi hardware\/software?\u00a0Ota meihin yhteytt\u00e4 t\u00e4st\u00e4.\" \/>\n<meta property=\"og:url\" content=\"https:\/\/raspberrypi.dk\/fi\/tuote\/cm5002000-sc1556\/\" \/>\n<meta property=\"og:site_name\" content=\"RaspberryPi.dk\" \/>\n<meta property=\"article:publisher\" content=\"https:\/\/facebook.com\/RaspberryPiDanmark\" \/>\n<meta property=\"article:modified_time\" content=\"2025-04-29T07:25:43+00:00\" \/>\n<meta property=\"og:image\" content=\"https:\/\/raspberrypi.dk\/wp-content\/uploads\/2024\/11\/raspberry-pi-compute-module-5-CM5-Hero-scaled.jpg\" \/>\n\t<meta property=\"og:image:width\" content=\"2560\" \/>\n\t<meta property=\"og:image:height\" content=\"1703\" \/>\n\t<meta property=\"og:image:type\" content=\"image\/jpeg\" \/>\n<meta name=\"twitter:card\" content=\"summary_large_image\" \/>\n<meta name=\"twitter:site\" content=\"@raspberrypidk\" \/>\n<meta name=\"twitter:label1\" content=\"Arvioitu lukuaika\" \/>\n\t<meta name=\"twitter:data1\" content=\"5 minuuttia\" \/>\n<script type=\"application\/ld+json\" class=\"yoast-schema-graph\">{\"@context\":\"https:\/\/schema.org\",\"@graph\":[{\"@type\":\"WebPage\",\"@id\":\"https:\/\/raspberrypi.dk\/fi\/tuote\/cm5002000-sc1556\/\",\"url\":\"https:\/\/raspberrypi.dk\/fi\/tuote\/cm5002000-sc1556\/\",\"name\":\"CM5002000 - Raspberry Pi Compute Module 5 - 2GB RAM - 0GB Storage (Lite) \u2022 RaspberryPi.dk\",\"isPartOf\":{\"@id\":\"https:\/\/raspberrypi.dk\/fi\/#website\"},\"primaryImageOfPage\":{\"@id\":\"https:\/\/raspberrypi.dk\/fi\/tuote\/cm5002000-sc1556\/#primaryimage\"},\"image\":{\"@id\":\"https:\/\/raspberrypi.dk\/fi\/tuote\/cm5002000-sc1556\/#primaryimage\"},\"thumbnailUrl\":\"https:\/\/raspberrypi.dk\/wp-content\/uploads\/2024\/11\/raspberry-pi-compute-module-5-CM5-Hero-scaled.jpg\",\"datePublished\":\"2024-11-27T08:00:15+00:00\",\"dateModified\":\"2025-04-29T07:25:43+00:00\",\"breadcrumb\":{\"@id\":\"https:\/\/raspberrypi.dk\/fi\/tuote\/cm5002000-sc1556\/#breadcrumb\"},\"inLanguage\":\"fi\",\"potentialAction\":[{\"@type\":\"ReadAction\",\"target\":[\"https:\/\/raspberrypi.dk\/fi\/tuote\/cm5002000-sc1556\/\"]}]},{\"@type\":\"ImageObject\",\"inLanguage\":\"fi\",\"@id\":\"https:\/\/raspberrypi.dk\/fi\/tuote\/cm5002000-sc1556\/#primaryimage\",\"url\":\"https:\/\/raspberrypi.dk\/wp-content\/uploads\/2024\/11\/raspberry-pi-compute-module-5-CM5-Hero-scaled.jpg\",\"contentUrl\":\"https:\/\/raspberrypi.dk\/wp-content\/uploads\/2024\/11\/raspberry-pi-compute-module-5-CM5-Hero-scaled.jpg\",\"width\":2560,\"height\":1703,\"caption\":\"raspberry pi compute module 5 CM5 Hero\"},{\"@type\":\"BreadcrumbList\",\"@id\":\"https:\/\/raspberrypi.dk\/fi\/tuote\/cm5002000-sc1556\/#breadcrumb\",\"itemListElement\":[{\"@type\":\"ListItem\",\"position\":1,\"name\":\"Hjem\",\"item\":\"https:\/\/raspberrypi.dk\/fi\/raspberry-pi-verkkokauppa\/\"},{\"@type\":\"ListItem\",\"position\":2,\"name\":\"Shop\",\"item\":\"https:\/\/raspberrypi.dk\/fi\/shop-2\/\"},{\"@type\":\"ListItem\",\"position\":3,\"name\":\"CM5002000 &#8211; Raspberry Pi Compute Module 5 &#8211; 2GB RAM &#8211; 0GB Storage (Lite)\"}]},{\"@type\":\"WebSite\",\"@id\":\"https:\/\/raspberrypi.dk\/fi\/#website\",\"url\":\"https:\/\/raspberrypi.dk\/fi\/\",\"name\":\"RaspberryPi.dk\",\"description\":\"Danmarks f\u00f8rende Raspberry Pi side!\",\"publisher\":{\"@id\":\"https:\/\/raspberrypi.dk\/fi\/#organization\"},\"potentialAction\":[{\"@type\":\"SearchAction\",\"target\":{\"@type\":\"EntryPoint\",\"urlTemplate\":\"https:\/\/raspberrypi.dk\/fi\/?s={search_term_string}\"},\"query-input\":{\"@type\":\"PropertyValueSpecification\",\"valueRequired\":true,\"valueName\":\"search_term_string\"}}],\"inLanguage\":\"fi\"},{\"@type\":\"Organization\",\"@id\":\"https:\/\/raspberrypi.dk\/fi\/#organization\",\"name\":\"RaspberryPi.dk\",\"url\":\"https:\/\/raspberrypi.dk\/fi\/\",\"logo\":{\"@type\":\"ImageObject\",\"inLanguage\":\"fi\",\"@id\":\"https:\/\/raspberrypi.dk\/fi\/#\/schema\/logo\/image\/\",\"url\":\"https:\/\/raspberrypi.dk\/wp-content\/uploads\/2017\/05\/RaspberryPidk_logo-2.png\",\"contentUrl\":\"https:\/\/raspberrypi.dk\/wp-content\/uploads\/2017\/05\/RaspberryPidk_logo-2.png\",\"width\":470,\"height\":110,\"caption\":\"RaspberryPi.dk\"},\"image\":{\"@id\":\"https:\/\/raspberrypi.dk\/fi\/#\/schema\/logo\/image\/\"},\"sameAs\":[\"https:\/\/facebook.com\/RaspberryPiDanmark\",\"https:\/\/x.com\/raspberrypidk\",\"https:\/\/instagram.com\/raspberrypi.dk\"]}]}<\/script>\n<!-- \/ Yoast SEO plugin. -->","yoast_head_json":{"title":"CM5002000 - Raspberry Pi Compute Module 5 - 2GB RAM - 0GB Storage (Lite) \u2022 RaspberryPi.dk","robots":{"index":"index","follow":"follow","max-snippet":"max-snippet:-1","max-image-preview":"max-image-preview:large","max-video-preview":"max-video-preview:-1"},"canonical":"https:\/\/raspberrypi.dk\/fi\/tuote\/cm5002000-sc1556\/","og_locale":"fi_FI","og_type":"article","og_title":"CM5002000 - Raspberry Pi Compute Module 5 - 2GB RAM - 0GB Storage (Lite) \u2022 RaspberryPi.dk","og_description":"SC1556 \/ CM5002000   Tarvitseeko yrityksesi suuremman m\u00e4\u00e4r\u00e4n CM4:\u00e4\u00e4 tai apua Raspberry Pi hardware\/software?\u00a0Ota meihin yhteytt\u00e4 t\u00e4st\u00e4.","og_url":"https:\/\/raspberrypi.dk\/fi\/tuote\/cm5002000-sc1556\/","og_site_name":"RaspberryPi.dk","article_publisher":"https:\/\/facebook.com\/RaspberryPiDanmark","article_modified_time":"2025-04-29T07:25:43+00:00","og_image":[{"width":2560,"height":1703,"url":"https:\/\/raspberrypi.dk\/wp-content\/uploads\/2024\/11\/raspberry-pi-compute-module-5-CM5-Hero-scaled.jpg","type":"image\/jpeg"}],"twitter_card":"summary_large_image","twitter_site":"@raspberrypidk","twitter_misc":{"Arvioitu lukuaika":"5 minuuttia"},"schema":{"@context":"https:\/\/schema.org","@graph":[{"@type":"WebPage","@id":"https:\/\/raspberrypi.dk\/fi\/tuote\/cm5002000-sc1556\/","url":"https:\/\/raspberrypi.dk\/fi\/tuote\/cm5002000-sc1556\/","name":"CM5002000 - Raspberry Pi Compute Module 5 - 2GB RAM - 0GB Storage (Lite) \u2022 RaspberryPi.dk","isPartOf":{"@id":"https:\/\/raspberrypi.dk\/fi\/#website"},"primaryImageOfPage":{"@id":"https:\/\/raspberrypi.dk\/fi\/tuote\/cm5002000-sc1556\/#primaryimage"},"image":{"@id":"https:\/\/raspberrypi.dk\/fi\/tuote\/cm5002000-sc1556\/#primaryimage"},"thumbnailUrl":"https:\/\/raspberrypi.dk\/wp-content\/uploads\/2024\/11\/raspberry-pi-compute-module-5-CM5-Hero-scaled.jpg","datePublished":"2024-11-27T08:00:15+00:00","dateModified":"2025-04-29T07:25:43+00:00","breadcrumb":{"@id":"https:\/\/raspberrypi.dk\/fi\/tuote\/cm5002000-sc1556\/#breadcrumb"},"inLanguage":"fi","potentialAction":[{"@type":"ReadAction","target":["https:\/\/raspberrypi.dk\/fi\/tuote\/cm5002000-sc1556\/"]}]},{"@type":"ImageObject","inLanguage":"fi","@id":"https:\/\/raspberrypi.dk\/fi\/tuote\/cm5002000-sc1556\/#primaryimage","url":"https:\/\/raspberrypi.dk\/wp-content\/uploads\/2024\/11\/raspberry-pi-compute-module-5-CM5-Hero-scaled.jpg","contentUrl":"https:\/\/raspberrypi.dk\/wp-content\/uploads\/2024\/11\/raspberry-pi-compute-module-5-CM5-Hero-scaled.jpg","width":2560,"height":1703,"caption":"raspberry pi compute module 5 CM5 Hero"},{"@type":"BreadcrumbList","@id":"https:\/\/raspberrypi.dk\/fi\/tuote\/cm5002000-sc1556\/#breadcrumb","itemListElement":[{"@type":"ListItem","position":1,"name":"Hjem","item":"https:\/\/raspberrypi.dk\/fi\/raspberry-pi-verkkokauppa\/"},{"@type":"ListItem","position":2,"name":"Shop","item":"https:\/\/raspberrypi.dk\/fi\/shop-2\/"},{"@type":"ListItem","position":3,"name":"CM5002000 &#8211; Raspberry Pi Compute Module 5 &#8211; 2GB RAM &#8211; 0GB Storage (Lite)"}]},{"@type":"WebSite","@id":"https:\/\/raspberrypi.dk\/fi\/#website","url":"https:\/\/raspberrypi.dk\/fi\/","name":"RaspberryPi.dk","description":"Danmarks f\u00f8rende Raspberry Pi side!","publisher":{"@id":"https:\/\/raspberrypi.dk\/fi\/#organization"},"potentialAction":[{"@type":"SearchAction","target":{"@type":"EntryPoint","urlTemplate":"https:\/\/raspberrypi.dk\/fi\/?s={search_term_string}"},"query-input":{"@type":"PropertyValueSpecification","valueRequired":true,"valueName":"search_term_string"}}],"inLanguage":"fi"},{"@type":"Organization","@id":"https:\/\/raspberrypi.dk\/fi\/#organization","name":"RaspberryPi.dk","url":"https:\/\/raspberrypi.dk\/fi\/","logo":{"@type":"ImageObject","inLanguage":"fi","@id":"https:\/\/raspberrypi.dk\/fi\/#\/schema\/logo\/image\/","url":"https:\/\/raspberrypi.dk\/wp-content\/uploads\/2017\/05\/RaspberryPidk_logo-2.png","contentUrl":"https:\/\/raspberrypi.dk\/wp-content\/uploads\/2017\/05\/RaspberryPidk_logo-2.png","width":470,"height":110,"caption":"RaspberryPi.dk"},"image":{"@id":"https:\/\/raspberrypi.dk\/fi\/#\/schema\/logo\/image\/"},"sameAs":["https:\/\/facebook.com\/RaspberryPiDanmark","https:\/\/x.com\/raspberrypidk","https:\/\/instagram.com\/raspberrypi.dk"]}]}},"_links":{"self":[{"href":"https:\/\/raspberrypi.dk\/fi\/wp-json\/wp\/v2\/product\/241747","targetHints":{"allow":["GET"]}}],"collection":[{"href":"https:\/\/raspberrypi.dk\/fi\/wp-json\/wp\/v2\/product"}],"about":[{"href":"https:\/\/raspberrypi.dk\/fi\/wp-json\/wp\/v2\/types\/product"}],"replies":[{"embeddable":true,"href":"https:\/\/raspberrypi.dk\/fi\/wp-json\/wp\/v2\/comments?post=241747"}],"wp:featuredmedia":[{"embeddable":true,"href":"https:\/\/raspberrypi.dk\/fi\/wp-json\/wp\/v2\/media\/249696"}],"wp:attachment":[{"href":"https:\/\/raspberrypi.dk\/fi\/wp-json\/wp\/v2\/media?parent=241747"}],"wp:term":[{"taxonomy":"product_brand","embeddable":true,"href":"https:\/\/raspberrypi.dk\/fi\/wp-json\/wp\/v2\/product_brand?post=241747"},{"taxonomy":"product_cat","embeddable":true,"href":"https:\/\/raspberrypi.dk\/fi\/wp-json\/wp\/v2\/product_cat?post=241747"},{"taxonomy":"product_tag","embeddable":true,"href":"https:\/\/raspberrypi.dk\/fi\/wp-json\/wp\/v2\/product_tag?post=241747"}],"curies":[{"name":"wp","href":"https:\/\/api.w.org\/{rel}","templated":true}]}}