{"id":246976,"date":"2025-01-09T08:00:01","date_gmt":"2025-01-09T07:00:01","guid":{"rendered":"https:\/\/raspberrypi.dk\/?post_type=product&#038;p=246976"},"modified":"2026-04-05T14:47:01","modified_gmt":"2026-04-05T12:47:01","slug":"raspberry-pi-5-16-gb","status":"publish","type":"product","link":"https:\/\/raspberrypi.dk\/fi\/tuote\/raspberry-pi-5-16-gb\/","title":{"rendered":"Raspberry Pi 5 &#8211; 16 GB"},"content":{"rendered":"<div class=\"page\" title=\"Page 2\">\n<div class=\"layoutArea\">\n<div class=\"column\">\n<p>Tarvitseeko yrityksesi suuremman m\u00e4\u00e4r\u00e4n Raspberry Pi 5:t\u00e4 tai apua Raspberry Pi -laitteiston\/-ohjelmiston kanssa? <a href=\"https:\/\/raspberrypi.dk\/fi\/b2b-myynti\/\">Ota meihin yhteytt\u00e4 t\u00e4st\u00e4.<\/a><\/p>\n<button data-id=\"155958\" data-post_id=\"246976\" data-form_style=\"1\" data-allow_outside_click=\"\" data-width=\"50%\" data-popup_type=\"on_button_click\" class=\"wpb-pcf-form-fire wpb-pcf-btn-large wpb-pcf-btn wpb-pcf-btn-default\">Request Quote (B2B)<\/button>\n<p>&nbsp;<\/p>\n<p>T\u00e4m\u00e4 on <strong>Raspberry Pi 5<\/strong>, jossa on <strong>16 GB RAM-muistia<\/strong>.<\/p>\n<p>64-bittisell\u00e4 neliytimisell\u00e4 Arm Cortex-A76 -prosessorilla, jonka kellotaajuus on 2,4 GHz, Raspberry Pi 5 tarjoaa 2\u20133-kertaisen prosessorin suorituskyvyn Raspberry Pi 4 verrattuna. Sen lis\u00e4ksi, ett\u00e4 800 MHz:n VideoCore parantaa grafiikan suorituskyky\u00e4 merkitt\u00e4v\u00e4sti VII GPU; kaksi 4Kp60-n\u00e4ytt\u00f6l\u00e4ht\u00f6\u00e4 HDMI: kautta; ja uusimman Raspberry Pi -kuvasignaaliprosessorin uusinta kameratukea, se tarjoaa sujuvan ty\u00f6p\u00f6yt\u00e4kokemuksen kuluttajille ja avaa oven uusille sovelluksille teollisuusasiakkaille.<\/p>\n<p>Ensimm\u00e4ist\u00e4 kertaa t\u00e4m\u00e4 on t\u00e4ysikokoinen Raspberry Pi -tietokone, joka k\u00e4ytt\u00e4\u00e4 Raspberry Pi sis\u00e4ist\u00e4 piit\u00e4. RP1 &#8221;southbridge&#8221; tarjoaa suurimman osan Raspberry Pi 5 I\/O-ominaisuuksista ja tarjoaa askeleen muutoksen oheislaitteiden suorituskykyyn ja toimivuuteen. USB:n kokonaiskaistanleveys on yli kaksinkertaistunut, mik\u00e4 tarjoaa nopeammat siirtonopeudet ulkoisille UAS-asemille ja muille nopeille oheislaitteille; aiemmissa malleissa l\u00f6ydetyt kaksikaistaiset 1 Gbps MIPI-kamera- ja n\u00e4ytt\u00f6liit\u00e4nn\u00e4t on korvattu parilla nelikaistaisella 1,5 Gbps MIPI-l\u00e4hetin-vastaanottimella, jotka kolminkertaistavat kokonaiskaistanleveyden ja tukevat mit\u00e4 tahansa enint\u00e4\u00e4n kahden kameran tai n\u00e4yt\u00f6n yhdistelm\u00e4\u00e4; SD-kortin huippusuorituskyky kaksinkertaistuu nopean SDR104-tilan tuen ansiosta; ja ensimm\u00e4ist\u00e4 kertaa alustassa on nyt yksikaistainen PCI Express 2.0 -liit\u00e4nt\u00e4, joka tukee suuren kaistanleveyden oheislaitteita.<\/p>\n<p><strong>Tekniset tiedot<\/strong><\/p>\n<p><strong>Processor:<\/strong> Broadcom BCM2712 2.4GHz quad-core 64-bit Arm Cortex-A76 CPU, with cryptography extensions, 512KB per-core L2 caches, and a 2MB shared L3 cache<\/p>\n<p><strong>Features:<\/strong><\/p>\n<ul>\n<li>VideoCore VII GPU, supporting OpenGL ES 3.1, Vulkan 1.2 \u2022 Dual 4Kp60 HDMI\u00ae display output with HDR support<\/li>\n<li>4Kp60 HEVC decoder<\/li>\n<li>LPDDR4X-4267 SDRAM (4GB and 8GB SKUs available at launch)<\/li>\n<li>Dual-band 802.11ac Wi-Fi\u00ae<\/li>\n<li>Bluetooth 5.0 \/ Bluetooth Low Energy (BLE)<\/li>\n<li>microSD card slot, with support for high-speed SDR104 mode<\/li>\n<li>2 \u00d7 USB 3.0 ports, supporting simultaneous 5Gbps operation<\/li>\n<li>2 \u00d7 USB 2.0 ports<\/li>\n<li>Gigabit Ethernet, with PoE+ support (requires separate PoE+ HAT)<\/li>\n<li>2 \u00d7 4-lane MIPI camera\/display transceivers<\/li>\n<li>PCIe 2.0 x1 interface for fast peripherals (requires separate M.2 HAT or other adapter)<\/li>\n<li>5V\/5A DC power via USB-C, with Power Delivery support \u2022 Raspberry Pi standard 40-pin header<\/li>\n<li>Real-time clock (RTC), powered from external battery<\/li>\n<li>Power button<\/li>\n<\/ul>\n<p><strong>Raspberry Pi 5 yleiskatsaus<\/strong><\/p>\n<p><a href=\"https:\/\/raspberrypi.dk\/wp-content\/uploads\/2023\/09\/raspberry-pi-5-overview.png\"><img decoding=\"async\" class=\"aligncenter wp-image-196265 size-full\" src=\"https:\/\/raspberrypi.dk\/wp-content\/uploads\/2023\/09\/raspberry-pi-5-overview.png\" alt=\"raspberry pi 5 overview\" width=\"1576\" height=\"901\" srcset=\"https:\/\/raspberrypi.dk\/wp-content\/uploads\/2023\/09\/raspberry-pi-5-overview.png 1576w, https:\/\/raspberrypi.dk\/wp-content\/uploads\/2023\/09\/raspberry-pi-5-overview-500x286.png 500w, https:\/\/raspberrypi.dk\/wp-content\/uploads\/2023\/09\/raspberry-pi-5-overview-1024x585.png 1024w, https:\/\/raspberrypi.dk\/wp-content\/uploads\/2023\/09\/raspberry-pi-5-overview-768x439.png 768w, https:\/\/raspberrypi.dk\/wp-content\/uploads\/2023\/09\/raspberry-pi-5-overview-1536x878.png 1536w, https:\/\/raspberrypi.dk\/wp-content\/uploads\/2023\/09\/raspberry-pi-5-overview-24x14.png 24w, https:\/\/raspberrypi.dk\/wp-content\/uploads\/2023\/09\/raspberry-pi-5-overview-36x21.png 36w, https:\/\/raspberrypi.dk\/wp-content\/uploads\/2023\/09\/raspberry-pi-5-overview-48x27.png 48w, https:\/\/raspberrypi.dk\/wp-content\/uploads\/2023\/09\/raspberry-pi-5-overview-457x261.png 457w\" sizes=\"(max-width: 1576px) 100vw, 1576px\" \/><\/a><\/p>\n<p><strong>Fyysiset mitat<\/strong><\/p>\n<p><a href=\"https:\/\/raspberrypi.dk\/wp-content\/uploads\/2023\/09\/dimensioner-pi-5.jpg\"><img decoding=\"async\" class=\"aligncenter wp-image-196201 size-full\" src=\"https:\/\/raspberrypi.dk\/wp-content\/uploads\/2023\/09\/dimensioner-pi-5.jpg\" alt=\"dimensions raspberry pi 5\" width=\"1391\" height=\"1123\" srcset=\"https:\/\/raspberrypi.dk\/wp-content\/uploads\/2023\/09\/dimensioner-pi-5.jpg 1391w, https:\/\/raspberrypi.dk\/wp-content\/uploads\/2023\/09\/dimensioner-pi-5-500x404.jpg 500w, https:\/\/raspberrypi.dk\/wp-content\/uploads\/2023\/09\/dimensioner-pi-5-1024x827.jpg 1024w, https:\/\/raspberrypi.dk\/wp-content\/uploads\/2023\/09\/dimensioner-pi-5-768x620.jpg 768w, https:\/\/raspberrypi.dk\/wp-content\/uploads\/2023\/09\/dimensioner-pi-5-24x19.jpg 24w, https:\/\/raspberrypi.dk\/wp-content\/uploads\/2023\/09\/dimensioner-pi-5-36x29.jpg 36w, https:\/\/raspberrypi.dk\/wp-content\/uploads\/2023\/09\/dimensioner-pi-5-48x39.jpg 48w, https:\/\/raspberrypi.dk\/wp-content\/uploads\/2023\/09\/dimensioner-pi-5-457x369.jpg 457w\" sizes=\"(max-width: 1391px) 100vw, 1391px\" \/><\/a><\/p>\n<\/div>\n<\/div>\n<\/div>\n","protected":false},"excerpt":{"rendered":"<p>Tervetuloa k\u00e4ytt\u00e4m\u00e4\u00e4n uusimman sukupolven Raspberry Pi:t\u00e4: Raspberry Pi 5 &#8211; 16 Gt RAM-muistia!<\/p>\n<p><a href=\"https:\/\/raspberrypi.dk\/fi\/tuote\/raspberry-pi-5-starter-kit\/\">Raspberry Pi 5 Starter Kit<\/a> on VARASTOSSA <a href=\"https:\/\/raspberrypi.dk\/fi\/tuote\/raspberry-pi-5-starter-kit\/\">t\u00e4\u00e4ll\u00e4.<\/a><\/p>\n","protected":false},"featured_media":219772,"comment_status":"open","ping_status":"closed","template":"","meta":[],"product_brand":[],"product_cat":[738],"product_tag":[718],"class_list":{"0":"post-246976","1":"product","2":"type-product","3":"status-publish","4":"has-post-thumbnail","6":"product_cat-raspberry-pi","7":"product_tag-rpi5-fi","9":"first","10":"instock","11":"taxable","12":"shipping-taxable","13":"purchasable","14":"product-type-simple"},"composite_virtual":false,"composite_layout":"","composite_add_to_cart_form_location":"","composite_editable_in_cart":false,"composite_sold_individually_context":"","composite_shop_price_calc":"","composite_components":[],"composite_scenarios":[],"bundled_by":[],"bundle_stock_status":"instock","bundle_stock_quantity":367,"bundle_virtual":false,"bundle_layout":"","bundle_add_to_cart_form_location":"","bundle_editable_in_cart":false,"bundle_sold_individually_context":"","bundle_item_grouping":"","bundle_min_size":"","bundle_max_size":"","bundle_price":[],"bundled_items":[],"bundle_sell_ids":[219840,219835],"yoast_head":"<!-- This site is optimized with the Yoast SEO plugin v27.1.1 - https:\/\/yoast.com\/product\/yoast-seo-wordpress\/ -->\n<title>Raspberry Pi 5 - 16 GB \u2022 RaspberryPi.dk<\/title>\n<meta name=\"robots\" content=\"index, follow, max-snippet:-1, max-image-preview:large, max-video-preview:-1\" \/>\n<link rel=\"canonical\" href=\"https:\/\/raspberrypi.dk\/fi\/tuote\/raspberry-pi-5-16-gb\/\" \/>\n<meta property=\"og:locale\" content=\"fi_FI\" \/>\n<meta property=\"og:type\" content=\"article\" \/>\n<meta property=\"og:title\" content=\"Raspberry Pi 5 - 16 GB \u2022 RaspberryPi.dk\" \/>\n<meta property=\"og:description\" content=\"Tervetuloa k\u00e4ytt\u00e4m\u00e4\u00e4n uusimman sukupolven Raspberry Pi:t\u00e4: Raspberry Pi 5 - 16 Gt RAM-muistia!  Raspberry Pi 5 Starter Kit on VARASTOSSA t\u00e4\u00e4ll\u00e4.\" \/>\n<meta property=\"og:url\" content=\"https:\/\/raspberrypi.dk\/fi\/tuote\/raspberry-pi-5-16-gb\/\" \/>\n<meta property=\"og:site_name\" content=\"RaspberryPi.dk\" \/>\n<meta property=\"article:publisher\" content=\"https:\/\/facebook.com\/RaspberryPiDanmark\" \/>\n<meta property=\"article:modified_time\" content=\"2026-04-05T12:47:01+00:00\" \/>\n<meta property=\"og:image\" content=\"https:\/\/raspberrypi.dk\/wp-content\/uploads\/2023\/09\/PI_5_HERO-1024x683.png\" \/>\n\t<meta property=\"og:image:width\" content=\"1024\" \/>\n\t<meta property=\"og:image:height\" content=\"683\" \/>\n\t<meta property=\"og:image:type\" content=\"image\/png\" \/>\n<meta name=\"twitter:card\" content=\"summary_large_image\" \/>\n<meta name=\"twitter:site\" content=\"@raspberrypidk\" \/>\n<meta name=\"twitter:label1\" content=\"Arvioitu lukuaika\" \/>\n\t<meta name=\"twitter:data1\" content=\"3 minuuttia\" \/>\n<script type=\"application\/ld+json\" class=\"yoast-schema-graph\">{\"@context\":\"https:\/\/schema.org\",\"@graph\":[{\"@type\":\"WebPage\",\"@id\":\"https:\/\/raspberrypi.dk\/fi\/tuote\/raspberry-pi-5-16-gb\/\",\"url\":\"https:\/\/raspberrypi.dk\/fi\/tuote\/raspberry-pi-5-16-gb\/\",\"name\":\"Raspberry Pi 5 - 16 GB \u2022 RaspberryPi.dk\",\"isPartOf\":{\"@id\":\"https:\/\/raspberrypi.dk\/fi\/#website\"},\"primaryImageOfPage\":{\"@id\":\"https:\/\/raspberrypi.dk\/fi\/tuote\/raspberry-pi-5-16-gb\/#primaryimage\"},\"image\":{\"@id\":\"https:\/\/raspberrypi.dk\/fi\/tuote\/raspberry-pi-5-16-gb\/#primaryimage\"},\"thumbnailUrl\":\"https:\/\/raspberrypi.dk\/wp-content\/uploads\/2023\/09\/PI_5_HERO.png\",\"datePublished\":\"2025-01-09T07:00:01+00:00\",\"dateModified\":\"2026-04-05T12:47:01+00:00\",\"breadcrumb\":{\"@id\":\"https:\/\/raspberrypi.dk\/fi\/tuote\/raspberry-pi-5-16-gb\/#breadcrumb\"},\"inLanguage\":\"fi\",\"potentialAction\":[{\"@type\":\"ReadAction\",\"target\":[\"https:\/\/raspberrypi.dk\/fi\/tuote\/raspberry-pi-5-16-gb\/\"]}]},{\"@type\":\"ImageObject\",\"inLanguage\":\"fi\",\"@id\":\"https:\/\/raspberrypi.dk\/fi\/tuote\/raspberry-pi-5-16-gb\/#primaryimage\",\"url\":\"https:\/\/raspberrypi.dk\/wp-content\/uploads\/2023\/09\/PI_5_HERO.png\",\"contentUrl\":\"https:\/\/raspberrypi.dk\/wp-content\/uploads\/2023\/09\/PI_5_HERO.png\",\"width\":1920,\"height\":1280,\"caption\":\"Raspberry Pi 5\"},{\"@type\":\"BreadcrumbList\",\"@id\":\"https:\/\/raspberrypi.dk\/fi\/tuote\/raspberry-pi-5-16-gb\/#breadcrumb\",\"itemListElement\":[{\"@type\":\"ListItem\",\"position\":1,\"name\":\"Hjem\",\"item\":\"https:\/\/raspberrypi.dk\/fi\/raspberry-pi-verkkokauppa\/\"},{\"@type\":\"ListItem\",\"position\":2,\"name\":\"Shop\",\"item\":\"https:\/\/raspberrypi.dk\/fi\/shop-2\/\"},{\"@type\":\"ListItem\",\"position\":3,\"name\":\"Raspberry Pi 5 &#8211; 16 GB\"}]},{\"@type\":\"WebSite\",\"@id\":\"https:\/\/raspberrypi.dk\/fi\/#website\",\"url\":\"https:\/\/raspberrypi.dk\/fi\/\",\"name\":\"RaspberryPi.dk\",\"description\":\"Danmarks f\u00f8rende Raspberry Pi side!\",\"publisher\":{\"@id\":\"https:\/\/raspberrypi.dk\/fi\/#organization\"},\"potentialAction\":[{\"@type\":\"SearchAction\",\"target\":{\"@type\":\"EntryPoint\",\"urlTemplate\":\"https:\/\/raspberrypi.dk\/fi\/?s={search_term_string}\"},\"query-input\":{\"@type\":\"PropertyValueSpecification\",\"valueRequired\":true,\"valueName\":\"search_term_string\"}}],\"inLanguage\":\"fi\"},{\"@type\":\"Organization\",\"@id\":\"https:\/\/raspberrypi.dk\/fi\/#organization\",\"name\":\"RaspberryPi.dk\",\"url\":\"https:\/\/raspberrypi.dk\/fi\/\",\"logo\":{\"@type\":\"ImageObject\",\"inLanguage\":\"fi\",\"@id\":\"https:\/\/raspberrypi.dk\/fi\/#\/schema\/logo\/image\/\",\"url\":\"https:\/\/raspberrypi.dk\/wp-content\/uploads\/2017\/05\/RaspberryPidk_logo-2.png\",\"contentUrl\":\"https:\/\/raspberrypi.dk\/wp-content\/uploads\/2017\/05\/RaspberryPidk_logo-2.png\",\"width\":470,\"height\":110,\"caption\":\"RaspberryPi.dk\"},\"image\":{\"@id\":\"https:\/\/raspberrypi.dk\/fi\/#\/schema\/logo\/image\/\"},\"sameAs\":[\"https:\/\/facebook.com\/RaspberryPiDanmark\",\"https:\/\/x.com\/raspberrypidk\",\"https:\/\/instagram.com\/raspberrypi.dk\"]}]}<\/script>\n<!-- \/ Yoast SEO plugin. -->","yoast_head_json":{"title":"Raspberry Pi 5 - 16 GB \u2022 RaspberryPi.dk","robots":{"index":"index","follow":"follow","max-snippet":"max-snippet:-1","max-image-preview":"max-image-preview:large","max-video-preview":"max-video-preview:-1"},"canonical":"https:\/\/raspberrypi.dk\/fi\/tuote\/raspberry-pi-5-16-gb\/","og_locale":"fi_FI","og_type":"article","og_title":"Raspberry Pi 5 - 16 GB \u2022 RaspberryPi.dk","og_description":"Tervetuloa k\u00e4ytt\u00e4m\u00e4\u00e4n uusimman sukupolven Raspberry Pi:t\u00e4: Raspberry Pi 5 - 16 Gt RAM-muistia!  Raspberry Pi 5 Starter Kit on VARASTOSSA t\u00e4\u00e4ll\u00e4.","og_url":"https:\/\/raspberrypi.dk\/fi\/tuote\/raspberry-pi-5-16-gb\/","og_site_name":"RaspberryPi.dk","article_publisher":"https:\/\/facebook.com\/RaspberryPiDanmark","article_modified_time":"2026-04-05T12:47:01+00:00","og_image":[{"width":1024,"height":683,"url":"https:\/\/raspberrypi.dk\/wp-content\/uploads\/2023\/09\/PI_5_HERO-1024x683.png","type":"image\/png"}],"twitter_card":"summary_large_image","twitter_site":"@raspberrypidk","twitter_misc":{"Arvioitu lukuaika":"3 minuuttia"},"schema":{"@context":"https:\/\/schema.org","@graph":[{"@type":"WebPage","@id":"https:\/\/raspberrypi.dk\/fi\/tuote\/raspberry-pi-5-16-gb\/","url":"https:\/\/raspberrypi.dk\/fi\/tuote\/raspberry-pi-5-16-gb\/","name":"Raspberry Pi 5 - 16 GB \u2022 RaspberryPi.dk","isPartOf":{"@id":"https:\/\/raspberrypi.dk\/fi\/#website"},"primaryImageOfPage":{"@id":"https:\/\/raspberrypi.dk\/fi\/tuote\/raspberry-pi-5-16-gb\/#primaryimage"},"image":{"@id":"https:\/\/raspberrypi.dk\/fi\/tuote\/raspberry-pi-5-16-gb\/#primaryimage"},"thumbnailUrl":"https:\/\/raspberrypi.dk\/wp-content\/uploads\/2023\/09\/PI_5_HERO.png","datePublished":"2025-01-09T07:00:01+00:00","dateModified":"2026-04-05T12:47:01+00:00","breadcrumb":{"@id":"https:\/\/raspberrypi.dk\/fi\/tuote\/raspberry-pi-5-16-gb\/#breadcrumb"},"inLanguage":"fi","potentialAction":[{"@type":"ReadAction","target":["https:\/\/raspberrypi.dk\/fi\/tuote\/raspberry-pi-5-16-gb\/"]}]},{"@type":"ImageObject","inLanguage":"fi","@id":"https:\/\/raspberrypi.dk\/fi\/tuote\/raspberry-pi-5-16-gb\/#primaryimage","url":"https:\/\/raspberrypi.dk\/wp-content\/uploads\/2023\/09\/PI_5_HERO.png","contentUrl":"https:\/\/raspberrypi.dk\/wp-content\/uploads\/2023\/09\/PI_5_HERO.png","width":1920,"height":1280,"caption":"Raspberry Pi 5"},{"@type":"BreadcrumbList","@id":"https:\/\/raspberrypi.dk\/fi\/tuote\/raspberry-pi-5-16-gb\/#breadcrumb","itemListElement":[{"@type":"ListItem","position":1,"name":"Hjem","item":"https:\/\/raspberrypi.dk\/fi\/raspberry-pi-verkkokauppa\/"},{"@type":"ListItem","position":2,"name":"Shop","item":"https:\/\/raspberrypi.dk\/fi\/shop-2\/"},{"@type":"ListItem","position":3,"name":"Raspberry Pi 5 &#8211; 16 GB"}]},{"@type":"WebSite","@id":"https:\/\/raspberrypi.dk\/fi\/#website","url":"https:\/\/raspberrypi.dk\/fi\/","name":"RaspberryPi.dk","description":"Danmarks f\u00f8rende Raspberry Pi side!","publisher":{"@id":"https:\/\/raspberrypi.dk\/fi\/#organization"},"potentialAction":[{"@type":"SearchAction","target":{"@type":"EntryPoint","urlTemplate":"https:\/\/raspberrypi.dk\/fi\/?s={search_term_string}"},"query-input":{"@type":"PropertyValueSpecification","valueRequired":true,"valueName":"search_term_string"}}],"inLanguage":"fi"},{"@type":"Organization","@id":"https:\/\/raspberrypi.dk\/fi\/#organization","name":"RaspberryPi.dk","url":"https:\/\/raspberrypi.dk\/fi\/","logo":{"@type":"ImageObject","inLanguage":"fi","@id":"https:\/\/raspberrypi.dk\/fi\/#\/schema\/logo\/image\/","url":"https:\/\/raspberrypi.dk\/wp-content\/uploads\/2017\/05\/RaspberryPidk_logo-2.png","contentUrl":"https:\/\/raspberrypi.dk\/wp-content\/uploads\/2017\/05\/RaspberryPidk_logo-2.png","width":470,"height":110,"caption":"RaspberryPi.dk"},"image":{"@id":"https:\/\/raspberrypi.dk\/fi\/#\/schema\/logo\/image\/"},"sameAs":["https:\/\/facebook.com\/RaspberryPiDanmark","https:\/\/x.com\/raspberrypidk","https:\/\/instagram.com\/raspberrypi.dk"]}]}},"_links":{"self":[{"href":"https:\/\/raspberrypi.dk\/fi\/wp-json\/wp\/v2\/product\/246976","targetHints":{"allow":["GET"]}}],"collection":[{"href":"https:\/\/raspberrypi.dk\/fi\/wp-json\/wp\/v2\/product"}],"about":[{"href":"https:\/\/raspberrypi.dk\/fi\/wp-json\/wp\/v2\/types\/product"}],"replies":[{"embeddable":true,"href":"https:\/\/raspberrypi.dk\/fi\/wp-json\/wp\/v2\/comments?post=246976"}],"wp:featuredmedia":[{"embeddable":true,"href":"https:\/\/raspberrypi.dk\/fi\/wp-json\/wp\/v2\/media\/219772"}],"wp:attachment":[{"href":"https:\/\/raspberrypi.dk\/fi\/wp-json\/wp\/v2\/media?parent=246976"}],"wp:term":[{"taxonomy":"product_brand","embeddable":true,"href":"https:\/\/raspberrypi.dk\/fi\/wp-json\/wp\/v2\/product_brand?post=246976"},{"taxonomy":"product_cat","embeddable":true,"href":"https:\/\/raspberrypi.dk\/fi\/wp-json\/wp\/v2\/product_cat?post=246976"},{"taxonomy":"product_tag","embeddable":true,"href":"https:\/\/raspberrypi.dk\/fi\/wp-json\/wp\/v2\/product_tag?post=246976"}],"curies":[{"name":"wp","href":"https:\/\/api.w.org\/{rel}","templated":true}]}}