{"id":258711,"date":"2024-12-23T10:20:12","date_gmt":"2024-12-23T09:20:12","guid":{"rendered":"https:\/\/raspberrypi.dk\/produkt\/compute-blade-rack-kit\/"},"modified":"2025-05-31T16:04:59","modified_gmt":"2025-05-31T14:04:59","slug":"compute-blade-rack-kit","status":"publish","type":"product","link":"https:\/\/raspberrypi.dk\/fi\/tuote\/compute-blade-rack-kit\/","title":{"rendered":"Compute Blade Rack Kit"},"content":{"rendered":"<h2>Kit contents:<\/h2>\n<ul>\n<li>5 x Uptime Industries Compute Blade Dev (maximum features version, can be used to flash the compute module)<\/li>\n<li>15 x Uptime Industries Compute Blade TPM (includes TPM module for hardware cryptography)<\/li>\n<li>10 x Compute Blade FAN (SMART)<\/li>\n<li>20 x CM4 Compute Blade Heatsink (choose colour)<\/li>\n<li>1 x BladeRunner 19&#8221; rack case for Compute Blades<\/li>\n<\/ul>\n<p><strong>Notes:<\/strong><\/p>\n<ul>\n<li>CM4 or CM5 are\u00a0<strong>not\u00a0<\/strong>included in this Starter Kit, and need to be purchased separately &#8211; we offer a variety of choices<\/li>\n<li><strong>The Compute Blade Heatsinks are NOT compatible with CM5<\/strong>, as it has a different height profile<\/li>\n<\/ul>\n","protected":false},"excerpt":{"rendered":"<p>T\u00e4m\u00e4 sarja on t\u00e4ydellinen ammattik\u00e4ytt\u00e4jille. K\u00e4yt\u00e4 Compute Bladea 19 tuuman telineratkaisuna. Sis\u00e4lt\u00e4\u00e4 19&#8243; kotelon!<\/p>\n","protected":false},"featured_media":258708,"comment_status":"open","ping_status":"closed","template":"","meta":[],"product_brand":[],"product_cat":[729],"product_tag":[],"class_list":{"0":"post-258711","1":"product","2":"type-product","3":"status-publish","4":"has-post-thumbnail","6":"product_cat-teollinen-raspberry-pi-fi","8":"first","9":"instock","10":"sale","11":"taxable","12":"shipping-taxable","13":"purchasable","14":"product-type-bundle"},"composite_virtual":false,"composite_layout":"","composite_add_to_cart_form_location":"","composite_editable_in_cart":false,"composite_sold_individually_context":"","composite_shop_price_calc":"","composite_components":[],"composite_scenarios":[],"bundled_by":[],"bundle_stock_status":"insufficientstock","bundle_stock_quantity":0,"bundle_virtual":false,"bundle_layout":"default","bundle_add_to_cart_form_location":"default","bundle_editable_in_cart":false,"bundle_sold_individually_context":"product","bundle_item_grouping":"parent","bundle_min_size":"","bundle_max_size":"","bundle_price":{"price":{"min":{"incl_tax":"2408.41","excl_tax":"1926.728"},"max":{"incl_tax":"2408.41","excl_tax":"1926.728"}},"regular_price":{"min":{"incl_tax":"2714.83","excl_tax":"2171.864"},"max":{"incl_tax":"2714.83","excl_tax":"2171.864"}}},"bundled_items":[{"bundled_item_id":1336,"product_id":228663,"menu_order":0,"quantity_min":5,"quantity_max":5,"quantity_default":5,"priced_individually":false,"shipped_individually":false,"override_title":false,"title":"Compute Blade DEV","override_description":false,"description":"Compute Blade DEV","optional":false,"hide_thumbnail":false,"discount":"","override_variations":false,"allowed_variations":[""],"override_default_variation_attributes":false,"default_variation_attributes":[],"single_product_visibility":"visible","cart_visibility":"visible","order_visibility":"visible","single_product_price_visibility":"visible","cart_price_visibility":"visible","order_price_visibility":"visible","stock_status":"in_stock"},{"bundled_item_id":1337,"product_id":250455,"menu_order":1,"quantity_min":15,"quantity_max":15,"quantity_default":15,"priced_individually":false,"shipped_individually":false,"override_title":false,"title":"Compute Blade TPM","override_description":false,"description":"Compute Blade TPM","optional":false,"hide_thumbnail":false,"discount":"","override_variations":false,"allowed_variations":[""],"override_default_variation_attributes":false,"default_variation_attributes":[],"single_product_visibility":"visible","cart_visibility":"visible","order_visibility":"visible","single_product_price_visibility":"visible","cart_price_visibility":"visible","order_price_visibility":"visible","stock_status":"out_of_stock"},{"bundled_item_id":1338,"product_id":228691,"menu_order":2,"quantity_min":10,"quantity_max":10,"quantity_default":10,"priced_individually":false,"shipped_individually":false,"override_title":false,"title":"Fan Unit Smart til Compute Blade","override_description":false,"description":"Fan Unit Smart til Compute Blade","optional":false,"hide_thumbnail":false,"discount":"","override_variations":false,"allowed_variations":[""],"override_default_variation_attributes":false,"default_variation_attributes":[],"single_product_visibility":"visible","cart_visibility":"visible","order_visibility":"visible","single_product_price_visibility":"visible","cart_price_visibility":"visible","order_price_visibility":"visible","stock_status":"in_stock"},{"bundled_item_id":1339,"product_id":228693,"menu_order":3,"quantity_min":5,"quantity_max":5,"quantity_default":5,"priced_individually":false,"shipped_individually":false,"override_title":false,"title":"Heat Sink Compute Blade with CM4","override_description":false,"description":"Heat Sink Compute Blade with CM4","optional":false,"hide_thumbnail":false,"discount":"","override_variations":true,"allowed_variations":[245409],"override_default_variation_attributes":true,"default_variation_attributes":[{"id":0,"name":"Farve","option":"Punainen"}],"single_product_visibility":"visible","cart_visibility":"visible","order_visibility":"visible","single_product_price_visibility":"visible","cart_price_visibility":"visible","order_price_visibility":"visible","stock_status":"in_stock"},{"bundled_item_id":1356,"product_id":228693,"menu_order":3,"quantity_min":15,"quantity_max":15,"quantity_default":15,"priced_individually":false,"shipped_individually":false,"override_title":false,"title":"Heat Sink Compute Blade with CM4","override_description":false,"description":"Heat Sink Compute Blade with CM4","optional":false,"hide_thumbnail":false,"discount":"","override_variations":true,"allowed_variations":[245410],"override_default_variation_attributes":true,"default_variation_attributes":[{"id":0,"name":"Farve","option":"Sininen"}],"single_product_visibility":"visible","cart_visibility":"visible","order_visibility":"visible","single_product_price_visibility":"visible","cart_price_visibility":"visible","order_price_visibility":"visible","stock_status":"in_stock"},{"bundled_item_id":1340,"product_id":228686,"menu_order":4,"quantity_min":1,"quantity_max":1,"quantity_default":1,"priced_individually":false,"shipped_individually":false,"override_title":false,"title":"BladeRunner 19inch","override_description":false,"description":"BladeRunner 19inch","optional":false,"hide_thumbnail":false,"discount":"","override_variations":false,"allowed_variations":[""],"override_default_variation_attributes":false,"default_variation_attributes":[],"single_product_visibility":"visible","cart_visibility":"visible","order_visibility":"visible","single_product_price_visibility":"visible","cart_price_visibility":"visible","order_price_visibility":"visible","stock_status":"in_stock"}],"bundle_sell_ids":[],"yoast_head":"<!-- This site is optimized with the Yoast SEO plugin v27.1.1 - https:\/\/yoast.com\/product\/yoast-seo-wordpress\/ -->\n<title>Compute Blade Rack Kit \u2022 RaspberryPi.dk<\/title>\n<meta name=\"robots\" content=\"index, follow, max-snippet:-1, max-image-preview:large, max-video-preview:-1\" \/>\n<link rel=\"canonical\" href=\"https:\/\/raspberrypi.dk\/fi\/tuote\/compute-blade-rack-kit\/\" \/>\n<meta property=\"og:locale\" content=\"fi_FI\" \/>\n<meta property=\"og:type\" content=\"article\" \/>\n<meta property=\"og:title\" content=\"Compute Blade Rack Kit \u2022 RaspberryPi.dk\" \/>\n<meta property=\"og:description\" content=\"T\u00e4m\u00e4 sarja on t\u00e4ydellinen ammattik\u00e4ytt\u00e4jille. K\u00e4yt\u00e4 Compute Bladea 19 tuuman telineratkaisuna. Sis\u00e4lt\u00e4\u00e4 19&quot; kotelon!\" \/>\n<meta property=\"og:url\" content=\"https:\/\/raspberrypi.dk\/fi\/tuote\/compute-blade-rack-kit\/\" \/>\n<meta property=\"og:site_name\" content=\"RaspberryPi.dk\" \/>\n<meta property=\"article:publisher\" content=\"https:\/\/facebook.com\/RaspberryPiDanmark\" \/>\n<meta property=\"article:modified_time\" content=\"2025-05-31T14:04:59+00:00\" \/>\n<meta property=\"og:image\" content=\"https:\/\/raspberrypi.dk\/wp-content\/uploads\/2024\/12\/Compute-Blade-Rack-Kit-2024-FlashSale.jpg\" \/>\n\t<meta property=\"og:image:width\" content=\"1600\" \/>\n\t<meta property=\"og:image:height\" content=\"1080\" \/>\n\t<meta property=\"og:image:type\" content=\"image\/jpeg\" \/>\n<meta name=\"twitter:card\" content=\"summary_large_image\" \/>\n<meta name=\"twitter:site\" content=\"@raspberrypidk\" \/>\n<script type=\"application\/ld+json\" class=\"yoast-schema-graph\">{\"@context\":\"https:\/\/schema.org\",\"@graph\":[{\"@type\":\"WebPage\",\"@id\":\"https:\/\/raspberrypi.dk\/fi\/tuote\/compute-blade-rack-kit\/\",\"url\":\"https:\/\/raspberrypi.dk\/fi\/tuote\/compute-blade-rack-kit\/\",\"name\":\"Compute Blade Rack Kit \u2022 RaspberryPi.dk\",\"isPartOf\":{\"@id\":\"https:\/\/raspberrypi.dk\/fi\/#website\"},\"primaryImageOfPage\":{\"@id\":\"https:\/\/raspberrypi.dk\/fi\/tuote\/compute-blade-rack-kit\/#primaryimage\"},\"image\":{\"@id\":\"https:\/\/raspberrypi.dk\/fi\/tuote\/compute-blade-rack-kit\/#primaryimage\"},\"thumbnailUrl\":\"https:\/\/raspberrypi.dk\/wp-content\/uploads\/2024\/12\/Compute-Blade-Rack-Kit-2024-FlashSale.jpg\",\"datePublished\":\"2024-12-23T09:20:12+00:00\",\"dateModified\":\"2025-05-31T14:04:59+00:00\",\"breadcrumb\":{\"@id\":\"https:\/\/raspberrypi.dk\/fi\/tuote\/compute-blade-rack-kit\/#breadcrumb\"},\"inLanguage\":\"fi\",\"potentialAction\":[{\"@type\":\"ReadAction\",\"target\":[\"https:\/\/raspberrypi.dk\/fi\/tuote\/compute-blade-rack-kit\/\"]}]},{\"@type\":\"ImageObject\",\"inLanguage\":\"fi\",\"@id\":\"https:\/\/raspberrypi.dk\/fi\/tuote\/compute-blade-rack-kit\/#primaryimage\",\"url\":\"https:\/\/raspberrypi.dk\/wp-content\/uploads\/2024\/12\/Compute-Blade-Rack-Kit-2024-FlashSale.jpg\",\"contentUrl\":\"https:\/\/raspberrypi.dk\/wp-content\/uploads\/2024\/12\/Compute-Blade-Rack-Kit-2024-FlashSale.jpg\",\"width\":1600,\"height\":1080,\"caption\":\"compute blade rack kit\"},{\"@type\":\"BreadcrumbList\",\"@id\":\"https:\/\/raspberrypi.dk\/fi\/tuote\/compute-blade-rack-kit\/#breadcrumb\",\"itemListElement\":[{\"@type\":\"ListItem\",\"position\":1,\"name\":\"Hjem\",\"item\":\"https:\/\/raspberrypi.dk\/fi\/raspberry-pi-verkkokauppa\/\"},{\"@type\":\"ListItem\",\"position\":2,\"name\":\"Shop\",\"item\":\"https:\/\/raspberrypi.dk\/fi\/shop-2\/\"},{\"@type\":\"ListItem\",\"position\":3,\"name\":\"Compute Blade Rack Kit\"}]},{\"@type\":\"WebSite\",\"@id\":\"https:\/\/raspberrypi.dk\/fi\/#website\",\"url\":\"https:\/\/raspberrypi.dk\/fi\/\",\"name\":\"RaspberryPi.dk\",\"description\":\"Danmarks f\u00f8rende Raspberry Pi side!\",\"publisher\":{\"@id\":\"https:\/\/raspberrypi.dk\/fi\/#organization\"},\"potentialAction\":[{\"@type\":\"SearchAction\",\"target\":{\"@type\":\"EntryPoint\",\"urlTemplate\":\"https:\/\/raspberrypi.dk\/fi\/?s={search_term_string}\"},\"query-input\":{\"@type\":\"PropertyValueSpecification\",\"valueRequired\":true,\"valueName\":\"search_term_string\"}}],\"inLanguage\":\"fi\"},{\"@type\":\"Organization\",\"@id\":\"https:\/\/raspberrypi.dk\/fi\/#organization\",\"name\":\"RaspberryPi.dk\",\"url\":\"https:\/\/raspberrypi.dk\/fi\/\",\"logo\":{\"@type\":\"ImageObject\",\"inLanguage\":\"fi\",\"@id\":\"https:\/\/raspberrypi.dk\/fi\/#\/schema\/logo\/image\/\",\"url\":\"https:\/\/raspberrypi.dk\/wp-content\/uploads\/2017\/05\/RaspberryPidk_logo-2.png\",\"contentUrl\":\"https:\/\/raspberrypi.dk\/wp-content\/uploads\/2017\/05\/RaspberryPidk_logo-2.png\",\"width\":470,\"height\":110,\"caption\":\"RaspberryPi.dk\"},\"image\":{\"@id\":\"https:\/\/raspberrypi.dk\/fi\/#\/schema\/logo\/image\/\"},\"sameAs\":[\"https:\/\/facebook.com\/RaspberryPiDanmark\",\"https:\/\/x.com\/raspberrypidk\",\"https:\/\/instagram.com\/raspberrypi.dk\"]}]}<\/script>\n<!-- \/ Yoast SEO plugin. -->","yoast_head_json":{"title":"Compute Blade Rack Kit \u2022 RaspberryPi.dk","robots":{"index":"index","follow":"follow","max-snippet":"max-snippet:-1","max-image-preview":"max-image-preview:large","max-video-preview":"max-video-preview:-1"},"canonical":"https:\/\/raspberrypi.dk\/fi\/tuote\/compute-blade-rack-kit\/","og_locale":"fi_FI","og_type":"article","og_title":"Compute Blade Rack Kit \u2022 RaspberryPi.dk","og_description":"T\u00e4m\u00e4 sarja on t\u00e4ydellinen ammattik\u00e4ytt\u00e4jille. K\u00e4yt\u00e4 Compute Bladea 19 tuuman telineratkaisuna. Sis\u00e4lt\u00e4\u00e4 19\" kotelon!","og_url":"https:\/\/raspberrypi.dk\/fi\/tuote\/compute-blade-rack-kit\/","og_site_name":"RaspberryPi.dk","article_publisher":"https:\/\/facebook.com\/RaspberryPiDanmark","article_modified_time":"2025-05-31T14:04:59+00:00","og_image":[{"width":1600,"height":1080,"url":"https:\/\/raspberrypi.dk\/wp-content\/uploads\/2024\/12\/Compute-Blade-Rack-Kit-2024-FlashSale.jpg","type":"image\/jpeg"}],"twitter_card":"summary_large_image","twitter_site":"@raspberrypidk","schema":{"@context":"https:\/\/schema.org","@graph":[{"@type":"WebPage","@id":"https:\/\/raspberrypi.dk\/fi\/tuote\/compute-blade-rack-kit\/","url":"https:\/\/raspberrypi.dk\/fi\/tuote\/compute-blade-rack-kit\/","name":"Compute Blade Rack Kit \u2022 RaspberryPi.dk","isPartOf":{"@id":"https:\/\/raspberrypi.dk\/fi\/#website"},"primaryImageOfPage":{"@id":"https:\/\/raspberrypi.dk\/fi\/tuote\/compute-blade-rack-kit\/#primaryimage"},"image":{"@id":"https:\/\/raspberrypi.dk\/fi\/tuote\/compute-blade-rack-kit\/#primaryimage"},"thumbnailUrl":"https:\/\/raspberrypi.dk\/wp-content\/uploads\/2024\/12\/Compute-Blade-Rack-Kit-2024-FlashSale.jpg","datePublished":"2024-12-23T09:20:12+00:00","dateModified":"2025-05-31T14:04:59+00:00","breadcrumb":{"@id":"https:\/\/raspberrypi.dk\/fi\/tuote\/compute-blade-rack-kit\/#breadcrumb"},"inLanguage":"fi","potentialAction":[{"@type":"ReadAction","target":["https:\/\/raspberrypi.dk\/fi\/tuote\/compute-blade-rack-kit\/"]}]},{"@type":"ImageObject","inLanguage":"fi","@id":"https:\/\/raspberrypi.dk\/fi\/tuote\/compute-blade-rack-kit\/#primaryimage","url":"https:\/\/raspberrypi.dk\/wp-content\/uploads\/2024\/12\/Compute-Blade-Rack-Kit-2024-FlashSale.jpg","contentUrl":"https:\/\/raspberrypi.dk\/wp-content\/uploads\/2024\/12\/Compute-Blade-Rack-Kit-2024-FlashSale.jpg","width":1600,"height":1080,"caption":"compute blade rack kit"},{"@type":"BreadcrumbList","@id":"https:\/\/raspberrypi.dk\/fi\/tuote\/compute-blade-rack-kit\/#breadcrumb","itemListElement":[{"@type":"ListItem","position":1,"name":"Hjem","item":"https:\/\/raspberrypi.dk\/fi\/raspberry-pi-verkkokauppa\/"},{"@type":"ListItem","position":2,"name":"Shop","item":"https:\/\/raspberrypi.dk\/fi\/shop-2\/"},{"@type":"ListItem","position":3,"name":"Compute Blade Rack Kit"}]},{"@type":"WebSite","@id":"https:\/\/raspberrypi.dk\/fi\/#website","url":"https:\/\/raspberrypi.dk\/fi\/","name":"RaspberryPi.dk","description":"Danmarks f\u00f8rende Raspberry Pi side!","publisher":{"@id":"https:\/\/raspberrypi.dk\/fi\/#organization"},"potentialAction":[{"@type":"SearchAction","target":{"@type":"EntryPoint","urlTemplate":"https:\/\/raspberrypi.dk\/fi\/?s={search_term_string}"},"query-input":{"@type":"PropertyValueSpecification","valueRequired":true,"valueName":"search_term_string"}}],"inLanguage":"fi"},{"@type":"Organization","@id":"https:\/\/raspberrypi.dk\/fi\/#organization","name":"RaspberryPi.dk","url":"https:\/\/raspberrypi.dk\/fi\/","logo":{"@type":"ImageObject","inLanguage":"fi","@id":"https:\/\/raspberrypi.dk\/fi\/#\/schema\/logo\/image\/","url":"https:\/\/raspberrypi.dk\/wp-content\/uploads\/2017\/05\/RaspberryPidk_logo-2.png","contentUrl":"https:\/\/raspberrypi.dk\/wp-content\/uploads\/2017\/05\/RaspberryPidk_logo-2.png","width":470,"height":110,"caption":"RaspberryPi.dk"},"image":{"@id":"https:\/\/raspberrypi.dk\/fi\/#\/schema\/logo\/image\/"},"sameAs":["https:\/\/facebook.com\/RaspberryPiDanmark","https:\/\/x.com\/raspberrypidk","https:\/\/instagram.com\/raspberrypi.dk"]}]}},"_links":{"self":[{"href":"https:\/\/raspberrypi.dk\/fi\/wp-json\/wp\/v2\/product\/258711","targetHints":{"allow":["GET"]}}],"collection":[{"href":"https:\/\/raspberrypi.dk\/fi\/wp-json\/wp\/v2\/product"}],"about":[{"href":"https:\/\/raspberrypi.dk\/fi\/wp-json\/wp\/v2\/types\/product"}],"replies":[{"embeddable":true,"href":"https:\/\/raspberrypi.dk\/fi\/wp-json\/wp\/v2\/comments?post=258711"}],"wp:featuredmedia":[{"embeddable":true,"href":"https:\/\/raspberrypi.dk\/fi\/wp-json\/wp\/v2\/media\/258708"}],"wp:attachment":[{"href":"https:\/\/raspberrypi.dk\/fi\/wp-json\/wp\/v2\/media?parent=258711"}],"wp:term":[{"taxonomy":"product_brand","embeddable":true,"href":"https:\/\/raspberrypi.dk\/fi\/wp-json\/wp\/v2\/product_brand?post=258711"},{"taxonomy":"product_cat","embeddable":true,"href":"https:\/\/raspberrypi.dk\/fi\/wp-json\/wp\/v2\/product_cat?post=258711"},{"taxonomy":"product_tag","embeddable":true,"href":"https:\/\/raspberrypi.dk\/fi\/wp-json\/wp\/v2\/product_tag?post=258711"}],"curies":[{"name":"wp","href":"https:\/\/api.w.org\/{rel}","templated":true}]}}