{"id":271780,"date":"2025-02-17T13:39:09","date_gmt":"2025-02-17T12:39:09","guid":{"rendered":"https:\/\/raspberrypi.dk\/?post_type=product&#038;p=271780"},"modified":"2025-11-26T11:12:30","modified_gmt":"2025-11-26T10:12:30","slug":"argon-one-v5-case-raspberry-pi-5","status":"publish","type":"product","link":"https:\/\/raspberrypi.dk\/fi\/tuote\/argon-one-v5-case-raspberry-pi-5\/","title":{"rendered":"Argon ONE V5 Case Raspberry Pi 5"},"content":{"rendered":"<p><a href=\"https:\/\/argon40.com\/blogs\/argon-resources\">Download manual<\/a>.<\/p>\n<p>Valetusta alumiinista valmistettu tyylik\u00e4s kotelo ei vain suojaa Raspberry Pi:t\u00e4, vaan avaa my\u00f6s kokonaan uuden ulottuvuuden Raspberry Pi:lle.<\/p>\n<p dir=\"ltr\"><strong>Key Features<\/strong><\/p>\n<ul>\n<li>Made from<strong>\u00a0Casted Aluminum\u00a0<\/strong>that<strong>\u00a0<\/strong>also serves as the\u00a0<strong>heatsink for passive cooling<\/strong><\/li>\n<li><strong>Built-in 30mm PWM Fan\u00a0<\/strong>for greater thermal control, providing active cooling ensuring optimal performance during intense workloads<\/li>\n<li><strong>Dual HDMI Ports<\/strong>\u00a0allow you to connect dual displays at high resolutions, making it perfect for multi-tasking and media playback<\/li>\n<li>Access your files faster with\u00a0<strong>two additional front-Facing USB 2.0 Ports<\/strong>\u00a0for easier access to peripherals, boosting convenience and flexibility<\/li>\n<li>Connect more frequently with built-in<strong>\u00a0DAC with 3.5mm Mic &amp; Headphone Jacks\u00a0<\/strong>providing 3.5mm mic input and headphone output, ideal for seamless video calls and enhanced audio output<\/li>\n<li>Tap into the future of smart homes with an\u00a0<strong>Internal USB Port for ZigBee Modules<\/strong>\u00a0allowing for easy integration of ZigBee modules, making it perfect for Home Assistant and other IoT projects<\/li>\n<li>Limitless possibilities with standard\u00a0<strong>Raspberry Pi HAT Compatibility\u00a0<\/strong>all in one package<\/li>\n<li><strong>Optional add-on:\u00a0<\/strong>\u00a0<strong>M.2 NVMe PCIe Slot<\/strong>, delivering faster data access and expanded storage capabilities<\/li>\n<\/ul>\n","protected":false},"excerpt":{"rendered":"<p>Argon ONE V5 -kotelo on suunniteltu parantamaan Raspberry Pi 5 -kokemustasi vertaansa vailla olevalla suorituskyvyll\u00e4, monipuolisuudella ja tyylill\u00e4. T\u00e4m\u00e4 on VAIN kotelollinen variantti, ts. ilman M.2 lis\u00e4yst\u00e4.<\/p>\n","protected":false},"featured_media":271808,"comment_status":"open","ping_status":"closed","template":"","meta":[],"product_brand":[],"product_cat":[736],"product_tag":[718],"class_list":{"0":"post-271780","1":"product","2":"type-product","3":"status-publish","4":"has-post-thumbnail","6":"product_cat-raspberry-pi-kotelo","7":"product_tag-rpi5-fi","9":"first","10":"instock","11":"taxable","12":"shipping-taxable","13":"purchasable","14":"product-type-simple"},"composite_virtual":false,"composite_layout":"","composite_add_to_cart_form_location":"","composite_editable_in_cart":false,"composite_sold_individually_context":"","composite_shop_price_calc":"","composite_components":[],"composite_scenarios":[],"bundled_by":[],"bundle_stock_status":"instock","bundle_stock_quantity":44,"bundle_virtual":false,"bundle_layout":"","bundle_add_to_cart_form_location":"","bundle_editable_in_cart":false,"bundle_sold_individually_context":"","bundle_item_grouping":"","bundle_min_size":"","bundle_max_size":"","bundle_price":[],"bundled_items":[],"bundle_sell_ids":[],"yoast_head":"<!-- This site is optimized with the Yoast SEO plugin v27.1.1 - https:\/\/yoast.com\/product\/yoast-seo-wordpress\/ -->\n<title>Argon ONE V5 Case Raspberry Pi 5 \u2022 RaspberryPi.dk<\/title>\n<meta name=\"robots\" content=\"index, follow, max-snippet:-1, max-image-preview:large, max-video-preview:-1\" \/>\n<link rel=\"canonical\" href=\"https:\/\/raspberrypi.dk\/fi\/tuote\/argon-one-v5-case-raspberry-pi-5\/\" \/>\n<meta property=\"og:locale\" content=\"fi_FI\" \/>\n<meta property=\"og:type\" content=\"article\" \/>\n<meta property=\"og:title\" content=\"Argon ONE V5 Case Raspberry Pi 5 \u2022 RaspberryPi.dk\" \/>\n<meta property=\"og:description\" content=\"Argon ONE V5 -kotelo on suunniteltu parantamaan Raspberry Pi 5 -kokemustasi vertaansa vailla olevalla suorituskyvyll\u00e4, monipuolisuudella ja tyylill\u00e4. T\u00e4m\u00e4 on VAIN kotelollinen variantti, ts. ilman M.2 lis\u00e4yst\u00e4.\" \/>\n<meta property=\"og:url\" content=\"https:\/\/raspberrypi.dk\/fi\/tuote\/argon-one-v5-case-raspberry-pi-5\/\" \/>\n<meta property=\"og:site_name\" content=\"RaspberryPi.dk\" \/>\n<meta property=\"article:publisher\" content=\"https:\/\/facebook.com\/RaspberryPiDanmark\" \/>\n<meta property=\"article:modified_time\" content=\"2025-11-26T10:12:30+00:00\" \/>\n<meta property=\"og:image\" content=\"https:\/\/raspberrypi.dk\/wp-content\/uploads\/2025\/02\/ARGONONEV5_A_43881f36-d173-4cc9-8fb9-60b746fb07ea.webp\" \/>\n\t<meta property=\"og:image:width\" content=\"1800\" \/>\n\t<meta property=\"og:image:height\" content=\"1800\" \/>\n\t<meta property=\"og:image:type\" content=\"image\/webp\" \/>\n<meta name=\"twitter:card\" content=\"summary_large_image\" \/>\n<meta name=\"twitter:site\" content=\"@raspberrypidk\" \/>\n<meta name=\"twitter:label1\" content=\"Arvioitu lukuaika\" \/>\n\t<meta name=\"twitter:data1\" content=\"2 minuuttia\" \/>\n<script type=\"application\/ld+json\" class=\"yoast-schema-graph\">{\"@context\":\"https:\/\/schema.org\",\"@graph\":[{\"@type\":\"WebPage\",\"@id\":\"https:\/\/raspberrypi.dk\/fi\/tuote\/argon-one-v5-case-raspberry-pi-5\/\",\"url\":\"https:\/\/raspberrypi.dk\/fi\/tuote\/argon-one-v5-case-raspberry-pi-5\/\",\"name\":\"Argon ONE V5 Case Raspberry Pi 5 \u2022 RaspberryPi.dk\",\"isPartOf\":{\"@id\":\"https:\/\/raspberrypi.dk\/fi\/#website\"},\"primaryImageOfPage\":{\"@id\":\"https:\/\/raspberrypi.dk\/fi\/tuote\/argon-one-v5-case-raspberry-pi-5\/#primaryimage\"},\"image\":{\"@id\":\"https:\/\/raspberrypi.dk\/fi\/tuote\/argon-one-v5-case-raspberry-pi-5\/#primaryimage\"},\"thumbnailUrl\":\"https:\/\/raspberrypi.dk\/wp-content\/uploads\/2025\/02\/ARGONONEV5_A_43881f36-d173-4cc9-8fb9-60b746fb07ea.webp\",\"datePublished\":\"2025-02-17T12:39:09+00:00\",\"dateModified\":\"2025-11-26T10:12:30+00:00\",\"breadcrumb\":{\"@id\":\"https:\/\/raspberrypi.dk\/fi\/tuote\/argon-one-v5-case-raspberry-pi-5\/#breadcrumb\"},\"inLanguage\":\"fi\",\"potentialAction\":[{\"@type\":\"ReadAction\",\"target\":[\"https:\/\/raspberrypi.dk\/fi\/tuote\/argon-one-v5-case-raspberry-pi-5\/\"]}]},{\"@type\":\"ImageObject\",\"inLanguage\":\"fi\",\"@id\":\"https:\/\/raspberrypi.dk\/fi\/tuote\/argon-one-v5-case-raspberry-pi-5\/#primaryimage\",\"url\":\"https:\/\/raspberrypi.dk\/wp-content\/uploads\/2025\/02\/ARGONONEV5_A_43881f36-d173-4cc9-8fb9-60b746fb07ea.webp\",\"contentUrl\":\"https:\/\/raspberrypi.dk\/wp-content\/uploads\/2025\/02\/ARGONONEV5_A_43881f36-d173-4cc9-8fb9-60b746fb07ea.webp\",\"width\":1800,\"height\":1800,\"caption\":\"Argon ONE v5 case for pi 5\"},{\"@type\":\"BreadcrumbList\",\"@id\":\"https:\/\/raspberrypi.dk\/fi\/tuote\/argon-one-v5-case-raspberry-pi-5\/#breadcrumb\",\"itemListElement\":[{\"@type\":\"ListItem\",\"position\":1,\"name\":\"Hjem\",\"item\":\"https:\/\/raspberrypi.dk\/fi\/raspberry-pi-verkkokauppa\/\"},{\"@type\":\"ListItem\",\"position\":2,\"name\":\"Shop\",\"item\":\"https:\/\/raspberrypi.dk\/fi\/shop-2\/\"},{\"@type\":\"ListItem\",\"position\":3,\"name\":\"Argon ONE V5 Case Raspberry Pi 5\"}]},{\"@type\":\"WebSite\",\"@id\":\"https:\/\/raspberrypi.dk\/fi\/#website\",\"url\":\"https:\/\/raspberrypi.dk\/fi\/\",\"name\":\"RaspberryPi.dk\",\"description\":\"Danmarks f\u00f8rende Raspberry Pi side!\",\"publisher\":{\"@id\":\"https:\/\/raspberrypi.dk\/fi\/#organization\"},\"potentialAction\":[{\"@type\":\"SearchAction\",\"target\":{\"@type\":\"EntryPoint\",\"urlTemplate\":\"https:\/\/raspberrypi.dk\/fi\/?s={search_term_string}\"},\"query-input\":{\"@type\":\"PropertyValueSpecification\",\"valueRequired\":true,\"valueName\":\"search_term_string\"}}],\"inLanguage\":\"fi\"},{\"@type\":\"Organization\",\"@id\":\"https:\/\/raspberrypi.dk\/fi\/#organization\",\"name\":\"RaspberryPi.dk\",\"url\":\"https:\/\/raspberrypi.dk\/fi\/\",\"logo\":{\"@type\":\"ImageObject\",\"inLanguage\":\"fi\",\"@id\":\"https:\/\/raspberrypi.dk\/fi\/#\/schema\/logo\/image\/\",\"url\":\"https:\/\/raspberrypi.dk\/wp-content\/uploads\/2017\/05\/RaspberryPidk_logo-2.png\",\"contentUrl\":\"https:\/\/raspberrypi.dk\/wp-content\/uploads\/2017\/05\/RaspberryPidk_logo-2.png\",\"width\":470,\"height\":110,\"caption\":\"RaspberryPi.dk\"},\"image\":{\"@id\":\"https:\/\/raspberrypi.dk\/fi\/#\/schema\/logo\/image\/\"},\"sameAs\":[\"https:\/\/facebook.com\/RaspberryPiDanmark\",\"https:\/\/x.com\/raspberrypidk\",\"https:\/\/instagram.com\/raspberrypi.dk\"]}]}<\/script>\n<!-- \/ Yoast SEO plugin. -->","yoast_head_json":{"title":"Argon ONE V5 Case Raspberry Pi 5 \u2022 RaspberryPi.dk","robots":{"index":"index","follow":"follow","max-snippet":"max-snippet:-1","max-image-preview":"max-image-preview:large","max-video-preview":"max-video-preview:-1"},"canonical":"https:\/\/raspberrypi.dk\/fi\/tuote\/argon-one-v5-case-raspberry-pi-5\/","og_locale":"fi_FI","og_type":"article","og_title":"Argon ONE V5 Case Raspberry Pi 5 \u2022 RaspberryPi.dk","og_description":"Argon ONE V5 -kotelo on suunniteltu parantamaan Raspberry Pi 5 -kokemustasi vertaansa vailla olevalla suorituskyvyll\u00e4, monipuolisuudella ja tyylill\u00e4. T\u00e4m\u00e4 on VAIN kotelollinen variantti, ts. ilman M.2 lis\u00e4yst\u00e4.","og_url":"https:\/\/raspberrypi.dk\/fi\/tuote\/argon-one-v5-case-raspberry-pi-5\/","og_site_name":"RaspberryPi.dk","article_publisher":"https:\/\/facebook.com\/RaspberryPiDanmark","article_modified_time":"2025-11-26T10:12:30+00:00","og_image":[{"width":1800,"height":1800,"url":"https:\/\/raspberrypi.dk\/wp-content\/uploads\/2025\/02\/ARGONONEV5_A_43881f36-d173-4cc9-8fb9-60b746fb07ea.webp","type":"image\/webp"}],"twitter_card":"summary_large_image","twitter_site":"@raspberrypidk","twitter_misc":{"Arvioitu lukuaika":"2 minuuttia"},"schema":{"@context":"https:\/\/schema.org","@graph":[{"@type":"WebPage","@id":"https:\/\/raspberrypi.dk\/fi\/tuote\/argon-one-v5-case-raspberry-pi-5\/","url":"https:\/\/raspberrypi.dk\/fi\/tuote\/argon-one-v5-case-raspberry-pi-5\/","name":"Argon ONE V5 Case Raspberry Pi 5 \u2022 RaspberryPi.dk","isPartOf":{"@id":"https:\/\/raspberrypi.dk\/fi\/#website"},"primaryImageOfPage":{"@id":"https:\/\/raspberrypi.dk\/fi\/tuote\/argon-one-v5-case-raspberry-pi-5\/#primaryimage"},"image":{"@id":"https:\/\/raspberrypi.dk\/fi\/tuote\/argon-one-v5-case-raspberry-pi-5\/#primaryimage"},"thumbnailUrl":"https:\/\/raspberrypi.dk\/wp-content\/uploads\/2025\/02\/ARGONONEV5_A_43881f36-d173-4cc9-8fb9-60b746fb07ea.webp","datePublished":"2025-02-17T12:39:09+00:00","dateModified":"2025-11-26T10:12:30+00:00","breadcrumb":{"@id":"https:\/\/raspberrypi.dk\/fi\/tuote\/argon-one-v5-case-raspberry-pi-5\/#breadcrumb"},"inLanguage":"fi","potentialAction":[{"@type":"ReadAction","target":["https:\/\/raspberrypi.dk\/fi\/tuote\/argon-one-v5-case-raspberry-pi-5\/"]}]},{"@type":"ImageObject","inLanguage":"fi","@id":"https:\/\/raspberrypi.dk\/fi\/tuote\/argon-one-v5-case-raspberry-pi-5\/#primaryimage","url":"https:\/\/raspberrypi.dk\/wp-content\/uploads\/2025\/02\/ARGONONEV5_A_43881f36-d173-4cc9-8fb9-60b746fb07ea.webp","contentUrl":"https:\/\/raspberrypi.dk\/wp-content\/uploads\/2025\/02\/ARGONONEV5_A_43881f36-d173-4cc9-8fb9-60b746fb07ea.webp","width":1800,"height":1800,"caption":"Argon ONE v5 case for pi 5"},{"@type":"BreadcrumbList","@id":"https:\/\/raspberrypi.dk\/fi\/tuote\/argon-one-v5-case-raspberry-pi-5\/#breadcrumb","itemListElement":[{"@type":"ListItem","position":1,"name":"Hjem","item":"https:\/\/raspberrypi.dk\/fi\/raspberry-pi-verkkokauppa\/"},{"@type":"ListItem","position":2,"name":"Shop","item":"https:\/\/raspberrypi.dk\/fi\/shop-2\/"},{"@type":"ListItem","position":3,"name":"Argon ONE V5 Case Raspberry Pi 5"}]},{"@type":"WebSite","@id":"https:\/\/raspberrypi.dk\/fi\/#website","url":"https:\/\/raspberrypi.dk\/fi\/","name":"RaspberryPi.dk","description":"Danmarks f\u00f8rende Raspberry Pi side!","publisher":{"@id":"https:\/\/raspberrypi.dk\/fi\/#organization"},"potentialAction":[{"@type":"SearchAction","target":{"@type":"EntryPoint","urlTemplate":"https:\/\/raspberrypi.dk\/fi\/?s={search_term_string}"},"query-input":{"@type":"PropertyValueSpecification","valueRequired":true,"valueName":"search_term_string"}}],"inLanguage":"fi"},{"@type":"Organization","@id":"https:\/\/raspberrypi.dk\/fi\/#organization","name":"RaspberryPi.dk","url":"https:\/\/raspberrypi.dk\/fi\/","logo":{"@type":"ImageObject","inLanguage":"fi","@id":"https:\/\/raspberrypi.dk\/fi\/#\/schema\/logo\/image\/","url":"https:\/\/raspberrypi.dk\/wp-content\/uploads\/2017\/05\/RaspberryPidk_logo-2.png","contentUrl":"https:\/\/raspberrypi.dk\/wp-content\/uploads\/2017\/05\/RaspberryPidk_logo-2.png","width":470,"height":110,"caption":"RaspberryPi.dk"},"image":{"@id":"https:\/\/raspberrypi.dk\/fi\/#\/schema\/logo\/image\/"},"sameAs":["https:\/\/facebook.com\/RaspberryPiDanmark","https:\/\/x.com\/raspberrypidk","https:\/\/instagram.com\/raspberrypi.dk"]}]}},"_links":{"self":[{"href":"https:\/\/raspberrypi.dk\/fi\/wp-json\/wp\/v2\/product\/271780","targetHints":{"allow":["GET"]}}],"collection":[{"href":"https:\/\/raspberrypi.dk\/fi\/wp-json\/wp\/v2\/product"}],"about":[{"href":"https:\/\/raspberrypi.dk\/fi\/wp-json\/wp\/v2\/types\/product"}],"replies":[{"embeddable":true,"href":"https:\/\/raspberrypi.dk\/fi\/wp-json\/wp\/v2\/comments?post=271780"}],"wp:featuredmedia":[{"embeddable":true,"href":"https:\/\/raspberrypi.dk\/fi\/wp-json\/wp\/v2\/media\/271808"}],"wp:attachment":[{"href":"https:\/\/raspberrypi.dk\/fi\/wp-json\/wp\/v2\/media?parent=271780"}],"wp:term":[{"taxonomy":"product_brand","embeddable":true,"href":"https:\/\/raspberrypi.dk\/fi\/wp-json\/wp\/v2\/product_brand?post=271780"},{"taxonomy":"product_cat","embeddable":true,"href":"https:\/\/raspberrypi.dk\/fi\/wp-json\/wp\/v2\/product_cat?post=271780"},{"taxonomy":"product_tag","embeddable":true,"href":"https:\/\/raspberrypi.dk\/fi\/wp-json\/wp\/v2\/product_tag?post=271780"}],"curies":[{"name":"wp","href":"https:\/\/api.w.org\/{rel}","templated":true}]}}