{"id":272249,"date":"2025-03-17T09:00:01","date_gmt":"2025-03-17T08:00:01","guid":{"rendered":"https:\/\/raspberrypi.dk\/?post_type=product&#038;p=272249"},"modified":"2025-02-19T12:27:54","modified_gmt":"2025-02-19T11:27:54","slug":"rp235x-microcontrollers","status":"publish","type":"product","link":"https:\/\/raspberrypi.dk\/fi\/tuote\/rp235x-microcontrollers\/","title":{"rendered":"RP235x Microcontrollers"},"content":{"rendered":"<table style=\"border-collapse: collapse; width: 515px; height: 259px;\" border=\"0\" width=\"261\" cellspacing=\"0\" cellpadding=\"0\">\n<tbody>\n<tr style=\"height: 16.0pt;\">\n<td class=\"xl63\" style=\"height: 16.0pt; width: 65pt;\" width=\"87\" height=\"21\">Package<\/td>\n<td class=\"xl64\" style=\"border-left: none; width: 65pt;\" width=\"87\">7\u201d Reel<\/td>\n<td class=\"xl64\" style=\"border-left: none; width: 65pt;\" width=\"87\">13\u201d Reel<\/td>\n<\/tr>\n<tr style=\"height: 16.0pt;\">\n<td class=\"xl63\" style=\"height: 16.0pt; border-top: none;\" height=\"21\">RP235xA<\/td>\n<td class=\"xl64\" style=\"border-top: none; border-left: none;\" align=\"right\">500 pcs<\/td>\n<td class=\"xl64\" style=\"border-top: none; border-left: none;\" align=\"right\">3400 pcs<\/td>\n<\/tr>\n<tr style=\"height: 16.0pt;\">\n<td class=\"xl63\" style=\"height: 16.0pt; border-top: none;\" height=\"21\">RP235xB<\/td>\n<td class=\"xl64\" style=\"border-top: none; border-left: none;\" align=\"right\">500 pcs<\/td>\n<td class=\"xl64\" style=\"border-top: none; border-left: none;\" align=\"right\">2500 pcs<\/td>\n<\/tr>\n<\/tbody>\n<\/table>\n<p class=\"p1\"><strong>In comparison with its predecessor, RP2040, RP235x offers:<\/strong><\/p>\n<ul>\n<li class=\"p1\">A 150MHz system clock (versus 133MHz)<\/li>\n<li class=\"p1\">Dual Arm Cortex-M33 cores (versus dual Arm Cortex-M0+)<\/li>\n<li class=\"p1\">Dual RISC-V Hazard3 cores<\/li>\n<li class=\"p1\">520KB RAM (versus 264KB)<\/li>\n<li class=\"p1\">8KB on-chip OTP storage<\/li>\n<li class=\"p1\">A comprehensive security model, based on Arm TrustZone for Cortex-M<\/li>\n<li class=\"p1\">Improved power consumption<\/li>\n<li class=\"p1\">An additional PIO core<\/li>\n<li class=\"p1\">More GPIOs and ADC channels (RP2350B\/RP2354B only)<\/li>\n<li class=\"p1\">2MB (16Mbit) in-package Flash (RP2354A\/RP2354B only)<\/li>\n<\/ul>\n<p class=\"p1\"><strong>IMPORTANT RP235x DESIGN GUIDELINES<\/strong><\/p>\n<p class=\"p1\">To ensure correct operation, please adhere to the following guidelines when designing with RP235x microcontrollers:<\/p>\n<ul>\n<li class=\"p1\">Please read and follow the RP235x design guide<\/li>\n<li class=\"p1\">Please refer to the <a href=\"https:\/\/datasheets.raspberrypi.com\/rp2350\/rp2350-datasheet.pdf\">datasheet<\/a>, including errata and our <a href=\"https:\/\/datasheets.raspberrypi.com\/rp2350\/Minimal-KiCAD.zip\">reference design<\/a> in KiCAD format<\/li>\n<li class=\"p1\">Please use the 12 MHz Abracon ABM8-272-T3 crystal oscillator<\/li>\n<li class=\"p1\">If using the on-chip SMPS, please use the custom polarised inductor from Abracon (AOTA-B201610S3R3-101-T) and orient it according to the instructions in the design guide<\/li>\n<\/ul>\n","protected":false},"excerpt":{"rendered":"<p class=\"p1\"><strong>RP2350A \/ SC1509. RP2350B \/ SC1510. RP2354A \/ SC1511. RP2354B \/ SC1512.<\/strong><\/p>\n<p class=\"p1\"><a href=\"https:\/\/raspberrypi.dk\/fi\/tietoa-meistae\/b2b-myynti\/\">Ota yhteytt\u00e4<\/a>, jos haluat ostaa n\u00e4m\u00e4 tuotteet.<\/p>\n","protected":false},"featured_media":272238,"comment_status":"open","ping_status":"closed","template":"","meta":[],"product_brand":[],"product_cat":[729],"product_tag":[],"class_list":{"0":"post-272249","1":"product","2":"type-product","3":"status-publish","4":"has-post-thumbnail","6":"product_cat-teollinen-raspberry-pi-fi","8":"first","9":"outofstock","10":"taxable","11":"shipping-taxable","12":"purchasable","13":"product-type-variable","14":"has-default-attributes"},"composite_virtual":false,"composite_layout":"","composite_add_to_cart_form_location":"","composite_editable_in_cart":false,"composite_sold_individually_context":"","composite_shop_price_calc":"","composite_components":[],"composite_scenarios":[],"bundled_by":[],"bundle_stock_status":"outofstock","bundle_stock_quantity":null,"bundle_virtual":false,"bundle_layout":"","bundle_add_to_cart_form_location":"","bundle_editable_in_cart":false,"bundle_sold_individually_context":"","bundle_item_grouping":"","bundle_min_size":"","bundle_max_size":"","bundle_price":[],"bundled_items":[],"bundle_sell_ids":[],"yoast_head":"<!-- This site is optimized with the Yoast SEO plugin v27.1.1 - https:\/\/yoast.com\/product\/yoast-seo-wordpress\/ -->\n<title>RP235x Microcontrollers \u2022 RaspberryPi.dk<\/title>\n<meta name=\"robots\" content=\"index, follow, max-snippet:-1, max-image-preview:large, max-video-preview:-1\" \/>\n<link rel=\"canonical\" href=\"https:\/\/raspberrypi.dk\/fi\/tuote\/rp235x-microcontrollers\/\" \/>\n<meta property=\"og:locale\" content=\"fi_FI\" \/>\n<meta property=\"og:type\" content=\"article\" \/>\n<meta property=\"og:title\" content=\"RP235x Microcontrollers \u2022 RaspberryPi.dk\" \/>\n<meta property=\"og:description\" content=\"RP2350A \/ SC1509. RP2350B \/ SC1510. RP2354A \/ SC1511. RP2354B \/ SC1512. Ota yhteytt\u00e4, jos haluat ostaa n\u00e4m\u00e4 tuotteet.\" \/>\n<meta property=\"og:url\" content=\"https:\/\/raspberrypi.dk\/fi\/tuote\/rp235x-microcontrollers\/\" \/>\n<meta property=\"og:site_name\" content=\"RaspberryPi.dk\" \/>\n<meta property=\"article:publisher\" content=\"https:\/\/facebook.com\/RaspberryPiDanmark\" \/>\n<meta property=\"og:image\" content=\"https:\/\/raspberrypi.dk\/wp-content\/uploads\/2025\/03\/Skaermbillede-2025-02-19-kl.-12.17.09.png\" \/>\n\t<meta property=\"og:image:width\" content=\"145\" \/>\n\t<meta property=\"og:image:height\" content=\"136\" \/>\n\t<meta property=\"og:image:type\" content=\"image\/png\" \/>\n<meta name=\"twitter:card\" content=\"summary_large_image\" \/>\n<meta name=\"twitter:site\" content=\"@raspberrypidk\" \/>\n<meta name=\"twitter:label1\" content=\"Arvioitu lukuaika\" \/>\n\t<meta name=\"twitter:data1\" content=\"2 minuuttia\" \/>\n<script type=\"application\/ld+json\" class=\"yoast-schema-graph\">{\"@context\":\"https:\/\/schema.org\",\"@graph\":[{\"@type\":\"WebPage\",\"@id\":\"https:\/\/raspberrypi.dk\/fi\/tuote\/rp235x-microcontrollers\/\",\"url\":\"https:\/\/raspberrypi.dk\/fi\/tuote\/rp235x-microcontrollers\/\",\"name\":\"RP235x Microcontrollers \u2022 RaspberryPi.dk\",\"isPartOf\":{\"@id\":\"https:\/\/raspberrypi.dk\/fi\/#website\"},\"primaryImageOfPage\":{\"@id\":\"https:\/\/raspberrypi.dk\/fi\/tuote\/rp235x-microcontrollers\/#primaryimage\"},\"image\":{\"@id\":\"https:\/\/raspberrypi.dk\/fi\/tuote\/rp235x-microcontrollers\/#primaryimage\"},\"thumbnailUrl\":\"https:\/\/raspberrypi.dk\/wp-content\/uploads\/2025\/03\/Skaermbillede-2025-02-19-kl.-12.17.09.png\",\"datePublished\":\"2025-03-17T08:00:01+00:00\",\"breadcrumb\":{\"@id\":\"https:\/\/raspberrypi.dk\/fi\/tuote\/rp235x-microcontrollers\/#breadcrumb\"},\"inLanguage\":\"fi\",\"potentialAction\":[{\"@type\":\"ReadAction\",\"target\":[\"https:\/\/raspberrypi.dk\/fi\/tuote\/rp235x-microcontrollers\/\"]}]},{\"@type\":\"ImageObject\",\"inLanguage\":\"fi\",\"@id\":\"https:\/\/raspberrypi.dk\/fi\/tuote\/rp235x-microcontrollers\/#primaryimage\",\"url\":\"https:\/\/raspberrypi.dk\/wp-content\/uploads\/2025\/03\/Skaermbillede-2025-02-19-kl.-12.17.09.png\",\"contentUrl\":\"https:\/\/raspberrypi.dk\/wp-content\/uploads\/2025\/03\/Skaermbillede-2025-02-19-kl.-12.17.09.png\",\"width\":145,\"height\":136,\"caption\":\"rp235x\"},{\"@type\":\"BreadcrumbList\",\"@id\":\"https:\/\/raspberrypi.dk\/fi\/tuote\/rp235x-microcontrollers\/#breadcrumb\",\"itemListElement\":[{\"@type\":\"ListItem\",\"position\":1,\"name\":\"Hjem\",\"item\":\"https:\/\/raspberrypi.dk\/fi\/raspberry-pi-verkkokauppa\/\"},{\"@type\":\"ListItem\",\"position\":2,\"name\":\"Shop\",\"item\":\"https:\/\/raspberrypi.dk\/fi\/shop-2\/\"},{\"@type\":\"ListItem\",\"position\":3,\"name\":\"RP235x Microcontrollers\"}]},{\"@type\":\"WebSite\",\"@id\":\"https:\/\/raspberrypi.dk\/fi\/#website\",\"url\":\"https:\/\/raspberrypi.dk\/fi\/\",\"name\":\"RaspberryPi.dk\",\"description\":\"Danmarks f\u00f8rende Raspberry Pi side!\",\"publisher\":{\"@id\":\"https:\/\/raspberrypi.dk\/fi\/#organization\"},\"potentialAction\":[{\"@type\":\"SearchAction\",\"target\":{\"@type\":\"EntryPoint\",\"urlTemplate\":\"https:\/\/raspberrypi.dk\/fi\/?s={search_term_string}\"},\"query-input\":{\"@type\":\"PropertyValueSpecification\",\"valueRequired\":true,\"valueName\":\"search_term_string\"}}],\"inLanguage\":\"fi\"},{\"@type\":\"Organization\",\"@id\":\"https:\/\/raspberrypi.dk\/fi\/#organization\",\"name\":\"RaspberryPi.dk\",\"url\":\"https:\/\/raspberrypi.dk\/fi\/\",\"logo\":{\"@type\":\"ImageObject\",\"inLanguage\":\"fi\",\"@id\":\"https:\/\/raspberrypi.dk\/fi\/#\/schema\/logo\/image\/\",\"url\":\"https:\/\/raspberrypi.dk\/wp-content\/uploads\/2017\/05\/RaspberryPidk_logo-2.png\",\"contentUrl\":\"https:\/\/raspberrypi.dk\/wp-content\/uploads\/2017\/05\/RaspberryPidk_logo-2.png\",\"width\":470,\"height\":110,\"caption\":\"RaspberryPi.dk\"},\"image\":{\"@id\":\"https:\/\/raspberrypi.dk\/fi\/#\/schema\/logo\/image\/\"},\"sameAs\":[\"https:\/\/facebook.com\/RaspberryPiDanmark\",\"https:\/\/x.com\/raspberrypidk\",\"https:\/\/instagram.com\/raspberrypi.dk\"]}]}<\/script>\n<!-- \/ Yoast SEO plugin. -->","yoast_head_json":{"title":"RP235x Microcontrollers \u2022 RaspberryPi.dk","robots":{"index":"index","follow":"follow","max-snippet":"max-snippet:-1","max-image-preview":"max-image-preview:large","max-video-preview":"max-video-preview:-1"},"canonical":"https:\/\/raspberrypi.dk\/fi\/tuote\/rp235x-microcontrollers\/","og_locale":"fi_FI","og_type":"article","og_title":"RP235x Microcontrollers \u2022 RaspberryPi.dk","og_description":"RP2350A \/ SC1509. RP2350B \/ SC1510. RP2354A \/ SC1511. RP2354B \/ SC1512. Ota yhteytt\u00e4, jos haluat ostaa n\u00e4m\u00e4 tuotteet.","og_url":"https:\/\/raspberrypi.dk\/fi\/tuote\/rp235x-microcontrollers\/","og_site_name":"RaspberryPi.dk","article_publisher":"https:\/\/facebook.com\/RaspberryPiDanmark","og_image":[{"width":145,"height":136,"url":"https:\/\/raspberrypi.dk\/wp-content\/uploads\/2025\/03\/Skaermbillede-2025-02-19-kl.-12.17.09.png","type":"image\/png"}],"twitter_card":"summary_large_image","twitter_site":"@raspberrypidk","twitter_misc":{"Arvioitu lukuaika":"2 minuuttia"},"schema":{"@context":"https:\/\/schema.org","@graph":[{"@type":"WebPage","@id":"https:\/\/raspberrypi.dk\/fi\/tuote\/rp235x-microcontrollers\/","url":"https:\/\/raspberrypi.dk\/fi\/tuote\/rp235x-microcontrollers\/","name":"RP235x Microcontrollers \u2022 RaspberryPi.dk","isPartOf":{"@id":"https:\/\/raspberrypi.dk\/fi\/#website"},"primaryImageOfPage":{"@id":"https:\/\/raspberrypi.dk\/fi\/tuote\/rp235x-microcontrollers\/#primaryimage"},"image":{"@id":"https:\/\/raspberrypi.dk\/fi\/tuote\/rp235x-microcontrollers\/#primaryimage"},"thumbnailUrl":"https:\/\/raspberrypi.dk\/wp-content\/uploads\/2025\/03\/Skaermbillede-2025-02-19-kl.-12.17.09.png","datePublished":"2025-03-17T08:00:01+00:00","breadcrumb":{"@id":"https:\/\/raspberrypi.dk\/fi\/tuote\/rp235x-microcontrollers\/#breadcrumb"},"inLanguage":"fi","potentialAction":[{"@type":"ReadAction","target":["https:\/\/raspberrypi.dk\/fi\/tuote\/rp235x-microcontrollers\/"]}]},{"@type":"ImageObject","inLanguage":"fi","@id":"https:\/\/raspberrypi.dk\/fi\/tuote\/rp235x-microcontrollers\/#primaryimage","url":"https:\/\/raspberrypi.dk\/wp-content\/uploads\/2025\/03\/Skaermbillede-2025-02-19-kl.-12.17.09.png","contentUrl":"https:\/\/raspberrypi.dk\/wp-content\/uploads\/2025\/03\/Skaermbillede-2025-02-19-kl.-12.17.09.png","width":145,"height":136,"caption":"rp235x"},{"@type":"BreadcrumbList","@id":"https:\/\/raspberrypi.dk\/fi\/tuote\/rp235x-microcontrollers\/#breadcrumb","itemListElement":[{"@type":"ListItem","position":1,"name":"Hjem","item":"https:\/\/raspberrypi.dk\/fi\/raspberry-pi-verkkokauppa\/"},{"@type":"ListItem","position":2,"name":"Shop","item":"https:\/\/raspberrypi.dk\/fi\/shop-2\/"},{"@type":"ListItem","position":3,"name":"RP235x Microcontrollers"}]},{"@type":"WebSite","@id":"https:\/\/raspberrypi.dk\/fi\/#website","url":"https:\/\/raspberrypi.dk\/fi\/","name":"RaspberryPi.dk","description":"Danmarks f\u00f8rende Raspberry Pi side!","publisher":{"@id":"https:\/\/raspberrypi.dk\/fi\/#organization"},"potentialAction":[{"@type":"SearchAction","target":{"@type":"EntryPoint","urlTemplate":"https:\/\/raspberrypi.dk\/fi\/?s={search_term_string}"},"query-input":{"@type":"PropertyValueSpecification","valueRequired":true,"valueName":"search_term_string"}}],"inLanguage":"fi"},{"@type":"Organization","@id":"https:\/\/raspberrypi.dk\/fi\/#organization","name":"RaspberryPi.dk","url":"https:\/\/raspberrypi.dk\/fi\/","logo":{"@type":"ImageObject","inLanguage":"fi","@id":"https:\/\/raspberrypi.dk\/fi\/#\/schema\/logo\/image\/","url":"https:\/\/raspberrypi.dk\/wp-content\/uploads\/2017\/05\/RaspberryPidk_logo-2.png","contentUrl":"https:\/\/raspberrypi.dk\/wp-content\/uploads\/2017\/05\/RaspberryPidk_logo-2.png","width":470,"height":110,"caption":"RaspberryPi.dk"},"image":{"@id":"https:\/\/raspberrypi.dk\/fi\/#\/schema\/logo\/image\/"},"sameAs":["https:\/\/facebook.com\/RaspberryPiDanmark","https:\/\/x.com\/raspberrypidk","https:\/\/instagram.com\/raspberrypi.dk"]}]}},"_links":{"self":[{"href":"https:\/\/raspberrypi.dk\/fi\/wp-json\/wp\/v2\/product\/272249","targetHints":{"allow":["GET"]}}],"collection":[{"href":"https:\/\/raspberrypi.dk\/fi\/wp-json\/wp\/v2\/product"}],"about":[{"href":"https:\/\/raspberrypi.dk\/fi\/wp-json\/wp\/v2\/types\/product"}],"replies":[{"embeddable":true,"href":"https:\/\/raspberrypi.dk\/fi\/wp-json\/wp\/v2\/comments?post=272249"}],"wp:featuredmedia":[{"embeddable":true,"href":"https:\/\/raspberrypi.dk\/fi\/wp-json\/wp\/v2\/media\/272238"}],"wp:attachment":[{"href":"https:\/\/raspberrypi.dk\/fi\/wp-json\/wp\/v2\/media?parent=272249"}],"wp:term":[{"taxonomy":"product_brand","embeddable":true,"href":"https:\/\/raspberrypi.dk\/fi\/wp-json\/wp\/v2\/product_brand?post=272249"},{"taxonomy":"product_cat","embeddable":true,"href":"https:\/\/raspberrypi.dk\/fi\/wp-json\/wp\/v2\/product_cat?post=272249"},{"taxonomy":"product_tag","embeddable":true,"href":"https:\/\/raspberrypi.dk\/fi\/wp-json\/wp\/v2\/product_tag?post=272249"}],"curies":[{"name":"wp","href":"https:\/\/api.w.org\/{rel}","templated":true}]}}