{"id":272316,"date":"2025-02-19T13:34:05","date_gmt":"2025-02-19T12:34:05","guid":{"rendered":"https:\/\/raspberrypi.dk\/?post_type=product&#038;p=272316"},"modified":"2025-02-19T13:42:02","modified_gmt":"2025-02-19T12:42:02","slug":"edatec-ipc3632-perustuu-cm5aan","status":"publish","type":"product","link":"https:\/\/raspberrypi.dk\/fi\/tuote\/edatec-ipc3632-perustuu-cm5aan\/","title":{"rendered":"Edatec IPC3632 perustuu CM5:\u00e4\u00e4n"},"content":{"rendered":"<table border=\"1\" cellspacing=\"1\" cellpadding=\"1\" align=\"center\">\n<tbody>\n<tr>\n<td colspan=\"1\"><strong>ED-IPC3630 Feature<\/strong><\/td>\n<\/tr>\n<tr>\n<td><strong>Industrial Computer Based on Raspberry Pi CM5<\/strong><\/td>\n<\/tr>\n<tr>\n<td>\n<div>Broadcom BCM2712, quad core Arm Cortex-A76 (ARM v8) 64-bit SoC @ 2GHz<\/div>\n<div>Up to 16GB LPDDR4 RAM and 32GB eMMC storage, support Micro-SD Card and M.2 NVMe SSD storage expansion<\/div>\n<div>Dual Lans, 1 x Gigabit Ethernet and 1 x 100M Ethernet<\/div>\n<div>4 x isolated RS232\/RS485 with electrostatic and surge protection<\/div>\n<div>2 x isolated CAN with led indicator, support CAN 2.0B standard<\/div>\n<div>8 x isolated DI with led indicator, support AC input<\/div>\n<div>8 x isolated DO with led indicator, support overcurrent protection<\/div>\n<div>2.4GHz and 5GHz Wi-Fi, Bluetooth and 4G LTE<\/div>\n<div>Optional CODESYS Control for Raspberry Pi MC SL<\/div>\n<div>Wide voltage power input range of DC 9V~36V with reverse polarity protection, overvoltage protection and overcurrent protection<\/div>\n<div>Integrated supercapacitor backup power (optional), RTC, Watch Dog, EEPROM and encryption chip<\/div>\n<div>Wide temperature range of -25\u2103~60\u2103 for working environment<\/div>\n<div>High-quality metal case, compatible with DIN-rail installation<\/div>\n<\/td>\n<\/tr>\n<\/tbody>\n<\/table>\n<h1><strong>Document Download<\/strong><\/h1>\n<h3><a href=\"https:\/\/edatec.cn\/docs\/ipc3630\/ds\/\"><strong><u>ED-IPC3630\u00a0Datasheet Download<\/u><\/strong><\/a><\/h3>\n<div>\n<h3><a href=\"https:\/\/edatec.cn\/docs\/errata\/er1-update-4g-firmware\/\"><u>Errata-Update 4G Module Firmware<\/u><\/a><\/h3>\n<\/div>\n<div><\/div>\n<h1><strong>Specifications<\/strong><\/h1>\n<div><img decoding=\"async\" src=\"https:\/\/www.edatec.cn\/uploads\/241126\/1-241126144P2526.JPG\" alt=\"\" \/><\/div>\n<h1><strong>System Block Diagram<\/strong><\/h1>\n<div><img decoding=\"async\" src=\"https:\/\/www.edatec.cn\/uploads\/241122\/1-241122143U5920.png\" alt=\"\" \/><\/div>\n<h1><strong>Dimension\u00a0Unit:mm<\/strong><\/h1>\n<div><img decoding=\"async\" src=\"https:\/\/www.edatec.cn\/uploads\/241122\/1-24112214392O32.png\" alt=\"\" \/><\/div>\n","protected":false},"excerpt":{"rendered":"<p>Eritt\u00e4in konfiguroitava teollisuustietokone, joka perustuu Raspberry Pi CM5:\u00e4\u00e4n.<\/p>\n<p>This is the model ED-IPC3632-10832-4EU-SB, that is IPC3632 based on CM5 with WiFi\/BT, 4G, 8GB RAM, 32GB eMMC, 8*DI, 8*DO, 2*CAN, 2*RS485, 2*RS232 with handmade extra SMA port for GPS antenna, without GPS antenna.<\/p>\n","protected":false},"featured_media":272321,"comment_status":"open","ping_status":"closed","template":"","meta":[],"product_brand":[],"product_cat":[729],"product_tag":[784],"class_list":{"0":"post-272316","1":"product","2":"type-product","3":"status-publish","4":"has-post-thumbnail","6":"product_cat-teollinen-raspberry-pi-fi","7":"product_tag-cm5-fi","9":"first","10":"outofstock","11":"taxable","12":"shipping-taxable","13":"purchasable","14":"product-type-simple"},"composite_virtual":false,"composite_layout":"","composite_add_to_cart_form_location":"","composite_editable_in_cart":false,"composite_sold_individually_context":"","composite_shop_price_calc":"","composite_components":[],"composite_scenarios":[],"bundled_by":[],"bundle_stock_status":"outofstock","bundle_stock_quantity":0,"bundle_virtual":false,"bundle_layout":"","bundle_add_to_cart_form_location":"","bundle_editable_in_cart":false,"bundle_sold_individually_context":"","bundle_item_grouping":"","bundle_min_size":"","bundle_max_size":"","bundle_price":[],"bundled_items":[],"bundle_sell_ids":[],"yoast_head":"<!-- This site is optimized with the Yoast SEO plugin v27.1.1 - https:\/\/yoast.com\/product\/yoast-seo-wordpress\/ -->\n<title>Edatec IPC3632 perustuu CM5:\u00e4\u00e4n \u2022 RaspberryPi.dk<\/title>\n<meta name=\"robots\" content=\"index, follow, max-snippet:-1, max-image-preview:large, max-video-preview:-1\" \/>\n<link rel=\"canonical\" href=\"https:\/\/raspberrypi.dk\/fi\/tuote\/edatec-ipc3632-perustuu-cm5aan\/\" \/>\n<meta property=\"og:locale\" content=\"fi_FI\" \/>\n<meta property=\"og:type\" content=\"article\" \/>\n<meta property=\"og:title\" content=\"Edatec IPC3632 perustuu CM5:\u00e4\u00e4n \u2022 RaspberryPi.dk\" \/>\n<meta property=\"og:description\" content=\"Eritt\u00e4in konfiguroitava teollisuustietokone, joka perustuu Raspberry Pi CM5:\u00e4\u00e4n.  This is the model ED-IPC3632-10832-4EU-SB, that is IPC3632 based on CM5 with WiFi\/BT, 4G, 8GB RAM, 32GB eMMC, 8*DI, 8*DO, 2*CAN, 2*RS485, 2*RS232 with handmade extra SMA port for GPS antenna, without GPS antenna.\" \/>\n<meta property=\"og:url\" content=\"https:\/\/raspberrypi.dk\/fi\/tuote\/edatec-ipc3632-perustuu-cm5aan\/\" \/>\n<meta property=\"og:site_name\" content=\"RaspberryPi.dk\" \/>\n<meta property=\"article:publisher\" content=\"https:\/\/facebook.com\/RaspberryPiDanmark\" \/>\n<meta property=\"article:modified_time\" content=\"2025-02-19T12:42:02+00:00\" \/>\n<meta property=\"og:image\" content=\"https:\/\/raspberrypi.dk\/wp-content\/uploads\/2025\/02\/Edatec-IPC3632.jpg\" \/>\n\t<meta property=\"og:image:width\" content=\"2007\" \/>\n\t<meta property=\"og:image:height\" content=\"1415\" \/>\n\t<meta property=\"og:image:type\" content=\"image\/jpeg\" \/>\n<meta name=\"twitter:card\" content=\"summary_large_image\" \/>\n<meta name=\"twitter:site\" content=\"@raspberrypidk\" \/>\n<meta name=\"twitter:label1\" content=\"Arvioitu lukuaika\" \/>\n\t<meta name=\"twitter:data1\" content=\"2 minuuttia\" \/>\n<script type=\"application\/ld+json\" class=\"yoast-schema-graph\">{\"@context\":\"https:\/\/schema.org\",\"@graph\":[{\"@type\":\"WebPage\",\"@id\":\"https:\/\/raspberrypi.dk\/fi\/tuote\/edatec-ipc3632-perustuu-cm5aan\/\",\"url\":\"https:\/\/raspberrypi.dk\/fi\/tuote\/edatec-ipc3632-perustuu-cm5aan\/\",\"name\":\"Edatec IPC3632 perustuu CM5:\u00e4\u00e4n \u2022 RaspberryPi.dk\",\"isPartOf\":{\"@id\":\"https:\/\/raspberrypi.dk\/fi\/#website\"},\"primaryImageOfPage\":{\"@id\":\"https:\/\/raspberrypi.dk\/fi\/tuote\/edatec-ipc3632-perustuu-cm5aan\/#primaryimage\"},\"image\":{\"@id\":\"https:\/\/raspberrypi.dk\/fi\/tuote\/edatec-ipc3632-perustuu-cm5aan\/#primaryimage\"},\"thumbnailUrl\":\"https:\/\/raspberrypi.dk\/wp-content\/uploads\/2025\/02\/Edatec-IPC3632.jpg\",\"datePublished\":\"2025-02-19T12:34:05+00:00\",\"dateModified\":\"2025-02-19T12:42:02+00:00\",\"breadcrumb\":{\"@id\":\"https:\/\/raspberrypi.dk\/fi\/tuote\/edatec-ipc3632-perustuu-cm5aan\/#breadcrumb\"},\"inLanguage\":\"fi\",\"potentialAction\":[{\"@type\":\"ReadAction\",\"target\":[\"https:\/\/raspberrypi.dk\/fi\/tuote\/edatec-ipc3632-perustuu-cm5aan\/\"]}]},{\"@type\":\"ImageObject\",\"inLanguage\":\"fi\",\"@id\":\"https:\/\/raspberrypi.dk\/fi\/tuote\/edatec-ipc3632-perustuu-cm5aan\/#primaryimage\",\"url\":\"https:\/\/raspberrypi.dk\/wp-content\/uploads\/2025\/02\/Edatec-IPC3632.jpg\",\"contentUrl\":\"https:\/\/raspberrypi.dk\/wp-content\/uploads\/2025\/02\/Edatec-IPC3632.jpg\",\"width\":2007,\"height\":1415,\"caption\":\"Edatec IPC3632\"},{\"@type\":\"BreadcrumbList\",\"@id\":\"https:\/\/raspberrypi.dk\/fi\/tuote\/edatec-ipc3632-perustuu-cm5aan\/#breadcrumb\",\"itemListElement\":[{\"@type\":\"ListItem\",\"position\":1,\"name\":\"Hjem\",\"item\":\"https:\/\/raspberrypi.dk\/fi\/raspberry-pi-verkkokauppa\/\"},{\"@type\":\"ListItem\",\"position\":2,\"name\":\"Shop\",\"item\":\"https:\/\/raspberrypi.dk\/fi\/shop-2\/\"},{\"@type\":\"ListItem\",\"position\":3,\"name\":\"Edatec IPC3632 perustuu CM5:\u00e4\u00e4n\"}]},{\"@type\":\"WebSite\",\"@id\":\"https:\/\/raspberrypi.dk\/fi\/#website\",\"url\":\"https:\/\/raspberrypi.dk\/fi\/\",\"name\":\"RaspberryPi.dk\",\"description\":\"Danmarks f\u00f8rende Raspberry Pi side!\",\"publisher\":{\"@id\":\"https:\/\/raspberrypi.dk\/fi\/#organization\"},\"potentialAction\":[{\"@type\":\"SearchAction\",\"target\":{\"@type\":\"EntryPoint\",\"urlTemplate\":\"https:\/\/raspberrypi.dk\/fi\/?s={search_term_string}\"},\"query-input\":{\"@type\":\"PropertyValueSpecification\",\"valueRequired\":true,\"valueName\":\"search_term_string\"}}],\"inLanguage\":\"fi\"},{\"@type\":\"Organization\",\"@id\":\"https:\/\/raspberrypi.dk\/fi\/#organization\",\"name\":\"RaspberryPi.dk\",\"url\":\"https:\/\/raspberrypi.dk\/fi\/\",\"logo\":{\"@type\":\"ImageObject\",\"inLanguage\":\"fi\",\"@id\":\"https:\/\/raspberrypi.dk\/fi\/#\/schema\/logo\/image\/\",\"url\":\"https:\/\/raspberrypi.dk\/wp-content\/uploads\/2017\/05\/RaspberryPidk_logo-2.png\",\"contentUrl\":\"https:\/\/raspberrypi.dk\/wp-content\/uploads\/2017\/05\/RaspberryPidk_logo-2.png\",\"width\":470,\"height\":110,\"caption\":\"RaspberryPi.dk\"},\"image\":{\"@id\":\"https:\/\/raspberrypi.dk\/fi\/#\/schema\/logo\/image\/\"},\"sameAs\":[\"https:\/\/facebook.com\/RaspberryPiDanmark\",\"https:\/\/x.com\/raspberrypidk\",\"https:\/\/instagram.com\/raspberrypi.dk\"]}]}<\/script>\n<!-- \/ Yoast SEO plugin. -->","yoast_head_json":{"title":"Edatec IPC3632 perustuu CM5:\u00e4\u00e4n \u2022 RaspberryPi.dk","robots":{"index":"index","follow":"follow","max-snippet":"max-snippet:-1","max-image-preview":"max-image-preview:large","max-video-preview":"max-video-preview:-1"},"canonical":"https:\/\/raspberrypi.dk\/fi\/tuote\/edatec-ipc3632-perustuu-cm5aan\/","og_locale":"fi_FI","og_type":"article","og_title":"Edatec IPC3632 perustuu CM5:\u00e4\u00e4n \u2022 RaspberryPi.dk","og_description":"Eritt\u00e4in konfiguroitava teollisuustietokone, joka perustuu Raspberry Pi CM5:\u00e4\u00e4n.  This is the model ED-IPC3632-10832-4EU-SB, that is IPC3632 based on CM5 with WiFi\/BT, 4G, 8GB RAM, 32GB eMMC, 8*DI, 8*DO, 2*CAN, 2*RS485, 2*RS232 with handmade extra SMA port for GPS antenna, without GPS antenna.","og_url":"https:\/\/raspberrypi.dk\/fi\/tuote\/edatec-ipc3632-perustuu-cm5aan\/","og_site_name":"RaspberryPi.dk","article_publisher":"https:\/\/facebook.com\/RaspberryPiDanmark","article_modified_time":"2025-02-19T12:42:02+00:00","og_image":[{"width":2007,"height":1415,"url":"https:\/\/raspberrypi.dk\/wp-content\/uploads\/2025\/02\/Edatec-IPC3632.jpg","type":"image\/jpeg"}],"twitter_card":"summary_large_image","twitter_site":"@raspberrypidk","twitter_misc":{"Arvioitu lukuaika":"2 minuuttia"},"schema":{"@context":"https:\/\/schema.org","@graph":[{"@type":"WebPage","@id":"https:\/\/raspberrypi.dk\/fi\/tuote\/edatec-ipc3632-perustuu-cm5aan\/","url":"https:\/\/raspberrypi.dk\/fi\/tuote\/edatec-ipc3632-perustuu-cm5aan\/","name":"Edatec IPC3632 perustuu CM5:\u00e4\u00e4n \u2022 RaspberryPi.dk","isPartOf":{"@id":"https:\/\/raspberrypi.dk\/fi\/#website"},"primaryImageOfPage":{"@id":"https:\/\/raspberrypi.dk\/fi\/tuote\/edatec-ipc3632-perustuu-cm5aan\/#primaryimage"},"image":{"@id":"https:\/\/raspberrypi.dk\/fi\/tuote\/edatec-ipc3632-perustuu-cm5aan\/#primaryimage"},"thumbnailUrl":"https:\/\/raspberrypi.dk\/wp-content\/uploads\/2025\/02\/Edatec-IPC3632.jpg","datePublished":"2025-02-19T12:34:05+00:00","dateModified":"2025-02-19T12:42:02+00:00","breadcrumb":{"@id":"https:\/\/raspberrypi.dk\/fi\/tuote\/edatec-ipc3632-perustuu-cm5aan\/#breadcrumb"},"inLanguage":"fi","potentialAction":[{"@type":"ReadAction","target":["https:\/\/raspberrypi.dk\/fi\/tuote\/edatec-ipc3632-perustuu-cm5aan\/"]}]},{"@type":"ImageObject","inLanguage":"fi","@id":"https:\/\/raspberrypi.dk\/fi\/tuote\/edatec-ipc3632-perustuu-cm5aan\/#primaryimage","url":"https:\/\/raspberrypi.dk\/wp-content\/uploads\/2025\/02\/Edatec-IPC3632.jpg","contentUrl":"https:\/\/raspberrypi.dk\/wp-content\/uploads\/2025\/02\/Edatec-IPC3632.jpg","width":2007,"height":1415,"caption":"Edatec IPC3632"},{"@type":"BreadcrumbList","@id":"https:\/\/raspberrypi.dk\/fi\/tuote\/edatec-ipc3632-perustuu-cm5aan\/#breadcrumb","itemListElement":[{"@type":"ListItem","position":1,"name":"Hjem","item":"https:\/\/raspberrypi.dk\/fi\/raspberry-pi-verkkokauppa\/"},{"@type":"ListItem","position":2,"name":"Shop","item":"https:\/\/raspberrypi.dk\/fi\/shop-2\/"},{"@type":"ListItem","position":3,"name":"Edatec IPC3632 perustuu CM5:\u00e4\u00e4n"}]},{"@type":"WebSite","@id":"https:\/\/raspberrypi.dk\/fi\/#website","url":"https:\/\/raspberrypi.dk\/fi\/","name":"RaspberryPi.dk","description":"Danmarks f\u00f8rende Raspberry Pi side!","publisher":{"@id":"https:\/\/raspberrypi.dk\/fi\/#organization"},"potentialAction":[{"@type":"SearchAction","target":{"@type":"EntryPoint","urlTemplate":"https:\/\/raspberrypi.dk\/fi\/?s={search_term_string}"},"query-input":{"@type":"PropertyValueSpecification","valueRequired":true,"valueName":"search_term_string"}}],"inLanguage":"fi"},{"@type":"Organization","@id":"https:\/\/raspberrypi.dk\/fi\/#organization","name":"RaspberryPi.dk","url":"https:\/\/raspberrypi.dk\/fi\/","logo":{"@type":"ImageObject","inLanguage":"fi","@id":"https:\/\/raspberrypi.dk\/fi\/#\/schema\/logo\/image\/","url":"https:\/\/raspberrypi.dk\/wp-content\/uploads\/2017\/05\/RaspberryPidk_logo-2.png","contentUrl":"https:\/\/raspberrypi.dk\/wp-content\/uploads\/2017\/05\/RaspberryPidk_logo-2.png","width":470,"height":110,"caption":"RaspberryPi.dk"},"image":{"@id":"https:\/\/raspberrypi.dk\/fi\/#\/schema\/logo\/image\/"},"sameAs":["https:\/\/facebook.com\/RaspberryPiDanmark","https:\/\/x.com\/raspberrypidk","https:\/\/instagram.com\/raspberrypi.dk"]}]}},"_links":{"self":[{"href":"https:\/\/raspberrypi.dk\/fi\/wp-json\/wp\/v2\/product\/272316","targetHints":{"allow":["GET"]}}],"collection":[{"href":"https:\/\/raspberrypi.dk\/fi\/wp-json\/wp\/v2\/product"}],"about":[{"href":"https:\/\/raspberrypi.dk\/fi\/wp-json\/wp\/v2\/types\/product"}],"replies":[{"embeddable":true,"href":"https:\/\/raspberrypi.dk\/fi\/wp-json\/wp\/v2\/comments?post=272316"}],"wp:featuredmedia":[{"embeddable":true,"href":"https:\/\/raspberrypi.dk\/fi\/wp-json\/wp\/v2\/media\/272321"}],"wp:attachment":[{"href":"https:\/\/raspberrypi.dk\/fi\/wp-json\/wp\/v2\/media?parent=272316"}],"wp:term":[{"taxonomy":"product_brand","embeddable":true,"href":"https:\/\/raspberrypi.dk\/fi\/wp-json\/wp\/v2\/product_brand?post=272316"},{"taxonomy":"product_cat","embeddable":true,"href":"https:\/\/raspberrypi.dk\/fi\/wp-json\/wp\/v2\/product_cat?post=272316"},{"taxonomy":"product_tag","embeddable":true,"href":"https:\/\/raspberrypi.dk\/fi\/wp-json\/wp\/v2\/product_tag?post=272316"}],"curies":[{"name":"wp","href":"https:\/\/api.w.org\/{rel}","templated":true}]}}