{"id":214087,"date":"2012-10-17T22:01:52","date_gmt":"2012-10-17T20:01:52","guid":{"rendered":"https:\/\/raspberrypi.dk\/handelsbetingelser\/"},"modified":"2012-10-17T22:01:52","modified_gmt":"2012-10-17T20:01:52","slug":"handelsbetingelser","status":"publish","type":"page","link":"https:\/\/raspberrypi.dk\/no\/handelsbetingelser\/","title":{"rendered":"Handelsbetingelser"},"content":{"rendered":"<p><strong>Salgs- og leveringsbetingelser<br \/>\n<\/strong>Nedenst\u00e5ende salgs- og leveringsbetingelser g\u00e6lder for alle leverancer fra RaspberryPi.dk drevet af Jkollerup.dk ApS. Betingelserne g\u00e6lder i det tilf\u00e6lde, hvor der ikke er indg\u00e5et andre skriftlige aftaler mellem k\u00f8ber og RaspberryPi.dk. Denne aftale er underlagt og fortolket i overensstemmelse med loven i Danmark.<\/p>\n<p><strong>Dokumentation og vejledning<br \/>\n<\/strong>Dersom der findes produktbeskrivelser og brugervejledninger til varen, f\u00f8lger disse med leverancen fra RaspberryPi.dk. \u00d8nsker du yderligere oplysning eller r\u00e5dgivning fra vor side, er denne af vejledende art.<\/p>\n<p><strong>Leveringstidspunkt og transport<br \/>\n<\/strong>Levering af varer fra\u00a0RaspberryPi.dk anses for sket, n\u00e5r kunden har f\u00e5et varen udleveret. Alle bestillinger sendes med Post Nord, hvis ikke andet er aftalt s\u00e6rskilt mellem k\u00f8ber og RaspberryPi.dk.<br \/>\nVarerne sendes som udgangspunkt inden for 48 timer efter modtaget ordre, men der kan forekomme forsinkelser. Levering p\u00e5 k\u00f8bers adresse i Danmark vil derfor normalt ske indenfor 3 dage. Oplyste leveringstidspunkt er vejledende og kan s\u00e5ledes fraviges.<\/p>\n<p><strong>Risikoen for varene<\/strong><br \/>\nRisikoen for varer bestilt i vor webshop overg\u00e5r til k\u00f8ber, n\u00e5r fortrydelsesretten efter 14 dage fra modtagelsen er udl\u00f8bet. Er varen blevet beskadiget eller forringet, efter at k\u00f8beren har f\u00e5et den i h\u00e6nde, bevarer han sin fortrydelsesret, hvis beskadigelsen eller forringelsen ikke skyldes uagtsomhed eller manglende omsorg fra hans side. Husk at gemme original emballage, da varen ved evt. fortrydelsesret skal returneres i original emballage. Du skal selv afholde de omkostninger, der er forbundet med at returnere varen.<\/p>\n<p><strong>Reklamation<\/strong><br \/>\nEventuelle fejl eller mangler ved produkter\/varer leveret fra RaspberryPi.dk skal p\u00e5ber\u00e5bes inden 2 m\u00e5neder efter, at du har opdaget fejlen. Det er din pligt at angive, og p\u00e5 forlangende vise, hvordan fejlen eller manglen ytrer sig. Dersom du opdager en fejl, skal du rette henvendelse til RaspberryPi.dk. Du kan som udgangspunkt kun klage over fejl, der viser sig senest 2 \u00e5r efter du har f\u00e5et varen leveret. Hvis varen skal returneres til RaspberryPi.dk, skal du selv afholde de omkostninger, der er forbundet med dette. Varen skal returneres med en fragtmetode MED omdeling til vores adresse. For varer med begr\u00e6nset holdbarhed er din klagemulighed afgr\u00e6nset af den holdbarhedsperiode, RaspberryPi.dk har stillet dig i udsigt. Du kan som forbruger v\u00e6lge om varen skal repareres eller byttes. Undtagelsen til denne hovedregel er, hvis ombytning er umulig eller vil medf\u00f8re uforholdsm\u00e6ssige store omkostninger for RaspberryPi.dk.<\/p>\n<p><strong>Fortrydelsesret<br \/>\n<\/strong>Fortrydelsesret g\u00e6lder KUN privatk\u00f8b og dermed ikke Erhverv. Ingen fortrydelsesret ved B2B-salg. RaspberryPi.dk yder 14 dages fortrydelsesret, g\u00e6ldende fra den dag du modtager varen. Fortryder du k\u00f8bet, skal RaspberryPi.dk underrettes herom senest 14 dage efter den dag, du fik varen i h\u00e6nde. Du har pligt til at returnere varen i v\u00e6sentlig samme stand og m\u00e6ngde, som den er modtaget. Dette er ogs\u00e5 g\u00e6ldende for den emballage og de infoskilte, der er p\u00e5 varen. Herunder indg\u00e5r ogs\u00e5 forsvarlig forsendelse (Raspberry Pi mini-computer sendes ikke forsvarligt i kuvert som almindelig brevforsendelse!). Returneres varen ikke i v\u00e6sentlig samme stand og m\u00e6ngde samt med original emballage, vil k\u00f8ber skulle betale v\u00e6rdiforringelsen af varerne. Du skal selv afholde de omkostninger, der er forbundet med at returnere varen. Varen skal returneres med en fragtmetode MED omdeling til vores adresse. Vi anbefaler forsendelse med tracking\/forsikring. Hvis du fortryder hele dit k\u00f8b, tilbagebetales hele det bel\u00f8b, som du har betalt.<\/p>\n<p>Fragtomkostninger refunderes ikke i tilf\u00e6lde af n\u00e6gtet modtagelse eller pakker, som ikke afhentes inden frist.<\/p>\n<p><strong>Oplysningspligt<br \/>\n<\/strong>Aftaler (k\u00f8bsordrer) kan indg\u00e5s p\u00e5 dansk eller engelsk og opbevares af virksomheden i 5 \u00e5r, i henhold til bogf\u00f8ringsloven. Det er ikke muligt efterf\u00f8lgende at tilg\u00e5 kontrakten\u00a0via vores website. Hvis du \u00f8nsker at f\u00e5 tilsendt et nyt eksemplar af kontrakten pr. e-mail, s\u00e5 send en e-mail til: <a href=\"mailto:info@raspberrypi.dk\">info@raspberrypi.dk<\/a>.<\/p>\n<p><strong>Told og Moms<br \/>\n<\/strong><\/p>\n<p><strong>OBS Norge!\u00a0<\/strong>Vi er en del af VOEC-ordningen. Norske kunder betaler norsk MVA, som vi afregner med Skatteetaten. Der opkr\u00e6ves derfor ikke told p\u00e5 forsendelser til Norge.<\/p>\n<p>Bestiller du fra et EU-land betales der dansk moms, men ingen told efter reglerne om varernes frie bev\u00e6gelighed. Varer, som sendes fra RaspberryPi.dk\u00a0kan ikke sendes som en gave til lande uden for EU, i et fors\u00f8g p\u00e5 at unddrage sig lokal told og afgifter. Bestiller du fra et land udenfor EU, kan der blive p\u00e5f\u00f8rt lokale skatter og told som vi ikke kan drages til ansvar for, men til geng\u00e6ld fratr\u00e6kkes dansk moms. Hvis dette er tilf\u00e6ldet vil du blive kontaktet af fragtfirmaet. V\u00e6r opm\u00e6rksom p\u00e5, at dette kan forsinke forsendelsen en del, da varerne bliver holdt tilbage i tolden. Det er derfra dit ansvar at tage kontakt til fragtfirmaet og betale de p\u00e5f\u00f8rte meromkostninger.<\/p>\n<p><strong>Pris og betaling<\/strong><br \/>\nP\u00e5 RaspberryPi.dk har du mulighed for at betale med kreditkort. Alle priser i RaspberryPi.dk p\u00e5 web-adressen <a href=\"https:\/\/raspberrypi.dk\/\">https:\/\/raspberrypi.dk\/<\/a> er inkl. moms, men ekskl. porto\/fragt. Alle priser er desuden opgivet i Danske Kroner, DKK, Euro, EUR, Swedish kronar, SEK eller Norwegian kroner, NOK. Betaling kan foretages med kreditkort, MobilePay, bankoverf\u00f8rsel og EAN nummer.<\/p>\n<p>Der tages forbehold for fejl ved priserne, og vi forbeholder os retten til at annullere ordrer ved tydelige prisfejl. Det kan eksempelvis dreje sig om forkerte valuta konverteringer.<\/p>\n","protected":false},"excerpt":{"rendered":"<p>Salgs- og leveringsbetingelser Nedenst\u00e5ende salgs- og leveringsbetingelser g\u00e6lder for alle leverancer fra RaspberryPi.dk drevet af Jkollerup.dk ApS. Betingelserne g\u00e6lder i det tilf\u00e6lde, hvor der ikke er indg\u00e5et andre skriftlige aftaler mellem k\u00f8ber og RaspberryPi.dk. Denne aftale er underlagt og fortolket i overensstemmelse med loven i Danmark. Dokumentation og vejledning Dersom der findes produktbeskrivelser og brugervejledninger [&hellip;]<\/p>\n","protected":false},"author":1,"featured_media":0,"parent":0,"menu_order":0,"comment_status":"closed","ping_status":"closed","template":"","meta":{"footnotes":""},"class_list":["post-214087","page","type-page","status-publish","hentry"],"yoast_head":"<!-- This site is optimized with the Yoast SEO plugin v27.1.1 - https:\/\/yoast.com\/product\/yoast-seo-wordpress\/ -->\n<title>Handelsbetingelser \u2022 RaspberryPi.dk<\/title>\n<meta name=\"description\" content=\"Handelsbetingelser i forbindelse med kj\u00f8p i Raspberry Pi-butikken p\u00e5 RaspberryPi.dk.\" \/>\n<meta name=\"robots\" content=\"index, follow, max-snippet:-1, max-image-preview:large, max-video-preview:-1\" \/>\n<link rel=\"canonical\" href=\"https:\/\/raspberrypi.dk\/no\/handelsbetingelser\/\" \/>\n<meta property=\"og:locale\" content=\"nb_NO\" \/>\n<meta property=\"og:type\" content=\"article\" \/>\n<meta property=\"og:title\" content=\"Handelsbetingelser \u2022 RaspberryPi.dk\" \/>\n<meta property=\"og:description\" content=\"Handelsbetingelser i forbindelse med kj\u00f8p i Raspberry Pi-butikken p\u00e5 RaspberryPi.dk.\" \/>\n<meta property=\"og:url\" content=\"https:\/\/raspberrypi.dk\/no\/handelsbetingelser\/\" \/>\n<meta property=\"og:site_name\" content=\"RaspberryPi.dk\" \/>\n<meta property=\"article:publisher\" content=\"https:\/\/facebook.com\/RaspberryPiDanmark\" \/>\n<meta property=\"og:image\" content=\"https:\/\/raspberrypi.dk\/wp-content\/uploads\/2017\/05\/RaspberryPidk-logo.png\" \/>\n\t<meta property=\"og:image:width\" content=\"300\" \/>\n\t<meta property=\"og:image:height\" content=\"300\" \/>\n\t<meta property=\"og:image:type\" content=\"image\/png\" \/>\n<meta name=\"twitter:card\" content=\"summary_large_image\" \/>\n<meta name=\"twitter:site\" content=\"@raspberrypidk\" \/>\n<meta name=\"twitter:label1\" content=\"Ansl. lesetid\" \/>\n\t<meta name=\"twitter:data1\" content=\"4 minutter\" \/>\n<script type=\"application\/ld+json\" class=\"yoast-schema-graph\">{\"@context\":\"https:\/\/schema.org\",\"@graph\":[{\"@type\":\"WebPage\",\"@id\":\"https:\/\/raspberrypi.dk\/no\/handelsbetingelser\/\",\"url\":\"https:\/\/raspberrypi.dk\/no\/handelsbetingelser\/\",\"name\":\"Handelsbetingelser \u2022 RaspberryPi.dk\",\"isPartOf\":{\"@id\":\"https:\/\/raspberrypi.dk\/no\/#website\"},\"datePublished\":\"2012-10-17T20:01:52+00:00\",\"description\":\"Handelsbetingelser i forbindelse med kj\u00f8p i Raspberry Pi-butikken p\u00e5 RaspberryPi.dk.\",\"breadcrumb\":{\"@id\":\"https:\/\/raspberrypi.dk\/no\/handelsbetingelser\/#breadcrumb\"},\"inLanguage\":\"nb-NO\",\"potentialAction\":[{\"@type\":\"ReadAction\",\"target\":[\"https:\/\/raspberrypi.dk\/no\/handelsbetingelser\/\"]}]},{\"@type\":\"BreadcrumbList\",\"@id\":\"https:\/\/raspberrypi.dk\/no\/handelsbetingelser\/#breadcrumb\",\"itemListElement\":[{\"@type\":\"ListItem\",\"position\":1,\"name\":\"Hjem\",\"item\":\"https:\/\/raspberrypi.dk\/no\/raspberry-pi-nettbutikk\/\"},{\"@type\":\"ListItem\",\"position\":2,\"name\":\"Handelsbetingelser\"}]},{\"@type\":\"WebSite\",\"@id\":\"https:\/\/raspberrypi.dk\/no\/#website\",\"url\":\"https:\/\/raspberrypi.dk\/no\/\",\"name\":\"RaspberryPi.dk\",\"description\":\"Danmarks f\u00f8rende Raspberry Pi side!\",\"publisher\":{\"@id\":\"https:\/\/raspberrypi.dk\/no\/#organization\"},\"potentialAction\":[{\"@type\":\"SearchAction\",\"target\":{\"@type\":\"EntryPoint\",\"urlTemplate\":\"https:\/\/raspberrypi.dk\/no\/?s={search_term_string}\"},\"query-input\":{\"@type\":\"PropertyValueSpecification\",\"valueRequired\":true,\"valueName\":\"search_term_string\"}}],\"inLanguage\":\"nb-NO\"},{\"@type\":\"Organization\",\"@id\":\"https:\/\/raspberrypi.dk\/no\/#organization\",\"name\":\"RaspberryPi.dk\",\"url\":\"https:\/\/raspberrypi.dk\/no\/\",\"logo\":{\"@type\":\"ImageObject\",\"inLanguage\":\"nb-NO\",\"@id\":\"https:\/\/raspberrypi.dk\/no\/#\/schema\/logo\/image\/\",\"url\":\"https:\/\/raspberrypi.dk\/wp-content\/uploads\/2017\/05\/RaspberryPidk_logo-2.png\",\"contentUrl\":\"https:\/\/raspberrypi.dk\/wp-content\/uploads\/2017\/05\/RaspberryPidk_logo-2.png\",\"width\":470,\"height\":110,\"caption\":\"RaspberryPi.dk\"},\"image\":{\"@id\":\"https:\/\/raspberrypi.dk\/no\/#\/schema\/logo\/image\/\"},\"sameAs\":[\"https:\/\/facebook.com\/RaspberryPiDanmark\",\"https:\/\/x.com\/raspberrypidk\",\"https:\/\/instagram.com\/raspberrypi.dk\"]}]}<\/script>\n<!-- \/ Yoast SEO plugin. -->","yoast_head_json":{"title":"Handelsbetingelser \u2022 RaspberryPi.dk","description":"Handelsbetingelser i forbindelse med kj\u00f8p i Raspberry Pi-butikken p\u00e5 RaspberryPi.dk.","robots":{"index":"index","follow":"follow","max-snippet":"max-snippet:-1","max-image-preview":"max-image-preview:large","max-video-preview":"max-video-preview:-1"},"canonical":"https:\/\/raspberrypi.dk\/no\/handelsbetingelser\/","og_locale":"nb_NO","og_type":"article","og_title":"Handelsbetingelser \u2022 RaspberryPi.dk","og_description":"Handelsbetingelser i forbindelse med kj\u00f8p i Raspberry Pi-butikken p\u00e5 RaspberryPi.dk.","og_url":"https:\/\/raspberrypi.dk\/no\/handelsbetingelser\/","og_site_name":"RaspberryPi.dk","article_publisher":"https:\/\/facebook.com\/RaspberryPiDanmark","og_image":[{"width":300,"height":300,"url":"https:\/\/raspberrypi.dk\/wp-content\/uploads\/2017\/05\/RaspberryPidk-logo.png","type":"image\/png"}],"twitter_card":"summary_large_image","twitter_site":"@raspberrypidk","twitter_misc":{"Ansl. lesetid":"4 minutter"},"schema":{"@context":"https:\/\/schema.org","@graph":[{"@type":"WebPage","@id":"https:\/\/raspberrypi.dk\/no\/handelsbetingelser\/","url":"https:\/\/raspberrypi.dk\/no\/handelsbetingelser\/","name":"Handelsbetingelser \u2022 RaspberryPi.dk","isPartOf":{"@id":"https:\/\/raspberrypi.dk\/no\/#website"},"datePublished":"2012-10-17T20:01:52+00:00","description":"Handelsbetingelser i forbindelse med kj\u00f8p i Raspberry Pi-butikken p\u00e5 RaspberryPi.dk.","breadcrumb":{"@id":"https:\/\/raspberrypi.dk\/no\/handelsbetingelser\/#breadcrumb"},"inLanguage":"nb-NO","potentialAction":[{"@type":"ReadAction","target":["https:\/\/raspberrypi.dk\/no\/handelsbetingelser\/"]}]},{"@type":"BreadcrumbList","@id":"https:\/\/raspberrypi.dk\/no\/handelsbetingelser\/#breadcrumb","itemListElement":[{"@type":"ListItem","position":1,"name":"Hjem","item":"https:\/\/raspberrypi.dk\/no\/raspberry-pi-nettbutikk\/"},{"@type":"ListItem","position":2,"name":"Handelsbetingelser"}]},{"@type":"WebSite","@id":"https:\/\/raspberrypi.dk\/no\/#website","url":"https:\/\/raspberrypi.dk\/no\/","name":"RaspberryPi.dk","description":"Danmarks f\u00f8rende Raspberry Pi side!","publisher":{"@id":"https:\/\/raspberrypi.dk\/no\/#organization"},"potentialAction":[{"@type":"SearchAction","target":{"@type":"EntryPoint","urlTemplate":"https:\/\/raspberrypi.dk\/no\/?s={search_term_string}"},"query-input":{"@type":"PropertyValueSpecification","valueRequired":true,"valueName":"search_term_string"}}],"inLanguage":"nb-NO"},{"@type":"Organization","@id":"https:\/\/raspberrypi.dk\/no\/#organization","name":"RaspberryPi.dk","url":"https:\/\/raspberrypi.dk\/no\/","logo":{"@type":"ImageObject","inLanguage":"nb-NO","@id":"https:\/\/raspberrypi.dk\/no\/#\/schema\/logo\/image\/","url":"https:\/\/raspberrypi.dk\/wp-content\/uploads\/2017\/05\/RaspberryPidk_logo-2.png","contentUrl":"https:\/\/raspberrypi.dk\/wp-content\/uploads\/2017\/05\/RaspberryPidk_logo-2.png","width":470,"height":110,"caption":"RaspberryPi.dk"},"image":{"@id":"https:\/\/raspberrypi.dk\/no\/#\/schema\/logo\/image\/"},"sameAs":["https:\/\/facebook.com\/RaspberryPiDanmark","https:\/\/x.com\/raspberrypidk","https:\/\/instagram.com\/raspberrypi.dk"]}]}},"_links":{"self":[{"href":"https:\/\/raspberrypi.dk\/no\/wp-json\/wp\/v2\/pages\/214087","targetHints":{"allow":["GET"]}}],"collection":[{"href":"https:\/\/raspberrypi.dk\/no\/wp-json\/wp\/v2\/pages"}],"about":[{"href":"https:\/\/raspberrypi.dk\/no\/wp-json\/wp\/v2\/types\/page"}],"author":[{"embeddable":true,"href":"https:\/\/raspberrypi.dk\/no\/wp-json\/wp\/v2\/users\/1"}],"replies":[{"embeddable":true,"href":"https:\/\/raspberrypi.dk\/no\/wp-json\/wp\/v2\/comments?post=214087"}],"version-history":[{"count":0,"href":"https:\/\/raspberrypi.dk\/no\/wp-json\/wp\/v2\/pages\/214087\/revisions"}],"wp:attachment":[{"href":"https:\/\/raspberrypi.dk\/no\/wp-json\/wp\/v2\/media?parent=214087"}],"curies":[{"name":"wp","href":"https:\/\/api.w.org\/{rel}","templated":true}]}}