{"id":214091,"date":"2017-10-06T20:10:08","date_gmt":"2017-10-06T18:10:08","guid":{"rendered":"https:\/\/raspberrypi.dk\/leveranse\/"},"modified":"2024-02-22T12:53:54","modified_gmt":"2024-02-22T11:53:54","slug":"leveranse","status":"publish","type":"page","link":"https:\/\/raspberrypi.dk\/no\/leveranse\/","title":{"rendered":"Leveranse"},"content":{"rendered":"<p>Nedenfor kan du se forventede leveringstider fra utsendelse. Vi sender bestillinger samme ukedag hvis bestilt f\u00f8r 15. Det er alltid track and trace p\u00e5 v\u00e5re pakker, og lenke til denne sendes n\u00e5r bestillingen sendes.<\/p>\n<p><strong>Norge:<\/strong><\/p>\n<p><strong>OBS Norge!<\/strong> Vi er med i VOEC-ordningen. Norske kunder betaler norsk moms, som vi gj\u00f8r opp med Skatteetaten. Det belastes derfor ikke toll p\u00e5 forsendelser til Norge.<\/p>\n<p><strong>Norge:<\/strong><\/p>\n<table>\n<tbody>\n<tr>\n<td><strong>Service<\/strong><\/td>\n<td><strong>Pris<\/strong><\/td>\n<td><strong>Estimert leveringstid<\/strong><\/td>\n<\/tr>\n<tr>\n<td>Pakkeshop<\/td>\n<td>99 NOK<\/td>\n<td>1-2 ukedager<\/td>\n<\/tr>\n<tr>\n<td>Hjemmeadresse<\/td>\n<td>79 NOK<\/td>\n<td>1-2 ukedager<\/td>\n<\/tr>\n<tr>\n<td>Erhvervspakke<\/td>\n<td>349 NOK<\/td>\n<td>1-2 ukedager<\/td>\n<\/tr>\n<\/tbody>\n<\/table>\n<p><strong>Danmark:<\/strong><\/p>\n<table>\n<tbody>\n<tr>\n<td><strong>Service<\/strong><\/td>\n<td><strong>Pris<\/strong><\/td>\n<td><strong>Estimert leveringstid<\/strong><\/td>\n<\/tr>\n<tr>\n<td>Pakkeshop<\/td>\n<td>39 DKK<\/td>\n<td>1-2 ukedager<\/td>\n<\/tr>\n<tr>\n<td>Hjemmeadresse<\/td>\n<td>59 DKK<\/td>\n<td>1-2 ukedager<\/td>\n<\/tr>\n<tr>\n<td>Erhvervspakke<\/td>\n<td>49 DKK<\/td>\n<td>1-2 ukedager<\/td>\n<\/tr>\n<\/tbody>\n<\/table>\n<p><strong>Norden (Sverige, Finland):<\/strong><\/p>\n<table>\n<tbody>\n<tr>\n<td><strong>Service<\/strong><\/td>\n<td><strong>Pris<\/strong><\/td>\n<td><strong>Estimert leveringstid<\/strong><\/td>\n<\/tr>\n<tr>\n<td>Lokale leveringsmuligheter via Homerunner<\/td>\n<td>39-149 DKK<\/td>\n<td>2-3 ukedager<\/td>\n<\/tr>\n<\/tbody>\n<\/table>\n<p><strong>Resten av Europa:<\/strong><\/p>\n<table>\n<tbody>\n<tr>\n<td><strong>Service<\/strong><\/td>\n<td><strong>Pris<\/strong><\/td>\n<td><strong>Estimert leveringstid<\/strong><\/td>\n<\/tr>\n<tr>\n<td>Lokale leveringsmuligheter via Homerunner<\/td>\n<td>49-119<\/td>\n<td>2-5 ukedager<\/td>\n<\/tr>\n<\/tbody>\n<\/table>\n<p><strong>Utlandet:<\/strong><\/p>\n<table>\n<tbody>\n<tr>\n<td><strong>Service<\/strong><\/td>\n<td><strong>Pris<\/strong><\/td>\n<td><strong>Estimert leveringstid<\/strong><\/td>\n<\/tr>\n<tr>\n<td>DHL Express<\/td>\n<td>199-499 DKK<\/td>\n<td>3-8 ukedager<\/td>\n<\/tr>\n<\/tbody>\n<\/table>\n<p>V\u00e6r oppmerksom p\u00e5 at alle leveringsestimater er anslag fra de respektive budene.<br \/>\nAlle leveringsestimater er fra utsendelsestidspunktet, ikke fra salgstidspunktet.<\/p>\n<p><strong>Toll og Moms<\/strong><\/p>\n<p><strong>OBS Norge!<\/strong> Vi er med i VOEC-ordningen. Norske kunder betaler norsk moms, som vi gj\u00f8r opp med Skatteetaten. Det belastes derfor ikke toll p\u00e5 forsendelser til Norge.<\/p>\n<p>Bestiller du som privatkunde fra et EU-land, betales din lokale momssats, men ingen toll etter reglene om fri varebevegelse. Varer sendt fra RaspberryPi.dk kan ikke sendes som gave til land utenfor EU, i et fors\u00f8k p\u00e5 \u00e5 unng\u00e5 lokale toll- og avgifter. Bestiller du fra et land utenfor EU kan det p\u00e5legges lokale skatter og avgifter som vi ikke kan holdes ansvarlige for, men til gjengjeld trekkes dansk moms. Hvis dette er tilfelle, vil du bli kontaktet av rederiet. V\u00e6r oppmerksom p\u00e5 at dette kan forsinke forsendelsen en del, da varene holdes tilbake i tollen. Derfra er det ditt ansvar \u00e5 kontakte fraktselskapet og betale de ekstra kostnadene som p\u00e5l\u00f8per.<\/p>\n","protected":false},"excerpt":{"rendered":"<p>Nedenfor kan du se forventede leveringstider fra utsendelse. Vi sender bestillinger samme ukedag hvis bestilt f\u00f8r 15. Det er alltid track and trace p\u00e5 v\u00e5re pakker, og lenke til denne sendes n\u00e5r bestillingen sendes. Norge: OBS Norge! Vi er med i VOEC-ordningen. Norske kunder betaler norsk moms, som vi gj\u00f8r opp med Skatteetaten. Det belastes [&hellip;]<\/p>\n","protected":false},"author":1,"featured_media":0,"parent":0,"menu_order":0,"comment_status":"closed","ping_status":"closed","template":"","meta":{"footnotes":""},"class_list":["post-214091","page","type-page","status-publish","hentry"],"yoast_head":"<!-- This site is optimized with the Yoast SEO plugin v27.1.1 - https:\/\/yoast.com\/product\/yoast-seo-wordpress\/ -->\n<title>Leveranse \u2022 RaspberryPi.dk<\/title>\n<meta name=\"robots\" content=\"index, follow, max-snippet:-1, max-image-preview:large, max-video-preview:-1\" \/>\n<link rel=\"canonical\" href=\"https:\/\/raspberrypi.dk\/no\/leveranse\/\" \/>\n<meta property=\"og:locale\" content=\"nb_NO\" \/>\n<meta property=\"og:type\" content=\"article\" \/>\n<meta property=\"og:title\" content=\"Leveranse \u2022 RaspberryPi.dk\" \/>\n<meta property=\"og:description\" content=\"Nedenfor kan du se forventede leveringstider fra utsendelse. Vi sender bestillinger samme ukedag hvis bestilt f\u00f8r 15. Det er alltid track and trace p\u00e5 v\u00e5re pakker, og lenke til denne sendes n\u00e5r bestillingen sendes. Norge: OBS Norge! Vi er med i VOEC-ordningen. Norske kunder betaler norsk moms, som vi gj\u00f8r opp med Skatteetaten. Det belastes [&hellip;]\" \/>\n<meta property=\"og:url\" content=\"https:\/\/raspberrypi.dk\/no\/leveranse\/\" \/>\n<meta property=\"og:site_name\" content=\"RaspberryPi.dk\" \/>\n<meta property=\"article:publisher\" content=\"https:\/\/facebook.com\/RaspberryPiDanmark\" \/>\n<meta property=\"article:modified_time\" content=\"2024-02-22T11:53:54+00:00\" \/>\n<meta property=\"og:image\" content=\"https:\/\/raspberrypi.dk\/wp-content\/uploads\/2017\/05\/RaspberryPidk-logo.png\" \/>\n\t<meta property=\"og:image:width\" content=\"300\" \/>\n\t<meta property=\"og:image:height\" content=\"300\" \/>\n\t<meta property=\"og:image:type\" content=\"image\/png\" \/>\n<meta name=\"twitter:card\" content=\"summary_large_image\" \/>\n<meta name=\"twitter:site\" content=\"@raspberrypidk\" \/>\n<meta name=\"twitter:label1\" content=\"Ansl. lesetid\" \/>\n\t<meta name=\"twitter:data1\" content=\"2 minutter\" \/>\n<script type=\"application\/ld+json\" class=\"yoast-schema-graph\">{\"@context\":\"https:\/\/schema.org\",\"@graph\":[{\"@type\":\"WebPage\",\"@id\":\"https:\/\/raspberrypi.dk\/no\/leveranse\/\",\"url\":\"https:\/\/raspberrypi.dk\/no\/leveranse\/\",\"name\":\"Leveranse \u2022 RaspberryPi.dk\",\"isPartOf\":{\"@id\":\"https:\/\/raspberrypi.dk\/no\/#website\"},\"datePublished\":\"2017-10-06T18:10:08+00:00\",\"dateModified\":\"2024-02-22T11:53:54+00:00\",\"breadcrumb\":{\"@id\":\"https:\/\/raspberrypi.dk\/no\/leveranse\/#breadcrumb\"},\"inLanguage\":\"nb-NO\",\"potentialAction\":[{\"@type\":\"ReadAction\",\"target\":[\"https:\/\/raspberrypi.dk\/no\/leveranse\/\"]}]},{\"@type\":\"BreadcrumbList\",\"@id\":\"https:\/\/raspberrypi.dk\/no\/leveranse\/#breadcrumb\",\"itemListElement\":[{\"@type\":\"ListItem\",\"position\":1,\"name\":\"Hjem\",\"item\":\"https:\/\/raspberrypi.dk\/no\/raspberry-pi-nettbutikk\/\"},{\"@type\":\"ListItem\",\"position\":2,\"name\":\"Leveranse\"}]},{\"@type\":\"WebSite\",\"@id\":\"https:\/\/raspberrypi.dk\/no\/#website\",\"url\":\"https:\/\/raspberrypi.dk\/no\/\",\"name\":\"RaspberryPi.dk\",\"description\":\"Danmarks f\u00f8rende Raspberry Pi side!\",\"publisher\":{\"@id\":\"https:\/\/raspberrypi.dk\/no\/#organization\"},\"potentialAction\":[{\"@type\":\"SearchAction\",\"target\":{\"@type\":\"EntryPoint\",\"urlTemplate\":\"https:\/\/raspberrypi.dk\/no\/?s={search_term_string}\"},\"query-input\":{\"@type\":\"PropertyValueSpecification\",\"valueRequired\":true,\"valueName\":\"search_term_string\"}}],\"inLanguage\":\"nb-NO\"},{\"@type\":\"Organization\",\"@id\":\"https:\/\/raspberrypi.dk\/no\/#organization\",\"name\":\"RaspberryPi.dk\",\"url\":\"https:\/\/raspberrypi.dk\/no\/\",\"logo\":{\"@type\":\"ImageObject\",\"inLanguage\":\"nb-NO\",\"@id\":\"https:\/\/raspberrypi.dk\/no\/#\/schema\/logo\/image\/\",\"url\":\"https:\/\/raspberrypi.dk\/wp-content\/uploads\/2017\/05\/RaspberryPidk_logo-2.png\",\"contentUrl\":\"https:\/\/raspberrypi.dk\/wp-content\/uploads\/2017\/05\/RaspberryPidk_logo-2.png\",\"width\":470,\"height\":110,\"caption\":\"RaspberryPi.dk\"},\"image\":{\"@id\":\"https:\/\/raspberrypi.dk\/no\/#\/schema\/logo\/image\/\"},\"sameAs\":[\"https:\/\/facebook.com\/RaspberryPiDanmark\",\"https:\/\/x.com\/raspberrypidk\",\"https:\/\/instagram.com\/raspberrypi.dk\"]}]}<\/script>\n<!-- \/ Yoast SEO plugin. -->","yoast_head_json":{"title":"Leveranse \u2022 RaspberryPi.dk","robots":{"index":"index","follow":"follow","max-snippet":"max-snippet:-1","max-image-preview":"max-image-preview:large","max-video-preview":"max-video-preview:-1"},"canonical":"https:\/\/raspberrypi.dk\/no\/leveranse\/","og_locale":"nb_NO","og_type":"article","og_title":"Leveranse \u2022 RaspberryPi.dk","og_description":"Nedenfor kan du se forventede leveringstider fra utsendelse. Vi sender bestillinger samme ukedag hvis bestilt f\u00f8r 15. Det er alltid track and trace p\u00e5 v\u00e5re pakker, og lenke til denne sendes n\u00e5r bestillingen sendes. Norge: OBS Norge! Vi er med i VOEC-ordningen. Norske kunder betaler norsk moms, som vi gj\u00f8r opp med Skatteetaten. Det belastes [&hellip;]","og_url":"https:\/\/raspberrypi.dk\/no\/leveranse\/","og_site_name":"RaspberryPi.dk","article_publisher":"https:\/\/facebook.com\/RaspberryPiDanmark","article_modified_time":"2024-02-22T11:53:54+00:00","og_image":[{"width":300,"height":300,"url":"https:\/\/raspberrypi.dk\/wp-content\/uploads\/2017\/05\/RaspberryPidk-logo.png","type":"image\/png"}],"twitter_card":"summary_large_image","twitter_site":"@raspberrypidk","twitter_misc":{"Ansl. lesetid":"2 minutter"},"schema":{"@context":"https:\/\/schema.org","@graph":[{"@type":"WebPage","@id":"https:\/\/raspberrypi.dk\/no\/leveranse\/","url":"https:\/\/raspberrypi.dk\/no\/leveranse\/","name":"Leveranse \u2022 RaspberryPi.dk","isPartOf":{"@id":"https:\/\/raspberrypi.dk\/no\/#website"},"datePublished":"2017-10-06T18:10:08+00:00","dateModified":"2024-02-22T11:53:54+00:00","breadcrumb":{"@id":"https:\/\/raspberrypi.dk\/no\/leveranse\/#breadcrumb"},"inLanguage":"nb-NO","potentialAction":[{"@type":"ReadAction","target":["https:\/\/raspberrypi.dk\/no\/leveranse\/"]}]},{"@type":"BreadcrumbList","@id":"https:\/\/raspberrypi.dk\/no\/leveranse\/#breadcrumb","itemListElement":[{"@type":"ListItem","position":1,"name":"Hjem","item":"https:\/\/raspberrypi.dk\/no\/raspberry-pi-nettbutikk\/"},{"@type":"ListItem","position":2,"name":"Leveranse"}]},{"@type":"WebSite","@id":"https:\/\/raspberrypi.dk\/no\/#website","url":"https:\/\/raspberrypi.dk\/no\/","name":"RaspberryPi.dk","description":"Danmarks f\u00f8rende Raspberry Pi side!","publisher":{"@id":"https:\/\/raspberrypi.dk\/no\/#organization"},"potentialAction":[{"@type":"SearchAction","target":{"@type":"EntryPoint","urlTemplate":"https:\/\/raspberrypi.dk\/no\/?s={search_term_string}"},"query-input":{"@type":"PropertyValueSpecification","valueRequired":true,"valueName":"search_term_string"}}],"inLanguage":"nb-NO"},{"@type":"Organization","@id":"https:\/\/raspberrypi.dk\/no\/#organization","name":"RaspberryPi.dk","url":"https:\/\/raspberrypi.dk\/no\/","logo":{"@type":"ImageObject","inLanguage":"nb-NO","@id":"https:\/\/raspberrypi.dk\/no\/#\/schema\/logo\/image\/","url":"https:\/\/raspberrypi.dk\/wp-content\/uploads\/2017\/05\/RaspberryPidk_logo-2.png","contentUrl":"https:\/\/raspberrypi.dk\/wp-content\/uploads\/2017\/05\/RaspberryPidk_logo-2.png","width":470,"height":110,"caption":"RaspberryPi.dk"},"image":{"@id":"https:\/\/raspberrypi.dk\/no\/#\/schema\/logo\/image\/"},"sameAs":["https:\/\/facebook.com\/RaspberryPiDanmark","https:\/\/x.com\/raspberrypidk","https:\/\/instagram.com\/raspberrypi.dk"]}]}},"_links":{"self":[{"href":"https:\/\/raspberrypi.dk\/no\/wp-json\/wp\/v2\/pages\/214091","targetHints":{"allow":["GET"]}}],"collection":[{"href":"https:\/\/raspberrypi.dk\/no\/wp-json\/wp\/v2\/pages"}],"about":[{"href":"https:\/\/raspberrypi.dk\/no\/wp-json\/wp\/v2\/types\/page"}],"author":[{"embeddable":true,"href":"https:\/\/raspberrypi.dk\/no\/wp-json\/wp\/v2\/users\/1"}],"replies":[{"embeddable":true,"href":"https:\/\/raspberrypi.dk\/no\/wp-json\/wp\/v2\/comments?post=214091"}],"version-history":[{"count":1,"href":"https:\/\/raspberrypi.dk\/no\/wp-json\/wp\/v2\/pages\/214091\/revisions"}],"predecessor-version":[{"id":219172,"href":"https:\/\/raspberrypi.dk\/no\/wp-json\/wp\/v2\/pages\/214091\/revisions\/219172"}],"wp:attachment":[{"href":"https:\/\/raspberrypi.dk\/no\/wp-json\/wp\/v2\/media?parent=214091"}],"curies":[{"name":"wp","href":"https:\/\/api.w.org\/{rel}","templated":true}]}}