{"id":214097,"date":"2017-05-14T21:08:34","date_gmt":"2017-05-14T19:08:34","guid":{"rendered":"https:\/\/raspberrypi.dk\/raspberry-pi-udvikling-customisation-design-services\/"},"modified":"2017-05-14T21:08:34","modified_gmt":"2017-05-14T19:08:34","slug":"raspberry-pi-udvikling-customisation-design-services","status":"publish","type":"page","link":"https:\/\/raspberrypi.dk\/no\/raspberry-pi-udvikling-customisation-design-services\/","title":{"rendered":"Raspberry Pi Udvikling (Customisation\/Design Services)"},"content":{"rendered":"<p>Vi har et lite team med <strong>Raspberry Pi-utviklere<\/strong>, s\u00e5 vi kan utf\u00f8re Raspberry Pi-prosjekter p\u00e5 konsulentbasis. Vi lager b\u00e5de maskinvare og programvare til Raspberry Pi, dvs. alt fra spesifikke HAT-er til programmering av Raspberry Pi-applikasjoner.<\/p>\n<p><strong>Ta kontakt med oss \u200b\u200bnederst p\u00e5 siden hvis du har et prosjekt vi kan hjelpe med. Vi kommer tilbake s\u00e5 snart som mulig.<\/strong><\/p>\n<p>Nedenfor er et utvalg av prosjekter som vi har gjort eller vil kunne gj\u00f8re for kunder.<\/p>\n<ul>\n<li>IoT Gateway<\/li>\n<li>CM4 Carrier Boards<\/li>\n<li>Infoskjerm, evt med ber\u00f8ringsskjerm for kontroll<\/li>\n<li>Utvikling av utvidelseskort (HAT) for din applikasjon<\/li>\n<li>Koble til skriver og sette opp automatisk utskrift av bestillingsskjemaer<\/li>\n<li>Integrasjon til andre systemer<\/li>\n<li>Styreoppdrag<\/li>\n<\/ul>\n<p>Raspberry Pi er en virkelig god \u00e5pen open source-plattform, som gir fantastiske muligheter, f.eks. innen IoT. Teamet v\u00e5rt med Raspberry Pi-utviklere gj\u00f8r oss i stand til \u00e5 lage gode maskinvare- og programvarel\u00f8sninger basert p\u00e5 Raspberry Pi.<\/p>\n<p>V\u00e5re designtjenester gir utmerkede muligheter til \u00e5 utvikle og integrere spesialtilpasset elektronikk for ditt spesifikke bruk. Fra tilpasset konfigurasjon av din egen interne applikasjonsutvikling til komplette, fullt funksjonelle l\u00f8sninger, kan vi tilby all st\u00f8tten du trenger for et vellykket Raspberry Pi-prosjekt.<\/p>\n<p>Kontakt oss via kontaktskjemaet med ditt prosjekt, s\u00e5 kommer vi tilbake til deg s\u00e5 snart som mulig!<\/p>\n<p class=\"wpcf7-contact-form-not-found\"><strong>Feil:<\/strong> Kontaktskjema ble ikke funnet.<\/p>\n","protected":false},"excerpt":{"rendered":"<p>Vi har et lite team med Raspberry Pi-utviklere, s\u00e5 vi kan utf\u00f8re Raspberry Pi-prosjekter p\u00e5 konsulentbasis. Vi lager b\u00e5de maskinvare og programvare til Raspberry Pi, dvs. alt fra spesifikke HAT-er til programmering av Raspberry Pi-applikasjoner. Ta kontakt med oss \u200b\u200bnederst p\u00e5 siden hvis du har et prosjekt vi kan hjelpe med. Vi kommer tilbake s\u00e5 [&hellip;]<\/p>\n","protected":false},"author":1,"featured_media":0,"parent":0,"menu_order":0,"comment_status":"closed","ping_status":"closed","template":"","meta":{"footnotes":""},"class_list":["post-214097","page","type-page","status-publish","hentry"],"yoast_head":"<!-- This site is optimized with the Yoast SEO plugin v27.1.1 - https:\/\/yoast.com\/product\/yoast-seo-wordpress\/ -->\n<title>Raspberry Pi Utvikling (Customisation\/Design Services) RaspberryPi.dk<\/title>\n<meta name=\"description\" content=\"Hos RaspberryPi.dk driver vi Raspberry Pi-utvikling p\u00e5 konsulentbasis. Vi har lang erfaring med Raspberry Pi Customization og et lite Design Services-team.\" \/>\n<meta name=\"robots\" content=\"index, follow, max-snippet:-1, max-image-preview:large, max-video-preview:-1\" \/>\n<link rel=\"canonical\" href=\"https:\/\/raspberrypi.dk\/no\/raspberry-pi-udvikling-customisation-design-services\/\" \/>\n<meta property=\"og:locale\" content=\"nb_NO\" \/>\n<meta property=\"og:type\" content=\"article\" \/>\n<meta property=\"og:title\" content=\"Raspberry Pi Utvikling (Customisation\/Design Services) RaspberryPi.dk\" \/>\n<meta property=\"og:description\" content=\"Hos RaspberryPi.dk driver vi Raspberry Pi-utvikling p\u00e5 konsulentbasis. Vi har lang erfaring med Raspberry Pi Customization og et lite Design Services-team.\" \/>\n<meta property=\"og:url\" content=\"https:\/\/raspberrypi.dk\/no\/raspberry-pi-udvikling-customisation-design-services\/\" \/>\n<meta property=\"og:site_name\" content=\"RaspberryPi.dk\" \/>\n<meta property=\"article:publisher\" content=\"https:\/\/facebook.com\/RaspberryPiDanmark\" \/>\n<meta property=\"og:image\" content=\"https:\/\/raspberrypi.dk\/wp-content\/uploads\/2017\/05\/RaspberryPidk-logo.png\" \/>\n\t<meta property=\"og:image:width\" content=\"300\" \/>\n\t<meta property=\"og:image:height\" content=\"300\" \/>\n\t<meta property=\"og:image:type\" content=\"image\/png\" \/>\n<meta name=\"twitter:card\" content=\"summary_large_image\" \/>\n<meta name=\"twitter:site\" content=\"@raspberrypidk\" \/>\n<meta name=\"twitter:label1\" content=\"Ansl. lesetid\" \/>\n\t<meta name=\"twitter:data1\" content=\"1 minutt\" \/>\n<script type=\"application\/ld+json\" class=\"yoast-schema-graph\">{\"@context\":\"https:\/\/schema.org\",\"@graph\":[{\"@type\":\"WebPage\",\"@id\":\"https:\/\/raspberrypi.dk\/no\/raspberry-pi-udvikling-customisation-design-services\/\",\"url\":\"https:\/\/raspberrypi.dk\/no\/raspberry-pi-udvikling-customisation-design-services\/\",\"name\":\"Raspberry Pi Utvikling (Customisation\/Design Services) RaspberryPi.dk\",\"isPartOf\":{\"@id\":\"https:\/\/raspberrypi.dk\/no\/#website\"},\"datePublished\":\"2017-05-14T19:08:34+00:00\",\"description\":\"Hos RaspberryPi.dk driver vi Raspberry Pi-utvikling p\u00e5 konsulentbasis. Vi har lang erfaring med Raspberry Pi Customization og et lite Design Services-team.\",\"breadcrumb\":{\"@id\":\"https:\/\/raspberrypi.dk\/no\/raspberry-pi-udvikling-customisation-design-services\/#breadcrumb\"},\"inLanguage\":\"nb-NO\",\"potentialAction\":[{\"@type\":\"ReadAction\",\"target\":[\"https:\/\/raspberrypi.dk\/no\/raspberry-pi-udvikling-customisation-design-services\/\"]}]},{\"@type\":\"BreadcrumbList\",\"@id\":\"https:\/\/raspberrypi.dk\/no\/raspberry-pi-udvikling-customisation-design-services\/#breadcrumb\",\"itemListElement\":[{\"@type\":\"ListItem\",\"position\":1,\"name\":\"Hjem\",\"item\":\"https:\/\/raspberrypi.dk\/no\/raspberry-pi-nettbutikk\/\"},{\"@type\":\"ListItem\",\"position\":2,\"name\":\"Raspberry Pi Udvikling (Customisation\/Design Services)\"}]},{\"@type\":\"WebSite\",\"@id\":\"https:\/\/raspberrypi.dk\/no\/#website\",\"url\":\"https:\/\/raspberrypi.dk\/no\/\",\"name\":\"RaspberryPi.dk\",\"description\":\"Danmarks f\u00f8rende Raspberry Pi side!\",\"publisher\":{\"@id\":\"https:\/\/raspberrypi.dk\/no\/#organization\"},\"potentialAction\":[{\"@type\":\"SearchAction\",\"target\":{\"@type\":\"EntryPoint\",\"urlTemplate\":\"https:\/\/raspberrypi.dk\/no\/?s={search_term_string}\"},\"query-input\":{\"@type\":\"PropertyValueSpecification\",\"valueRequired\":true,\"valueName\":\"search_term_string\"}}],\"inLanguage\":\"nb-NO\"},{\"@type\":\"Organization\",\"@id\":\"https:\/\/raspberrypi.dk\/no\/#organization\",\"name\":\"RaspberryPi.dk\",\"url\":\"https:\/\/raspberrypi.dk\/no\/\",\"logo\":{\"@type\":\"ImageObject\",\"inLanguage\":\"nb-NO\",\"@id\":\"https:\/\/raspberrypi.dk\/no\/#\/schema\/logo\/image\/\",\"url\":\"https:\/\/raspberrypi.dk\/wp-content\/uploads\/2017\/05\/RaspberryPidk_logo-2.png\",\"contentUrl\":\"https:\/\/raspberrypi.dk\/wp-content\/uploads\/2017\/05\/RaspberryPidk_logo-2.png\",\"width\":470,\"height\":110,\"caption\":\"RaspberryPi.dk\"},\"image\":{\"@id\":\"https:\/\/raspberrypi.dk\/no\/#\/schema\/logo\/image\/\"},\"sameAs\":[\"https:\/\/facebook.com\/RaspberryPiDanmark\",\"https:\/\/x.com\/raspberrypidk\",\"https:\/\/instagram.com\/raspberrypi.dk\"]}]}<\/script>\n<!-- \/ Yoast SEO plugin. -->","yoast_head_json":{"title":"Raspberry Pi Utvikling (Customisation\/Design Services) RaspberryPi.dk","description":"Hos RaspberryPi.dk driver vi Raspberry Pi-utvikling p\u00e5 konsulentbasis. Vi har lang erfaring med Raspberry Pi Customization og et lite Design Services-team.","robots":{"index":"index","follow":"follow","max-snippet":"max-snippet:-1","max-image-preview":"max-image-preview:large","max-video-preview":"max-video-preview:-1"},"canonical":"https:\/\/raspberrypi.dk\/no\/raspberry-pi-udvikling-customisation-design-services\/","og_locale":"nb_NO","og_type":"article","og_title":"Raspberry Pi Utvikling (Customisation\/Design Services) RaspberryPi.dk","og_description":"Hos RaspberryPi.dk driver vi Raspberry Pi-utvikling p\u00e5 konsulentbasis. Vi har lang erfaring med Raspberry Pi Customization og et lite Design Services-team.","og_url":"https:\/\/raspberrypi.dk\/no\/raspberry-pi-udvikling-customisation-design-services\/","og_site_name":"RaspberryPi.dk","article_publisher":"https:\/\/facebook.com\/RaspberryPiDanmark","og_image":[{"width":300,"height":300,"url":"https:\/\/raspberrypi.dk\/wp-content\/uploads\/2017\/05\/RaspberryPidk-logo.png","type":"image\/png"}],"twitter_card":"summary_large_image","twitter_site":"@raspberrypidk","twitter_misc":{"Ansl. lesetid":"1 minutt"},"schema":{"@context":"https:\/\/schema.org","@graph":[{"@type":"WebPage","@id":"https:\/\/raspberrypi.dk\/no\/raspberry-pi-udvikling-customisation-design-services\/","url":"https:\/\/raspberrypi.dk\/no\/raspberry-pi-udvikling-customisation-design-services\/","name":"Raspberry Pi Utvikling (Customisation\/Design Services) RaspberryPi.dk","isPartOf":{"@id":"https:\/\/raspberrypi.dk\/no\/#website"},"datePublished":"2017-05-14T19:08:34+00:00","description":"Hos RaspberryPi.dk driver vi Raspberry Pi-utvikling p\u00e5 konsulentbasis. Vi har lang erfaring med Raspberry Pi Customization og et lite Design Services-team.","breadcrumb":{"@id":"https:\/\/raspberrypi.dk\/no\/raspberry-pi-udvikling-customisation-design-services\/#breadcrumb"},"inLanguage":"nb-NO","potentialAction":[{"@type":"ReadAction","target":["https:\/\/raspberrypi.dk\/no\/raspberry-pi-udvikling-customisation-design-services\/"]}]},{"@type":"BreadcrumbList","@id":"https:\/\/raspberrypi.dk\/no\/raspberry-pi-udvikling-customisation-design-services\/#breadcrumb","itemListElement":[{"@type":"ListItem","position":1,"name":"Hjem","item":"https:\/\/raspberrypi.dk\/no\/raspberry-pi-nettbutikk\/"},{"@type":"ListItem","position":2,"name":"Raspberry Pi Udvikling (Customisation\/Design Services)"}]},{"@type":"WebSite","@id":"https:\/\/raspberrypi.dk\/no\/#website","url":"https:\/\/raspberrypi.dk\/no\/","name":"RaspberryPi.dk","description":"Danmarks f\u00f8rende Raspberry Pi side!","publisher":{"@id":"https:\/\/raspberrypi.dk\/no\/#organization"},"potentialAction":[{"@type":"SearchAction","target":{"@type":"EntryPoint","urlTemplate":"https:\/\/raspberrypi.dk\/no\/?s={search_term_string}"},"query-input":{"@type":"PropertyValueSpecification","valueRequired":true,"valueName":"search_term_string"}}],"inLanguage":"nb-NO"},{"@type":"Organization","@id":"https:\/\/raspberrypi.dk\/no\/#organization","name":"RaspberryPi.dk","url":"https:\/\/raspberrypi.dk\/no\/","logo":{"@type":"ImageObject","inLanguage":"nb-NO","@id":"https:\/\/raspberrypi.dk\/no\/#\/schema\/logo\/image\/","url":"https:\/\/raspberrypi.dk\/wp-content\/uploads\/2017\/05\/RaspberryPidk_logo-2.png","contentUrl":"https:\/\/raspberrypi.dk\/wp-content\/uploads\/2017\/05\/RaspberryPidk_logo-2.png","width":470,"height":110,"caption":"RaspberryPi.dk"},"image":{"@id":"https:\/\/raspberrypi.dk\/no\/#\/schema\/logo\/image\/"},"sameAs":["https:\/\/facebook.com\/RaspberryPiDanmark","https:\/\/x.com\/raspberrypidk","https:\/\/instagram.com\/raspberrypi.dk"]}]}},"_links":{"self":[{"href":"https:\/\/raspberrypi.dk\/no\/wp-json\/wp\/v2\/pages\/214097","targetHints":{"allow":["GET"]}}],"collection":[{"href":"https:\/\/raspberrypi.dk\/no\/wp-json\/wp\/v2\/pages"}],"about":[{"href":"https:\/\/raspberrypi.dk\/no\/wp-json\/wp\/v2\/types\/page"}],"author":[{"embeddable":true,"href":"https:\/\/raspberrypi.dk\/no\/wp-json\/wp\/v2\/users\/1"}],"replies":[{"embeddable":true,"href":"https:\/\/raspberrypi.dk\/no\/wp-json\/wp\/v2\/comments?post=214097"}],"version-history":[{"count":0,"href":"https:\/\/raspberrypi.dk\/no\/wp-json\/wp\/v2\/pages\/214097\/revisions"}],"wp:attachment":[{"href":"https:\/\/raspberrypi.dk\/no\/wp-json\/wp\/v2\/media?parent=214097"}],"curies":[{"name":"wp","href":"https:\/\/api.w.org\/{rel}","templated":true}]}}