{"id":214132,"date":"2021-01-08T13:12:10","date_gmt":"2021-01-08T12:12:10","guid":{"rendered":"https:\/\/raspberrypi.dk\/om\/b2b-salg\/"},"modified":"2021-01-08T13:12:10","modified_gmt":"2021-01-08T12:12:10","slug":"b2b-salg","status":"publish","type":"page","link":"https:\/\/raspberrypi.dk\/no\/om\/b2b-salg\/","title":{"rendered":"B2B Salg"},"content":{"rendered":"<p>Vi selger hele v\u00e5rt sortiment som B2B ogs\u00e5. Du f\u00e5r en konto og kan betale med kredittkort eller faktura. Ta kontakt med oss via kontaktskjemaet nedenfor med dine behov, s\u00e5 kommer vi tilbake til deg s\u00e5 fort som mulig! Vi er eksperter p\u00e5:<\/p>\n<ul>\n<li>Designe sett for dine behov<\/li>\n<li>F\u00e5 de laveste prisene p\u00e5 Raspberry Pi-produkter<\/li>\n<li>Oppdater deg med siste ledetider<\/li>\n<li>Du kan forh\u00e5ndsbestille varer som ikke er p\u00e5 lager<\/li>\n<\/ul>\n<p class=\"wpcf7-contact-form-not-found\"><strong>Feil:<\/strong> Kontaktskjema ble ikke funnet.<\/p>\n","protected":false},"excerpt":{"rendered":"<p>Vi selger hele v\u00e5rt sortiment som B2B ogs\u00e5. Du f\u00e5r en konto og kan betale med kredittkort eller faktura. Ta kontakt med oss via kontaktskjemaet nedenfor med dine behov, s\u00e5 kommer vi tilbake til deg s\u00e5 fort som mulig! Vi er eksperter p\u00e5: Designe sett for dine behov F\u00e5 de laveste prisene p\u00e5 Raspberry Pi-produkter [&hellip;]<\/p>\n","protected":false},"author":1,"featured_media":0,"parent":214128,"menu_order":0,"comment_status":"closed","ping_status":"closed","template":"","meta":{"footnotes":""},"class_list":["post-214132","page","type-page","status-publish","hentry"],"yoast_head":"<!-- This site is optimized with the Yoast SEO plugin v27.1.1 - https:\/\/yoast.com\/product\/yoast-seo-wordpress\/ -->\n<title>B2B Salg \u2022 RaspberryPi.dk<\/title>\n<meta name=\"robots\" content=\"index, follow, max-snippet:-1, max-image-preview:large, max-video-preview:-1\" \/>\n<link rel=\"canonical\" href=\"https:\/\/raspberrypi.dk\/no\/om\/b2b-salg\/\" \/>\n<meta property=\"og:locale\" content=\"nb_NO\" \/>\n<meta property=\"og:type\" content=\"article\" \/>\n<meta property=\"og:title\" content=\"B2B Salg \u2022 RaspberryPi.dk\" \/>\n<meta property=\"og:description\" content=\"Vi selger hele v\u00e5rt sortiment som B2B ogs\u00e5. Du f\u00e5r en konto og kan betale med kredittkort eller faktura. Ta kontakt med oss via kontaktskjemaet nedenfor med dine behov, s\u00e5 kommer vi tilbake til deg s\u00e5 fort som mulig! Vi er eksperter p\u00e5: Designe sett for dine behov F\u00e5 de laveste prisene p\u00e5 Raspberry Pi-produkter [&hellip;]\" \/>\n<meta property=\"og:url\" content=\"https:\/\/raspberrypi.dk\/no\/om\/b2b-salg\/\" \/>\n<meta property=\"og:site_name\" content=\"RaspberryPi.dk\" \/>\n<meta property=\"article:publisher\" content=\"https:\/\/facebook.com\/RaspberryPiDanmark\" \/>\n<meta property=\"og:image\" content=\"https:\/\/raspberrypi.dk\/wp-content\/uploads\/2017\/05\/RaspberryPidk-logo.png\" \/>\n\t<meta property=\"og:image:width\" content=\"300\" \/>\n\t<meta property=\"og:image:height\" content=\"300\" \/>\n\t<meta property=\"og:image:type\" content=\"image\/png\" \/>\n<meta name=\"twitter:card\" content=\"summary_large_image\" \/>\n<meta name=\"twitter:site\" content=\"@raspberrypidk\" \/>\n<script type=\"application\/ld+json\" class=\"yoast-schema-graph\">{\"@context\":\"https:\/\/schema.org\",\"@graph\":[{\"@type\":\"WebPage\",\"@id\":\"https:\/\/raspberrypi.dk\/no\/om\/b2b-salg\/\",\"url\":\"https:\/\/raspberrypi.dk\/no\/om\/b2b-salg\/\",\"name\":\"B2B Salg \u2022 RaspberryPi.dk\",\"isPartOf\":{\"@id\":\"https:\/\/raspberrypi.dk\/no\/#website\"},\"datePublished\":\"2021-01-08T12:12:10+00:00\",\"breadcrumb\":{\"@id\":\"https:\/\/raspberrypi.dk\/no\/om\/b2b-salg\/#breadcrumb\"},\"inLanguage\":\"nb-NO\",\"potentialAction\":[{\"@type\":\"ReadAction\",\"target\":[\"https:\/\/raspberrypi.dk\/no\/om\/b2b-salg\/\"]}]},{\"@type\":\"BreadcrumbList\",\"@id\":\"https:\/\/raspberrypi.dk\/no\/om\/b2b-salg\/#breadcrumb\",\"itemListElement\":[{\"@type\":\"ListItem\",\"position\":1,\"name\":\"Hjem\",\"item\":\"https:\/\/raspberrypi.dk\/no\/raspberry-pi-nettbutikk\/\"},{\"@type\":\"ListItem\",\"position\":2,\"name\":\"Om\",\"item\":\"https:\/\/raspberrypi.dk\/no\/om\/\"},{\"@type\":\"ListItem\",\"position\":3,\"name\":\"B2B Salg\"}]},{\"@type\":\"WebSite\",\"@id\":\"https:\/\/raspberrypi.dk\/no\/#website\",\"url\":\"https:\/\/raspberrypi.dk\/no\/\",\"name\":\"RaspberryPi.dk\",\"description\":\"Danmarks f\u00f8rende Raspberry Pi side!\",\"publisher\":{\"@id\":\"https:\/\/raspberrypi.dk\/no\/#organization\"},\"potentialAction\":[{\"@type\":\"SearchAction\",\"target\":{\"@type\":\"EntryPoint\",\"urlTemplate\":\"https:\/\/raspberrypi.dk\/no\/?s={search_term_string}\"},\"query-input\":{\"@type\":\"PropertyValueSpecification\",\"valueRequired\":true,\"valueName\":\"search_term_string\"}}],\"inLanguage\":\"nb-NO\"},{\"@type\":\"Organization\",\"@id\":\"https:\/\/raspberrypi.dk\/no\/#organization\",\"name\":\"RaspberryPi.dk\",\"url\":\"https:\/\/raspberrypi.dk\/no\/\",\"logo\":{\"@type\":\"ImageObject\",\"inLanguage\":\"nb-NO\",\"@id\":\"https:\/\/raspberrypi.dk\/no\/#\/schema\/logo\/image\/\",\"url\":\"https:\/\/raspberrypi.dk\/wp-content\/uploads\/2017\/05\/RaspberryPidk_logo-2.png\",\"contentUrl\":\"https:\/\/raspberrypi.dk\/wp-content\/uploads\/2017\/05\/RaspberryPidk_logo-2.png\",\"width\":470,\"height\":110,\"caption\":\"RaspberryPi.dk\"},\"image\":{\"@id\":\"https:\/\/raspberrypi.dk\/no\/#\/schema\/logo\/image\/\"},\"sameAs\":[\"https:\/\/facebook.com\/RaspberryPiDanmark\",\"https:\/\/x.com\/raspberrypidk\",\"https:\/\/instagram.com\/raspberrypi.dk\"]}]}<\/script>\n<!-- \/ Yoast SEO plugin. -->","yoast_head_json":{"title":"B2B Salg \u2022 RaspberryPi.dk","robots":{"index":"index","follow":"follow","max-snippet":"max-snippet:-1","max-image-preview":"max-image-preview:large","max-video-preview":"max-video-preview:-1"},"canonical":"https:\/\/raspberrypi.dk\/no\/om\/b2b-salg\/","og_locale":"nb_NO","og_type":"article","og_title":"B2B Salg \u2022 RaspberryPi.dk","og_description":"Vi selger hele v\u00e5rt sortiment som B2B ogs\u00e5. Du f\u00e5r en konto og kan betale med kredittkort eller faktura. Ta kontakt med oss via kontaktskjemaet nedenfor med dine behov, s\u00e5 kommer vi tilbake til deg s\u00e5 fort som mulig! Vi er eksperter p\u00e5: Designe sett for dine behov F\u00e5 de laveste prisene p\u00e5 Raspberry Pi-produkter [&hellip;]","og_url":"https:\/\/raspberrypi.dk\/no\/om\/b2b-salg\/","og_site_name":"RaspberryPi.dk","article_publisher":"https:\/\/facebook.com\/RaspberryPiDanmark","og_image":[{"width":300,"height":300,"url":"https:\/\/raspberrypi.dk\/wp-content\/uploads\/2017\/05\/RaspberryPidk-logo.png","type":"image\/png"}],"twitter_card":"summary_large_image","twitter_site":"@raspberrypidk","schema":{"@context":"https:\/\/schema.org","@graph":[{"@type":"WebPage","@id":"https:\/\/raspberrypi.dk\/no\/om\/b2b-salg\/","url":"https:\/\/raspberrypi.dk\/no\/om\/b2b-salg\/","name":"B2B Salg \u2022 RaspberryPi.dk","isPartOf":{"@id":"https:\/\/raspberrypi.dk\/no\/#website"},"datePublished":"2021-01-08T12:12:10+00:00","breadcrumb":{"@id":"https:\/\/raspberrypi.dk\/no\/om\/b2b-salg\/#breadcrumb"},"inLanguage":"nb-NO","potentialAction":[{"@type":"ReadAction","target":["https:\/\/raspberrypi.dk\/no\/om\/b2b-salg\/"]}]},{"@type":"BreadcrumbList","@id":"https:\/\/raspberrypi.dk\/no\/om\/b2b-salg\/#breadcrumb","itemListElement":[{"@type":"ListItem","position":1,"name":"Hjem","item":"https:\/\/raspberrypi.dk\/no\/raspberry-pi-nettbutikk\/"},{"@type":"ListItem","position":2,"name":"Om","item":"https:\/\/raspberrypi.dk\/no\/om\/"},{"@type":"ListItem","position":3,"name":"B2B Salg"}]},{"@type":"WebSite","@id":"https:\/\/raspberrypi.dk\/no\/#website","url":"https:\/\/raspberrypi.dk\/no\/","name":"RaspberryPi.dk","description":"Danmarks f\u00f8rende Raspberry Pi side!","publisher":{"@id":"https:\/\/raspberrypi.dk\/no\/#organization"},"potentialAction":[{"@type":"SearchAction","target":{"@type":"EntryPoint","urlTemplate":"https:\/\/raspberrypi.dk\/no\/?s={search_term_string}"},"query-input":{"@type":"PropertyValueSpecification","valueRequired":true,"valueName":"search_term_string"}}],"inLanguage":"nb-NO"},{"@type":"Organization","@id":"https:\/\/raspberrypi.dk\/no\/#organization","name":"RaspberryPi.dk","url":"https:\/\/raspberrypi.dk\/no\/","logo":{"@type":"ImageObject","inLanguage":"nb-NO","@id":"https:\/\/raspberrypi.dk\/no\/#\/schema\/logo\/image\/","url":"https:\/\/raspberrypi.dk\/wp-content\/uploads\/2017\/05\/RaspberryPidk_logo-2.png","contentUrl":"https:\/\/raspberrypi.dk\/wp-content\/uploads\/2017\/05\/RaspberryPidk_logo-2.png","width":470,"height":110,"caption":"RaspberryPi.dk"},"image":{"@id":"https:\/\/raspberrypi.dk\/no\/#\/schema\/logo\/image\/"},"sameAs":["https:\/\/facebook.com\/RaspberryPiDanmark","https:\/\/x.com\/raspberrypidk","https:\/\/instagram.com\/raspberrypi.dk"]}]}},"_links":{"self":[{"href":"https:\/\/raspberrypi.dk\/no\/wp-json\/wp\/v2\/pages\/214132","targetHints":{"allow":["GET"]}}],"collection":[{"href":"https:\/\/raspberrypi.dk\/no\/wp-json\/wp\/v2\/pages"}],"about":[{"href":"https:\/\/raspberrypi.dk\/no\/wp-json\/wp\/v2\/types\/page"}],"author":[{"embeddable":true,"href":"https:\/\/raspberrypi.dk\/no\/wp-json\/wp\/v2\/users\/1"}],"replies":[{"embeddable":true,"href":"https:\/\/raspberrypi.dk\/no\/wp-json\/wp\/v2\/comments?post=214132"}],"version-history":[{"count":0,"href":"https:\/\/raspberrypi.dk\/no\/wp-json\/wp\/v2\/pages\/214132\/revisions"}],"up":[{"embeddable":true,"href":"https:\/\/raspberrypi.dk\/no\/wp-json\/wp\/v2\/pages\/214128"}],"wp:attachment":[{"href":"https:\/\/raspberrypi.dk\/no\/wp-json\/wp\/v2\/media?parent=214132"}],"curies":[{"name":"wp","href":"https:\/\/api.w.org\/{rel}","templated":true}]}}