{"id":214133,"date":"2017-10-11T14:57:23","date_gmt":"2017-10-11T12:57:23","guid":{"rendered":"https:\/\/raspberrypi.dk\/om\/personvernerklaering\/"},"modified":"2017-10-11T14:57:23","modified_gmt":"2017-10-11T12:57:23","slug":"personvernerklaering","status":"publish","type":"page","link":"https:\/\/raspberrypi.dk\/no\/om\/personvernerklaering\/","title":{"rendered":"Personvernerkl\u00e6ring"},"content":{"rendered":"<p><strong>Personvernerkl\u00e6ring<\/strong><\/p>\n<p>Denne personvernerkl\u00e6ringen er utarbeidet for \u00e5 bedre tjene de som er opptatt av hvordan deres &#8216;Personlig identifiserbar informasjon&#8217; (PII) blir brukt p\u00e5 nettet. PII, som beskrevet i amerikansk personvernlov og informasjonssikkerhet, er informasjon som kan brukes alene eller sammen med annen informasjon for \u00e5 identifisere, kontakte eller lokalisere en enkelt person, eller for \u00e5 identifisere en person i kontekst. Vennligst les v\u00e5r personvernerkl\u00e6ring n\u00f8ye for \u00e5 f\u00e5 en klar forst\u00e5else av hvordan vi samler inn, bruker, beskytter eller p\u00e5 annen m\u00e5te h\u00e5ndterer din personlig identifiserbare informasjon i samsvar med nettstedet v\u00e5rt.<\/p>\n<p><strong>Hvilken personlig informasjon samler vi inn fra personene som bes\u00f8ker bloggen, nettstedet eller appen v\u00e5r?<\/strong><\/p>\n<p>N\u00e5r du bestiller eller registrerer deg p\u00e5 nettstedet v\u00e5rt, etter behov, kan du bli bedt om \u00e5 oppgi navn, e-postadresse, postadresse, telefonnummer, kredittkortinformasjon eller andre detaljer for \u00e5 hjelpe deg med din opplevelse.<\/p>\n<p><strong>N\u00e5r samler vi inn informasjon?<\/strong><\/p>\n<p>Vi samler inn informasjon fra deg n\u00e5r du registrerer deg p\u00e5 nettstedet v\u00e5rt, legger inn en bestilling, abonnerer p\u00e5 et nyhetsbrev eller legger inn informasjon p\u00e5 nettstedet v\u00e5rt.<\/p>\n<p><strong>Hvordan bruker vi informasjonen din?<\/strong><\/p>\n<p>Vi kan bruke informasjonen vi samler inn fra deg n\u00e5r du registrerer deg, foretar et kj\u00f8p, registrerer deg for v\u00e5rt nyhetsbrev, svarer p\u00e5 en sp\u00f8rreunders\u00f8kelse eller markedskommunikasjon, surfer p\u00e5 nettstedet eller bruker visse andre funksjoner p\u00e5 nettstedet p\u00e5 f\u00f8lgende m\u00e5ter:<br \/>\n\u2022 For \u00e5 forbedre nettstedet v\u00e5rt for \u00e5 kunne betjene deg bedre.<br \/>\n\u2022 For raskt \u00e5 behandle transaksjonene dine.<br \/>\n\u2022 \u00c5 f\u00f8lge opp med dem etter korrespondanse (live chat, e-post eller telefonhenvendelser)<\/p>\n<p><strong>Hvordan beskytter vi informasjonen din?<\/strong><\/p>\n<p>Vi bruker ikke s\u00e5rbarhetsskanning og\/eller skanning til PCI-standarder.<br \/>\nEn ekstern PCI-kompatibel betalingsgateway h\u00e5ndterer alle CC-transaksjoner.<br \/>\nVi bruker ikke skanning av skadelig programvare.<\/p>\n<p>Din personlige informasjon er inneholdt bak sikrede nettverk og er kun tilgjengelig for et begrenset antall personer som har spesielle tilgangsrettigheter til slike systemer, og er p\u00e5lagt \u00e5 holde informasjonen konfidensiell. I tillegg er all sensitiv\/kredittinformasjon du oppgir kryptert via Secure Socket Layer (SSL) teknologi.<\/p>\n<p>Vi implementerer en rekke sikkerhetstiltak n\u00e5r en bruker legger inn en bestilling angir, sender inn eller f\u00e5r tilgang til informasjonen deres for \u00e5 opprettholde sikkerheten til din personlige informasjon.<\/p>\n<p>Alle transaksjoner behandles gjennom en gateway-leverand\u00f8r og blir ikke lagret eller behandlet p\u00e5 v\u00e5re servere.<\/p>\n<p><strong>Bruker vi &laquo;informasjonskapsler&raquo;?<\/strong><\/p>\n<p>Ja. Informasjonskapsler er sm\u00e5 filer som et nettsted eller dets tjenesteleverand\u00f8r overf\u00f8rer til datamaskinens harddisk gjennom nettleseren din (hvis du tillater det) som gj\u00f8r det mulig for nettstedets eller tjenesteleverand\u00f8rens systemer \u00e5 gjenkjenne nettleseren din og fange opp og huske viss informasjon. For eksempel bruker vi informasjonskapsler for \u00e5 hjelpe oss med \u00e5 huske og behandle varene i handlekurven din. De brukes ogs\u00e5 til \u00e5 hjelpe oss \u00e5 forst\u00e5 dine preferanser basert p\u00e5 tidligere eller n\u00e5v\u00e6rende aktivitet p\u00e5 nettstedet, noe som gj\u00f8r oss i stand til \u00e5 gi deg forbedrede tjenester. Vi bruker ogs\u00e5 informasjonskapsler for \u00e5 hjelpe oss med \u00e5 kompilere aggregerte data om nettstedtrafikk og nettstedinteraksjon, slik at vi kan tilby bedre nettstedopplevelser og verkt\u00f8y i fremtiden.<\/p>\n<p><strong>Vi bruker informasjonskapsler for \u00e5:<\/strong><br \/>\n\u2022 Hjelp til \u00e5 huske og behandle varene i handlekurven.<br \/>\n\u2022 Hold oversikt over annonser.<br \/>\n\u2022 Samle aggregerte data om nettstedtrafikk og nettstedinteraksjoner for \u00e5 tilby bedre nettstedopplevelser og verkt\u00f8y i fremtiden. Vi kan ogs\u00e5 bruke p\u00e5litelige tredjepartstjenester som sporer denne informasjonen p\u00e5 v\u00e5re vegne.<\/p>\n<p>Du kan velge \u00e5 la datamaskinen din advare deg hver gang en informasjonskapsel sendes, eller du kan velge \u00e5 sl\u00e5 av alle informasjonskapsler. Dette gj\u00f8r du gjennom nettleserinnstillingene. Siden nettleseren er litt annerledes, se p\u00e5 nettleserens hjelpemeny for \u00e5 finne ut hvordan du endrer informasjonskapslene p\u00e5 riktig m\u00e5te.<\/p>\n<p><strong>Hvis brukere deaktiverer informasjonskapsler i nettleseren:<\/strong><\/p>\n<p>Hvis du sl\u00e5r av informasjonskapsler, kan det hende at noen av funksjonene som gj\u00f8r nettstedopplevelsen din mer effektiv, ikke fungerer som den skal. Noen av funksjonene som gj\u00f8r opplevelsen av nettstedet mer effektiv og kanskje ikke fungerer som de skal.<\/p>\n<p><strong>Tredjeparts avsl\u00f8ring<\/strong><\/p>\n<p>Vi selger, bytter eller p\u00e5 annen m\u00e5te overf\u00f8rer ikke din personlig identifiserbare informasjon til eksterne parter med mindre vi gir brukere forh\u00e5ndsvarsel. Dette inkluderer ikke vertspartnere for nettsteder og andre parter som hjelper oss med \u00e5 drive nettstedet v\u00e5rt, drive virksomheten v\u00e5r eller betjene brukerne v\u00e5re, s\u00e5 lenge disse partene godtar \u00e5 holde denne informasjonen konfidensiell. Vi kan ogs\u00e5 frigi informasjon n\u00e5r utgivelsen er passende for \u00e5 overholde loven, h\u00e5ndheve retningslinjene for nettstedet eller beskytte v\u00e5re eller andres rettigheter, eiendom eller sikkerhet.<br \/>\nImidlertid kan ikke-personlig identifiserbar bes\u00f8ksinformasjon gis til andre parter for markedsf\u00f8ring, reklame eller annen bruk.<\/p>\n<p><strong>Tredjepartskoblinger<\/strong><\/p>\n<p>Vi inkluderer ikke eller tilbyr tredjeparts produkter eller tjenester p\u00e5 nettstedet v\u00e5rt.<\/p>\n<p><strong>Google<\/strong><\/p>\n<p>Googles annonseringskrav kan oppsummeres av Googles annonseringsprinsipper. De er satt p\u00e5 plass for \u00e5 gi en positiv opplevelse for brukerne. https:\/\/support.google.com\/adwordspolicy\/answer\/1316548?hl=no<\/p>\n<p><strong>Vi bruker Google AdSense-annonsering p\u00e5 nettstedet v\u00e5rt.<\/strong><br \/>\nGoogle, som en tredjepartsleverand\u00f8r, bruker informasjonskapsler for \u00e5 vise annonser p\u00e5 nettstedet v\u00e5rt. Googles bruk av DART-informasjonskapselen gj\u00f8r at den kan vise annonser til brukerne v\u00e5re basert p\u00e5 tidligere bes\u00f8k p\u00e5 nettstedet v\u00e5rt og andre nettsteder p\u00e5 Internett. Brukere kan velge bort bruken av DART-informasjonskapselen ved \u00e5 bes\u00f8ke personvernreglene for Googles annonser og innholdsnettverk.<\/p>\n<p><strong>Vi har implementert f\u00f8lgende:<\/strong><br \/>\n\u2022 Remarketing med Google AdSense<br \/>\n\u2022 Rapportering av demografi og interesser<\/p>\n<p>Vi, sammen med tredjepartsleverand\u00f8rer som Google bruker f\u00f8rsteparts informasjonskapsler (som Google Analytics informasjonskapsler) og tredjeparts informasjonskapsler (som DoubleClick informasjonskapsel) eller andre tredjeparts identifikatorer sammen for \u00e5 samle data ang\u00e5ende brukerinteraksjoner med annonsevisninger og andre annonsetjenestefunksjoner som er relatert til nettstedet v\u00e5rt.<\/p>\n<p><strong>Utmelding:<\/strong><\/p>\n<p>Brukere kan angi preferanser for hvordan Google annonserer for deg ved \u00e5 bruke siden for Google Annonseinnstillinger. Alternativt kan du velge bort ved \u00e5 g\u00e5 til Network Advertising Initiative Opt Out-siden eller ved \u00e5 bruke Google Analytics Opt Out Browser-tillegget.<\/p>\n<p><strong>California Online Privacy Protection Act<\/strong><\/p>\n<p>CalOPPA er den f\u00f8rste statlige loven i landet som krever at kommersielle nettsteder og onlinetjenester legger ut en personvernpolicy. Lovens rekkevidde strekker seg langt utover California for \u00e5 kreve at enhver person eller selskap i USA (og muligens verden) som driver nettsteder som samler inn personlig identifiserbar informasjon fra California-forbrukere, skal legge ut en i\u00f8ynefallende personvernpolicy p\u00e5 nettsiden som angir n\u00f8yaktig informasjonen som samles inn og de enkeltpersoner eller selskaper som det deles med.<\/p>\n<p><strong>I f\u00f8lge CalOPPA godtar vi f\u00f8lgende:<\/strong><br \/>\nBrukere kan bes\u00f8ke nettstedet v\u00e5rt anonymt.<br \/>\nN\u00e5r denne personvernerkl\u00e6ringen er opprettet, vil vi legge til en lenke til den p\u00e5 hjemmesiden v\u00e5r eller som et minimum p\u00e5 den f\u00f8rste viktige siden etter \u00e5 ha g\u00e5tt inn p\u00e5 nettsiden v\u00e5r.<br \/>\nLinken v\u00e5r for personvernpolicy inneholder ordet &laquo;Personvern&raquo; og kan enkelt finnes p\u00e5 siden spesifisert ovenfor.<br \/>\nDu vil bli varslet om endringer i personvernerkl\u00e6ringen:<br \/>\n\u2022 P\u00e5 v\u00e5r personvernside<br \/>\nKan endre din personlige informasjon:<br \/>\n\u2022 Ved \u00e5 sende oss en e-post<\/p>\n<p><strong>Hvordan h\u00e5ndterer nettstedet v\u00e5rt Ikke spor-signaler?<\/strong><br \/>\nVi respekterer Ikke spor-signaler og ikke spor, planter informasjonskapsler eller bruker reklame n\u00e5r en nettlesermekanisme (Do Not Track) er p\u00e5 plass.<\/p>\n<p><strong>Tillater nettstedet v\u00e5rt tredjeparts atferdssporing?<\/strong><br \/>\nDet er ogs\u00e5 viktig \u00e5 merke seg at vi tillater tredjeparts atferdssporing<\/p>\n<p><strong>COPPA (Children Online Privacy Protection Act)<\/strong><br \/>\nN\u00e5r det gjelder innsamling av personopplysninger fra barn under 13 \u00e5r, setter Children&#8217;s Online Privacy Protection Act (COPPA) foreldrene i kontroll. Federal Trade Commission, USAs forbrukerbeskyttelsesbyr\u00e5, h\u00e5ndhever COPPA-regelen, som presiserer hva operat\u00f8rer av nettsteder og nettjenester m\u00e5 gj\u00f8re for \u00e5 beskytte barns personvern og sikkerhet p\u00e5 nettet.<br \/>\nVi markedsf\u00f8rer ikke spesifikt til barn under 13 \u00e5r.<br \/>\nLar vi tredjeparter, inkludert annonsenettverk eller plugin-moduler, samle PII fra barn under 13 \u00e5r?<\/p>\n<p><strong>Rettferdig informasjonspraksis<\/strong><\/p>\n<p>Fair Information Practices-prinsippene utgj\u00f8r ryggraden i personvernloven i USA, og konseptene de inkluderer har spilt en betydelig rolle i utviklingen av databeskyttelseslover over hele verden. \u00c5 forst\u00e5 prinsippene for rettferdig informasjonspraksis og hvordan de b\u00f8r implementeres er avgj\u00f8rende for \u00e5 overholde de ulike personvernlovene som beskytter personlig informasjon.<\/p>\n<p><strong>For \u00e5 v\u00e6re i tr\u00e5d med rettferdig informasjonspraksis vil vi iverksette f\u00f8lgende responsive tiltak dersom et datainnbrudd skulle oppst\u00e5:<\/strong><br \/>\nVi vil varsle deg via e-post<br \/>\n\u2022 Innen 7 virkedager<br \/>\nVi godtar ogs\u00e5 prinsippet om individuell oppreisning som krever at enkeltpersoner har rett til \u00e5 lovlig forf\u00f8lge rettigheter som kan h\u00e5ndheves mot datainnsamlere og databehandlere som ikke overholder loven. Dette prinsippet krever ikke bare at enkeltpersoner har rettigheter som kan h\u00e5ndheves mot databrukere, men ogs\u00e5 at enkeltpersoner kan henvende seg til domstoler eller offentlige etater for \u00e5 etterforske og\/eller straffeforf\u00f8lge databehandleres manglende overholdelse.<\/p>\n","protected":false},"excerpt":{"rendered":"<p>Personvernerkl\u00e6ring Denne personvernerkl\u00e6ringen er utarbeidet for \u00e5 bedre tjene de som er opptatt av hvordan deres &#8216;Personlig identifiserbar informasjon&#8217; (PII) blir brukt p\u00e5 nettet. PII, som beskrevet i amerikansk personvernlov og informasjonssikkerhet, er informasjon som kan brukes alene eller sammen med annen informasjon for \u00e5 identifisere, kontakte eller lokalisere en enkelt person, eller for \u00e5 [&hellip;]<\/p>\n","protected":false},"author":1,"featured_media":0,"parent":214128,"menu_order":12,"comment_status":"closed","ping_status":"open","template":"","meta":{"footnotes":""},"class_list":["post-214133","page","type-page","status-publish","hentry"],"yoast_head":"<!-- This site is optimized with the Yoast SEO plugin v27.1.1 - https:\/\/yoast.com\/product\/yoast-seo-wordpress\/ -->\n<title>Personvernerkl\u00e6ring \u2022 RaspberryPi.dk<\/title>\n<meta name=\"robots\" content=\"noindex, follow\" \/>\n<meta property=\"og:locale\" content=\"nb_NO\" \/>\n<meta property=\"og:type\" content=\"article\" \/>\n<meta property=\"og:title\" content=\"Personvernerkl\u00e6ring \u2022 RaspberryPi.dk\" \/>\n<meta property=\"og:description\" content=\"Personvernerkl\u00e6ring Denne personvernerkl\u00e6ringen er utarbeidet for \u00e5 bedre tjene de som er opptatt av hvordan deres &#8216;Personlig identifiserbar informasjon&#8217; (PII) blir brukt p\u00e5 nettet. PII, som beskrevet i amerikansk personvernlov og informasjonssikkerhet, er informasjon som kan brukes alene eller sammen med annen informasjon for \u00e5 identifisere, kontakte eller lokalisere en enkelt person, eller for \u00e5 [&hellip;]\" \/>\n<meta property=\"og:url\" content=\"https:\/\/raspberrypi.dk\/no\/om\/personvernerklaering\/\" \/>\n<meta property=\"og:site_name\" content=\"RaspberryPi.dk\" \/>\n<meta property=\"article:publisher\" content=\"https:\/\/facebook.com\/RaspberryPiDanmark\" \/>\n<meta property=\"og:image\" content=\"https:\/\/raspberrypi.dk\/wp-content\/uploads\/2017\/05\/RaspberryPidk-logo.png\" \/>\n\t<meta property=\"og:image:width\" content=\"300\" \/>\n\t<meta property=\"og:image:height\" content=\"300\" \/>\n\t<meta property=\"og:image:type\" content=\"image\/png\" \/>\n<meta name=\"twitter:card\" content=\"summary_large_image\" \/>\n<meta name=\"twitter:site\" content=\"@raspberrypidk\" \/>\n<meta name=\"twitter:label1\" content=\"Ansl. lesetid\" \/>\n\t<meta name=\"twitter:data1\" content=\"7 minutter\" \/>\n<script type=\"application\/ld+json\" class=\"yoast-schema-graph\">{\"@context\":\"https:\/\/schema.org\",\"@graph\":[{\"@type\":\"WebPage\",\"@id\":\"https:\/\/raspberrypi.dk\/no\/om\/personvernerklaering\/\",\"url\":\"https:\/\/raspberrypi.dk\/no\/om\/personvernerklaering\/\",\"name\":\"Personvernerkl\u00e6ring \u2022 RaspberryPi.dk\",\"isPartOf\":{\"@id\":\"https:\/\/raspberrypi.dk\/no\/#website\"},\"datePublished\":\"2017-10-11T12:57:23+00:00\",\"breadcrumb\":{\"@id\":\"https:\/\/raspberrypi.dk\/no\/om\/personvernerklaering\/#breadcrumb\"},\"inLanguage\":\"nb-NO\",\"potentialAction\":[{\"@type\":\"ReadAction\",\"target\":[\"https:\/\/raspberrypi.dk\/no\/om\/personvernerklaering\/\"]}]},{\"@type\":\"BreadcrumbList\",\"@id\":\"https:\/\/raspberrypi.dk\/no\/om\/personvernerklaering\/#breadcrumb\",\"itemListElement\":[{\"@type\":\"ListItem\",\"position\":1,\"name\":\"Hjem\",\"item\":\"https:\/\/raspberrypi.dk\/no\/raspberry-pi-nettbutikk\/\"},{\"@type\":\"ListItem\",\"position\":2,\"name\":\"Om\",\"item\":\"https:\/\/raspberrypi.dk\/no\/om\/\"},{\"@type\":\"ListItem\",\"position\":3,\"name\":\"Personvernerkl\u00e6ring\"}]},{\"@type\":\"WebSite\",\"@id\":\"https:\/\/raspberrypi.dk\/no\/#website\",\"url\":\"https:\/\/raspberrypi.dk\/no\/\",\"name\":\"RaspberryPi.dk\",\"description\":\"Danmarks f\u00f8rende Raspberry Pi side!\",\"publisher\":{\"@id\":\"https:\/\/raspberrypi.dk\/no\/#organization\"},\"potentialAction\":[{\"@type\":\"SearchAction\",\"target\":{\"@type\":\"EntryPoint\",\"urlTemplate\":\"https:\/\/raspberrypi.dk\/no\/?s={search_term_string}\"},\"query-input\":{\"@type\":\"PropertyValueSpecification\",\"valueRequired\":true,\"valueName\":\"search_term_string\"}}],\"inLanguage\":\"nb-NO\"},{\"@type\":\"Organization\",\"@id\":\"https:\/\/raspberrypi.dk\/no\/#organization\",\"name\":\"RaspberryPi.dk\",\"url\":\"https:\/\/raspberrypi.dk\/no\/\",\"logo\":{\"@type\":\"ImageObject\",\"inLanguage\":\"nb-NO\",\"@id\":\"https:\/\/raspberrypi.dk\/no\/#\/schema\/logo\/image\/\",\"url\":\"https:\/\/raspberrypi.dk\/wp-content\/uploads\/2017\/05\/RaspberryPidk_logo-2.png\",\"contentUrl\":\"https:\/\/raspberrypi.dk\/wp-content\/uploads\/2017\/05\/RaspberryPidk_logo-2.png\",\"width\":470,\"height\":110,\"caption\":\"RaspberryPi.dk\"},\"image\":{\"@id\":\"https:\/\/raspberrypi.dk\/no\/#\/schema\/logo\/image\/\"},\"sameAs\":[\"https:\/\/facebook.com\/RaspberryPiDanmark\",\"https:\/\/x.com\/raspberrypidk\",\"https:\/\/instagram.com\/raspberrypi.dk\"]}]}<\/script>\n<!-- \/ Yoast SEO plugin. -->","yoast_head_json":{"title":"Personvernerkl\u00e6ring \u2022 RaspberryPi.dk","robots":{"index":"noindex","follow":"follow"},"og_locale":"nb_NO","og_type":"article","og_title":"Personvernerkl\u00e6ring \u2022 RaspberryPi.dk","og_description":"Personvernerkl\u00e6ring Denne personvernerkl\u00e6ringen er utarbeidet for \u00e5 bedre tjene de som er opptatt av hvordan deres &#8216;Personlig identifiserbar informasjon&#8217; (PII) blir brukt p\u00e5 nettet. PII, som beskrevet i amerikansk personvernlov og informasjonssikkerhet, er informasjon som kan brukes alene eller sammen med annen informasjon for \u00e5 identifisere, kontakte eller lokalisere en enkelt person, eller for \u00e5 [&hellip;]","og_url":"https:\/\/raspberrypi.dk\/no\/om\/personvernerklaering\/","og_site_name":"RaspberryPi.dk","article_publisher":"https:\/\/facebook.com\/RaspberryPiDanmark","og_image":[{"width":300,"height":300,"url":"https:\/\/raspberrypi.dk\/wp-content\/uploads\/2017\/05\/RaspberryPidk-logo.png","type":"image\/png"}],"twitter_card":"summary_large_image","twitter_site":"@raspberrypidk","twitter_misc":{"Ansl. lesetid":"7 minutter"},"schema":{"@context":"https:\/\/schema.org","@graph":[{"@type":"WebPage","@id":"https:\/\/raspberrypi.dk\/no\/om\/personvernerklaering\/","url":"https:\/\/raspberrypi.dk\/no\/om\/personvernerklaering\/","name":"Personvernerkl\u00e6ring \u2022 RaspberryPi.dk","isPartOf":{"@id":"https:\/\/raspberrypi.dk\/no\/#website"},"datePublished":"2017-10-11T12:57:23+00:00","breadcrumb":{"@id":"https:\/\/raspberrypi.dk\/no\/om\/personvernerklaering\/#breadcrumb"},"inLanguage":"nb-NO","potentialAction":[{"@type":"ReadAction","target":["https:\/\/raspberrypi.dk\/no\/om\/personvernerklaering\/"]}]},{"@type":"BreadcrumbList","@id":"https:\/\/raspberrypi.dk\/no\/om\/personvernerklaering\/#breadcrumb","itemListElement":[{"@type":"ListItem","position":1,"name":"Hjem","item":"https:\/\/raspberrypi.dk\/no\/raspberry-pi-nettbutikk\/"},{"@type":"ListItem","position":2,"name":"Om","item":"https:\/\/raspberrypi.dk\/no\/om\/"},{"@type":"ListItem","position":3,"name":"Personvernerkl\u00e6ring"}]},{"@type":"WebSite","@id":"https:\/\/raspberrypi.dk\/no\/#website","url":"https:\/\/raspberrypi.dk\/no\/","name":"RaspberryPi.dk","description":"Danmarks f\u00f8rende Raspberry Pi side!","publisher":{"@id":"https:\/\/raspberrypi.dk\/no\/#organization"},"potentialAction":[{"@type":"SearchAction","target":{"@type":"EntryPoint","urlTemplate":"https:\/\/raspberrypi.dk\/no\/?s={search_term_string}"},"query-input":{"@type":"PropertyValueSpecification","valueRequired":true,"valueName":"search_term_string"}}],"inLanguage":"nb-NO"},{"@type":"Organization","@id":"https:\/\/raspberrypi.dk\/no\/#organization","name":"RaspberryPi.dk","url":"https:\/\/raspberrypi.dk\/no\/","logo":{"@type":"ImageObject","inLanguage":"nb-NO","@id":"https:\/\/raspberrypi.dk\/no\/#\/schema\/logo\/image\/","url":"https:\/\/raspberrypi.dk\/wp-content\/uploads\/2017\/05\/RaspberryPidk_logo-2.png","contentUrl":"https:\/\/raspberrypi.dk\/wp-content\/uploads\/2017\/05\/RaspberryPidk_logo-2.png","width":470,"height":110,"caption":"RaspberryPi.dk"},"image":{"@id":"https:\/\/raspberrypi.dk\/no\/#\/schema\/logo\/image\/"},"sameAs":["https:\/\/facebook.com\/RaspberryPiDanmark","https:\/\/x.com\/raspberrypidk","https:\/\/instagram.com\/raspberrypi.dk"]}]}},"_links":{"self":[{"href":"https:\/\/raspberrypi.dk\/no\/wp-json\/wp\/v2\/pages\/214133","targetHints":{"allow":["GET"]}}],"collection":[{"href":"https:\/\/raspberrypi.dk\/no\/wp-json\/wp\/v2\/pages"}],"about":[{"href":"https:\/\/raspberrypi.dk\/no\/wp-json\/wp\/v2\/types\/page"}],"author":[{"embeddable":true,"href":"https:\/\/raspberrypi.dk\/no\/wp-json\/wp\/v2\/users\/1"}],"replies":[{"embeddable":true,"href":"https:\/\/raspberrypi.dk\/no\/wp-json\/wp\/v2\/comments?post=214133"}],"version-history":[{"count":0,"href":"https:\/\/raspberrypi.dk\/no\/wp-json\/wp\/v2\/pages\/214133\/revisions"}],"up":[{"embeddable":true,"href":"https:\/\/raspberrypi.dk\/no\/wp-json\/wp\/v2\/pages\/214128"}],"wp:attachment":[{"href":"https:\/\/raspberrypi.dk\/no\/wp-json\/wp\/v2\/media?parent=214133"}],"curies":[{"name":"wp","href":"https:\/\/api.w.org\/{rel}","templated":true}]}}