{"id":126790,"date":"2021-01-22T15:24:46","date_gmt":"2021-01-22T14:24:46","guid":{"rendered":"https:\/\/raspberrypi.dk\/produkt\/smartipi-touch-pro-case-til-raspberry-pi-7%e2%80%b3-touchscreen-display\/"},"modified":"2025-09-23T12:31:17","modified_gmt":"2025-09-23T10:31:17","slug":"smartipi-touch-pro-case-til-raspberry-pi-7%e2%80%b3-touchscreen-display","status":"publish","type":"product","link":"https:\/\/raspberrypi.dk\/no\/produkt\/smartipi-touch-pro-case-til-raspberry-pi-7%e2%80%b3-touchscreen-display\/","title":{"rendered":"SmartiPi Touch Pro &#8211; Case til Raspberry Pi 7\u2033 Touchscreen Display"},"content":{"rendered":"<p><strong>Funksjoner<\/strong><\/p>\n<ul>\n<li>Inkludert kj\u00f8levifte med gummivibrasjonsfester<\/li>\n<li>Fungerer med alle varianter av Raspberry Pi 2,3 eller 4<\/li>\n<li>Micro USB-splitter for bruk med Pi 2 og 3 (Micro USB-inngang)<\/li>\n<li>USB-C Splitter for bruk med Pi 4 (USB-C-inngang)<\/li>\n<li>Bunnplate av metall inkludert<\/li>\n<li>Baksidepanel for ledningsf\u00f8ring<\/li>\n<li>Valgfritt Raspberry Pi kamerafeste inkludert<\/li>\n<li>Kamerahull kan skjules med medf\u00f8lgende frontpanel<\/li>\n<li>Skreddersydd frontramme tilgjengelig<\/li>\n<li>Inkludert portblokkerende del for Pi 2,3 eller 4 (kutt ut plast knappene med kniv)<\/li>\n<li>To sm\u00e5 fotfester (inkludert) kan brukes i stedet for det store stativet<\/li>\n<li>Skjermen kan tiltes til ned til 37 grader<\/li>\n<li>Fungerer med den offisielle <a href=\"https:\/\/raspberrypi.dk\/no\/produkt\/officiel-raspberry-pi-7-touchscreen-display\/\">Raspberry Pi-skjermen<\/a><\/li>\n<li>Det andre settet med gjengede m2.5 monteringspunkter kan brukes til \u00e5 montere ditt eget utviklingskort (HAT-kompatible monteringspunkter)<\/li>\n<li>Vegg\u00f8yer for veggmontering<\/li>\n<li>75 mm VESA-monteringsm\u00f8nster p\u00e5 baksiden<\/li>\n<li>Fungerer med HAT-brett<\/li>\n<li>To st\u00f8rrelser tilgjengelig<\/li>\n<li>Hvit versjon blir tilgjengelig i mars 2021<\/li>\n<\/ul>\n","protected":false},"excerpt":{"rendered":"<p>Oppgradert versjon av v\u00e5r popul\u00e6re SmartPi Touch 2 case. Velg st\u00f8rrelse (ledig plass bak Raspberry Pi) nedenfor.<\/p>\n","protected":false},"featured_media":126807,"comment_status":"open","ping_status":"closed","template":"","meta":[],"product_brand":[],"product_cat":[595,594],"product_tag":[717],"class_list":{"0":"post-126790","1":"product","2":"type-product","3":"status-publish","4":"has-post-thumbnail","6":"product_cat-raspberry-pi-displays-no","7":"product_cat-raspberry-pi-cases-no","8":"product_tag-rpi4-no","10":"first","11":"outofstock","12":"taxable","13":"shipping-taxable","14":"purchasable","15":"product-type-variable","16":"has-default-attributes"},"composite_virtual":false,"composite_layout":"","composite_add_to_cart_form_location":"","composite_editable_in_cart":false,"composite_sold_individually_context":"","composite_shop_price_calc":"","composite_components":[],"composite_scenarios":[],"bundled_by":[],"bundle_stock_status":"outofstock","bundle_stock_quantity":null,"bundle_virtual":false,"bundle_layout":"","bundle_add_to_cart_form_location":"","bundle_editable_in_cart":false,"bundle_sold_individually_context":"","bundle_item_grouping":"","bundle_min_size":"","bundle_max_size":"","bundle_price":[],"bundled_items":[],"bundle_sell_ids":[],"yoast_head":"<!-- This site is optimized with the Yoast SEO plugin v27.1.1 - https:\/\/yoast.com\/product\/yoast-seo-wordpress\/ -->\n<title>SmartiPi Touch Pro - Case til Raspberry Pi 7\u2033 Touchscreen Display \u2022 RaspberryPi.dk<\/title>\n<meta name=\"robots\" content=\"index, follow, max-snippet:-1, max-image-preview:large, max-video-preview:-1\" \/>\n<link rel=\"canonical\" href=\"https:\/\/raspberrypi.dk\/no\/produkt\/smartipi-touch-pro-case-til-raspberry-pi-7%e2%80%b3-touchscreen-display\/\" \/>\n<meta property=\"og:locale\" content=\"nb_NO\" \/>\n<meta property=\"og:type\" content=\"article\" \/>\n<meta property=\"og:title\" content=\"SmartiPi Touch Pro - Case til Raspberry Pi 7\u2033 Touchscreen Display \u2022 RaspberryPi.dk\" \/>\n<meta property=\"og:description\" content=\"Oppgradert versjon av v\u00e5r popul\u00e6re SmartPi Touch 2 case. Velg st\u00f8rrelse (ledig plass bak Raspberry Pi) nedenfor.\" \/>\n<meta property=\"og:url\" content=\"https:\/\/raspberrypi.dk\/no\/produkt\/smartipi-touch-pro-case-til-raspberry-pi-7%e2%80%b3-touchscreen-display\/\" \/>\n<meta property=\"og:site_name\" content=\"RaspberryPi.dk\" \/>\n<meta property=\"article:publisher\" content=\"https:\/\/facebook.com\/RaspberryPiDanmark\" \/>\n<meta property=\"article:modified_time\" content=\"2025-09-23T10:31:17+00:00\" \/>\n<meta property=\"og:image\" content=\"https:\/\/raspberrypi.dk\/wp-content\/uploads\/2021\/01\/smartipi-touch-pro-1.jpg\" \/>\n\t<meta property=\"og:image:width\" content=\"740\" \/>\n\t<meta property=\"og:image:height\" content=\"640\" \/>\n\t<meta property=\"og:image:type\" content=\"image\/jpeg\" \/>\n<meta name=\"twitter:card\" content=\"summary_large_image\" \/>\n<meta name=\"twitter:site\" content=\"@raspberrypidk\" \/>\n<meta name=\"twitter:label1\" content=\"Ansl. lesetid\" \/>\n\t<meta name=\"twitter:data1\" content=\"1 minutt\" \/>\n<script type=\"application\/ld+json\" class=\"yoast-schema-graph\">{\"@context\":\"https:\/\/schema.org\",\"@graph\":[{\"@type\":\"WebPage\",\"@id\":\"https:\/\/raspberrypi.dk\/no\/produkt\/smartipi-touch-pro-case-til-raspberry-pi-7%e2%80%b3-touchscreen-display\/\",\"url\":\"https:\/\/raspberrypi.dk\/no\/produkt\/smartipi-touch-pro-case-til-raspberry-pi-7%e2%80%b3-touchscreen-display\/\",\"name\":\"SmartiPi Touch Pro - Case til Raspberry Pi 7\u2033 Touchscreen Display \u2022 RaspberryPi.dk\",\"isPartOf\":{\"@id\":\"https:\/\/raspberrypi.dk\/no\/#website\"},\"primaryImageOfPage\":{\"@id\":\"https:\/\/raspberrypi.dk\/no\/produkt\/smartipi-touch-pro-case-til-raspberry-pi-7%e2%80%b3-touchscreen-display\/#primaryimage\"},\"image\":{\"@id\":\"https:\/\/raspberrypi.dk\/no\/produkt\/smartipi-touch-pro-case-til-raspberry-pi-7%e2%80%b3-touchscreen-display\/#primaryimage\"},\"thumbnailUrl\":\"https:\/\/raspberrypi.dk\/wp-content\/uploads\/2021\/01\/smartipi-touch-pro-1.jpg\",\"datePublished\":\"2021-01-22T14:24:46+00:00\",\"dateModified\":\"2025-09-23T10:31:17+00:00\",\"breadcrumb\":{\"@id\":\"https:\/\/raspberrypi.dk\/no\/produkt\/smartipi-touch-pro-case-til-raspberry-pi-7%e2%80%b3-touchscreen-display\/#breadcrumb\"},\"inLanguage\":\"nb-NO\",\"potentialAction\":[{\"@type\":\"ReadAction\",\"target\":[\"https:\/\/raspberrypi.dk\/no\/produkt\/smartipi-touch-pro-case-til-raspberry-pi-7%e2%80%b3-touchscreen-display\/\"]}]},{\"@type\":\"ImageObject\",\"inLanguage\":\"nb-NO\",\"@id\":\"https:\/\/raspberrypi.dk\/no\/produkt\/smartipi-touch-pro-case-til-raspberry-pi-7%e2%80%b3-touchscreen-display\/#primaryimage\",\"url\":\"https:\/\/raspberrypi.dk\/wp-content\/uploads\/2021\/01\/smartipi-touch-pro-1.jpg\",\"contentUrl\":\"https:\/\/raspberrypi.dk\/wp-content\/uploads\/2021\/01\/smartipi-touch-pro-1.jpg\",\"width\":740,\"height\":640,\"caption\":\"smartipi touch pro\"},{\"@type\":\"BreadcrumbList\",\"@id\":\"https:\/\/raspberrypi.dk\/no\/produkt\/smartipi-touch-pro-case-til-raspberry-pi-7%e2%80%b3-touchscreen-display\/#breadcrumb\",\"itemListElement\":[{\"@type\":\"ListItem\",\"position\":1,\"name\":\"Hjem\",\"item\":\"https:\/\/raspberrypi.dk\/no\/raspberry-pi-nettbutikk\/\"},{\"@type\":\"ListItem\",\"position\":2,\"name\":\"Shop\",\"item\":\"https:\/\/raspberrypi.dk\/no\/shop-2\/\"},{\"@type\":\"ListItem\",\"position\":3,\"name\":\"SmartiPi Touch Pro &#8211; Case til Raspberry Pi 7\u2033 Touchscreen Display\"}]},{\"@type\":\"WebSite\",\"@id\":\"https:\/\/raspberrypi.dk\/no\/#website\",\"url\":\"https:\/\/raspberrypi.dk\/no\/\",\"name\":\"RaspberryPi.dk\",\"description\":\"Danmarks f\u00f8rende Raspberry Pi side!\",\"publisher\":{\"@id\":\"https:\/\/raspberrypi.dk\/no\/#organization\"},\"potentialAction\":[{\"@type\":\"SearchAction\",\"target\":{\"@type\":\"EntryPoint\",\"urlTemplate\":\"https:\/\/raspberrypi.dk\/no\/?s={search_term_string}\"},\"query-input\":{\"@type\":\"PropertyValueSpecification\",\"valueRequired\":true,\"valueName\":\"search_term_string\"}}],\"inLanguage\":\"nb-NO\"},{\"@type\":\"Organization\",\"@id\":\"https:\/\/raspberrypi.dk\/no\/#organization\",\"name\":\"RaspberryPi.dk\",\"url\":\"https:\/\/raspberrypi.dk\/no\/\",\"logo\":{\"@type\":\"ImageObject\",\"inLanguage\":\"nb-NO\",\"@id\":\"https:\/\/raspberrypi.dk\/no\/#\/schema\/logo\/image\/\",\"url\":\"https:\/\/raspberrypi.dk\/wp-content\/uploads\/2017\/05\/RaspberryPidk_logo-2.png\",\"contentUrl\":\"https:\/\/raspberrypi.dk\/wp-content\/uploads\/2017\/05\/RaspberryPidk_logo-2.png\",\"width\":470,\"height\":110,\"caption\":\"RaspberryPi.dk\"},\"image\":{\"@id\":\"https:\/\/raspberrypi.dk\/no\/#\/schema\/logo\/image\/\"},\"sameAs\":[\"https:\/\/facebook.com\/RaspberryPiDanmark\",\"https:\/\/x.com\/raspberrypidk\",\"https:\/\/instagram.com\/raspberrypi.dk\"]}]}<\/script>\n<!-- \/ Yoast SEO plugin. -->","yoast_head_json":{"title":"SmartiPi Touch Pro - Case til Raspberry Pi 7\u2033 Touchscreen Display \u2022 RaspberryPi.dk","robots":{"index":"index","follow":"follow","max-snippet":"max-snippet:-1","max-image-preview":"max-image-preview:large","max-video-preview":"max-video-preview:-1"},"canonical":"https:\/\/raspberrypi.dk\/no\/produkt\/smartipi-touch-pro-case-til-raspberry-pi-7%e2%80%b3-touchscreen-display\/","og_locale":"nb_NO","og_type":"article","og_title":"SmartiPi Touch Pro - Case til Raspberry Pi 7\u2033 Touchscreen Display \u2022 RaspberryPi.dk","og_description":"Oppgradert versjon av v\u00e5r popul\u00e6re SmartPi Touch 2 case. Velg st\u00f8rrelse (ledig plass bak Raspberry Pi) nedenfor.","og_url":"https:\/\/raspberrypi.dk\/no\/produkt\/smartipi-touch-pro-case-til-raspberry-pi-7%e2%80%b3-touchscreen-display\/","og_site_name":"RaspberryPi.dk","article_publisher":"https:\/\/facebook.com\/RaspberryPiDanmark","article_modified_time":"2025-09-23T10:31:17+00:00","og_image":[{"width":740,"height":640,"url":"https:\/\/raspberrypi.dk\/wp-content\/uploads\/2021\/01\/smartipi-touch-pro-1.jpg","type":"image\/jpeg"}],"twitter_card":"summary_large_image","twitter_site":"@raspberrypidk","twitter_misc":{"Ansl. lesetid":"1 minutt"},"schema":{"@context":"https:\/\/schema.org","@graph":[{"@type":"WebPage","@id":"https:\/\/raspberrypi.dk\/no\/produkt\/smartipi-touch-pro-case-til-raspberry-pi-7%e2%80%b3-touchscreen-display\/","url":"https:\/\/raspberrypi.dk\/no\/produkt\/smartipi-touch-pro-case-til-raspberry-pi-7%e2%80%b3-touchscreen-display\/","name":"SmartiPi Touch Pro - Case til Raspberry Pi 7\u2033 Touchscreen Display \u2022 RaspberryPi.dk","isPartOf":{"@id":"https:\/\/raspberrypi.dk\/no\/#website"},"primaryImageOfPage":{"@id":"https:\/\/raspberrypi.dk\/no\/produkt\/smartipi-touch-pro-case-til-raspberry-pi-7%e2%80%b3-touchscreen-display\/#primaryimage"},"image":{"@id":"https:\/\/raspberrypi.dk\/no\/produkt\/smartipi-touch-pro-case-til-raspberry-pi-7%e2%80%b3-touchscreen-display\/#primaryimage"},"thumbnailUrl":"https:\/\/raspberrypi.dk\/wp-content\/uploads\/2021\/01\/smartipi-touch-pro-1.jpg","datePublished":"2021-01-22T14:24:46+00:00","dateModified":"2025-09-23T10:31:17+00:00","breadcrumb":{"@id":"https:\/\/raspberrypi.dk\/no\/produkt\/smartipi-touch-pro-case-til-raspberry-pi-7%e2%80%b3-touchscreen-display\/#breadcrumb"},"inLanguage":"nb-NO","potentialAction":[{"@type":"ReadAction","target":["https:\/\/raspberrypi.dk\/no\/produkt\/smartipi-touch-pro-case-til-raspberry-pi-7%e2%80%b3-touchscreen-display\/"]}]},{"@type":"ImageObject","inLanguage":"nb-NO","@id":"https:\/\/raspberrypi.dk\/no\/produkt\/smartipi-touch-pro-case-til-raspberry-pi-7%e2%80%b3-touchscreen-display\/#primaryimage","url":"https:\/\/raspberrypi.dk\/wp-content\/uploads\/2021\/01\/smartipi-touch-pro-1.jpg","contentUrl":"https:\/\/raspberrypi.dk\/wp-content\/uploads\/2021\/01\/smartipi-touch-pro-1.jpg","width":740,"height":640,"caption":"smartipi touch pro"},{"@type":"BreadcrumbList","@id":"https:\/\/raspberrypi.dk\/no\/produkt\/smartipi-touch-pro-case-til-raspberry-pi-7%e2%80%b3-touchscreen-display\/#breadcrumb","itemListElement":[{"@type":"ListItem","position":1,"name":"Hjem","item":"https:\/\/raspberrypi.dk\/no\/raspberry-pi-nettbutikk\/"},{"@type":"ListItem","position":2,"name":"Shop","item":"https:\/\/raspberrypi.dk\/no\/shop-2\/"},{"@type":"ListItem","position":3,"name":"SmartiPi Touch Pro &#8211; Case til Raspberry Pi 7\u2033 Touchscreen Display"}]},{"@type":"WebSite","@id":"https:\/\/raspberrypi.dk\/no\/#website","url":"https:\/\/raspberrypi.dk\/no\/","name":"RaspberryPi.dk","description":"Danmarks f\u00f8rende Raspberry Pi side!","publisher":{"@id":"https:\/\/raspberrypi.dk\/no\/#organization"},"potentialAction":[{"@type":"SearchAction","target":{"@type":"EntryPoint","urlTemplate":"https:\/\/raspberrypi.dk\/no\/?s={search_term_string}"},"query-input":{"@type":"PropertyValueSpecification","valueRequired":true,"valueName":"search_term_string"}}],"inLanguage":"nb-NO"},{"@type":"Organization","@id":"https:\/\/raspberrypi.dk\/no\/#organization","name":"RaspberryPi.dk","url":"https:\/\/raspberrypi.dk\/no\/","logo":{"@type":"ImageObject","inLanguage":"nb-NO","@id":"https:\/\/raspberrypi.dk\/no\/#\/schema\/logo\/image\/","url":"https:\/\/raspberrypi.dk\/wp-content\/uploads\/2017\/05\/RaspberryPidk_logo-2.png","contentUrl":"https:\/\/raspberrypi.dk\/wp-content\/uploads\/2017\/05\/RaspberryPidk_logo-2.png","width":470,"height":110,"caption":"RaspberryPi.dk"},"image":{"@id":"https:\/\/raspberrypi.dk\/no\/#\/schema\/logo\/image\/"},"sameAs":["https:\/\/facebook.com\/RaspberryPiDanmark","https:\/\/x.com\/raspberrypidk","https:\/\/instagram.com\/raspberrypi.dk"]}]}},"_links":{"self":[{"href":"https:\/\/raspberrypi.dk\/no\/wp-json\/wp\/v2\/product\/126790","targetHints":{"allow":["GET"]}}],"collection":[{"href":"https:\/\/raspberrypi.dk\/no\/wp-json\/wp\/v2\/product"}],"about":[{"href":"https:\/\/raspberrypi.dk\/no\/wp-json\/wp\/v2\/types\/product"}],"replies":[{"embeddable":true,"href":"https:\/\/raspberrypi.dk\/no\/wp-json\/wp\/v2\/comments?post=126790"}],"wp:featuredmedia":[{"embeddable":true,"href":"https:\/\/raspberrypi.dk\/no\/wp-json\/wp\/v2\/media\/126807"}],"wp:attachment":[{"href":"https:\/\/raspberrypi.dk\/no\/wp-json\/wp\/v2\/media?parent=126790"}],"wp:term":[{"taxonomy":"product_brand","embeddable":true,"href":"https:\/\/raspberrypi.dk\/no\/wp-json\/wp\/v2\/product_brand?post=126790"},{"taxonomy":"product_cat","embeddable":true,"href":"https:\/\/raspberrypi.dk\/no\/wp-json\/wp\/v2\/product_cat?post=126790"},{"taxonomy":"product_tag","embeddable":true,"href":"https:\/\/raspberrypi.dk\/no\/wp-json\/wp\/v2\/product_tag?post=126790"}],"curies":[{"name":"wp","href":"https:\/\/api.w.org\/{rel}","templated":true}]}}