{"id":131166,"date":"2021-03-08T13:32:36","date_gmt":"2021-03-08T12:32:36","guid":{"rendered":"https:\/\/raspberrypi.dk\/produkt\/pico-display-pack\/"},"modified":"2024-05-11T00:07:01","modified_gmt":"2024-05-10T22:07:01","slug":"pico-display-pack","status":"publish","type":"product","link":"https:\/\/raspberrypi.dk\/no\/produkt\/pico-display-pack\/","title":{"rendered":"Pico Display Pack"},"content":{"rendered":"<p>En ny LCD-skjerm spesielt for Pico Display Pack &#8211; Dette er en herlig, lys 18-bit-kompatibel 240&#215;135 pixel IPS-skjerm, og passer perfekt til Pico. Den er omgitt av<br \/>\nfire taktile knapper, s\u00e5 du enkelt kan interface din Pico med dine menneskelige fingre. I tillegg f\u00e5r du her en RGB LED, til bruk som en indikator, et varsel&#8230;eller bare for \u00e5 tilf\u00f8ye noen ekstra regnbuer.<\/p>\n<p>Pico Display lar deg gj\u00f8re en Pico om til et kompakt brukergrensesnitt for et st\u00f8rre prosjekt, som kan gi instruksjoner, vise avlesninger og til og med innlemme detaljerte innebygde menyer. Hvis du heller vil bruke Pico som en frittst\u00e5ende enhet, kan du lage en liten roterende lysbildefremvisning med bilder, vise vakre grafer fra sensordata, eller lage ditt eget Tamagotchi- eller matchbox-st\u00f8rrelse teksteventyrspill.<\/p>\n<p>Se under for detaljerte features og bruksanvisning.<\/p>\n<h2>Features<\/h2>\n<ul>\n<li>1.14\u201d 240&#215;135 pixel IPS LCD screen<\/li>\n<li>4 x tactile buttons<\/li>\n<li>RGB LED<\/li>\n<li>Pre-soldered female headers for attaching to Pico<\/li>\n<li>Compatible with Raspberry Pi Pico.<\/li>\n<li>Fully assembled<\/li>\n<li>No soldering required (as long as your Pico has header pins attached).<\/li>\n<li>Dimensions: approx 53mm x 25mm x 9mm (L x W x H)<\/li>\n<li>Screen usable area: approx 25mm x 15mm (L x W)<\/li>\n<li><a href=\"https:\/\/github.com\/pimoroni\/pimoroni-pico\" target=\"_blank\" rel=\"noopener\">C\/C++ and MicroPython\u00a0libraries<\/a><\/li>\n<\/ul>\n<h2>Getting started<\/h2>\n<p>The labels on the underside of Pico Display will show you which way round to plug it into your Pico &#8211; just match up the USB port with the markings on the board.<\/p>\n<p>The easiest way to get started\u00a0with\u00a0our Pico add-ons is by downloading and copying our custom MicroPython firmware\u00a0to your Pico, it includes all the libraries you&#8217;ll need.\u00a0<a href=\"https:\/\/learn.pimoroni.com\/tutorial\/hel\/getting-started-with-pico\" target=\"_blank\" rel=\"noopener\">Click here<\/a>\u00a0for\u00a0our beginner friendly tutorial!<\/p>\n<h2>Pinout<\/h2>\n<p>Pico Display Pack communicate with the LCD display via SPI on pins\u00a0<strong>LCD_CS<\/strong>,\u00a0<strong>LCD_DC<\/strong>,\u00a0<strong>LCD_SCLK<\/strong>, and\u00a0<strong>LCD_MOSI<\/strong>. We also PWM the\u00a0<strong>BL_EN<\/strong>\u00a0pin (with gamma correction) for full, linear, backlight control.\u00a0<strong>LCD_RESET<\/strong>\u00a0is tied to the\u00a0<strong>RUN<\/strong>\u00a0pin on Pico so the LCD will be fully reset whenever Pico is.<\/p>\n<p>The four switches are wired up as\u00a0<strong>SW_A<\/strong>,\u00a0<strong>SW_B,<\/strong>\u00a0<strong>SW_X<\/strong>, and\u00a0<strong>SW_Y<\/strong>.<\/p>\n<p>There is also an onboard RGB LED (ideal to use an activity indicator!) which is also PWMed (with gamma correction) on pins\u00a0<strong>LED_R<\/strong>,\u00a0<strong>LED_G<\/strong>, and\u00a0<strong>LED_B<\/strong>. If you want to use the LED pins for something else there are three cuttable traces on the underside of the board.<\/p>\n<p>Power is supplied through\u00a0<strong>3V3<\/strong>\u00a0meaning that you can use Pico Scroll Pack both on USB power and from external supplies (from 1.8V to 5.5V) making it ideal for battery powered projects.<\/p>\n<p><img decoding=\"async\" src=\"https:\/\/cdn.shopify.com\/s\/files\/1\/0174\/1800\/files\/displaypack_600x600.png?v=1614081279\" alt=\"Pinout diagram for Pico Display\" \/><\/p>\n","protected":false},"excerpt":{"rendered":"<p>En levende 1.14&#8243; IPS LCD-skjerm til din Raspberry Pi Pico med fire hendige knapper og en RGB LED!<\/p>\n","protected":false},"featured_media":129316,"comment_status":"open","ping_status":"closed","template":"","meta":[],"product_brand":[],"product_cat":[688,597],"product_tag":[],"class_list":{"0":"post-131166","1":"product","2":"type-product","3":"status-publish","4":"has-post-thumbnail","6":"product_cat-raspberry-pi-pico-tilbehor","7":"product_cat-raspberry-pi-hats-gpio-no","9":"first","10":"outofstock","11":"taxable","12":"shipping-taxable","13":"purchasable","14":"product-type-simple"},"composite_virtual":false,"composite_layout":"","composite_add_to_cart_form_location":"","composite_editable_in_cart":false,"composite_sold_individually_context":"","composite_shop_price_calc":"","composite_components":[],"composite_scenarios":[],"bundled_by":[],"bundle_stock_status":"outofstock","bundle_stock_quantity":0,"bundle_virtual":false,"bundle_layout":"","bundle_add_to_cart_form_location":"","bundle_editable_in_cart":false,"bundle_sold_individually_context":"","bundle_item_grouping":"","bundle_min_size":"","bundle_max_size":"","bundle_price":[],"bundled_items":[],"bundle_sell_ids":[],"yoast_head":"<!-- This site is optimized with the Yoast SEO plugin v27.1.1 - https:\/\/yoast.com\/product\/yoast-seo-wordpress\/ -->\n<title>Pico Display Pack \u2022 RaspberryPi.dk<\/title>\n<meta name=\"robots\" content=\"index, follow, max-snippet:-1, max-image-preview:large, max-video-preview:-1\" \/>\n<link rel=\"canonical\" href=\"https:\/\/raspberrypi.dk\/no\/produkt\/pico-display-pack\/\" \/>\n<meta property=\"og:locale\" content=\"nb_NO\" \/>\n<meta property=\"og:type\" content=\"article\" \/>\n<meta property=\"og:title\" content=\"Pico Display Pack \u2022 RaspberryPi.dk\" \/>\n<meta property=\"og:description\" content=\"En levende 1.14&quot; IPS LCD-skjerm til din Raspberry Pi Pico med fire hendige knapper og en RGB LED!\" \/>\n<meta property=\"og:url\" content=\"https:\/\/raspberrypi.dk\/no\/produkt\/pico-display-pack\/\" \/>\n<meta property=\"og:site_name\" content=\"RaspberryPi.dk\" \/>\n<meta property=\"article:publisher\" content=\"https:\/\/facebook.com\/RaspberryPiDanmark\" \/>\n<meta property=\"article:modified_time\" content=\"2024-05-10T22:07:01+00:00\" \/>\n<meta property=\"og:image\" content=\"https:\/\/raspberrypi.dk\/wp-content\/uploads\/2021\/03\/pico-display-pack.jpg\" \/>\n\t<meta property=\"og:image:width\" content=\"1024\" \/>\n\t<meta property=\"og:image:height\" content=\"1024\" \/>\n\t<meta property=\"og:image:type\" content=\"image\/jpeg\" \/>\n<meta name=\"twitter:card\" content=\"summary_large_image\" \/>\n<meta name=\"twitter:site\" content=\"@raspberrypidk\" \/>\n<meta name=\"twitter:label1\" content=\"Ansl. lesetid\" \/>\n\t<meta name=\"twitter:data1\" content=\"3 minutter\" \/>\n<script type=\"application\/ld+json\" class=\"yoast-schema-graph\">{\"@context\":\"https:\/\/schema.org\",\"@graph\":[{\"@type\":\"WebPage\",\"@id\":\"https:\/\/raspberrypi.dk\/no\/produkt\/pico-display-pack\/\",\"url\":\"https:\/\/raspberrypi.dk\/no\/produkt\/pico-display-pack\/\",\"name\":\"Pico Display Pack \u2022 RaspberryPi.dk\",\"isPartOf\":{\"@id\":\"https:\/\/raspberrypi.dk\/no\/#website\"},\"primaryImageOfPage\":{\"@id\":\"https:\/\/raspberrypi.dk\/no\/produkt\/pico-display-pack\/#primaryimage\"},\"image\":{\"@id\":\"https:\/\/raspberrypi.dk\/no\/produkt\/pico-display-pack\/#primaryimage\"},\"thumbnailUrl\":\"https:\/\/raspberrypi.dk\/wp-content\/uploads\/2021\/03\/pico-display-pack.jpg\",\"datePublished\":\"2021-03-08T12:32:36+00:00\",\"dateModified\":\"2024-05-10T22:07:01+00:00\",\"breadcrumb\":{\"@id\":\"https:\/\/raspberrypi.dk\/no\/produkt\/pico-display-pack\/#breadcrumb\"},\"inLanguage\":\"nb-NO\",\"potentialAction\":[{\"@type\":\"ReadAction\",\"target\":[\"https:\/\/raspberrypi.dk\/no\/produkt\/pico-display-pack\/\"]}]},{\"@type\":\"ImageObject\",\"inLanguage\":\"nb-NO\",\"@id\":\"https:\/\/raspberrypi.dk\/no\/produkt\/pico-display-pack\/#primaryimage\",\"url\":\"https:\/\/raspberrypi.dk\/wp-content\/uploads\/2021\/03\/pico-display-pack.jpg\",\"contentUrl\":\"https:\/\/raspberrypi.dk\/wp-content\/uploads\/2021\/03\/pico-display-pack.jpg\",\"width\":1024,\"height\":1024},{\"@type\":\"BreadcrumbList\",\"@id\":\"https:\/\/raspberrypi.dk\/no\/produkt\/pico-display-pack\/#breadcrumb\",\"itemListElement\":[{\"@type\":\"ListItem\",\"position\":1,\"name\":\"Hjem\",\"item\":\"https:\/\/raspberrypi.dk\/no\/raspberry-pi-nettbutikk\/\"},{\"@type\":\"ListItem\",\"position\":2,\"name\":\"Shop\",\"item\":\"https:\/\/raspberrypi.dk\/no\/shop-2\/\"},{\"@type\":\"ListItem\",\"position\":3,\"name\":\"Pico Display Pack\"}]},{\"@type\":\"WebSite\",\"@id\":\"https:\/\/raspberrypi.dk\/no\/#website\",\"url\":\"https:\/\/raspberrypi.dk\/no\/\",\"name\":\"RaspberryPi.dk\",\"description\":\"Danmarks f\u00f8rende Raspberry Pi side!\",\"publisher\":{\"@id\":\"https:\/\/raspberrypi.dk\/no\/#organization\"},\"potentialAction\":[{\"@type\":\"SearchAction\",\"target\":{\"@type\":\"EntryPoint\",\"urlTemplate\":\"https:\/\/raspberrypi.dk\/no\/?s={search_term_string}\"},\"query-input\":{\"@type\":\"PropertyValueSpecification\",\"valueRequired\":true,\"valueName\":\"search_term_string\"}}],\"inLanguage\":\"nb-NO\"},{\"@type\":\"Organization\",\"@id\":\"https:\/\/raspberrypi.dk\/no\/#organization\",\"name\":\"RaspberryPi.dk\",\"url\":\"https:\/\/raspberrypi.dk\/no\/\",\"logo\":{\"@type\":\"ImageObject\",\"inLanguage\":\"nb-NO\",\"@id\":\"https:\/\/raspberrypi.dk\/no\/#\/schema\/logo\/image\/\",\"url\":\"https:\/\/raspberrypi.dk\/wp-content\/uploads\/2017\/05\/RaspberryPidk_logo-2.png\",\"contentUrl\":\"https:\/\/raspberrypi.dk\/wp-content\/uploads\/2017\/05\/RaspberryPidk_logo-2.png\",\"width\":470,\"height\":110,\"caption\":\"RaspberryPi.dk\"},\"image\":{\"@id\":\"https:\/\/raspberrypi.dk\/no\/#\/schema\/logo\/image\/\"},\"sameAs\":[\"https:\/\/facebook.com\/RaspberryPiDanmark\",\"https:\/\/x.com\/raspberrypidk\",\"https:\/\/instagram.com\/raspberrypi.dk\"]}]}<\/script>\n<!-- \/ Yoast SEO plugin. -->","yoast_head_json":{"title":"Pico Display Pack \u2022 RaspberryPi.dk","robots":{"index":"index","follow":"follow","max-snippet":"max-snippet:-1","max-image-preview":"max-image-preview:large","max-video-preview":"max-video-preview:-1"},"canonical":"https:\/\/raspberrypi.dk\/no\/produkt\/pico-display-pack\/","og_locale":"nb_NO","og_type":"article","og_title":"Pico Display Pack \u2022 RaspberryPi.dk","og_description":"En levende 1.14\" IPS LCD-skjerm til din Raspberry Pi Pico med fire hendige knapper og en RGB LED!","og_url":"https:\/\/raspberrypi.dk\/no\/produkt\/pico-display-pack\/","og_site_name":"RaspberryPi.dk","article_publisher":"https:\/\/facebook.com\/RaspberryPiDanmark","article_modified_time":"2024-05-10T22:07:01+00:00","og_image":[{"width":1024,"height":1024,"url":"https:\/\/raspberrypi.dk\/wp-content\/uploads\/2021\/03\/pico-display-pack.jpg","type":"image\/jpeg"}],"twitter_card":"summary_large_image","twitter_site":"@raspberrypidk","twitter_misc":{"Ansl. lesetid":"3 minutter"},"schema":{"@context":"https:\/\/schema.org","@graph":[{"@type":"WebPage","@id":"https:\/\/raspberrypi.dk\/no\/produkt\/pico-display-pack\/","url":"https:\/\/raspberrypi.dk\/no\/produkt\/pico-display-pack\/","name":"Pico Display Pack \u2022 RaspberryPi.dk","isPartOf":{"@id":"https:\/\/raspberrypi.dk\/no\/#website"},"primaryImageOfPage":{"@id":"https:\/\/raspberrypi.dk\/no\/produkt\/pico-display-pack\/#primaryimage"},"image":{"@id":"https:\/\/raspberrypi.dk\/no\/produkt\/pico-display-pack\/#primaryimage"},"thumbnailUrl":"https:\/\/raspberrypi.dk\/wp-content\/uploads\/2021\/03\/pico-display-pack.jpg","datePublished":"2021-03-08T12:32:36+00:00","dateModified":"2024-05-10T22:07:01+00:00","breadcrumb":{"@id":"https:\/\/raspberrypi.dk\/no\/produkt\/pico-display-pack\/#breadcrumb"},"inLanguage":"nb-NO","potentialAction":[{"@type":"ReadAction","target":["https:\/\/raspberrypi.dk\/no\/produkt\/pico-display-pack\/"]}]},{"@type":"ImageObject","inLanguage":"nb-NO","@id":"https:\/\/raspberrypi.dk\/no\/produkt\/pico-display-pack\/#primaryimage","url":"https:\/\/raspberrypi.dk\/wp-content\/uploads\/2021\/03\/pico-display-pack.jpg","contentUrl":"https:\/\/raspberrypi.dk\/wp-content\/uploads\/2021\/03\/pico-display-pack.jpg","width":1024,"height":1024},{"@type":"BreadcrumbList","@id":"https:\/\/raspberrypi.dk\/no\/produkt\/pico-display-pack\/#breadcrumb","itemListElement":[{"@type":"ListItem","position":1,"name":"Hjem","item":"https:\/\/raspberrypi.dk\/no\/raspberry-pi-nettbutikk\/"},{"@type":"ListItem","position":2,"name":"Shop","item":"https:\/\/raspberrypi.dk\/no\/shop-2\/"},{"@type":"ListItem","position":3,"name":"Pico Display Pack"}]},{"@type":"WebSite","@id":"https:\/\/raspberrypi.dk\/no\/#website","url":"https:\/\/raspberrypi.dk\/no\/","name":"RaspberryPi.dk","description":"Danmarks f\u00f8rende Raspberry Pi side!","publisher":{"@id":"https:\/\/raspberrypi.dk\/no\/#organization"},"potentialAction":[{"@type":"SearchAction","target":{"@type":"EntryPoint","urlTemplate":"https:\/\/raspberrypi.dk\/no\/?s={search_term_string}"},"query-input":{"@type":"PropertyValueSpecification","valueRequired":true,"valueName":"search_term_string"}}],"inLanguage":"nb-NO"},{"@type":"Organization","@id":"https:\/\/raspberrypi.dk\/no\/#organization","name":"RaspberryPi.dk","url":"https:\/\/raspberrypi.dk\/no\/","logo":{"@type":"ImageObject","inLanguage":"nb-NO","@id":"https:\/\/raspberrypi.dk\/no\/#\/schema\/logo\/image\/","url":"https:\/\/raspberrypi.dk\/wp-content\/uploads\/2017\/05\/RaspberryPidk_logo-2.png","contentUrl":"https:\/\/raspberrypi.dk\/wp-content\/uploads\/2017\/05\/RaspberryPidk_logo-2.png","width":470,"height":110,"caption":"RaspberryPi.dk"},"image":{"@id":"https:\/\/raspberrypi.dk\/no\/#\/schema\/logo\/image\/"},"sameAs":["https:\/\/facebook.com\/RaspberryPiDanmark","https:\/\/x.com\/raspberrypidk","https:\/\/instagram.com\/raspberrypi.dk"]}]}},"_links":{"self":[{"href":"https:\/\/raspberrypi.dk\/no\/wp-json\/wp\/v2\/product\/131166","targetHints":{"allow":["GET"]}}],"collection":[{"href":"https:\/\/raspberrypi.dk\/no\/wp-json\/wp\/v2\/product"}],"about":[{"href":"https:\/\/raspberrypi.dk\/no\/wp-json\/wp\/v2\/types\/product"}],"replies":[{"embeddable":true,"href":"https:\/\/raspberrypi.dk\/no\/wp-json\/wp\/v2\/comments?post=131166"}],"wp:featuredmedia":[{"embeddable":true,"href":"https:\/\/raspberrypi.dk\/no\/wp-json\/wp\/v2\/media\/129316"}],"wp:attachment":[{"href":"https:\/\/raspberrypi.dk\/no\/wp-json\/wp\/v2\/media?parent=131166"}],"wp:term":[{"taxonomy":"product_brand","embeddable":true,"href":"https:\/\/raspberrypi.dk\/no\/wp-json\/wp\/v2\/product_brand?post=131166"},{"taxonomy":"product_cat","embeddable":true,"href":"https:\/\/raspberrypi.dk\/no\/wp-json\/wp\/v2\/product_cat?post=131166"},{"taxonomy":"product_tag","embeddable":true,"href":"https:\/\/raspberrypi.dk\/no\/wp-json\/wp\/v2\/product_tag?post=131166"}],"curies":[{"name":"wp","href":"https:\/\/api.w.org\/{rel}","templated":true}]}}