{"id":131167,"date":"2021-03-08T13:25:59","date_gmt":"2021-03-08T12:25:59","guid":{"rendered":"https:\/\/raspberrypi.dk\/produkt\/pico-scroll-pack\/"},"modified":"2026-02-21T17:15:58","modified_gmt":"2026-02-21T16:15:58","slug":"pico-scroll-pack","status":"publish","type":"product","link":"https:\/\/raspberrypi.dk\/no\/produkt\/pico-scroll-pack\/","title":{"rendered":"Pico Scroll Pack"},"content":{"rendered":"<p>Stop scrolling! Og ta deg tid til \u00e5 sette pris p\u00e5 enkelheten og elegansen til en lys hvit LED, som s\u00e5 altfor ofte blir oversett ved siden av sine oppsiktsvekkende RGB-venner. Pico Scroll Pack inneholder 119 hvite lysdioder i en fin 17 \u00d7 7 matrise. I tillegg f\u00e5r du her fire taktile knapper for \u00e5 samhandle med Pico. OK, du kan begynne \u00e5 scrolle igjen.<\/p>\n<p>Lysstyrken p\u00e5 hver LED kan naturligvis kontrolleres individuelt, og gj\u00f8r denne derfor veldig hendig til visning av grafer, rullebeskjeder, beroligende sn\u00f8animasjoner eller lignende. Se under for n\u00f8yaktige funksjoner og bruksanvisning.<\/p>\n<h2>Funksjoner<\/h2>\n<ul>\n<li>17&#215;7 matrix of white LEDs (119 total)<\/li>\n<li>Individual PWM brightness control of each LED<\/li>\n<li><a href=\"https:\/\/cdn.shopify.com\/s\/files\/1\/0174\/1800\/files\/31FL3731_f2c53799-e354-4fe7-8111-71cfdacf2712.pdf?27380\" target=\"_blank\" rel=\"noopener\">IS31FL3731 LED matrix driver chip<\/a>, I2C address: 0x74<\/li>\n<li>4x tactile buttons<\/li>\n<li>Pre-soldered female headers for attaching to Pico<\/li>\n<li>Compatible with Raspberry Pi Pico.<\/li>\n<li>Fully assembled<\/li>\n<li>No soldering required (as long as your Pico has header pins attached).<\/li>\n<li>Dimensions: approx 65mm x 25mm x 10mm (L x W x H, including headers and buttons)<\/li>\n<li><a href=\"https:\/\/github.com\/pimoroni\/pimoroni-pico\" target=\"_blank\" rel=\"noopener\">C\/C++ and MicroPython libraries<\/a><\/li>\n<\/ul>\n<h2>Getting started<\/h2>\n<p>The labels on the underside of Pico Scroll Pack will show you which way round to plug it into your Pico &#8211; just match up the USB port with the markings on the board.<\/p>\n<p>The easiest way to get started\u00a0with\u00a0our Pico add-ons is by downloading and copying our custom MicroPython firmware\u00a0to your Pico, it includes all the libraries you&#8217;ll need.\u00a0<a href=\"https:\/\/learn.pimoroni.com\/tutorial\/hel\/getting-started-with-pico\" target=\"_blank\" rel=\"noopener\">Click here<\/a>\u00a0for\u00a0our beginner friendly tutorial!<\/p>\n<h2>Pinout<\/h2>\n<p>Pico Scroll Pack talks to the\u00a0IS31FL3731 LED driver chip over I2C requiring only\u00a0<strong>SDA<\/strong>\u00a0and\u00a0<strong>SCL<\/strong>\u00a0pins.<\/p>\n<p>The four switches are wired up as\u00a0<strong>SW_A<\/strong>,\u00a0<strong>SW_B,<\/strong>\u00a0<strong>SW_X<\/strong>,\u00a0and\u00a0<strong>SW_Y<\/strong>.<\/p>\n<p>Power is supplied through\u00a0<strong>VSYS<\/strong>\u00a0meaning that you can use Pico Scroll Pack both on USB power and from external supplies (so long as they can supply 3V+) making it ideal for battery powered projects.<\/p>\n<p>This leaves the majority of pins on your Pico free for other uses!<\/p>\n<p><img decoding=\"async\" src=\"https:\/\/cdn.shopify.com\/s\/files\/1\/0174\/1800\/files\/pico-scroll-pinout_533566e0-062a-4225-9c25-6f5a91f4325b_600x600.png?v=1611492032\" alt=\"\" \/><\/p>\n","protected":false},"excerpt":{"rendered":"<p>Et skinnende 17&#215;7 rutenett med tettpakket, individuelt kontrollerbare hvite lysdioder for \u00e5 lyse opp Raspberry Pi Pico sammen med en kvartett av nyttige knapper.<\/p>\n","protected":false},"featured_media":129313,"comment_status":"open","ping_status":"closed","template":"","meta":[],"product_brand":[],"product_cat":[688,597],"product_tag":[],"class_list":{"0":"post-131167","1":"product","2":"type-product","3":"status-publish","4":"has-post-thumbnail","6":"product_cat-raspberry-pi-pico-tilbehor","7":"product_cat-raspberry-pi-hats-gpio-no","9":"first","10":"instock","11":"taxable","12":"shipping-taxable","13":"purchasable","14":"product-type-simple"},"composite_virtual":false,"composite_layout":"","composite_add_to_cart_form_location":"","composite_editable_in_cart":false,"composite_sold_individually_context":"","composite_shop_price_calc":"","composite_components":[],"composite_scenarios":[],"bundled_by":[],"bundle_stock_status":"instock","bundle_stock_quantity":8,"bundle_virtual":false,"bundle_layout":"","bundle_add_to_cart_form_location":"","bundle_editable_in_cart":false,"bundle_sold_individually_context":"","bundle_item_grouping":"","bundle_min_size":"","bundle_max_size":"","bundle_price":[],"bundled_items":[],"bundle_sell_ids":[],"yoast_head":"<!-- This site is optimized with the Yoast SEO plugin v27.1.1 - https:\/\/yoast.com\/product\/yoast-seo-wordpress\/ -->\n<title>Pico Scroll Pack \u2022 RaspberryPi.dk<\/title>\n<meta name=\"robots\" content=\"index, follow, max-snippet:-1, max-image-preview:large, max-video-preview:-1\" \/>\n<link rel=\"canonical\" href=\"https:\/\/raspberrypi.dk\/no\/produkt\/pico-scroll-pack\/\" \/>\n<meta property=\"og:locale\" content=\"nb_NO\" \/>\n<meta property=\"og:type\" content=\"article\" \/>\n<meta property=\"og:title\" content=\"Pico Scroll Pack \u2022 RaspberryPi.dk\" \/>\n<meta property=\"og:description\" content=\"Et skinnende 17x7 rutenett med tettpakket, individuelt kontrollerbare hvite lysdioder for \u00e5 lyse opp Raspberry Pi Pico sammen med en kvartett av nyttige knapper.\" \/>\n<meta property=\"og:url\" content=\"https:\/\/raspberrypi.dk\/no\/produkt\/pico-scroll-pack\/\" \/>\n<meta property=\"og:site_name\" content=\"RaspberryPi.dk\" \/>\n<meta property=\"article:publisher\" content=\"https:\/\/facebook.com\/RaspberryPiDanmark\" \/>\n<meta property=\"article:modified_time\" content=\"2026-02-21T16:15:58+00:00\" \/>\n<meta property=\"og:image\" content=\"https:\/\/raspberrypi.dk\/wp-content\/uploads\/2021\/03\/pico-scroll-pack.jpg\" \/>\n\t<meta property=\"og:image:width\" content=\"1024\" \/>\n\t<meta property=\"og:image:height\" content=\"1024\" \/>\n\t<meta property=\"og:image:type\" content=\"image\/jpeg\" \/>\n<meta name=\"twitter:card\" content=\"summary_large_image\" \/>\n<meta name=\"twitter:site\" content=\"@raspberrypidk\" \/>\n<meta name=\"twitter:label1\" content=\"Ansl. lesetid\" \/>\n\t<meta name=\"twitter:data1\" content=\"3 minutter\" \/>\n<script type=\"application\/ld+json\" class=\"yoast-schema-graph\">{\"@context\":\"https:\/\/schema.org\",\"@graph\":[{\"@type\":\"WebPage\",\"@id\":\"https:\/\/raspberrypi.dk\/no\/produkt\/pico-scroll-pack\/\",\"url\":\"https:\/\/raspberrypi.dk\/no\/produkt\/pico-scroll-pack\/\",\"name\":\"Pico Scroll Pack \u2022 RaspberryPi.dk\",\"isPartOf\":{\"@id\":\"https:\/\/raspberrypi.dk\/no\/#website\"},\"primaryImageOfPage\":{\"@id\":\"https:\/\/raspberrypi.dk\/no\/produkt\/pico-scroll-pack\/#primaryimage\"},\"image\":{\"@id\":\"https:\/\/raspberrypi.dk\/no\/produkt\/pico-scroll-pack\/#primaryimage\"},\"thumbnailUrl\":\"https:\/\/raspberrypi.dk\/wp-content\/uploads\/2021\/03\/pico-scroll-pack.jpg\",\"datePublished\":\"2021-03-08T12:25:59+00:00\",\"dateModified\":\"2026-02-21T16:15:58+00:00\",\"breadcrumb\":{\"@id\":\"https:\/\/raspberrypi.dk\/no\/produkt\/pico-scroll-pack\/#breadcrumb\"},\"inLanguage\":\"nb-NO\",\"potentialAction\":[{\"@type\":\"ReadAction\",\"target\":[\"https:\/\/raspberrypi.dk\/no\/produkt\/pico-scroll-pack\/\"]}]},{\"@type\":\"ImageObject\",\"inLanguage\":\"nb-NO\",\"@id\":\"https:\/\/raspberrypi.dk\/no\/produkt\/pico-scroll-pack\/#primaryimage\",\"url\":\"https:\/\/raspberrypi.dk\/wp-content\/uploads\/2021\/03\/pico-scroll-pack.jpg\",\"contentUrl\":\"https:\/\/raspberrypi.dk\/wp-content\/uploads\/2021\/03\/pico-scroll-pack.jpg\",\"width\":1024,\"height\":1024,\"caption\":\"pico scroll pack\"},{\"@type\":\"BreadcrumbList\",\"@id\":\"https:\/\/raspberrypi.dk\/no\/produkt\/pico-scroll-pack\/#breadcrumb\",\"itemListElement\":[{\"@type\":\"ListItem\",\"position\":1,\"name\":\"Hjem\",\"item\":\"https:\/\/raspberrypi.dk\/no\/raspberry-pi-nettbutikk\/\"},{\"@type\":\"ListItem\",\"position\":2,\"name\":\"Shop\",\"item\":\"https:\/\/raspberrypi.dk\/no\/shop-2\/\"},{\"@type\":\"ListItem\",\"position\":3,\"name\":\"Pico Scroll Pack\"}]},{\"@type\":\"WebSite\",\"@id\":\"https:\/\/raspberrypi.dk\/no\/#website\",\"url\":\"https:\/\/raspberrypi.dk\/no\/\",\"name\":\"RaspberryPi.dk\",\"description\":\"Danmarks f\u00f8rende Raspberry Pi side!\",\"publisher\":{\"@id\":\"https:\/\/raspberrypi.dk\/no\/#organization\"},\"potentialAction\":[{\"@type\":\"SearchAction\",\"target\":{\"@type\":\"EntryPoint\",\"urlTemplate\":\"https:\/\/raspberrypi.dk\/no\/?s={search_term_string}\"},\"query-input\":{\"@type\":\"PropertyValueSpecification\",\"valueRequired\":true,\"valueName\":\"search_term_string\"}}],\"inLanguage\":\"nb-NO\"},{\"@type\":\"Organization\",\"@id\":\"https:\/\/raspberrypi.dk\/no\/#organization\",\"name\":\"RaspberryPi.dk\",\"url\":\"https:\/\/raspberrypi.dk\/no\/\",\"logo\":{\"@type\":\"ImageObject\",\"inLanguage\":\"nb-NO\",\"@id\":\"https:\/\/raspberrypi.dk\/no\/#\/schema\/logo\/image\/\",\"url\":\"https:\/\/raspberrypi.dk\/wp-content\/uploads\/2017\/05\/RaspberryPidk_logo-2.png\",\"contentUrl\":\"https:\/\/raspberrypi.dk\/wp-content\/uploads\/2017\/05\/RaspberryPidk_logo-2.png\",\"width\":470,\"height\":110,\"caption\":\"RaspberryPi.dk\"},\"image\":{\"@id\":\"https:\/\/raspberrypi.dk\/no\/#\/schema\/logo\/image\/\"},\"sameAs\":[\"https:\/\/facebook.com\/RaspberryPiDanmark\",\"https:\/\/x.com\/raspberrypidk\",\"https:\/\/instagram.com\/raspberrypi.dk\"]}]}<\/script>\n<!-- \/ Yoast SEO plugin. -->","yoast_head_json":{"title":"Pico Scroll Pack \u2022 RaspberryPi.dk","robots":{"index":"index","follow":"follow","max-snippet":"max-snippet:-1","max-image-preview":"max-image-preview:large","max-video-preview":"max-video-preview:-1"},"canonical":"https:\/\/raspberrypi.dk\/no\/produkt\/pico-scroll-pack\/","og_locale":"nb_NO","og_type":"article","og_title":"Pico Scroll Pack \u2022 RaspberryPi.dk","og_description":"Et skinnende 17x7 rutenett med tettpakket, individuelt kontrollerbare hvite lysdioder for \u00e5 lyse opp Raspberry Pi Pico sammen med en kvartett av nyttige knapper.","og_url":"https:\/\/raspberrypi.dk\/no\/produkt\/pico-scroll-pack\/","og_site_name":"RaspberryPi.dk","article_publisher":"https:\/\/facebook.com\/RaspberryPiDanmark","article_modified_time":"2026-02-21T16:15:58+00:00","og_image":[{"width":1024,"height":1024,"url":"https:\/\/raspberrypi.dk\/wp-content\/uploads\/2021\/03\/pico-scroll-pack.jpg","type":"image\/jpeg"}],"twitter_card":"summary_large_image","twitter_site":"@raspberrypidk","twitter_misc":{"Ansl. lesetid":"3 minutter"},"schema":{"@context":"https:\/\/schema.org","@graph":[{"@type":"WebPage","@id":"https:\/\/raspberrypi.dk\/no\/produkt\/pico-scroll-pack\/","url":"https:\/\/raspberrypi.dk\/no\/produkt\/pico-scroll-pack\/","name":"Pico Scroll Pack \u2022 RaspberryPi.dk","isPartOf":{"@id":"https:\/\/raspberrypi.dk\/no\/#website"},"primaryImageOfPage":{"@id":"https:\/\/raspberrypi.dk\/no\/produkt\/pico-scroll-pack\/#primaryimage"},"image":{"@id":"https:\/\/raspberrypi.dk\/no\/produkt\/pico-scroll-pack\/#primaryimage"},"thumbnailUrl":"https:\/\/raspberrypi.dk\/wp-content\/uploads\/2021\/03\/pico-scroll-pack.jpg","datePublished":"2021-03-08T12:25:59+00:00","dateModified":"2026-02-21T16:15:58+00:00","breadcrumb":{"@id":"https:\/\/raspberrypi.dk\/no\/produkt\/pico-scroll-pack\/#breadcrumb"},"inLanguage":"nb-NO","potentialAction":[{"@type":"ReadAction","target":["https:\/\/raspberrypi.dk\/no\/produkt\/pico-scroll-pack\/"]}]},{"@type":"ImageObject","inLanguage":"nb-NO","@id":"https:\/\/raspberrypi.dk\/no\/produkt\/pico-scroll-pack\/#primaryimage","url":"https:\/\/raspberrypi.dk\/wp-content\/uploads\/2021\/03\/pico-scroll-pack.jpg","contentUrl":"https:\/\/raspberrypi.dk\/wp-content\/uploads\/2021\/03\/pico-scroll-pack.jpg","width":1024,"height":1024,"caption":"pico scroll pack"},{"@type":"BreadcrumbList","@id":"https:\/\/raspberrypi.dk\/no\/produkt\/pico-scroll-pack\/#breadcrumb","itemListElement":[{"@type":"ListItem","position":1,"name":"Hjem","item":"https:\/\/raspberrypi.dk\/no\/raspberry-pi-nettbutikk\/"},{"@type":"ListItem","position":2,"name":"Shop","item":"https:\/\/raspberrypi.dk\/no\/shop-2\/"},{"@type":"ListItem","position":3,"name":"Pico Scroll Pack"}]},{"@type":"WebSite","@id":"https:\/\/raspberrypi.dk\/no\/#website","url":"https:\/\/raspberrypi.dk\/no\/","name":"RaspberryPi.dk","description":"Danmarks f\u00f8rende Raspberry Pi side!","publisher":{"@id":"https:\/\/raspberrypi.dk\/no\/#organization"},"potentialAction":[{"@type":"SearchAction","target":{"@type":"EntryPoint","urlTemplate":"https:\/\/raspberrypi.dk\/no\/?s={search_term_string}"},"query-input":{"@type":"PropertyValueSpecification","valueRequired":true,"valueName":"search_term_string"}}],"inLanguage":"nb-NO"},{"@type":"Organization","@id":"https:\/\/raspberrypi.dk\/no\/#organization","name":"RaspberryPi.dk","url":"https:\/\/raspberrypi.dk\/no\/","logo":{"@type":"ImageObject","inLanguage":"nb-NO","@id":"https:\/\/raspberrypi.dk\/no\/#\/schema\/logo\/image\/","url":"https:\/\/raspberrypi.dk\/wp-content\/uploads\/2017\/05\/RaspberryPidk_logo-2.png","contentUrl":"https:\/\/raspberrypi.dk\/wp-content\/uploads\/2017\/05\/RaspberryPidk_logo-2.png","width":470,"height":110,"caption":"RaspberryPi.dk"},"image":{"@id":"https:\/\/raspberrypi.dk\/no\/#\/schema\/logo\/image\/"},"sameAs":["https:\/\/facebook.com\/RaspberryPiDanmark","https:\/\/x.com\/raspberrypidk","https:\/\/instagram.com\/raspberrypi.dk"]}]}},"_links":{"self":[{"href":"https:\/\/raspberrypi.dk\/no\/wp-json\/wp\/v2\/product\/131167","targetHints":{"allow":["GET"]}}],"collection":[{"href":"https:\/\/raspberrypi.dk\/no\/wp-json\/wp\/v2\/product"}],"about":[{"href":"https:\/\/raspberrypi.dk\/no\/wp-json\/wp\/v2\/types\/product"}],"replies":[{"embeddable":true,"href":"https:\/\/raspberrypi.dk\/no\/wp-json\/wp\/v2\/comments?post=131167"}],"wp:featuredmedia":[{"embeddable":true,"href":"https:\/\/raspberrypi.dk\/no\/wp-json\/wp\/v2\/media\/129313"}],"wp:attachment":[{"href":"https:\/\/raspberrypi.dk\/no\/wp-json\/wp\/v2\/media?parent=131167"}],"wp:term":[{"taxonomy":"product_brand","embeddable":true,"href":"https:\/\/raspberrypi.dk\/no\/wp-json\/wp\/v2\/product_brand?post=131167"},{"taxonomy":"product_cat","embeddable":true,"href":"https:\/\/raspberrypi.dk\/no\/wp-json\/wp\/v2\/product_cat?post=131167"},{"taxonomy":"product_tag","embeddable":true,"href":"https:\/\/raspberrypi.dk\/no\/wp-json\/wp\/v2\/product_tag?post=131167"}],"curies":[{"name":"wp","href":"https:\/\/api.w.org\/{rel}","templated":true}]}}