{"id":131168,"date":"2021-03-08T13:16:22","date_gmt":"2021-03-08T12:16:22","guid":{"rendered":"https:\/\/raspberrypi.dk\/produkt\/pico-audio-pack-line-out-and-headphone-amp\/"},"modified":"2024-04-07T13:54:57","modified_gmt":"2024-04-07T11:54:57","slug":"pico-audio-pack-line-out-and-headphone-amp","status":"publish","type":"product","link":"https:\/\/raspberrypi.dk\/no\/produkt\/pico-audio-pack-line-out-and-headphone-amp\/","title":{"rendered":"Pico Audio Pack (Line-Out and Headphone Amp)"},"content":{"rendered":"<p>Pico Audio Pack bruker PCM5100A DAC til \u00e5 sende ut opptil 32-biters, 384KHz stereolyd p\u00e5 3,5 mm line-out-kontakten, klar til \u00e5 bli koblet til en ekstern forsterker eller\u00a0 str\u00f8mdrevne h\u00f8yttalere. Hvis du leter etter noe litt kraftigere for \u00f8rene, kan det ogs\u00e5 sendes forsterket stereolyd fra 3,5 mm hodetelefonkontakten.<\/p>\n<p>Du kan generere interessante lyder med kode p\u00e5 Pico for \u00e5 kringkaste til en lo-fi synth eller koble Pico til en annen enhet og bruke den som et tilpasset USB-lydkort.<\/p>\n<p><strong>NB! Merk at Pico Audio Pack for \u00f8yeblikket kun fungerer med C \/ C ++ Pico SDK! Det er planlagt Micro Python-support, men den er ikke tilgjengelig enn s\u00e5 lenge.<\/strong><\/p>\n<p>Se under for detaljerte funksjoner og bruksanvisning.<\/p>\n<h2>Funksjoner<\/h2>\n<ul>\n<li>PCM5100A stereo DAC (<a href=\"https:\/\/cdn.shopify.com\/s\/files\/1\/0174\/1800\/files\/pcm5100a_617130f1-79f1-45ac-96bc-a3752b4afa59.pdf?v=1611151321\" target=\"_blank\" rel=\"noopener\">datasheet<\/a>)<\/li>\n<li>PAM8908JER stereo headphone amp (<a href=\"https:\/\/cdn.shopify.com\/s\/files\/1\/0174\/1800\/files\/PAM8901_8.pdf?v=1611151682\" target=\"_blank\" rel=\"noopener\">datasheet<\/a>)<\/li>\n<li>3.5mm stereo headphone jack connector<\/li>\n<li>3.5mm stereo line out jack connector<\/li>\n<li>Switch to adjust headphone amp gain (low \/ high)<\/li>\n<li>Pre-soldered female headers for attaching to Pico<\/li>\n<li>Compatible with Raspberry Pi Pico<\/li>\n<li>Fully assembled<\/li>\n<li>No soldering required (as long as your Pico has header pins attached).<\/li>\n<li>Dimensions: approx 53mm x 29mm x 11mm (L x W x H, including headers and audio jacks)<\/li>\n<li><a href=\"https:\/\/github.com\/pimoroni\/pimoroni-pico\" target=\"_blank\" rel=\"noopener\">Programmable with C\/C++<\/a><\/li>\n<\/ul>\n<p>The labels on the underside of Pico Audio will show you which way round to plug it into your Pico &#8211; just match up the USB port with the markings on the board.<\/p>\n<h2>Pinout<\/h2>\n<p>Pico Audio Pack provides a high quality stereo DAC which uses\u00a0<strong>I2S_DATA<\/strong>,\u00a0<strong>I2S_BCK<\/strong>, and\u00a0<strong>I2S_LRCK<\/strong>\u00a0to recieve audio data.<\/p>\n<p>We also offer a\u00a0<strong>MUTE<\/strong>\u00a0pin which can be used to silence the output.<\/p>\n<p>You can use Pico Audio Pack with the I2S audio examples provided by Raspberry Pi in their\u00a0<a href=\"https:\/\/github.com\/raspberrypi\/pico-playground\" target=\"_blank\" rel=\"noopener\">experimental examples<\/a>\u00a0(usb_sound_card and sine_wave_i2s). You&#8217;ll need to\u00a0<strong>#define\u00a0PICO_AUDIO_I2S_DATA_PIN<\/strong>\u00a0and\u00a0<strong>PICO_AUDIO_I2S_CLOCK_PIN_BASE<\/strong>\u00a0to 9 and\u00a010 respectively to tell the examples which pins are being used for the audio data.<\/p>\n<p><img decoding=\"async\" src=\"https:\/\/cdn.shopify.com\/s\/files\/1\/0174\/1800\/files\/pico-audio-pinout_600x600.png?v=1611503787\" alt=\"\" \/><\/p>\n","protected":false},"excerpt":{"rendered":"<p>Lag litt br\u00e5k med dette h\u00f8ykvalitets stereo I2S lydutvidelseskortet til Raspberry Pi Pico. Kompatibelt b\u00e5de med forsterkede hodetelefoner OG ikke-forsterkede linjeutganger!<\/p>\n","protected":false},"featured_media":129319,"comment_status":"open","ping_status":"closed","template":"","meta":[],"product_brand":[],"product_cat":[688,597],"product_tag":[],"class_list":{"0":"post-131168","1":"product","2":"type-product","3":"status-publish","4":"has-post-thumbnail","6":"product_cat-raspberry-pi-pico-tilbehor","7":"product_cat-raspberry-pi-hats-gpio-no","9":"first","10":"outofstock","11":"taxable","12":"shipping-taxable","13":"purchasable","14":"product-type-simple"},"composite_virtual":false,"composite_layout":"","composite_add_to_cart_form_location":"","composite_editable_in_cart":false,"composite_sold_individually_context":"","composite_shop_price_calc":"","composite_components":[],"composite_scenarios":[],"bundled_by":[],"bundle_stock_status":"outofstock","bundle_stock_quantity":0,"bundle_virtual":false,"bundle_layout":"","bundle_add_to_cart_form_location":"","bundle_editable_in_cart":false,"bundle_sold_individually_context":"","bundle_item_grouping":"","bundle_min_size":"","bundle_max_size":"","bundle_price":[],"bundled_items":[],"bundle_sell_ids":[],"yoast_head":"<!-- This site is optimized with the Yoast SEO plugin v27.1.1 - https:\/\/yoast.com\/product\/yoast-seo-wordpress\/ -->\n<title>Pico Audio Pack (Line-Out and Headphone Amp) \u2022 RaspberryPi.dk<\/title>\n<meta name=\"robots\" content=\"index, follow, max-snippet:-1, max-image-preview:large, max-video-preview:-1\" \/>\n<link rel=\"canonical\" href=\"https:\/\/raspberrypi.dk\/no\/produkt\/pico-audio-pack-line-out-and-headphone-amp\/\" \/>\n<meta property=\"og:locale\" content=\"nb_NO\" \/>\n<meta property=\"og:type\" content=\"article\" \/>\n<meta property=\"og:title\" content=\"Pico Audio Pack (Line-Out and Headphone Amp) \u2022 RaspberryPi.dk\" \/>\n<meta property=\"og:description\" content=\"Lag litt br\u00e5k med dette h\u00f8ykvalitets stereo I2S lydutvidelseskortet til Raspberry Pi Pico. Kompatibelt b\u00e5de med forsterkede hodetelefoner OG ikke-forsterkede linjeutganger!\" \/>\n<meta property=\"og:url\" content=\"https:\/\/raspberrypi.dk\/no\/produkt\/pico-audio-pack-line-out-and-headphone-amp\/\" \/>\n<meta property=\"og:site_name\" content=\"RaspberryPi.dk\" \/>\n<meta property=\"article:publisher\" content=\"https:\/\/facebook.com\/RaspberryPiDanmark\" \/>\n<meta property=\"article:modified_time\" content=\"2024-04-07T11:54:57+00:00\" \/>\n<meta property=\"og:image\" content=\"https:\/\/raspberrypi.dk\/wp-content\/uploads\/2021\/03\/pico-audio-pack.jpg\" \/>\n\t<meta property=\"og:image:width\" content=\"1024\" \/>\n\t<meta property=\"og:image:height\" content=\"1024\" \/>\n\t<meta property=\"og:image:type\" content=\"image\/jpeg\" \/>\n<meta name=\"twitter:card\" content=\"summary_large_image\" \/>\n<meta name=\"twitter:site\" content=\"@raspberrypidk\" \/>\n<meta name=\"twitter:label1\" content=\"Ansl. lesetid\" \/>\n\t<meta name=\"twitter:data1\" content=\"3 minutter\" \/>\n<script type=\"application\/ld+json\" class=\"yoast-schema-graph\">{\"@context\":\"https:\/\/schema.org\",\"@graph\":[{\"@type\":\"WebPage\",\"@id\":\"https:\/\/raspberrypi.dk\/no\/produkt\/pico-audio-pack-line-out-and-headphone-amp\/\",\"url\":\"https:\/\/raspberrypi.dk\/no\/produkt\/pico-audio-pack-line-out-and-headphone-amp\/\",\"name\":\"Pico Audio Pack (Line-Out and Headphone Amp) \u2022 RaspberryPi.dk\",\"isPartOf\":{\"@id\":\"https:\/\/raspberrypi.dk\/no\/#website\"},\"primaryImageOfPage\":{\"@id\":\"https:\/\/raspberrypi.dk\/no\/produkt\/pico-audio-pack-line-out-and-headphone-amp\/#primaryimage\"},\"image\":{\"@id\":\"https:\/\/raspberrypi.dk\/no\/produkt\/pico-audio-pack-line-out-and-headphone-amp\/#primaryimage\"},\"thumbnailUrl\":\"https:\/\/raspberrypi.dk\/wp-content\/uploads\/2021\/03\/pico-audio-pack.jpg\",\"datePublished\":\"2021-03-08T12:16:22+00:00\",\"dateModified\":\"2024-04-07T11:54:57+00:00\",\"breadcrumb\":{\"@id\":\"https:\/\/raspberrypi.dk\/no\/produkt\/pico-audio-pack-line-out-and-headphone-amp\/#breadcrumb\"},\"inLanguage\":\"nb-NO\",\"potentialAction\":[{\"@type\":\"ReadAction\",\"target\":[\"https:\/\/raspberrypi.dk\/no\/produkt\/pico-audio-pack-line-out-and-headphone-amp\/\"]}]},{\"@type\":\"ImageObject\",\"inLanguage\":\"nb-NO\",\"@id\":\"https:\/\/raspberrypi.dk\/no\/produkt\/pico-audio-pack-line-out-and-headphone-amp\/#primaryimage\",\"url\":\"https:\/\/raspberrypi.dk\/wp-content\/uploads\/2021\/03\/pico-audio-pack.jpg\",\"contentUrl\":\"https:\/\/raspberrypi.dk\/wp-content\/uploads\/2021\/03\/pico-audio-pack.jpg\",\"width\":1024,\"height\":1024,\"caption\":\"pico audio pack\"},{\"@type\":\"BreadcrumbList\",\"@id\":\"https:\/\/raspberrypi.dk\/no\/produkt\/pico-audio-pack-line-out-and-headphone-amp\/#breadcrumb\",\"itemListElement\":[{\"@type\":\"ListItem\",\"position\":1,\"name\":\"Hjem\",\"item\":\"https:\/\/raspberrypi.dk\/no\/raspberry-pi-nettbutikk\/\"},{\"@type\":\"ListItem\",\"position\":2,\"name\":\"Shop\",\"item\":\"https:\/\/raspberrypi.dk\/no\/shop-2\/\"},{\"@type\":\"ListItem\",\"position\":3,\"name\":\"Pico Audio Pack (Line-Out and Headphone Amp)\"}]},{\"@type\":\"WebSite\",\"@id\":\"https:\/\/raspberrypi.dk\/no\/#website\",\"url\":\"https:\/\/raspberrypi.dk\/no\/\",\"name\":\"RaspberryPi.dk\",\"description\":\"Danmarks f\u00f8rende Raspberry Pi side!\",\"publisher\":{\"@id\":\"https:\/\/raspberrypi.dk\/no\/#organization\"},\"potentialAction\":[{\"@type\":\"SearchAction\",\"target\":{\"@type\":\"EntryPoint\",\"urlTemplate\":\"https:\/\/raspberrypi.dk\/no\/?s={search_term_string}\"},\"query-input\":{\"@type\":\"PropertyValueSpecification\",\"valueRequired\":true,\"valueName\":\"search_term_string\"}}],\"inLanguage\":\"nb-NO\"},{\"@type\":\"Organization\",\"@id\":\"https:\/\/raspberrypi.dk\/no\/#organization\",\"name\":\"RaspberryPi.dk\",\"url\":\"https:\/\/raspberrypi.dk\/no\/\",\"logo\":{\"@type\":\"ImageObject\",\"inLanguage\":\"nb-NO\",\"@id\":\"https:\/\/raspberrypi.dk\/no\/#\/schema\/logo\/image\/\",\"url\":\"https:\/\/raspberrypi.dk\/wp-content\/uploads\/2017\/05\/RaspberryPidk_logo-2.png\",\"contentUrl\":\"https:\/\/raspberrypi.dk\/wp-content\/uploads\/2017\/05\/RaspberryPidk_logo-2.png\",\"width\":470,\"height\":110,\"caption\":\"RaspberryPi.dk\"},\"image\":{\"@id\":\"https:\/\/raspberrypi.dk\/no\/#\/schema\/logo\/image\/\"},\"sameAs\":[\"https:\/\/facebook.com\/RaspberryPiDanmark\",\"https:\/\/x.com\/raspberrypidk\",\"https:\/\/instagram.com\/raspberrypi.dk\"]}]}<\/script>\n<!-- \/ Yoast SEO plugin. -->","yoast_head_json":{"title":"Pico Audio Pack (Line-Out and Headphone Amp) \u2022 RaspberryPi.dk","robots":{"index":"index","follow":"follow","max-snippet":"max-snippet:-1","max-image-preview":"max-image-preview:large","max-video-preview":"max-video-preview:-1"},"canonical":"https:\/\/raspberrypi.dk\/no\/produkt\/pico-audio-pack-line-out-and-headphone-amp\/","og_locale":"nb_NO","og_type":"article","og_title":"Pico Audio Pack (Line-Out and Headphone Amp) \u2022 RaspberryPi.dk","og_description":"Lag litt br\u00e5k med dette h\u00f8ykvalitets stereo I2S lydutvidelseskortet til Raspberry Pi Pico. Kompatibelt b\u00e5de med forsterkede hodetelefoner OG ikke-forsterkede linjeutganger!","og_url":"https:\/\/raspberrypi.dk\/no\/produkt\/pico-audio-pack-line-out-and-headphone-amp\/","og_site_name":"RaspberryPi.dk","article_publisher":"https:\/\/facebook.com\/RaspberryPiDanmark","article_modified_time":"2024-04-07T11:54:57+00:00","og_image":[{"width":1024,"height":1024,"url":"https:\/\/raspberrypi.dk\/wp-content\/uploads\/2021\/03\/pico-audio-pack.jpg","type":"image\/jpeg"}],"twitter_card":"summary_large_image","twitter_site":"@raspberrypidk","twitter_misc":{"Ansl. lesetid":"3 minutter"},"schema":{"@context":"https:\/\/schema.org","@graph":[{"@type":"WebPage","@id":"https:\/\/raspberrypi.dk\/no\/produkt\/pico-audio-pack-line-out-and-headphone-amp\/","url":"https:\/\/raspberrypi.dk\/no\/produkt\/pico-audio-pack-line-out-and-headphone-amp\/","name":"Pico Audio Pack (Line-Out and Headphone Amp) \u2022 RaspberryPi.dk","isPartOf":{"@id":"https:\/\/raspberrypi.dk\/no\/#website"},"primaryImageOfPage":{"@id":"https:\/\/raspberrypi.dk\/no\/produkt\/pico-audio-pack-line-out-and-headphone-amp\/#primaryimage"},"image":{"@id":"https:\/\/raspberrypi.dk\/no\/produkt\/pico-audio-pack-line-out-and-headphone-amp\/#primaryimage"},"thumbnailUrl":"https:\/\/raspberrypi.dk\/wp-content\/uploads\/2021\/03\/pico-audio-pack.jpg","datePublished":"2021-03-08T12:16:22+00:00","dateModified":"2024-04-07T11:54:57+00:00","breadcrumb":{"@id":"https:\/\/raspberrypi.dk\/no\/produkt\/pico-audio-pack-line-out-and-headphone-amp\/#breadcrumb"},"inLanguage":"nb-NO","potentialAction":[{"@type":"ReadAction","target":["https:\/\/raspberrypi.dk\/no\/produkt\/pico-audio-pack-line-out-and-headphone-amp\/"]}]},{"@type":"ImageObject","inLanguage":"nb-NO","@id":"https:\/\/raspberrypi.dk\/no\/produkt\/pico-audio-pack-line-out-and-headphone-amp\/#primaryimage","url":"https:\/\/raspberrypi.dk\/wp-content\/uploads\/2021\/03\/pico-audio-pack.jpg","contentUrl":"https:\/\/raspberrypi.dk\/wp-content\/uploads\/2021\/03\/pico-audio-pack.jpg","width":1024,"height":1024,"caption":"pico audio pack"},{"@type":"BreadcrumbList","@id":"https:\/\/raspberrypi.dk\/no\/produkt\/pico-audio-pack-line-out-and-headphone-amp\/#breadcrumb","itemListElement":[{"@type":"ListItem","position":1,"name":"Hjem","item":"https:\/\/raspberrypi.dk\/no\/raspberry-pi-nettbutikk\/"},{"@type":"ListItem","position":2,"name":"Shop","item":"https:\/\/raspberrypi.dk\/no\/shop-2\/"},{"@type":"ListItem","position":3,"name":"Pico Audio Pack (Line-Out and Headphone Amp)"}]},{"@type":"WebSite","@id":"https:\/\/raspberrypi.dk\/no\/#website","url":"https:\/\/raspberrypi.dk\/no\/","name":"RaspberryPi.dk","description":"Danmarks f\u00f8rende Raspberry Pi side!","publisher":{"@id":"https:\/\/raspberrypi.dk\/no\/#organization"},"potentialAction":[{"@type":"SearchAction","target":{"@type":"EntryPoint","urlTemplate":"https:\/\/raspberrypi.dk\/no\/?s={search_term_string}"},"query-input":{"@type":"PropertyValueSpecification","valueRequired":true,"valueName":"search_term_string"}}],"inLanguage":"nb-NO"},{"@type":"Organization","@id":"https:\/\/raspberrypi.dk\/no\/#organization","name":"RaspberryPi.dk","url":"https:\/\/raspberrypi.dk\/no\/","logo":{"@type":"ImageObject","inLanguage":"nb-NO","@id":"https:\/\/raspberrypi.dk\/no\/#\/schema\/logo\/image\/","url":"https:\/\/raspberrypi.dk\/wp-content\/uploads\/2017\/05\/RaspberryPidk_logo-2.png","contentUrl":"https:\/\/raspberrypi.dk\/wp-content\/uploads\/2017\/05\/RaspberryPidk_logo-2.png","width":470,"height":110,"caption":"RaspberryPi.dk"},"image":{"@id":"https:\/\/raspberrypi.dk\/no\/#\/schema\/logo\/image\/"},"sameAs":["https:\/\/facebook.com\/RaspberryPiDanmark","https:\/\/x.com\/raspberrypidk","https:\/\/instagram.com\/raspberrypi.dk"]}]}},"_links":{"self":[{"href":"https:\/\/raspberrypi.dk\/no\/wp-json\/wp\/v2\/product\/131168","targetHints":{"allow":["GET"]}}],"collection":[{"href":"https:\/\/raspberrypi.dk\/no\/wp-json\/wp\/v2\/product"}],"about":[{"href":"https:\/\/raspberrypi.dk\/no\/wp-json\/wp\/v2\/types\/product"}],"replies":[{"embeddable":true,"href":"https:\/\/raspberrypi.dk\/no\/wp-json\/wp\/v2\/comments?post=131168"}],"wp:featuredmedia":[{"embeddable":true,"href":"https:\/\/raspberrypi.dk\/no\/wp-json\/wp\/v2\/media\/129319"}],"wp:attachment":[{"href":"https:\/\/raspberrypi.dk\/no\/wp-json\/wp\/v2\/media?parent=131168"}],"wp:term":[{"taxonomy":"product_brand","embeddable":true,"href":"https:\/\/raspberrypi.dk\/no\/wp-json\/wp\/v2\/product_brand?post=131168"},{"taxonomy":"product_cat","embeddable":true,"href":"https:\/\/raspberrypi.dk\/no\/wp-json\/wp\/v2\/product_cat?post=131168"},{"taxonomy":"product_tag","embeddable":true,"href":"https:\/\/raspberrypi.dk\/no\/wp-json\/wp\/v2\/product_tag?post=131168"}],"curies":[{"name":"wp","href":"https:\/\/api.w.org\/{rel}","templated":true}]}}