{"id":131170,"date":"2021-03-08T12:04:28","date_gmt":"2021-03-08T11:04:28","guid":{"rendered":"https:\/\/raspberrypi.dk\/produkt\/pico-omnibus-dual-expander\/"},"modified":"2024-09-06T17:24:54","modified_gmt":"2024-09-06T15:24:54","slug":"pico-omnibus-dual-expander","status":"publish","type":"product","link":"https:\/\/raspberrypi.dk\/no\/produkt\/pico-omnibus-dual-expander\/","title":{"rendered":"Pico Omnibus (Dual Expander)"},"content":{"rendered":"<p>Sliter du med \u00e5 velge hvilket Pico add-on du skal velge? Pico Omnibus lar deg koble til to Pico-pakker eller baser samtidig *, eller du kan bruke det ekstra settet med han\/mannlige GPIO-ben for enkelt \u00e5 koble til andre enheter, jumperledninger eller kretser &#8211; veldig nyttig for prototyping. Vi har lagt ved nyttige etiketter til alle de tre settene med kontakter, slik at du kan v\u00e6re sikker p\u00e5 at alle de ledningene kommer til de riktige stedene. Vi har ogs\u00e5 lagt ved noen sm\u00e5 f\u00f8tter for \u00e5 holde alt solid.<\/p>\n<p><strong>Funktioner<\/strong><\/p>\n<ul>\n<li>Et landingsomr\u00e5de med markerte female headers til montering til din Pico.<\/li>\n<li>To landingsomr\u00e5der med markerte (speilede) male headers til montering av add-ons.<\/li>\n<li>4x gummif\u00f8tter<\/li>\n<li>Kompatibel med Raspberry Pi Pico.<\/li>\n<li>99% samlet &#8211; skal bare holde seg p\u00e5 f\u00f8ttene!<\/li>\n<li>Ferdig samlet.<\/li>\n<li>Ingen lodding kreves.<\/li>\n<li>Dimensioner: ca. 94 mm x 52 mm x 12 mm (L x B x H, inkl. headers)<\/li>\n<\/ul>\n<p><strong>Bemerkninger<\/strong><\/p>\n<ul>\n<li>* Du blir n\u00f8dt til \u00e5 kontrollere om det er konflikter med datapins, n\u00e5r du bruker flere Pico-addons &#8211; Vi anbefaler, at du bruker <a href=\"http:\/\/pinout.xyz\">pinout.xyz<\/a> eller sjekker butikksiden for den aktuelle addon!<\/li>\n<li>* Hvis du jobber p\u00e5 en Pico Base i Pico Omnibus, skal det sannsynligvis gj\u00f8res via en male-female jumper for \u00e5 holde alt h\u00e5ndterbart.<\/li>\n<li>Pico-pakkene vist p\u00e5 bildet er ikke inkludert.<\/li>\n<\/ul>\n","protected":false},"excerpt":{"rendered":"<p>F\u00e5 dobbelt s\u00e5 mange GPIO-ben og mont\u00e9r to add-ons til en enkelt Raspberry Pi Pico med v\u00e5r ekspansive Pico Omnibus!<\/p>\n","protected":false},"featured_media":129322,"comment_status":"open","ping_status":"closed","template":"","meta":[],"product_brand":[],"product_cat":[688,597],"product_tag":[],"class_list":{"0":"post-131170","1":"product","2":"type-product","3":"status-publish","4":"has-post-thumbnail","6":"product_cat-raspberry-pi-pico-tilbehor","7":"product_cat-raspberry-pi-hats-gpio-no","9":"first","10":"instock","11":"taxable","12":"shipping-taxable","13":"purchasable","14":"product-type-simple"},"composite_virtual":false,"composite_layout":"","composite_add_to_cart_form_location":"","composite_editable_in_cart":false,"composite_sold_individually_context":"","composite_shop_price_calc":"","composite_components":[],"composite_scenarios":[],"bundled_by":[],"bundle_stock_status":"instock","bundle_stock_quantity":10,"bundle_virtual":false,"bundle_layout":"","bundle_add_to_cart_form_location":"","bundle_editable_in_cart":false,"bundle_sold_individually_context":"","bundle_item_grouping":"","bundle_min_size":"","bundle_max_size":"","bundle_price":[],"bundled_items":[],"bundle_sell_ids":[],"yoast_head":"<!-- This site is optimized with the Yoast SEO plugin v27.1.1 - https:\/\/yoast.com\/product\/yoast-seo-wordpress\/ -->\n<title>Pico Omnibus (Dual Expander) \u2022 RaspberryPi.dk<\/title>\n<meta name=\"robots\" content=\"index, follow, max-snippet:-1, max-image-preview:large, max-video-preview:-1\" \/>\n<link rel=\"canonical\" href=\"https:\/\/raspberrypi.dk\/no\/produkt\/pico-omnibus-dual-expander\/\" \/>\n<meta property=\"og:locale\" content=\"nb_NO\" \/>\n<meta property=\"og:type\" content=\"article\" \/>\n<meta property=\"og:title\" content=\"Pico Omnibus (Dual Expander) \u2022 RaspberryPi.dk\" \/>\n<meta property=\"og:description\" content=\"F\u00e5 dobbelt s\u00e5 mange GPIO-ben og mont\u00e9r to add-ons til en enkelt Raspberry Pi Pico med v\u00e5r ekspansive Pico Omnibus!\" \/>\n<meta property=\"og:url\" content=\"https:\/\/raspberrypi.dk\/no\/produkt\/pico-omnibus-dual-expander\/\" \/>\n<meta property=\"og:site_name\" content=\"RaspberryPi.dk\" \/>\n<meta property=\"article:publisher\" content=\"https:\/\/facebook.com\/RaspberryPiDanmark\" \/>\n<meta property=\"article:modified_time\" content=\"2024-09-06T15:24:54+00:00\" \/>\n<meta property=\"og:image\" content=\"https:\/\/raspberrypi.dk\/wp-content\/uploads\/2021\/03\/pico-omnibus-dual-expander.jpg\" \/>\n\t<meta property=\"og:image:width\" content=\"1024\" \/>\n\t<meta property=\"og:image:height\" content=\"1024\" \/>\n\t<meta property=\"og:image:type\" content=\"image\/jpeg\" \/>\n<meta name=\"twitter:card\" content=\"summary_large_image\" \/>\n<meta name=\"twitter:site\" content=\"@raspberrypidk\" \/>\n<meta name=\"twitter:label1\" content=\"Ansl. lesetid\" \/>\n\t<meta name=\"twitter:data1\" content=\"2 minutter\" \/>\n<script type=\"application\/ld+json\" class=\"yoast-schema-graph\">{\"@context\":\"https:\/\/schema.org\",\"@graph\":[{\"@type\":\"WebPage\",\"@id\":\"https:\/\/raspberrypi.dk\/no\/produkt\/pico-omnibus-dual-expander\/\",\"url\":\"https:\/\/raspberrypi.dk\/no\/produkt\/pico-omnibus-dual-expander\/\",\"name\":\"Pico Omnibus (Dual Expander) \u2022 RaspberryPi.dk\",\"isPartOf\":{\"@id\":\"https:\/\/raspberrypi.dk\/no\/#website\"},\"primaryImageOfPage\":{\"@id\":\"https:\/\/raspberrypi.dk\/no\/produkt\/pico-omnibus-dual-expander\/#primaryimage\"},\"image\":{\"@id\":\"https:\/\/raspberrypi.dk\/no\/produkt\/pico-omnibus-dual-expander\/#primaryimage\"},\"thumbnailUrl\":\"https:\/\/raspberrypi.dk\/wp-content\/uploads\/2021\/03\/pico-omnibus-dual-expander.jpg\",\"datePublished\":\"2021-03-08T11:04:28+00:00\",\"dateModified\":\"2024-09-06T15:24:54+00:00\",\"breadcrumb\":{\"@id\":\"https:\/\/raspberrypi.dk\/no\/produkt\/pico-omnibus-dual-expander\/#breadcrumb\"},\"inLanguage\":\"nb-NO\",\"potentialAction\":[{\"@type\":\"ReadAction\",\"target\":[\"https:\/\/raspberrypi.dk\/no\/produkt\/pico-omnibus-dual-expander\/\"]}]},{\"@type\":\"ImageObject\",\"inLanguage\":\"nb-NO\",\"@id\":\"https:\/\/raspberrypi.dk\/no\/produkt\/pico-omnibus-dual-expander\/#primaryimage\",\"url\":\"https:\/\/raspberrypi.dk\/wp-content\/uploads\/2021\/03\/pico-omnibus-dual-expander.jpg\",\"contentUrl\":\"https:\/\/raspberrypi.dk\/wp-content\/uploads\/2021\/03\/pico-omnibus-dual-expander.jpg\",\"width\":1024,\"height\":1024,\"caption\":\"pico omnibus dual expander\"},{\"@type\":\"BreadcrumbList\",\"@id\":\"https:\/\/raspberrypi.dk\/no\/produkt\/pico-omnibus-dual-expander\/#breadcrumb\",\"itemListElement\":[{\"@type\":\"ListItem\",\"position\":1,\"name\":\"Hjem\",\"item\":\"https:\/\/raspberrypi.dk\/no\/raspberry-pi-nettbutikk\/\"},{\"@type\":\"ListItem\",\"position\":2,\"name\":\"Shop\",\"item\":\"https:\/\/raspberrypi.dk\/no\/shop-2\/\"},{\"@type\":\"ListItem\",\"position\":3,\"name\":\"Pico Omnibus (Dual Expander)\"}]},{\"@type\":\"WebSite\",\"@id\":\"https:\/\/raspberrypi.dk\/no\/#website\",\"url\":\"https:\/\/raspberrypi.dk\/no\/\",\"name\":\"RaspberryPi.dk\",\"description\":\"Danmarks f\u00f8rende Raspberry Pi side!\",\"publisher\":{\"@id\":\"https:\/\/raspberrypi.dk\/no\/#organization\"},\"potentialAction\":[{\"@type\":\"SearchAction\",\"target\":{\"@type\":\"EntryPoint\",\"urlTemplate\":\"https:\/\/raspberrypi.dk\/no\/?s={search_term_string}\"},\"query-input\":{\"@type\":\"PropertyValueSpecification\",\"valueRequired\":true,\"valueName\":\"search_term_string\"}}],\"inLanguage\":\"nb-NO\"},{\"@type\":\"Organization\",\"@id\":\"https:\/\/raspberrypi.dk\/no\/#organization\",\"name\":\"RaspberryPi.dk\",\"url\":\"https:\/\/raspberrypi.dk\/no\/\",\"logo\":{\"@type\":\"ImageObject\",\"inLanguage\":\"nb-NO\",\"@id\":\"https:\/\/raspberrypi.dk\/no\/#\/schema\/logo\/image\/\",\"url\":\"https:\/\/raspberrypi.dk\/wp-content\/uploads\/2017\/05\/RaspberryPidk_logo-2.png\",\"contentUrl\":\"https:\/\/raspberrypi.dk\/wp-content\/uploads\/2017\/05\/RaspberryPidk_logo-2.png\",\"width\":470,\"height\":110,\"caption\":\"RaspberryPi.dk\"},\"image\":{\"@id\":\"https:\/\/raspberrypi.dk\/no\/#\/schema\/logo\/image\/\"},\"sameAs\":[\"https:\/\/facebook.com\/RaspberryPiDanmark\",\"https:\/\/x.com\/raspberrypidk\",\"https:\/\/instagram.com\/raspberrypi.dk\"]}]}<\/script>\n<!-- \/ Yoast SEO plugin. -->","yoast_head_json":{"title":"Pico Omnibus (Dual Expander) \u2022 RaspberryPi.dk","robots":{"index":"index","follow":"follow","max-snippet":"max-snippet:-1","max-image-preview":"max-image-preview:large","max-video-preview":"max-video-preview:-1"},"canonical":"https:\/\/raspberrypi.dk\/no\/produkt\/pico-omnibus-dual-expander\/","og_locale":"nb_NO","og_type":"article","og_title":"Pico Omnibus (Dual Expander) \u2022 RaspberryPi.dk","og_description":"F\u00e5 dobbelt s\u00e5 mange GPIO-ben og mont\u00e9r to add-ons til en enkelt Raspberry Pi Pico med v\u00e5r ekspansive Pico Omnibus!","og_url":"https:\/\/raspberrypi.dk\/no\/produkt\/pico-omnibus-dual-expander\/","og_site_name":"RaspberryPi.dk","article_publisher":"https:\/\/facebook.com\/RaspberryPiDanmark","article_modified_time":"2024-09-06T15:24:54+00:00","og_image":[{"width":1024,"height":1024,"url":"https:\/\/raspberrypi.dk\/wp-content\/uploads\/2021\/03\/pico-omnibus-dual-expander.jpg","type":"image\/jpeg"}],"twitter_card":"summary_large_image","twitter_site":"@raspberrypidk","twitter_misc":{"Ansl. lesetid":"2 minutter"},"schema":{"@context":"https:\/\/schema.org","@graph":[{"@type":"WebPage","@id":"https:\/\/raspberrypi.dk\/no\/produkt\/pico-omnibus-dual-expander\/","url":"https:\/\/raspberrypi.dk\/no\/produkt\/pico-omnibus-dual-expander\/","name":"Pico Omnibus (Dual Expander) \u2022 RaspberryPi.dk","isPartOf":{"@id":"https:\/\/raspberrypi.dk\/no\/#website"},"primaryImageOfPage":{"@id":"https:\/\/raspberrypi.dk\/no\/produkt\/pico-omnibus-dual-expander\/#primaryimage"},"image":{"@id":"https:\/\/raspberrypi.dk\/no\/produkt\/pico-omnibus-dual-expander\/#primaryimage"},"thumbnailUrl":"https:\/\/raspberrypi.dk\/wp-content\/uploads\/2021\/03\/pico-omnibus-dual-expander.jpg","datePublished":"2021-03-08T11:04:28+00:00","dateModified":"2024-09-06T15:24:54+00:00","breadcrumb":{"@id":"https:\/\/raspberrypi.dk\/no\/produkt\/pico-omnibus-dual-expander\/#breadcrumb"},"inLanguage":"nb-NO","potentialAction":[{"@type":"ReadAction","target":["https:\/\/raspberrypi.dk\/no\/produkt\/pico-omnibus-dual-expander\/"]}]},{"@type":"ImageObject","inLanguage":"nb-NO","@id":"https:\/\/raspberrypi.dk\/no\/produkt\/pico-omnibus-dual-expander\/#primaryimage","url":"https:\/\/raspberrypi.dk\/wp-content\/uploads\/2021\/03\/pico-omnibus-dual-expander.jpg","contentUrl":"https:\/\/raspberrypi.dk\/wp-content\/uploads\/2021\/03\/pico-omnibus-dual-expander.jpg","width":1024,"height":1024,"caption":"pico omnibus dual expander"},{"@type":"BreadcrumbList","@id":"https:\/\/raspberrypi.dk\/no\/produkt\/pico-omnibus-dual-expander\/#breadcrumb","itemListElement":[{"@type":"ListItem","position":1,"name":"Hjem","item":"https:\/\/raspberrypi.dk\/no\/raspberry-pi-nettbutikk\/"},{"@type":"ListItem","position":2,"name":"Shop","item":"https:\/\/raspberrypi.dk\/no\/shop-2\/"},{"@type":"ListItem","position":3,"name":"Pico Omnibus (Dual Expander)"}]},{"@type":"WebSite","@id":"https:\/\/raspberrypi.dk\/no\/#website","url":"https:\/\/raspberrypi.dk\/no\/","name":"RaspberryPi.dk","description":"Danmarks f\u00f8rende Raspberry Pi side!","publisher":{"@id":"https:\/\/raspberrypi.dk\/no\/#organization"},"potentialAction":[{"@type":"SearchAction","target":{"@type":"EntryPoint","urlTemplate":"https:\/\/raspberrypi.dk\/no\/?s={search_term_string}"},"query-input":{"@type":"PropertyValueSpecification","valueRequired":true,"valueName":"search_term_string"}}],"inLanguage":"nb-NO"},{"@type":"Organization","@id":"https:\/\/raspberrypi.dk\/no\/#organization","name":"RaspberryPi.dk","url":"https:\/\/raspberrypi.dk\/no\/","logo":{"@type":"ImageObject","inLanguage":"nb-NO","@id":"https:\/\/raspberrypi.dk\/no\/#\/schema\/logo\/image\/","url":"https:\/\/raspberrypi.dk\/wp-content\/uploads\/2017\/05\/RaspberryPidk_logo-2.png","contentUrl":"https:\/\/raspberrypi.dk\/wp-content\/uploads\/2017\/05\/RaspberryPidk_logo-2.png","width":470,"height":110,"caption":"RaspberryPi.dk"},"image":{"@id":"https:\/\/raspberrypi.dk\/no\/#\/schema\/logo\/image\/"},"sameAs":["https:\/\/facebook.com\/RaspberryPiDanmark","https:\/\/x.com\/raspberrypidk","https:\/\/instagram.com\/raspberrypi.dk"]}]}},"_links":{"self":[{"href":"https:\/\/raspberrypi.dk\/no\/wp-json\/wp\/v2\/product\/131170","targetHints":{"allow":["GET"]}}],"collection":[{"href":"https:\/\/raspberrypi.dk\/no\/wp-json\/wp\/v2\/product"}],"about":[{"href":"https:\/\/raspberrypi.dk\/no\/wp-json\/wp\/v2\/types\/product"}],"replies":[{"embeddable":true,"href":"https:\/\/raspberrypi.dk\/no\/wp-json\/wp\/v2\/comments?post=131170"}],"wp:featuredmedia":[{"embeddable":true,"href":"https:\/\/raspberrypi.dk\/no\/wp-json\/wp\/v2\/media\/129322"}],"wp:attachment":[{"href":"https:\/\/raspberrypi.dk\/no\/wp-json\/wp\/v2\/media?parent=131170"}],"wp:term":[{"taxonomy":"product_brand","embeddable":true,"href":"https:\/\/raspberrypi.dk\/no\/wp-json\/wp\/v2\/product_brand?post=131170"},{"taxonomy":"product_cat","embeddable":true,"href":"https:\/\/raspberrypi.dk\/no\/wp-json\/wp\/v2\/product_cat?post=131170"},{"taxonomy":"product_tag","embeddable":true,"href":"https:\/\/raspberrypi.dk\/no\/wp-json\/wp\/v2\/product_tag?post=131170"}],"curies":[{"name":"wp","href":"https:\/\/api.w.org\/{rel}","templated":true}]}}