{"id":131325,"date":"2020-12-10T12:12:31","date_gmt":"2020-12-10T11:12:31","guid":{"rendered":"https:\/\/raspberrypi.dk\/produkt\/iqaudio-dac-plus\/"},"modified":"2026-01-27T19:25:34","modified_gmt":"2026-01-27T18:25:34","slug":"iqaudio-dac-plus","status":"publish","type":"product","link":"https:\/\/raspberrypi.dk\/no\/produkt\/iqaudio-dac-plus\/","title":{"rendered":"Raspberry Pi DAC+ Lydkort"},"content":{"rendered":"<p>Raspberry Pi (IQaudio) DAC + kobles direkte til Raspberry Pi, det er dermed ikke n\u00f8dvendig \u00e5 lodde eller endre Raspberry Pi, og du kan nyte Full HD-lyd p\u00e5 bare noen f\u00e5 minutter. Med en forh\u00e5ndsprogrammert HAT EEPROM konfigureres den ogs\u00e5 automatisk i Raspberry Pi OS uten noen brukerinnsats.<\/p>\n<p>Pi-DAC + har den fantastiske Texas Instruments PCM5122 DAC og inkluderer ogs\u00e5 en dedikert hodetelefonforsterker, som leverer en komplett alt-i-ett Full HD-lydopplevelse lyttere som benytter seg av hodetelefoner. Volumkontroll er innebygd, og eliminerer behovet for programvarevolumkontroll av annet lydtilbeh\u00f8r.<\/p>\n<p>Et fullt HAT-kompatibelt Raspberry Pi-utvidelseskort med forh\u00e5ndsprogrammert EEPROM-st\u00f8tte. Pi-DAC + leverer Full HD-lyd fra Raspberry Pi.<\/p>\n<p><strong>Funksjoner<\/strong><\/p>\n<ul>\n<li>Raspberry Pi HAT kompatibelt tilbeh\u00f8r<\/li>\n<li>Forh\u00e5ndsprogrammert EEPROM til automatisk konfigurasjon<\/li>\n<li>Full HD Linux-lyd &#8211; opp til 24-bit \/ 192 kHz avspilling<\/li>\n<li>Intergrert hardware-volumkontroll (via ALSA), full 2v RMS<\/li>\n<li>Innebygget hodetelefonsforsterker i h\u00f8y kvalitet (TI TPA6133A)<\/li>\n<li>Klasseledende lyd; 112db SNR og -93db THD<\/li>\n<li>Audiophile TI Burr Brown 32-bit \/ 384kHz DAC (TI PCM5122)<\/li>\n<li>Avansert ESD-beskyttelse<\/li>\n<li>Digitale I2S lydsignaler<\/li>\n<li>Raspberry Pi-drevet, ingen eksterne str\u00f8mkrav<\/li>\n<li>Industristandard lydkvalitet Phono \/ RCA-stik<\/li>\n<li>Full GPIO-adgang uten lodding p\u00e5krevet<\/li>\n<li>Fullt bygget og testet Raspberry Pi tilbeh\u00f8r<\/li>\n<li>Designet og produsert i Storbritania<\/li>\n<\/ul>\n<p>Bruk raw Linux,\u00a0<a title=\"Volumio - A REVOLUTIONARY AUDIOPHILE MUSIC PLAYER\" href=\"http:\/\/volumio.org\/\" target=\"_blank\" rel=\"noopener noreferrer\">Volumio<\/a>,\u00a0<a title=\"RuneAudio - A REVOLUTIONARY DIGITAL HI-FI PLAYER\" href=\"http:\/\/www.runeaudio.com\/\" target=\"_blank\" rel=\"noopener noreferrer\">RuneAudio<\/a>,\u00a0<a title=\"Squeezeplug\" href=\"http:\/\/www.squeezeplug.de\/\" target=\"_blank\" rel=\"noopener noreferrer\">SqueezePlug<\/a>,\u00a0<a title=\"PiCorePlayer News\" href=\"https:\/\/sites.google.com\/site\/picoreplayer\/home\/news\" target=\"_blank\" rel=\"noopener noreferrer\">PiCorePlayer<\/a>, PiMusicBox, AirplaySync, MDP eller lignende og lytt til internettradio, ditt eget digitale musikkbibliotek eller streaming ab musikktjenester som Spotify &#8211; alt sammen i storsl\u00e5tt lydkvalitet. IQaudIO Pi-DAC+ underst\u00f8tter enkelt 24-bit \/ 192kHz filformater, men fungerer like godt med MP3-filer.<\/p>\n<p><strong>Dokumentasjon<\/strong><\/p>\n<p>Du kan nedlaste IQAudIO-brukerveiledningen <a href=\"https:\/\/github.com\/iqaudio\/UserDocs\/raw\/master\/userguide.pdf\">her<\/a> og noen nyttige verkt\u00f8y<a href=\"https:\/\/github.com\/iqaudio\/tools\">her<\/a>.<\/p>\n","protected":false},"excerpt":{"rendered":"<p>De-facto DAC til Raspberry Pi. Denne siste revisjonen av Pi-DAC + er forh\u00e5ndsprogrammert for automatisk gjenkjenning og tilgjengeliggj\u00f8r hele Raspberry Pi GPIO-header, som gir enkel tilgang til knapper, sensorer, skjermer osv.<\/p>\n","protected":false},"featured_media":131326,"comment_status":"open","ping_status":"closed","template":"","meta":[],"product_brand":[],"product_cat":[597],"product_tag":[717,703],"class_list":{"0":"post-131325","1":"product","2":"type-product","3":"status-publish","4":"has-post-thumbnail","6":"product_cat-raspberry-pi-hats-gpio-no","7":"product_tag-rpi4-no","8":"product_tag-rpi5-no","9":"pa_model-dac-no","11":"first","12":"outofstock","13":"taxable","14":"shipping-taxable","15":"purchasable","16":"product-type-simple"},"composite_virtual":false,"composite_layout":"","composite_add_to_cart_form_location":"","composite_editable_in_cart":false,"composite_sold_individually_context":"","composite_shop_price_calc":"","composite_components":[],"composite_scenarios":[],"bundled_by":[],"bundle_stock_status":"outofstock","bundle_stock_quantity":0,"bundle_virtual":false,"bundle_layout":"","bundle_add_to_cart_form_location":"","bundle_editable_in_cart":false,"bundle_sold_individually_context":"","bundle_item_grouping":"","bundle_min_size":"","bundle_max_size":"","bundle_price":[],"bundled_items":[],"bundle_sell_ids":[224640],"yoast_head":"<!-- This site is optimized with the Yoast SEO plugin v27.1.1 - https:\/\/yoast.com\/product\/yoast-seo-wordpress\/ -->\n<title>Raspberry Pi DAC+ Lydkort \u2022 RaspberryPi.dk<\/title>\n<meta name=\"robots\" content=\"index, follow, max-snippet:-1, max-image-preview:large, max-video-preview:-1\" \/>\n<link rel=\"canonical\" href=\"https:\/\/raspberrypi.dk\/no\/produkt\/iqaudio-dac-plus\/\" \/>\n<meta property=\"og:locale\" content=\"nb_NO\" \/>\n<meta property=\"og:type\" content=\"article\" \/>\n<meta property=\"og:title\" content=\"Raspberry Pi DAC+ Lydkort \u2022 RaspberryPi.dk\" \/>\n<meta property=\"og:description\" content=\"De-facto DAC til Raspberry Pi. Denne siste revisjonen av Pi-DAC + er forh\u00e5ndsprogrammert for automatisk gjenkjenning og tilgjengeliggj\u00f8r hele Raspberry Pi GPIO-header, som gir enkel tilgang til knapper, sensorer, skjermer osv.\" \/>\n<meta property=\"og:url\" content=\"https:\/\/raspberrypi.dk\/no\/produkt\/iqaudio-dac-plus\/\" \/>\n<meta property=\"og:site_name\" content=\"RaspberryPi.dk\" \/>\n<meta property=\"article:publisher\" content=\"https:\/\/facebook.com\/RaspberryPiDanmark\" \/>\n<meta property=\"article:modified_time\" content=\"2026-01-27T18:25:34+00:00\" \/>\n<meta property=\"og:image\" content=\"https:\/\/raspberrypi.dk\/wp-content\/uploads\/2020\/12\/IQaudio-DAC-Raspberry-Pi.jpg\" \/>\n\t<meta property=\"og:image:width\" content=\"1920\" \/>\n\t<meta property=\"og:image:height\" content=\"1440\" \/>\n\t<meta property=\"og:image:type\" content=\"image\/jpeg\" \/>\n<meta name=\"twitter:card\" content=\"summary_large_image\" \/>\n<meta name=\"twitter:site\" content=\"@raspberrypidk\" \/>\n<meta name=\"twitter:label1\" content=\"Ansl. lesetid\" \/>\n\t<meta name=\"twitter:data1\" content=\"2 minutter\" \/>\n<script type=\"application\/ld+json\" class=\"yoast-schema-graph\">{\"@context\":\"https:\/\/schema.org\",\"@graph\":[{\"@type\":\"WebPage\",\"@id\":\"https:\/\/raspberrypi.dk\/no\/produkt\/iqaudio-dac-plus\/\",\"url\":\"https:\/\/raspberrypi.dk\/no\/produkt\/iqaudio-dac-plus\/\",\"name\":\"Raspberry Pi DAC+ Lydkort \u2022 RaspberryPi.dk\",\"isPartOf\":{\"@id\":\"https:\/\/raspberrypi.dk\/no\/#website\"},\"primaryImageOfPage\":{\"@id\":\"https:\/\/raspberrypi.dk\/no\/produkt\/iqaudio-dac-plus\/#primaryimage\"},\"image\":{\"@id\":\"https:\/\/raspberrypi.dk\/no\/produkt\/iqaudio-dac-plus\/#primaryimage\"},\"thumbnailUrl\":\"https:\/\/raspberrypi.dk\/wp-content\/uploads\/2020\/12\/IQaudio-DAC-Raspberry-Pi.jpg\",\"datePublished\":\"2020-12-10T11:12:31+00:00\",\"dateModified\":\"2026-01-27T18:25:34+00:00\",\"breadcrumb\":{\"@id\":\"https:\/\/raspberrypi.dk\/no\/produkt\/iqaudio-dac-plus\/#breadcrumb\"},\"inLanguage\":\"nb-NO\",\"potentialAction\":[{\"@type\":\"ReadAction\",\"target\":[\"https:\/\/raspberrypi.dk\/no\/produkt\/iqaudio-dac-plus\/\"]}]},{\"@type\":\"ImageObject\",\"inLanguage\":\"nb-NO\",\"@id\":\"https:\/\/raspberrypi.dk\/no\/produkt\/iqaudio-dac-plus\/#primaryimage\",\"url\":\"https:\/\/raspberrypi.dk\/wp-content\/uploads\/2020\/12\/IQaudio-DAC-Raspberry-Pi.jpg\",\"contentUrl\":\"https:\/\/raspberrypi.dk\/wp-content\/uploads\/2020\/12\/IQaudio-DAC-Raspberry-Pi.jpg\",\"width\":1920,\"height\":1440},{\"@type\":\"BreadcrumbList\",\"@id\":\"https:\/\/raspberrypi.dk\/no\/produkt\/iqaudio-dac-plus\/#breadcrumb\",\"itemListElement\":[{\"@type\":\"ListItem\",\"position\":1,\"name\":\"Hjem\",\"item\":\"https:\/\/raspberrypi.dk\/no\/raspberry-pi-nettbutikk\/\"},{\"@type\":\"ListItem\",\"position\":2,\"name\":\"Shop\",\"item\":\"https:\/\/raspberrypi.dk\/no\/shop-2\/\"},{\"@type\":\"ListItem\",\"position\":3,\"name\":\"Raspberry Pi DAC+ Lydkort\"}]},{\"@type\":\"WebSite\",\"@id\":\"https:\/\/raspberrypi.dk\/no\/#website\",\"url\":\"https:\/\/raspberrypi.dk\/no\/\",\"name\":\"RaspberryPi.dk\",\"description\":\"Danmarks f\u00f8rende Raspberry Pi side!\",\"publisher\":{\"@id\":\"https:\/\/raspberrypi.dk\/no\/#organization\"},\"potentialAction\":[{\"@type\":\"SearchAction\",\"target\":{\"@type\":\"EntryPoint\",\"urlTemplate\":\"https:\/\/raspberrypi.dk\/no\/?s={search_term_string}\"},\"query-input\":{\"@type\":\"PropertyValueSpecification\",\"valueRequired\":true,\"valueName\":\"search_term_string\"}}],\"inLanguage\":\"nb-NO\"},{\"@type\":\"Organization\",\"@id\":\"https:\/\/raspberrypi.dk\/no\/#organization\",\"name\":\"RaspberryPi.dk\",\"url\":\"https:\/\/raspberrypi.dk\/no\/\",\"logo\":{\"@type\":\"ImageObject\",\"inLanguage\":\"nb-NO\",\"@id\":\"https:\/\/raspberrypi.dk\/no\/#\/schema\/logo\/image\/\",\"url\":\"https:\/\/raspberrypi.dk\/wp-content\/uploads\/2017\/05\/RaspberryPidk_logo-2.png\",\"contentUrl\":\"https:\/\/raspberrypi.dk\/wp-content\/uploads\/2017\/05\/RaspberryPidk_logo-2.png\",\"width\":470,\"height\":110,\"caption\":\"RaspberryPi.dk\"},\"image\":{\"@id\":\"https:\/\/raspberrypi.dk\/no\/#\/schema\/logo\/image\/\"},\"sameAs\":[\"https:\/\/facebook.com\/RaspberryPiDanmark\",\"https:\/\/x.com\/raspberrypidk\",\"https:\/\/instagram.com\/raspberrypi.dk\"]}]}<\/script>\n<!-- \/ Yoast SEO plugin. -->","yoast_head_json":{"title":"Raspberry Pi DAC+ Lydkort \u2022 RaspberryPi.dk","robots":{"index":"index","follow":"follow","max-snippet":"max-snippet:-1","max-image-preview":"max-image-preview:large","max-video-preview":"max-video-preview:-1"},"canonical":"https:\/\/raspberrypi.dk\/no\/produkt\/iqaudio-dac-plus\/","og_locale":"nb_NO","og_type":"article","og_title":"Raspberry Pi DAC+ Lydkort \u2022 RaspberryPi.dk","og_description":"De-facto DAC til Raspberry Pi. Denne siste revisjonen av Pi-DAC + er forh\u00e5ndsprogrammert for automatisk gjenkjenning og tilgjengeliggj\u00f8r hele Raspberry Pi GPIO-header, som gir enkel tilgang til knapper, sensorer, skjermer osv.","og_url":"https:\/\/raspberrypi.dk\/no\/produkt\/iqaudio-dac-plus\/","og_site_name":"RaspberryPi.dk","article_publisher":"https:\/\/facebook.com\/RaspberryPiDanmark","article_modified_time":"2026-01-27T18:25:34+00:00","og_image":[{"width":1920,"height":1440,"url":"https:\/\/raspberrypi.dk\/wp-content\/uploads\/2020\/12\/IQaudio-DAC-Raspberry-Pi.jpg","type":"image\/jpeg"}],"twitter_card":"summary_large_image","twitter_site":"@raspberrypidk","twitter_misc":{"Ansl. lesetid":"2 minutter"},"schema":{"@context":"https:\/\/schema.org","@graph":[{"@type":"WebPage","@id":"https:\/\/raspberrypi.dk\/no\/produkt\/iqaudio-dac-plus\/","url":"https:\/\/raspberrypi.dk\/no\/produkt\/iqaudio-dac-plus\/","name":"Raspberry Pi DAC+ Lydkort \u2022 RaspberryPi.dk","isPartOf":{"@id":"https:\/\/raspberrypi.dk\/no\/#website"},"primaryImageOfPage":{"@id":"https:\/\/raspberrypi.dk\/no\/produkt\/iqaudio-dac-plus\/#primaryimage"},"image":{"@id":"https:\/\/raspberrypi.dk\/no\/produkt\/iqaudio-dac-plus\/#primaryimage"},"thumbnailUrl":"https:\/\/raspberrypi.dk\/wp-content\/uploads\/2020\/12\/IQaudio-DAC-Raspberry-Pi.jpg","datePublished":"2020-12-10T11:12:31+00:00","dateModified":"2026-01-27T18:25:34+00:00","breadcrumb":{"@id":"https:\/\/raspberrypi.dk\/no\/produkt\/iqaudio-dac-plus\/#breadcrumb"},"inLanguage":"nb-NO","potentialAction":[{"@type":"ReadAction","target":["https:\/\/raspberrypi.dk\/no\/produkt\/iqaudio-dac-plus\/"]}]},{"@type":"ImageObject","inLanguage":"nb-NO","@id":"https:\/\/raspberrypi.dk\/no\/produkt\/iqaudio-dac-plus\/#primaryimage","url":"https:\/\/raspberrypi.dk\/wp-content\/uploads\/2020\/12\/IQaudio-DAC-Raspberry-Pi.jpg","contentUrl":"https:\/\/raspberrypi.dk\/wp-content\/uploads\/2020\/12\/IQaudio-DAC-Raspberry-Pi.jpg","width":1920,"height":1440},{"@type":"BreadcrumbList","@id":"https:\/\/raspberrypi.dk\/no\/produkt\/iqaudio-dac-plus\/#breadcrumb","itemListElement":[{"@type":"ListItem","position":1,"name":"Hjem","item":"https:\/\/raspberrypi.dk\/no\/raspberry-pi-nettbutikk\/"},{"@type":"ListItem","position":2,"name":"Shop","item":"https:\/\/raspberrypi.dk\/no\/shop-2\/"},{"@type":"ListItem","position":3,"name":"Raspberry Pi DAC+ Lydkort"}]},{"@type":"WebSite","@id":"https:\/\/raspberrypi.dk\/no\/#website","url":"https:\/\/raspberrypi.dk\/no\/","name":"RaspberryPi.dk","description":"Danmarks f\u00f8rende Raspberry Pi side!","publisher":{"@id":"https:\/\/raspberrypi.dk\/no\/#organization"},"potentialAction":[{"@type":"SearchAction","target":{"@type":"EntryPoint","urlTemplate":"https:\/\/raspberrypi.dk\/no\/?s={search_term_string}"},"query-input":{"@type":"PropertyValueSpecification","valueRequired":true,"valueName":"search_term_string"}}],"inLanguage":"nb-NO"},{"@type":"Organization","@id":"https:\/\/raspberrypi.dk\/no\/#organization","name":"RaspberryPi.dk","url":"https:\/\/raspberrypi.dk\/no\/","logo":{"@type":"ImageObject","inLanguage":"nb-NO","@id":"https:\/\/raspberrypi.dk\/no\/#\/schema\/logo\/image\/","url":"https:\/\/raspberrypi.dk\/wp-content\/uploads\/2017\/05\/RaspberryPidk_logo-2.png","contentUrl":"https:\/\/raspberrypi.dk\/wp-content\/uploads\/2017\/05\/RaspberryPidk_logo-2.png","width":470,"height":110,"caption":"RaspberryPi.dk"},"image":{"@id":"https:\/\/raspberrypi.dk\/no\/#\/schema\/logo\/image\/"},"sameAs":["https:\/\/facebook.com\/RaspberryPiDanmark","https:\/\/x.com\/raspberrypidk","https:\/\/instagram.com\/raspberrypi.dk"]}]}},"_links":{"self":[{"href":"https:\/\/raspberrypi.dk\/no\/wp-json\/wp\/v2\/product\/131325","targetHints":{"allow":["GET"]}}],"collection":[{"href":"https:\/\/raspberrypi.dk\/no\/wp-json\/wp\/v2\/product"}],"about":[{"href":"https:\/\/raspberrypi.dk\/no\/wp-json\/wp\/v2\/types\/product"}],"replies":[{"embeddable":true,"href":"https:\/\/raspberrypi.dk\/no\/wp-json\/wp\/v2\/comments?post=131325"}],"wp:featuredmedia":[{"embeddable":true,"href":"https:\/\/raspberrypi.dk\/no\/wp-json\/wp\/v2\/media\/131326"}],"wp:attachment":[{"href":"https:\/\/raspberrypi.dk\/no\/wp-json\/wp\/v2\/media?parent=131325"}],"wp:term":[{"taxonomy":"product_brand","embeddable":true,"href":"https:\/\/raspberrypi.dk\/no\/wp-json\/wp\/v2\/product_brand?post=131325"},{"taxonomy":"product_cat","embeddable":true,"href":"https:\/\/raspberrypi.dk\/no\/wp-json\/wp\/v2\/product_cat?post=131325"},{"taxonomy":"product_tag","embeddable":true,"href":"https:\/\/raspberrypi.dk\/no\/wp-json\/wp\/v2\/product_tag?post=131325"}],"curies":[{"name":"wp","href":"https:\/\/api.w.org\/{rel}","templated":true}]}}