{"id":131328,"date":"2020-12-10T12:18:24","date_gmt":"2020-12-10T11:18:24","guid":{"rendered":"https:\/\/raspberrypi.dk\/produkt\/iqaudio-digiamp-plus\/"},"modified":"2026-03-05T18:25:42","modified_gmt":"2026-03-05T17:25:42","slug":"iqaudio-digiamp-plus","status":"publish","type":"product","link":"https:\/\/raspberrypi.dk\/no\/produkt\/iqaudio-digiamp-plus\/","title":{"rendered":"Raspberry Pi DigiAMP+ Forsterker"},"content":{"rendered":"<p>INGEN LODDING P\u00c5KREVD.<\/p>\n<p>Designet for \u00e5 levere den beste lydytelsen fra Raspberry Pi, passer den innenfor Pi&#8217;s formfaktor og gir ytterligere full tilgang til Pi&#8217;s 40-pinners I \/ O-signaler, noe som gj\u00f8r det enkelt \u00e5 legge til IR-sensorer, Rotary Encoder eller i2c-enheter (for eksempel OLED-skjermer ) osv.<\/p>\n<p>Den nye Pi-DigiAMP + bruker Texas Instruments brikkesett (TAS5756m) og opprettholder full programvarekompatibilitet. I tillegg kommer denne versjonen med et forh\u00e5ndsprogrammert EEPROM som lar Raspberry PI OS konfigurere seg automatisk, inkludert fjerning av lydsignalene ved oppstart.<\/p>\n<p>St\u00f8ttes av de mange programvarelydpakkene som allerede er p\u00e5 markedet. Roon Labs \/ Volumio \/ MoodeAudio \/ PiCorePlayer \/ PiMusicBox \/ OpenELEC og andre. IQaudIO Pi-DigiAMP + st\u00f8tter opptil 24-bit \/ 192 kHz filformater, men fungerer like bra med MP3-filer.<\/p>\n<p>IQaudIO Pi-DigiAMP + kobles enkelt til Raspberry Pi og gir opptil 2 x 35 W stereoutgang for h\u00f8yttalere.<\/p>\n<p><strong>Funksjoner<\/strong><\/p>\n<ul>\n<li>Full HD-lyd &#8211; opptil 24-bit \/ 192 kHz avspilling<\/li>\n<li>Opptil 2x35w krystallklar forsterkning<\/li>\n<li>Forprogrammert EEPROM til automatisk konfigurasjon<\/li>\n<li>Integrert hardware volumkontroll (via ALSA)<\/li>\n<li>Forsyner Raspberry Pi fra Pi-DigiAMP+ str\u00f8mminngangen<\/li>\n<li>Linux-driversupport, som allerede er levert i Raspberry Pi OS<\/li>\n<li>Avansert ESD-beskyttelse<\/li>\n<li>Bruker de digitale I2S-lydsignalene<\/li>\n<li>St\u00f8tter opptil 24v input<\/li>\n<li>Leverer full 2.5amp til Pi, st\u00f8tter skjermer og USB-enheter parallelt<\/li>\n<li>Full GPIO-adgang uten lodding<\/li>\n<li>Bygget og testet Raspberry Pi tilbeh\u00f8r<\/li>\n<li>Designet og produsert i Storbritania<\/li>\n<\/ul>\n<p><strong>BEMERK:<\/strong> DigiAMP+ krever en ekstern str\u00f8mforsyning, og n\u00e5r den f\u00e5r str\u00f8m, leverer Pi-DigiAMP+ str\u00f8m til din Raspberry Pi parallelt.<\/p>\n<p><strong>Dokumentasjon<\/strong><\/p>\n<p>Du kan downloade IQAudIO-brugerveiledningen <a href=\"https:\/\/github.com\/iqaudio\/UserDocs\/raw\/master\/userguide.pdf\">her<\/a> og noen nyttige verkt\u00f8y <a href=\"https:\/\/github.com\/iqaudio\/tools\">her<\/a>.<\/p>\n","protected":false},"excerpt":{"rendered":"<p>De-facto DAC \/ AMP for Raspberry Pi. Denne siste revisjonen av Pi-DigiAMP + har forh\u00e5ndsprogrammert EEPROM og utnytter hele Raspberry Pi GPIO-header. Den st\u00f8tter ogs\u00e5 spenningsinngang opp til 24 V og leverer hele 2,5 A til Pi.<\/p>\n","protected":false},"featured_media":131329,"comment_status":"open","ping_status":"closed","template":"","meta":[],"product_brand":[],"product_cat":[597],"product_tag":[717,703],"class_list":{"0":"post-131328","1":"product","2":"type-product","3":"status-publish","4":"has-post-thumbnail","6":"product_cat-raspberry-pi-hats-gpio-no","7":"product_tag-rpi4-no","8":"product_tag-rpi5-no","9":"pa_model-dac-no","11":"first","12":"instock","13":"taxable","14":"shipping-taxable","15":"purchasable","16":"product-type-simple"},"composite_virtual":false,"composite_layout":"","composite_add_to_cart_form_location":"","composite_editable_in_cart":false,"composite_sold_individually_context":"","composite_shop_price_calc":"","composite_components":[],"composite_scenarios":[],"bundled_by":[],"bundle_stock_status":"instock","bundle_stock_quantity":28,"bundle_virtual":false,"bundle_layout":"","bundle_add_to_cart_form_location":"","bundle_editable_in_cart":false,"bundle_sold_individually_context":"","bundle_item_grouping":"","bundle_min_size":"","bundle_max_size":"","bundle_price":[],"bundled_items":[],"bundle_sell_ids":[224705],"yoast_head":"<!-- This site is optimized with the Yoast SEO plugin v27.1.1 - https:\/\/yoast.com\/product\/yoast-seo-wordpress\/ -->\n<title>Raspberry Pi DigiAMP+ Forsterker \u2022 RaspberryPi.dk<\/title>\n<meta name=\"robots\" content=\"index, follow, max-snippet:-1, max-image-preview:large, max-video-preview:-1\" \/>\n<link rel=\"canonical\" href=\"https:\/\/raspberrypi.dk\/no\/produkt\/iqaudio-digiamp-plus\/\" \/>\n<meta property=\"og:locale\" content=\"nb_NO\" \/>\n<meta property=\"og:type\" content=\"article\" \/>\n<meta property=\"og:title\" content=\"Raspberry Pi DigiAMP+ Forsterker \u2022 RaspberryPi.dk\" \/>\n<meta property=\"og:description\" content=\"De-facto DAC \/ AMP for Raspberry Pi. Denne siste revisjonen av Pi-DigiAMP + har forh\u00e5ndsprogrammert EEPROM og utnytter hele Raspberry Pi GPIO-header. Den st\u00f8tter ogs\u00e5 spenningsinngang opp til 24 V og leverer hele 2,5 A til Pi.\" \/>\n<meta property=\"og:url\" content=\"https:\/\/raspberrypi.dk\/no\/produkt\/iqaudio-digiamp-plus\/\" \/>\n<meta property=\"og:site_name\" content=\"RaspberryPi.dk\" \/>\n<meta property=\"article:publisher\" content=\"https:\/\/facebook.com\/RaspberryPiDanmark\" \/>\n<meta property=\"article:modified_time\" content=\"2026-03-05T17:25:42+00:00\" \/>\n<meta property=\"og:image\" content=\"https:\/\/raspberrypi.dk\/wp-content\/uploads\/2020\/12\/IQaudio-DigiAMP-Raspberry-Pi.jpg\" \/>\n\t<meta property=\"og:image:width\" content=\"1920\" \/>\n\t<meta property=\"og:image:height\" content=\"1440\" \/>\n\t<meta property=\"og:image:type\" content=\"image\/jpeg\" \/>\n<meta name=\"twitter:card\" content=\"summary_large_image\" \/>\n<meta name=\"twitter:site\" content=\"@raspberrypidk\" \/>\n<meta name=\"twitter:label1\" content=\"Ansl. lesetid\" \/>\n\t<meta name=\"twitter:data1\" content=\"2 minutter\" \/>\n<script type=\"application\/ld+json\" class=\"yoast-schema-graph\">{\"@context\":\"https:\/\/schema.org\",\"@graph\":[{\"@type\":\"WebPage\",\"@id\":\"https:\/\/raspberrypi.dk\/no\/produkt\/iqaudio-digiamp-plus\/\",\"url\":\"https:\/\/raspberrypi.dk\/no\/produkt\/iqaudio-digiamp-plus\/\",\"name\":\"Raspberry Pi DigiAMP+ Forsterker \u2022 RaspberryPi.dk\",\"isPartOf\":{\"@id\":\"https:\/\/raspberrypi.dk\/no\/#website\"},\"primaryImageOfPage\":{\"@id\":\"https:\/\/raspberrypi.dk\/no\/produkt\/iqaudio-digiamp-plus\/#primaryimage\"},\"image\":{\"@id\":\"https:\/\/raspberrypi.dk\/no\/produkt\/iqaudio-digiamp-plus\/#primaryimage\"},\"thumbnailUrl\":\"https:\/\/raspberrypi.dk\/wp-content\/uploads\/2020\/12\/IQaudio-DigiAMP-Raspberry-Pi.jpg\",\"datePublished\":\"2020-12-10T11:18:24+00:00\",\"dateModified\":\"2026-03-05T17:25:42+00:00\",\"breadcrumb\":{\"@id\":\"https:\/\/raspberrypi.dk\/no\/produkt\/iqaudio-digiamp-plus\/#breadcrumb\"},\"inLanguage\":\"nb-NO\",\"potentialAction\":[{\"@type\":\"ReadAction\",\"target\":[\"https:\/\/raspberrypi.dk\/no\/produkt\/iqaudio-digiamp-plus\/\"]}]},{\"@type\":\"ImageObject\",\"inLanguage\":\"nb-NO\",\"@id\":\"https:\/\/raspberrypi.dk\/no\/produkt\/iqaudio-digiamp-plus\/#primaryimage\",\"url\":\"https:\/\/raspberrypi.dk\/wp-content\/uploads\/2020\/12\/IQaudio-DigiAMP-Raspberry-Pi.jpg\",\"contentUrl\":\"https:\/\/raspberrypi.dk\/wp-content\/uploads\/2020\/12\/IQaudio-DigiAMP-Raspberry-Pi.jpg\",\"width\":1920,\"height\":1440},{\"@type\":\"BreadcrumbList\",\"@id\":\"https:\/\/raspberrypi.dk\/no\/produkt\/iqaudio-digiamp-plus\/#breadcrumb\",\"itemListElement\":[{\"@type\":\"ListItem\",\"position\":1,\"name\":\"Hjem\",\"item\":\"https:\/\/raspberrypi.dk\/no\/raspberry-pi-nettbutikk\/\"},{\"@type\":\"ListItem\",\"position\":2,\"name\":\"Shop\",\"item\":\"https:\/\/raspberrypi.dk\/no\/shop-2\/\"},{\"@type\":\"ListItem\",\"position\":3,\"name\":\"Raspberry Pi DigiAMP+ Forsterker\"}]},{\"@type\":\"WebSite\",\"@id\":\"https:\/\/raspberrypi.dk\/no\/#website\",\"url\":\"https:\/\/raspberrypi.dk\/no\/\",\"name\":\"RaspberryPi.dk\",\"description\":\"Danmarks f\u00f8rende Raspberry Pi side!\",\"publisher\":{\"@id\":\"https:\/\/raspberrypi.dk\/no\/#organization\"},\"potentialAction\":[{\"@type\":\"SearchAction\",\"target\":{\"@type\":\"EntryPoint\",\"urlTemplate\":\"https:\/\/raspberrypi.dk\/no\/?s={search_term_string}\"},\"query-input\":{\"@type\":\"PropertyValueSpecification\",\"valueRequired\":true,\"valueName\":\"search_term_string\"}}],\"inLanguage\":\"nb-NO\"},{\"@type\":\"Organization\",\"@id\":\"https:\/\/raspberrypi.dk\/no\/#organization\",\"name\":\"RaspberryPi.dk\",\"url\":\"https:\/\/raspberrypi.dk\/no\/\",\"logo\":{\"@type\":\"ImageObject\",\"inLanguage\":\"nb-NO\",\"@id\":\"https:\/\/raspberrypi.dk\/no\/#\/schema\/logo\/image\/\",\"url\":\"https:\/\/raspberrypi.dk\/wp-content\/uploads\/2017\/05\/RaspberryPidk_logo-2.png\",\"contentUrl\":\"https:\/\/raspberrypi.dk\/wp-content\/uploads\/2017\/05\/RaspberryPidk_logo-2.png\",\"width\":470,\"height\":110,\"caption\":\"RaspberryPi.dk\"},\"image\":{\"@id\":\"https:\/\/raspberrypi.dk\/no\/#\/schema\/logo\/image\/\"},\"sameAs\":[\"https:\/\/facebook.com\/RaspberryPiDanmark\",\"https:\/\/x.com\/raspberrypidk\",\"https:\/\/instagram.com\/raspberrypi.dk\"]}]}<\/script>\n<!-- \/ Yoast SEO plugin. -->","yoast_head_json":{"title":"Raspberry Pi DigiAMP+ Forsterker \u2022 RaspberryPi.dk","robots":{"index":"index","follow":"follow","max-snippet":"max-snippet:-1","max-image-preview":"max-image-preview:large","max-video-preview":"max-video-preview:-1"},"canonical":"https:\/\/raspberrypi.dk\/no\/produkt\/iqaudio-digiamp-plus\/","og_locale":"nb_NO","og_type":"article","og_title":"Raspberry Pi DigiAMP+ Forsterker \u2022 RaspberryPi.dk","og_description":"De-facto DAC \/ AMP for Raspberry Pi. Denne siste revisjonen av Pi-DigiAMP + har forh\u00e5ndsprogrammert EEPROM og utnytter hele Raspberry Pi GPIO-header. Den st\u00f8tter ogs\u00e5 spenningsinngang opp til 24 V og leverer hele 2,5 A til Pi.","og_url":"https:\/\/raspberrypi.dk\/no\/produkt\/iqaudio-digiamp-plus\/","og_site_name":"RaspberryPi.dk","article_publisher":"https:\/\/facebook.com\/RaspberryPiDanmark","article_modified_time":"2026-03-05T17:25:42+00:00","og_image":[{"width":1920,"height":1440,"url":"https:\/\/raspberrypi.dk\/wp-content\/uploads\/2020\/12\/IQaudio-DigiAMP-Raspberry-Pi.jpg","type":"image\/jpeg"}],"twitter_card":"summary_large_image","twitter_site":"@raspberrypidk","twitter_misc":{"Ansl. lesetid":"2 minutter"},"schema":{"@context":"https:\/\/schema.org","@graph":[{"@type":"WebPage","@id":"https:\/\/raspberrypi.dk\/no\/produkt\/iqaudio-digiamp-plus\/","url":"https:\/\/raspberrypi.dk\/no\/produkt\/iqaudio-digiamp-plus\/","name":"Raspberry Pi DigiAMP+ Forsterker \u2022 RaspberryPi.dk","isPartOf":{"@id":"https:\/\/raspberrypi.dk\/no\/#website"},"primaryImageOfPage":{"@id":"https:\/\/raspberrypi.dk\/no\/produkt\/iqaudio-digiamp-plus\/#primaryimage"},"image":{"@id":"https:\/\/raspberrypi.dk\/no\/produkt\/iqaudio-digiamp-plus\/#primaryimage"},"thumbnailUrl":"https:\/\/raspberrypi.dk\/wp-content\/uploads\/2020\/12\/IQaudio-DigiAMP-Raspberry-Pi.jpg","datePublished":"2020-12-10T11:18:24+00:00","dateModified":"2026-03-05T17:25:42+00:00","breadcrumb":{"@id":"https:\/\/raspberrypi.dk\/no\/produkt\/iqaudio-digiamp-plus\/#breadcrumb"},"inLanguage":"nb-NO","potentialAction":[{"@type":"ReadAction","target":["https:\/\/raspberrypi.dk\/no\/produkt\/iqaudio-digiamp-plus\/"]}]},{"@type":"ImageObject","inLanguage":"nb-NO","@id":"https:\/\/raspberrypi.dk\/no\/produkt\/iqaudio-digiamp-plus\/#primaryimage","url":"https:\/\/raspberrypi.dk\/wp-content\/uploads\/2020\/12\/IQaudio-DigiAMP-Raspberry-Pi.jpg","contentUrl":"https:\/\/raspberrypi.dk\/wp-content\/uploads\/2020\/12\/IQaudio-DigiAMP-Raspberry-Pi.jpg","width":1920,"height":1440},{"@type":"BreadcrumbList","@id":"https:\/\/raspberrypi.dk\/no\/produkt\/iqaudio-digiamp-plus\/#breadcrumb","itemListElement":[{"@type":"ListItem","position":1,"name":"Hjem","item":"https:\/\/raspberrypi.dk\/no\/raspberry-pi-nettbutikk\/"},{"@type":"ListItem","position":2,"name":"Shop","item":"https:\/\/raspberrypi.dk\/no\/shop-2\/"},{"@type":"ListItem","position":3,"name":"Raspberry Pi DigiAMP+ Forsterker"}]},{"@type":"WebSite","@id":"https:\/\/raspberrypi.dk\/no\/#website","url":"https:\/\/raspberrypi.dk\/no\/","name":"RaspberryPi.dk","description":"Danmarks f\u00f8rende Raspberry Pi side!","publisher":{"@id":"https:\/\/raspberrypi.dk\/no\/#organization"},"potentialAction":[{"@type":"SearchAction","target":{"@type":"EntryPoint","urlTemplate":"https:\/\/raspberrypi.dk\/no\/?s={search_term_string}"},"query-input":{"@type":"PropertyValueSpecification","valueRequired":true,"valueName":"search_term_string"}}],"inLanguage":"nb-NO"},{"@type":"Organization","@id":"https:\/\/raspberrypi.dk\/no\/#organization","name":"RaspberryPi.dk","url":"https:\/\/raspberrypi.dk\/no\/","logo":{"@type":"ImageObject","inLanguage":"nb-NO","@id":"https:\/\/raspberrypi.dk\/no\/#\/schema\/logo\/image\/","url":"https:\/\/raspberrypi.dk\/wp-content\/uploads\/2017\/05\/RaspberryPidk_logo-2.png","contentUrl":"https:\/\/raspberrypi.dk\/wp-content\/uploads\/2017\/05\/RaspberryPidk_logo-2.png","width":470,"height":110,"caption":"RaspberryPi.dk"},"image":{"@id":"https:\/\/raspberrypi.dk\/no\/#\/schema\/logo\/image\/"},"sameAs":["https:\/\/facebook.com\/RaspberryPiDanmark","https:\/\/x.com\/raspberrypidk","https:\/\/instagram.com\/raspberrypi.dk"]}]}},"_links":{"self":[{"href":"https:\/\/raspberrypi.dk\/no\/wp-json\/wp\/v2\/product\/131328","targetHints":{"allow":["GET"]}}],"collection":[{"href":"https:\/\/raspberrypi.dk\/no\/wp-json\/wp\/v2\/product"}],"about":[{"href":"https:\/\/raspberrypi.dk\/no\/wp-json\/wp\/v2\/types\/product"}],"replies":[{"embeddable":true,"href":"https:\/\/raspberrypi.dk\/no\/wp-json\/wp\/v2\/comments?post=131328"}],"wp:featuredmedia":[{"embeddable":true,"href":"https:\/\/raspberrypi.dk\/no\/wp-json\/wp\/v2\/media\/131329"}],"wp:attachment":[{"href":"https:\/\/raspberrypi.dk\/no\/wp-json\/wp\/v2\/media?parent=131328"}],"wp:term":[{"taxonomy":"product_brand","embeddable":true,"href":"https:\/\/raspberrypi.dk\/no\/wp-json\/wp\/v2\/product_brand?post=131328"},{"taxonomy":"product_cat","embeddable":true,"href":"https:\/\/raspberrypi.dk\/no\/wp-json\/wp\/v2\/product_cat?post=131328"},{"taxonomy":"product_tag","embeddable":true,"href":"https:\/\/raspberrypi.dk\/no\/wp-json\/wp\/v2\/product_tag?post=131328"}],"curies":[{"name":"wp","href":"https:\/\/api.w.org\/{rel}","templated":true}]}}