{"id":131339,"date":"2020-10-28T14:14:23","date_gmt":"2020-10-28T13:14:23","guid":{"rendered":"https:\/\/raspberrypi.dk\/produkt\/automation-hat-mini\/"},"modified":"2025-10-17T12:10:49","modified_gmt":"2025-10-17T10:10:49","slug":"automation-hat-mini","status":"publish","type":"product","link":"https:\/\/raspberrypi.dk\/no\/produkt\/automation-hat-mini\/","title":{"rendered":"Automation HAT Mini"},"content":{"rendered":"<p>Ikke la deg lure av st\u00f8rrelsen. Automation HAT Mini har mye funksjonalitet. Den har et rel\u00e9, tre bufrede innganger, tre utganger og tre analoge innganger, alle 24V tolerante. Sist men ikke minst har den et vakkert 0,96 96 IPS LCD i full farge for \u00e5 vise statusen til dine systemer.<\/p>\n<p>Automation HAT Mini er perfekt for hjemmeautomatiseringsprosjekter som gir drivhuset ditt intelligente sprinklere, for planlegging av fiskef\u00f4ring eller for styring av lavspent belysningssystemer.<\/p>\n<p><strong>Funksjoner<\/strong><\/p>\n<ul>\n<li>0,96 &laquo;farge LCD (160&#215;80)<\/li>\n<li>1 x 24V @ 2A rel\u00e9 (NC og NO terminaler)<\/li>\n<li>3 x 12-bit ADC @ 0-24V (ADS1015) (\u00b1 2% n\u00f8yaktighet)<\/li>\n<li>3 x 24V tolerante bufferinnganger<\/li>\n<li>3 x 24V tolerante synkende utganger<\/li>\n<li>3,5 mm skrueterminaler<\/li>\n<li>Pimoroni breakout-kompatibel pin header<\/li>\n<li>Mini HAT-format bord<\/li>\n<li>Ferdiglaget (ingen lodding kreves)<\/li>\n<li>Kompatibel med alle 40-pin header Raspberry Pi-modeller<\/li>\n<li><a href=\"https:\/\/github.com\/pimoroni\/automation-hat\">Python-bibliotek<\/a><\/li>\n<li>Dimensjoner: 65x30x16,8mm<\/li>\n<\/ul>\n<p><strong>Automatiser din verden!<\/strong><br \/>\nAlle innganger og utganger, samt rel\u00e9et p\u00e5 Automation HAT Mini er 24V tolerante. Sv\u00e6rt mange lavspenningssystemer i husholdningsapparater (ogs\u00e5 i biler) g\u00e5r p\u00e5 enten 12V eller 24V. Automation HAT Mini er en fin m\u00e5te \u00e5 overv\u00e5ke og kontrollere slike systemer.<\/p>\n<p>Bruk de bufrede inngangene til \u00e5 oppdage av \/ p\u00e5-modus p\u00e5 enhetene dine, eller f\u00e5 mer detaljert styring med de analoge inngangene som m\u00e5ler inngangsspenningen med 12-biters n\u00f8yaktighet. De synkende utgangene kan synke totalt 500 mA over de tre kanalene. Ved h\u00f8yere str\u00f8mbelastning kan du bruke rel\u00e9et som t\u00e5ler opptil 2A ved 24V og dra nytte av de normalt \u00e5pne eller normalt lukkede sidene for \u00e5 gi riktig failover-modus.<\/p>\n<p>En female header er lagt til p\u00e5 undersiden av brettet med riktig pinout for Pimoroni breakout-serien. Dette \u00e5pner for et bredt spekter av smarte alternativer! Popp en I2C Breakout Extender i headeren, og s\u00e5 kan du enkelt komme inn i en av v\u00e5re breakouts. Ingen lodding kreves! Bruk en LTR-559 lys- og n\u00e6rhetssensor til \u00e5 sl\u00e5 p\u00e5 en enhet automatisk n\u00e5r den er lys eller m\u00f8rk, eller en BME280 temperatur-, trykk- og fuktighetssensor for \u00e5 utl\u00f8se ved en viss temperatur eller fuktighetsgrense.<\/p>\n<p><strong>Software<\/strong><br \/>\nSom vanlig er det opprettet et superenkelt <a href=\"https:\/\/github.com\/pimoroni\/automation-hat\">Python-bibliotek<\/a> for \u00e5 dra nytte av alle Automation HAT Mini-funksjonene med eksempler for \u00e5 komme i gang.<\/p>\n<p>0,96 \u2033 LCD-st\u00f8tte er lagt til <a href=\"https:\/\/github.com\/pimoroni\/automation-hat\">Automation HAT-bibliotek<\/a>, , s\u00e5 n\u00e5r du kj\u00f8rer installasjonsprogrammet, blir alt du trenger konfigurert og installert. Handy!<\/p>\n<p>Eksempler viser deg hvordan du bruker alle de forskjellige funksjonene i Automation HAT Mini og hvordan du ser statusen p\u00e5 LCD-skjermen. Se <a href=\"https:\/\/learn.pimoroni.com\/tutorial\/sandyj\/getting-started-with-automation-hat-and-phat\">tutorial<\/a> for flere detaljer!<\/p>\n<p><strong>Bemerkninger<\/strong><\/p>\n<ul>\n<li>Belastninger til utgangene skal endres p\u00e5 jordsiden, dvs. 12 \/ 24V (fra forsyning) -&gt; belastning -&gt; utgangsterminal -&gt; jord (fra forsyning)<\/li>\n<li>Releet t\u00e5ler opptil 2A hver og skal v\u00e6re sl\u00e5tt p\u00e5 p\u00e5 den h\u00f8ysiden<\/li>\n<li>De synkende utgangene kan synke maksimalt 500mA i alt p\u00e5 tvers av de 3 utgangene, s\u00e5 hvis du bruker en enkelt kanal, kan du synke hele 500mA over den.<\/li>\n<li>ADC&#8217;s n\u00f8yaktighet er \u00b1 2%.<\/li>\n<li>Bruk ikke denne til \u00e5 skifte nettspenning!<\/li>\n<\/ul>\n","protected":false},"excerpt":{"rendered":"<p>Automatiser din verden med Automation HAT Mini! Overv\u00e5k og styr opptil 24V-systemer, og se deres status p\u00e5 det vakre fargedisplayet!<\/p>\n","protected":false},"featured_media":131343,"comment_status":"open","ping_status":"closed","template":"","meta":[],"product_brand":[],"product_cat":[601,597],"product_tag":[717,703],"class_list":{"0":"post-131339","1":"product","2":"type-product","3":"status-publish","4":"has-post-thumbnail","6":"product_cat-raspberry-pi-zero-og-tilbehoer-no","7":"product_cat-raspberry-pi-hats-gpio-no","8":"product_tag-rpi4-no","9":"product_tag-rpi5-no","11":"first","12":"instock","13":"taxable","14":"shipping-taxable","15":"purchasable","16":"product-type-simple"},"composite_virtual":false,"composite_layout":"","composite_add_to_cart_form_location":"","composite_editable_in_cart":false,"composite_sold_individually_context":"","composite_shop_price_calc":"","composite_components":[],"composite_scenarios":[],"bundled_by":[],"bundle_stock_status":"instock","bundle_stock_quantity":5,"bundle_virtual":false,"bundle_layout":"","bundle_add_to_cart_form_location":"","bundle_editable_in_cart":false,"bundle_sold_individually_context":"","bundle_item_grouping":"","bundle_min_size":"","bundle_max_size":"","bundle_price":[],"bundled_items":[],"bundle_sell_ids":[],"yoast_head":"<!-- This site is optimized with the Yoast SEO plugin v27.1.1 - https:\/\/yoast.com\/product\/yoast-seo-wordpress\/ -->\n<title>Automation HAT Mini \u2022 RaspberryPi.dk<\/title>\n<meta name=\"robots\" content=\"index, follow, max-snippet:-1, max-image-preview:large, max-video-preview:-1\" \/>\n<link rel=\"canonical\" href=\"https:\/\/raspberrypi.dk\/no\/produkt\/automation-hat-mini\/\" \/>\n<meta property=\"og:locale\" content=\"nb_NO\" \/>\n<meta property=\"og:type\" content=\"article\" \/>\n<meta property=\"og:title\" content=\"Automation HAT Mini \u2022 RaspberryPi.dk\" \/>\n<meta property=\"og:description\" content=\"Automatiser din verden med Automation HAT Mini! Overv\u00e5k og styr opptil 24V-systemer, og se deres status p\u00e5 det vakre fargedisplayet!\" \/>\n<meta property=\"og:url\" content=\"https:\/\/raspberrypi.dk\/no\/produkt\/automation-hat-mini\/\" \/>\n<meta property=\"og:site_name\" content=\"RaspberryPi.dk\" \/>\n<meta property=\"article:publisher\" content=\"https:\/\/facebook.com\/RaspberryPiDanmark\" \/>\n<meta property=\"article:modified_time\" content=\"2025-10-17T10:10:49+00:00\" \/>\n<meta property=\"og:image\" content=\"https:\/\/raspberrypi.dk\/wp-content\/uploads\/2020\/10\/automation-hat-mini-3_1024x1024.jpg\" \/>\n\t<meta property=\"og:image:width\" content=\"1024\" \/>\n\t<meta property=\"og:image:height\" content=\"1024\" \/>\n\t<meta property=\"og:image:type\" content=\"image\/jpeg\" \/>\n<meta name=\"twitter:card\" content=\"summary_large_image\" \/>\n<meta name=\"twitter:site\" content=\"@raspberrypidk\" \/>\n<meta name=\"twitter:label1\" content=\"Ansl. lesetid\" \/>\n\t<meta name=\"twitter:data1\" content=\"3 minutter\" \/>\n<script type=\"application\/ld+json\" class=\"yoast-schema-graph\">{\"@context\":\"https:\/\/schema.org\",\"@graph\":[{\"@type\":\"WebPage\",\"@id\":\"https:\/\/raspberrypi.dk\/no\/produkt\/automation-hat-mini\/\",\"url\":\"https:\/\/raspberrypi.dk\/no\/produkt\/automation-hat-mini\/\",\"name\":\"Automation HAT Mini \u2022 RaspberryPi.dk\",\"isPartOf\":{\"@id\":\"https:\/\/raspberrypi.dk\/no\/#website\"},\"primaryImageOfPage\":{\"@id\":\"https:\/\/raspberrypi.dk\/no\/produkt\/automation-hat-mini\/#primaryimage\"},\"image\":{\"@id\":\"https:\/\/raspberrypi.dk\/no\/produkt\/automation-hat-mini\/#primaryimage\"},\"thumbnailUrl\":\"https:\/\/raspberrypi.dk\/wp-content\/uploads\/2020\/10\/automation-hat-mini-3_1024x1024.jpg\",\"datePublished\":\"2020-10-28T13:14:23+00:00\",\"dateModified\":\"2025-10-17T10:10:49+00:00\",\"breadcrumb\":{\"@id\":\"https:\/\/raspberrypi.dk\/no\/produkt\/automation-hat-mini\/#breadcrumb\"},\"inLanguage\":\"nb-NO\",\"potentialAction\":[{\"@type\":\"ReadAction\",\"target\":[\"https:\/\/raspberrypi.dk\/no\/produkt\/automation-hat-mini\/\"]}]},{\"@type\":\"ImageObject\",\"inLanguage\":\"nb-NO\",\"@id\":\"https:\/\/raspberrypi.dk\/no\/produkt\/automation-hat-mini\/#primaryimage\",\"url\":\"https:\/\/raspberrypi.dk\/wp-content\/uploads\/2020\/10\/automation-hat-mini-3_1024x1024.jpg\",\"contentUrl\":\"https:\/\/raspberrypi.dk\/wp-content\/uploads\/2020\/10\/automation-hat-mini-3_1024x1024.jpg\",\"width\":1024,\"height\":1024},{\"@type\":\"BreadcrumbList\",\"@id\":\"https:\/\/raspberrypi.dk\/no\/produkt\/automation-hat-mini\/#breadcrumb\",\"itemListElement\":[{\"@type\":\"ListItem\",\"position\":1,\"name\":\"Hjem\",\"item\":\"https:\/\/raspberrypi.dk\/no\/raspberry-pi-nettbutikk\/\"},{\"@type\":\"ListItem\",\"position\":2,\"name\":\"Shop\",\"item\":\"https:\/\/raspberrypi.dk\/no\/shop-2\/\"},{\"@type\":\"ListItem\",\"position\":3,\"name\":\"Automation HAT Mini\"}]},{\"@type\":\"WebSite\",\"@id\":\"https:\/\/raspberrypi.dk\/no\/#website\",\"url\":\"https:\/\/raspberrypi.dk\/no\/\",\"name\":\"RaspberryPi.dk\",\"description\":\"Danmarks f\u00f8rende Raspberry Pi side!\",\"publisher\":{\"@id\":\"https:\/\/raspberrypi.dk\/no\/#organization\"},\"potentialAction\":[{\"@type\":\"SearchAction\",\"target\":{\"@type\":\"EntryPoint\",\"urlTemplate\":\"https:\/\/raspberrypi.dk\/no\/?s={search_term_string}\"},\"query-input\":{\"@type\":\"PropertyValueSpecification\",\"valueRequired\":true,\"valueName\":\"search_term_string\"}}],\"inLanguage\":\"nb-NO\"},{\"@type\":\"Organization\",\"@id\":\"https:\/\/raspberrypi.dk\/no\/#organization\",\"name\":\"RaspberryPi.dk\",\"url\":\"https:\/\/raspberrypi.dk\/no\/\",\"logo\":{\"@type\":\"ImageObject\",\"inLanguage\":\"nb-NO\",\"@id\":\"https:\/\/raspberrypi.dk\/no\/#\/schema\/logo\/image\/\",\"url\":\"https:\/\/raspberrypi.dk\/wp-content\/uploads\/2017\/05\/RaspberryPidk_logo-2.png\",\"contentUrl\":\"https:\/\/raspberrypi.dk\/wp-content\/uploads\/2017\/05\/RaspberryPidk_logo-2.png\",\"width\":470,\"height\":110,\"caption\":\"RaspberryPi.dk\"},\"image\":{\"@id\":\"https:\/\/raspberrypi.dk\/no\/#\/schema\/logo\/image\/\"},\"sameAs\":[\"https:\/\/facebook.com\/RaspberryPiDanmark\",\"https:\/\/x.com\/raspberrypidk\",\"https:\/\/instagram.com\/raspberrypi.dk\"]}]}<\/script>\n<!-- \/ Yoast SEO plugin. -->","yoast_head_json":{"title":"Automation HAT Mini \u2022 RaspberryPi.dk","robots":{"index":"index","follow":"follow","max-snippet":"max-snippet:-1","max-image-preview":"max-image-preview:large","max-video-preview":"max-video-preview:-1"},"canonical":"https:\/\/raspberrypi.dk\/no\/produkt\/automation-hat-mini\/","og_locale":"nb_NO","og_type":"article","og_title":"Automation HAT Mini \u2022 RaspberryPi.dk","og_description":"Automatiser din verden med Automation HAT Mini! Overv\u00e5k og styr opptil 24V-systemer, og se deres status p\u00e5 det vakre fargedisplayet!","og_url":"https:\/\/raspberrypi.dk\/no\/produkt\/automation-hat-mini\/","og_site_name":"RaspberryPi.dk","article_publisher":"https:\/\/facebook.com\/RaspberryPiDanmark","article_modified_time":"2025-10-17T10:10:49+00:00","og_image":[{"width":1024,"height":1024,"url":"https:\/\/raspberrypi.dk\/wp-content\/uploads\/2020\/10\/automation-hat-mini-3_1024x1024.jpg","type":"image\/jpeg"}],"twitter_card":"summary_large_image","twitter_site":"@raspberrypidk","twitter_misc":{"Ansl. lesetid":"3 minutter"},"schema":{"@context":"https:\/\/schema.org","@graph":[{"@type":"WebPage","@id":"https:\/\/raspberrypi.dk\/no\/produkt\/automation-hat-mini\/","url":"https:\/\/raspberrypi.dk\/no\/produkt\/automation-hat-mini\/","name":"Automation HAT Mini \u2022 RaspberryPi.dk","isPartOf":{"@id":"https:\/\/raspberrypi.dk\/no\/#website"},"primaryImageOfPage":{"@id":"https:\/\/raspberrypi.dk\/no\/produkt\/automation-hat-mini\/#primaryimage"},"image":{"@id":"https:\/\/raspberrypi.dk\/no\/produkt\/automation-hat-mini\/#primaryimage"},"thumbnailUrl":"https:\/\/raspberrypi.dk\/wp-content\/uploads\/2020\/10\/automation-hat-mini-3_1024x1024.jpg","datePublished":"2020-10-28T13:14:23+00:00","dateModified":"2025-10-17T10:10:49+00:00","breadcrumb":{"@id":"https:\/\/raspberrypi.dk\/no\/produkt\/automation-hat-mini\/#breadcrumb"},"inLanguage":"nb-NO","potentialAction":[{"@type":"ReadAction","target":["https:\/\/raspberrypi.dk\/no\/produkt\/automation-hat-mini\/"]}]},{"@type":"ImageObject","inLanguage":"nb-NO","@id":"https:\/\/raspberrypi.dk\/no\/produkt\/automation-hat-mini\/#primaryimage","url":"https:\/\/raspberrypi.dk\/wp-content\/uploads\/2020\/10\/automation-hat-mini-3_1024x1024.jpg","contentUrl":"https:\/\/raspberrypi.dk\/wp-content\/uploads\/2020\/10\/automation-hat-mini-3_1024x1024.jpg","width":1024,"height":1024},{"@type":"BreadcrumbList","@id":"https:\/\/raspberrypi.dk\/no\/produkt\/automation-hat-mini\/#breadcrumb","itemListElement":[{"@type":"ListItem","position":1,"name":"Hjem","item":"https:\/\/raspberrypi.dk\/no\/raspberry-pi-nettbutikk\/"},{"@type":"ListItem","position":2,"name":"Shop","item":"https:\/\/raspberrypi.dk\/no\/shop-2\/"},{"@type":"ListItem","position":3,"name":"Automation HAT Mini"}]},{"@type":"WebSite","@id":"https:\/\/raspberrypi.dk\/no\/#website","url":"https:\/\/raspberrypi.dk\/no\/","name":"RaspberryPi.dk","description":"Danmarks f\u00f8rende Raspberry Pi side!","publisher":{"@id":"https:\/\/raspberrypi.dk\/no\/#organization"},"potentialAction":[{"@type":"SearchAction","target":{"@type":"EntryPoint","urlTemplate":"https:\/\/raspberrypi.dk\/no\/?s={search_term_string}"},"query-input":{"@type":"PropertyValueSpecification","valueRequired":true,"valueName":"search_term_string"}}],"inLanguage":"nb-NO"},{"@type":"Organization","@id":"https:\/\/raspberrypi.dk\/no\/#organization","name":"RaspberryPi.dk","url":"https:\/\/raspberrypi.dk\/no\/","logo":{"@type":"ImageObject","inLanguage":"nb-NO","@id":"https:\/\/raspberrypi.dk\/no\/#\/schema\/logo\/image\/","url":"https:\/\/raspberrypi.dk\/wp-content\/uploads\/2017\/05\/RaspberryPidk_logo-2.png","contentUrl":"https:\/\/raspberrypi.dk\/wp-content\/uploads\/2017\/05\/RaspberryPidk_logo-2.png","width":470,"height":110,"caption":"RaspberryPi.dk"},"image":{"@id":"https:\/\/raspberrypi.dk\/no\/#\/schema\/logo\/image\/"},"sameAs":["https:\/\/facebook.com\/RaspberryPiDanmark","https:\/\/x.com\/raspberrypidk","https:\/\/instagram.com\/raspberrypi.dk"]}]}},"_links":{"self":[{"href":"https:\/\/raspberrypi.dk\/no\/wp-json\/wp\/v2\/product\/131339","targetHints":{"allow":["GET"]}}],"collection":[{"href":"https:\/\/raspberrypi.dk\/no\/wp-json\/wp\/v2\/product"}],"about":[{"href":"https:\/\/raspberrypi.dk\/no\/wp-json\/wp\/v2\/types\/product"}],"replies":[{"embeddable":true,"href":"https:\/\/raspberrypi.dk\/no\/wp-json\/wp\/v2\/comments?post=131339"}],"wp:featuredmedia":[{"embeddable":true,"href":"https:\/\/raspberrypi.dk\/no\/wp-json\/wp\/v2\/media\/131343"}],"wp:attachment":[{"href":"https:\/\/raspberrypi.dk\/no\/wp-json\/wp\/v2\/media?parent=131339"}],"wp:term":[{"taxonomy":"product_brand","embeddable":true,"href":"https:\/\/raspberrypi.dk\/no\/wp-json\/wp\/v2\/product_brand?post=131339"},{"taxonomy":"product_cat","embeddable":true,"href":"https:\/\/raspberrypi.dk\/no\/wp-json\/wp\/v2\/product_cat?post=131339"},{"taxonomy":"product_tag","embeddable":true,"href":"https:\/\/raspberrypi.dk\/no\/wp-json\/wp\/v2\/product_tag?post=131339"}],"curies":[{"name":"wp","href":"https:\/\/api.w.org\/{rel}","templated":true}]}}