{"id":131561,"date":"2020-11-02T09:00:00","date_gmt":"2020-11-02T08:00:00","guid":{"rendered":"https:\/\/raspberrypi.dk\/produkt\/raspberry-pi-400-kit\/"},"modified":"2026-03-04T21:12:46","modified_gmt":"2026-03-04T20:12:46","slug":"raspberry-pi-400-kit","status":"publish","type":"product","link":"https:\/\/raspberrypi.dk\/no\/produkt\/raspberry-pi-400-kit\/","title":{"rendered":"Offisiell Raspberry Pi 400 Kit"},"content":{"rendered":"<p>Raspberry Pi 400-settet er en komplett personlig datamaskin innebygd i et kompakt tastatur med alt du trenger i esken (bortsett fra en skjerm eller en TV)!<\/p>\n<p><strong>Raspberry Pi 400<\/strong> er ideell for \u00e5 surfe p\u00e5 nettet, opprette og redigere dokumenter, se p\u00e5 videoer og l\u00e6re \u00e5 programmere ved hjelp av Raspberry Pi OS-skrivebordsmilj\u00f8et.<\/p>\n<p>Raspberry Pi 400 er basert p\u00e5 Raspberry Pi 4, som er &laquo;ombygd&raquo; for \u00e5 f\u00e5 plass p\u00e5 et tastatur. Du f\u00e5r dermed de samme spesifikasjonene som en Raspberry Pi 4 &#8211; bare med en overklokket CPU (mulig p\u00e5 grunn av innebygd kj\u00f8leplate). I tillegg er det n\u00e5 en p\u00e5 \/ av-knapp innebygd i tastaturet (Fn + F10).<\/p>\n<p>De kjente 40-pinners GPIO-pinnene er plassert p\u00e5 baksiden av tastaturet for tilkobling av elektronikkprosjekter sammen med to USB 3.0-porter og en USB 2.0-port.<\/p>\n<p><strong>Raspberry Pi 400 Spesifikasjoner<\/strong><\/p>\n<ul>\n<li>Processor: Broadcom BCM2711 quad-core Cortex-A72 (ARM v8) 64-bit SoC @ 1.8GHz<\/li>\n<li>RAM: 4GB LPDDR4-3200<\/li>\n<li>Connectivity:\n<ul>\n<li>Dual-band (2.4GHz and 5.0GHz) IEEE 802.11b\/g\/n\/ac<\/li>\n<li>wireless LAN, Bluetooth 5.0, BLE<\/li>\n<li>Gigabit Ethernet<\/li>\n<li>2 \u00d7 USB 3.0 and 1 \u00d7 USB 2.0 ports<\/li>\n<\/ul>\n<\/li>\n<li>GPIO: Horizontal 40-pin GPIO header<\/li>\n<li>Video &amp; sound: 2 \u00d7 micro HDMI ports (supports up to 4Kp60)<\/li>\n<li>Multimedia:\n<ul>\n<li>H.265 (4Kp60 decode)<\/li>\n<li>H.264 (1080p60 decode, 1080p30 encode)<\/li>\n<li>OpenGL ES 3.0 graphics<\/li>\n<\/ul>\n<\/li>\n<li>SD card support: MicroSD card slot for operating system and data storage<\/li>\n<li>Keyboard: 78- or 79-key compact keyboard (depending on regional variant)<\/li>\n<li>Power: 5V DC via USB connector<\/li>\n<li>Operating temperature: 0\u00b0C to +50\u00b0C<\/li>\n<li>Dimensions: 286\u2009mm\u2009\u00d7\u2009122\u2009mm \u00d7 23\u2009mm (maximum)<\/li>\n<\/ul>\n<p><strong>Innhold i dette settet:<\/strong><\/p>\n<ul>\n<li><a href=\"https:\/\/raspberrypi.dk\/no\/produkt\/131572\/\">Raspberry Pi 400<\/a> (valgte spr\u00e5k)<\/li>\n<li><a href=\"https:\/\/raspberrypi.dk\/no\/produkt\/offisiell-raspberry-pi-usb-c-stroemforsyning-eu-5v-3a-hvit\/\">Officiel Raspberry Pi USB-C Str\u00f8mforsyning<\/a><\/li>\n<li><a href=\"https:\/\/raspberrypi.dk\/no\/produkt\/officiel-raspberry-pi-mus\/\">Officiel Raspberry Pi Mus &#8211; R\u00f8d\/Hvit<\/a><\/li>\n<li><a href=\"https:\/\/raspberrypi.dk\/no\/produkt\/officiel-raspberry-pi-micro-hdmi-kabel-1m-hvit\/\">Offisiell Raspberry Pi Micro HDMI Kabel \u2013 1m \u2013 Hvit<\/a><\/li>\n<li><a href=\"https:\/\/raspberrypi.dk\/no\/produkt\/16gb-micro-sd-class-a1-med-raspberry-pi-os\/\">16GB Micro SD \u2013 Class A1 \u2013 Med NOOBS<\/a><\/li>\n<li><a href=\"https:\/\/raspberrypi.dk\/no\/produkt\/raspberry-pi-nybegynnerveiledning-v4\/\">Raspberry Pi Nybegynner Guide v4<\/a> (valgte spr\u00e5k)<\/li>\n<\/ul>\n<p><img decoding=\"async\" class=\"aligncenter size-full wp-image-127579\" src=\"https:\/\/raspberrypi.dk\/wp-content\/uploads\/2020\/11\/neat-lg-30ca40811ecee7f931167680e6b0412b.jpg\" alt=\"\" width=\"1300\" height=\"900\" srcset=\"https:\/\/raspberrypi.dk\/wp-content\/uploads\/2020\/11\/neat-lg-30ca40811ecee7f931167680e6b0412b.jpg 1300w, https:\/\/raspberrypi.dk\/wp-content\/uploads\/2020\/11\/neat-lg-30ca40811ecee7f931167680e6b0412b-500x346.jpg 500w, https:\/\/raspberrypi.dk\/wp-content\/uploads\/2020\/11\/neat-lg-30ca40811ecee7f931167680e6b0412b-1024x709.jpg 1024w, https:\/\/raspberrypi.dk\/wp-content\/uploads\/2020\/11\/neat-lg-30ca40811ecee7f931167680e6b0412b-768x532.jpg 768w, https:\/\/raspberrypi.dk\/wp-content\/uploads\/2020\/11\/neat-lg-30ca40811ecee7f931167680e6b0412b-24x17.jpg 24w, https:\/\/raspberrypi.dk\/wp-content\/uploads\/2020\/11\/neat-lg-30ca40811ecee7f931167680e6b0412b-36x25.jpg 36w, https:\/\/raspberrypi.dk\/wp-content\/uploads\/2020\/11\/neat-lg-30ca40811ecee7f931167680e6b0412b-48x33.jpg 48w, https:\/\/raspberrypi.dk\/wp-content\/uploads\/2020\/11\/neat-lg-30ca40811ecee7f931167680e6b0412b-457x316.jpg 457w\" sizes=\"(max-width: 1300px) 100vw, 1300px\" \/><\/p>\n<p><strong>For l\u00e6rere. For elever.<\/strong><br \/>\nRaspberry Pi 400 er det perfekte pedagogiske verkt\u00f8yet for studenter i alle aldre. Billig og b\u00e6rbar &#8211; den er ideell for hjemmestudier og for undervisning i datamaskinkonsepter som programmering, fysisk databehandling og nettverk.<\/p>\n<p><a href=\"https:\/\/www.raspberrypi.org\/teach\/\">Les mer om Raspberry Pi for bruk innen pedagogikk<\/a><\/p>\n","protected":false},"excerpt":{"rendered":"<p>Dette <strong>Raspberry Pi 400 Kit-et<\/strong> inneholder alt du trenger for \u00e5 komme i gang (foruten skjerm \/ TV). Raspberry Pi 400 med tastatur (med utvalgte spr\u00e5k), str\u00f8mforsyning, mus, micro hdmi-kabel, SD-kort og nybegynnerveiledning (p\u00e5 utvalgte spr\u00e5k). Velg spr\u00e5k nedenfor.<\/p>\n","protected":false},"featured_media":131562,"comment_status":"open","ping_status":"closed","template":"","meta":[],"product_brand":[],"product_cat":[600,603],"product_tag":[],"class_list":{"0":"post-131561","1":"product","2":"type-product","3":"status-publish","4":"has-post-thumbnail","6":"product_cat-raspberry-pi-modeller-no","7":"product_cat-raspberry-pi-startpakker-og-kits-no","9":"first","10":"instock","11":"taxable","12":"shipping-taxable","13":"purchasable","14":"product-type-variable","15":"has-default-attributes"},"composite_virtual":false,"composite_layout":"","composite_add_to_cart_form_location":"","composite_editable_in_cart":false,"composite_sold_individually_context":"","composite_shop_price_calc":"","composite_components":[],"composite_scenarios":[],"bundled_by":[],"bundle_stock_status":"instock","bundle_stock_quantity":null,"bundle_virtual":false,"bundle_layout":"","bundle_add_to_cart_form_location":"","bundle_editable_in_cart":false,"bundle_sold_individually_context":"","bundle_item_grouping":"","bundle_min_size":"","bundle_max_size":"","bundle_price":[],"bundled_items":[],"bundle_sell_ids":[131282,131281],"yoast_head":"<!-- This site is optimized with the Yoast SEO plugin v27.1.1 - https:\/\/yoast.com\/product\/yoast-seo-wordpress\/ -->\n<title>Offisiell Raspberry Pi 400 Kit \u2022 RaspberryPi.dk<\/title>\n<meta name=\"robots\" content=\"index, follow, max-snippet:-1, max-image-preview:large, max-video-preview:-1\" \/>\n<link rel=\"canonical\" href=\"https:\/\/raspberrypi.dk\/no\/produkt\/raspberry-pi-400-kit\/\" \/>\n<meta property=\"og:locale\" content=\"nb_NO\" \/>\n<meta property=\"og:type\" content=\"article\" \/>\n<meta property=\"og:title\" content=\"Offisiell Raspberry Pi 400 Kit \u2022 RaspberryPi.dk\" \/>\n<meta property=\"og:description\" content=\"Dette Raspberry Pi 400 Kit-et inneholder alt du trenger for \u00e5 komme i gang (foruten skjerm \/ TV). Raspberry Pi 400 med tastatur (med utvalgte spr\u00e5k), str\u00f8mforsyning, mus, micro hdmi-kabel, SD-kort og nybegynnerveiledning (p\u00e5 utvalgte spr\u00e5k). Velg spr\u00e5k nedenfor.\" \/>\n<meta property=\"og:url\" content=\"https:\/\/raspberrypi.dk\/no\/produkt\/raspberry-pi-400-kit\/\" \/>\n<meta property=\"og:site_name\" content=\"RaspberryPi.dk\" \/>\n<meta property=\"article:publisher\" content=\"https:\/\/facebook.com\/RaspberryPiDanmark\" \/>\n<meta property=\"article:modified_time\" content=\"2026-03-04T20:12:46+00:00\" \/>\n<meta property=\"og:image\" content=\"https:\/\/raspberrypi.dk\/wp-content\/uploads\/2020\/11\/raspberry-pi-400-kit-2.jpg\" \/>\n\t<meta property=\"og:image:width\" content=\"1900\" \/>\n\t<meta property=\"og:image:height\" content=\"1520\" \/>\n\t<meta property=\"og:image:type\" content=\"image\/jpeg\" \/>\n<meta name=\"twitter:card\" content=\"summary_large_image\" \/>\n<meta name=\"twitter:site\" content=\"@raspberrypidk\" \/>\n<meta name=\"twitter:label1\" content=\"Ansl. lesetid\" \/>\n\t<meta name=\"twitter:data1\" content=\"3 minutter\" \/>\n<script type=\"application\/ld+json\" class=\"yoast-schema-graph\">{\"@context\":\"https:\/\/schema.org\",\"@graph\":[{\"@type\":\"WebPage\",\"@id\":\"https:\/\/raspberrypi.dk\/no\/produkt\/raspberry-pi-400-kit\/\",\"url\":\"https:\/\/raspberrypi.dk\/no\/produkt\/raspberry-pi-400-kit\/\",\"name\":\"Offisiell Raspberry Pi 400 Kit \u2022 RaspberryPi.dk\",\"isPartOf\":{\"@id\":\"https:\/\/raspberrypi.dk\/no\/#website\"},\"primaryImageOfPage\":{\"@id\":\"https:\/\/raspberrypi.dk\/no\/produkt\/raspberry-pi-400-kit\/#primaryimage\"},\"image\":{\"@id\":\"https:\/\/raspberrypi.dk\/no\/produkt\/raspberry-pi-400-kit\/#primaryimage\"},\"thumbnailUrl\":\"https:\/\/raspberrypi.dk\/wp-content\/uploads\/2020\/11\/raspberry-pi-400-kit-2.jpg\",\"datePublished\":\"2020-11-02T08:00:00+00:00\",\"dateModified\":\"2026-03-04T20:12:46+00:00\",\"breadcrumb\":{\"@id\":\"https:\/\/raspberrypi.dk\/no\/produkt\/raspberry-pi-400-kit\/#breadcrumb\"},\"inLanguage\":\"nb-NO\",\"potentialAction\":[{\"@type\":\"ReadAction\",\"target\":[\"https:\/\/raspberrypi.dk\/no\/produkt\/raspberry-pi-400-kit\/\"]}]},{\"@type\":\"ImageObject\",\"inLanguage\":\"nb-NO\",\"@id\":\"https:\/\/raspberrypi.dk\/no\/produkt\/raspberry-pi-400-kit\/#primaryimage\",\"url\":\"https:\/\/raspberrypi.dk\/wp-content\/uploads\/2020\/11\/raspberry-pi-400-kit-2.jpg\",\"contentUrl\":\"https:\/\/raspberrypi.dk\/wp-content\/uploads\/2020\/11\/raspberry-pi-400-kit-2.jpg\",\"width\":1900,\"height\":1520},{\"@type\":\"BreadcrumbList\",\"@id\":\"https:\/\/raspberrypi.dk\/no\/produkt\/raspberry-pi-400-kit\/#breadcrumb\",\"itemListElement\":[{\"@type\":\"ListItem\",\"position\":1,\"name\":\"Hjem\",\"item\":\"https:\/\/raspberrypi.dk\/no\/raspberry-pi-nettbutikk\/\"},{\"@type\":\"ListItem\",\"position\":2,\"name\":\"Shop\",\"item\":\"https:\/\/raspberrypi.dk\/no\/shop-2\/\"},{\"@type\":\"ListItem\",\"position\":3,\"name\":\"Offisiell Raspberry Pi 400 Kit\"}]},{\"@type\":\"WebSite\",\"@id\":\"https:\/\/raspberrypi.dk\/no\/#website\",\"url\":\"https:\/\/raspberrypi.dk\/no\/\",\"name\":\"RaspberryPi.dk\",\"description\":\"Danmarks f\u00f8rende Raspberry Pi side!\",\"publisher\":{\"@id\":\"https:\/\/raspberrypi.dk\/no\/#organization\"},\"potentialAction\":[{\"@type\":\"SearchAction\",\"target\":{\"@type\":\"EntryPoint\",\"urlTemplate\":\"https:\/\/raspberrypi.dk\/no\/?s={search_term_string}\"},\"query-input\":{\"@type\":\"PropertyValueSpecification\",\"valueRequired\":true,\"valueName\":\"search_term_string\"}}],\"inLanguage\":\"nb-NO\"},{\"@type\":\"Organization\",\"@id\":\"https:\/\/raspberrypi.dk\/no\/#organization\",\"name\":\"RaspberryPi.dk\",\"url\":\"https:\/\/raspberrypi.dk\/no\/\",\"logo\":{\"@type\":\"ImageObject\",\"inLanguage\":\"nb-NO\",\"@id\":\"https:\/\/raspberrypi.dk\/no\/#\/schema\/logo\/image\/\",\"url\":\"https:\/\/raspberrypi.dk\/wp-content\/uploads\/2017\/05\/RaspberryPidk_logo-2.png\",\"contentUrl\":\"https:\/\/raspberrypi.dk\/wp-content\/uploads\/2017\/05\/RaspberryPidk_logo-2.png\",\"width\":470,\"height\":110,\"caption\":\"RaspberryPi.dk\"},\"image\":{\"@id\":\"https:\/\/raspberrypi.dk\/no\/#\/schema\/logo\/image\/\"},\"sameAs\":[\"https:\/\/facebook.com\/RaspberryPiDanmark\",\"https:\/\/x.com\/raspberrypidk\",\"https:\/\/instagram.com\/raspberrypi.dk\"]}]}<\/script>\n<!-- \/ Yoast SEO plugin. -->","yoast_head_json":{"title":"Offisiell Raspberry Pi 400 Kit \u2022 RaspberryPi.dk","robots":{"index":"index","follow":"follow","max-snippet":"max-snippet:-1","max-image-preview":"max-image-preview:large","max-video-preview":"max-video-preview:-1"},"canonical":"https:\/\/raspberrypi.dk\/no\/produkt\/raspberry-pi-400-kit\/","og_locale":"nb_NO","og_type":"article","og_title":"Offisiell Raspberry Pi 400 Kit \u2022 RaspberryPi.dk","og_description":"Dette Raspberry Pi 400 Kit-et inneholder alt du trenger for \u00e5 komme i gang (foruten skjerm \/ TV). Raspberry Pi 400 med tastatur (med utvalgte spr\u00e5k), str\u00f8mforsyning, mus, micro hdmi-kabel, SD-kort og nybegynnerveiledning (p\u00e5 utvalgte spr\u00e5k). Velg spr\u00e5k nedenfor.","og_url":"https:\/\/raspberrypi.dk\/no\/produkt\/raspberry-pi-400-kit\/","og_site_name":"RaspberryPi.dk","article_publisher":"https:\/\/facebook.com\/RaspberryPiDanmark","article_modified_time":"2026-03-04T20:12:46+00:00","og_image":[{"width":1900,"height":1520,"url":"https:\/\/raspberrypi.dk\/wp-content\/uploads\/2020\/11\/raspberry-pi-400-kit-2.jpg","type":"image\/jpeg"}],"twitter_card":"summary_large_image","twitter_site":"@raspberrypidk","twitter_misc":{"Ansl. lesetid":"3 minutter"},"schema":{"@context":"https:\/\/schema.org","@graph":[{"@type":"WebPage","@id":"https:\/\/raspberrypi.dk\/no\/produkt\/raspberry-pi-400-kit\/","url":"https:\/\/raspberrypi.dk\/no\/produkt\/raspberry-pi-400-kit\/","name":"Offisiell Raspberry Pi 400 Kit \u2022 RaspberryPi.dk","isPartOf":{"@id":"https:\/\/raspberrypi.dk\/no\/#website"},"primaryImageOfPage":{"@id":"https:\/\/raspberrypi.dk\/no\/produkt\/raspberry-pi-400-kit\/#primaryimage"},"image":{"@id":"https:\/\/raspberrypi.dk\/no\/produkt\/raspberry-pi-400-kit\/#primaryimage"},"thumbnailUrl":"https:\/\/raspberrypi.dk\/wp-content\/uploads\/2020\/11\/raspberry-pi-400-kit-2.jpg","datePublished":"2020-11-02T08:00:00+00:00","dateModified":"2026-03-04T20:12:46+00:00","breadcrumb":{"@id":"https:\/\/raspberrypi.dk\/no\/produkt\/raspberry-pi-400-kit\/#breadcrumb"},"inLanguage":"nb-NO","potentialAction":[{"@type":"ReadAction","target":["https:\/\/raspberrypi.dk\/no\/produkt\/raspberry-pi-400-kit\/"]}]},{"@type":"ImageObject","inLanguage":"nb-NO","@id":"https:\/\/raspberrypi.dk\/no\/produkt\/raspberry-pi-400-kit\/#primaryimage","url":"https:\/\/raspberrypi.dk\/wp-content\/uploads\/2020\/11\/raspberry-pi-400-kit-2.jpg","contentUrl":"https:\/\/raspberrypi.dk\/wp-content\/uploads\/2020\/11\/raspberry-pi-400-kit-2.jpg","width":1900,"height":1520},{"@type":"BreadcrumbList","@id":"https:\/\/raspberrypi.dk\/no\/produkt\/raspberry-pi-400-kit\/#breadcrumb","itemListElement":[{"@type":"ListItem","position":1,"name":"Hjem","item":"https:\/\/raspberrypi.dk\/no\/raspberry-pi-nettbutikk\/"},{"@type":"ListItem","position":2,"name":"Shop","item":"https:\/\/raspberrypi.dk\/no\/shop-2\/"},{"@type":"ListItem","position":3,"name":"Offisiell Raspberry Pi 400 Kit"}]},{"@type":"WebSite","@id":"https:\/\/raspberrypi.dk\/no\/#website","url":"https:\/\/raspberrypi.dk\/no\/","name":"RaspberryPi.dk","description":"Danmarks f\u00f8rende Raspberry Pi side!","publisher":{"@id":"https:\/\/raspberrypi.dk\/no\/#organization"},"potentialAction":[{"@type":"SearchAction","target":{"@type":"EntryPoint","urlTemplate":"https:\/\/raspberrypi.dk\/no\/?s={search_term_string}"},"query-input":{"@type":"PropertyValueSpecification","valueRequired":true,"valueName":"search_term_string"}}],"inLanguage":"nb-NO"},{"@type":"Organization","@id":"https:\/\/raspberrypi.dk\/no\/#organization","name":"RaspberryPi.dk","url":"https:\/\/raspberrypi.dk\/no\/","logo":{"@type":"ImageObject","inLanguage":"nb-NO","@id":"https:\/\/raspberrypi.dk\/no\/#\/schema\/logo\/image\/","url":"https:\/\/raspberrypi.dk\/wp-content\/uploads\/2017\/05\/RaspberryPidk_logo-2.png","contentUrl":"https:\/\/raspberrypi.dk\/wp-content\/uploads\/2017\/05\/RaspberryPidk_logo-2.png","width":470,"height":110,"caption":"RaspberryPi.dk"},"image":{"@id":"https:\/\/raspberrypi.dk\/no\/#\/schema\/logo\/image\/"},"sameAs":["https:\/\/facebook.com\/RaspberryPiDanmark","https:\/\/x.com\/raspberrypidk","https:\/\/instagram.com\/raspberrypi.dk"]}]}},"_links":{"self":[{"href":"https:\/\/raspberrypi.dk\/no\/wp-json\/wp\/v2\/product\/131561","targetHints":{"allow":["GET"]}}],"collection":[{"href":"https:\/\/raspberrypi.dk\/no\/wp-json\/wp\/v2\/product"}],"about":[{"href":"https:\/\/raspberrypi.dk\/no\/wp-json\/wp\/v2\/types\/product"}],"replies":[{"embeddable":true,"href":"https:\/\/raspberrypi.dk\/no\/wp-json\/wp\/v2\/comments?post=131561"}],"wp:featuredmedia":[{"embeddable":true,"href":"https:\/\/raspberrypi.dk\/no\/wp-json\/wp\/v2\/media\/131562"}],"wp:attachment":[{"href":"https:\/\/raspberrypi.dk\/no\/wp-json\/wp\/v2\/media?parent=131561"}],"wp:term":[{"taxonomy":"product_brand","embeddable":true,"href":"https:\/\/raspberrypi.dk\/no\/wp-json\/wp\/v2\/product_brand?post=131561"},{"taxonomy":"product_cat","embeddable":true,"href":"https:\/\/raspberrypi.dk\/no\/wp-json\/wp\/v2\/product_cat?post=131561"},{"taxonomy":"product_tag","embeddable":true,"href":"https:\/\/raspberrypi.dk\/no\/wp-json\/wp\/v2\/product_tag?post=131561"}],"curies":[{"name":"wp","href":"https:\/\/api.w.org\/{rel}","templated":true}]}}