{"id":131572,"date":"2020-11-02T08:55:49","date_gmt":"2020-11-02T07:55:49","guid":{"rendered":"https:\/\/raspberrypi.dk\/produkt\/131572\/"},"modified":"2026-04-11T19:14:20","modified_gmt":"2026-04-11T17:14:20","slug":"131572","status":"publish","type":"product","link":"https:\/\/raspberrypi.dk\/no\/produkt\/131572\/","title":{"rendered":"Raspberry Pi 400"},"content":{"rendered":"<blockquote><p><strong>OBS!<\/strong> Dette er kun <strong>Raspberry Pi 400<\/strong>, dvs. uten tilbeh\u00f8r.<\/p><\/blockquote>\n<p><strong>Raspberry Pi 400<\/strong> er ideel til at surfe p\u00e5 nettet, oprette og redigere dokumenter, se videoer og l\u00e6re at programmere ved hj\u00e6lp af Raspberry Pi OS-skrivebordsmilj\u00f8et.<\/p>\n<p>Raspberry Pi 400 er basert p\u00e5 Raspberry Pi 4, som er &laquo;ombygd&raquo; for \u00e5 f\u00e5 plass p\u00e5 et tastatur. Du f\u00e5r dermed de samme spesifikasjonene som en Raspberry Pi 4 &#8211; bare med en overklokket CPU (mulig p\u00e5 grunn av innebygd kj\u00f8leplate). I tillegg er det n\u00e5 en av \/ p\u00e5-knapp innebygd i tastaturet (Fn + F10)<\/p>\n<p><strong>Spesifikasjoner<\/strong><\/p>\n<ul>\n<li>Processor: Broadcom BCM2711 quad-core Cortex-A72 (ARM v8) 64-bit SoC @ 1.8GHz<\/li>\n<li>RAM: 4GB LPDDR4-3200<\/li>\n<li>Connectivity:\n<ul>\n<li>Dual-band (2.4GHz and 5.0GHz) IEEE 802.11b\/g\/n\/ac<\/li>\n<li>wireless LAN, Bluetooth 5.0, BLE<\/li>\n<li>Gigabit Ethernet<\/li>\n<li>2 \u00d7 USB 3.0 and 1 \u00d7 USB 2.0 ports<\/li>\n<\/ul>\n<\/li>\n<li>GPIO: Horizontal 40-pin GPIO header<\/li>\n<li>Video &amp; sound: 2 \u00d7 micro HDMI ports (supports up to 4Kp60)<\/li>\n<li>Multimedia:\n<ul>\n<li>H.265 (4Kp60 decode)<\/li>\n<li>H.264 (1080p60 decode, 1080p30 encode)<\/li>\n<li>OpenGL ES 3.0 graphics<\/li>\n<\/ul>\n<\/li>\n<li>SD card support: MicroSD card slot for operating system and data storage<\/li>\n<li>Keyboard: 78- or 79-key compact keyboard (depending on regional variant)<\/li>\n<li>Power: 5V DC via USB connector<\/li>\n<li>Operating temperature: 0\u00b0C to +50\u00b0C<\/li>\n<li>Dimensions: 286\u2009mm\u2009\u00d7\u2009122\u2009mm \u00d7 23\u2009mm (maximum)<\/li>\n<\/ul>\n<p><img decoding=\"async\" class=\"aligncenter size-medium wp-image-131584\" src=\"https:\/\/raspberrypi.dk\/wp-content\/uploads\/2020\/11\/pi400-back-500x141.png\" alt=\"\" width=\"500\" height=\"141\" srcset=\"https:\/\/raspberrypi.dk\/wp-content\/uploads\/2020\/11\/pi400-back-500x141.png 500w, https:\/\/raspberrypi.dk\/wp-content\/uploads\/2020\/11\/pi400-back-1024x290.png 1024w, https:\/\/raspberrypi.dk\/wp-content\/uploads\/2020\/11\/pi400-back-768x217.png 768w, https:\/\/raspberrypi.dk\/wp-content\/uploads\/2020\/11\/pi400-back-24x7.png 24w, https:\/\/raspberrypi.dk\/wp-content\/uploads\/2020\/11\/pi400-back-36x10.png 36w, https:\/\/raspberrypi.dk\/wp-content\/uploads\/2020\/11\/pi400-back-48x14.png 48w, https:\/\/raspberrypi.dk\/wp-content\/uploads\/2020\/11\/pi400-back-457x129.png 457w, https:\/\/raspberrypi.dk\/wp-content\/uploads\/2020\/11\/pi400-back.png 1506w\" sizes=\"(max-width: 500px) 100vw, 500px\" \/><\/p>\n<p><strong>Dokumenter<\/strong><\/p>\n<p><a href=\"https:\/\/raspberrypi.dk\/wp-content\/uploads\/2020\/11\/201028-Product-Brief-RPi-400.pdf\">Product Brief Raspberry Pi 400<\/a><\/p>\n<p><strong>For l\u00e6rere. For elever.<\/strong><br \/>\nRaspberry Pi 400 er det perfekte pedagogiske verkt\u00f8yet for studenter i alle aldre. Billig og b\u00e6rbar &#8211; den er ideell for hjemmestudier og for undervisning i datamaskinkonsepter som programmering, fysisk databehandling og nettverk.<\/p>\n<p><a href=\"https:\/\/www.raspberrypi.org\/teach\/\">Les mer om Raspberry Pi til pedagogisk bruk her<\/a><\/p>\n","protected":false},"excerpt":{"rendered":"<p>Med firekjerners 64-biters prosessor, tr\u00e5dl\u00f8st nettverk, dual-display-utgang og 4K-videoavspilling, er <strong>Raspberry Pi 400<\/strong> en komplett personlig datamaskin <strong>innebygd i et kompakt tastatur.<\/strong>. Velg tastaturlayout nedenfor.<\/p>\n<div id=\"gtx-trans\">\n<div class=\"gtx-trans-icon\"><\/div>\n<\/div>\n","protected":false},"featured_media":131582,"comment_status":"open","ping_status":"closed","template":"","meta":[],"product_brand":[],"product_cat":[600],"product_tag":[],"class_list":{"0":"post-131572","1":"product","2":"type-product","3":"status-publish","4":"has-post-thumbnail","6":"product_cat-raspberry-pi-modeller-no","8":"first","9":"outofstock","10":"taxable","11":"shipping-taxable","12":"purchasable","13":"product-type-variable","14":"has-default-attributes"},"composite_virtual":false,"composite_layout":"","composite_add_to_cart_form_location":"","composite_editable_in_cart":false,"composite_sold_individually_context":"","composite_shop_price_calc":"","composite_components":[],"composite_scenarios":[],"bundled_by":[],"bundle_stock_status":"outofstock","bundle_stock_quantity":null,"bundle_virtual":false,"bundle_layout":"","bundle_add_to_cart_form_location":"","bundle_editable_in_cart":false,"bundle_sold_individually_context":"","bundle_item_grouping":"","bundle_min_size":"","bundle_max_size":"","bundle_price":[],"bundled_items":[],"bundle_sell_ids":[218535,218759,131282,131281],"yoast_head":"<!-- This site is optimized with the Yoast SEO plugin v27.1.1 - https:\/\/yoast.com\/product\/yoast-seo-wordpress\/ -->\n<title>Raspberry Pi 400 \u2022 RaspberryPi.dk<\/title>\n<meta name=\"robots\" content=\"index, follow, max-snippet:-1, max-image-preview:large, max-video-preview:-1\" \/>\n<link rel=\"canonical\" href=\"https:\/\/raspberrypi.dk\/no\/produkt\/131572\/\" \/>\n<meta property=\"og:locale\" content=\"nb_NO\" \/>\n<meta property=\"og:type\" content=\"article\" \/>\n<meta property=\"og:title\" content=\"Raspberry Pi 400 \u2022 RaspberryPi.dk\" \/>\n<meta property=\"og:description\" content=\"Med firekjerners 64-biters prosessor, tr\u00e5dl\u00f8st nettverk, dual-display-utgang og 4K-videoavspilling, er Raspberry Pi 400 en komplett personlig datamaskin innebygd i et kompakt tastatur.. Velg tastaturlayout nedenfor.\" \/>\n<meta property=\"og:url\" content=\"https:\/\/raspberrypi.dk\/no\/produkt\/131572\/\" \/>\n<meta property=\"og:site_name\" content=\"RaspberryPi.dk\" \/>\n<meta property=\"article:publisher\" content=\"https:\/\/facebook.com\/RaspberryPiDanmark\" \/>\n<meta property=\"article:modified_time\" content=\"2026-04-11T17:14:20+00:00\" \/>\n<meta property=\"og:image\" content=\"https:\/\/raspberrypi.dk\/wp-content\/uploads\/2020\/11\/RPI-400-BACK-2-WHITE.jpg\" \/>\n\t<meta property=\"og:image:width\" content=\"1280\" \/>\n\t<meta property=\"og:image:height\" content=\"914\" \/>\n\t<meta property=\"og:image:type\" content=\"image\/jpeg\" \/>\n<meta name=\"twitter:card\" content=\"summary_large_image\" \/>\n<meta name=\"twitter:site\" content=\"@raspberrypidk\" \/>\n<meta name=\"twitter:label1\" content=\"Ansl. lesetid\" \/>\n\t<meta name=\"twitter:data1\" content=\"2 minutter\" \/>\n<script type=\"application\/ld+json\" class=\"yoast-schema-graph\">{\"@context\":\"https:\/\/schema.org\",\"@graph\":[{\"@type\":\"WebPage\",\"@id\":\"https:\/\/raspberrypi.dk\/no\/produkt\/131572\/\",\"url\":\"https:\/\/raspberrypi.dk\/no\/produkt\/131572\/\",\"name\":\"Raspberry Pi 400 \u2022 RaspberryPi.dk\",\"isPartOf\":{\"@id\":\"https:\/\/raspberrypi.dk\/no\/#website\"},\"primaryImageOfPage\":{\"@id\":\"https:\/\/raspberrypi.dk\/no\/produkt\/131572\/#primaryimage\"},\"image\":{\"@id\":\"https:\/\/raspberrypi.dk\/no\/produkt\/131572\/#primaryimage\"},\"thumbnailUrl\":\"https:\/\/raspberrypi.dk\/wp-content\/uploads\/2020\/11\/RPI-400-BACK-2-WHITE.jpg\",\"datePublished\":\"2020-11-02T07:55:49+00:00\",\"dateModified\":\"2026-04-11T17:14:20+00:00\",\"breadcrumb\":{\"@id\":\"https:\/\/raspberrypi.dk\/no\/produkt\/131572\/#breadcrumb\"},\"inLanguage\":\"nb-NO\",\"potentialAction\":[{\"@type\":\"ReadAction\",\"target\":[\"https:\/\/raspberrypi.dk\/no\/produkt\/131572\/\"]}]},{\"@type\":\"ImageObject\",\"inLanguage\":\"nb-NO\",\"@id\":\"https:\/\/raspberrypi.dk\/no\/produkt\/131572\/#primaryimage\",\"url\":\"https:\/\/raspberrypi.dk\/wp-content\/uploads\/2020\/11\/RPI-400-BACK-2-WHITE.jpg\",\"contentUrl\":\"https:\/\/raspberrypi.dk\/wp-content\/uploads\/2020\/11\/RPI-400-BACK-2-WHITE.jpg\",\"width\":1280,\"height\":914},{\"@type\":\"BreadcrumbList\",\"@id\":\"https:\/\/raspberrypi.dk\/no\/produkt\/131572\/#breadcrumb\",\"itemListElement\":[{\"@type\":\"ListItem\",\"position\":1,\"name\":\"Hjem\",\"item\":\"https:\/\/raspberrypi.dk\/no\/raspberry-pi-nettbutikk\/\"},{\"@type\":\"ListItem\",\"position\":2,\"name\":\"Shop\",\"item\":\"https:\/\/raspberrypi.dk\/no\/shop-2\/\"},{\"@type\":\"ListItem\",\"position\":3,\"name\":\"Raspberry Pi 400\"}]},{\"@type\":\"WebSite\",\"@id\":\"https:\/\/raspberrypi.dk\/no\/#website\",\"url\":\"https:\/\/raspberrypi.dk\/no\/\",\"name\":\"RaspberryPi.dk\",\"description\":\"Danmarks f\u00f8rende Raspberry Pi side!\",\"publisher\":{\"@id\":\"https:\/\/raspberrypi.dk\/no\/#organization\"},\"potentialAction\":[{\"@type\":\"SearchAction\",\"target\":{\"@type\":\"EntryPoint\",\"urlTemplate\":\"https:\/\/raspberrypi.dk\/no\/?s={search_term_string}\"},\"query-input\":{\"@type\":\"PropertyValueSpecification\",\"valueRequired\":true,\"valueName\":\"search_term_string\"}}],\"inLanguage\":\"nb-NO\"},{\"@type\":\"Organization\",\"@id\":\"https:\/\/raspberrypi.dk\/no\/#organization\",\"name\":\"RaspberryPi.dk\",\"url\":\"https:\/\/raspberrypi.dk\/no\/\",\"logo\":{\"@type\":\"ImageObject\",\"inLanguage\":\"nb-NO\",\"@id\":\"https:\/\/raspberrypi.dk\/no\/#\/schema\/logo\/image\/\",\"url\":\"https:\/\/raspberrypi.dk\/wp-content\/uploads\/2017\/05\/RaspberryPidk_logo-2.png\",\"contentUrl\":\"https:\/\/raspberrypi.dk\/wp-content\/uploads\/2017\/05\/RaspberryPidk_logo-2.png\",\"width\":470,\"height\":110,\"caption\":\"RaspberryPi.dk\"},\"image\":{\"@id\":\"https:\/\/raspberrypi.dk\/no\/#\/schema\/logo\/image\/\"},\"sameAs\":[\"https:\/\/facebook.com\/RaspberryPiDanmark\",\"https:\/\/x.com\/raspberrypidk\",\"https:\/\/instagram.com\/raspberrypi.dk\"]}]}<\/script>\n<!-- \/ Yoast SEO plugin. -->","yoast_head_json":{"title":"Raspberry Pi 400 \u2022 RaspberryPi.dk","robots":{"index":"index","follow":"follow","max-snippet":"max-snippet:-1","max-image-preview":"max-image-preview:large","max-video-preview":"max-video-preview:-1"},"canonical":"https:\/\/raspberrypi.dk\/no\/produkt\/131572\/","og_locale":"nb_NO","og_type":"article","og_title":"Raspberry Pi 400 \u2022 RaspberryPi.dk","og_description":"Med firekjerners 64-biters prosessor, tr\u00e5dl\u00f8st nettverk, dual-display-utgang og 4K-videoavspilling, er Raspberry Pi 400 en komplett personlig datamaskin innebygd i et kompakt tastatur.. Velg tastaturlayout nedenfor.","og_url":"https:\/\/raspberrypi.dk\/no\/produkt\/131572\/","og_site_name":"RaspberryPi.dk","article_publisher":"https:\/\/facebook.com\/RaspberryPiDanmark","article_modified_time":"2026-04-11T17:14:20+00:00","og_image":[{"width":1280,"height":914,"url":"https:\/\/raspberrypi.dk\/wp-content\/uploads\/2020\/11\/RPI-400-BACK-2-WHITE.jpg","type":"image\/jpeg"}],"twitter_card":"summary_large_image","twitter_site":"@raspberrypidk","twitter_misc":{"Ansl. lesetid":"2 minutter"},"schema":{"@context":"https:\/\/schema.org","@graph":[{"@type":"WebPage","@id":"https:\/\/raspberrypi.dk\/no\/produkt\/131572\/","url":"https:\/\/raspberrypi.dk\/no\/produkt\/131572\/","name":"Raspberry Pi 400 \u2022 RaspberryPi.dk","isPartOf":{"@id":"https:\/\/raspberrypi.dk\/no\/#website"},"primaryImageOfPage":{"@id":"https:\/\/raspberrypi.dk\/no\/produkt\/131572\/#primaryimage"},"image":{"@id":"https:\/\/raspberrypi.dk\/no\/produkt\/131572\/#primaryimage"},"thumbnailUrl":"https:\/\/raspberrypi.dk\/wp-content\/uploads\/2020\/11\/RPI-400-BACK-2-WHITE.jpg","datePublished":"2020-11-02T07:55:49+00:00","dateModified":"2026-04-11T17:14:20+00:00","breadcrumb":{"@id":"https:\/\/raspberrypi.dk\/no\/produkt\/131572\/#breadcrumb"},"inLanguage":"nb-NO","potentialAction":[{"@type":"ReadAction","target":["https:\/\/raspberrypi.dk\/no\/produkt\/131572\/"]}]},{"@type":"ImageObject","inLanguage":"nb-NO","@id":"https:\/\/raspberrypi.dk\/no\/produkt\/131572\/#primaryimage","url":"https:\/\/raspberrypi.dk\/wp-content\/uploads\/2020\/11\/RPI-400-BACK-2-WHITE.jpg","contentUrl":"https:\/\/raspberrypi.dk\/wp-content\/uploads\/2020\/11\/RPI-400-BACK-2-WHITE.jpg","width":1280,"height":914},{"@type":"BreadcrumbList","@id":"https:\/\/raspberrypi.dk\/no\/produkt\/131572\/#breadcrumb","itemListElement":[{"@type":"ListItem","position":1,"name":"Hjem","item":"https:\/\/raspberrypi.dk\/no\/raspberry-pi-nettbutikk\/"},{"@type":"ListItem","position":2,"name":"Shop","item":"https:\/\/raspberrypi.dk\/no\/shop-2\/"},{"@type":"ListItem","position":3,"name":"Raspberry Pi 400"}]},{"@type":"WebSite","@id":"https:\/\/raspberrypi.dk\/no\/#website","url":"https:\/\/raspberrypi.dk\/no\/","name":"RaspberryPi.dk","description":"Danmarks f\u00f8rende Raspberry Pi side!","publisher":{"@id":"https:\/\/raspberrypi.dk\/no\/#organization"},"potentialAction":[{"@type":"SearchAction","target":{"@type":"EntryPoint","urlTemplate":"https:\/\/raspberrypi.dk\/no\/?s={search_term_string}"},"query-input":{"@type":"PropertyValueSpecification","valueRequired":true,"valueName":"search_term_string"}}],"inLanguage":"nb-NO"},{"@type":"Organization","@id":"https:\/\/raspberrypi.dk\/no\/#organization","name":"RaspberryPi.dk","url":"https:\/\/raspberrypi.dk\/no\/","logo":{"@type":"ImageObject","inLanguage":"nb-NO","@id":"https:\/\/raspberrypi.dk\/no\/#\/schema\/logo\/image\/","url":"https:\/\/raspberrypi.dk\/wp-content\/uploads\/2017\/05\/RaspberryPidk_logo-2.png","contentUrl":"https:\/\/raspberrypi.dk\/wp-content\/uploads\/2017\/05\/RaspberryPidk_logo-2.png","width":470,"height":110,"caption":"RaspberryPi.dk"},"image":{"@id":"https:\/\/raspberrypi.dk\/no\/#\/schema\/logo\/image\/"},"sameAs":["https:\/\/facebook.com\/RaspberryPiDanmark","https:\/\/x.com\/raspberrypidk","https:\/\/instagram.com\/raspberrypi.dk"]}]}},"_links":{"self":[{"href":"https:\/\/raspberrypi.dk\/no\/wp-json\/wp\/v2\/product\/131572","targetHints":{"allow":["GET"]}}],"collection":[{"href":"https:\/\/raspberrypi.dk\/no\/wp-json\/wp\/v2\/product"}],"about":[{"href":"https:\/\/raspberrypi.dk\/no\/wp-json\/wp\/v2\/types\/product"}],"replies":[{"embeddable":true,"href":"https:\/\/raspberrypi.dk\/no\/wp-json\/wp\/v2\/comments?post=131572"}],"wp:featuredmedia":[{"embeddable":true,"href":"https:\/\/raspberrypi.dk\/no\/wp-json\/wp\/v2\/media\/131582"}],"wp:attachment":[{"href":"https:\/\/raspberrypi.dk\/no\/wp-json\/wp\/v2\/media?parent=131572"}],"wp:term":[{"taxonomy":"product_brand","embeddable":true,"href":"https:\/\/raspberrypi.dk\/no\/wp-json\/wp\/v2\/product_brand?post=131572"},{"taxonomy":"product_cat","embeddable":true,"href":"https:\/\/raspberrypi.dk\/no\/wp-json\/wp\/v2\/product_cat?post=131572"},{"taxonomy":"product_tag","embeddable":true,"href":"https:\/\/raspberrypi.dk\/no\/wp-json\/wp\/v2\/product_tag?post=131572"}],"curies":[{"name":"wp","href":"https:\/\/api.w.org\/{rel}","templated":true}]}}