{"id":131886,"date":"2020-11-30T09:00:12","date_gmt":"2020-11-30T08:00:12","guid":{"rendered":"https:\/\/raspberrypi.dk\/produkt\/vifte-heatsink-offisiell-raspberry-pi-4-case\/"},"modified":"2025-06-15T22:10:16","modified_gmt":"2025-06-15T20:10:16","slug":"vifte-heatsink-offisiell-raspberry-pi-4-case","status":"publish","type":"product","link":"https:\/\/raspberrypi.dk\/no\/produkt\/vifte-heatsink-offisiell-raspberry-pi-4-case\/","title":{"rendered":"Vifte og Heatsink til offisiell Raspberry Pi 4 Case"},"content":{"rendered":"<p><strong>Funksjoner<\/strong><\/p>\n<ul>\n<li>Passer perfekt i lokket p\u00e5 det offisielle Raspberry Pi 4-dekselet<\/li>\n<li>Temperaturstyrt vifte leverer opptil 1,4 CFM luftstr\u00f8m over prosessoren, minnet og str\u00f8mstyrings-IC<\/li>\n<li>18 mm \u00d7 18 mm \u00d7 10 mm kj\u00f8leribbe med selvklebende pute forbedrer varmeoverf\u00f8ringen fra prosessoren<\/li>\n<\/ul>\n<p><strong>Spesifikasjoner<\/strong><\/p>\n<ul>\n<li>Input voltage: 5V DC supplied via 40-pin GPIO header on Raspberry Pi 4<\/li>\n<li>Fan speed control: Pulse width modulation control via user-selectable GPIO pin<\/li>\n<li>Maximum airflow: 1.4 CFM<\/li>\n<li>Case material: Clear PC<\/li>\n<\/ul>\n<p><strong>Installasjon:<\/strong><\/p>\n<p><a href=\"https:\/\/www.raspberrypi.org\/products\/raspberry-pi-4-case-fan\/\">Guide henne<\/a><\/p>\n<p><a href=\"https:\/\/raspberrypi.dk\/wp-content\/uploads\/2020\/11\/Case-Fan-Instructional-diagram-1.jpg\"><img decoding=\"async\" class=\"alignnone wp-image-121969 size-full\" src=\"https:\/\/raspberrypi.dk\/wp-content\/uploads\/2020\/11\/Case-Fan-Instructional-diagram-1.jpg\" alt=\"\" width=\"1280\" height=\"1544\" srcset=\"https:\/\/raspberrypi.dk\/wp-content\/uploads\/2020\/11\/Case-Fan-Instructional-diagram-1.jpg 1280w, https:\/\/raspberrypi.dk\/wp-content\/uploads\/2020\/11\/Case-Fan-Instructional-diagram-1-415x500.jpg 415w, https:\/\/raspberrypi.dk\/wp-content\/uploads\/2020\/11\/Case-Fan-Instructional-diagram-1-849x1024.jpg 849w, https:\/\/raspberrypi.dk\/wp-content\/uploads\/2020\/11\/Case-Fan-Instructional-diagram-1-768x926.jpg 768w, https:\/\/raspberrypi.dk\/wp-content\/uploads\/2020\/11\/Case-Fan-Instructional-diagram-1-1273x1536.jpg 1273w, https:\/\/raspberrypi.dk\/wp-content\/uploads\/2020\/11\/Case-Fan-Instructional-diagram-1-20x24.jpg 20w, https:\/\/raspberrypi.dk\/wp-content\/uploads\/2020\/11\/Case-Fan-Instructional-diagram-1-30x36.jpg 30w, https:\/\/raspberrypi.dk\/wp-content\/uploads\/2020\/11\/Case-Fan-Instructional-diagram-1-40x48.jpg 40w, https:\/\/raspberrypi.dk\/wp-content\/uploads\/2020\/11\/Case-Fan-Instructional-diagram-1-457x551.jpg 457w\" sizes=\"(max-width: 1280px) 100vw, 1280px\" \/><\/a><\/p>\n<p><img decoding=\"async\" class=\"aligncenter size-medium wp-image-118760\" src=\"https:\/\/raspberrypi.dk\/wp-content\/uploads\/2020\/10\/Case-Fan-Instructional-set-Wiring-500x364.png\" alt=\"\" width=\"500\" height=\"364\" srcset=\"https:\/\/raspberrypi.dk\/wp-content\/uploads\/2020\/10\/Case-Fan-Instructional-set-Wiring-500x364.png 500w, https:\/\/raspberrypi.dk\/wp-content\/uploads\/2020\/10\/Case-Fan-Instructional-set-Wiring-1024x745.png 1024w, https:\/\/raspberrypi.dk\/wp-content\/uploads\/2020\/10\/Case-Fan-Instructional-set-Wiring-768x559.png 768w, https:\/\/raspberrypi.dk\/wp-content\/uploads\/2020\/10\/Case-Fan-Instructional-set-Wiring-1536x1117.png 1536w, https:\/\/raspberrypi.dk\/wp-content\/uploads\/2020\/10\/Case-Fan-Instructional-set-Wiring-2048x1490.png 2048w, https:\/\/raspberrypi.dk\/wp-content\/uploads\/2020\/10\/Case-Fan-Instructional-set-Wiring-24x17.png 24w, https:\/\/raspberrypi.dk\/wp-content\/uploads\/2020\/10\/Case-Fan-Instructional-set-Wiring-36x26.png 36w, https:\/\/raspberrypi.dk\/wp-content\/uploads\/2020\/10\/Case-Fan-Instructional-set-Wiring-48x35.png 48w, https:\/\/raspberrypi.dk\/wp-content\/uploads\/2020\/10\/Case-Fan-Instructional-set-Wiring-457x332.png 457w\" sizes=\"(max-width: 500px) 100vw, 500px\" \/><\/p>\n<p><iframe title=\"NEW Raspberry Pi 4 Case Fan\" width=\"980\" height=\"551\" src=\"https:\/\/www.youtube.com\/embed\/BP44pCxQWAY?feature=oembed\" frameborder=\"0\" allow=\"accelerometer; autoplay; clipboard-write; encrypted-media; gyroscope; picture-in-picture; web-share\" allowfullscreen><\/iframe><\/p>\n","protected":false},"excerpt":{"rendered":"<p>Fungerer godt med Raspberry Pi 4 og Official Raspberry Pi 4 Case. Holder Raspberry Pi 4 ved en lavere driftstemperatur, selv under tung belastning.<\/p>\n","protected":false},"featured_media":131898,"comment_status":"open","ping_status":"closed","template":"","meta":[],"product_brand":[],"product_cat":[597,594],"product_tag":[717],"class_list":{"0":"post-131886","1":"product","2":"type-product","3":"status-publish","4":"has-post-thumbnail","6":"product_cat-raspberry-pi-hats-gpio-no","7":"product_cat-raspberry-pi-cases-no","8":"product_tag-rpi4-no","10":"first","11":"outofstock","12":"taxable","13":"shipping-taxable","14":"purchasable","15":"product-type-simple"},"composite_virtual":false,"composite_layout":"","composite_add_to_cart_form_location":"","composite_editable_in_cart":false,"composite_sold_individually_context":"","composite_shop_price_calc":"","composite_components":[],"composite_scenarios":[],"bundled_by":[],"bundle_stock_status":"outofstock","bundle_stock_quantity":0,"bundle_virtual":false,"bundle_layout":"","bundle_add_to_cart_form_location":"","bundle_editable_in_cart":false,"bundle_sold_individually_context":"","bundle_item_grouping":"","bundle_min_size":"","bundle_max_size":"","bundle_price":[],"bundled_items":[],"bundle_sell_ids":[],"yoast_head":"<!-- This site is optimized with the Yoast SEO plugin v27.1.1 - https:\/\/yoast.com\/product\/yoast-seo-wordpress\/ -->\n<title>Vifte og Heatsink til offisiell Raspberry Pi 4 Case \u2022 RaspberryPi.dk<\/title>\n<meta name=\"robots\" content=\"index, follow, max-snippet:-1, max-image-preview:large, max-video-preview:-1\" \/>\n<link rel=\"canonical\" href=\"https:\/\/raspberrypi.dk\/no\/produkt\/vifte-heatsink-offisiell-raspberry-pi-4-case\/\" \/>\n<meta property=\"og:locale\" content=\"nb_NO\" \/>\n<meta property=\"og:type\" content=\"article\" \/>\n<meta property=\"og:title\" content=\"Vifte og Heatsink til offisiell Raspberry Pi 4 Case \u2022 RaspberryPi.dk\" \/>\n<meta property=\"og:description\" content=\"Fungerer godt med Raspberry Pi 4 og Official Raspberry Pi 4 Case. Holder Raspberry Pi 4 ved en lavere driftstemperatur, selv under tung belastning.\" \/>\n<meta property=\"og:url\" content=\"https:\/\/raspberrypi.dk\/no\/produkt\/vifte-heatsink-offisiell-raspberry-pi-4-case\/\" \/>\n<meta property=\"og:site_name\" content=\"RaspberryPi.dk\" \/>\n<meta property=\"article:publisher\" content=\"https:\/\/facebook.com\/RaspberryPiDanmark\" \/>\n<meta property=\"article:modified_time\" content=\"2025-06-15T20:10:16+00:00\" \/>\n<meta property=\"og:image\" content=\"https:\/\/raspberrypi.dk\/wp-content\/uploads\/2020\/10\/PACKAGE-ON-WHITE.jpg\" \/>\n\t<meta property=\"og:image:width\" content=\"1920\" \/>\n\t<meta property=\"og:image:height\" content=\"1371\" \/>\n\t<meta property=\"og:image:type\" content=\"image\/jpeg\" \/>\n<meta name=\"twitter:card\" content=\"summary_large_image\" \/>\n<meta name=\"twitter:site\" content=\"@raspberrypidk\" \/>\n<meta name=\"twitter:label1\" content=\"Ansl. lesetid\" \/>\n\t<meta name=\"twitter:data1\" content=\"2 minutter\" \/>\n<script type=\"application\/ld+json\" class=\"yoast-schema-graph\">{\"@context\":\"https:\/\/schema.org\",\"@graph\":[{\"@type\":\"WebPage\",\"@id\":\"https:\/\/raspberrypi.dk\/no\/produkt\/vifte-heatsink-offisiell-raspberry-pi-4-case\/\",\"url\":\"https:\/\/raspberrypi.dk\/no\/produkt\/vifte-heatsink-offisiell-raspberry-pi-4-case\/\",\"name\":\"Vifte og Heatsink til offisiell Raspberry Pi 4 Case \u2022 RaspberryPi.dk\",\"isPartOf\":{\"@id\":\"https:\/\/raspberrypi.dk\/no\/#website\"},\"primaryImageOfPage\":{\"@id\":\"https:\/\/raspberrypi.dk\/no\/produkt\/vifte-heatsink-offisiell-raspberry-pi-4-case\/#primaryimage\"},\"image\":{\"@id\":\"https:\/\/raspberrypi.dk\/no\/produkt\/vifte-heatsink-offisiell-raspberry-pi-4-case\/#primaryimage\"},\"thumbnailUrl\":\"https:\/\/raspberrypi.dk\/wp-content\/uploads\/2020\/10\/PACKAGE-ON-WHITE.jpg\",\"datePublished\":\"2020-11-30T08:00:12+00:00\",\"dateModified\":\"2025-06-15T20:10:16+00:00\",\"breadcrumb\":{\"@id\":\"https:\/\/raspberrypi.dk\/no\/produkt\/vifte-heatsink-offisiell-raspberry-pi-4-case\/#breadcrumb\"},\"inLanguage\":\"nb-NO\",\"potentialAction\":[{\"@type\":\"ReadAction\",\"target\":[\"https:\/\/raspberrypi.dk\/no\/produkt\/vifte-heatsink-offisiell-raspberry-pi-4-case\/\"]}]},{\"@type\":\"ImageObject\",\"inLanguage\":\"nb-NO\",\"@id\":\"https:\/\/raspberrypi.dk\/no\/produkt\/vifte-heatsink-offisiell-raspberry-pi-4-case\/#primaryimage\",\"url\":\"https:\/\/raspberrypi.dk\/wp-content\/uploads\/2020\/10\/PACKAGE-ON-WHITE.jpg\",\"contentUrl\":\"https:\/\/raspberrypi.dk\/wp-content\/uploads\/2020\/10\/PACKAGE-ON-WHITE.jpg\",\"width\":1920,\"height\":1371},{\"@type\":\"BreadcrumbList\",\"@id\":\"https:\/\/raspberrypi.dk\/no\/produkt\/vifte-heatsink-offisiell-raspberry-pi-4-case\/#breadcrumb\",\"itemListElement\":[{\"@type\":\"ListItem\",\"position\":1,\"name\":\"Hjem\",\"item\":\"https:\/\/raspberrypi.dk\/no\/raspberry-pi-nettbutikk\/\"},{\"@type\":\"ListItem\",\"position\":2,\"name\":\"Shop\",\"item\":\"https:\/\/raspberrypi.dk\/no\/shop-2\/\"},{\"@type\":\"ListItem\",\"position\":3,\"name\":\"Vifte og Heatsink til offisiell Raspberry Pi 4 Case\"}]},{\"@type\":\"WebSite\",\"@id\":\"https:\/\/raspberrypi.dk\/no\/#website\",\"url\":\"https:\/\/raspberrypi.dk\/no\/\",\"name\":\"RaspberryPi.dk\",\"description\":\"Danmarks f\u00f8rende Raspberry Pi side!\",\"publisher\":{\"@id\":\"https:\/\/raspberrypi.dk\/no\/#organization\"},\"potentialAction\":[{\"@type\":\"SearchAction\",\"target\":{\"@type\":\"EntryPoint\",\"urlTemplate\":\"https:\/\/raspberrypi.dk\/no\/?s={search_term_string}\"},\"query-input\":{\"@type\":\"PropertyValueSpecification\",\"valueRequired\":true,\"valueName\":\"search_term_string\"}}],\"inLanguage\":\"nb-NO\"},{\"@type\":\"Organization\",\"@id\":\"https:\/\/raspberrypi.dk\/no\/#organization\",\"name\":\"RaspberryPi.dk\",\"url\":\"https:\/\/raspberrypi.dk\/no\/\",\"logo\":{\"@type\":\"ImageObject\",\"inLanguage\":\"nb-NO\",\"@id\":\"https:\/\/raspberrypi.dk\/no\/#\/schema\/logo\/image\/\",\"url\":\"https:\/\/raspberrypi.dk\/wp-content\/uploads\/2017\/05\/RaspberryPidk_logo-2.png\",\"contentUrl\":\"https:\/\/raspberrypi.dk\/wp-content\/uploads\/2017\/05\/RaspberryPidk_logo-2.png\",\"width\":470,\"height\":110,\"caption\":\"RaspberryPi.dk\"},\"image\":{\"@id\":\"https:\/\/raspberrypi.dk\/no\/#\/schema\/logo\/image\/\"},\"sameAs\":[\"https:\/\/facebook.com\/RaspberryPiDanmark\",\"https:\/\/x.com\/raspberrypidk\",\"https:\/\/instagram.com\/raspberrypi.dk\"]}]}<\/script>\n<!-- \/ Yoast SEO plugin. -->","yoast_head_json":{"title":"Vifte og Heatsink til offisiell Raspberry Pi 4 Case \u2022 RaspberryPi.dk","robots":{"index":"index","follow":"follow","max-snippet":"max-snippet:-1","max-image-preview":"max-image-preview:large","max-video-preview":"max-video-preview:-1"},"canonical":"https:\/\/raspberrypi.dk\/no\/produkt\/vifte-heatsink-offisiell-raspberry-pi-4-case\/","og_locale":"nb_NO","og_type":"article","og_title":"Vifte og Heatsink til offisiell Raspberry Pi 4 Case \u2022 RaspberryPi.dk","og_description":"Fungerer godt med Raspberry Pi 4 og Official Raspberry Pi 4 Case. Holder Raspberry Pi 4 ved en lavere driftstemperatur, selv under tung belastning.","og_url":"https:\/\/raspberrypi.dk\/no\/produkt\/vifte-heatsink-offisiell-raspberry-pi-4-case\/","og_site_name":"RaspberryPi.dk","article_publisher":"https:\/\/facebook.com\/RaspberryPiDanmark","article_modified_time":"2025-06-15T20:10:16+00:00","og_image":[{"width":1920,"height":1371,"url":"https:\/\/raspberrypi.dk\/wp-content\/uploads\/2020\/10\/PACKAGE-ON-WHITE.jpg","type":"image\/jpeg"}],"twitter_card":"summary_large_image","twitter_site":"@raspberrypidk","twitter_misc":{"Ansl. lesetid":"2 minutter"},"schema":{"@context":"https:\/\/schema.org","@graph":[{"@type":"WebPage","@id":"https:\/\/raspberrypi.dk\/no\/produkt\/vifte-heatsink-offisiell-raspberry-pi-4-case\/","url":"https:\/\/raspberrypi.dk\/no\/produkt\/vifte-heatsink-offisiell-raspberry-pi-4-case\/","name":"Vifte og Heatsink til offisiell Raspberry Pi 4 Case \u2022 RaspberryPi.dk","isPartOf":{"@id":"https:\/\/raspberrypi.dk\/no\/#website"},"primaryImageOfPage":{"@id":"https:\/\/raspberrypi.dk\/no\/produkt\/vifte-heatsink-offisiell-raspberry-pi-4-case\/#primaryimage"},"image":{"@id":"https:\/\/raspberrypi.dk\/no\/produkt\/vifte-heatsink-offisiell-raspberry-pi-4-case\/#primaryimage"},"thumbnailUrl":"https:\/\/raspberrypi.dk\/wp-content\/uploads\/2020\/10\/PACKAGE-ON-WHITE.jpg","datePublished":"2020-11-30T08:00:12+00:00","dateModified":"2025-06-15T20:10:16+00:00","breadcrumb":{"@id":"https:\/\/raspberrypi.dk\/no\/produkt\/vifte-heatsink-offisiell-raspberry-pi-4-case\/#breadcrumb"},"inLanguage":"nb-NO","potentialAction":[{"@type":"ReadAction","target":["https:\/\/raspberrypi.dk\/no\/produkt\/vifte-heatsink-offisiell-raspberry-pi-4-case\/"]}]},{"@type":"ImageObject","inLanguage":"nb-NO","@id":"https:\/\/raspberrypi.dk\/no\/produkt\/vifte-heatsink-offisiell-raspberry-pi-4-case\/#primaryimage","url":"https:\/\/raspberrypi.dk\/wp-content\/uploads\/2020\/10\/PACKAGE-ON-WHITE.jpg","contentUrl":"https:\/\/raspberrypi.dk\/wp-content\/uploads\/2020\/10\/PACKAGE-ON-WHITE.jpg","width":1920,"height":1371},{"@type":"BreadcrumbList","@id":"https:\/\/raspberrypi.dk\/no\/produkt\/vifte-heatsink-offisiell-raspberry-pi-4-case\/#breadcrumb","itemListElement":[{"@type":"ListItem","position":1,"name":"Hjem","item":"https:\/\/raspberrypi.dk\/no\/raspberry-pi-nettbutikk\/"},{"@type":"ListItem","position":2,"name":"Shop","item":"https:\/\/raspberrypi.dk\/no\/shop-2\/"},{"@type":"ListItem","position":3,"name":"Vifte og Heatsink til offisiell Raspberry Pi 4 Case"}]},{"@type":"WebSite","@id":"https:\/\/raspberrypi.dk\/no\/#website","url":"https:\/\/raspberrypi.dk\/no\/","name":"RaspberryPi.dk","description":"Danmarks f\u00f8rende Raspberry Pi side!","publisher":{"@id":"https:\/\/raspberrypi.dk\/no\/#organization"},"potentialAction":[{"@type":"SearchAction","target":{"@type":"EntryPoint","urlTemplate":"https:\/\/raspberrypi.dk\/no\/?s={search_term_string}"},"query-input":{"@type":"PropertyValueSpecification","valueRequired":true,"valueName":"search_term_string"}}],"inLanguage":"nb-NO"},{"@type":"Organization","@id":"https:\/\/raspberrypi.dk\/no\/#organization","name":"RaspberryPi.dk","url":"https:\/\/raspberrypi.dk\/no\/","logo":{"@type":"ImageObject","inLanguage":"nb-NO","@id":"https:\/\/raspberrypi.dk\/no\/#\/schema\/logo\/image\/","url":"https:\/\/raspberrypi.dk\/wp-content\/uploads\/2017\/05\/RaspberryPidk_logo-2.png","contentUrl":"https:\/\/raspberrypi.dk\/wp-content\/uploads\/2017\/05\/RaspberryPidk_logo-2.png","width":470,"height":110,"caption":"RaspberryPi.dk"},"image":{"@id":"https:\/\/raspberrypi.dk\/no\/#\/schema\/logo\/image\/"},"sameAs":["https:\/\/facebook.com\/RaspberryPiDanmark","https:\/\/x.com\/raspberrypidk","https:\/\/instagram.com\/raspberrypi.dk"]}]}},"_links":{"self":[{"href":"https:\/\/raspberrypi.dk\/no\/wp-json\/wp\/v2\/product\/131886","targetHints":{"allow":["GET"]}}],"collection":[{"href":"https:\/\/raspberrypi.dk\/no\/wp-json\/wp\/v2\/product"}],"about":[{"href":"https:\/\/raspberrypi.dk\/no\/wp-json\/wp\/v2\/types\/product"}],"replies":[{"embeddable":true,"href":"https:\/\/raspberrypi.dk\/no\/wp-json\/wp\/v2\/comments?post=131886"}],"wp:featuredmedia":[{"embeddable":true,"href":"https:\/\/raspberrypi.dk\/no\/wp-json\/wp\/v2\/media\/131898"}],"wp:attachment":[{"href":"https:\/\/raspberrypi.dk\/no\/wp-json\/wp\/v2\/media?parent=131886"}],"wp:term":[{"taxonomy":"product_brand","embeddable":true,"href":"https:\/\/raspberrypi.dk\/no\/wp-json\/wp\/v2\/product_brand?post=131886"},{"taxonomy":"product_cat","embeddable":true,"href":"https:\/\/raspberrypi.dk\/no\/wp-json\/wp\/v2\/product_cat?post=131886"},{"taxonomy":"product_tag","embeddable":true,"href":"https:\/\/raspberrypi.dk\/no\/wp-json\/wp\/v2\/product_tag?post=131886"}],"curies":[{"name":"wp","href":"https:\/\/api.w.org\/{rel}","templated":true}]}}