{"id":131907,"date":"2021-04-15T11:54:33","date_gmt":"2021-04-15T09:54:33","guid":{"rendered":"https:\/\/raspberrypi.dk\/produkt\/joy-it-joypi\/"},"modified":"2025-12-01T13:21:15","modified_gmt":"2025-12-01T12:21:15","slug":"joy-it-joypi","status":"publish","type":"product","link":"https:\/\/raspberrypi.dk\/no\/produkt\/joy-it-joypi\/","title":{"rendered":"Joy-IT JoyPi"},"content":{"rendered":"<p>Dette sofistikerte case-systemet tilbyr et perfekt alt-i-ett-milj\u00f8 og setter en stopper for mange upraktiske dele-l\u00f8sninger og kabelkaos p\u00e5 arbeidsbenken.<\/p>\n<p>Joy-Pi er ogs\u00e5 veldig godt egnet for skoleprosjekter, ettersom du ganske enkelt kan sl\u00e5 den av og p\u00e5 p\u00e5 slutten av leksjonen og deretter fortsette \u00e5 jobbe med prosjektet den neste timen. En annen kjempefordel er dens praktiske mobilitet og kompakthet. Dette lar deg ta den med deg overalt og utforske Raspberry Pi-universet med venner.<\/p>\n<p>Joy-Pi har et stort antall sensorer og moduler som kan betjenes uavhengig av ens tidligere kunnskap, takket v\u00e6re de sv\u00e6rt detaljerte brukseksemplene. Joy-Pi er helt klar til bruk n\u00e5r str\u00f8mforsyningen er tilkoblet.<\/p>\n<p>Med 7-tommers ber\u00f8ringsskjerm integrert i lokket, kan Raspberry Pi betjenes og evalueringene av de integrerte sensorene kan vises direkte. Det implementerte breadboardet tillater tilkobling og bruk av ekstra eksterne sensorer og moduler eller egenkonstruerte kretser.<\/p>\n<p>Produktoppdatering:<\/p>\n<p>En mikro-HDMI-adapter er n\u00e5 inkludert i JoyPI Experimental and Education Case. Ved hjelp av den vedlagte h\u00e5ndboken kan du konvertere JoyPI til den nye Raspberry PI 4B (alle 3 versjonene).<\/p>\n<p><strong>Downloads<\/strong><\/p>\n<p>Finn alle downloads <a href=\"https:\/\/joy-pi.net\/downloads\/\">her<\/a>.<\/p>\n<p><strong>Spesifikasjoner<\/strong><\/p>\n<h3>COMPATIBLE WITH<\/h3>\n<p>Raspberry PI 3B, 3B+, 4B<\/p>\n<h3>DISPLAY<\/h3>\n<p>7&#8243; Touchscreen Display, Resolution: 1024&#215;600<\/p>\n<h3>CAMERA<\/h3>\n<p>2MP Camera<\/p>\n<h3>SPECIAL FUNCTIONS<\/h3>\n<p>Completely equipped set, already integrated in a case<\/p>\n<h3>INCLUDED LESSONS<\/h3>\n<p>21, suitable for beginners and advanced<\/p>\n<h3>ACCESSORIES<\/h3>\n<p>Mini Keyboard &amp; USB receiver, power supply, GPIO cable, infrared sensor, microSD card (32GB), servo motor, stepper motor &amp; accessories, RFID chip, RFID card, USB cable, remote control, micro-HDMI adapter for RPI 4B<\/p>\n<h3>SENSORS<\/h3>\n<p>Light sensor, Sound sensor, Motion sensor, Ultrasonic sensor, Tilt sensor, Infrared sensor, Touch sensor, DH11 Temperature &amp; humidity sensor, RFID module, Tilt sensor<\/p>\n<h3>DISPLAYS<\/h3>\n<p>7\u201c Touchscreen LCD Display, 8&#215;8 LED Matrix, 16&#215;2 LED Module, 4-digit Segment Display<\/p>\n<h3>BUTTONS<\/h3>\n<p>Programmable 4&#215;4 button matrix, 4 independent buttons, 16 switches<\/p>\n<h3>MOTORS<\/h3>\n<p>Servo control, servo motor, stepper motor<\/p>\n<h3>OTHER MODULES<\/h3>\n<p>GPIO LED Indicator, Breadboard, Vibration Unit, Buzzer, Relay, 2MP Camera<\/p>\n<h3>DIMENSIONS<\/h3>\n<p>27x19x7cm<\/p>\n<h3>WEIGHT<\/h3>\n<p>2600g<\/p>\n<h3>ITEMS SHIPPED<\/h3>\n<p>JoyPi case, BT keyboard, microSD card (32GB), Power supply, card reader, RFID card &amp; clip, Stepper Motor, Servo Motor, IR Remote Control, GPIO Cable, special micro-HDMI adapter for RPI 4B<\/p>\n","protected":false},"excerpt":{"rendered":"<div class=\"woocommerce-product-details__short-description\">\n<div class=\"woocommerce-product-details__short-description\">\n<div class=\"woocommerce-product-details__short-description\">\n<p>Joy-Pi er en eksperimentell case, basert p\u00e5 Raspberry Pi 3B \/ 3B + \/ 4B og er ideell for tilgang til elektroteknikk og programmering.<\/p>\n<p><strong>P\u00e5 lager:<\/strong>\u00a0Forsendelse innen 2 virkedager.<\/p>\n<\/div>\n<\/div>\n<\/div>\n","protected":false},"featured_media":131826,"comment_status":"open","ping_status":"closed","template":"","meta":[],"product_brand":[],"product_cat":[560],"product_tag":[],"class_list":{"0":"post-131907","1":"product","2":"type-product","3":"status-publish","4":"has-post-thumbnail","6":"product_cat-ukategoriseret-2","8":"first","9":"outofstock","10":"taxable","11":"shipping-taxable","12":"purchasable","13":"product-type-simple"},"composite_virtual":false,"composite_layout":"","composite_add_to_cart_form_location":"","composite_editable_in_cart":false,"composite_sold_individually_context":"","composite_shop_price_calc":"","composite_components":[],"composite_scenarios":[],"bundled_by":[],"bundle_stock_status":"outofstock","bundle_stock_quantity":0,"bundle_virtual":false,"bundle_layout":"","bundle_add_to_cart_form_location":"","bundle_editable_in_cart":false,"bundle_sold_individually_context":"","bundle_item_grouping":"","bundle_min_size":"","bundle_max_size":"","bundle_price":[],"bundled_items":[],"bundle_sell_ids":[],"yoast_head":"<!-- This site is optimized with the Yoast SEO plugin v27.1.1 - https:\/\/yoast.com\/product\/yoast-seo-wordpress\/ -->\n<title>Joy-IT JoyPi \u2022 RaspberryPi.dk<\/title>\n<meta name=\"robots\" content=\"index, follow, max-snippet:-1, max-image-preview:large, max-video-preview:-1\" \/>\n<link rel=\"canonical\" href=\"https:\/\/raspberrypi.dk\/no\/produkt\/joy-it-joypi\/\" \/>\n<meta property=\"og:locale\" content=\"nb_NO\" \/>\n<meta property=\"og:type\" content=\"article\" \/>\n<meta property=\"og:title\" content=\"Joy-IT JoyPi \u2022 RaspberryPi.dk\" \/>\n<meta property=\"og:description\" content=\"Joy-Pi er en eksperimentell case, basert p\u00e5 Raspberry Pi 3B \/ 3B + \/ 4B og er ideell for tilgang til elektroteknikk og programmering. P\u00e5 lager:\u00a0Forsendelse innen 2 virkedager.\" \/>\n<meta property=\"og:url\" content=\"https:\/\/raspberrypi.dk\/no\/produkt\/joy-it-joypi\/\" \/>\n<meta property=\"og:site_name\" content=\"RaspberryPi.dk\" \/>\n<meta property=\"article:publisher\" content=\"https:\/\/facebook.com\/RaspberryPiDanmark\" \/>\n<meta property=\"article:modified_time\" content=\"2025-12-01T12:21:15+00:00\" \/>\n<meta property=\"og:image\" content=\"https:\/\/raspberrypi.dk\/wp-content\/uploads\/2021\/04\/RB-JoyPi-2g.png\" \/>\n\t<meta property=\"og:image:width\" content=\"500\" \/>\n\t<meta property=\"og:image:height\" content=\"476\" \/>\n\t<meta property=\"og:image:type\" content=\"image\/png\" \/>\n<meta name=\"twitter:card\" content=\"summary_large_image\" \/>\n<meta name=\"twitter:site\" content=\"@raspberrypidk\" \/>\n<meta name=\"twitter:label1\" content=\"Ansl. lesetid\" \/>\n\t<meta name=\"twitter:data1\" content=\"2 minutter\" \/>\n<script type=\"application\/ld+json\" class=\"yoast-schema-graph\">{\"@context\":\"https:\/\/schema.org\",\"@graph\":[{\"@type\":\"WebPage\",\"@id\":\"https:\/\/raspberrypi.dk\/no\/produkt\/joy-it-joypi\/\",\"url\":\"https:\/\/raspberrypi.dk\/no\/produkt\/joy-it-joypi\/\",\"name\":\"Joy-IT JoyPi \u2022 RaspberryPi.dk\",\"isPartOf\":{\"@id\":\"https:\/\/raspberrypi.dk\/no\/#website\"},\"primaryImageOfPage\":{\"@id\":\"https:\/\/raspberrypi.dk\/no\/produkt\/joy-it-joypi\/#primaryimage\"},\"image\":{\"@id\":\"https:\/\/raspberrypi.dk\/no\/produkt\/joy-it-joypi\/#primaryimage\"},\"thumbnailUrl\":\"https:\/\/raspberrypi.dk\/wp-content\/uploads\/2021\/04\/RB-JoyPi-2g.png\",\"datePublished\":\"2021-04-15T09:54:33+00:00\",\"dateModified\":\"2025-12-01T12:21:15+00:00\",\"breadcrumb\":{\"@id\":\"https:\/\/raspberrypi.dk\/no\/produkt\/joy-it-joypi\/#breadcrumb\"},\"inLanguage\":\"nb-NO\",\"potentialAction\":[{\"@type\":\"ReadAction\",\"target\":[\"https:\/\/raspberrypi.dk\/no\/produkt\/joy-it-joypi\/\"]}]},{\"@type\":\"ImageObject\",\"inLanguage\":\"nb-NO\",\"@id\":\"https:\/\/raspberrypi.dk\/no\/produkt\/joy-it-joypi\/#primaryimage\",\"url\":\"https:\/\/raspberrypi.dk\/wp-content\/uploads\/2021\/04\/RB-JoyPi-2g.png\",\"contentUrl\":\"https:\/\/raspberrypi.dk\/wp-content\/uploads\/2021\/04\/RB-JoyPi-2g.png\",\"width\":500,\"height\":476},{\"@type\":\"BreadcrumbList\",\"@id\":\"https:\/\/raspberrypi.dk\/no\/produkt\/joy-it-joypi\/#breadcrumb\",\"itemListElement\":[{\"@type\":\"ListItem\",\"position\":1,\"name\":\"Hjem\",\"item\":\"https:\/\/raspberrypi.dk\/no\/raspberry-pi-nettbutikk\/\"},{\"@type\":\"ListItem\",\"position\":2,\"name\":\"Shop\",\"item\":\"https:\/\/raspberrypi.dk\/no\/shop-2\/\"},{\"@type\":\"ListItem\",\"position\":3,\"name\":\"Joy-IT JoyPi\"}]},{\"@type\":\"WebSite\",\"@id\":\"https:\/\/raspberrypi.dk\/no\/#website\",\"url\":\"https:\/\/raspberrypi.dk\/no\/\",\"name\":\"RaspberryPi.dk\",\"description\":\"Danmarks f\u00f8rende Raspberry Pi side!\",\"publisher\":{\"@id\":\"https:\/\/raspberrypi.dk\/no\/#organization\"},\"potentialAction\":[{\"@type\":\"SearchAction\",\"target\":{\"@type\":\"EntryPoint\",\"urlTemplate\":\"https:\/\/raspberrypi.dk\/no\/?s={search_term_string}\"},\"query-input\":{\"@type\":\"PropertyValueSpecification\",\"valueRequired\":true,\"valueName\":\"search_term_string\"}}],\"inLanguage\":\"nb-NO\"},{\"@type\":\"Organization\",\"@id\":\"https:\/\/raspberrypi.dk\/no\/#organization\",\"name\":\"RaspberryPi.dk\",\"url\":\"https:\/\/raspberrypi.dk\/no\/\",\"logo\":{\"@type\":\"ImageObject\",\"inLanguage\":\"nb-NO\",\"@id\":\"https:\/\/raspberrypi.dk\/no\/#\/schema\/logo\/image\/\",\"url\":\"https:\/\/raspberrypi.dk\/wp-content\/uploads\/2017\/05\/RaspberryPidk_logo-2.png\",\"contentUrl\":\"https:\/\/raspberrypi.dk\/wp-content\/uploads\/2017\/05\/RaspberryPidk_logo-2.png\",\"width\":470,\"height\":110,\"caption\":\"RaspberryPi.dk\"},\"image\":{\"@id\":\"https:\/\/raspberrypi.dk\/no\/#\/schema\/logo\/image\/\"},\"sameAs\":[\"https:\/\/facebook.com\/RaspberryPiDanmark\",\"https:\/\/x.com\/raspberrypidk\",\"https:\/\/instagram.com\/raspberrypi.dk\"]}]}<\/script>\n<!-- \/ Yoast SEO plugin. -->","yoast_head_json":{"title":"Joy-IT JoyPi \u2022 RaspberryPi.dk","robots":{"index":"index","follow":"follow","max-snippet":"max-snippet:-1","max-image-preview":"max-image-preview:large","max-video-preview":"max-video-preview:-1"},"canonical":"https:\/\/raspberrypi.dk\/no\/produkt\/joy-it-joypi\/","og_locale":"nb_NO","og_type":"article","og_title":"Joy-IT JoyPi \u2022 RaspberryPi.dk","og_description":"Joy-Pi er en eksperimentell case, basert p\u00e5 Raspberry Pi 3B \/ 3B + \/ 4B og er ideell for tilgang til elektroteknikk og programmering. P\u00e5 lager:\u00a0Forsendelse innen 2 virkedager.","og_url":"https:\/\/raspberrypi.dk\/no\/produkt\/joy-it-joypi\/","og_site_name":"RaspberryPi.dk","article_publisher":"https:\/\/facebook.com\/RaspberryPiDanmark","article_modified_time":"2025-12-01T12:21:15+00:00","og_image":[{"width":500,"height":476,"url":"https:\/\/raspberrypi.dk\/wp-content\/uploads\/2021\/04\/RB-JoyPi-2g.png","type":"image\/png"}],"twitter_card":"summary_large_image","twitter_site":"@raspberrypidk","twitter_misc":{"Ansl. lesetid":"2 minutter"},"schema":{"@context":"https:\/\/schema.org","@graph":[{"@type":"WebPage","@id":"https:\/\/raspberrypi.dk\/no\/produkt\/joy-it-joypi\/","url":"https:\/\/raspberrypi.dk\/no\/produkt\/joy-it-joypi\/","name":"Joy-IT JoyPi \u2022 RaspberryPi.dk","isPartOf":{"@id":"https:\/\/raspberrypi.dk\/no\/#website"},"primaryImageOfPage":{"@id":"https:\/\/raspberrypi.dk\/no\/produkt\/joy-it-joypi\/#primaryimage"},"image":{"@id":"https:\/\/raspberrypi.dk\/no\/produkt\/joy-it-joypi\/#primaryimage"},"thumbnailUrl":"https:\/\/raspberrypi.dk\/wp-content\/uploads\/2021\/04\/RB-JoyPi-2g.png","datePublished":"2021-04-15T09:54:33+00:00","dateModified":"2025-12-01T12:21:15+00:00","breadcrumb":{"@id":"https:\/\/raspberrypi.dk\/no\/produkt\/joy-it-joypi\/#breadcrumb"},"inLanguage":"nb-NO","potentialAction":[{"@type":"ReadAction","target":["https:\/\/raspberrypi.dk\/no\/produkt\/joy-it-joypi\/"]}]},{"@type":"ImageObject","inLanguage":"nb-NO","@id":"https:\/\/raspberrypi.dk\/no\/produkt\/joy-it-joypi\/#primaryimage","url":"https:\/\/raspberrypi.dk\/wp-content\/uploads\/2021\/04\/RB-JoyPi-2g.png","contentUrl":"https:\/\/raspberrypi.dk\/wp-content\/uploads\/2021\/04\/RB-JoyPi-2g.png","width":500,"height":476},{"@type":"BreadcrumbList","@id":"https:\/\/raspberrypi.dk\/no\/produkt\/joy-it-joypi\/#breadcrumb","itemListElement":[{"@type":"ListItem","position":1,"name":"Hjem","item":"https:\/\/raspberrypi.dk\/no\/raspberry-pi-nettbutikk\/"},{"@type":"ListItem","position":2,"name":"Shop","item":"https:\/\/raspberrypi.dk\/no\/shop-2\/"},{"@type":"ListItem","position":3,"name":"Joy-IT JoyPi"}]},{"@type":"WebSite","@id":"https:\/\/raspberrypi.dk\/no\/#website","url":"https:\/\/raspberrypi.dk\/no\/","name":"RaspberryPi.dk","description":"Danmarks f\u00f8rende Raspberry Pi side!","publisher":{"@id":"https:\/\/raspberrypi.dk\/no\/#organization"},"potentialAction":[{"@type":"SearchAction","target":{"@type":"EntryPoint","urlTemplate":"https:\/\/raspberrypi.dk\/no\/?s={search_term_string}"},"query-input":{"@type":"PropertyValueSpecification","valueRequired":true,"valueName":"search_term_string"}}],"inLanguage":"nb-NO"},{"@type":"Organization","@id":"https:\/\/raspberrypi.dk\/no\/#organization","name":"RaspberryPi.dk","url":"https:\/\/raspberrypi.dk\/no\/","logo":{"@type":"ImageObject","inLanguage":"nb-NO","@id":"https:\/\/raspberrypi.dk\/no\/#\/schema\/logo\/image\/","url":"https:\/\/raspberrypi.dk\/wp-content\/uploads\/2017\/05\/RaspberryPidk_logo-2.png","contentUrl":"https:\/\/raspberrypi.dk\/wp-content\/uploads\/2017\/05\/RaspberryPidk_logo-2.png","width":470,"height":110,"caption":"RaspberryPi.dk"},"image":{"@id":"https:\/\/raspberrypi.dk\/no\/#\/schema\/logo\/image\/"},"sameAs":["https:\/\/facebook.com\/RaspberryPiDanmark","https:\/\/x.com\/raspberrypidk","https:\/\/instagram.com\/raspberrypi.dk"]}]}},"_links":{"self":[{"href":"https:\/\/raspberrypi.dk\/no\/wp-json\/wp\/v2\/product\/131907","targetHints":{"allow":["GET"]}}],"collection":[{"href":"https:\/\/raspberrypi.dk\/no\/wp-json\/wp\/v2\/product"}],"about":[{"href":"https:\/\/raspberrypi.dk\/no\/wp-json\/wp\/v2\/types\/product"}],"replies":[{"embeddable":true,"href":"https:\/\/raspberrypi.dk\/no\/wp-json\/wp\/v2\/comments?post=131907"}],"wp:featuredmedia":[{"embeddable":true,"href":"https:\/\/raspberrypi.dk\/no\/wp-json\/wp\/v2\/media\/131826"}],"wp:attachment":[{"href":"https:\/\/raspberrypi.dk\/no\/wp-json\/wp\/v2\/media?parent=131907"}],"wp:term":[{"taxonomy":"product_brand","embeddable":true,"href":"https:\/\/raspberrypi.dk\/no\/wp-json\/wp\/v2\/product_brand?post=131907"},{"taxonomy":"product_cat","embeddable":true,"href":"https:\/\/raspberrypi.dk\/no\/wp-json\/wp\/v2\/product_cat?post=131907"},{"taxonomy":"product_tag","embeddable":true,"href":"https:\/\/raspberrypi.dk\/no\/wp-json\/wp\/v2\/product_tag?post=131907"}],"curies":[{"name":"wp","href":"https:\/\/api.w.org\/{rel}","templated":true}]}}