{"id":131909,"date":"2021-04-15T11:44:37","date_gmt":"2021-04-15T09:44:37","guid":{"rendered":"https:\/\/raspberrypi.dk\/produkt\/joy-it-multimedia-case-til-pi-4\/"},"modified":"2021-04-15T11:44:37","modified_gmt":"2021-04-15T09:44:37","slug":"joy-it-multimedia-case-til-pi-4","status":"publish","type":"product","link":"https:\/\/raspberrypi.dk\/no\/produkt\/joy-it-multimedia-case-til-pi-4\/","title":{"rendered":"Joy-IT Multimedia Case til Pi 4"},"content":{"rendered":"<ul>\n<li>Integreret IR-mottaker, som kan styres med tiln\u00e6rmet alle IR-fjernkontroller<\/li>\n<li>Kontrollerbar LED-belysning<\/li>\n<li>P\u00e5\/ Av, styring av ekstra funksjoner p\u00e5 Pi<\/li>\n<li>Aktiv, stille kj\u00f8ling<\/li>\n<li>Magnetisk samling<\/li>\n<li>Alle Pi-forbindelser er p\u00e5 baksiden<\/li>\n<li>GPIO-porten er tilgjengelig via separat lokk<\/li>\n<\/ul>\n<p>Perfekt som en multimedieplattform i stuen, desktopenheten eller til bruk i digital skiltning.<\/p>\n<p><strong>Spesifikasjoner<\/strong><\/p>\n<h3>MATERIAL<\/h3>\n<p>Acryl<\/p>\n<h3>COLOUR<\/h3>\n<p>Black<\/p>\n<h3>COMPATIBLE TO<\/h3>\n<p>Raspberry Pi 4<\/p>\n<h3>SPECIAL FEATURES<\/h3>\n<p>All connections accessible from one side, controllable with infrared remote control, integrated fan control, controllable LED lighting<\/p>\n<h3>POWER SUPPLY<\/h3>\n<p>5V DC (USB-C)<\/p>\n<h3>MICROCONTROLLER<\/h3>\n<p>STM32F030F4P<\/p>\n<h3>INFRARED RECEIVER<\/h3>\n<p>TSOP4838<\/p>\n<h3>LEDS<\/h3>\n<p>4x WS2812Mini<\/p>\n<h3>LEAD OUT CONNECTIONS<\/h3>\n<p>1x USB-C, 1x Aux, 2x microHDMI, 2x USB3.0, 2x USB2.0 1x RJ45<\/p>\n<h3>DIMENSIONS<\/h3>\n<p>113 x 100 x 38<\/p>\n<h3>WEIGHT<\/h3>\n<p>280<\/p>\n<h3>ITEMS SHIPPED<\/h3>\n<p>Multimediacase, adapter board, control board, Aux adapter cable<\/p>\n<p>&nbsp;<\/p>\n<p><strong>Dokumenter<\/strong><\/p>\n<ul>\n<li><a href=\"https:\/\/joy-it.net\/files\/files\/Produkte\/RB-MultimediaCase01\/RB-Multimediacase1-Datenblatt-07.09.2020.pdf\" target=\"_blank\" rel=\"noopener\">RB-Multimediacase1-Datenblatt-07.09.2020.pdf &#8211; 179,06 KB<\/a><\/li>\n<li><a href=\"https:\/\/joy-it.net\/files\/files\/Produkte\/RB-MultimediaCase01\/RB-Multimediacase1-Datasheet-07.09.2020.pdf\" target=\"_blank\" rel=\"noopener\">RB-Multimediacase1-Datasheet-07.09.2020.pdf &#8211; 177,89 KB<\/a><\/li>\n<li><a href=\"https:\/\/joy-it.net\/files\/files\/Produkte\/RB-MultimediaCase01\/Firmware%20RB-MultimediaCase_v1.0.zip\" target=\"_blank\" rel=\"noopener\">Firmware RB-MultimediaCase_v1.0.zip &#8211; 10,99 KB<\/a><\/li>\n<li><a href=\"https:\/\/joy-it.net\/files\/files\/Produkte\/RB-MultimediaCase01\/RB-MultimediaCase01_Expertenanleitung_2021-01-19.pdf\" target=\"_blank\" rel=\"noopener\">RB-MultimediaCase01_Expertenanleitung_2021-01-19.pdf &#8211; 5,87 MB<\/a><\/li>\n<li><a href=\"https:\/\/joy-it.net\/files\/files\/Produkte\/RB-MultimediaCase01\/RB-MultimediaCase01_Expertguide_2021-01-19.pdf\" target=\"_blank\" rel=\"noopener\">RB-MultimediaCase01_Expertguide_2021-01-19.pdf &#8211; 6,24 MB<\/a><\/li>\n<li><a href=\"https:\/\/joy-it.net\/files\/files\/Produkte\/RB-MultimediaCase01\/RB-MultimediaCase01_Anleitung_2021-01-26.pdf\" target=\"_blank\" rel=\"noopener\">RB-MultimediaCase01_Anleitung_2021-01-26.pdf &#8211; 3,62 MB<\/a><\/li>\n<li><a href=\"https:\/\/joy-it.net\/files\/files\/Produkte\/RB-MultimediaCase01\/RB-MultimediaCase01_Manual_2021-01-26.pdf\" target=\"_blank\" rel=\"noopener\">RB-MultimediaCase01_Manual_2021-01-26.pdf &#8211; 3,49 MB<\/a><\/li>\n<\/ul>\n<ul>\n<li><a href=\"https:\/\/joy-it.net\/public\/MultimediaCase.zip\" target=\"_blank\" rel=\"noopener\">Code examples<\/a><\/li>\n<li><a href=\"https:\/\/joy-it.net\/public\/script.module.MultimediaCase.zip\" target=\"_blank\" rel=\"noopener\">Addon &#8211; Multimedia Case Configuration<\/a><\/li>\n<li><a href=\"https:\/\/joy-it.net\/public\/script.module.MCHyperion.zip\" target=\"_blank\" rel=\"noopener\">Addon &#8211; LED Configuration<\/a><\/li>\n<li><a href=\"https:\/\/joy-it.net\/public\/script.remote.config.zip\" target=\"_blank\" rel=\"noopener\">Addon &#8211; IR Control Configuration<\/a><\/li>\n<li><a href=\"https:\/\/joyiteurope-my.sharepoint.com\/:u:\/g\/personal\/onedrive_joyiteurope_onmicrosoft_com\/EQEVchu2KhNEsUVggU3ezTgBnFJMj6NfAHYnbeee-102Jg?e=phiWLe\" target=\"_blank\" rel=\"noopener\">Prepared LibreElec Image<\/a><\/li>\n<\/ul>\n","protected":false},"excerpt":{"rendered":"<p>Dette multimedie-caset til alle Pi 4-modeller er kjennetegnet p\u00e5 h\u00f8y funksjonalitet, moderne design og overd\u00e5dig utstyr.<\/p>\n<div class=\"woocommerce-product-details__short-description\">\n<div class=\"woocommerce-product-details__short-description\">\n<div class=\"woocommerce-product-details__short-description\">\n<p><strong>P\u00e5 lager:<\/strong> Forsendelse innen 2 virkedager.<\/p>\n<\/div>\n<\/div>\n<\/div>\n","protected":false},"featured_media":131790,"comment_status":"open","ping_status":"closed","template":"","meta":[],"product_brand":[],"product_cat":[560],"product_tag":[],"class_list":{"0":"post-131909","1":"product","2":"type-product","3":"status-publish","4":"has-post-thumbnail","6":"product_cat-ukategoriseret-2","8":"first","9":"outofstock","10":"taxable","11":"shipping-taxable","12":"purchasable","13":"product-type-simple"},"composite_virtual":false,"composite_layout":"","composite_add_to_cart_form_location":"","composite_editable_in_cart":false,"composite_sold_individually_context":"","composite_shop_price_calc":"","composite_components":[],"composite_scenarios":[],"bundled_by":[],"bundle_stock_status":"outofstock","bundle_stock_quantity":0,"bundle_virtual":false,"bundle_layout":"","bundle_add_to_cart_form_location":"","bundle_editable_in_cart":false,"bundle_sold_individually_context":"","bundle_item_grouping":"","bundle_min_size":"","bundle_max_size":"","bundle_price":[],"bundled_items":[],"bundle_sell_ids":[],"yoast_head":"<!-- This site is optimized with the Yoast SEO plugin v27.1.1 - https:\/\/yoast.com\/product\/yoast-seo-wordpress\/ -->\n<title>Joy-IT Multimedia Case til Pi 4 \u2022 RaspberryPi.dk<\/title>\n<meta name=\"robots\" content=\"index, follow, max-snippet:-1, max-image-preview:large, max-video-preview:-1\" \/>\n<link rel=\"canonical\" href=\"https:\/\/raspberrypi.dk\/no\/produkt\/joy-it-multimedia-case-til-pi-4\/\" \/>\n<meta property=\"og:locale\" content=\"nb_NO\" \/>\n<meta property=\"og:type\" content=\"article\" \/>\n<meta property=\"og:title\" content=\"Joy-IT Multimedia Case til Pi 4 \u2022 RaspberryPi.dk\" \/>\n<meta property=\"og:description\" content=\"Dette multimedie-caset til alle Pi 4-modeller er kjennetegnet p\u00e5 h\u00f8y funksjonalitet, moderne design og overd\u00e5dig utstyr.    P\u00e5 lager: Forsendelse innen 2 virkedager.\" \/>\n<meta property=\"og:url\" content=\"https:\/\/raspberrypi.dk\/no\/produkt\/joy-it-multimedia-case-til-pi-4\/\" \/>\n<meta property=\"og:site_name\" content=\"RaspberryPi.dk\" \/>\n<meta property=\"article:publisher\" content=\"https:\/\/facebook.com\/RaspberryPiDanmark\" \/>\n<meta property=\"og:image\" content=\"https:\/\/raspberrypi.dk\/wp-content\/uploads\/2021\/04\/joy-it-mediacase-768x768.png\" \/>\n\t<meta property=\"og:image:width\" content=\"768\" \/>\n\t<meta property=\"og:image:height\" content=\"768\" \/>\n\t<meta property=\"og:image:type\" content=\"image\/png\" \/>\n<meta name=\"twitter:card\" content=\"summary_large_image\" \/>\n<meta name=\"twitter:site\" content=\"@raspberrypidk\" \/>\n<meta name=\"twitter:label1\" content=\"Ansl. lesetid\" \/>\n\t<meta name=\"twitter:data1\" content=\"1 minutt\" \/>\n<script type=\"application\/ld+json\" class=\"yoast-schema-graph\">{\"@context\":\"https:\/\/schema.org\",\"@graph\":[{\"@type\":\"WebPage\",\"@id\":\"https:\/\/raspberrypi.dk\/no\/produkt\/joy-it-multimedia-case-til-pi-4\/\",\"url\":\"https:\/\/raspberrypi.dk\/no\/produkt\/joy-it-multimedia-case-til-pi-4\/\",\"name\":\"Joy-IT Multimedia Case til Pi 4 \u2022 RaspberryPi.dk\",\"isPartOf\":{\"@id\":\"https:\/\/raspberrypi.dk\/no\/#website\"},\"primaryImageOfPage\":{\"@id\":\"https:\/\/raspberrypi.dk\/no\/produkt\/joy-it-multimedia-case-til-pi-4\/#primaryimage\"},\"image\":{\"@id\":\"https:\/\/raspberrypi.dk\/no\/produkt\/joy-it-multimedia-case-til-pi-4\/#primaryimage\"},\"thumbnailUrl\":\"https:\/\/raspberrypi.dk\/wp-content\/uploads\/2021\/04\/joy-it-mediacase.png\",\"datePublished\":\"2021-04-15T09:44:37+00:00\",\"breadcrumb\":{\"@id\":\"https:\/\/raspberrypi.dk\/no\/produkt\/joy-it-multimedia-case-til-pi-4\/#breadcrumb\"},\"inLanguage\":\"nb-NO\",\"potentialAction\":[{\"@type\":\"ReadAction\",\"target\":[\"https:\/\/raspberrypi.dk\/no\/produkt\/joy-it-multimedia-case-til-pi-4\/\"]}]},{\"@type\":\"ImageObject\",\"inLanguage\":\"nb-NO\",\"@id\":\"https:\/\/raspberrypi.dk\/no\/produkt\/joy-it-multimedia-case-til-pi-4\/#primaryimage\",\"url\":\"https:\/\/raspberrypi.dk\/wp-content\/uploads\/2021\/04\/joy-it-mediacase.png\",\"contentUrl\":\"https:\/\/raspberrypi.dk\/wp-content\/uploads\/2021\/04\/joy-it-mediacase.png\",\"width\":1000,\"height\":1000,\"caption\":\"joy-it multimedia case\"},{\"@type\":\"BreadcrumbList\",\"@id\":\"https:\/\/raspberrypi.dk\/no\/produkt\/joy-it-multimedia-case-til-pi-4\/#breadcrumb\",\"itemListElement\":[{\"@type\":\"ListItem\",\"position\":1,\"name\":\"Hjem\",\"item\":\"https:\/\/raspberrypi.dk\/no\/raspberry-pi-nettbutikk\/\"},{\"@type\":\"ListItem\",\"position\":2,\"name\":\"Shop\",\"item\":\"https:\/\/raspberrypi.dk\/no\/shop-2\/\"},{\"@type\":\"ListItem\",\"position\":3,\"name\":\"Joy-IT Multimedia Case til Pi 4\"}]},{\"@type\":\"WebSite\",\"@id\":\"https:\/\/raspberrypi.dk\/no\/#website\",\"url\":\"https:\/\/raspberrypi.dk\/no\/\",\"name\":\"RaspberryPi.dk\",\"description\":\"Danmarks f\u00f8rende Raspberry Pi side!\",\"publisher\":{\"@id\":\"https:\/\/raspberrypi.dk\/no\/#organization\"},\"potentialAction\":[{\"@type\":\"SearchAction\",\"target\":{\"@type\":\"EntryPoint\",\"urlTemplate\":\"https:\/\/raspberrypi.dk\/no\/?s={search_term_string}\"},\"query-input\":{\"@type\":\"PropertyValueSpecification\",\"valueRequired\":true,\"valueName\":\"search_term_string\"}}],\"inLanguage\":\"nb-NO\"},{\"@type\":\"Organization\",\"@id\":\"https:\/\/raspberrypi.dk\/no\/#organization\",\"name\":\"RaspberryPi.dk\",\"url\":\"https:\/\/raspberrypi.dk\/no\/\",\"logo\":{\"@type\":\"ImageObject\",\"inLanguage\":\"nb-NO\",\"@id\":\"https:\/\/raspberrypi.dk\/no\/#\/schema\/logo\/image\/\",\"url\":\"https:\/\/raspberrypi.dk\/wp-content\/uploads\/2017\/05\/RaspberryPidk_logo-2.png\",\"contentUrl\":\"https:\/\/raspberrypi.dk\/wp-content\/uploads\/2017\/05\/RaspberryPidk_logo-2.png\",\"width\":470,\"height\":110,\"caption\":\"RaspberryPi.dk\"},\"image\":{\"@id\":\"https:\/\/raspberrypi.dk\/no\/#\/schema\/logo\/image\/\"},\"sameAs\":[\"https:\/\/facebook.com\/RaspberryPiDanmark\",\"https:\/\/x.com\/raspberrypidk\",\"https:\/\/instagram.com\/raspberrypi.dk\"]}]}<\/script>\n<!-- \/ Yoast SEO plugin. -->","yoast_head_json":{"title":"Joy-IT Multimedia Case til Pi 4 \u2022 RaspberryPi.dk","robots":{"index":"index","follow":"follow","max-snippet":"max-snippet:-1","max-image-preview":"max-image-preview:large","max-video-preview":"max-video-preview:-1"},"canonical":"https:\/\/raspberrypi.dk\/no\/produkt\/joy-it-multimedia-case-til-pi-4\/","og_locale":"nb_NO","og_type":"article","og_title":"Joy-IT Multimedia Case til Pi 4 \u2022 RaspberryPi.dk","og_description":"Dette multimedie-caset til alle Pi 4-modeller er kjennetegnet p\u00e5 h\u00f8y funksjonalitet, moderne design og overd\u00e5dig utstyr.    P\u00e5 lager: Forsendelse innen 2 virkedager.","og_url":"https:\/\/raspberrypi.dk\/no\/produkt\/joy-it-multimedia-case-til-pi-4\/","og_site_name":"RaspberryPi.dk","article_publisher":"https:\/\/facebook.com\/RaspberryPiDanmark","og_image":[{"width":768,"height":768,"url":"https:\/\/raspberrypi.dk\/wp-content\/uploads\/2021\/04\/joy-it-mediacase-768x768.png","type":"image\/png"}],"twitter_card":"summary_large_image","twitter_site":"@raspberrypidk","twitter_misc":{"Ansl. lesetid":"1 minutt"},"schema":{"@context":"https:\/\/schema.org","@graph":[{"@type":"WebPage","@id":"https:\/\/raspberrypi.dk\/no\/produkt\/joy-it-multimedia-case-til-pi-4\/","url":"https:\/\/raspberrypi.dk\/no\/produkt\/joy-it-multimedia-case-til-pi-4\/","name":"Joy-IT Multimedia Case til Pi 4 \u2022 RaspberryPi.dk","isPartOf":{"@id":"https:\/\/raspberrypi.dk\/no\/#website"},"primaryImageOfPage":{"@id":"https:\/\/raspberrypi.dk\/no\/produkt\/joy-it-multimedia-case-til-pi-4\/#primaryimage"},"image":{"@id":"https:\/\/raspberrypi.dk\/no\/produkt\/joy-it-multimedia-case-til-pi-4\/#primaryimage"},"thumbnailUrl":"https:\/\/raspberrypi.dk\/wp-content\/uploads\/2021\/04\/joy-it-mediacase.png","datePublished":"2021-04-15T09:44:37+00:00","breadcrumb":{"@id":"https:\/\/raspberrypi.dk\/no\/produkt\/joy-it-multimedia-case-til-pi-4\/#breadcrumb"},"inLanguage":"nb-NO","potentialAction":[{"@type":"ReadAction","target":["https:\/\/raspberrypi.dk\/no\/produkt\/joy-it-multimedia-case-til-pi-4\/"]}]},{"@type":"ImageObject","inLanguage":"nb-NO","@id":"https:\/\/raspberrypi.dk\/no\/produkt\/joy-it-multimedia-case-til-pi-4\/#primaryimage","url":"https:\/\/raspberrypi.dk\/wp-content\/uploads\/2021\/04\/joy-it-mediacase.png","contentUrl":"https:\/\/raspberrypi.dk\/wp-content\/uploads\/2021\/04\/joy-it-mediacase.png","width":1000,"height":1000,"caption":"joy-it multimedia case"},{"@type":"BreadcrumbList","@id":"https:\/\/raspberrypi.dk\/no\/produkt\/joy-it-multimedia-case-til-pi-4\/#breadcrumb","itemListElement":[{"@type":"ListItem","position":1,"name":"Hjem","item":"https:\/\/raspberrypi.dk\/no\/raspberry-pi-nettbutikk\/"},{"@type":"ListItem","position":2,"name":"Shop","item":"https:\/\/raspberrypi.dk\/no\/shop-2\/"},{"@type":"ListItem","position":3,"name":"Joy-IT Multimedia Case til Pi 4"}]},{"@type":"WebSite","@id":"https:\/\/raspberrypi.dk\/no\/#website","url":"https:\/\/raspberrypi.dk\/no\/","name":"RaspberryPi.dk","description":"Danmarks f\u00f8rende Raspberry Pi side!","publisher":{"@id":"https:\/\/raspberrypi.dk\/no\/#organization"},"potentialAction":[{"@type":"SearchAction","target":{"@type":"EntryPoint","urlTemplate":"https:\/\/raspberrypi.dk\/no\/?s={search_term_string}"},"query-input":{"@type":"PropertyValueSpecification","valueRequired":true,"valueName":"search_term_string"}}],"inLanguage":"nb-NO"},{"@type":"Organization","@id":"https:\/\/raspberrypi.dk\/no\/#organization","name":"RaspberryPi.dk","url":"https:\/\/raspberrypi.dk\/no\/","logo":{"@type":"ImageObject","inLanguage":"nb-NO","@id":"https:\/\/raspberrypi.dk\/no\/#\/schema\/logo\/image\/","url":"https:\/\/raspberrypi.dk\/wp-content\/uploads\/2017\/05\/RaspberryPidk_logo-2.png","contentUrl":"https:\/\/raspberrypi.dk\/wp-content\/uploads\/2017\/05\/RaspberryPidk_logo-2.png","width":470,"height":110,"caption":"RaspberryPi.dk"},"image":{"@id":"https:\/\/raspberrypi.dk\/no\/#\/schema\/logo\/image\/"},"sameAs":["https:\/\/facebook.com\/RaspberryPiDanmark","https:\/\/x.com\/raspberrypidk","https:\/\/instagram.com\/raspberrypi.dk"]}]}},"_links":{"self":[{"href":"https:\/\/raspberrypi.dk\/no\/wp-json\/wp\/v2\/product\/131909","targetHints":{"allow":["GET"]}}],"collection":[{"href":"https:\/\/raspberrypi.dk\/no\/wp-json\/wp\/v2\/product"}],"about":[{"href":"https:\/\/raspberrypi.dk\/no\/wp-json\/wp\/v2\/types\/product"}],"replies":[{"embeddable":true,"href":"https:\/\/raspberrypi.dk\/no\/wp-json\/wp\/v2\/comments?post=131909"}],"wp:featuredmedia":[{"embeddable":true,"href":"https:\/\/raspberrypi.dk\/no\/wp-json\/wp\/v2\/media\/131790"}],"wp:attachment":[{"href":"https:\/\/raspberrypi.dk\/no\/wp-json\/wp\/v2\/media?parent=131909"}],"wp:term":[{"taxonomy":"product_brand","embeddable":true,"href":"https:\/\/raspberrypi.dk\/no\/wp-json\/wp\/v2\/product_brand?post=131909"},{"taxonomy":"product_cat","embeddable":true,"href":"https:\/\/raspberrypi.dk\/no\/wp-json\/wp\/v2\/product_cat?post=131909"},{"taxonomy":"product_tag","embeddable":true,"href":"https:\/\/raspberrypi.dk\/no\/wp-json\/wp\/v2\/product_tag?post=131909"}],"curies":[{"name":"wp","href":"https:\/\/api.w.org\/{rel}","templated":true}]}}