{"id":131922,"date":"2020-09-01T10:44:30","date_gmt":"2020-09-01T08:44:30","guid":{"rendered":"https:\/\/raspberrypi.dk\/produkt\/usb-c-kabel-med-on-off-switch\/"},"modified":"2026-03-21T21:56:11","modified_gmt":"2026-03-21T20:56:11","slug":"usb-c-kabel-med-on-off-switch","status":"publish","type":"product","link":"https:\/\/raspberrypi.dk\/no\/produkt\/usb-c-kabel-med-on-off-switch\/","title":{"rendered":"USB-C Kabel med On\/Off Switch"},"content":{"rendered":"<p>For \u00e5 sl\u00e5 p\u00e5 Raspberry Pi igjen, klikker du bare p\u00e5 bryteren &#8211; enkelt! Bryteren har en fin gummi-feel og en solid &laquo;klikk-p\u00e5-klikk-av&raquo; -feedback og inkluderer en liten r\u00f8d LED-str\u00f8mindikator.<\/p>\n<p>Merk: Dette er designet og testet for Raspberry Pi 4. Den fungerer muligens ikke like bra med smarttelefoner!<\/p>\n<p>Kabelen er i den ene enden USB-C hun og den andre enden USB-C hann, noe som betyr at du kan fortsette \u00e5 bruke din offisielle Raspberry Pi str\u00f8mforsyning med den ekstra fordelen av \u00e5 ha en bryter.<\/p>\n<p>Hele kabelen (inkludert kontakter) er bare 31 cm lang, s\u00e5 den er aldri langt fra din Raspberry Pi.<\/p>\n<p>Ikke bare perfekt for Raspberry Pi: Denne kabelen fungerer ogs\u00e5 med alt som har en USB-C-port, men det understrekes at kabelen ikke overf\u00f8rer data. En Av\/P\u00e5 bryter til str\u00f8mforsyningen din er dog et flott tillegg og knapp som vi absolutt elsker \u00e5 bruke.<\/p>\n<p><strong>Funksjoner:<\/strong><\/p>\n<ul>\n<li>Testet for kompatibilitet med Raspberry Pi<\/li>\n<li>P\u00e5\/ Av-knapp<\/li>\n<li>Farge: Svart<\/li>\n<li>USB-C hun til USB-C han<\/li>\n<\/ul>\n","protected":false},"excerpt":{"rendered":"<div class=\"woocommerce-product-details__short-description\">\n<p>En super hendig bryterkabel til Raspberry Pi 4 som eliminerer behovet for \u00e5 koble USB-C-kontakten fra Raspberry Pi (eller rote med stikkontakter \/ plugger) hver gang du sl\u00e5r den p\u00e5 \/ av.<\/p>\n<\/div>\n","protected":false},"featured_media":131924,"comment_status":"open","ping_status":"closed","template":"","meta":[],"product_brand":[],"product_cat":[605,598],"product_tag":[717],"class_list":{"0":"post-131922","1":"product","2":"type-product","3":"status-publish","4":"has-post-thumbnail","6":"product_cat-raspberry-pi-stromforsyninger-no","7":"product_cat-kabler-og-adaptere-til-raspberry-pi-no","8":"product_tag-rpi4-no","10":"first","11":"instock","12":"taxable","13":"shipping-taxable","14":"purchasable","15":"product-type-simple"},"composite_virtual":false,"composite_layout":"","composite_add_to_cart_form_location":"","composite_editable_in_cart":false,"composite_sold_individually_context":"","composite_shop_price_calc":"","composite_components":[],"composite_scenarios":[],"bundled_by":[],"bundle_stock_status":"instock","bundle_stock_quantity":8,"bundle_virtual":false,"bundle_layout":"","bundle_add_to_cart_form_location":"","bundle_editable_in_cart":false,"bundle_sold_individually_context":"","bundle_item_grouping":"","bundle_min_size":"","bundle_max_size":"","bundle_price":[],"bundled_items":[],"bundle_sell_ids":[],"yoast_head":"<!-- This site is optimized with the Yoast SEO plugin v27.1.1 - https:\/\/yoast.com\/product\/yoast-seo-wordpress\/ -->\n<title>USB-C Kabel med On\/Off Switch \u2022 RaspberryPi.dk<\/title>\n<meta name=\"robots\" content=\"index, follow, max-snippet:-1, max-image-preview:large, max-video-preview:-1\" \/>\n<link rel=\"canonical\" href=\"https:\/\/raspberrypi.dk\/no\/produkt\/usb-c-kabel-med-on-off-switch\/\" \/>\n<meta property=\"og:locale\" content=\"nb_NO\" \/>\n<meta property=\"og:type\" content=\"article\" \/>\n<meta property=\"og:title\" content=\"USB-C Kabel med On\/Off Switch \u2022 RaspberryPi.dk\" \/>\n<meta property=\"og:description\" content=\"En super hendig bryterkabel til Raspberry Pi 4 som eliminerer behovet for \u00e5 koble USB-C-kontakten fra Raspberry Pi (eller rote med stikkontakter \/ plugger) hver gang du sl\u00e5r den p\u00e5 \/ av.\" \/>\n<meta property=\"og:url\" content=\"https:\/\/raspberrypi.dk\/no\/produkt\/usb-c-kabel-med-on-off-switch\/\" \/>\n<meta property=\"og:site_name\" content=\"RaspberryPi.dk\" \/>\n<meta property=\"article:publisher\" content=\"https:\/\/facebook.com\/RaspberryPiDanmark\" \/>\n<meta property=\"article:modified_time\" content=\"2026-03-21T20:56:11+00:00\" \/>\n<meta property=\"og:image\" content=\"https:\/\/raspberrypi.dk\/wp-content\/uploads\/2020\/09\/usb-c-kabel-on-off-switch.jpg\" \/>\n\t<meta property=\"og:image:width\" content=\"500\" \/>\n\t<meta property=\"og:image:height\" content=\"500\" \/>\n\t<meta property=\"og:image:type\" content=\"image\/jpeg\" \/>\n<meta name=\"twitter:card\" content=\"summary_large_image\" \/>\n<meta name=\"twitter:site\" content=\"@raspberrypidk\" \/>\n<meta name=\"twitter:label1\" content=\"Ansl. lesetid\" \/>\n\t<meta name=\"twitter:data1\" content=\"2 minutter\" \/>\n<script type=\"application\/ld+json\" class=\"yoast-schema-graph\">{\"@context\":\"https:\/\/schema.org\",\"@graph\":[{\"@type\":\"WebPage\",\"@id\":\"https:\/\/raspberrypi.dk\/no\/produkt\/usb-c-kabel-med-on-off-switch\/\",\"url\":\"https:\/\/raspberrypi.dk\/no\/produkt\/usb-c-kabel-med-on-off-switch\/\",\"name\":\"USB-C Kabel med On\/Off Switch \u2022 RaspberryPi.dk\",\"isPartOf\":{\"@id\":\"https:\/\/raspberrypi.dk\/no\/#website\"},\"primaryImageOfPage\":{\"@id\":\"https:\/\/raspberrypi.dk\/no\/produkt\/usb-c-kabel-med-on-off-switch\/#primaryimage\"},\"image\":{\"@id\":\"https:\/\/raspberrypi.dk\/no\/produkt\/usb-c-kabel-med-on-off-switch\/#primaryimage\"},\"thumbnailUrl\":\"https:\/\/raspberrypi.dk\/wp-content\/uploads\/2020\/09\/usb-c-kabel-on-off-switch.jpg\",\"datePublished\":\"2020-09-01T08:44:30+00:00\",\"dateModified\":\"2026-03-21T20:56:11+00:00\",\"breadcrumb\":{\"@id\":\"https:\/\/raspberrypi.dk\/no\/produkt\/usb-c-kabel-med-on-off-switch\/#breadcrumb\"},\"inLanguage\":\"nb-NO\",\"potentialAction\":[{\"@type\":\"ReadAction\",\"target\":[\"https:\/\/raspberrypi.dk\/no\/produkt\/usb-c-kabel-med-on-off-switch\/\"]}]},{\"@type\":\"ImageObject\",\"inLanguage\":\"nb-NO\",\"@id\":\"https:\/\/raspberrypi.dk\/no\/produkt\/usb-c-kabel-med-on-off-switch\/#primaryimage\",\"url\":\"https:\/\/raspberrypi.dk\/wp-content\/uploads\/2020\/09\/usb-c-kabel-on-off-switch.jpg\",\"contentUrl\":\"https:\/\/raspberrypi.dk\/wp-content\/uploads\/2020\/09\/usb-c-kabel-on-off-switch.jpg\",\"width\":500,\"height\":500},{\"@type\":\"BreadcrumbList\",\"@id\":\"https:\/\/raspberrypi.dk\/no\/produkt\/usb-c-kabel-med-on-off-switch\/#breadcrumb\",\"itemListElement\":[{\"@type\":\"ListItem\",\"position\":1,\"name\":\"Hjem\",\"item\":\"https:\/\/raspberrypi.dk\/no\/raspberry-pi-nettbutikk\/\"},{\"@type\":\"ListItem\",\"position\":2,\"name\":\"Shop\",\"item\":\"https:\/\/raspberrypi.dk\/no\/shop-2\/\"},{\"@type\":\"ListItem\",\"position\":3,\"name\":\"USB-C Kabel med On\/Off Switch\"}]},{\"@type\":\"WebSite\",\"@id\":\"https:\/\/raspberrypi.dk\/no\/#website\",\"url\":\"https:\/\/raspberrypi.dk\/no\/\",\"name\":\"RaspberryPi.dk\",\"description\":\"Danmarks f\u00f8rende Raspberry Pi side!\",\"publisher\":{\"@id\":\"https:\/\/raspberrypi.dk\/no\/#organization\"},\"potentialAction\":[{\"@type\":\"SearchAction\",\"target\":{\"@type\":\"EntryPoint\",\"urlTemplate\":\"https:\/\/raspberrypi.dk\/no\/?s={search_term_string}\"},\"query-input\":{\"@type\":\"PropertyValueSpecification\",\"valueRequired\":true,\"valueName\":\"search_term_string\"}}],\"inLanguage\":\"nb-NO\"},{\"@type\":\"Organization\",\"@id\":\"https:\/\/raspberrypi.dk\/no\/#organization\",\"name\":\"RaspberryPi.dk\",\"url\":\"https:\/\/raspberrypi.dk\/no\/\",\"logo\":{\"@type\":\"ImageObject\",\"inLanguage\":\"nb-NO\",\"@id\":\"https:\/\/raspberrypi.dk\/no\/#\/schema\/logo\/image\/\",\"url\":\"https:\/\/raspberrypi.dk\/wp-content\/uploads\/2017\/05\/RaspberryPidk_logo-2.png\",\"contentUrl\":\"https:\/\/raspberrypi.dk\/wp-content\/uploads\/2017\/05\/RaspberryPidk_logo-2.png\",\"width\":470,\"height\":110,\"caption\":\"RaspberryPi.dk\"},\"image\":{\"@id\":\"https:\/\/raspberrypi.dk\/no\/#\/schema\/logo\/image\/\"},\"sameAs\":[\"https:\/\/facebook.com\/RaspberryPiDanmark\",\"https:\/\/x.com\/raspberrypidk\",\"https:\/\/instagram.com\/raspberrypi.dk\"]}]}<\/script>\n<!-- \/ Yoast SEO plugin. -->","yoast_head_json":{"title":"USB-C Kabel med On\/Off Switch \u2022 RaspberryPi.dk","robots":{"index":"index","follow":"follow","max-snippet":"max-snippet:-1","max-image-preview":"max-image-preview:large","max-video-preview":"max-video-preview:-1"},"canonical":"https:\/\/raspberrypi.dk\/no\/produkt\/usb-c-kabel-med-on-off-switch\/","og_locale":"nb_NO","og_type":"article","og_title":"USB-C Kabel med On\/Off Switch \u2022 RaspberryPi.dk","og_description":"En super hendig bryterkabel til Raspberry Pi 4 som eliminerer behovet for \u00e5 koble USB-C-kontakten fra Raspberry Pi (eller rote med stikkontakter \/ plugger) hver gang du sl\u00e5r den p\u00e5 \/ av.","og_url":"https:\/\/raspberrypi.dk\/no\/produkt\/usb-c-kabel-med-on-off-switch\/","og_site_name":"RaspberryPi.dk","article_publisher":"https:\/\/facebook.com\/RaspberryPiDanmark","article_modified_time":"2026-03-21T20:56:11+00:00","og_image":[{"width":500,"height":500,"url":"https:\/\/raspberrypi.dk\/wp-content\/uploads\/2020\/09\/usb-c-kabel-on-off-switch.jpg","type":"image\/jpeg"}],"twitter_card":"summary_large_image","twitter_site":"@raspberrypidk","twitter_misc":{"Ansl. lesetid":"2 minutter"},"schema":{"@context":"https:\/\/schema.org","@graph":[{"@type":"WebPage","@id":"https:\/\/raspberrypi.dk\/no\/produkt\/usb-c-kabel-med-on-off-switch\/","url":"https:\/\/raspberrypi.dk\/no\/produkt\/usb-c-kabel-med-on-off-switch\/","name":"USB-C Kabel med On\/Off Switch \u2022 RaspberryPi.dk","isPartOf":{"@id":"https:\/\/raspberrypi.dk\/no\/#website"},"primaryImageOfPage":{"@id":"https:\/\/raspberrypi.dk\/no\/produkt\/usb-c-kabel-med-on-off-switch\/#primaryimage"},"image":{"@id":"https:\/\/raspberrypi.dk\/no\/produkt\/usb-c-kabel-med-on-off-switch\/#primaryimage"},"thumbnailUrl":"https:\/\/raspberrypi.dk\/wp-content\/uploads\/2020\/09\/usb-c-kabel-on-off-switch.jpg","datePublished":"2020-09-01T08:44:30+00:00","dateModified":"2026-03-21T20:56:11+00:00","breadcrumb":{"@id":"https:\/\/raspberrypi.dk\/no\/produkt\/usb-c-kabel-med-on-off-switch\/#breadcrumb"},"inLanguage":"nb-NO","potentialAction":[{"@type":"ReadAction","target":["https:\/\/raspberrypi.dk\/no\/produkt\/usb-c-kabel-med-on-off-switch\/"]}]},{"@type":"ImageObject","inLanguage":"nb-NO","@id":"https:\/\/raspberrypi.dk\/no\/produkt\/usb-c-kabel-med-on-off-switch\/#primaryimage","url":"https:\/\/raspberrypi.dk\/wp-content\/uploads\/2020\/09\/usb-c-kabel-on-off-switch.jpg","contentUrl":"https:\/\/raspberrypi.dk\/wp-content\/uploads\/2020\/09\/usb-c-kabel-on-off-switch.jpg","width":500,"height":500},{"@type":"BreadcrumbList","@id":"https:\/\/raspberrypi.dk\/no\/produkt\/usb-c-kabel-med-on-off-switch\/#breadcrumb","itemListElement":[{"@type":"ListItem","position":1,"name":"Hjem","item":"https:\/\/raspberrypi.dk\/no\/raspberry-pi-nettbutikk\/"},{"@type":"ListItem","position":2,"name":"Shop","item":"https:\/\/raspberrypi.dk\/no\/shop-2\/"},{"@type":"ListItem","position":3,"name":"USB-C Kabel med On\/Off Switch"}]},{"@type":"WebSite","@id":"https:\/\/raspberrypi.dk\/no\/#website","url":"https:\/\/raspberrypi.dk\/no\/","name":"RaspberryPi.dk","description":"Danmarks f\u00f8rende Raspberry Pi side!","publisher":{"@id":"https:\/\/raspberrypi.dk\/no\/#organization"},"potentialAction":[{"@type":"SearchAction","target":{"@type":"EntryPoint","urlTemplate":"https:\/\/raspberrypi.dk\/no\/?s={search_term_string}"},"query-input":{"@type":"PropertyValueSpecification","valueRequired":true,"valueName":"search_term_string"}}],"inLanguage":"nb-NO"},{"@type":"Organization","@id":"https:\/\/raspberrypi.dk\/no\/#organization","name":"RaspberryPi.dk","url":"https:\/\/raspberrypi.dk\/no\/","logo":{"@type":"ImageObject","inLanguage":"nb-NO","@id":"https:\/\/raspberrypi.dk\/no\/#\/schema\/logo\/image\/","url":"https:\/\/raspberrypi.dk\/wp-content\/uploads\/2017\/05\/RaspberryPidk_logo-2.png","contentUrl":"https:\/\/raspberrypi.dk\/wp-content\/uploads\/2017\/05\/RaspberryPidk_logo-2.png","width":470,"height":110,"caption":"RaspberryPi.dk"},"image":{"@id":"https:\/\/raspberrypi.dk\/no\/#\/schema\/logo\/image\/"},"sameAs":["https:\/\/facebook.com\/RaspberryPiDanmark","https:\/\/x.com\/raspberrypidk","https:\/\/instagram.com\/raspberrypi.dk"]}]}},"_links":{"self":[{"href":"https:\/\/raspberrypi.dk\/no\/wp-json\/wp\/v2\/product\/131922","targetHints":{"allow":["GET"]}}],"collection":[{"href":"https:\/\/raspberrypi.dk\/no\/wp-json\/wp\/v2\/product"}],"about":[{"href":"https:\/\/raspberrypi.dk\/no\/wp-json\/wp\/v2\/types\/product"}],"replies":[{"embeddable":true,"href":"https:\/\/raspberrypi.dk\/no\/wp-json\/wp\/v2\/comments?post=131922"}],"wp:featuredmedia":[{"embeddable":true,"href":"https:\/\/raspberrypi.dk\/no\/wp-json\/wp\/v2\/media\/131924"}],"wp:attachment":[{"href":"https:\/\/raspberrypi.dk\/no\/wp-json\/wp\/v2\/media?parent=131922"}],"wp:term":[{"taxonomy":"product_brand","embeddable":true,"href":"https:\/\/raspberrypi.dk\/no\/wp-json\/wp\/v2\/product_brand?post=131922"},{"taxonomy":"product_cat","embeddable":true,"href":"https:\/\/raspberrypi.dk\/no\/wp-json\/wp\/v2\/product_cat?post=131922"},{"taxonomy":"product_tag","embeddable":true,"href":"https:\/\/raspberrypi.dk\/no\/wp-json\/wp\/v2\/product_tag?post=131922"}],"curies":[{"name":"wp","href":"https:\/\/api.w.org\/{rel}","templated":true}]}}