{"id":131930,"date":"2020-07-07T14:19:28","date_gmt":"2020-07-07T12:19:28","guid":{"rendered":"https:\/\/raspberrypi.dk\/produkt\/officiel-raspberry-pi-mus\/"},"modified":"2026-03-15T17:05:15","modified_gmt":"2026-03-15T16:05:15","slug":"officiel-raspberry-pi-mus","status":"publish","type":"product","link":"https:\/\/raspberrypi.dk\/no\/produkt\/officiel-raspberry-pi-mus\/","title":{"rendered":"Offisiell Raspberry Pi Mus"},"content":{"rendered":"<p><strong>Spesifikasjoner<\/strong><\/p>\n<p>Den offisielle Raspberry Pi-musen er en optisk mus med tre knapper som kobles via en USB Type A-kontakt enten til en av USB-portene p\u00e5 tastaturet eller direkte til en kompatibel datamaskin.<\/p>\n<ul>\n<li>Tre-knappers optisk mus<\/li>\n<li>Scroll-wheel<\/li>\n<li>USB-type A<\/li>\n<li>Ergonomisk design for behagelig bruk<\/li>\n<li>Kabel lengde: 105cm<\/li>\n<li>Kompatibel med alle Raspberry Pi-produkter<\/li>\n<\/ul>\n<p><strong>Getting started<\/strong><\/p>\n<p>Den offisielle musen har tre knapper som aktiverer mikrobrytere av h\u00f8y kvalitet. Hjulet er for rask scrolling n\u00e5r du blar gjennom dokumenter og websider.<\/p>\n<p>Plasser alltid musen p\u00e5 en flat, stabil overflate mens du bruker den. Musen oppdager optisk bevegelse p\u00e5 overflaten den er plassert p\u00e5. P\u00e5 uovertruffen overflater, f.eks. Bordplater av PVC eller akryl, kan musen ikke oppdage bevegelse. Dersom du arbeider p\u00e5 en slik overflate, m\u00e5 du bruke en musematte.<\/p>\n<p><img decoding=\"async\" class=\"aligncenter size-full wp-image-131932\" src=\"https:\/\/raspberrypi.dk\/wp-content\/uploads\/2020\/07\/Getting-started-Image-3-500x377-1.jpg\" alt=\"\" width=\"500\" height=\"377\" srcset=\"https:\/\/raspberrypi.dk\/wp-content\/uploads\/2020\/07\/Getting-started-Image-3-500x377-1.jpg 500w, https:\/\/raspberrypi.dk\/wp-content\/uploads\/2020\/07\/Getting-started-Image-3-500x377-1-24x18.jpg 24w, https:\/\/raspberrypi.dk\/wp-content\/uploads\/2020\/07\/Getting-started-Image-3-500x377-1-36x27.jpg 36w, https:\/\/raspberrypi.dk\/wp-content\/uploads\/2020\/07\/Getting-started-Image-3-500x377-1-48x36.jpg 48w, https:\/\/raspberrypi.dk\/wp-content\/uploads\/2020\/07\/Getting-started-Image-3-500x377-1-457x345.jpg 457w\" sizes=\"(max-width: 500px) 100vw, 500px\" \/><\/p>\n<p>Dette er konfigurasjonen vi anbefaler \u00e5 bruke Raspberry Pi, det offisielle tastaturet og huben, samt den offisielle musen din sammen. Tastaturet s\u00f8rger for enkel tilgang til USB-stasjonen, og musekabelen er ryddig, mens den er lang nok til at du kan bruke musen p\u00e5 venstre eller h\u00f8yre h\u00e5nd.<\/p>\n<p>Merk: Det er viktig at str\u00f8mforsyningen er koblet til Raspberry Pi og tastaturet er koblet til Raspberry Pi. Hvis str\u00f8mforsyningen er koblet til tastaturet og Raspberry Pi f\u00e5r str\u00f8m via tastaturet, fungerer ikke tastaturet som det skal.<\/p>\n<p><img decoding=\"async\" class=\"aligncenter size-medium wp-image-131933\" src=\"https:\/\/raspberrypi.dk\/wp-content\/uploads\/2020\/07\/Getting-started-Image-4-500x591-2-423x500.jpg\" alt=\"\" width=\"423\" height=\"500\" srcset=\"https:\/\/raspberrypi.dk\/wp-content\/uploads\/2020\/07\/Getting-started-Image-4-500x591-2-423x500.jpg 423w, https:\/\/raspberrypi.dk\/wp-content\/uploads\/2020\/07\/Getting-started-Image-4-500x591-2-20x24.jpg 20w, https:\/\/raspberrypi.dk\/wp-content\/uploads\/2020\/07\/Getting-started-Image-4-500x591-2-30x36.jpg 30w, https:\/\/raspberrypi.dk\/wp-content\/uploads\/2020\/07\/Getting-started-Image-4-500x591-2-41x48.jpg 41w, https:\/\/raspberrypi.dk\/wp-content\/uploads\/2020\/07\/Getting-started-Image-4-500x591-2-457x540.jpg 457w, https:\/\/raspberrypi.dk\/wp-content\/uploads\/2020\/07\/Getting-started-Image-4-500x591-2.jpg 500w\" sizes=\"(max-width: 423px) 100vw, 423px\" \/><\/p>\n<p><strong>Dokumenter<\/strong><\/p>\n<ul>\n<li><a href=\"https:\/\/www.raspberrypi.org\/app\/uploads\/2019\/04\/Getting-started-with-the-Raspberry-Pi-Keyboard-and-Mouse.pdf\">Download our guide to using the Raspberry Pi mouse<\/a><\/li>\n<li><a href=\"https:\/\/www.raspberrypi.org\/app\/uploads\/2019\/04\/Product-Brief-Raspberry-Pi-Keyboard-and-Mouse.pdf\">Raspberry Pi keyboard and mouse \u2013\u00a0product brief<\/a><\/li>\n<li><a href=\"https:\/\/www.raspberrypi.org\/documentation\/hardware\/keyboard_mouse\/mechanical\/rpi_MECH_keyboard_mouse.pdf\">Raspberry Pi keyboard and mouse \u2013\u00a0mechanical drawing<\/a><\/li>\n<\/ul>\n","protected":false},"excerpt":{"rendered":"<p>Den officielle Raspberry Pi mus. Tilgjengelig i r\u00f8d\/hvit eller svart\/gr\u00e5.<\/p>\n","protected":false},"featured_media":131931,"comment_status":"open","ping_status":"closed","template":"","meta":[],"product_brand":[],"product_cat":[606],"product_tag":[717,703],"class_list":{"0":"post-131930","1":"product","2":"type-product","3":"status-publish","4":"has-post-thumbnail","6":"product_cat-raspberry-pi-usb-tilbehor-no","7":"product_tag-rpi4-no","8":"product_tag-rpi5-no","10":"first","11":"instock","12":"taxable","13":"shipping-taxable","14":"purchasable","15":"product-type-variable","16":"has-default-attributes"},"composite_virtual":false,"composite_layout":"","composite_add_to_cart_form_location":"","composite_editable_in_cart":false,"composite_sold_individually_context":"","composite_shop_price_calc":"","composite_components":[],"composite_scenarios":[],"bundled_by":[],"bundle_stock_status":"instock","bundle_stock_quantity":null,"bundle_virtual":false,"bundle_layout":"","bundle_add_to_cart_form_location":"","bundle_editable_in_cart":false,"bundle_sold_individually_context":"","bundle_item_grouping":"","bundle_min_size":"","bundle_max_size":"","bundle_price":[],"bundled_items":[],"bundle_sell_ids":[],"yoast_head":"<!-- This site is optimized with the Yoast SEO plugin v27.1.1 - https:\/\/yoast.com\/product\/yoast-seo-wordpress\/ -->\n<title>Offisiell Raspberry Pi Mus \u2022 RaspberryPi.dk<\/title>\n<meta name=\"robots\" content=\"index, follow, max-snippet:-1, max-image-preview:large, max-video-preview:-1\" \/>\n<link rel=\"canonical\" href=\"https:\/\/raspberrypi.dk\/no\/produkt\/officiel-raspberry-pi-mus\/\" \/>\n<meta property=\"og:locale\" content=\"nb_NO\" \/>\n<meta property=\"og:type\" content=\"article\" \/>\n<meta property=\"og:title\" content=\"Offisiell Raspberry Pi Mus \u2022 RaspberryPi.dk\" \/>\n<meta property=\"og:description\" content=\"Den officielle Raspberry Pi mus. Tilgjengelig i r\u00f8d\/hvit eller svart\/gr\u00e5.\" \/>\n<meta property=\"og:url\" content=\"https:\/\/raspberrypi.dk\/no\/produkt\/officiel-raspberry-pi-mus\/\" \/>\n<meta property=\"og:site_name\" content=\"RaspberryPi.dk\" \/>\n<meta property=\"article:publisher\" content=\"https:\/\/facebook.com\/RaspberryPiDanmark\" \/>\n<meta property=\"article:modified_time\" content=\"2026-03-15T16:05:15+00:00\" \/>\n<meta property=\"og:image\" content=\"https:\/\/raspberrypi.dk\/wp-content\/uploads\/2020\/07\/raspberry-pi-mouse.jpg\" \/>\n\t<meta property=\"og:image:width\" content=\"500\" \/>\n\t<meta property=\"og:image:height\" content=\"500\" \/>\n\t<meta property=\"og:image:type\" content=\"image\/jpeg\" \/>\n<meta name=\"twitter:card\" content=\"summary_large_image\" \/>\n<meta name=\"twitter:site\" content=\"@raspberrypidk\" \/>\n<meta name=\"twitter:label1\" content=\"Ansl. lesetid\" \/>\n\t<meta name=\"twitter:data1\" content=\"2 minutter\" \/>\n<script type=\"application\/ld+json\" class=\"yoast-schema-graph\">{\"@context\":\"https:\/\/schema.org\",\"@graph\":[{\"@type\":\"WebPage\",\"@id\":\"https:\/\/raspberrypi.dk\/no\/produkt\/officiel-raspberry-pi-mus\/\",\"url\":\"https:\/\/raspberrypi.dk\/no\/produkt\/officiel-raspberry-pi-mus\/\",\"name\":\"Offisiell Raspberry Pi Mus \u2022 RaspberryPi.dk\",\"isPartOf\":{\"@id\":\"https:\/\/raspberrypi.dk\/no\/#website\"},\"primaryImageOfPage\":{\"@id\":\"https:\/\/raspberrypi.dk\/no\/produkt\/officiel-raspberry-pi-mus\/#primaryimage\"},\"image\":{\"@id\":\"https:\/\/raspberrypi.dk\/no\/produkt\/officiel-raspberry-pi-mus\/#primaryimage\"},\"thumbnailUrl\":\"https:\/\/raspberrypi.dk\/wp-content\/uploads\/2020\/07\/raspberry-pi-mouse.jpg\",\"datePublished\":\"2020-07-07T12:19:28+00:00\",\"dateModified\":\"2026-03-15T16:05:15+00:00\",\"breadcrumb\":{\"@id\":\"https:\/\/raspberrypi.dk\/no\/produkt\/officiel-raspberry-pi-mus\/#breadcrumb\"},\"inLanguage\":\"nb-NO\",\"potentialAction\":[{\"@type\":\"ReadAction\",\"target\":[\"https:\/\/raspberrypi.dk\/no\/produkt\/officiel-raspberry-pi-mus\/\"]}]},{\"@type\":\"ImageObject\",\"inLanguage\":\"nb-NO\",\"@id\":\"https:\/\/raspberrypi.dk\/no\/produkt\/officiel-raspberry-pi-mus\/#primaryimage\",\"url\":\"https:\/\/raspberrypi.dk\/wp-content\/uploads\/2020\/07\/raspberry-pi-mouse.jpg\",\"contentUrl\":\"https:\/\/raspberrypi.dk\/wp-content\/uploads\/2020\/07\/raspberry-pi-mouse.jpg\",\"width\":500,\"height\":500},{\"@type\":\"BreadcrumbList\",\"@id\":\"https:\/\/raspberrypi.dk\/no\/produkt\/officiel-raspberry-pi-mus\/#breadcrumb\",\"itemListElement\":[{\"@type\":\"ListItem\",\"position\":1,\"name\":\"Hjem\",\"item\":\"https:\/\/raspberrypi.dk\/no\/raspberry-pi-nettbutikk\/\"},{\"@type\":\"ListItem\",\"position\":2,\"name\":\"Shop\",\"item\":\"https:\/\/raspberrypi.dk\/no\/shop-2\/\"},{\"@type\":\"ListItem\",\"position\":3,\"name\":\"Offisiell Raspberry Pi Mus\"}]},{\"@type\":\"WebSite\",\"@id\":\"https:\/\/raspberrypi.dk\/no\/#website\",\"url\":\"https:\/\/raspberrypi.dk\/no\/\",\"name\":\"RaspberryPi.dk\",\"description\":\"Danmarks f\u00f8rende Raspberry Pi side!\",\"publisher\":{\"@id\":\"https:\/\/raspberrypi.dk\/no\/#organization\"},\"potentialAction\":[{\"@type\":\"SearchAction\",\"target\":{\"@type\":\"EntryPoint\",\"urlTemplate\":\"https:\/\/raspberrypi.dk\/no\/?s={search_term_string}\"},\"query-input\":{\"@type\":\"PropertyValueSpecification\",\"valueRequired\":true,\"valueName\":\"search_term_string\"}}],\"inLanguage\":\"nb-NO\"},{\"@type\":\"Organization\",\"@id\":\"https:\/\/raspberrypi.dk\/no\/#organization\",\"name\":\"RaspberryPi.dk\",\"url\":\"https:\/\/raspberrypi.dk\/no\/\",\"logo\":{\"@type\":\"ImageObject\",\"inLanguage\":\"nb-NO\",\"@id\":\"https:\/\/raspberrypi.dk\/no\/#\/schema\/logo\/image\/\",\"url\":\"https:\/\/raspberrypi.dk\/wp-content\/uploads\/2017\/05\/RaspberryPidk_logo-2.png\",\"contentUrl\":\"https:\/\/raspberrypi.dk\/wp-content\/uploads\/2017\/05\/RaspberryPidk_logo-2.png\",\"width\":470,\"height\":110,\"caption\":\"RaspberryPi.dk\"},\"image\":{\"@id\":\"https:\/\/raspberrypi.dk\/no\/#\/schema\/logo\/image\/\"},\"sameAs\":[\"https:\/\/facebook.com\/RaspberryPiDanmark\",\"https:\/\/x.com\/raspberrypidk\",\"https:\/\/instagram.com\/raspberrypi.dk\"]}]}<\/script>\n<!-- \/ Yoast SEO plugin. -->","yoast_head_json":{"title":"Offisiell Raspberry Pi Mus \u2022 RaspberryPi.dk","robots":{"index":"index","follow":"follow","max-snippet":"max-snippet:-1","max-image-preview":"max-image-preview:large","max-video-preview":"max-video-preview:-1"},"canonical":"https:\/\/raspberrypi.dk\/no\/produkt\/officiel-raspberry-pi-mus\/","og_locale":"nb_NO","og_type":"article","og_title":"Offisiell Raspberry Pi Mus \u2022 RaspberryPi.dk","og_description":"Den officielle Raspberry Pi mus. Tilgjengelig i r\u00f8d\/hvit eller svart\/gr\u00e5.","og_url":"https:\/\/raspberrypi.dk\/no\/produkt\/officiel-raspberry-pi-mus\/","og_site_name":"RaspberryPi.dk","article_publisher":"https:\/\/facebook.com\/RaspberryPiDanmark","article_modified_time":"2026-03-15T16:05:15+00:00","og_image":[{"width":500,"height":500,"url":"https:\/\/raspberrypi.dk\/wp-content\/uploads\/2020\/07\/raspberry-pi-mouse.jpg","type":"image\/jpeg"}],"twitter_card":"summary_large_image","twitter_site":"@raspberrypidk","twitter_misc":{"Ansl. lesetid":"2 minutter"},"schema":{"@context":"https:\/\/schema.org","@graph":[{"@type":"WebPage","@id":"https:\/\/raspberrypi.dk\/no\/produkt\/officiel-raspberry-pi-mus\/","url":"https:\/\/raspberrypi.dk\/no\/produkt\/officiel-raspberry-pi-mus\/","name":"Offisiell Raspberry Pi Mus \u2022 RaspberryPi.dk","isPartOf":{"@id":"https:\/\/raspberrypi.dk\/no\/#website"},"primaryImageOfPage":{"@id":"https:\/\/raspberrypi.dk\/no\/produkt\/officiel-raspberry-pi-mus\/#primaryimage"},"image":{"@id":"https:\/\/raspberrypi.dk\/no\/produkt\/officiel-raspberry-pi-mus\/#primaryimage"},"thumbnailUrl":"https:\/\/raspberrypi.dk\/wp-content\/uploads\/2020\/07\/raspberry-pi-mouse.jpg","datePublished":"2020-07-07T12:19:28+00:00","dateModified":"2026-03-15T16:05:15+00:00","breadcrumb":{"@id":"https:\/\/raspberrypi.dk\/no\/produkt\/officiel-raspberry-pi-mus\/#breadcrumb"},"inLanguage":"nb-NO","potentialAction":[{"@type":"ReadAction","target":["https:\/\/raspberrypi.dk\/no\/produkt\/officiel-raspberry-pi-mus\/"]}]},{"@type":"ImageObject","inLanguage":"nb-NO","@id":"https:\/\/raspberrypi.dk\/no\/produkt\/officiel-raspberry-pi-mus\/#primaryimage","url":"https:\/\/raspberrypi.dk\/wp-content\/uploads\/2020\/07\/raspberry-pi-mouse.jpg","contentUrl":"https:\/\/raspberrypi.dk\/wp-content\/uploads\/2020\/07\/raspberry-pi-mouse.jpg","width":500,"height":500},{"@type":"BreadcrumbList","@id":"https:\/\/raspberrypi.dk\/no\/produkt\/officiel-raspberry-pi-mus\/#breadcrumb","itemListElement":[{"@type":"ListItem","position":1,"name":"Hjem","item":"https:\/\/raspberrypi.dk\/no\/raspberry-pi-nettbutikk\/"},{"@type":"ListItem","position":2,"name":"Shop","item":"https:\/\/raspberrypi.dk\/no\/shop-2\/"},{"@type":"ListItem","position":3,"name":"Offisiell Raspberry Pi Mus"}]},{"@type":"WebSite","@id":"https:\/\/raspberrypi.dk\/no\/#website","url":"https:\/\/raspberrypi.dk\/no\/","name":"RaspberryPi.dk","description":"Danmarks f\u00f8rende Raspberry Pi side!","publisher":{"@id":"https:\/\/raspberrypi.dk\/no\/#organization"},"potentialAction":[{"@type":"SearchAction","target":{"@type":"EntryPoint","urlTemplate":"https:\/\/raspberrypi.dk\/no\/?s={search_term_string}"},"query-input":{"@type":"PropertyValueSpecification","valueRequired":true,"valueName":"search_term_string"}}],"inLanguage":"nb-NO"},{"@type":"Organization","@id":"https:\/\/raspberrypi.dk\/no\/#organization","name":"RaspberryPi.dk","url":"https:\/\/raspberrypi.dk\/no\/","logo":{"@type":"ImageObject","inLanguage":"nb-NO","@id":"https:\/\/raspberrypi.dk\/no\/#\/schema\/logo\/image\/","url":"https:\/\/raspberrypi.dk\/wp-content\/uploads\/2017\/05\/RaspberryPidk_logo-2.png","contentUrl":"https:\/\/raspberrypi.dk\/wp-content\/uploads\/2017\/05\/RaspberryPidk_logo-2.png","width":470,"height":110,"caption":"RaspberryPi.dk"},"image":{"@id":"https:\/\/raspberrypi.dk\/no\/#\/schema\/logo\/image\/"},"sameAs":["https:\/\/facebook.com\/RaspberryPiDanmark","https:\/\/x.com\/raspberrypidk","https:\/\/instagram.com\/raspberrypi.dk"]}]}},"_links":{"self":[{"href":"https:\/\/raspberrypi.dk\/no\/wp-json\/wp\/v2\/product\/131930","targetHints":{"allow":["GET"]}}],"collection":[{"href":"https:\/\/raspberrypi.dk\/no\/wp-json\/wp\/v2\/product"}],"about":[{"href":"https:\/\/raspberrypi.dk\/no\/wp-json\/wp\/v2\/types\/product"}],"replies":[{"embeddable":true,"href":"https:\/\/raspberrypi.dk\/no\/wp-json\/wp\/v2\/comments?post=131930"}],"wp:featuredmedia":[{"embeddable":true,"href":"https:\/\/raspberrypi.dk\/no\/wp-json\/wp\/v2\/media\/131931"}],"wp:attachment":[{"href":"https:\/\/raspberrypi.dk\/no\/wp-json\/wp\/v2\/media?parent=131930"}],"wp:term":[{"taxonomy":"product_brand","embeddable":true,"href":"https:\/\/raspberrypi.dk\/no\/wp-json\/wp\/v2\/product_brand?post=131930"},{"taxonomy":"product_cat","embeddable":true,"href":"https:\/\/raspberrypi.dk\/no\/wp-json\/wp\/v2\/product_cat?post=131930"},{"taxonomy":"product_tag","embeddable":true,"href":"https:\/\/raspberrypi.dk\/no\/wp-json\/wp\/v2\/product_tag?post=131930"}],"curies":[{"name":"wp","href":"https:\/\/api.w.org\/{rel}","templated":true}]}}