{"id":131950,"date":"2020-07-01T12:52:46","date_gmt":"2020-07-01T10:52:46","guid":{"rendered":"https:\/\/raspberrypi.dk\/produkt\/google-aiy-voice-kit-v2-til-raspberry-pi\/"},"modified":"2020-07-01T12:52:46","modified_gmt":"2020-07-01T10:52:46","slug":"google-aiy-voice-kit-v2-til-raspberry-pi","status":"publish","type":"product","link":"https:\/\/raspberrypi.dk\/no\/produkt\/google-aiy-voice-kit-v2-til-raspberry-pi\/","title":{"rendered":"Google AIY Voice Kit v2 til Raspberry Pi"},"content":{"rendered":"<p>Trenger du veibeskrivelse til din n\u00e6rmeste take away? Eller kanskje du vil  sende en hands-free e-post? Kanskje vil du bare vite hvordan v\u00e6ret er i Timbuktu..? Sp\u00f8r den lille vennen din &#8211; Google AIY Voice Kit V2!<\/p>\n<p>Denne oppdaterte versjon 2 av Google AIY Voice Kit inneholder n\u00e5 en Raspberry Pi Zero WH-datamaskin og et forh\u00e5ndslastet microSD-kort &#8211; alt du trenger for \u00e5 lage din egen smarte hjemmeassistent! Ingen lodding er n\u00f8dvendig, og du kan til og med konfigurere den ved hjelp av en Android-nettbrett eller telefon hvis du ikke vil bruke kommandolinjeverkt\u00f8y.<\/p>\n<p>Google AIY-prosjekter bringer gj\u00f8r-det-selv kunstig intelligens til produksjonsprosjektene dine. Med dette AIY Voice Kit fra Google kan du bygge en frittst\u00e5ende Google Assistant smarth\u00f8yttaler eller legge til stemmegjenkjenning og naturlig spr\u00e5kbehandling til dine Raspberry Pi-baserte prosjekter. Settet inneholder alle komponentene som trengs for \u00e5 montere det grunnleggende settet som fungerer med Google Assistant SDK, samt talegjenkjenning p\u00e5 enheten med TensorFlow.<\/p>\n<p>Dette er et flott helgeprosjekt og det tar kun et par timer \u00e5 montere og konfigurere. Vipps, s\u00e5 har du din egen hackbare stemmeassistent!<\/p>\n<p>Tjekk <a href=\"https:\/\/play.google.com\/store\/apps\/details?id=com.google.android.apps.aiy&amp;hl=en_US\">Googles AIY-veiviser-app til Android<\/a> (og snart iOS og Chrome) for tr\u00e5dl\u00f8st oppsett og konfigurasjon.<\/p>\n<p><strong>Merk!<\/strong> Settet inneholder ikke str\u00f8mforsyning.<\/p>\n<p><strong>Kittet inneholder:<\/strong><\/p>\n<ul>\n<li>Voice Bonnet version 2<\/li>\n<li><a href=\"https:\/\/raspberrypi.dk\/produkt\/raspberry-pi-zero-wh-paaloddet-header\/\">Raspberry Pi Zero WH<\/a><\/li>\n<li>Speaker<\/li>\n<li>Micro SD card<\/li>\n<li>Push button<\/li>\n<li>Button nut<\/li>\n<li>Button harness<\/li>\n<li>Standoffs<\/li>\n<li>Micro USB cable<\/li>\n<li>Speaker box cardboard<\/li>\n<li>Internal frame cardboard<\/li>\n<\/ul>\n<p><strong>Materialer:<\/strong><\/p>\n<ul>\n<li><a href=\"https:\/\/developers.google.com\/assistant\/sdk\/\" target=\"_blank\" rel=\"noopener noreferrer\">Google Assistant SDK guides<\/a><\/li>\n<li><a href=\"https:\/\/github.com\/google\/aiyprojects-raspbian\/releases\" target=\"_blank\" rel=\"noopener noreferrer\">Voice Kit SD image<\/a><\/li>\n<li><a href=\"https:\/\/aiyprojects.withgoogle.com\/voice\/#assembly-guide\">Assembly Guide<\/a><\/li>\n<li><a href=\"https:\/\/aiyprojects.withgoogle.com\/voice\/#makers-guide\">Maker&#8217;s Guide<\/a><\/li>\n<\/ul>\n","protected":false},"excerpt":{"rendered":"<p>Med Google AIY Voice Kit v2 for Raspberry Pi kan du bygge din egen AI-hjelper!<\/p>\n<p><strong>P\u00e5 lager:<\/strong>\u00a0Forsendelse innen 2 virkedager.<\/p>\n","protected":false},"featured_media":131951,"comment_status":"open","ping_status":"closed","template":"","meta":[],"product_brand":[],"product_cat":[560],"product_tag":[],"class_list":{"0":"post-131950","1":"product","2":"type-product","3":"status-publish","4":"has-post-thumbnail","6":"product_cat-ukategoriseret-2","8":"first","9":"outofstock","10":"taxable","11":"shipping-taxable","12":"purchasable","13":"product-type-simple"},"composite_virtual":false,"composite_layout":"","composite_add_to_cart_form_location":"","composite_editable_in_cart":false,"composite_sold_individually_context":"","composite_shop_price_calc":"","composite_components":[],"composite_scenarios":[],"bundled_by":[],"bundle_stock_status":"outofstock","bundle_stock_quantity":0,"bundle_virtual":false,"bundle_layout":"","bundle_add_to_cart_form_location":"","bundle_editable_in_cart":false,"bundle_sold_individually_context":"","bundle_item_grouping":"","bundle_min_size":"","bundle_max_size":"","bundle_price":[],"bundled_items":[],"bundle_sell_ids":[57036],"yoast_head":"<!-- This site is optimized with the Yoast SEO plugin v27.1.1 - https:\/\/yoast.com\/product\/yoast-seo-wordpress\/ -->\n<title>Google AIY Voice Kit v2 til Raspberry Pi \u2022 RaspberryPi.dk<\/title>\n<meta name=\"robots\" content=\"index, follow, max-snippet:-1, max-image-preview:large, max-video-preview:-1\" \/>\n<link rel=\"canonical\" href=\"https:\/\/raspberrypi.dk\/no\/produkt\/google-aiy-voice-kit-v2-til-raspberry-pi\/\" \/>\n<meta property=\"og:locale\" content=\"nb_NO\" \/>\n<meta property=\"og:type\" content=\"article\" \/>\n<meta property=\"og:title\" content=\"Google AIY Voice Kit v2 til Raspberry Pi \u2022 RaspberryPi.dk\" \/>\n<meta property=\"og:description\" content=\"Med Google AIY Voice Kit v2 for Raspberry Pi kan du bygge din egen AI-hjelper! P\u00e5 lager:\u00a0Forsendelse innen 2 virkedager.\" \/>\n<meta property=\"og:url\" content=\"https:\/\/raspberrypi.dk\/no\/produkt\/google-aiy-voice-kit-v2-til-raspberry-pi\/\" \/>\n<meta property=\"og:site_name\" content=\"RaspberryPi.dk\" \/>\n<meta property=\"article:publisher\" content=\"https:\/\/facebook.com\/RaspberryPiDanmark\" \/>\n<meta property=\"og:image\" content=\"https:\/\/raspberrypi.dk\/wp-content\/uploads\/2020\/07\/google_aiy_voice_kit_v2.jpg\" \/>\n\t<meta property=\"og:image:width\" content=\"1024\" \/>\n\t<meta property=\"og:image:height\" content=\"1024\" \/>\n\t<meta property=\"og:image:type\" content=\"image\/jpeg\" \/>\n<meta name=\"twitter:card\" content=\"summary_large_image\" \/>\n<meta name=\"twitter:site\" content=\"@raspberrypidk\" \/>\n<meta name=\"twitter:label1\" content=\"Ansl. lesetid\" \/>\n\t<meta name=\"twitter:data1\" content=\"1 minutt\" \/>\n<script type=\"application\/ld+json\" class=\"yoast-schema-graph\">{\"@context\":\"https:\/\/schema.org\",\"@graph\":[{\"@type\":\"WebPage\",\"@id\":\"https:\/\/raspberrypi.dk\/no\/produkt\/google-aiy-voice-kit-v2-til-raspberry-pi\/\",\"url\":\"https:\/\/raspberrypi.dk\/no\/produkt\/google-aiy-voice-kit-v2-til-raspberry-pi\/\",\"name\":\"Google AIY Voice Kit v2 til Raspberry Pi \u2022 RaspberryPi.dk\",\"isPartOf\":{\"@id\":\"https:\/\/raspberrypi.dk\/no\/#website\"},\"primaryImageOfPage\":{\"@id\":\"https:\/\/raspberrypi.dk\/no\/produkt\/google-aiy-voice-kit-v2-til-raspberry-pi\/#primaryimage\"},\"image\":{\"@id\":\"https:\/\/raspberrypi.dk\/no\/produkt\/google-aiy-voice-kit-v2-til-raspberry-pi\/#primaryimage\"},\"thumbnailUrl\":\"https:\/\/raspberrypi.dk\/wp-content\/uploads\/2020\/07\/google_aiy_voice_kit_v2.jpg\",\"datePublished\":\"2020-07-01T10:52:46+00:00\",\"breadcrumb\":{\"@id\":\"https:\/\/raspberrypi.dk\/no\/produkt\/google-aiy-voice-kit-v2-til-raspberry-pi\/#breadcrumb\"},\"inLanguage\":\"nb-NO\",\"potentialAction\":[{\"@type\":\"ReadAction\",\"target\":[\"https:\/\/raspberrypi.dk\/no\/produkt\/google-aiy-voice-kit-v2-til-raspberry-pi\/\"]}]},{\"@type\":\"ImageObject\",\"inLanguage\":\"nb-NO\",\"@id\":\"https:\/\/raspberrypi.dk\/no\/produkt\/google-aiy-voice-kit-v2-til-raspberry-pi\/#primaryimage\",\"url\":\"https:\/\/raspberrypi.dk\/wp-content\/uploads\/2020\/07\/google_aiy_voice_kit_v2.jpg\",\"contentUrl\":\"https:\/\/raspberrypi.dk\/wp-content\/uploads\/2020\/07\/google_aiy_voice_kit_v2.jpg\",\"width\":1024,\"height\":1024},{\"@type\":\"BreadcrumbList\",\"@id\":\"https:\/\/raspberrypi.dk\/no\/produkt\/google-aiy-voice-kit-v2-til-raspberry-pi\/#breadcrumb\",\"itemListElement\":[{\"@type\":\"ListItem\",\"position\":1,\"name\":\"Hjem\",\"item\":\"https:\/\/raspberrypi.dk\/no\/raspberry-pi-nettbutikk\/\"},{\"@type\":\"ListItem\",\"position\":2,\"name\":\"Shop\",\"item\":\"https:\/\/raspberrypi.dk\/no\/shop-2\/\"},{\"@type\":\"ListItem\",\"position\":3,\"name\":\"Google AIY Voice Kit v2 til Raspberry Pi\"}]},{\"@type\":\"WebSite\",\"@id\":\"https:\/\/raspberrypi.dk\/no\/#website\",\"url\":\"https:\/\/raspberrypi.dk\/no\/\",\"name\":\"RaspberryPi.dk\",\"description\":\"Danmarks f\u00f8rende Raspberry Pi side!\",\"publisher\":{\"@id\":\"https:\/\/raspberrypi.dk\/no\/#organization\"},\"potentialAction\":[{\"@type\":\"SearchAction\",\"target\":{\"@type\":\"EntryPoint\",\"urlTemplate\":\"https:\/\/raspberrypi.dk\/no\/?s={search_term_string}\"},\"query-input\":{\"@type\":\"PropertyValueSpecification\",\"valueRequired\":true,\"valueName\":\"search_term_string\"}}],\"inLanguage\":\"nb-NO\"},{\"@type\":\"Organization\",\"@id\":\"https:\/\/raspberrypi.dk\/no\/#organization\",\"name\":\"RaspberryPi.dk\",\"url\":\"https:\/\/raspberrypi.dk\/no\/\",\"logo\":{\"@type\":\"ImageObject\",\"inLanguage\":\"nb-NO\",\"@id\":\"https:\/\/raspberrypi.dk\/no\/#\/schema\/logo\/image\/\",\"url\":\"https:\/\/raspberrypi.dk\/wp-content\/uploads\/2017\/05\/RaspberryPidk_logo-2.png\",\"contentUrl\":\"https:\/\/raspberrypi.dk\/wp-content\/uploads\/2017\/05\/RaspberryPidk_logo-2.png\",\"width\":470,\"height\":110,\"caption\":\"RaspberryPi.dk\"},\"image\":{\"@id\":\"https:\/\/raspberrypi.dk\/no\/#\/schema\/logo\/image\/\"},\"sameAs\":[\"https:\/\/facebook.com\/RaspberryPiDanmark\",\"https:\/\/x.com\/raspberrypidk\",\"https:\/\/instagram.com\/raspberrypi.dk\"]}]}<\/script>\n<!-- \/ Yoast SEO plugin. -->","yoast_head_json":{"title":"Google AIY Voice Kit v2 til Raspberry Pi \u2022 RaspberryPi.dk","robots":{"index":"index","follow":"follow","max-snippet":"max-snippet:-1","max-image-preview":"max-image-preview:large","max-video-preview":"max-video-preview:-1"},"canonical":"https:\/\/raspberrypi.dk\/no\/produkt\/google-aiy-voice-kit-v2-til-raspberry-pi\/","og_locale":"nb_NO","og_type":"article","og_title":"Google AIY Voice Kit v2 til Raspberry Pi \u2022 RaspberryPi.dk","og_description":"Med Google AIY Voice Kit v2 for Raspberry Pi kan du bygge din egen AI-hjelper! P\u00e5 lager:\u00a0Forsendelse innen 2 virkedager.","og_url":"https:\/\/raspberrypi.dk\/no\/produkt\/google-aiy-voice-kit-v2-til-raspberry-pi\/","og_site_name":"RaspberryPi.dk","article_publisher":"https:\/\/facebook.com\/RaspberryPiDanmark","og_image":[{"width":1024,"height":1024,"url":"https:\/\/raspberrypi.dk\/wp-content\/uploads\/2020\/07\/google_aiy_voice_kit_v2.jpg","type":"image\/jpeg"}],"twitter_card":"summary_large_image","twitter_site":"@raspberrypidk","twitter_misc":{"Ansl. lesetid":"1 minutt"},"schema":{"@context":"https:\/\/schema.org","@graph":[{"@type":"WebPage","@id":"https:\/\/raspberrypi.dk\/no\/produkt\/google-aiy-voice-kit-v2-til-raspberry-pi\/","url":"https:\/\/raspberrypi.dk\/no\/produkt\/google-aiy-voice-kit-v2-til-raspberry-pi\/","name":"Google AIY Voice Kit v2 til Raspberry Pi \u2022 RaspberryPi.dk","isPartOf":{"@id":"https:\/\/raspberrypi.dk\/no\/#website"},"primaryImageOfPage":{"@id":"https:\/\/raspberrypi.dk\/no\/produkt\/google-aiy-voice-kit-v2-til-raspberry-pi\/#primaryimage"},"image":{"@id":"https:\/\/raspberrypi.dk\/no\/produkt\/google-aiy-voice-kit-v2-til-raspberry-pi\/#primaryimage"},"thumbnailUrl":"https:\/\/raspberrypi.dk\/wp-content\/uploads\/2020\/07\/google_aiy_voice_kit_v2.jpg","datePublished":"2020-07-01T10:52:46+00:00","breadcrumb":{"@id":"https:\/\/raspberrypi.dk\/no\/produkt\/google-aiy-voice-kit-v2-til-raspberry-pi\/#breadcrumb"},"inLanguage":"nb-NO","potentialAction":[{"@type":"ReadAction","target":["https:\/\/raspberrypi.dk\/no\/produkt\/google-aiy-voice-kit-v2-til-raspberry-pi\/"]}]},{"@type":"ImageObject","inLanguage":"nb-NO","@id":"https:\/\/raspberrypi.dk\/no\/produkt\/google-aiy-voice-kit-v2-til-raspberry-pi\/#primaryimage","url":"https:\/\/raspberrypi.dk\/wp-content\/uploads\/2020\/07\/google_aiy_voice_kit_v2.jpg","contentUrl":"https:\/\/raspberrypi.dk\/wp-content\/uploads\/2020\/07\/google_aiy_voice_kit_v2.jpg","width":1024,"height":1024},{"@type":"BreadcrumbList","@id":"https:\/\/raspberrypi.dk\/no\/produkt\/google-aiy-voice-kit-v2-til-raspberry-pi\/#breadcrumb","itemListElement":[{"@type":"ListItem","position":1,"name":"Hjem","item":"https:\/\/raspberrypi.dk\/no\/raspberry-pi-nettbutikk\/"},{"@type":"ListItem","position":2,"name":"Shop","item":"https:\/\/raspberrypi.dk\/no\/shop-2\/"},{"@type":"ListItem","position":3,"name":"Google AIY Voice Kit v2 til Raspberry Pi"}]},{"@type":"WebSite","@id":"https:\/\/raspberrypi.dk\/no\/#website","url":"https:\/\/raspberrypi.dk\/no\/","name":"RaspberryPi.dk","description":"Danmarks f\u00f8rende Raspberry Pi side!","publisher":{"@id":"https:\/\/raspberrypi.dk\/no\/#organization"},"potentialAction":[{"@type":"SearchAction","target":{"@type":"EntryPoint","urlTemplate":"https:\/\/raspberrypi.dk\/no\/?s={search_term_string}"},"query-input":{"@type":"PropertyValueSpecification","valueRequired":true,"valueName":"search_term_string"}}],"inLanguage":"nb-NO"},{"@type":"Organization","@id":"https:\/\/raspberrypi.dk\/no\/#organization","name":"RaspberryPi.dk","url":"https:\/\/raspberrypi.dk\/no\/","logo":{"@type":"ImageObject","inLanguage":"nb-NO","@id":"https:\/\/raspberrypi.dk\/no\/#\/schema\/logo\/image\/","url":"https:\/\/raspberrypi.dk\/wp-content\/uploads\/2017\/05\/RaspberryPidk_logo-2.png","contentUrl":"https:\/\/raspberrypi.dk\/wp-content\/uploads\/2017\/05\/RaspberryPidk_logo-2.png","width":470,"height":110,"caption":"RaspberryPi.dk"},"image":{"@id":"https:\/\/raspberrypi.dk\/no\/#\/schema\/logo\/image\/"},"sameAs":["https:\/\/facebook.com\/RaspberryPiDanmark","https:\/\/x.com\/raspberrypidk","https:\/\/instagram.com\/raspberrypi.dk"]}]}},"_links":{"self":[{"href":"https:\/\/raspberrypi.dk\/no\/wp-json\/wp\/v2\/product\/131950","targetHints":{"allow":["GET"]}}],"collection":[{"href":"https:\/\/raspberrypi.dk\/no\/wp-json\/wp\/v2\/product"}],"about":[{"href":"https:\/\/raspberrypi.dk\/no\/wp-json\/wp\/v2\/types\/product"}],"replies":[{"embeddable":true,"href":"https:\/\/raspberrypi.dk\/no\/wp-json\/wp\/v2\/comments?post=131950"}],"wp:featuredmedia":[{"embeddable":true,"href":"https:\/\/raspberrypi.dk\/no\/wp-json\/wp\/v2\/media\/131951"}],"wp:attachment":[{"href":"https:\/\/raspberrypi.dk\/no\/wp-json\/wp\/v2\/media?parent=131950"}],"wp:term":[{"taxonomy":"product_brand","embeddable":true,"href":"https:\/\/raspberrypi.dk\/no\/wp-json\/wp\/v2\/product_brand?post=131950"},{"taxonomy":"product_cat","embeddable":true,"href":"https:\/\/raspberrypi.dk\/no\/wp-json\/wp\/v2\/product_cat?post=131950"},{"taxonomy":"product_tag","embeddable":true,"href":"https:\/\/raspberrypi.dk\/no\/wp-json\/wp\/v2\/product_tag?post=131950"}],"curies":[{"name":"wp","href":"https:\/\/api.w.org\/{rel}","templated":true}]}}