{"id":131977,"date":"2020-06-24T13:59:07","date_gmt":"2020-06-24T11:59:07","guid":{"rendered":"https:\/\/raspberrypi.dk\/produkt\/16gb-micro-sd-class-a1-med-simply-print\/"},"modified":"2024-04-09T19:28:07","modified_gmt":"2024-04-09T17:28:07","slug":"16gb-micro-sd-class-a1-med-simply-print","status":"publish","type":"product","link":"https:\/\/raspberrypi.dk\/no\/produkt\/16gb-micro-sd-class-a1-med-simply-print\/","title":{"rendered":"16GB Micro SD &#8211; Class A1 &#8211; Med SimplyPrint"},"content":{"rendered":"<div id=\"tab-description\" class=\"tab-content\">\n<h3>SimplyPrint gj\u00f8r ditt 3D print arbeide mye enklere\u2026<\/h3>\n<div><b>Print online &#8211; hvor som helst<\/b><\/div>\n<div>Styr- og hold styr p\u00e5, alle dine 3D-printere fra computeren, din telefon eller tablet \u2013 hvor enn du er i verden<\/div>\n<div><\/div>\n<div><b>Hub system<\/b><\/div>\n<div>SimplyPrint er designet for \u00e5 holde styr p\u00e5 alle dine 3D-printere. Om du har 1, 2 eller 1000!<\/div>\n<div><\/div>\n<div><b>Innebygget slicer &amp; innstillinger<\/b><\/div>\n<div>SimplyPrint har samlet ALT p\u00e5 ett sted. Slice der du printer! N\u00e5 er det slutt p\u00e5 all rotingen med sm\u00e5 SD-kort<\/div>\n<div><\/div>\n<div><b>For nybegynnere &amp; eksperter<\/b><\/div>\n<div>Enten du er helt nybegynner eller ekspert, hva gjelder 3D-printing: Denne plattofmren dekker dine behov. Med nok funksjoner til ekspertene, og hjelp til nybegynnerne \u2013 her kommer du ikke til \u00e5 mangle noe.<\/div>\n<\/div>\n","protected":false},"excerpt":{"rendered":"<p><span id=\"result_box\" class=\"\" lang=\"da\"><span title=\"This Micro SD Card for the Raspberry Pi consists of a 4GB SanDisk Class 4 UHS-I Micro SD card pre-loaded with the Official Raspberry Pi Raspbian Jessie Lite Operating System. \">Dette <strong>Micro SD-kort<\/strong> til Raspberry Pi er et <strong>16GB<\/strong> Class A1 Micro SD-kort forh\u00e5ndsinstallert med <strong>SimplyPrint til 3D-printere<\/strong>. Klar til boot!<br \/>\n<\/span><\/span><\/p>\n<p>Kommer med Micro SD til SD adapter.<\/p>\n","protected":false},"featured_media":131978,"comment_status":"open","ping_status":"closed","template":"","meta":[],"product_brand":[],"product_cat":[602],"product_tag":[],"class_list":{"0":"post-131977","1":"product","2":"type-product","3":"status-publish","4":"has-post-thumbnail","6":"product_cat-raspberry-pi-sd-kort-no","8":"first","9":"outofstock","10":"taxable","11":"shipping-taxable","12":"purchasable","13":"product-type-simple"},"composite_virtual":false,"composite_layout":"","composite_add_to_cart_form_location":"","composite_editable_in_cart":false,"composite_sold_individually_context":"","composite_shop_price_calc":"","composite_components":[],"composite_scenarios":[],"bundled_by":["131975"],"bundle_stock_status":"outofstock","bundle_stock_quantity":0,"bundle_virtual":false,"bundle_layout":"","bundle_add_to_cart_form_location":"","bundle_editable_in_cart":false,"bundle_sold_individually_context":"","bundle_item_grouping":"","bundle_min_size":"","bundle_max_size":"","bundle_price":[],"bundled_items":[],"bundle_sell_ids":[],"yoast_head":"<!-- This site is optimized with the Yoast SEO plugin v27.1.1 - https:\/\/yoast.com\/product\/yoast-seo-wordpress\/ -->\n<title>16GB Micro SD - Class A1 - Med SimplyPrint \u2022 RaspberryPi.dk<\/title>\n<meta name=\"robots\" content=\"index, follow, max-snippet:-1, max-image-preview:large, max-video-preview:-1\" \/>\n<link rel=\"canonical\" href=\"https:\/\/raspberrypi.dk\/no\/produkt\/16gb-micro-sd-class-a1-med-simply-print\/\" \/>\n<meta property=\"og:locale\" content=\"nb_NO\" \/>\n<meta property=\"og:type\" content=\"article\" \/>\n<meta property=\"og:title\" content=\"16GB Micro SD - Class A1 - Med SimplyPrint \u2022 RaspberryPi.dk\" \/>\n<meta property=\"og:description\" content=\"Dette Micro SD-kort til Raspberry Pi er et 16GB Class A1 Micro SD-kort forh\u00e5ndsinstallert med SimplyPrint til 3D-printere. Klar til boot!   Kommer med Micro SD til SD adapter.\" \/>\n<meta property=\"og:url\" content=\"https:\/\/raspberrypi.dk\/no\/produkt\/16gb-micro-sd-class-a1-med-simply-print\/\" \/>\n<meta property=\"og:site_name\" content=\"RaspberryPi.dk\" \/>\n<meta property=\"article:publisher\" content=\"https:\/\/facebook.com\/RaspberryPiDanmark\" \/>\n<meta property=\"article:modified_time\" content=\"2024-04-09T17:28:07+00:00\" \/>\n<meta property=\"og:image\" content=\"https:\/\/raspberrypi.dk\/wp-content\/uploads\/2020\/06\/105692432_291622888837523_2811268909010577461_n.png\" \/>\n\t<meta property=\"og:image:width\" content=\"1024\" \/>\n\t<meta property=\"og:image:height\" content=\"1024\" \/>\n\t<meta property=\"og:image:type\" content=\"image\/png\" \/>\n<meta name=\"twitter:card\" content=\"summary_large_image\" \/>\n<meta name=\"twitter:site\" content=\"@raspberrypidk\" \/>\n<meta name=\"twitter:label1\" content=\"Ansl. lesetid\" \/>\n\t<meta name=\"twitter:data1\" content=\"1 minutt\" \/>\n<script type=\"application\/ld+json\" class=\"yoast-schema-graph\">{\"@context\":\"https:\/\/schema.org\",\"@graph\":[{\"@type\":\"WebPage\",\"@id\":\"https:\/\/raspberrypi.dk\/no\/produkt\/16gb-micro-sd-class-a1-med-simply-print\/\",\"url\":\"https:\/\/raspberrypi.dk\/no\/produkt\/16gb-micro-sd-class-a1-med-simply-print\/\",\"name\":\"16GB Micro SD - Class A1 - Med SimplyPrint \u2022 RaspberryPi.dk\",\"isPartOf\":{\"@id\":\"https:\/\/raspberrypi.dk\/no\/#website\"},\"primaryImageOfPage\":{\"@id\":\"https:\/\/raspberrypi.dk\/no\/produkt\/16gb-micro-sd-class-a1-med-simply-print\/#primaryimage\"},\"image\":{\"@id\":\"https:\/\/raspberrypi.dk\/no\/produkt\/16gb-micro-sd-class-a1-med-simply-print\/#primaryimage\"},\"thumbnailUrl\":\"https:\/\/raspberrypi.dk\/wp-content\/uploads\/2020\/06\/105692432_291622888837523_2811268909010577461_n.png\",\"datePublished\":\"2020-06-24T11:59:07+00:00\",\"dateModified\":\"2024-04-09T17:28:07+00:00\",\"breadcrumb\":{\"@id\":\"https:\/\/raspberrypi.dk\/no\/produkt\/16gb-micro-sd-class-a1-med-simply-print\/#breadcrumb\"},\"inLanguage\":\"nb-NO\",\"potentialAction\":[{\"@type\":\"ReadAction\",\"target\":[\"https:\/\/raspberrypi.dk\/no\/produkt\/16gb-micro-sd-class-a1-med-simply-print\/\"]}]},{\"@type\":\"ImageObject\",\"inLanguage\":\"nb-NO\",\"@id\":\"https:\/\/raspberrypi.dk\/no\/produkt\/16gb-micro-sd-class-a1-med-simply-print\/#primaryimage\",\"url\":\"https:\/\/raspberrypi.dk\/wp-content\/uploads\/2020\/06\/105692432_291622888837523_2811268909010577461_n.png\",\"contentUrl\":\"https:\/\/raspberrypi.dk\/wp-content\/uploads\/2020\/06\/105692432_291622888837523_2811268909010577461_n.png\",\"width\":1024,\"height\":1024},{\"@type\":\"BreadcrumbList\",\"@id\":\"https:\/\/raspberrypi.dk\/no\/produkt\/16gb-micro-sd-class-a1-med-simply-print\/#breadcrumb\",\"itemListElement\":[{\"@type\":\"ListItem\",\"position\":1,\"name\":\"Hjem\",\"item\":\"https:\/\/raspberrypi.dk\/no\/raspberry-pi-nettbutikk\/\"},{\"@type\":\"ListItem\",\"position\":2,\"name\":\"Shop\",\"item\":\"https:\/\/raspberrypi.dk\/no\/shop-2\/\"},{\"@type\":\"ListItem\",\"position\":3,\"name\":\"16GB Micro SD &#8211; Class A1 &#8211; Med SimplyPrint\"}]},{\"@type\":\"WebSite\",\"@id\":\"https:\/\/raspberrypi.dk\/no\/#website\",\"url\":\"https:\/\/raspberrypi.dk\/no\/\",\"name\":\"RaspberryPi.dk\",\"description\":\"Danmarks f\u00f8rende Raspberry Pi side!\",\"publisher\":{\"@id\":\"https:\/\/raspberrypi.dk\/no\/#organization\"},\"potentialAction\":[{\"@type\":\"SearchAction\",\"target\":{\"@type\":\"EntryPoint\",\"urlTemplate\":\"https:\/\/raspberrypi.dk\/no\/?s={search_term_string}\"},\"query-input\":{\"@type\":\"PropertyValueSpecification\",\"valueRequired\":true,\"valueName\":\"search_term_string\"}}],\"inLanguage\":\"nb-NO\"},{\"@type\":\"Organization\",\"@id\":\"https:\/\/raspberrypi.dk\/no\/#organization\",\"name\":\"RaspberryPi.dk\",\"url\":\"https:\/\/raspberrypi.dk\/no\/\",\"logo\":{\"@type\":\"ImageObject\",\"inLanguage\":\"nb-NO\",\"@id\":\"https:\/\/raspberrypi.dk\/no\/#\/schema\/logo\/image\/\",\"url\":\"https:\/\/raspberrypi.dk\/wp-content\/uploads\/2017\/05\/RaspberryPidk_logo-2.png\",\"contentUrl\":\"https:\/\/raspberrypi.dk\/wp-content\/uploads\/2017\/05\/RaspberryPidk_logo-2.png\",\"width\":470,\"height\":110,\"caption\":\"RaspberryPi.dk\"},\"image\":{\"@id\":\"https:\/\/raspberrypi.dk\/no\/#\/schema\/logo\/image\/\"},\"sameAs\":[\"https:\/\/facebook.com\/RaspberryPiDanmark\",\"https:\/\/x.com\/raspberrypidk\",\"https:\/\/instagram.com\/raspberrypi.dk\"]}]}<\/script>\n<!-- \/ Yoast SEO plugin. -->","yoast_head_json":{"title":"16GB Micro SD - Class A1 - Med SimplyPrint \u2022 RaspberryPi.dk","robots":{"index":"index","follow":"follow","max-snippet":"max-snippet:-1","max-image-preview":"max-image-preview:large","max-video-preview":"max-video-preview:-1"},"canonical":"https:\/\/raspberrypi.dk\/no\/produkt\/16gb-micro-sd-class-a1-med-simply-print\/","og_locale":"nb_NO","og_type":"article","og_title":"16GB Micro SD - Class A1 - Med SimplyPrint \u2022 RaspberryPi.dk","og_description":"Dette Micro SD-kort til Raspberry Pi er et 16GB Class A1 Micro SD-kort forh\u00e5ndsinstallert med SimplyPrint til 3D-printere. Klar til boot!   Kommer med Micro SD til SD adapter.","og_url":"https:\/\/raspberrypi.dk\/no\/produkt\/16gb-micro-sd-class-a1-med-simply-print\/","og_site_name":"RaspberryPi.dk","article_publisher":"https:\/\/facebook.com\/RaspberryPiDanmark","article_modified_time":"2024-04-09T17:28:07+00:00","og_image":[{"width":1024,"height":1024,"url":"https:\/\/raspberrypi.dk\/wp-content\/uploads\/2020\/06\/105692432_291622888837523_2811268909010577461_n.png","type":"image\/png"}],"twitter_card":"summary_large_image","twitter_site":"@raspberrypidk","twitter_misc":{"Ansl. lesetid":"1 minutt"},"schema":{"@context":"https:\/\/schema.org","@graph":[{"@type":"WebPage","@id":"https:\/\/raspberrypi.dk\/no\/produkt\/16gb-micro-sd-class-a1-med-simply-print\/","url":"https:\/\/raspberrypi.dk\/no\/produkt\/16gb-micro-sd-class-a1-med-simply-print\/","name":"16GB Micro SD - Class A1 - Med SimplyPrint \u2022 RaspberryPi.dk","isPartOf":{"@id":"https:\/\/raspberrypi.dk\/no\/#website"},"primaryImageOfPage":{"@id":"https:\/\/raspberrypi.dk\/no\/produkt\/16gb-micro-sd-class-a1-med-simply-print\/#primaryimage"},"image":{"@id":"https:\/\/raspberrypi.dk\/no\/produkt\/16gb-micro-sd-class-a1-med-simply-print\/#primaryimage"},"thumbnailUrl":"https:\/\/raspberrypi.dk\/wp-content\/uploads\/2020\/06\/105692432_291622888837523_2811268909010577461_n.png","datePublished":"2020-06-24T11:59:07+00:00","dateModified":"2024-04-09T17:28:07+00:00","breadcrumb":{"@id":"https:\/\/raspberrypi.dk\/no\/produkt\/16gb-micro-sd-class-a1-med-simply-print\/#breadcrumb"},"inLanguage":"nb-NO","potentialAction":[{"@type":"ReadAction","target":["https:\/\/raspberrypi.dk\/no\/produkt\/16gb-micro-sd-class-a1-med-simply-print\/"]}]},{"@type":"ImageObject","inLanguage":"nb-NO","@id":"https:\/\/raspberrypi.dk\/no\/produkt\/16gb-micro-sd-class-a1-med-simply-print\/#primaryimage","url":"https:\/\/raspberrypi.dk\/wp-content\/uploads\/2020\/06\/105692432_291622888837523_2811268909010577461_n.png","contentUrl":"https:\/\/raspberrypi.dk\/wp-content\/uploads\/2020\/06\/105692432_291622888837523_2811268909010577461_n.png","width":1024,"height":1024},{"@type":"BreadcrumbList","@id":"https:\/\/raspberrypi.dk\/no\/produkt\/16gb-micro-sd-class-a1-med-simply-print\/#breadcrumb","itemListElement":[{"@type":"ListItem","position":1,"name":"Hjem","item":"https:\/\/raspberrypi.dk\/no\/raspberry-pi-nettbutikk\/"},{"@type":"ListItem","position":2,"name":"Shop","item":"https:\/\/raspberrypi.dk\/no\/shop-2\/"},{"@type":"ListItem","position":3,"name":"16GB Micro SD &#8211; Class A1 &#8211; Med SimplyPrint"}]},{"@type":"WebSite","@id":"https:\/\/raspberrypi.dk\/no\/#website","url":"https:\/\/raspberrypi.dk\/no\/","name":"RaspberryPi.dk","description":"Danmarks f\u00f8rende Raspberry Pi side!","publisher":{"@id":"https:\/\/raspberrypi.dk\/no\/#organization"},"potentialAction":[{"@type":"SearchAction","target":{"@type":"EntryPoint","urlTemplate":"https:\/\/raspberrypi.dk\/no\/?s={search_term_string}"},"query-input":{"@type":"PropertyValueSpecification","valueRequired":true,"valueName":"search_term_string"}}],"inLanguage":"nb-NO"},{"@type":"Organization","@id":"https:\/\/raspberrypi.dk\/no\/#organization","name":"RaspberryPi.dk","url":"https:\/\/raspberrypi.dk\/no\/","logo":{"@type":"ImageObject","inLanguage":"nb-NO","@id":"https:\/\/raspberrypi.dk\/no\/#\/schema\/logo\/image\/","url":"https:\/\/raspberrypi.dk\/wp-content\/uploads\/2017\/05\/RaspberryPidk_logo-2.png","contentUrl":"https:\/\/raspberrypi.dk\/wp-content\/uploads\/2017\/05\/RaspberryPidk_logo-2.png","width":470,"height":110,"caption":"RaspberryPi.dk"},"image":{"@id":"https:\/\/raspberrypi.dk\/no\/#\/schema\/logo\/image\/"},"sameAs":["https:\/\/facebook.com\/RaspberryPiDanmark","https:\/\/x.com\/raspberrypidk","https:\/\/instagram.com\/raspberrypi.dk"]}]}},"_links":{"self":[{"href":"https:\/\/raspberrypi.dk\/no\/wp-json\/wp\/v2\/product\/131977","targetHints":{"allow":["GET"]}}],"collection":[{"href":"https:\/\/raspberrypi.dk\/no\/wp-json\/wp\/v2\/product"}],"about":[{"href":"https:\/\/raspberrypi.dk\/no\/wp-json\/wp\/v2\/types\/product"}],"replies":[{"embeddable":true,"href":"https:\/\/raspberrypi.dk\/no\/wp-json\/wp\/v2\/comments?post=131977"}],"wp:featuredmedia":[{"embeddable":true,"href":"https:\/\/raspberrypi.dk\/no\/wp-json\/wp\/v2\/media\/131978"}],"wp:attachment":[{"href":"https:\/\/raspberrypi.dk\/no\/wp-json\/wp\/v2\/media?parent=131977"}],"wp:term":[{"taxonomy":"product_brand","embeddable":true,"href":"https:\/\/raspberrypi.dk\/no\/wp-json\/wp\/v2\/product_brand?post=131977"},{"taxonomy":"product_cat","embeddable":true,"href":"https:\/\/raspberrypi.dk\/no\/wp-json\/wp\/v2\/product_cat?post=131977"},{"taxonomy":"product_tag","embeddable":true,"href":"https:\/\/raspberrypi.dk\/no\/wp-json\/wp\/v2\/product_tag?post=131977"}],"curies":[{"name":"wp","href":"https:\/\/api.w.org\/{rel}","templated":true}]}}