{"id":131982,"date":"2020-05-27T12:36:16","date_gmt":"2020-05-27T10:36:16","guid":{"rendered":"https:\/\/raspberrypi.dk\/produkt\/flirc-raspberry-pi-zero-heatsink-case\/"},"modified":"2026-01-04T03:39:19","modified_gmt":"2026-01-04T02:39:19","slug":"flirc-raspberry-pi-zero-heatsink-case","status":"publish","type":"product","link":"https:\/\/raspberrypi.dk\/no\/produkt\/flirc-raspberry-pi-zero-heatsink-case\/","title":{"rendered":"Flirc Raspberry Pi Zero Heatsink Case"},"content":{"rendered":"<p><strong>Funksjoner:<\/strong><\/p>\n<ul>\n<li>St\u00f8tter Raspberry Pi Zero, Zero W og Zero WH<\/li>\n<li>Innebygget heatsink &#8211; hele aluminium casen fungerer som en heatsink<\/li>\n<li>Enkel montering: Plass\u00e9r termoputen p\u00e5 Pi-en, sett Pi-en inn i casen og skru p\u00e5 bunnen av casen.<\/li>\n<\/ul>\n<p>En f\u00f8lgesvenn til den bestselgende Raspberry Pi-casen. Dette er en b\u00e6rbar, passivt avkj\u00f8lt, Raspberry Pi Zero-case som samsvarer med sin s\u00f8ster (pi 4-sak) estetikk.<\/p>\n<p><strong>ULTRA PORTABLE<\/strong><br \/>\nHer f\u00e5r du alt som gj\u00f8r den originale pi 4-casen s\u00e5 bra, men krympet ned og tillagt noen flotte features. Det gj\u00f8r denne mini-pc-en til en every day carry. SD-kortet er lukket inne i casen, slik at det ikke sklir ut eller blir stj\u00e5let. Casen m\u00e5 demonteres f\u00f8r SD-kortet kan tas ut. Den kommer ogs\u00e5 med et n\u00f8kkelb\u00e5nd slik at du kan feste den p\u00e5 en n\u00f8kkelring eller bruke den som \u00f8reringer \ud83d\ude42<\/p>\n<p><strong>ULTRA TILG\u00c6NGELIG<\/strong><br \/>\nBytt ut top&#8217;en for \u00e5pen tilgang til GPIO-pinnene. Bare fjern top&#8217;en og trykk p\u00e5 den medf\u00f8lgende top. Sett sammen favorittbrettet ditt, og du trenger ikke \u00e5 bekymre deg for varmen. Varmeavlederen er innebygd i metallet og effektiviteten er h\u00f8y uansett hvilken top du velger \u00e5 bruke.<\/p>\n","protected":false},"excerpt":{"rendered":"<p><strong>Flirc Raspberry Pi Zero case<\/strong> har ikke bare innebygget passiv kj\u00f8ling for din Pi i form av heatsink, men den er ogs\u00e5 veldig fin \u00e5 se p\u00e5! Den er laget av nydelig aluminium inneklemt mellom to svarte, myke ber\u00f8ringsdeksler som f\u00f8les fantastisk i hendene dine.<\/p>\n<p>En case som rett og slett er for fin for \u00e5 bli gjemt bort.<\/p>\n","protected":false},"featured_media":131985,"comment_status":"open","ping_status":"closed","template":"","meta":[],"product_brand":[],"product_cat":[601,594],"product_tag":[],"class_list":{"0":"post-131982","1":"product","2":"type-product","3":"status-publish","4":"has-post-thumbnail","6":"product_cat-raspberry-pi-zero-og-tilbehoer-no","7":"product_cat-raspberry-pi-cases-no","9":"first","10":"outofstock","11":"taxable","12":"shipping-taxable","13":"purchasable","14":"product-type-simple"},"composite_virtual":false,"composite_layout":"","composite_add_to_cart_form_location":"","composite_editable_in_cart":false,"composite_sold_individually_context":"","composite_shop_price_calc":"","composite_components":[],"composite_scenarios":[],"bundled_by":[],"bundle_stock_status":"outofstock","bundle_stock_quantity":0,"bundle_virtual":false,"bundle_layout":"","bundle_add_to_cart_form_location":"","bundle_editable_in_cart":false,"bundle_sold_individually_context":"","bundle_item_grouping":"","bundle_min_size":"","bundle_max_size":"","bundle_price":[],"bundled_items":[],"bundle_sell_ids":[],"yoast_head":"<!-- This site is optimized with the Yoast SEO plugin v27.1.1 - https:\/\/yoast.com\/product\/yoast-seo-wordpress\/ -->\n<title>Flirc Raspberry Pi Zero Heatsink Case \u2022 RaspberryPi.dk<\/title>\n<meta name=\"robots\" content=\"index, follow, max-snippet:-1, max-image-preview:large, max-video-preview:-1\" \/>\n<link rel=\"canonical\" href=\"https:\/\/raspberrypi.dk\/no\/produkt\/flirc-raspberry-pi-zero-heatsink-case\/\" \/>\n<meta property=\"og:locale\" content=\"nb_NO\" \/>\n<meta property=\"og:type\" content=\"article\" \/>\n<meta property=\"og:title\" content=\"Flirc Raspberry Pi Zero Heatsink Case \u2022 RaspberryPi.dk\" \/>\n<meta property=\"og:description\" content=\"Flirc Raspberry Pi Zero case har ikke bare innebygget passiv kj\u00f8ling for din Pi i form av heatsink, men den er ogs\u00e5 veldig fin \u00e5 se p\u00e5! Den er laget av nydelig aluminium inneklemt mellom to svarte, myke ber\u00f8ringsdeksler som f\u00f8les fantastisk i hendene dine.  En case som rett og slett er for fin for \u00e5 bli gjemt bort.\" \/>\n<meta property=\"og:url\" content=\"https:\/\/raspberrypi.dk\/no\/produkt\/flirc-raspberry-pi-zero-heatsink-case\/\" \/>\n<meta property=\"og:site_name\" content=\"RaspberryPi.dk\" \/>\n<meta property=\"article:publisher\" content=\"https:\/\/facebook.com\/RaspberryPiDanmark\" \/>\n<meta property=\"article:modified_time\" content=\"2026-01-04T02:39:19+00:00\" \/>\n<meta property=\"og:image\" content=\"https:\/\/raspberrypi.dk\/wp-content\/uploads\/2020\/05\/flirc-raspberry-pi-zero-case-3.jpg\" \/>\n\t<meta property=\"og:image:width\" content=\"546\" \/>\n\t<meta property=\"og:image:height\" content=\"408\" \/>\n\t<meta property=\"og:image:type\" content=\"image\/jpeg\" \/>\n<meta name=\"twitter:card\" content=\"summary_large_image\" \/>\n<meta name=\"twitter:site\" content=\"@raspberrypidk\" \/>\n<meta name=\"twitter:label1\" content=\"Ansl. lesetid\" \/>\n\t<meta name=\"twitter:data1\" content=\"2 minutter\" \/>\n<script type=\"application\/ld+json\" class=\"yoast-schema-graph\">{\"@context\":\"https:\/\/schema.org\",\"@graph\":[{\"@type\":\"WebPage\",\"@id\":\"https:\/\/raspberrypi.dk\/no\/produkt\/flirc-raspberry-pi-zero-heatsink-case\/\",\"url\":\"https:\/\/raspberrypi.dk\/no\/produkt\/flirc-raspberry-pi-zero-heatsink-case\/\",\"name\":\"Flirc Raspberry Pi Zero Heatsink Case \u2022 RaspberryPi.dk\",\"isPartOf\":{\"@id\":\"https:\/\/raspberrypi.dk\/no\/#website\"},\"primaryImageOfPage\":{\"@id\":\"https:\/\/raspberrypi.dk\/no\/produkt\/flirc-raspberry-pi-zero-heatsink-case\/#primaryimage\"},\"image\":{\"@id\":\"https:\/\/raspberrypi.dk\/no\/produkt\/flirc-raspberry-pi-zero-heatsink-case\/#primaryimage\"},\"thumbnailUrl\":\"https:\/\/raspberrypi.dk\/wp-content\/uploads\/2020\/05\/flirc-raspberry-pi-zero-case-3.jpg\",\"datePublished\":\"2020-05-27T10:36:16+00:00\",\"dateModified\":\"2026-01-04T02:39:19+00:00\",\"breadcrumb\":{\"@id\":\"https:\/\/raspberrypi.dk\/no\/produkt\/flirc-raspberry-pi-zero-heatsink-case\/#breadcrumb\"},\"inLanguage\":\"nb-NO\",\"potentialAction\":[{\"@type\":\"ReadAction\",\"target\":[\"https:\/\/raspberrypi.dk\/no\/produkt\/flirc-raspberry-pi-zero-heatsink-case\/\"]}]},{\"@type\":\"ImageObject\",\"inLanguage\":\"nb-NO\",\"@id\":\"https:\/\/raspberrypi.dk\/no\/produkt\/flirc-raspberry-pi-zero-heatsink-case\/#primaryimage\",\"url\":\"https:\/\/raspberrypi.dk\/wp-content\/uploads\/2020\/05\/flirc-raspberry-pi-zero-case-3.jpg\",\"contentUrl\":\"https:\/\/raspberrypi.dk\/wp-content\/uploads\/2020\/05\/flirc-raspberry-pi-zero-case-3.jpg\",\"width\":546,\"height\":408},{\"@type\":\"BreadcrumbList\",\"@id\":\"https:\/\/raspberrypi.dk\/no\/produkt\/flirc-raspberry-pi-zero-heatsink-case\/#breadcrumb\",\"itemListElement\":[{\"@type\":\"ListItem\",\"position\":1,\"name\":\"Hjem\",\"item\":\"https:\/\/raspberrypi.dk\/no\/raspberry-pi-nettbutikk\/\"},{\"@type\":\"ListItem\",\"position\":2,\"name\":\"Shop\",\"item\":\"https:\/\/raspberrypi.dk\/no\/shop-2\/\"},{\"@type\":\"ListItem\",\"position\":3,\"name\":\"Flirc Raspberry Pi Zero Heatsink Case\"}]},{\"@type\":\"WebSite\",\"@id\":\"https:\/\/raspberrypi.dk\/no\/#website\",\"url\":\"https:\/\/raspberrypi.dk\/no\/\",\"name\":\"RaspberryPi.dk\",\"description\":\"Danmarks f\u00f8rende Raspberry Pi side!\",\"publisher\":{\"@id\":\"https:\/\/raspberrypi.dk\/no\/#organization\"},\"potentialAction\":[{\"@type\":\"SearchAction\",\"target\":{\"@type\":\"EntryPoint\",\"urlTemplate\":\"https:\/\/raspberrypi.dk\/no\/?s={search_term_string}\"},\"query-input\":{\"@type\":\"PropertyValueSpecification\",\"valueRequired\":true,\"valueName\":\"search_term_string\"}}],\"inLanguage\":\"nb-NO\"},{\"@type\":\"Organization\",\"@id\":\"https:\/\/raspberrypi.dk\/no\/#organization\",\"name\":\"RaspberryPi.dk\",\"url\":\"https:\/\/raspberrypi.dk\/no\/\",\"logo\":{\"@type\":\"ImageObject\",\"inLanguage\":\"nb-NO\",\"@id\":\"https:\/\/raspberrypi.dk\/no\/#\/schema\/logo\/image\/\",\"url\":\"https:\/\/raspberrypi.dk\/wp-content\/uploads\/2017\/05\/RaspberryPidk_logo-2.png\",\"contentUrl\":\"https:\/\/raspberrypi.dk\/wp-content\/uploads\/2017\/05\/RaspberryPidk_logo-2.png\",\"width\":470,\"height\":110,\"caption\":\"RaspberryPi.dk\"},\"image\":{\"@id\":\"https:\/\/raspberrypi.dk\/no\/#\/schema\/logo\/image\/\"},\"sameAs\":[\"https:\/\/facebook.com\/RaspberryPiDanmark\",\"https:\/\/x.com\/raspberrypidk\",\"https:\/\/instagram.com\/raspberrypi.dk\"]}]}<\/script>\n<!-- \/ Yoast SEO plugin. -->","yoast_head_json":{"title":"Flirc Raspberry Pi Zero Heatsink Case \u2022 RaspberryPi.dk","robots":{"index":"index","follow":"follow","max-snippet":"max-snippet:-1","max-image-preview":"max-image-preview:large","max-video-preview":"max-video-preview:-1"},"canonical":"https:\/\/raspberrypi.dk\/no\/produkt\/flirc-raspberry-pi-zero-heatsink-case\/","og_locale":"nb_NO","og_type":"article","og_title":"Flirc Raspberry Pi Zero Heatsink Case \u2022 RaspberryPi.dk","og_description":"Flirc Raspberry Pi Zero case har ikke bare innebygget passiv kj\u00f8ling for din Pi i form av heatsink, men den er ogs\u00e5 veldig fin \u00e5 se p\u00e5! Den er laget av nydelig aluminium inneklemt mellom to svarte, myke ber\u00f8ringsdeksler som f\u00f8les fantastisk i hendene dine.  En case som rett og slett er for fin for \u00e5 bli gjemt bort.","og_url":"https:\/\/raspberrypi.dk\/no\/produkt\/flirc-raspberry-pi-zero-heatsink-case\/","og_site_name":"RaspberryPi.dk","article_publisher":"https:\/\/facebook.com\/RaspberryPiDanmark","article_modified_time":"2026-01-04T02:39:19+00:00","og_image":[{"width":546,"height":408,"url":"https:\/\/raspberrypi.dk\/wp-content\/uploads\/2020\/05\/flirc-raspberry-pi-zero-case-3.jpg","type":"image\/jpeg"}],"twitter_card":"summary_large_image","twitter_site":"@raspberrypidk","twitter_misc":{"Ansl. lesetid":"2 minutter"},"schema":{"@context":"https:\/\/schema.org","@graph":[{"@type":"WebPage","@id":"https:\/\/raspberrypi.dk\/no\/produkt\/flirc-raspberry-pi-zero-heatsink-case\/","url":"https:\/\/raspberrypi.dk\/no\/produkt\/flirc-raspberry-pi-zero-heatsink-case\/","name":"Flirc Raspberry Pi Zero Heatsink Case \u2022 RaspberryPi.dk","isPartOf":{"@id":"https:\/\/raspberrypi.dk\/no\/#website"},"primaryImageOfPage":{"@id":"https:\/\/raspberrypi.dk\/no\/produkt\/flirc-raspberry-pi-zero-heatsink-case\/#primaryimage"},"image":{"@id":"https:\/\/raspberrypi.dk\/no\/produkt\/flirc-raspberry-pi-zero-heatsink-case\/#primaryimage"},"thumbnailUrl":"https:\/\/raspberrypi.dk\/wp-content\/uploads\/2020\/05\/flirc-raspberry-pi-zero-case-3.jpg","datePublished":"2020-05-27T10:36:16+00:00","dateModified":"2026-01-04T02:39:19+00:00","breadcrumb":{"@id":"https:\/\/raspberrypi.dk\/no\/produkt\/flirc-raspberry-pi-zero-heatsink-case\/#breadcrumb"},"inLanguage":"nb-NO","potentialAction":[{"@type":"ReadAction","target":["https:\/\/raspberrypi.dk\/no\/produkt\/flirc-raspberry-pi-zero-heatsink-case\/"]}]},{"@type":"ImageObject","inLanguage":"nb-NO","@id":"https:\/\/raspberrypi.dk\/no\/produkt\/flirc-raspberry-pi-zero-heatsink-case\/#primaryimage","url":"https:\/\/raspberrypi.dk\/wp-content\/uploads\/2020\/05\/flirc-raspberry-pi-zero-case-3.jpg","contentUrl":"https:\/\/raspberrypi.dk\/wp-content\/uploads\/2020\/05\/flirc-raspberry-pi-zero-case-3.jpg","width":546,"height":408},{"@type":"BreadcrumbList","@id":"https:\/\/raspberrypi.dk\/no\/produkt\/flirc-raspberry-pi-zero-heatsink-case\/#breadcrumb","itemListElement":[{"@type":"ListItem","position":1,"name":"Hjem","item":"https:\/\/raspberrypi.dk\/no\/raspberry-pi-nettbutikk\/"},{"@type":"ListItem","position":2,"name":"Shop","item":"https:\/\/raspberrypi.dk\/no\/shop-2\/"},{"@type":"ListItem","position":3,"name":"Flirc Raspberry Pi Zero Heatsink Case"}]},{"@type":"WebSite","@id":"https:\/\/raspberrypi.dk\/no\/#website","url":"https:\/\/raspberrypi.dk\/no\/","name":"RaspberryPi.dk","description":"Danmarks f\u00f8rende Raspberry Pi side!","publisher":{"@id":"https:\/\/raspberrypi.dk\/no\/#organization"},"potentialAction":[{"@type":"SearchAction","target":{"@type":"EntryPoint","urlTemplate":"https:\/\/raspberrypi.dk\/no\/?s={search_term_string}"},"query-input":{"@type":"PropertyValueSpecification","valueRequired":true,"valueName":"search_term_string"}}],"inLanguage":"nb-NO"},{"@type":"Organization","@id":"https:\/\/raspberrypi.dk\/no\/#organization","name":"RaspberryPi.dk","url":"https:\/\/raspberrypi.dk\/no\/","logo":{"@type":"ImageObject","inLanguage":"nb-NO","@id":"https:\/\/raspberrypi.dk\/no\/#\/schema\/logo\/image\/","url":"https:\/\/raspberrypi.dk\/wp-content\/uploads\/2017\/05\/RaspberryPidk_logo-2.png","contentUrl":"https:\/\/raspberrypi.dk\/wp-content\/uploads\/2017\/05\/RaspberryPidk_logo-2.png","width":470,"height":110,"caption":"RaspberryPi.dk"},"image":{"@id":"https:\/\/raspberrypi.dk\/no\/#\/schema\/logo\/image\/"},"sameAs":["https:\/\/facebook.com\/RaspberryPiDanmark","https:\/\/x.com\/raspberrypidk","https:\/\/instagram.com\/raspberrypi.dk"]}]}},"_links":{"self":[{"href":"https:\/\/raspberrypi.dk\/no\/wp-json\/wp\/v2\/product\/131982","targetHints":{"allow":["GET"]}}],"collection":[{"href":"https:\/\/raspberrypi.dk\/no\/wp-json\/wp\/v2\/product"}],"about":[{"href":"https:\/\/raspberrypi.dk\/no\/wp-json\/wp\/v2\/types\/product"}],"replies":[{"embeddable":true,"href":"https:\/\/raspberrypi.dk\/no\/wp-json\/wp\/v2\/comments?post=131982"}],"wp:featuredmedia":[{"embeddable":true,"href":"https:\/\/raspberrypi.dk\/no\/wp-json\/wp\/v2\/media\/131985"}],"wp:attachment":[{"href":"https:\/\/raspberrypi.dk\/no\/wp-json\/wp\/v2\/media?parent=131982"}],"wp:term":[{"taxonomy":"product_brand","embeddable":true,"href":"https:\/\/raspberrypi.dk\/no\/wp-json\/wp\/v2\/product_brand?post=131982"},{"taxonomy":"product_cat","embeddable":true,"href":"https:\/\/raspberrypi.dk\/no\/wp-json\/wp\/v2\/product_cat?post=131982"},{"taxonomy":"product_tag","embeddable":true,"href":"https:\/\/raspberrypi.dk\/no\/wp-json\/wp\/v2\/product_tag?post=131982"}],"curies":[{"name":"wp","href":"https:\/\/api.w.org\/{rel}","templated":true}]}}