{"id":216976,"date":"2024-01-19T14:55:09","date_gmt":"2024-01-19T13:55:09","guid":{"rendered":"https:\/\/raspberrypi.dk\/produkt\/waveshare-poe-hat-f-til-raspberry-pi-5\/"},"modified":"2026-04-01T23:36:29","modified_gmt":"2026-04-01T21:36:29","slug":"waveshare-poe-hat-f-til-raspberry-pi-5","status":"publish","type":"product","link":"https:\/\/raspberrypi.dk\/no\/produkt\/waveshare-poe-hat-f-til-raspberry-pi-5\/","title":{"rendered":"Waveshare PoE HAT (F) til Raspberry Pi 5"},"content":{"rendered":"<h3>In the box<\/h3>\n<ol>\n<li>PoE HAT (F) x1<\/li>\n<li>Metal heatsink x1<\/li>\n<li>Thermal tape (3PCS) x1<\/li>\n<\/ol>\n<p><img decoding=\"async\" src=\"https:\/\/www.waveshare.com\/img\/devkit\/accBoard\/PoE-HAT-F\/PoE-HAT-F-details-pack.jpg\" \/><\/p>\n<div class=\"pdT\">\n<h3 class=\"richTitle\">POE HAT\u00a0For Raspberry Pi 5<\/h3>\n<p>Power Over Ethernet HAT For Raspberry Pi 5, Supports 802.3af\/at Network Standard<\/p>\n<p class=\"hilitBlock2 round1234 richDesc\">12V And 5V Power Outputs To Support More Peripherals<\/p>\n<p><img decoding=\"async\" src=\"https:\/\/www.waveshare.com\/img\/devkit\/accBoard\/PoE-HAT-F\/PoE-HAT-F-details-1.jpg\" \/><\/p>\n<\/div>\n<p>&nbsp;<\/p>\n<div>\n<h3 class=\"richTitle\">Features At A Glance<\/h3>\n<div class=\"bgGrey alignl subBlock\">\n<p>The\u00a0<strong>PoE HAT (F)<\/strong>\u00a0is a 802.3af\/at-compliant Power Over Ethernet accessory for the\u00a0<strong>Raspberry Pi 5<\/strong>. By using this small HAT and some proper 802.3af\/at-compliant power sourcing equipments, it is possible to provide both network connection and power supply for your Raspberry Pi in only one Ethernet cable.<\/p>\n<ul>\n<li>Standard Raspberry Pi 40PIN GPIO header, supports Raspberry Pi 5<\/li>\n<li>PoE (Power Over Ethernet) capability\uff0cIEEE 802.3af\/at-compliant<\/li>\n<li>Fully isolated switched-mode power supply (SMPS)<\/li>\n<li>Onboard high speed active cooling fan, with metal heatsink, better heat dissipation<\/li>\n<\/ul>\n<\/div>\n<\/div>\n<p>&nbsp;<\/p>\n<div>\n<h3 class=\"richTitle\">Specifications<\/h3>\n<table class=\"tabSty-2 mgnTB alignl\">\n<tbody>\n<tr>\n<th>POE POWER INPUT<\/th>\n<td>37V ~ 57V DC in<\/td>\n<\/tr>\n<tr>\n<th>POWER OUTPUT<\/th>\n<td>GPIO header: 5V 4.5A (MAX)<br \/>\n2P header: 12V 2A (MAX)<\/td>\n<\/tr>\n<tr>\n<th>DIMENSIONS<\/th>\n<td>56.5 \u00d7 70.0mm<\/td>\n<\/tr>\n<tr>\n<th>NETWORK STANDARD<\/th>\n<td>IEEE\u00a0802.3af\/at PoE<\/td>\n<\/tr>\n<\/tbody>\n<\/table>\n<\/div>\n<p>&nbsp;<\/p>\n<div>\n<h3 class=\"richTitle\">Suitable For Raspberry Pi 5<\/h3>\n<p class=\"richDesc\">Standard Raspberry Pi 40PIN GPIO Stackable Header, Allows Connecting Other HATs<\/p>\n<p><img decoding=\"async\" src=\"https:\/\/www.waveshare.com\/img\/devkit\/accBoard\/PoE-HAT-F\/PoE-HAT-F-details-3.jpg\" \/><\/p>\n<\/div>\n<p>&nbsp;<\/p>\n<div>\n<h3 class=\"richTitle\">Power Over Ethernet<\/h3>\n<p class=\"richDesc\">Providing Both Network Connection And Power Supply For Your Raspberry Pi In One Cable<\/p>\n<p><img decoding=\"async\" src=\"https:\/\/www.waveshare.com\/img\/devkit\/accBoard\/PoE-HAT-F\/PoE-HAT-F-details-5.jpg\" \/><\/p>\n<div class=\"msg msg_warning\">* for reference only, the\u00a0Raspberry Pi 5\u00a0and switch are NOT included.<\/div>\n<\/div>\n<p>&nbsp;<\/p>\n<div>\n<h3 class=\"richTitle\">Onboard 5V &amp; 12V Header Outputs<\/h3>\n<p class=\"richDesc\">5V Header Provides Up To 4.5A Output (MAX 25W For 12V+5V Total Output Power)<br \/>\nBe Able To Power Extra Devices While Providing Stable Power To Raspberry Pi<\/p>\n<p><img decoding=\"async\" src=\"https:\/\/www.waveshare.com\/img\/devkit\/accBoard\/PoE-HAT-F\/PoE-HAT-F-details-7.jpg\" \/><\/p>\n<\/div>\n<div>\n<h3 class=\"richTitle\">Active Cooling Fan<\/h3>\n<p class=\"richDesc\">Accelerate Cooling Effect, More Stable Performance<\/p>\n<p><img decoding=\"async\" src=\"https:\/\/www.waveshare.com\/img\/devkit\/accBoard\/PoE-HAT-F\/PoE-HAT-F-details-9.jpg\" \/><\/p>\n<\/div>\n<div>\n<h3 class=\"richTitle\">Onboard MP8759GD Buck Chip<\/h3>\n<p class=\"richDesc\">Incorporates Original Voltage Buck Chip<br \/>\nProviding Up To 5A Under Sufficient Heat Dissipation Condition<\/p>\n<p><img decoding=\"async\" src=\"https:\/\/www.waveshare.com\/img\/devkit\/accBoard\/PoE-HAT-F\/PoE-HAT-F-details-11.jpg\" \/><\/p>\n<\/div>\n<div>\n<h3 class=\"richTitle\">How To Install<\/h3>\n<p class=\"richDesc\">Attach The Thermal Tapes First, Then Install Metal Heatsink And Fix The PoE HAT<\/p>\n<p><img decoding=\"async\" src=\"https:\/\/www.waveshare.com\/img\/devkit\/accBoard\/PoE-HAT-F\/PoE-HAT-F-details-13.jpg\" \/><\/p>\n<p class=\"note\">* for reference only, please refer to the Package Content for detailed part list<\/p>\n<\/div>\n<p>&nbsp;<\/p>\n<div>\n<h3 class=\"richTitle\">Product Show<\/h3>\n<p><img decoding=\"async\" src=\"https:\/\/www.waveshare.com\/img\/devkit\/accBoard\/PoE-HAT-F\/PoE-HAT-F-details-15.jpg\" \/><\/p>\n<\/div>\n<div>\n<h3 class=\"richTitle\">Outline Dimensions<\/h3>\n<p><img decoding=\"async\" src=\"https:\/\/www.waveshare.com\/img\/devkit\/accBoard\/PoE-HAT-F\/PoE-HAT-F-details-size.jpg\" \/><\/p>\n<\/div>\n<div><\/div>\n<div>\n<div class=\"bgGrey\">\n<h3><strong>WIKI:\u00a0<\/strong><a href=\"http:\/\/www.waveshare.com\/wiki\/PoE_HAT_(F)\" target=\"_blank\" rel=\"noopener\">www.waveshare.com\/wiki\/PoE_HAT_(F)<\/a><\/h3>\n<\/div>\n<\/div>\n","protected":false},"excerpt":{"rendered":"<p>Power Over Ethernet HAT (F) for Raspberry Pi 5, h\u00f8yeffekt, innebygd kj\u00f8levifte, med kj\u00f8leribbe av metall, st\u00f8tter 802.3af\/At Network Standard.<\/p>\n","protected":false},"featured_media":214159,"comment_status":"open","ping_status":"closed","template":"","meta":[],"product_brand":[],"product_cat":[597,605],"product_tag":[703],"class_list":{"0":"post-216976","1":"product","2":"type-product","3":"status-publish","4":"has-post-thumbnail","6":"product_cat-raspberry-pi-hats-gpio-no","7":"product_cat-raspberry-pi-stromforsyninger-no","8":"product_tag-rpi5-no","10":"first","11":"instock","12":"taxable","13":"shipping-taxable","14":"purchasable","15":"product-type-simple"},"composite_virtual":false,"composite_layout":"","composite_add_to_cart_form_location":"","composite_editable_in_cart":false,"composite_sold_individually_context":"","composite_shop_price_calc":"","composite_components":[],"composite_scenarios":[],"bundled_by":[],"bundle_stock_status":"instock","bundle_stock_quantity":13,"bundle_virtual":false,"bundle_layout":"","bundle_add_to_cart_form_location":"","bundle_editable_in_cart":false,"bundle_sold_individually_context":"","bundle_item_grouping":"","bundle_min_size":"","bundle_max_size":"","bundle_price":[],"bundled_items":[],"bundle_sell_ids":[],"yoast_head":"<!-- This site is optimized with the Yoast SEO plugin v27.1.1 - https:\/\/yoast.com\/product\/yoast-seo-wordpress\/ -->\n<title>Waveshare PoE HAT (F) til Raspberry Pi 5 \u2022 RaspberryPi.dk<\/title>\n<meta name=\"robots\" content=\"index, follow, max-snippet:-1, max-image-preview:large, max-video-preview:-1\" \/>\n<link rel=\"canonical\" href=\"https:\/\/raspberrypi.dk\/no\/produkt\/waveshare-poe-hat-f-til-raspberry-pi-5\/\" \/>\n<meta property=\"og:locale\" content=\"nb_NO\" \/>\n<meta property=\"og:type\" content=\"article\" \/>\n<meta property=\"og:title\" content=\"Waveshare PoE HAT (F) til Raspberry Pi 5 \u2022 RaspberryPi.dk\" \/>\n<meta property=\"og:description\" content=\"Power Over Ethernet HAT (F) for Raspberry Pi 5, h\u00f8yeffekt, innebygd kj\u00f8levifte, med kj\u00f8leribbe av metall, st\u00f8tter 802.3af\/At Network Standard.\" \/>\n<meta property=\"og:url\" content=\"https:\/\/raspberrypi.dk\/no\/produkt\/waveshare-poe-hat-f-til-raspberry-pi-5\/\" \/>\n<meta property=\"og:site_name\" content=\"RaspberryPi.dk\" \/>\n<meta property=\"article:publisher\" content=\"https:\/\/facebook.com\/RaspberryPiDanmark\" \/>\n<meta property=\"article:modified_time\" content=\"2026-04-01T21:36:29+00:00\" \/>\n<meta property=\"og:image\" content=\"https:\/\/raspberrypi.dk\/wp-content\/uploads\/2024\/01\/2024-01-05-11-50-43-808.jpg\" \/>\n\t<meta property=\"og:image:width\" content=\"800\" \/>\n\t<meta property=\"og:image:height\" content=\"800\" \/>\n\t<meta property=\"og:image:type\" content=\"image\/jpeg\" \/>\n<meta name=\"twitter:card\" content=\"summary_large_image\" \/>\n<meta name=\"twitter:site\" content=\"@raspberrypidk\" \/>\n<meta name=\"twitter:label1\" content=\"Ansl. lesetid\" \/>\n\t<meta name=\"twitter:data1\" content=\"4 minutter\" \/>\n<script type=\"application\/ld+json\" class=\"yoast-schema-graph\">{\"@context\":\"https:\/\/schema.org\",\"@graph\":[{\"@type\":\"WebPage\",\"@id\":\"https:\/\/raspberrypi.dk\/no\/produkt\/waveshare-poe-hat-f-til-raspberry-pi-5\/\",\"url\":\"https:\/\/raspberrypi.dk\/no\/produkt\/waveshare-poe-hat-f-til-raspberry-pi-5\/\",\"name\":\"Waveshare PoE HAT (F) til Raspberry Pi 5 \u2022 RaspberryPi.dk\",\"isPartOf\":{\"@id\":\"https:\/\/raspberrypi.dk\/no\/#website\"},\"primaryImageOfPage\":{\"@id\":\"https:\/\/raspberrypi.dk\/no\/produkt\/waveshare-poe-hat-f-til-raspberry-pi-5\/#primaryimage\"},\"image\":{\"@id\":\"https:\/\/raspberrypi.dk\/no\/produkt\/waveshare-poe-hat-f-til-raspberry-pi-5\/#primaryimage\"},\"thumbnailUrl\":\"https:\/\/raspberrypi.dk\/wp-content\/uploads\/2024\/01\/2024-01-05-11-50-43-808.jpg\",\"datePublished\":\"2024-01-19T13:55:09+00:00\",\"dateModified\":\"2026-04-01T21:36:29+00:00\",\"breadcrumb\":{\"@id\":\"https:\/\/raspberrypi.dk\/no\/produkt\/waveshare-poe-hat-f-til-raspberry-pi-5\/#breadcrumb\"},\"inLanguage\":\"nb-NO\",\"potentialAction\":[{\"@type\":\"ReadAction\",\"target\":[\"https:\/\/raspberrypi.dk\/no\/produkt\/waveshare-poe-hat-f-til-raspberry-pi-5\/\"]}]},{\"@type\":\"ImageObject\",\"inLanguage\":\"nb-NO\",\"@id\":\"https:\/\/raspberrypi.dk\/no\/produkt\/waveshare-poe-hat-f-til-raspberry-pi-5\/#primaryimage\",\"url\":\"https:\/\/raspberrypi.dk\/wp-content\/uploads\/2024\/01\/2024-01-05-11-50-43-808.jpg\",\"contentUrl\":\"https:\/\/raspberrypi.dk\/wp-content\/uploads\/2024\/01\/2024-01-05-11-50-43-808.jpg\",\"width\":800,\"height\":800,\"caption\":\"Waveshare PoE HAT (F) Raspberry Pi 5\"},{\"@type\":\"BreadcrumbList\",\"@id\":\"https:\/\/raspberrypi.dk\/no\/produkt\/waveshare-poe-hat-f-til-raspberry-pi-5\/#breadcrumb\",\"itemListElement\":[{\"@type\":\"ListItem\",\"position\":1,\"name\":\"Hjem\",\"item\":\"https:\/\/raspberrypi.dk\/no\/raspberry-pi-nettbutikk\/\"},{\"@type\":\"ListItem\",\"position\":2,\"name\":\"Shop\",\"item\":\"https:\/\/raspberrypi.dk\/no\/shop-2\/\"},{\"@type\":\"ListItem\",\"position\":3,\"name\":\"Waveshare PoE HAT (F) til Raspberry Pi 5\"}]},{\"@type\":\"WebSite\",\"@id\":\"https:\/\/raspberrypi.dk\/no\/#website\",\"url\":\"https:\/\/raspberrypi.dk\/no\/\",\"name\":\"RaspberryPi.dk\",\"description\":\"Danmarks f\u00f8rende Raspberry Pi side!\",\"publisher\":{\"@id\":\"https:\/\/raspberrypi.dk\/no\/#organization\"},\"potentialAction\":[{\"@type\":\"SearchAction\",\"target\":{\"@type\":\"EntryPoint\",\"urlTemplate\":\"https:\/\/raspberrypi.dk\/no\/?s={search_term_string}\"},\"query-input\":{\"@type\":\"PropertyValueSpecification\",\"valueRequired\":true,\"valueName\":\"search_term_string\"}}],\"inLanguage\":\"nb-NO\"},{\"@type\":\"Organization\",\"@id\":\"https:\/\/raspberrypi.dk\/no\/#organization\",\"name\":\"RaspberryPi.dk\",\"url\":\"https:\/\/raspberrypi.dk\/no\/\",\"logo\":{\"@type\":\"ImageObject\",\"inLanguage\":\"nb-NO\",\"@id\":\"https:\/\/raspberrypi.dk\/no\/#\/schema\/logo\/image\/\",\"url\":\"https:\/\/raspberrypi.dk\/wp-content\/uploads\/2017\/05\/RaspberryPidk_logo-2.png\",\"contentUrl\":\"https:\/\/raspberrypi.dk\/wp-content\/uploads\/2017\/05\/RaspberryPidk_logo-2.png\",\"width\":470,\"height\":110,\"caption\":\"RaspberryPi.dk\"},\"image\":{\"@id\":\"https:\/\/raspberrypi.dk\/no\/#\/schema\/logo\/image\/\"},\"sameAs\":[\"https:\/\/facebook.com\/RaspberryPiDanmark\",\"https:\/\/x.com\/raspberrypidk\",\"https:\/\/instagram.com\/raspberrypi.dk\"]}]}<\/script>\n<!-- \/ Yoast SEO plugin. -->","yoast_head_json":{"title":"Waveshare PoE HAT (F) til Raspberry Pi 5 \u2022 RaspberryPi.dk","robots":{"index":"index","follow":"follow","max-snippet":"max-snippet:-1","max-image-preview":"max-image-preview:large","max-video-preview":"max-video-preview:-1"},"canonical":"https:\/\/raspberrypi.dk\/no\/produkt\/waveshare-poe-hat-f-til-raspberry-pi-5\/","og_locale":"nb_NO","og_type":"article","og_title":"Waveshare PoE HAT (F) til Raspberry Pi 5 \u2022 RaspberryPi.dk","og_description":"Power Over Ethernet HAT (F) for Raspberry Pi 5, h\u00f8yeffekt, innebygd kj\u00f8levifte, med kj\u00f8leribbe av metall, st\u00f8tter 802.3af\/At Network Standard.","og_url":"https:\/\/raspberrypi.dk\/no\/produkt\/waveshare-poe-hat-f-til-raspberry-pi-5\/","og_site_name":"RaspberryPi.dk","article_publisher":"https:\/\/facebook.com\/RaspberryPiDanmark","article_modified_time":"2026-04-01T21:36:29+00:00","og_image":[{"width":800,"height":800,"url":"https:\/\/raspberrypi.dk\/wp-content\/uploads\/2024\/01\/2024-01-05-11-50-43-808.jpg","type":"image\/jpeg"}],"twitter_card":"summary_large_image","twitter_site":"@raspberrypidk","twitter_misc":{"Ansl. lesetid":"4 minutter"},"schema":{"@context":"https:\/\/schema.org","@graph":[{"@type":"WebPage","@id":"https:\/\/raspberrypi.dk\/no\/produkt\/waveshare-poe-hat-f-til-raspberry-pi-5\/","url":"https:\/\/raspberrypi.dk\/no\/produkt\/waveshare-poe-hat-f-til-raspberry-pi-5\/","name":"Waveshare PoE HAT (F) til Raspberry Pi 5 \u2022 RaspberryPi.dk","isPartOf":{"@id":"https:\/\/raspberrypi.dk\/no\/#website"},"primaryImageOfPage":{"@id":"https:\/\/raspberrypi.dk\/no\/produkt\/waveshare-poe-hat-f-til-raspberry-pi-5\/#primaryimage"},"image":{"@id":"https:\/\/raspberrypi.dk\/no\/produkt\/waveshare-poe-hat-f-til-raspberry-pi-5\/#primaryimage"},"thumbnailUrl":"https:\/\/raspberrypi.dk\/wp-content\/uploads\/2024\/01\/2024-01-05-11-50-43-808.jpg","datePublished":"2024-01-19T13:55:09+00:00","dateModified":"2026-04-01T21:36:29+00:00","breadcrumb":{"@id":"https:\/\/raspberrypi.dk\/no\/produkt\/waveshare-poe-hat-f-til-raspberry-pi-5\/#breadcrumb"},"inLanguage":"nb-NO","potentialAction":[{"@type":"ReadAction","target":["https:\/\/raspberrypi.dk\/no\/produkt\/waveshare-poe-hat-f-til-raspberry-pi-5\/"]}]},{"@type":"ImageObject","inLanguage":"nb-NO","@id":"https:\/\/raspberrypi.dk\/no\/produkt\/waveshare-poe-hat-f-til-raspberry-pi-5\/#primaryimage","url":"https:\/\/raspberrypi.dk\/wp-content\/uploads\/2024\/01\/2024-01-05-11-50-43-808.jpg","contentUrl":"https:\/\/raspberrypi.dk\/wp-content\/uploads\/2024\/01\/2024-01-05-11-50-43-808.jpg","width":800,"height":800,"caption":"Waveshare PoE HAT (F) Raspberry Pi 5"},{"@type":"BreadcrumbList","@id":"https:\/\/raspberrypi.dk\/no\/produkt\/waveshare-poe-hat-f-til-raspberry-pi-5\/#breadcrumb","itemListElement":[{"@type":"ListItem","position":1,"name":"Hjem","item":"https:\/\/raspberrypi.dk\/no\/raspberry-pi-nettbutikk\/"},{"@type":"ListItem","position":2,"name":"Shop","item":"https:\/\/raspberrypi.dk\/no\/shop-2\/"},{"@type":"ListItem","position":3,"name":"Waveshare PoE HAT (F) til Raspberry Pi 5"}]},{"@type":"WebSite","@id":"https:\/\/raspberrypi.dk\/no\/#website","url":"https:\/\/raspberrypi.dk\/no\/","name":"RaspberryPi.dk","description":"Danmarks f\u00f8rende Raspberry Pi side!","publisher":{"@id":"https:\/\/raspberrypi.dk\/no\/#organization"},"potentialAction":[{"@type":"SearchAction","target":{"@type":"EntryPoint","urlTemplate":"https:\/\/raspberrypi.dk\/no\/?s={search_term_string}"},"query-input":{"@type":"PropertyValueSpecification","valueRequired":true,"valueName":"search_term_string"}}],"inLanguage":"nb-NO"},{"@type":"Organization","@id":"https:\/\/raspberrypi.dk\/no\/#organization","name":"RaspberryPi.dk","url":"https:\/\/raspberrypi.dk\/no\/","logo":{"@type":"ImageObject","inLanguage":"nb-NO","@id":"https:\/\/raspberrypi.dk\/no\/#\/schema\/logo\/image\/","url":"https:\/\/raspberrypi.dk\/wp-content\/uploads\/2017\/05\/RaspberryPidk_logo-2.png","contentUrl":"https:\/\/raspberrypi.dk\/wp-content\/uploads\/2017\/05\/RaspberryPidk_logo-2.png","width":470,"height":110,"caption":"RaspberryPi.dk"},"image":{"@id":"https:\/\/raspberrypi.dk\/no\/#\/schema\/logo\/image\/"},"sameAs":["https:\/\/facebook.com\/RaspberryPiDanmark","https:\/\/x.com\/raspberrypidk","https:\/\/instagram.com\/raspberrypi.dk"]}]}},"_links":{"self":[{"href":"https:\/\/raspberrypi.dk\/no\/wp-json\/wp\/v2\/product\/216976","targetHints":{"allow":["GET"]}}],"collection":[{"href":"https:\/\/raspberrypi.dk\/no\/wp-json\/wp\/v2\/product"}],"about":[{"href":"https:\/\/raspberrypi.dk\/no\/wp-json\/wp\/v2\/types\/product"}],"replies":[{"embeddable":true,"href":"https:\/\/raspberrypi.dk\/no\/wp-json\/wp\/v2\/comments?post=216976"}],"wp:featuredmedia":[{"embeddable":true,"href":"https:\/\/raspberrypi.dk\/no\/wp-json\/wp\/v2\/media\/214159"}],"wp:attachment":[{"href":"https:\/\/raspberrypi.dk\/no\/wp-json\/wp\/v2\/media?parent=216976"}],"wp:term":[{"taxonomy":"product_brand","embeddable":true,"href":"https:\/\/raspberrypi.dk\/no\/wp-json\/wp\/v2\/product_brand?post=216976"},{"taxonomy":"product_cat","embeddable":true,"href":"https:\/\/raspberrypi.dk\/no\/wp-json\/wp\/v2\/product_cat?post=216976"},{"taxonomy":"product_tag","embeddable":true,"href":"https:\/\/raspberrypi.dk\/no\/wp-json\/wp\/v2\/product_tag?post=216976"}],"curies":[{"name":"wp","href":"https:\/\/api.w.org\/{rel}","templated":true}]}}