{"id":216991,"date":"2024-01-11T09:45:17","date_gmt":"2024-01-11T08:45:17","guid":{"rendered":"https:\/\/raspberrypi.dk\/produkt\/argon-thrml-30mm-active-cooler\/"},"modified":"2026-01-28T20:04:53","modified_gmt":"2026-01-28T19:04:53","slug":"argon-thrml-30mm-active-cooler","status":"publish","type":"product","link":"https:\/\/raspberrypi.dk\/no\/produkt\/argon-thrml-30mm-active-cooler\/","title":{"rendered":"Argon THRML 30mm Active Cooler"},"content":{"rendered":"<ul>\n<li class=\"li1\"><b>Argon THRML Active Cooler\u00a0<\/b>fits on top of the Raspberry Pi 5 to keep it cool while keeping the small form factor<\/li>\n<li class=\"li1\"><b>Maximize heat dissipation<\/b>\u00a0away from the<strong>\u00a0<\/strong>Raspberry Pi 5 with the large\u00a0<strong>aluminum heatsink<\/strong><\/li>\n<li class=\"li1\"><strong>Tunnel Type Radiator\u00a0<\/strong>heatsink design to maximize synergy with the active cooling from the\u00a0<strong>30mm PWM blower fan<\/strong><\/li>\n<li class=\"li1\"><strong>Integrated 30mm PWM blower fan<\/strong>\u00a0helps cool down the Raspberry Pi 5 faster<\/li>\n<li class=\"li1\"><strong>Quick\u00a0snap on and push pins<\/strong>\u00a0for easy mounting on Raspberry Pi 5<\/li>\n<li>Comes in\u00a0<strong>black of silver finish<\/strong><\/li>\n<\/ul>\n<h2 class=\"c-type-display c-product-slice__heading\">Specification<\/h2>\n<div class=\"c-wysiwyg c-product-slice__content\">\n<div>\n<ul>\n<li><strong>Input voltage:\u00a0<\/strong>5V DC supplied via four-pin fan header on Raspberry Pi 5<\/li>\n<li><strong>Fan speed control:\u00a0<\/strong>Pulse width modulation control with tachometer<\/li>\n<li><strong>Maximum airflow:\u00a0<\/strong>1.09 CFM<\/li>\n<li><strong>Maximum fan speed:\u00a0<\/strong>8000 RPM +\/- 15%<\/li>\n<li><strong>Product material:\u00a0<\/strong>Aluminum<\/li>\n<\/ul>\n<\/div>\n<\/div>\n","protected":false},"excerpt":{"rendered":"<p>Argon THRML Active Cooler passer p\u00e5 toppen av Raspberry Pi 5 for \u00e5 holde den kj\u00f8lig samtidig som den beholder den lille formfaktoren.<\/p>\n","protected":false},"featured_media":212508,"comment_status":"open","ping_status":"closed","template":"","meta":[],"product_brand":[],"product_cat":[594],"product_tag":[703],"class_list":{"0":"post-216991","1":"product","2":"type-product","3":"status-publish","4":"has-post-thumbnail","6":"product_cat-raspberry-pi-cases-no","7":"product_tag-rpi5-no","9":"first","10":"instock","11":"taxable","12":"shipping-taxable","13":"purchasable","14":"product-type-variable","15":"has-default-attributes"},"composite_virtual":false,"composite_layout":"","composite_add_to_cart_form_location":"","composite_editable_in_cart":false,"composite_sold_individually_context":"","composite_shop_price_calc":"","composite_components":[],"composite_scenarios":[],"bundled_by":[],"bundle_stock_status":"instock","bundle_stock_quantity":null,"bundle_virtual":false,"bundle_layout":"","bundle_add_to_cart_form_location":"","bundle_editable_in_cart":false,"bundle_sold_individually_context":"","bundle_item_grouping":"","bundle_min_size":"","bundle_max_size":"","bundle_price":[],"bundled_items":[],"bundle_sell_ids":[],"yoast_head":"<!-- This site is optimized with the Yoast SEO plugin v27.1.1 - https:\/\/yoast.com\/product\/yoast-seo-wordpress\/ -->\n<title>Argon THRML 30mm Active Cooler \u2022 RaspberryPi.dk<\/title>\n<meta name=\"robots\" content=\"index, follow, max-snippet:-1, max-image-preview:large, max-video-preview:-1\" \/>\n<link rel=\"canonical\" href=\"https:\/\/raspberrypi.dk\/no\/produkt\/argon-thrml-30mm-active-cooler\/\" \/>\n<meta property=\"og:locale\" content=\"nb_NO\" \/>\n<meta property=\"og:type\" content=\"article\" \/>\n<meta property=\"og:title\" content=\"Argon THRML 30mm Active Cooler \u2022 RaspberryPi.dk\" \/>\n<meta property=\"og:description\" content=\"Argon THRML Active Cooler passer p\u00e5 toppen av Raspberry Pi 5 for \u00e5 holde den kj\u00f8lig samtidig som den beholder den lille formfaktoren.\" \/>\n<meta property=\"og:url\" content=\"https:\/\/raspberrypi.dk\/no\/produkt\/argon-thrml-30mm-active-cooler\/\" \/>\n<meta property=\"og:site_name\" content=\"RaspberryPi.dk\" \/>\n<meta property=\"article:publisher\" content=\"https:\/\/facebook.com\/RaspberryPiDanmark\" \/>\n<meta property=\"article:modified_time\" content=\"2026-01-28T19:04:53+00:00\" \/>\n<meta property=\"og:image\" content=\"https:\/\/raspberrypi.dk\/wp-content\/uploads\/2024\/01\/AR-THRML_BLCK_30mm_01_713x.webp\" \/>\n\t<meta property=\"og:image:width\" content=\"713\" \/>\n\t<meta property=\"og:image:height\" content=\"713\" \/>\n\t<meta property=\"og:image:type\" content=\"image\/webp\" \/>\n<meta name=\"twitter:card\" content=\"summary_large_image\" \/>\n<meta name=\"twitter:site\" content=\"@raspberrypidk\" \/>\n<meta name=\"twitter:label1\" content=\"Ansl. lesetid\" \/>\n\t<meta name=\"twitter:data1\" content=\"1 minutt\" \/>\n<script type=\"application\/ld+json\" class=\"yoast-schema-graph\">{\"@context\":\"https:\/\/schema.org\",\"@graph\":[{\"@type\":\"WebPage\",\"@id\":\"https:\/\/raspberrypi.dk\/no\/produkt\/argon-thrml-30mm-active-cooler\/\",\"url\":\"https:\/\/raspberrypi.dk\/no\/produkt\/argon-thrml-30mm-active-cooler\/\",\"name\":\"Argon THRML 30mm Active Cooler \u2022 RaspberryPi.dk\",\"isPartOf\":{\"@id\":\"https:\/\/raspberrypi.dk\/no\/#website\"},\"primaryImageOfPage\":{\"@id\":\"https:\/\/raspberrypi.dk\/no\/produkt\/argon-thrml-30mm-active-cooler\/#primaryimage\"},\"image\":{\"@id\":\"https:\/\/raspberrypi.dk\/no\/produkt\/argon-thrml-30mm-active-cooler\/#primaryimage\"},\"thumbnailUrl\":\"https:\/\/raspberrypi.dk\/wp-content\/uploads\/2024\/01\/AR-THRML_BLCK_30mm_01_713x.webp\",\"datePublished\":\"2024-01-11T08:45:17+00:00\",\"dateModified\":\"2026-01-28T19:04:53+00:00\",\"breadcrumb\":{\"@id\":\"https:\/\/raspberrypi.dk\/no\/produkt\/argon-thrml-30mm-active-cooler\/#breadcrumb\"},\"inLanguage\":\"nb-NO\",\"potentialAction\":[{\"@type\":\"ReadAction\",\"target\":[\"https:\/\/raspberrypi.dk\/no\/produkt\/argon-thrml-30mm-active-cooler\/\"]}]},{\"@type\":\"ImageObject\",\"inLanguage\":\"nb-NO\",\"@id\":\"https:\/\/raspberrypi.dk\/no\/produkt\/argon-thrml-30mm-active-cooler\/#primaryimage\",\"url\":\"https:\/\/raspberrypi.dk\/wp-content\/uploads\/2024\/01\/AR-THRML_BLCK_30mm_01_713x.webp\",\"contentUrl\":\"https:\/\/raspberrypi.dk\/wp-content\/uploads\/2024\/01\/AR-THRML_BLCK_30mm_01_713x.webp\",\"width\":713,\"height\":713,\"caption\":\"Argon THRML 30mm Active Cooler\"},{\"@type\":\"BreadcrumbList\",\"@id\":\"https:\/\/raspberrypi.dk\/no\/produkt\/argon-thrml-30mm-active-cooler\/#breadcrumb\",\"itemListElement\":[{\"@type\":\"ListItem\",\"position\":1,\"name\":\"Hjem\",\"item\":\"https:\/\/raspberrypi.dk\/no\/raspberry-pi-nettbutikk\/\"},{\"@type\":\"ListItem\",\"position\":2,\"name\":\"Shop\",\"item\":\"https:\/\/raspberrypi.dk\/no\/shop-2\/\"},{\"@type\":\"ListItem\",\"position\":3,\"name\":\"Argon THRML 30mm Active Cooler\"}]},{\"@type\":\"WebSite\",\"@id\":\"https:\/\/raspberrypi.dk\/no\/#website\",\"url\":\"https:\/\/raspberrypi.dk\/no\/\",\"name\":\"RaspberryPi.dk\",\"description\":\"Danmarks f\u00f8rende Raspberry Pi side!\",\"publisher\":{\"@id\":\"https:\/\/raspberrypi.dk\/no\/#organization\"},\"potentialAction\":[{\"@type\":\"SearchAction\",\"target\":{\"@type\":\"EntryPoint\",\"urlTemplate\":\"https:\/\/raspberrypi.dk\/no\/?s={search_term_string}\"},\"query-input\":{\"@type\":\"PropertyValueSpecification\",\"valueRequired\":true,\"valueName\":\"search_term_string\"}}],\"inLanguage\":\"nb-NO\"},{\"@type\":\"Organization\",\"@id\":\"https:\/\/raspberrypi.dk\/no\/#organization\",\"name\":\"RaspberryPi.dk\",\"url\":\"https:\/\/raspberrypi.dk\/no\/\",\"logo\":{\"@type\":\"ImageObject\",\"inLanguage\":\"nb-NO\",\"@id\":\"https:\/\/raspberrypi.dk\/no\/#\/schema\/logo\/image\/\",\"url\":\"https:\/\/raspberrypi.dk\/wp-content\/uploads\/2017\/05\/RaspberryPidk_logo-2.png\",\"contentUrl\":\"https:\/\/raspberrypi.dk\/wp-content\/uploads\/2017\/05\/RaspberryPidk_logo-2.png\",\"width\":470,\"height\":110,\"caption\":\"RaspberryPi.dk\"},\"image\":{\"@id\":\"https:\/\/raspberrypi.dk\/no\/#\/schema\/logo\/image\/\"},\"sameAs\":[\"https:\/\/facebook.com\/RaspberryPiDanmark\",\"https:\/\/x.com\/raspberrypidk\",\"https:\/\/instagram.com\/raspberrypi.dk\"]}]}<\/script>\n<!-- \/ Yoast SEO plugin. -->","yoast_head_json":{"title":"Argon THRML 30mm Active Cooler \u2022 RaspberryPi.dk","robots":{"index":"index","follow":"follow","max-snippet":"max-snippet:-1","max-image-preview":"max-image-preview:large","max-video-preview":"max-video-preview:-1"},"canonical":"https:\/\/raspberrypi.dk\/no\/produkt\/argon-thrml-30mm-active-cooler\/","og_locale":"nb_NO","og_type":"article","og_title":"Argon THRML 30mm Active Cooler \u2022 RaspberryPi.dk","og_description":"Argon THRML Active Cooler passer p\u00e5 toppen av Raspberry Pi 5 for \u00e5 holde den kj\u00f8lig samtidig som den beholder den lille formfaktoren.","og_url":"https:\/\/raspberrypi.dk\/no\/produkt\/argon-thrml-30mm-active-cooler\/","og_site_name":"RaspberryPi.dk","article_publisher":"https:\/\/facebook.com\/RaspberryPiDanmark","article_modified_time":"2026-01-28T19:04:53+00:00","og_image":[{"width":713,"height":713,"url":"https:\/\/raspberrypi.dk\/wp-content\/uploads\/2024\/01\/AR-THRML_BLCK_30mm_01_713x.webp","type":"image\/webp"}],"twitter_card":"summary_large_image","twitter_site":"@raspberrypidk","twitter_misc":{"Ansl. lesetid":"1 minutt"},"schema":{"@context":"https:\/\/schema.org","@graph":[{"@type":"WebPage","@id":"https:\/\/raspberrypi.dk\/no\/produkt\/argon-thrml-30mm-active-cooler\/","url":"https:\/\/raspberrypi.dk\/no\/produkt\/argon-thrml-30mm-active-cooler\/","name":"Argon THRML 30mm Active Cooler \u2022 RaspberryPi.dk","isPartOf":{"@id":"https:\/\/raspberrypi.dk\/no\/#website"},"primaryImageOfPage":{"@id":"https:\/\/raspberrypi.dk\/no\/produkt\/argon-thrml-30mm-active-cooler\/#primaryimage"},"image":{"@id":"https:\/\/raspberrypi.dk\/no\/produkt\/argon-thrml-30mm-active-cooler\/#primaryimage"},"thumbnailUrl":"https:\/\/raspberrypi.dk\/wp-content\/uploads\/2024\/01\/AR-THRML_BLCK_30mm_01_713x.webp","datePublished":"2024-01-11T08:45:17+00:00","dateModified":"2026-01-28T19:04:53+00:00","breadcrumb":{"@id":"https:\/\/raspberrypi.dk\/no\/produkt\/argon-thrml-30mm-active-cooler\/#breadcrumb"},"inLanguage":"nb-NO","potentialAction":[{"@type":"ReadAction","target":["https:\/\/raspberrypi.dk\/no\/produkt\/argon-thrml-30mm-active-cooler\/"]}]},{"@type":"ImageObject","inLanguage":"nb-NO","@id":"https:\/\/raspberrypi.dk\/no\/produkt\/argon-thrml-30mm-active-cooler\/#primaryimage","url":"https:\/\/raspberrypi.dk\/wp-content\/uploads\/2024\/01\/AR-THRML_BLCK_30mm_01_713x.webp","contentUrl":"https:\/\/raspberrypi.dk\/wp-content\/uploads\/2024\/01\/AR-THRML_BLCK_30mm_01_713x.webp","width":713,"height":713,"caption":"Argon THRML 30mm Active Cooler"},{"@type":"BreadcrumbList","@id":"https:\/\/raspberrypi.dk\/no\/produkt\/argon-thrml-30mm-active-cooler\/#breadcrumb","itemListElement":[{"@type":"ListItem","position":1,"name":"Hjem","item":"https:\/\/raspberrypi.dk\/no\/raspberry-pi-nettbutikk\/"},{"@type":"ListItem","position":2,"name":"Shop","item":"https:\/\/raspberrypi.dk\/no\/shop-2\/"},{"@type":"ListItem","position":3,"name":"Argon THRML 30mm Active Cooler"}]},{"@type":"WebSite","@id":"https:\/\/raspberrypi.dk\/no\/#website","url":"https:\/\/raspberrypi.dk\/no\/","name":"RaspberryPi.dk","description":"Danmarks f\u00f8rende Raspberry Pi side!","publisher":{"@id":"https:\/\/raspberrypi.dk\/no\/#organization"},"potentialAction":[{"@type":"SearchAction","target":{"@type":"EntryPoint","urlTemplate":"https:\/\/raspberrypi.dk\/no\/?s={search_term_string}"},"query-input":{"@type":"PropertyValueSpecification","valueRequired":true,"valueName":"search_term_string"}}],"inLanguage":"nb-NO"},{"@type":"Organization","@id":"https:\/\/raspberrypi.dk\/no\/#organization","name":"RaspberryPi.dk","url":"https:\/\/raspberrypi.dk\/no\/","logo":{"@type":"ImageObject","inLanguage":"nb-NO","@id":"https:\/\/raspberrypi.dk\/no\/#\/schema\/logo\/image\/","url":"https:\/\/raspberrypi.dk\/wp-content\/uploads\/2017\/05\/RaspberryPidk_logo-2.png","contentUrl":"https:\/\/raspberrypi.dk\/wp-content\/uploads\/2017\/05\/RaspberryPidk_logo-2.png","width":470,"height":110,"caption":"RaspberryPi.dk"},"image":{"@id":"https:\/\/raspberrypi.dk\/no\/#\/schema\/logo\/image\/"},"sameAs":["https:\/\/facebook.com\/RaspberryPiDanmark","https:\/\/x.com\/raspberrypidk","https:\/\/instagram.com\/raspberrypi.dk"]}]}},"_links":{"self":[{"href":"https:\/\/raspberrypi.dk\/no\/wp-json\/wp\/v2\/product\/216991","targetHints":{"allow":["GET"]}}],"collection":[{"href":"https:\/\/raspberrypi.dk\/no\/wp-json\/wp\/v2\/product"}],"about":[{"href":"https:\/\/raspberrypi.dk\/no\/wp-json\/wp\/v2\/types\/product"}],"replies":[{"embeddable":true,"href":"https:\/\/raspberrypi.dk\/no\/wp-json\/wp\/v2\/comments?post=216991"}],"wp:featuredmedia":[{"embeddable":true,"href":"https:\/\/raspberrypi.dk\/no\/wp-json\/wp\/v2\/media\/212508"}],"wp:attachment":[{"href":"https:\/\/raspberrypi.dk\/no\/wp-json\/wp\/v2\/media?parent=216991"}],"wp:term":[{"taxonomy":"product_brand","embeddable":true,"href":"https:\/\/raspberrypi.dk\/no\/wp-json\/wp\/v2\/product_brand?post=216991"},{"taxonomy":"product_cat","embeddable":true,"href":"https:\/\/raspberrypi.dk\/no\/wp-json\/wp\/v2\/product_cat?post=216991"},{"taxonomy":"product_tag","embeddable":true,"href":"https:\/\/raspberrypi.dk\/no\/wp-json\/wp\/v2\/product_tag?post=216991"}],"curies":[{"name":"wp","href":"https:\/\/api.w.org\/{rel}","templated":true}]}}