{"id":217014,"date":"2023-12-01T13:56:24","date_gmt":"2023-12-01T12:56:24","guid":{"rendered":"https:\/\/raspberrypi.dk\/produkt\/flirc-raspberry-pi-5-heatsink-case\/"},"modified":"2026-04-04T17:14:14","modified_gmt":"2026-04-04T15:14:14","slug":"flirc-raspberry-pi-5-heatsink-case","status":"publish","type":"product","link":"https:\/\/raspberrypi.dk\/no\/produkt\/flirc-raspberry-pi-5-heatsink-case\/","title":{"rendered":"Flirc Raspberry Pi 5 Heatsink Case"},"content":{"rendered":"<div class=\"hero-container\">\n<div class=\"hero pi4s wf-section\">\n<div class=\"hero-gradient\">\n<div class=\"container-4 w-container\"><span style=\"font-size: 1.618em\">Flirc Raspberry Pi 5 Heatsink Case<\/span><\/div>\n<\/div>\n<\/div>\n<div id=\"Overview\" class=\"heroshotdescription wf-section\">\n<div class=\"container-14 w-container\">\n<div class=\"ortho-image\"><img decoding=\"async\" class=\"orthodesktop\" src=\"https:\/\/cdn.shopify.com\/s\/files\/1\/0643\/2204\/4136\/files\/RPi_5_Silver.png?v=1695869156\" alt=\"Flirc Raspberry Pi 5 Case\" \/><\/div>\n<div>\n<div class=\"hero-container\">\n<div id=\"Overview\" class=\"heroshotdescription wf-section\">\n<ul class=\"product-bullet-points\" role=\"list\">\n<li class=\"bullet-point-feature\">V\u00e5rt elskede mediesenterdeksel, n\u00e5 skreddersydd for Raspberry Pi 5<\/li>\n<li class=\"bullet-point-feature\">Inkluderer termisk tape og fire skruer for problemfri oppsett<\/li>\n<li class=\"bullet-point-feature\">Tilgang til GPIO- og kortkontakter via det slanke bunndekselet<\/li>\n<li class=\"bullet-point-feature\">Enkel tilgang til str\u00f8mknappen og LED-indikatorene &#8211; uten problemer!<\/li>\n<\/ul>\n<\/div>\n<\/div>\n<\/div>\n<\/div>\n<\/div>\n<\/div>\n<div class=\"firstimagetransition wf-section\">\n<div class=\"_1stimagetransitioncontent\">\n<h3 class=\"_1stimageheading white\">What&#8217;s in the box<\/h3>\n<p class=\"_1stimagetext white\">We include everything you need. The Raspberry Pi 5 case, a high efficient thermal pad and for your convenience four screws.<\/p>\n<\/div>\n<\/div>\n<div class=\"small-features-container\">\n<div class=\"smallfeatures pi4s\">\n<div class=\"container-7 w-container\">\n<div class=\"div-block-45 _1\">\n<div class=\"small-feature-image-container left main\"><img decoding=\"async\" class=\"image-21\" src=\"https:\/\/flirc.tv\/cdn\/shop\/files\/SFI1.jpg?v=9295721474765602336\" alt=\"\" \/><\/div>\n<div class=\"small-feature-text-container right\">\n<h3 class=\"heading-small-features\">Built-in Heat Sink!<\/h3>\n<p class=\"small-feature-text\">This is the first affordable Raspberry Pi case made out of aluminum. We wanted to ensure we didn\u2019t sacrifice form over function, so we used the aluminum housing of the case to provide a built in heat sink. Supplied with the case is a thermal pad and 4 screws for the simplest Raspberry Pi case assembly on the market. It only takes seconds to drop your Raspberry Pi into it\u2019s amazing new home and show it off on your counter.<\/p>\n<\/div>\n<\/div>\n<\/div>\n<div class=\"container-7 w-container\">\n<div class=\"div-block-45 _2\">\n<div class=\"small-feature-text-container left\">\n<h3 class=\"heading-small-features\">Stability and Access<\/h3>\n<p class=\"small-feature-text\">We included rubber feet to raise the enclosure so it just hovers underneath your television. In addition to the built in heat sink, small ventilation slots on the bottom help keep the Raspberry Pi cool. GPIO pins are accessible through the slot on the bottom of the case and there is no need for disassembly to get to the SD card. We know you will love the attention to detail we put in throughout the case.<\/p>\n<\/div>\n<div class=\"small-feature-image-container right main\"><img decoding=\"async\" class=\"image-21\" src=\"https:\/\/flirc.tv\/cdn\/shop\/files\/SFI2.jpg?v=16961850730952248253\" alt=\"\" \/><\/div>\n<\/div>\n<\/div>\n<div class=\"container-7 w-container\">\n<div class=\"div-block-45 _1\">\n<div class=\"small-feature-image-container left main\"><img decoding=\"async\" class=\"image-21\" src=\"https:\/\/flirc.tv\/cdn\/shop\/files\/SFI3.jpg?v=15145406859656633305\" alt=\"\" \/><\/div>\n<div class=\"small-feature-text-container right\">\n<h2><\/h2>\n<h3 class=\"heading-small-features\">Power Button and LED Support<\/h3>\n<p class=\"small-feature-text\">The Raspberry 5 power button is natively supported on the Raspberry Pi 5 case by Flirc. Activity LEDs are also clearly visible.<\/p>\n<\/div>\n<\/div>\n<\/div>\n<\/div>\n<\/div>\n<div id=\"Spec1\" class=\"tech-tab-section wf-section\">\n<div class=\"info-dropdown pi4s\">\n<div class=\"w-tabs\" data-current=\"Specs\" data-easing=\"ease-in-out\" data-duration-in=\"300\" data-duration-out=\"100\">\n<div class=\"tabs-content w-tab-content\">\n<div id=\"w-tabs-0-data-w-pane-0\" class=\"w-tab-pane w--tab-active\" role=\"tabpanel\" data-w-tab=\"Specs\" aria-labelledby=\"w-tabs-0-data-w-tab-0\">\n<div class=\"specs-container skip1s\">\n<div class=\"tabs-content w-tab-content\">\n<div id=\"w-tabs-0-data-w-pane-0\" class=\"w-tab-pane w--tab-active\" role=\"tabpanel\" data-w-tab=\"Specs\" aria-labelledby=\"w-tabs-0-data-w-tab-0\">\n<div class=\"specs-container skip1s\">\n<div class=\"div-block-106 skip1s\">\n<div class=\"specs-column skip1s\">\n<h3 class=\"specs-content header\">Technical Specifications<\/h3>\n<div class=\"specs-content\">\n<p class=\"specs-content text header\"><strong>Materials<\/strong><br \/>\nAluminum<br \/>\n\u200dABS plastic<\/p>\n<\/div>\n<\/div>\n<div class=\"specs-column skip1s\">\n<h3 class=\"specs-content header\">Packaging Dimensions<\/h3>\n<div class=\"specs-content\">\n<p class=\"specs-content text\">Length: 3.5 in<br \/>\nWidth: 1 in<br \/>\nHeight: 2.5 in<br \/>\nWeight: 5.00 oz<\/p>\n<\/div>\n<\/div>\n<div class=\"specs-column skip1s\">\n<h3 class=\"specs-content header\">Packaging Contents<\/h3>\n<div class=\"specs-content\">\n<p class=\"specs-content text header\">Case<br \/>\nCase bottom<br \/>\nScrews<br \/>\nThermal Pad<\/p>\n<\/div>\n<\/div>\n<\/div>\n<p><img decoding=\"async\" class=\"specwideimage\" src=\"https:\/\/cdn.shopify.com\/s\/files\/1\/0643\/2204\/4136\/files\/rkQybqLY.png?v=1697610454\" alt=\"Flirc Raspberry Pi 5 Case\" width=\"704\" height=\"320\" \/><\/p>\n<\/div>\n<\/div>\n<\/div>\n<\/div>\n<\/div>\n<\/div>\n<\/div>\n<\/div>\n<\/div>\n","protected":false},"excerpt":{"rendered":"<p>Det perfekte dekselet til din Raspberry Pi 5. Vi har gitt tilgang til str\u00f8mknappen og forbedret den med LED-st\u00f8tte. Nyt den velkjente kj\u00f8leribben i aluminium, plassert mellom to matt sorte, myke paneler. Skreddersydd for \u00e5 passe rett inn i underholdningsoppsettet ditt.<\/p>\n","protected":false},"featured_media":205776,"comment_status":"open","ping_status":"closed","template":"","meta":[],"product_brand":[],"product_cat":[594],"product_tag":[703],"class_list":{"0":"post-217014","1":"product","2":"type-product","3":"status-publish","4":"has-post-thumbnail","6":"product_cat-raspberry-pi-cases-no","7":"product_tag-rpi5-no","9":"first","10":"outofstock","11":"taxable","12":"shipping-taxable","13":"purchasable","14":"product-type-simple"},"composite_virtual":false,"composite_layout":"","composite_add_to_cart_form_location":"","composite_editable_in_cart":false,"composite_sold_individually_context":"","composite_shop_price_calc":"","composite_components":[],"composite_scenarios":[],"bundled_by":[],"bundle_stock_status":"outofstock","bundle_stock_quantity":0,"bundle_virtual":false,"bundle_layout":"","bundle_add_to_cart_form_location":"","bundle_editable_in_cart":false,"bundle_sold_individually_context":"","bundle_item_grouping":"","bundle_min_size":"","bundle_max_size":"","bundle_price":[],"bundled_items":[],"bundle_sell_ids":[],"yoast_head":"<!-- This site is optimized with the Yoast SEO plugin v27.1.1 - https:\/\/yoast.com\/product\/yoast-seo-wordpress\/ -->\n<title>Flirc Raspberry Pi 5 Heatsink Case \u2022 RaspberryPi.dk<\/title>\n<meta name=\"robots\" content=\"index, follow, max-snippet:-1, max-image-preview:large, max-video-preview:-1\" \/>\n<link rel=\"canonical\" href=\"https:\/\/raspberrypi.dk\/no\/produkt\/flirc-raspberry-pi-5-heatsink-case\/\" \/>\n<meta property=\"og:locale\" content=\"nb_NO\" \/>\n<meta property=\"og:type\" content=\"article\" \/>\n<meta property=\"og:title\" content=\"Flirc Raspberry Pi 5 Heatsink Case \u2022 RaspberryPi.dk\" \/>\n<meta property=\"og:description\" content=\"Det perfekte dekselet til din Raspberry Pi 5. Vi har gitt tilgang til str\u00f8mknappen og forbedret den med LED-st\u00f8tte. Nyt den velkjente kj\u00f8leribben i aluminium, plassert mellom to matt sorte, myke paneler. Skreddersydd for \u00e5 passe rett inn i underholdningsoppsettet ditt.\" \/>\n<meta property=\"og:url\" content=\"https:\/\/raspberrypi.dk\/no\/produkt\/flirc-raspberry-pi-5-heatsink-case\/\" \/>\n<meta property=\"og:site_name\" content=\"RaspberryPi.dk\" \/>\n<meta property=\"article:publisher\" content=\"https:\/\/facebook.com\/RaspberryPiDanmark\" \/>\n<meta property=\"article:modified_time\" content=\"2026-04-04T15:14:14+00:00\" \/>\n<meta property=\"og:image\" content=\"https:\/\/raspberrypi.dk\/wp-content\/uploads\/2023\/12\/Amazon-1.png\" \/>\n\t<meta property=\"og:image:width\" content=\"1280\" \/>\n\t<meta property=\"og:image:height\" content=\"1280\" \/>\n\t<meta property=\"og:image:type\" content=\"image\/png\" \/>\n<meta name=\"twitter:card\" content=\"summary_large_image\" \/>\n<meta name=\"twitter:site\" content=\"@raspberrypidk\" \/>\n<meta name=\"twitter:label1\" content=\"Ansl. lesetid\" \/>\n\t<meta name=\"twitter:data1\" content=\"3 minutter\" \/>\n<script type=\"application\/ld+json\" class=\"yoast-schema-graph\">{\"@context\":\"https:\/\/schema.org\",\"@graph\":[{\"@type\":\"WebPage\",\"@id\":\"https:\/\/raspberrypi.dk\/no\/produkt\/flirc-raspberry-pi-5-heatsink-case\/\",\"url\":\"https:\/\/raspberrypi.dk\/no\/produkt\/flirc-raspberry-pi-5-heatsink-case\/\",\"name\":\"Flirc Raspberry Pi 5 Heatsink Case \u2022 RaspberryPi.dk\",\"isPartOf\":{\"@id\":\"https:\/\/raspberrypi.dk\/no\/#website\"},\"primaryImageOfPage\":{\"@id\":\"https:\/\/raspberrypi.dk\/no\/produkt\/flirc-raspberry-pi-5-heatsink-case\/#primaryimage\"},\"image\":{\"@id\":\"https:\/\/raspberrypi.dk\/no\/produkt\/flirc-raspberry-pi-5-heatsink-case\/#primaryimage\"},\"thumbnailUrl\":\"https:\/\/raspberrypi.dk\/wp-content\/uploads\/2023\/12\/Amazon-1.png\",\"datePublished\":\"2023-12-01T12:56:24+00:00\",\"dateModified\":\"2026-04-04T15:14:14+00:00\",\"breadcrumb\":{\"@id\":\"https:\/\/raspberrypi.dk\/no\/produkt\/flirc-raspberry-pi-5-heatsink-case\/#breadcrumb\"},\"inLanguage\":\"nb-NO\",\"potentialAction\":[{\"@type\":\"ReadAction\",\"target\":[\"https:\/\/raspberrypi.dk\/no\/produkt\/flirc-raspberry-pi-5-heatsink-case\/\"]}]},{\"@type\":\"ImageObject\",\"inLanguage\":\"nb-NO\",\"@id\":\"https:\/\/raspberrypi.dk\/no\/produkt\/flirc-raspberry-pi-5-heatsink-case\/#primaryimage\",\"url\":\"https:\/\/raspberrypi.dk\/wp-content\/uploads\/2023\/12\/Amazon-1.png\",\"contentUrl\":\"https:\/\/raspberrypi.dk\/wp-content\/uploads\/2023\/12\/Amazon-1.png\",\"width\":1280,\"height\":1280,\"caption\":\"Flirc Raspberry Pi 5 Case\"},{\"@type\":\"BreadcrumbList\",\"@id\":\"https:\/\/raspberrypi.dk\/no\/produkt\/flirc-raspberry-pi-5-heatsink-case\/#breadcrumb\",\"itemListElement\":[{\"@type\":\"ListItem\",\"position\":1,\"name\":\"Hjem\",\"item\":\"https:\/\/raspberrypi.dk\/no\/raspberry-pi-nettbutikk\/\"},{\"@type\":\"ListItem\",\"position\":2,\"name\":\"Shop\",\"item\":\"https:\/\/raspberrypi.dk\/no\/shop-2\/\"},{\"@type\":\"ListItem\",\"position\":3,\"name\":\"Flirc Raspberry Pi 5 Heatsink Case\"}]},{\"@type\":\"WebSite\",\"@id\":\"https:\/\/raspberrypi.dk\/no\/#website\",\"url\":\"https:\/\/raspberrypi.dk\/no\/\",\"name\":\"RaspberryPi.dk\",\"description\":\"Danmarks f\u00f8rende Raspberry Pi side!\",\"publisher\":{\"@id\":\"https:\/\/raspberrypi.dk\/no\/#organization\"},\"potentialAction\":[{\"@type\":\"SearchAction\",\"target\":{\"@type\":\"EntryPoint\",\"urlTemplate\":\"https:\/\/raspberrypi.dk\/no\/?s={search_term_string}\"},\"query-input\":{\"@type\":\"PropertyValueSpecification\",\"valueRequired\":true,\"valueName\":\"search_term_string\"}}],\"inLanguage\":\"nb-NO\"},{\"@type\":\"Organization\",\"@id\":\"https:\/\/raspberrypi.dk\/no\/#organization\",\"name\":\"RaspberryPi.dk\",\"url\":\"https:\/\/raspberrypi.dk\/no\/\",\"logo\":{\"@type\":\"ImageObject\",\"inLanguage\":\"nb-NO\",\"@id\":\"https:\/\/raspberrypi.dk\/no\/#\/schema\/logo\/image\/\",\"url\":\"https:\/\/raspberrypi.dk\/wp-content\/uploads\/2017\/05\/RaspberryPidk_logo-2.png\",\"contentUrl\":\"https:\/\/raspberrypi.dk\/wp-content\/uploads\/2017\/05\/RaspberryPidk_logo-2.png\",\"width\":470,\"height\":110,\"caption\":\"RaspberryPi.dk\"},\"image\":{\"@id\":\"https:\/\/raspberrypi.dk\/no\/#\/schema\/logo\/image\/\"},\"sameAs\":[\"https:\/\/facebook.com\/RaspberryPiDanmark\",\"https:\/\/x.com\/raspberrypidk\",\"https:\/\/instagram.com\/raspberrypi.dk\"]}]}<\/script>\n<!-- \/ Yoast SEO plugin. -->","yoast_head_json":{"title":"Flirc Raspberry Pi 5 Heatsink Case \u2022 RaspberryPi.dk","robots":{"index":"index","follow":"follow","max-snippet":"max-snippet:-1","max-image-preview":"max-image-preview:large","max-video-preview":"max-video-preview:-1"},"canonical":"https:\/\/raspberrypi.dk\/no\/produkt\/flirc-raspberry-pi-5-heatsink-case\/","og_locale":"nb_NO","og_type":"article","og_title":"Flirc Raspberry Pi 5 Heatsink Case \u2022 RaspberryPi.dk","og_description":"Det perfekte dekselet til din Raspberry Pi 5. Vi har gitt tilgang til str\u00f8mknappen og forbedret den med LED-st\u00f8tte. Nyt den velkjente kj\u00f8leribben i aluminium, plassert mellom to matt sorte, myke paneler. Skreddersydd for \u00e5 passe rett inn i underholdningsoppsettet ditt.","og_url":"https:\/\/raspberrypi.dk\/no\/produkt\/flirc-raspberry-pi-5-heatsink-case\/","og_site_name":"RaspberryPi.dk","article_publisher":"https:\/\/facebook.com\/RaspberryPiDanmark","article_modified_time":"2026-04-04T15:14:14+00:00","og_image":[{"width":1280,"height":1280,"url":"https:\/\/raspberrypi.dk\/wp-content\/uploads\/2023\/12\/Amazon-1.png","type":"image\/png"}],"twitter_card":"summary_large_image","twitter_site":"@raspberrypidk","twitter_misc":{"Ansl. lesetid":"3 minutter"},"schema":{"@context":"https:\/\/schema.org","@graph":[{"@type":"WebPage","@id":"https:\/\/raspberrypi.dk\/no\/produkt\/flirc-raspberry-pi-5-heatsink-case\/","url":"https:\/\/raspberrypi.dk\/no\/produkt\/flirc-raspberry-pi-5-heatsink-case\/","name":"Flirc Raspberry Pi 5 Heatsink Case \u2022 RaspberryPi.dk","isPartOf":{"@id":"https:\/\/raspberrypi.dk\/no\/#website"},"primaryImageOfPage":{"@id":"https:\/\/raspberrypi.dk\/no\/produkt\/flirc-raspberry-pi-5-heatsink-case\/#primaryimage"},"image":{"@id":"https:\/\/raspberrypi.dk\/no\/produkt\/flirc-raspberry-pi-5-heatsink-case\/#primaryimage"},"thumbnailUrl":"https:\/\/raspberrypi.dk\/wp-content\/uploads\/2023\/12\/Amazon-1.png","datePublished":"2023-12-01T12:56:24+00:00","dateModified":"2026-04-04T15:14:14+00:00","breadcrumb":{"@id":"https:\/\/raspberrypi.dk\/no\/produkt\/flirc-raspberry-pi-5-heatsink-case\/#breadcrumb"},"inLanguage":"nb-NO","potentialAction":[{"@type":"ReadAction","target":["https:\/\/raspberrypi.dk\/no\/produkt\/flirc-raspberry-pi-5-heatsink-case\/"]}]},{"@type":"ImageObject","inLanguage":"nb-NO","@id":"https:\/\/raspberrypi.dk\/no\/produkt\/flirc-raspberry-pi-5-heatsink-case\/#primaryimage","url":"https:\/\/raspberrypi.dk\/wp-content\/uploads\/2023\/12\/Amazon-1.png","contentUrl":"https:\/\/raspberrypi.dk\/wp-content\/uploads\/2023\/12\/Amazon-1.png","width":1280,"height":1280,"caption":"Flirc Raspberry Pi 5 Case"},{"@type":"BreadcrumbList","@id":"https:\/\/raspberrypi.dk\/no\/produkt\/flirc-raspberry-pi-5-heatsink-case\/#breadcrumb","itemListElement":[{"@type":"ListItem","position":1,"name":"Hjem","item":"https:\/\/raspberrypi.dk\/no\/raspberry-pi-nettbutikk\/"},{"@type":"ListItem","position":2,"name":"Shop","item":"https:\/\/raspberrypi.dk\/no\/shop-2\/"},{"@type":"ListItem","position":3,"name":"Flirc Raspberry Pi 5 Heatsink Case"}]},{"@type":"WebSite","@id":"https:\/\/raspberrypi.dk\/no\/#website","url":"https:\/\/raspberrypi.dk\/no\/","name":"RaspberryPi.dk","description":"Danmarks f\u00f8rende Raspberry Pi side!","publisher":{"@id":"https:\/\/raspberrypi.dk\/no\/#organization"},"potentialAction":[{"@type":"SearchAction","target":{"@type":"EntryPoint","urlTemplate":"https:\/\/raspberrypi.dk\/no\/?s={search_term_string}"},"query-input":{"@type":"PropertyValueSpecification","valueRequired":true,"valueName":"search_term_string"}}],"inLanguage":"nb-NO"},{"@type":"Organization","@id":"https:\/\/raspberrypi.dk\/no\/#organization","name":"RaspberryPi.dk","url":"https:\/\/raspberrypi.dk\/no\/","logo":{"@type":"ImageObject","inLanguage":"nb-NO","@id":"https:\/\/raspberrypi.dk\/no\/#\/schema\/logo\/image\/","url":"https:\/\/raspberrypi.dk\/wp-content\/uploads\/2017\/05\/RaspberryPidk_logo-2.png","contentUrl":"https:\/\/raspberrypi.dk\/wp-content\/uploads\/2017\/05\/RaspberryPidk_logo-2.png","width":470,"height":110,"caption":"RaspberryPi.dk"},"image":{"@id":"https:\/\/raspberrypi.dk\/no\/#\/schema\/logo\/image\/"},"sameAs":["https:\/\/facebook.com\/RaspberryPiDanmark","https:\/\/x.com\/raspberrypidk","https:\/\/instagram.com\/raspberrypi.dk"]}]}},"_links":{"self":[{"href":"https:\/\/raspberrypi.dk\/no\/wp-json\/wp\/v2\/product\/217014","targetHints":{"allow":["GET"]}}],"collection":[{"href":"https:\/\/raspberrypi.dk\/no\/wp-json\/wp\/v2\/product"}],"about":[{"href":"https:\/\/raspberrypi.dk\/no\/wp-json\/wp\/v2\/types\/product"}],"replies":[{"embeddable":true,"href":"https:\/\/raspberrypi.dk\/no\/wp-json\/wp\/v2\/comments?post=217014"}],"wp:featuredmedia":[{"embeddable":true,"href":"https:\/\/raspberrypi.dk\/no\/wp-json\/wp\/v2\/media\/205776"}],"wp:attachment":[{"href":"https:\/\/raspberrypi.dk\/no\/wp-json\/wp\/v2\/media?parent=217014"}],"wp:term":[{"taxonomy":"product_brand","embeddable":true,"href":"https:\/\/raspberrypi.dk\/no\/wp-json\/wp\/v2\/product_brand?post=217014"},{"taxonomy":"product_cat","embeddable":true,"href":"https:\/\/raspberrypi.dk\/no\/wp-json\/wp\/v2\/product_cat?post=217014"},{"taxonomy":"product_tag","embeddable":true,"href":"https:\/\/raspberrypi.dk\/no\/wp-json\/wp\/v2\/product_tag?post=217014"}],"curies":[{"name":"wp","href":"https:\/\/api.w.org\/{rel}","templated":true}]}}