{"id":217071,"date":"2023-09-28T08:03:30","date_gmt":"2023-09-28T06:03:30","guid":{"rendered":"https:\/\/raspberrypi.dk\/produkt\/officiel-raspberry-pi-5-usb-c-stroemforsyning-eu-5v-5a-svart\/"},"modified":"2026-04-09T10:01:29","modified_gmt":"2026-04-09T08:01:29","slug":"officiel-raspberry-pi-5-usb-c-stroemforsyning-eu-5v-5a-svart","status":"publish","type":"product","link":"https:\/\/raspberrypi.dk\/no\/produkt\/officiel-raspberry-pi-5-usb-c-stroemforsyning-eu-5v-5a-svart\/","title":{"rendered":"Offisiell Raspberry Pi 27W USB-C Str\u00f8mforsyning &#8211; EU &#8211; 5V 5A &#8211; Svart"},"content":{"rendered":"<p>Den nye 27W USB-C PD-str\u00f8mforsyningen (Power Delivery) vil levere maksimalt 5,1V 5A, noe som gj\u00f8r at Raspberry Pi 5 kan drive et bredere spekter av periferiutstyr. Den totale str\u00f8mmen som trekkes fra de fire USB-portene p\u00e5 Raspberry Pi 5 er begrenset til en nominell 600mA som standard; denne grensen \u00f8kes automatisk til en nominell 1,6A n\u00e5r denne USB-C PD-str\u00f8mforsyningen oppdages.<\/p>\n<p>USB-C PD-str\u00f8mforsyningen er ogs\u00e5 i stand til \u00e5 levere 3A @ 9V, 2,25A @ 12V og 1,8A @ 15V til PD-kompatible produkter, noe som gj\u00f8r den til en god kostnadseffektiv str\u00f8mforsyning for mange generelle form\u00e5l, ikke-bringeb\u00e6r applikasjoner Pi-brukstilfeller.<\/p>\n<p><strong>Specifikationer<\/strong><\/p>\n<ul>\n<li>Input: 100-240VAC<\/li>\n<li>Output: 5A @ 5.1V, 3A @ 9V, 2.25A @ 12V, 1.8A @ 15V<\/li>\n<li>Connector: USB-C<\/li>\n<li>Cable: 1.2m, 18awg<\/li>\n<li>Colour: Svart<\/li>\n<li>Plug type: Europe (type C)<\/li>\n<\/ul>\n<p class=\"c-type-base\">The Raspberry Pi 27W USB-C Power Supply is an ideal power supply for Raspberry Pi 5, especially for users who wish to drive high-power peripherals such as hard drives and SSDs from Raspberry Pi 5&#8217;s four Type A USB ports. Additional built-in power profiles mean the Raspberry Pi 27W USB-C Power Supply is also an excellent option for powering third-party PD-compatible products. The available profiles are 9V, 3A; 12V, 2.25A; and 15V, 1.8A, all limited to a maximum of 27W.<\/p>\n<h2 class=\"c-type-display c-product-slice__heading\">Documents<\/h2>\n<div class=\"c-wysiwyg\">\n<ul>\n<li><a href=\"https:\/\/datasheets.raspberrypi.com\/power-supply\/27w-usb-c-power-supply-product-brief.pdf\">Raspberry Pi 27W USB-C Power Supply product brief<\/a><\/li>\n<\/ul>\n<\/div>\n","protected":false},"excerpt":{"rendered":"<p><strong>Den riktige str\u00f8mforsyningen til din Raspberry Pi 5 med 27W!<\/strong><\/p>\n","protected":false},"featured_media":227078,"comment_status":"open","ping_status":"closed","template":"","meta":[],"product_brand":[],"product_cat":[605],"product_tag":[717,703],"class_list":{"0":"post-217071","1":"product","2":"type-product","3":"status-publish","4":"has-post-thumbnail","6":"product_cat-raspberry-pi-stromforsyninger-no","7":"product_tag-rpi4-no","8":"product_tag-rpi5-no","10":"first","11":"instock","12":"taxable","13":"shipping-taxable","14":"purchasable","15":"product-type-simple"},"composite_virtual":false,"composite_layout":"","composite_add_to_cart_form_location":"","composite_editable_in_cart":false,"composite_sold_individually_context":"","composite_shop_price_calc":"","composite_components":[],"composite_scenarios":[],"bundled_by":[],"bundle_stock_status":"instock","bundle_stock_quantity":128,"bundle_virtual":false,"bundle_layout":"","bundle_add_to_cart_form_location":"","bundle_editable_in_cart":false,"bundle_sold_individually_context":"","bundle_item_grouping":"","bundle_min_size":"","bundle_max_size":"","bundle_price":[],"bundled_items":[],"bundle_sell_ids":[],"yoast_head":"<!-- This site is optimized with the Yoast SEO plugin v27.1.1 - https:\/\/yoast.com\/product\/yoast-seo-wordpress\/ -->\n<title>Offisiell Raspberry Pi 27W USB-C Str\u00f8mforsyning - EU - 5V 5A - Svart \u2022 RaspberryPi.dk<\/title>\n<meta name=\"robots\" content=\"index, follow, max-snippet:-1, max-image-preview:large, max-video-preview:-1\" \/>\n<link rel=\"canonical\" href=\"https:\/\/raspberrypi.dk\/no\/produkt\/officiel-raspberry-pi-5-usb-c-stroemforsyning-eu-5v-5a-svart\/\" \/>\n<meta property=\"og:locale\" content=\"nb_NO\" \/>\n<meta property=\"og:type\" content=\"article\" \/>\n<meta property=\"og:title\" content=\"Offisiell Raspberry Pi 27W USB-C Str\u00f8mforsyning - EU - 5V 5A - Svart \u2022 RaspberryPi.dk\" \/>\n<meta property=\"og:description\" content=\"Den riktige str\u00f8mforsyningen til din Raspberry Pi 5 med 27W!\" \/>\n<meta property=\"og:url\" content=\"https:\/\/raspberrypi.dk\/no\/produkt\/officiel-raspberry-pi-5-usb-c-stroemforsyning-eu-5v-5a-svart\/\" \/>\n<meta property=\"og:site_name\" content=\"RaspberryPi.dk\" \/>\n<meta property=\"article:publisher\" content=\"https:\/\/facebook.com\/RaspberryPiDanmark\" \/>\n<meta property=\"article:modified_time\" content=\"2026-04-09T08:01:29+00:00\" \/>\n<meta property=\"og:image\" content=\"https:\/\/raspberrypi.dk\/wp-content\/uploads\/2023\/09\/27w-pi-5-power-supply-black-box.png\" \/>\n\t<meta property=\"og:image:width\" content=\"934\" \/>\n\t<meta property=\"og:image:height\" content=\"981\" \/>\n\t<meta property=\"og:image:type\" content=\"image\/png\" \/>\n<meta name=\"twitter:card\" content=\"summary_large_image\" \/>\n<meta name=\"twitter:site\" content=\"@raspberrypidk\" \/>\n<meta name=\"twitter:label1\" content=\"Ansl. lesetid\" \/>\n\t<meta name=\"twitter:data1\" content=\"2 minutter\" \/>\n<script type=\"application\/ld+json\" class=\"yoast-schema-graph\">{\"@context\":\"https:\/\/schema.org\",\"@graph\":[{\"@type\":\"WebPage\",\"@id\":\"https:\/\/raspberrypi.dk\/no\/produkt\/officiel-raspberry-pi-5-usb-c-stroemforsyning-eu-5v-5a-svart\/\",\"url\":\"https:\/\/raspberrypi.dk\/no\/produkt\/officiel-raspberry-pi-5-usb-c-stroemforsyning-eu-5v-5a-svart\/\",\"name\":\"Offisiell Raspberry Pi 27W USB-C Str\u00f8mforsyning - EU - 5V 5A - Svart \u2022 RaspberryPi.dk\",\"isPartOf\":{\"@id\":\"https:\/\/raspberrypi.dk\/no\/#website\"},\"primaryImageOfPage\":{\"@id\":\"https:\/\/raspberrypi.dk\/no\/produkt\/officiel-raspberry-pi-5-usb-c-stroemforsyning-eu-5v-5a-svart\/#primaryimage\"},\"image\":{\"@id\":\"https:\/\/raspberrypi.dk\/no\/produkt\/officiel-raspberry-pi-5-usb-c-stroemforsyning-eu-5v-5a-svart\/#primaryimage\"},\"thumbnailUrl\":\"https:\/\/raspberrypi.dk\/wp-content\/uploads\/2023\/09\/27w-pi-5-power-supply-black-box.png\",\"datePublished\":\"2023-09-28T06:03:30+00:00\",\"dateModified\":\"2026-04-09T08:01:29+00:00\",\"breadcrumb\":{\"@id\":\"https:\/\/raspberrypi.dk\/no\/produkt\/officiel-raspberry-pi-5-usb-c-stroemforsyning-eu-5v-5a-svart\/#breadcrumb\"},\"inLanguage\":\"nb-NO\",\"potentialAction\":[{\"@type\":\"ReadAction\",\"target\":[\"https:\/\/raspberrypi.dk\/no\/produkt\/officiel-raspberry-pi-5-usb-c-stroemforsyning-eu-5v-5a-svart\/\"]}]},{\"@type\":\"ImageObject\",\"inLanguage\":\"nb-NO\",\"@id\":\"https:\/\/raspberrypi.dk\/no\/produkt\/officiel-raspberry-pi-5-usb-c-stroemforsyning-eu-5v-5a-svart\/#primaryimage\",\"url\":\"https:\/\/raspberrypi.dk\/wp-content\/uploads\/2023\/09\/27w-pi-5-power-supply-black-box.png\",\"contentUrl\":\"https:\/\/raspberrypi.dk\/wp-content\/uploads\/2023\/09\/27w-pi-5-power-supply-black-box.png\",\"width\":934,\"height\":981},{\"@type\":\"BreadcrumbList\",\"@id\":\"https:\/\/raspberrypi.dk\/no\/produkt\/officiel-raspberry-pi-5-usb-c-stroemforsyning-eu-5v-5a-svart\/#breadcrumb\",\"itemListElement\":[{\"@type\":\"ListItem\",\"position\":1,\"name\":\"Hjem\",\"item\":\"https:\/\/raspberrypi.dk\/no\/raspberry-pi-nettbutikk\/\"},{\"@type\":\"ListItem\",\"position\":2,\"name\":\"Shop\",\"item\":\"https:\/\/raspberrypi.dk\/no\/shop-2\/\"},{\"@type\":\"ListItem\",\"position\":3,\"name\":\"Offisiell Raspberry Pi 27W USB-C Str\u00f8mforsyning &#8211; EU &#8211; 5V 5A &#8211; Svart\"}]},{\"@type\":\"WebSite\",\"@id\":\"https:\/\/raspberrypi.dk\/no\/#website\",\"url\":\"https:\/\/raspberrypi.dk\/no\/\",\"name\":\"RaspberryPi.dk\",\"description\":\"Danmarks f\u00f8rende Raspberry Pi side!\",\"publisher\":{\"@id\":\"https:\/\/raspberrypi.dk\/no\/#organization\"},\"potentialAction\":[{\"@type\":\"SearchAction\",\"target\":{\"@type\":\"EntryPoint\",\"urlTemplate\":\"https:\/\/raspberrypi.dk\/no\/?s={search_term_string}\"},\"query-input\":{\"@type\":\"PropertyValueSpecification\",\"valueRequired\":true,\"valueName\":\"search_term_string\"}}],\"inLanguage\":\"nb-NO\"},{\"@type\":\"Organization\",\"@id\":\"https:\/\/raspberrypi.dk\/no\/#organization\",\"name\":\"RaspberryPi.dk\",\"url\":\"https:\/\/raspberrypi.dk\/no\/\",\"logo\":{\"@type\":\"ImageObject\",\"inLanguage\":\"nb-NO\",\"@id\":\"https:\/\/raspberrypi.dk\/no\/#\/schema\/logo\/image\/\",\"url\":\"https:\/\/raspberrypi.dk\/wp-content\/uploads\/2017\/05\/RaspberryPidk_logo-2.png\",\"contentUrl\":\"https:\/\/raspberrypi.dk\/wp-content\/uploads\/2017\/05\/RaspberryPidk_logo-2.png\",\"width\":470,\"height\":110,\"caption\":\"RaspberryPi.dk\"},\"image\":{\"@id\":\"https:\/\/raspberrypi.dk\/no\/#\/schema\/logo\/image\/\"},\"sameAs\":[\"https:\/\/facebook.com\/RaspberryPiDanmark\",\"https:\/\/x.com\/raspberrypidk\",\"https:\/\/instagram.com\/raspberrypi.dk\"]}]}<\/script>\n<!-- \/ Yoast SEO plugin. -->","yoast_head_json":{"title":"Offisiell Raspberry Pi 27W USB-C Str\u00f8mforsyning - EU - 5V 5A - Svart \u2022 RaspberryPi.dk","robots":{"index":"index","follow":"follow","max-snippet":"max-snippet:-1","max-image-preview":"max-image-preview:large","max-video-preview":"max-video-preview:-1"},"canonical":"https:\/\/raspberrypi.dk\/no\/produkt\/officiel-raspberry-pi-5-usb-c-stroemforsyning-eu-5v-5a-svart\/","og_locale":"nb_NO","og_type":"article","og_title":"Offisiell Raspberry Pi 27W USB-C Str\u00f8mforsyning - EU - 5V 5A - Svart \u2022 RaspberryPi.dk","og_description":"Den riktige str\u00f8mforsyningen til din Raspberry Pi 5 med 27W!","og_url":"https:\/\/raspberrypi.dk\/no\/produkt\/officiel-raspberry-pi-5-usb-c-stroemforsyning-eu-5v-5a-svart\/","og_site_name":"RaspberryPi.dk","article_publisher":"https:\/\/facebook.com\/RaspberryPiDanmark","article_modified_time":"2026-04-09T08:01:29+00:00","og_image":[{"width":934,"height":981,"url":"https:\/\/raspberrypi.dk\/wp-content\/uploads\/2023\/09\/27w-pi-5-power-supply-black-box.png","type":"image\/png"}],"twitter_card":"summary_large_image","twitter_site":"@raspberrypidk","twitter_misc":{"Ansl. lesetid":"2 minutter"},"schema":{"@context":"https:\/\/schema.org","@graph":[{"@type":"WebPage","@id":"https:\/\/raspberrypi.dk\/no\/produkt\/officiel-raspberry-pi-5-usb-c-stroemforsyning-eu-5v-5a-svart\/","url":"https:\/\/raspberrypi.dk\/no\/produkt\/officiel-raspberry-pi-5-usb-c-stroemforsyning-eu-5v-5a-svart\/","name":"Offisiell Raspberry Pi 27W USB-C Str\u00f8mforsyning - EU - 5V 5A - Svart \u2022 RaspberryPi.dk","isPartOf":{"@id":"https:\/\/raspberrypi.dk\/no\/#website"},"primaryImageOfPage":{"@id":"https:\/\/raspberrypi.dk\/no\/produkt\/officiel-raspberry-pi-5-usb-c-stroemforsyning-eu-5v-5a-svart\/#primaryimage"},"image":{"@id":"https:\/\/raspberrypi.dk\/no\/produkt\/officiel-raspberry-pi-5-usb-c-stroemforsyning-eu-5v-5a-svart\/#primaryimage"},"thumbnailUrl":"https:\/\/raspberrypi.dk\/wp-content\/uploads\/2023\/09\/27w-pi-5-power-supply-black-box.png","datePublished":"2023-09-28T06:03:30+00:00","dateModified":"2026-04-09T08:01:29+00:00","breadcrumb":{"@id":"https:\/\/raspberrypi.dk\/no\/produkt\/officiel-raspberry-pi-5-usb-c-stroemforsyning-eu-5v-5a-svart\/#breadcrumb"},"inLanguage":"nb-NO","potentialAction":[{"@type":"ReadAction","target":["https:\/\/raspberrypi.dk\/no\/produkt\/officiel-raspberry-pi-5-usb-c-stroemforsyning-eu-5v-5a-svart\/"]}]},{"@type":"ImageObject","inLanguage":"nb-NO","@id":"https:\/\/raspberrypi.dk\/no\/produkt\/officiel-raspberry-pi-5-usb-c-stroemforsyning-eu-5v-5a-svart\/#primaryimage","url":"https:\/\/raspberrypi.dk\/wp-content\/uploads\/2023\/09\/27w-pi-5-power-supply-black-box.png","contentUrl":"https:\/\/raspberrypi.dk\/wp-content\/uploads\/2023\/09\/27w-pi-5-power-supply-black-box.png","width":934,"height":981},{"@type":"BreadcrumbList","@id":"https:\/\/raspberrypi.dk\/no\/produkt\/officiel-raspberry-pi-5-usb-c-stroemforsyning-eu-5v-5a-svart\/#breadcrumb","itemListElement":[{"@type":"ListItem","position":1,"name":"Hjem","item":"https:\/\/raspberrypi.dk\/no\/raspberry-pi-nettbutikk\/"},{"@type":"ListItem","position":2,"name":"Shop","item":"https:\/\/raspberrypi.dk\/no\/shop-2\/"},{"@type":"ListItem","position":3,"name":"Offisiell Raspberry Pi 27W USB-C Str\u00f8mforsyning &#8211; EU &#8211; 5V 5A &#8211; Svart"}]},{"@type":"WebSite","@id":"https:\/\/raspberrypi.dk\/no\/#website","url":"https:\/\/raspberrypi.dk\/no\/","name":"RaspberryPi.dk","description":"Danmarks f\u00f8rende Raspberry Pi side!","publisher":{"@id":"https:\/\/raspberrypi.dk\/no\/#organization"},"potentialAction":[{"@type":"SearchAction","target":{"@type":"EntryPoint","urlTemplate":"https:\/\/raspberrypi.dk\/no\/?s={search_term_string}"},"query-input":{"@type":"PropertyValueSpecification","valueRequired":true,"valueName":"search_term_string"}}],"inLanguage":"nb-NO"},{"@type":"Organization","@id":"https:\/\/raspberrypi.dk\/no\/#organization","name":"RaspberryPi.dk","url":"https:\/\/raspberrypi.dk\/no\/","logo":{"@type":"ImageObject","inLanguage":"nb-NO","@id":"https:\/\/raspberrypi.dk\/no\/#\/schema\/logo\/image\/","url":"https:\/\/raspberrypi.dk\/wp-content\/uploads\/2017\/05\/RaspberryPidk_logo-2.png","contentUrl":"https:\/\/raspberrypi.dk\/wp-content\/uploads\/2017\/05\/RaspberryPidk_logo-2.png","width":470,"height":110,"caption":"RaspberryPi.dk"},"image":{"@id":"https:\/\/raspberrypi.dk\/no\/#\/schema\/logo\/image\/"},"sameAs":["https:\/\/facebook.com\/RaspberryPiDanmark","https:\/\/x.com\/raspberrypidk","https:\/\/instagram.com\/raspberrypi.dk"]}]}},"_links":{"self":[{"href":"https:\/\/raspberrypi.dk\/no\/wp-json\/wp\/v2\/product\/217071","targetHints":{"allow":["GET"]}}],"collection":[{"href":"https:\/\/raspberrypi.dk\/no\/wp-json\/wp\/v2\/product"}],"about":[{"href":"https:\/\/raspberrypi.dk\/no\/wp-json\/wp\/v2\/types\/product"}],"replies":[{"embeddable":true,"href":"https:\/\/raspberrypi.dk\/no\/wp-json\/wp\/v2\/comments?post=217071"}],"wp:featuredmedia":[{"embeddable":true,"href":"https:\/\/raspberrypi.dk\/no\/wp-json\/wp\/v2\/media\/227078"}],"wp:attachment":[{"href":"https:\/\/raspberrypi.dk\/no\/wp-json\/wp\/v2\/media?parent=217071"}],"wp:term":[{"taxonomy":"product_brand","embeddable":true,"href":"https:\/\/raspberrypi.dk\/no\/wp-json\/wp\/v2\/product_brand?post=217071"},{"taxonomy":"product_cat","embeddable":true,"href":"https:\/\/raspberrypi.dk\/no\/wp-json\/wp\/v2\/product_cat?post=217071"},{"taxonomy":"product_tag","embeddable":true,"href":"https:\/\/raspberrypi.dk\/no\/wp-json\/wp\/v2\/product_tag?post=217071"}],"curies":[{"name":"wp","href":"https:\/\/api.w.org\/{rel}","templated":true}]}}