{"id":217227,"date":"2023-05-03T20:48:09","date_gmt":"2023-05-03T18:48:09","guid":{"rendered":"https:\/\/raspberrypi.dk\/produkt\/cm4101008-raspberry-pi-compute-module-4-wifi-1gb-ram-8gb-storage\/"},"modified":"2026-04-08T08:30:39","modified_gmt":"2026-04-08T06:30:39","slug":"cm4101008-raspberry-pi-compute-module-4-wifi-1gb-ram-8gb-storage","status":"publish","type":"product","link":"https:\/\/raspberrypi.dk\/no\/produkt\/cm4101008-raspberry-pi-compute-module-4-wifi-1gb-ram-8gb-storage\/","title":{"rendered":"CM4101008 &#8211; Raspberry Pi Compute Module 4 &#8211; WiFi &#8211; 1GB RAM &#8211; 8GB Storage"},"content":{"rendered":"<div class=\"c-product-hero__description\">\n<p>[wpb-pcf-knapp]<\/p>\n<p>Raspberry Pi Compute Module 4 &#8211; den ultimate l\u00f8sningen for de som trenger en kraftig og allsidig dataplattform i en kompakt og kostnadseffektiv formfaktor.<\/p>\n<p>Drevet av en Broadcom BCM2711 firekjerners Cortex-A72-prosessor med klokkehastigheter p\u00e5 opptil 1,5 GHz, Compute Module 4 tilbyr eksepsjonell ytelse for et bredt spekter av applikasjoner.<\/p>\n<p>Med muligheten til \u00e5 kj\u00f8re en rekke operativsystemer, inkludert det offisielle Raspberry Pi OS, Ubuntu og mer, er Compute Module 4 en utrolig allsidig plattform som kan brukes til alt fra prototyping og testing til fullskala kommersielle distribusjoner.<\/p>\n<p>I tillegg til sine imponerende tekniske spesifikasjoner, er Compute Module 4 ogs\u00e5 designet for enkel integrering i tilpasset maskinvaredesign, takket v\u00e6re dens lille st\u00f8rrelse og standardiserte formfaktor. Dette gj\u00f8r det til et ideelt valg for utviklere, hobbyister og bedrifter som \u00f8nsker \u00e5 lage sine egne unike IoT-l\u00f8sninger, industrielle automasjonssystemer eller andre innebygde applikasjoner.<\/p>\n<p>Enten du vil bygge en tilpasset mediespiller, et smart hjemmeautomasjonssystem eller et komplekst industrielt kontrollsystem, har Raspberry Pi Compute Module 4 kraften og allsidigheten for \u00e5 m\u00f8te dine behov.<\/p>\n<p>Raspberry Pi CM4 er spesielt egnet for industrielle applikasjoner og ideell for \u00e5 bygge en bro mellom prototyper (noen 100 stykker) og helt tilpassede design. For \u00e5 kunne bruke den trenger du et b\u00e6rebrett. Raspberry Pi har allerede gjort mye arbeid for deg med utformingen av den standardiserte modulen \u2013 og tilbyr deg ogs\u00e5 Raspberry Pi-\u00f8kosystemet, med god dokumentasjon og erfarne selskaper som kan st\u00f8tte deg med prosjektet ditt.<\/p>\n<p>Den egner seg for prosjekter med ca. 100 &#8211; 50 000 solgte enheter per \u00e5r, hvor installasjon av Pi 4 er utelukket av ulike \u00e5rsaker. eMMC Flash (p\u00e5 de fleste varianter) er spesielt egnet for industrielle applikasjoner og er betydelig mer stabil enn et standard Micro SD-kort.<\/p>\n<p>Vi tilbyr tjenester for bruk av Raspberry Pi CM4, design av tilpassede b\u00e6rebrett og programvare. V\u00e5rt fokus er p\u00e5 en dyp teknisk forst\u00e5else av programvaren og maskinvaren til Raspberry Pi-plattformen, vennligst kontakt oss for en uforpliktende og gratis f\u00f8rste konsultasjon for \u00e5 avklare hvordan vi kan st\u00f8tte deg.<\/p>\n<h2><strong>Spesifikasjoner CM4101008 \/ SC0692<br \/>\n<\/strong><\/h2>\n<\/div>\n<p>&nbsp;<\/p>\n<ul>\n<li>Form factor: 55 mm x 40 mm<\/li>\n<li>Processor: Broadcom BCM2711 quad-core Cortex-A72 (ARM v8) 64-bit SoC @ 1.5GHz<\/li>\n<li>Memory: 1GB LPDDR4-3200 SDRAM<\/li>\n<li>Storage: 8GB eMMC Flash memory<\/li>\n<li>Connectivity:\n<ul>\n<li>Wireless LAN, 2.4GHz and 5.0GHz IEEE 802.11b\/g\/n\/ac wireless, Bluetooth 5.0, BLE with onboard and external antenna options<\/li>\n<li>Onboard Gigabit Ethernet PHY supporting IEEE1588<\/li>\n<li>1 \u00d7 USB 2.0 interface<\/li>\n<li>PCIe Gen 2 x1 interface<\/li>\n<li>28 GPIO signals<\/li>\n<li>SD card interface for SD card or external eMMC (for use only with Compute Module 4 variants without eMMC)<\/li>\n<\/ul>\n<\/li>\n<li>Video:\n<ul>\n<li>Dual HDMI interface (up to 4Kp60 supported)<\/li>\n<li>2-lane MIPI DSI display interface<\/li>\n<li>2-lane MIPI CSI camera interface<\/li>\n<li>4-lane MIPI DSI display interface<\/li>\n<li>4-lane MIPI CSI camera interface<\/li>\n<\/ul>\n<\/li>\n<li>Multimedia: H.265 (4Kp60 decode); H.264 (1080p60 decode, 1080p30 encode); OpenGL ES 3.0 graphics<\/li>\n<li>Input power: 5V DC<\/li>\n<li>Operating temperature: -20 to +85\u00b0C<\/li>\n<\/ul>\n<h2><strong>Oversikt over alle CM4 modeller<\/strong><\/h2>\n<table>\n<tbody>\n<tr>\n<td><strong>SKU<\/strong><\/td>\n<td><strong>Wireless<\/strong><\/td>\n<td><strong>RAM<\/strong><\/td>\n<td><strong>Storage<\/strong><\/td>\n<\/tr>\n<tr>\n<td><a href=\"https:\/\/raspberrypi.dk\/produkt\/cm4101000-sc0691\/\">CM4101000<\/a><\/td>\n<td>Ja<\/td>\n<td>1 GB RAM<\/td>\n<td>0 GB eMMC<\/td>\n<\/tr>\n<tr>\n<td><a href=\"https:\/\/raspberrypi.dk\/produkt\/cm4101008-sc0692\/\">CM4101008<\/a><\/td>\n<td>Ja<\/td>\n<td>1 GB RAM<\/td>\n<td>8 GB eMMC<\/td>\n<\/tr>\n<tr>\n<td><a href=\"https:\/\/raspberrypi.dk\/produkt\/cm4101016-sc0693\/\">CM4101016<\/a><\/td>\n<td>Ja<\/td>\n<td>1 GB RAM<\/td>\n<td>16 GB eMMC<\/td>\n<\/tr>\n<tr>\n<td><a href=\"https:\/\/raspberrypi.dk\/produkt\/cm4101032-sc0694\/\">CM4101032<\/a><\/td>\n<td>Ja<\/td>\n<td>1 GB RAM<\/td>\n<td>32 GB eMMC<\/td>\n<\/tr>\n<tr>\n<td><a href=\"https:\/\/raspberrypi.dk\/produkt\/cm4102000-sc0667\/\">CM4102000<\/a><\/td>\n<td>Ja<\/td>\n<td>2 GB RAM<\/td>\n<td>0 GB eMMC<\/td>\n<\/tr>\n<tr>\n<td><a href=\"https:\/\/raspberrypi.dk\/produkt\/cm4102008-sc0668\/\">CM4102008<\/a><\/td>\n<td>Ja<\/td>\n<td>2 GB RAM<\/td>\n<td>8 GB eMMC<\/td>\n<\/tr>\n<tr>\n<td><a href=\"https:\/\/raspberrypi.dk\/produkt\/cm4102016-sc0669\/\">CM4102016<\/a><\/td>\n<td>Ja<\/td>\n<td>2 GB RAM<\/td>\n<td>16 GB eMMC<\/td>\n<\/tr>\n<tr>\n<td><a href=\"https:\/\/raspberrypi.dk\/produkt\/cm4102032-sc0670\/\">CM4102032<\/a><\/td>\n<td>Ja<\/td>\n<td>2 GB RAM<\/td>\n<td>32 GB eMMC<\/td>\n<\/tr>\n<tr>\n<td><a href=\"https:\/\/raspberrypi.dk\/produkt\/cm4104000-sc0671\/\">CM4104000<\/a><\/td>\n<td>Ja<\/td>\n<td>4 GB RAM<\/td>\n<td>0 GB eMMC<\/td>\n<\/tr>\n<tr>\n<td><a href=\"https:\/\/raspberrypi.dk\/produkt\/cm4104008-sc0672\/\">CM4104008<\/a><\/td>\n<td>Ja<\/td>\n<td>4 GB RAM<\/td>\n<td>8 GB eMMC<\/td>\n<\/tr>\n<tr>\n<td><a href=\"https:\/\/raspberrypi.dk\/produkt\/cm4104016-sc0673\/\">CM4104016<\/a><\/td>\n<td>Ja<\/td>\n<td>4 GB RAM<\/td>\n<td>16 GB eMMC<\/td>\n<\/tr>\n<tr>\n<td><a href=\"https:\/\/raspberrypi.dk\/produkt\/cm4104032-sc0674\/\">CM4104032<\/a><\/td>\n<td>Ja<\/td>\n<td>4 GB RAM<\/td>\n<td>32 GB eMMC<\/td>\n<\/tr>\n<tr>\n<td><a href=\"https:\/\/raspberrypi.dk\/produkt\/cm4108000-sc0675\/\">CM4108000<\/a><\/td>\n<td>Ja<\/td>\n<td>8 GB RAM<\/td>\n<td>0 GB eMMC<\/td>\n<\/tr>\n<tr>\n<td><a href=\"https:\/\/raspberrypi.dk\/produkt\/cm4108008-sc0676\/\">CM4108008<\/a><\/td>\n<td>Ja<\/td>\n<td>8 GB RAM<\/td>\n<td>8 GB eMMC<\/td>\n<\/tr>\n<tr>\n<td><a href=\"https:\/\/raspberrypi.dk\/produkt\/cm4108016-sc0677\/\">CM4108016<\/a><\/td>\n<td>Ja<\/td>\n<td>8 GB RAM<\/td>\n<td>16 GB eMMC<\/td>\n<\/tr>\n<tr>\n<td><a href=\"https:\/\/raspberrypi.dk\/produkt\/cm4108032-sc0678\/\">CM4108032<\/a><\/td>\n<td>Ja<\/td>\n<td>8 GB RAM<\/td>\n<td>32 GB eMMC<\/td>\n<\/tr>\n<tr>\n<td><a href=\"https:\/\/raspberrypi.dk\/produkt\/cm4001000-sc0695\/\">CM4001000<\/a><\/td>\n<td>Nei<\/td>\n<td>1 GB RAM<\/td>\n<td>0 GB eMMC<\/td>\n<\/tr>\n<tr>\n<td><a href=\"https:\/\/raspberrypi.dk\/produkt\/cm4001008-sc0696\/\">CM4001008<\/a><\/td>\n<td>Nei<\/td>\n<td>1 GB RAM<\/td>\n<td>8 GB eMMC<\/td>\n<\/tr>\n<tr>\n<td><a href=\"https:\/\/raspberrypi.dk\/produkt\/cm4001016-sc0697\/\">CM4001016<\/a><\/td>\n<td>Nei<\/td>\n<td>1 GB RAM<\/td>\n<td>16 GB eMMC<\/td>\n<\/tr>\n<tr>\n<td><a href=\"https:\/\/raspberrypi.dk\/produkt\/cm4001032-sc0698\/\">CM4001032<\/a><\/td>\n<td>Nei<\/td>\n<td>1 GB RAM<\/td>\n<td>32 GB eMMC<\/td>\n<\/tr>\n<tr>\n<td><a href=\"https:\/\/raspberrypi.dk\/produkt\/cm4002000-sc0679\/\">CM4002000<\/a><\/td>\n<td>Nei<\/td>\n<td>2 GB RAM<\/td>\n<td>0 GB eMMC<\/td>\n<\/tr>\n<tr>\n<td><a href=\"https:\/\/raspberrypi.dk\/produkt\/cm4002008-sc0680\/\">CM4002008<\/a><\/td>\n<td>Nei<\/td>\n<td>2 GB RAM<\/td>\n<td>8 GB eMMC<\/td>\n<\/tr>\n<tr>\n<td><a href=\"https:\/\/raspberrypi.dk\/produkt\/cm4002016-sc0681\/\">CM4002016<\/a><\/td>\n<td>Nei<\/td>\n<td>2 GB RAM<\/td>\n<td>16 GB eMMC<\/td>\n<\/tr>\n<tr>\n<td><a href=\"https:\/\/raspberrypi.dk\/produkt\/cm4002032-sc0682\/\">CM4002032<\/a><\/td>\n<td>Nei<\/td>\n<td>2 GB RAM<\/td>\n<td>32 GB eMMC<\/td>\n<\/tr>\n<tr>\n<td><a href=\"https:\/\/raspberrypi.dk\/produkt\/cm4004000-sc0683\/\">CM4004000<\/a><\/td>\n<td>Nei<\/td>\n<td>4 GB RAM<\/td>\n<td>0 GB eMMC<\/td>\n<\/tr>\n<tr>\n<td><a href=\"https:\/\/raspberrypi.dk\/produkt\/cm4004008-sc0684\/\">CM4004008<\/a><\/td>\n<td>Nei<\/td>\n<td>4 GB RAM<\/td>\n<td>8 GB eMMC<\/td>\n<\/tr>\n<tr>\n<td><a href=\"https:\/\/raspberrypi.dk\/produkt\/cm4004016-sc0685\/\">CM4004016<\/a><\/td>\n<td>Nei<\/td>\n<td>4 GB RAM<\/td>\n<td>16 GB eMMC<\/td>\n<\/tr>\n<tr>\n<td><a href=\"https:\/\/raspberrypi.dk\/produkt\/cm4004032-sc0686\/\">CM4004032<\/a><\/td>\n<td>Nei<\/td>\n<td>4 GB RAM<\/td>\n<td>32 GB eMMC<\/td>\n<\/tr>\n<tr>\n<td><a href=\"https:\/\/raspberrypi.dk\/produkt\/cm4008000-sc0687\/\">CM4008000<\/a><\/td>\n<td>Nei<\/td>\n<td>8 GB RAM<\/td>\n<td>0 GB eMMC<\/td>\n<\/tr>\n<tr>\n<td><a href=\"https:\/\/raspberrypi.dk\/produkt\/cm4008008-sc0688\/\">CM4008008<\/a><\/td>\n<td>Nei<\/td>\n<td>8 GB RAM<\/td>\n<td>8 GB eMMC<\/td>\n<\/tr>\n<tr>\n<td><a href=\"https:\/\/raspberrypi.dk\/produkt\/cm4008016-sc0689\/\">CM4008016<\/a><\/td>\n<td>Nei<\/td>\n<td>8 GB RAM<\/td>\n<td>16 GB eMMC<\/td>\n<\/tr>\n<tr>\n<td><a href=\"https:\/\/raspberrypi.dk\/produkt\/cm4008032-sc0690\/\">CM4008032<\/a><\/td>\n<td>Nei<\/td>\n<td>8 GB RAM<\/td>\n<td>32 GB eMMC<\/td>\n<\/tr>\n<\/tbody>\n<\/table>\n<h3><strong>Dokumenter<\/strong><\/h3>\n<p><a href=\"https:\/\/datasheets.raspberrypi.com\/cm4\/cm4-product-brief.pdf\">Raspberry Pi 4 Compute Module 4 product brief<\/a><\/p>\n<p><a href=\"http:\/\/datasheets.raspberrypi.com\/cm4\/cm4-datasheet.pdf\">Raspberry Pi Compute Module 4 datasheet<\/a><\/p>\n<p><a href=\"https:\/\/datasheets.raspberrypi.com\/cm4\/CM4-step.zip\">Compute Module 4 STEP file<\/a><\/p>\n<p><a href=\"https:\/\/datasheets.raspberrypi.com\/cm4\/CM4Lite-step.zip\">Compute Module 4 Lite (without eMMC) STEP file<\/a><\/p>\n","protected":false},"excerpt":{"rendered":"<p><strong>SC0692 \/ CM4101008<\/strong><\/p>\n<p>Trenger din bedrift et st\u00f8rre antall CM4 eller hjelp med Raspberry Pi maskinvare\/programvare? <a href=\"https:\/\/raspberrypi.dk\/no\/om\/b2b-salg\/\">Kontakt oss her<\/a>.<\/p>\n","protected":false},"featured_media":182114,"comment_status":"open","ping_status":"closed","template":"","meta":[],"product_brand":[],"product_cat":[600,613,687],"product_tag":[785],"class_list":{"0":"post-217227","1":"product","2":"type-product","3":"status-publish","4":"has-post-thumbnail","6":"product_cat-raspberry-pi-modeller-no","7":"product_cat-industriell-raspberry-pi","8":"product_cat-raspberry-pi-compute-module-4-cm4-no","9":"product_tag-cm4-no","11":"first","12":"instock","13":"taxable","14":"shipping-taxable","15":"purchasable","16":"product-type-simple"},"composite_virtual":false,"composite_layout":"","composite_add_to_cart_form_location":"","composite_editable_in_cart":false,"composite_sold_individually_context":"","composite_shop_price_calc":"","composite_components":[],"composite_scenarios":[],"bundled_by":[],"bundle_stock_status":"instock","bundle_stock_quantity":891,"bundle_virtual":false,"bundle_layout":"","bundle_add_to_cart_form_location":"","bundle_editable_in_cart":false,"bundle_sold_individually_context":"","bundle_item_grouping":"","bundle_min_size":"","bundle_max_size":"","bundle_price":[],"bundled_items":[],"bundle_sell_ids":[131781,131791,126779],"yoast_head":"<!-- This site is optimized with the Yoast SEO plugin v27.1.1 - https:\/\/yoast.com\/product\/yoast-seo-wordpress\/ -->\n<title>CM4101008 - Raspberry Pi Compute Module 4 - WiFi - 1GB RAM - 8GB Storage \u2022 RaspberryPi.dk<\/title>\n<meta name=\"robots\" content=\"index, follow, max-snippet:-1, max-image-preview:large, max-video-preview:-1\" \/>\n<link rel=\"canonical\" href=\"https:\/\/raspberrypi.dk\/no\/produkt\/cm4101008-raspberry-pi-compute-module-4-wifi-1gb-ram-8gb-storage\/\" \/>\n<meta property=\"og:locale\" content=\"nb_NO\" \/>\n<meta property=\"og:type\" content=\"article\" \/>\n<meta property=\"og:title\" content=\"CM4101008 - Raspberry Pi Compute Module 4 - WiFi - 1GB RAM - 8GB Storage \u2022 RaspberryPi.dk\" \/>\n<meta property=\"og:description\" content=\"SC0692 \/ CM4101008  Trenger din bedrift et st\u00f8rre antall CM4 eller hjelp med Raspberry Pi maskinvare\/programvare? Kontakt oss her.\" \/>\n<meta property=\"og:url\" content=\"https:\/\/raspberrypi.dk\/no\/produkt\/cm4101008-raspberry-pi-compute-module-4-wifi-1gb-ram-8gb-storage\/\" \/>\n<meta property=\"og:site_name\" content=\"RaspberryPi.dk\" \/>\n<meta property=\"article:publisher\" content=\"https:\/\/facebook.com\/RaspberryPiDanmark\" \/>\n<meta property=\"article:modified_time\" content=\"2026-04-08T06:30:39+00:00\" \/>\n<meta property=\"og:image\" content=\"https:\/\/raspberrypi.dk\/wp-content\/uploads\/2023\/04\/raspberry-pi-compute-module-4-storage-with-wi-fi.jpeg\" \/>\n\t<meta property=\"og:image:width\" content=\"1900\" \/>\n\t<meta property=\"og:image:height\" content=\"1473\" \/>\n\t<meta property=\"og:image:type\" content=\"image\/jpeg\" \/>\n<meta name=\"twitter:card\" content=\"summary_large_image\" \/>\n<meta name=\"twitter:site\" content=\"@raspberrypidk\" \/>\n<meta name=\"twitter:label1\" content=\"Ansl. lesetid\" \/>\n\t<meta name=\"twitter:data1\" content=\"5 minutter\" \/>\n<script type=\"application\/ld+json\" class=\"yoast-schema-graph\">{\"@context\":\"https:\/\/schema.org\",\"@graph\":[{\"@type\":\"WebPage\",\"@id\":\"https:\/\/raspberrypi.dk\/no\/produkt\/cm4101008-raspberry-pi-compute-module-4-wifi-1gb-ram-8gb-storage\/\",\"url\":\"https:\/\/raspberrypi.dk\/no\/produkt\/cm4101008-raspberry-pi-compute-module-4-wifi-1gb-ram-8gb-storage\/\",\"name\":\"CM4101008 - Raspberry Pi Compute Module 4 - WiFi - 1GB RAM - 8GB Storage \u2022 RaspberryPi.dk\",\"isPartOf\":{\"@id\":\"https:\/\/raspberrypi.dk\/no\/#website\"},\"primaryImageOfPage\":{\"@id\":\"https:\/\/raspberrypi.dk\/no\/produkt\/cm4101008-raspberry-pi-compute-module-4-wifi-1gb-ram-8gb-storage\/#primaryimage\"},\"image\":{\"@id\":\"https:\/\/raspberrypi.dk\/no\/produkt\/cm4101008-raspberry-pi-compute-module-4-wifi-1gb-ram-8gb-storage\/#primaryimage\"},\"thumbnailUrl\":\"https:\/\/raspberrypi.dk\/wp-content\/uploads\/2023\/04\/raspberry-pi-compute-module-4-storage-with-wi-fi.jpeg\",\"datePublished\":\"2023-05-03T18:48:09+00:00\",\"dateModified\":\"2026-04-08T06:30:39+00:00\",\"breadcrumb\":{\"@id\":\"https:\/\/raspberrypi.dk\/no\/produkt\/cm4101008-raspberry-pi-compute-module-4-wifi-1gb-ram-8gb-storage\/#breadcrumb\"},\"inLanguage\":\"nb-NO\",\"potentialAction\":[{\"@type\":\"ReadAction\",\"target\":[\"https:\/\/raspberrypi.dk\/no\/produkt\/cm4101008-raspberry-pi-compute-module-4-wifi-1gb-ram-8gb-storage\/\"]}]},{\"@type\":\"ImageObject\",\"inLanguage\":\"nb-NO\",\"@id\":\"https:\/\/raspberrypi.dk\/no\/produkt\/cm4101008-raspberry-pi-compute-module-4-wifi-1gb-ram-8gb-storage\/#primaryimage\",\"url\":\"https:\/\/raspberrypi.dk\/wp-content\/uploads\/2023\/04\/raspberry-pi-compute-module-4-storage-with-wi-fi.jpeg\",\"contentUrl\":\"https:\/\/raspberrypi.dk\/wp-content\/uploads\/2023\/04\/raspberry-pi-compute-module-4-storage-with-wi-fi.jpeg\",\"width\":1900,\"height\":1473,\"caption\":\"Raspberry Pi Compute Module 4 (CM4) Storage WiFi\"},{\"@type\":\"BreadcrumbList\",\"@id\":\"https:\/\/raspberrypi.dk\/no\/produkt\/cm4101008-raspberry-pi-compute-module-4-wifi-1gb-ram-8gb-storage\/#breadcrumb\",\"itemListElement\":[{\"@type\":\"ListItem\",\"position\":1,\"name\":\"Hjem\",\"item\":\"https:\/\/raspberrypi.dk\/no\/raspberry-pi-nettbutikk\/\"},{\"@type\":\"ListItem\",\"position\":2,\"name\":\"Shop\",\"item\":\"https:\/\/raspberrypi.dk\/no\/shop-2\/\"},{\"@type\":\"ListItem\",\"position\":3,\"name\":\"CM4101008 &#8211; Raspberry Pi Compute Module 4 &#8211; WiFi &#8211; 1GB RAM &#8211; 8GB Storage\"}]},{\"@type\":\"WebSite\",\"@id\":\"https:\/\/raspberrypi.dk\/no\/#website\",\"url\":\"https:\/\/raspberrypi.dk\/no\/\",\"name\":\"RaspberryPi.dk\",\"description\":\"Danmarks f\u00f8rende Raspberry Pi side!\",\"publisher\":{\"@id\":\"https:\/\/raspberrypi.dk\/no\/#organization\"},\"potentialAction\":[{\"@type\":\"SearchAction\",\"target\":{\"@type\":\"EntryPoint\",\"urlTemplate\":\"https:\/\/raspberrypi.dk\/no\/?s={search_term_string}\"},\"query-input\":{\"@type\":\"PropertyValueSpecification\",\"valueRequired\":true,\"valueName\":\"search_term_string\"}}],\"inLanguage\":\"nb-NO\"},{\"@type\":\"Organization\",\"@id\":\"https:\/\/raspberrypi.dk\/no\/#organization\",\"name\":\"RaspberryPi.dk\",\"url\":\"https:\/\/raspberrypi.dk\/no\/\",\"logo\":{\"@type\":\"ImageObject\",\"inLanguage\":\"nb-NO\",\"@id\":\"https:\/\/raspberrypi.dk\/no\/#\/schema\/logo\/image\/\",\"url\":\"https:\/\/raspberrypi.dk\/wp-content\/uploads\/2017\/05\/RaspberryPidk_logo-2.png\",\"contentUrl\":\"https:\/\/raspberrypi.dk\/wp-content\/uploads\/2017\/05\/RaspberryPidk_logo-2.png\",\"width\":470,\"height\":110,\"caption\":\"RaspberryPi.dk\"},\"image\":{\"@id\":\"https:\/\/raspberrypi.dk\/no\/#\/schema\/logo\/image\/\"},\"sameAs\":[\"https:\/\/facebook.com\/RaspberryPiDanmark\",\"https:\/\/x.com\/raspberrypidk\",\"https:\/\/instagram.com\/raspberrypi.dk\"]}]}<\/script>\n<!-- \/ Yoast SEO plugin. -->","yoast_head_json":{"title":"CM4101008 - Raspberry Pi Compute Module 4 - WiFi - 1GB RAM - 8GB Storage \u2022 RaspberryPi.dk","robots":{"index":"index","follow":"follow","max-snippet":"max-snippet:-1","max-image-preview":"max-image-preview:large","max-video-preview":"max-video-preview:-1"},"canonical":"https:\/\/raspberrypi.dk\/no\/produkt\/cm4101008-raspberry-pi-compute-module-4-wifi-1gb-ram-8gb-storage\/","og_locale":"nb_NO","og_type":"article","og_title":"CM4101008 - Raspberry Pi Compute Module 4 - WiFi - 1GB RAM - 8GB Storage \u2022 RaspberryPi.dk","og_description":"SC0692 \/ CM4101008  Trenger din bedrift et st\u00f8rre antall CM4 eller hjelp med Raspberry Pi maskinvare\/programvare? Kontakt oss her.","og_url":"https:\/\/raspberrypi.dk\/no\/produkt\/cm4101008-raspberry-pi-compute-module-4-wifi-1gb-ram-8gb-storage\/","og_site_name":"RaspberryPi.dk","article_publisher":"https:\/\/facebook.com\/RaspberryPiDanmark","article_modified_time":"2026-04-08T06:30:39+00:00","og_image":[{"width":1900,"height":1473,"url":"https:\/\/raspberrypi.dk\/wp-content\/uploads\/2023\/04\/raspberry-pi-compute-module-4-storage-with-wi-fi.jpeg","type":"image\/jpeg"}],"twitter_card":"summary_large_image","twitter_site":"@raspberrypidk","twitter_misc":{"Ansl. lesetid":"5 minutter"},"schema":{"@context":"https:\/\/schema.org","@graph":[{"@type":"WebPage","@id":"https:\/\/raspberrypi.dk\/no\/produkt\/cm4101008-raspberry-pi-compute-module-4-wifi-1gb-ram-8gb-storage\/","url":"https:\/\/raspberrypi.dk\/no\/produkt\/cm4101008-raspberry-pi-compute-module-4-wifi-1gb-ram-8gb-storage\/","name":"CM4101008 - Raspberry Pi Compute Module 4 - WiFi - 1GB RAM - 8GB Storage \u2022 RaspberryPi.dk","isPartOf":{"@id":"https:\/\/raspberrypi.dk\/no\/#website"},"primaryImageOfPage":{"@id":"https:\/\/raspberrypi.dk\/no\/produkt\/cm4101008-raspberry-pi-compute-module-4-wifi-1gb-ram-8gb-storage\/#primaryimage"},"image":{"@id":"https:\/\/raspberrypi.dk\/no\/produkt\/cm4101008-raspberry-pi-compute-module-4-wifi-1gb-ram-8gb-storage\/#primaryimage"},"thumbnailUrl":"https:\/\/raspberrypi.dk\/wp-content\/uploads\/2023\/04\/raspberry-pi-compute-module-4-storage-with-wi-fi.jpeg","datePublished":"2023-05-03T18:48:09+00:00","dateModified":"2026-04-08T06:30:39+00:00","breadcrumb":{"@id":"https:\/\/raspberrypi.dk\/no\/produkt\/cm4101008-raspberry-pi-compute-module-4-wifi-1gb-ram-8gb-storage\/#breadcrumb"},"inLanguage":"nb-NO","potentialAction":[{"@type":"ReadAction","target":["https:\/\/raspberrypi.dk\/no\/produkt\/cm4101008-raspberry-pi-compute-module-4-wifi-1gb-ram-8gb-storage\/"]}]},{"@type":"ImageObject","inLanguage":"nb-NO","@id":"https:\/\/raspberrypi.dk\/no\/produkt\/cm4101008-raspberry-pi-compute-module-4-wifi-1gb-ram-8gb-storage\/#primaryimage","url":"https:\/\/raspberrypi.dk\/wp-content\/uploads\/2023\/04\/raspberry-pi-compute-module-4-storage-with-wi-fi.jpeg","contentUrl":"https:\/\/raspberrypi.dk\/wp-content\/uploads\/2023\/04\/raspberry-pi-compute-module-4-storage-with-wi-fi.jpeg","width":1900,"height":1473,"caption":"Raspberry Pi Compute Module 4 (CM4) Storage WiFi"},{"@type":"BreadcrumbList","@id":"https:\/\/raspberrypi.dk\/no\/produkt\/cm4101008-raspberry-pi-compute-module-4-wifi-1gb-ram-8gb-storage\/#breadcrumb","itemListElement":[{"@type":"ListItem","position":1,"name":"Hjem","item":"https:\/\/raspberrypi.dk\/no\/raspberry-pi-nettbutikk\/"},{"@type":"ListItem","position":2,"name":"Shop","item":"https:\/\/raspberrypi.dk\/no\/shop-2\/"},{"@type":"ListItem","position":3,"name":"CM4101008 &#8211; Raspberry Pi Compute Module 4 &#8211; WiFi &#8211; 1GB RAM &#8211; 8GB Storage"}]},{"@type":"WebSite","@id":"https:\/\/raspberrypi.dk\/no\/#website","url":"https:\/\/raspberrypi.dk\/no\/","name":"RaspberryPi.dk","description":"Danmarks f\u00f8rende Raspberry Pi side!","publisher":{"@id":"https:\/\/raspberrypi.dk\/no\/#organization"},"potentialAction":[{"@type":"SearchAction","target":{"@type":"EntryPoint","urlTemplate":"https:\/\/raspberrypi.dk\/no\/?s={search_term_string}"},"query-input":{"@type":"PropertyValueSpecification","valueRequired":true,"valueName":"search_term_string"}}],"inLanguage":"nb-NO"},{"@type":"Organization","@id":"https:\/\/raspberrypi.dk\/no\/#organization","name":"RaspberryPi.dk","url":"https:\/\/raspberrypi.dk\/no\/","logo":{"@type":"ImageObject","inLanguage":"nb-NO","@id":"https:\/\/raspberrypi.dk\/no\/#\/schema\/logo\/image\/","url":"https:\/\/raspberrypi.dk\/wp-content\/uploads\/2017\/05\/RaspberryPidk_logo-2.png","contentUrl":"https:\/\/raspberrypi.dk\/wp-content\/uploads\/2017\/05\/RaspberryPidk_logo-2.png","width":470,"height":110,"caption":"RaspberryPi.dk"},"image":{"@id":"https:\/\/raspberrypi.dk\/no\/#\/schema\/logo\/image\/"},"sameAs":["https:\/\/facebook.com\/RaspberryPiDanmark","https:\/\/x.com\/raspberrypidk","https:\/\/instagram.com\/raspberrypi.dk"]}]}},"_links":{"self":[{"href":"https:\/\/raspberrypi.dk\/no\/wp-json\/wp\/v2\/product\/217227","targetHints":{"allow":["GET"]}}],"collection":[{"href":"https:\/\/raspberrypi.dk\/no\/wp-json\/wp\/v2\/product"}],"about":[{"href":"https:\/\/raspberrypi.dk\/no\/wp-json\/wp\/v2\/types\/product"}],"replies":[{"embeddable":true,"href":"https:\/\/raspberrypi.dk\/no\/wp-json\/wp\/v2\/comments?post=217227"}],"wp:featuredmedia":[{"embeddable":true,"href":"https:\/\/raspberrypi.dk\/no\/wp-json\/wp\/v2\/media\/182114"}],"wp:attachment":[{"href":"https:\/\/raspberrypi.dk\/no\/wp-json\/wp\/v2\/media?parent=217227"}],"wp:term":[{"taxonomy":"product_brand","embeddable":true,"href":"https:\/\/raspberrypi.dk\/no\/wp-json\/wp\/v2\/product_brand?post=217227"},{"taxonomy":"product_cat","embeddable":true,"href":"https:\/\/raspberrypi.dk\/no\/wp-json\/wp\/v2\/product_cat?post=217227"},{"taxonomy":"product_tag","embeddable":true,"href":"https:\/\/raspberrypi.dk\/no\/wp-json\/wp\/v2\/product_tag?post=217227"}],"curies":[{"name":"wp","href":"https:\/\/api.w.org\/{rel}","templated":true}]}}