{"id":217600,"date":"2022-06-29T23:25:25","date_gmt":"2022-06-29T21:25:25","guid":{"rendered":"https:\/\/raspberrypi.dk\/produkt\/raspberry-pi-pico-w\/"},"modified":"2026-03-10T16:20:52","modified_gmt":"2026-03-10T15:20:52","slug":"raspberry-pi-pico-w","status":"publish","type":"product","link":"https:\/\/raspberrypi.dk\/no\/produkt\/raspberry-pi-pico-w\/","title":{"rendered":"Raspberry Pi Pico W"},"content":{"rendered":"<p>Eventuelle tilleggskj\u00f8b et <a href=\"https:\/\/raspberrypi.dk\/no\/produkt\/raspberry-pi-4-model-b-startsett\/\">Raspberry Pi 4 Starter Kit<\/a> eller <a href=\"https:\/\/raspberrypi.dk\/no\/produkt\/raspberry-pi-400-kit\/\">Pi 400 Kit<\/a> som en base for enkelt \u00e5 komme i gang med programmering av Raspberry Pi Pico.<\/p>\n<p><strong>Funktioner<\/strong><\/p>\n<ul>\n<li>RP2040 microcontroller with 2MB of flash memory<\/li>\n<li>On-board single-band 2.4GHz wireless interfaces (802.11n)<\/li>\n<li>Micro USB B port for power and data (and for reprogramming the flash)<\/li>\n<li>40 pin 21mmx51mm &#8216;DIP&#8217; style 1mm thick PCB with 0.1&#8243; through-hole pins also with edge castellations\n<ul>\n<li>Exposes 26 multi-function 3.3V general purpose I\/O (GPIO)<\/li>\n<li>23 GPIO are digital-only, with three also being ADC capable<\/li>\n<li>Can be surface mounted as a module<\/li>\n<\/ul>\n<\/li>\n<li>3-pin ARM serial wire debug (SWD) port<\/li>\n<li>Simple yet highly flexible power supply architecture\n<ul>\n<li>Various options for easily powering the unit from micro USB, external supplies or batteries<\/li>\n<\/ul>\n<\/li>\n<li>High quality, low cost, high availability<\/li>\n<li>Comprehensive SDK, software examples and documentation<\/li>\n<\/ul>\n<p>For full details of the RP2040 microcontroller please see the RP2040 Datasheet book. Key features include:<\/p>\n<ul>\n<li>Dual-core cortex M0+ at up to 133MHz\n<ul>\n<li>On-chip PLL allows variable core frequency<\/li>\n<\/ul>\n<\/li>\n<li>264kByte multi-bank high performance SRAM<\/li>\n<li>External Quad-SPI Flash with eXecute In Place (XIP) and 16kByte on-chip cache<\/li>\n<li>High performance full-crossbar bus fabric<\/li>\n<li>On-board USB1.1 (device or host)<\/li>\n<li>30 multi-function general purpose I\/O (four can be used for ADC)\n<ul>\n<li>1.8-3.3V I\/O voltage<\/li>\n<\/ul>\n<\/li>\n<li>12-bit 500ksps analogue to digital converter (ADC)<\/li>\n<li>Various digital peripherals\n<ul>\n<li>2 \u00d7 UART, 2 \u00d7 I2C, 2 \u00d7 SPI, 16 \u00d7 PWM channels<\/li>\n<li>1 \u00d7 timer with 4 alarms, 1 \u00d7 real time clock<\/li>\n<\/ul>\n<\/li>\n<li>2 \u00d7 programmable I\/O (PIO) blocks, 8 state machines in total\n<ul>\n<li>Flexible, user-programmable high-speed I\/O<\/li>\n<li>Can emulate interfaces such as SD card and VGA<\/li>\n<\/ul>\n<\/li>\n<\/ul>\n<p><strong>Dokumenter<\/strong><\/p>\n<div class=\"panelLinks\">\n<div class=\"panelLinks-block\">\n<ul>\n<li>\n<h4>Raspberry Pi Pico W Datasheet<\/h4>\n<p>An RP2040-based microcontroller board<\/li>\n<li>\n<h4><a href=\"https:\/\/datasheets.raspberrypi.org\/rp2040\/rp2040_datasheet.pdf\">RP2040 Datasheet<\/a><\/h4>\n<p>A microcontroller by Raspberry Pi<\/li>\n<li>\n<h4><a href=\"https:\/\/datasheets.raspberrypi.org\/rp2040\/hardware_design_with_rp2040.pdf\">Hardware design with the RP2040<\/a><\/h4>\n<p>Using the RP2040 microcontroller to build boards and products<\/li>\n<\/ul>\n<\/div>\n<div class=\"panelLinks-block\">\n<ul>\n<li>\n<h4><a href=\"https:\/\/datasheets.raspberrypi.org\/pico\/getting_started_with_pico.pdf\">Getting Started with Raspberry Pi Pico<\/a><\/h4>\n<p>C\/C++ development with the Pico and other RP2040-based microcontroller boards<\/li>\n<li>\n<h4><a href=\"https:\/\/datasheets.raspberrypi.org\/pico\/sdk\/pico_c_sdk.pdf\">Pico C\/C++ SDK<\/a><\/h4>\n<p>Libraries and tools for C\/C++ development on the RP2040 microcontroller<\/li>\n<li>\n<h4><a href=\"https:\/\/datasheets.raspberrypi.org\/pico\/sdk\/pico_python_sdk.pdf\">Pico Python SDK<\/a><\/h4>\n<p>A MicroPython environment for the RP2040 microcontroller<\/li>\n<\/ul>\n<\/div>\n<\/div>\n<p>L\u00e6s mere p\u00e5 <a href=\"https:\/\/www.raspberrypi.org\/documentation\/pico\/getting-started\">https:\/\/www.raspberrypi.org\/documentation\/pico\/getting-started<\/a><\/p>\n","protected":false},"excerpt":{"rendered":"<p>Raspberry Pi Pico W er en billig, fleksibel utviklingsplattform for RP2040 med 2,4 GHz WiFi-grensesnitt.<\/p>\n<p>Trenger din bedrift et st\u00f8rre antall Raspberry Pi Pico W\/RP2040 eller hjelp med Raspberry Pi maskinvare\/programvare? <a href=\"https:\/\/raspberrypi.dk\/no\/om\/b2b-salg\/\">Kontakt oss her.<\/a><\/p>\n","protected":false},"featured_media":162199,"comment_status":"open","ping_status":"closed","template":"","meta":[],"product_brand":[],"product_cat":[600,688],"product_tag":[],"class_list":{"0":"post-217600","1":"product","2":"type-product","3":"status-publish","4":"has-post-thumbnail","6":"product_cat-raspberry-pi-modeller-no","7":"product_cat-raspberry-pi-pico-tilbehor","9":"first","10":"instock","11":"taxable","12":"shipping-taxable","13":"purchasable","14":"product-type-simple"},"composite_virtual":false,"composite_layout":"","composite_add_to_cart_form_location":"","composite_editable_in_cart":false,"composite_sold_individually_context":"","composite_shop_price_calc":"","composite_components":[],"composite_scenarios":[],"bundled_by":[],"bundle_stock_status":"instock","bundle_stock_quantity":65,"bundle_virtual":false,"bundle_layout":"","bundle_add_to_cart_form_location":"","bundle_editable_in_cart":false,"bundle_sold_individually_context":"","bundle_item_grouping":"","bundle_min_size":"","bundle_max_size":"","bundle_price":[],"bundled_items":[],"bundle_sell_ids":[219048,131309],"yoast_head":"<!-- This site is optimized with the Yoast SEO plugin v27.1.1 - https:\/\/yoast.com\/product\/yoast-seo-wordpress\/ -->\n<title>Raspberry Pi Pico W \u2022 RaspberryPi.dk<\/title>\n<meta name=\"robots\" content=\"index, follow, max-snippet:-1, max-image-preview:large, max-video-preview:-1\" \/>\n<link rel=\"canonical\" href=\"https:\/\/raspberrypi.dk\/no\/produkt\/raspberry-pi-pico-w\/\" \/>\n<meta property=\"og:locale\" content=\"nb_NO\" \/>\n<meta property=\"og:type\" content=\"article\" \/>\n<meta property=\"og:title\" content=\"Raspberry Pi Pico W \u2022 RaspberryPi.dk\" \/>\n<meta property=\"og:description\" content=\"Raspberry Pi Pico W er en billig, fleksibel utviklingsplattform for RP2040 med 2,4 GHz WiFi-grensesnitt.  Trenger din bedrift et st\u00f8rre antall Raspberry Pi Pico W\/RP2040 eller hjelp med Raspberry Pi maskinvare\/programvare? Kontakt oss her.\" \/>\n<meta property=\"og:url\" content=\"https:\/\/raspberrypi.dk\/no\/produkt\/raspberry-pi-pico-w\/\" \/>\n<meta property=\"og:site_name\" content=\"RaspberryPi.dk\" \/>\n<meta property=\"article:publisher\" content=\"https:\/\/facebook.com\/RaspberryPiDanmark\" \/>\n<meta property=\"article:modified_time\" content=\"2026-03-10T15:20:52+00:00\" \/>\n<meta property=\"og:image\" content=\"https:\/\/raspberrypi.dk\/wp-content\/uploads\/2022\/06\/PICO-W-HERO.jpg\" \/>\n\t<meta property=\"og:image:width\" content=\"1920\" \/>\n\t<meta property=\"og:image:height\" content=\"1280\" \/>\n\t<meta property=\"og:image:type\" content=\"image\/jpeg\" \/>\n<meta name=\"twitter:card\" content=\"summary_large_image\" \/>\n<meta name=\"twitter:site\" content=\"@raspberrypidk\" \/>\n<meta name=\"twitter:label1\" content=\"Ansl. lesetid\" \/>\n\t<meta name=\"twitter:data1\" content=\"3 minutter\" \/>\n<script type=\"application\/ld+json\" class=\"yoast-schema-graph\">{\"@context\":\"https:\/\/schema.org\",\"@graph\":[{\"@type\":\"WebPage\",\"@id\":\"https:\/\/raspberrypi.dk\/no\/produkt\/raspberry-pi-pico-w\/\",\"url\":\"https:\/\/raspberrypi.dk\/no\/produkt\/raspberry-pi-pico-w\/\",\"name\":\"Raspberry Pi Pico W \u2022 RaspberryPi.dk\",\"isPartOf\":{\"@id\":\"https:\/\/raspberrypi.dk\/no\/#website\"},\"primaryImageOfPage\":{\"@id\":\"https:\/\/raspberrypi.dk\/no\/produkt\/raspberry-pi-pico-w\/#primaryimage\"},\"image\":{\"@id\":\"https:\/\/raspberrypi.dk\/no\/produkt\/raspberry-pi-pico-w\/#primaryimage\"},\"thumbnailUrl\":\"https:\/\/raspberrypi.dk\/wp-content\/uploads\/2022\/06\/PICO-W-HERO.jpg\",\"datePublished\":\"2022-06-29T21:25:25+00:00\",\"dateModified\":\"2026-03-10T15:20:52+00:00\",\"breadcrumb\":{\"@id\":\"https:\/\/raspberrypi.dk\/no\/produkt\/raspberry-pi-pico-w\/#breadcrumb\"},\"inLanguage\":\"nb-NO\",\"potentialAction\":[{\"@type\":\"ReadAction\",\"target\":[\"https:\/\/raspberrypi.dk\/no\/produkt\/raspberry-pi-pico-w\/\"]}]},{\"@type\":\"ImageObject\",\"inLanguage\":\"nb-NO\",\"@id\":\"https:\/\/raspberrypi.dk\/no\/produkt\/raspberry-pi-pico-w\/#primaryimage\",\"url\":\"https:\/\/raspberrypi.dk\/wp-content\/uploads\/2022\/06\/PICO-W-HERO.jpg\",\"contentUrl\":\"https:\/\/raspberrypi.dk\/wp-content\/uploads\/2022\/06\/PICO-W-HERO.jpg\",\"width\":1920,\"height\":1280,\"caption\":\"raspberry pi pico w (wireless)\"},{\"@type\":\"BreadcrumbList\",\"@id\":\"https:\/\/raspberrypi.dk\/no\/produkt\/raspberry-pi-pico-w\/#breadcrumb\",\"itemListElement\":[{\"@type\":\"ListItem\",\"position\":1,\"name\":\"Hjem\",\"item\":\"https:\/\/raspberrypi.dk\/no\/raspberry-pi-nettbutikk\/\"},{\"@type\":\"ListItem\",\"position\":2,\"name\":\"Shop\",\"item\":\"https:\/\/raspberrypi.dk\/no\/shop-2\/\"},{\"@type\":\"ListItem\",\"position\":3,\"name\":\"Raspberry Pi Pico W\"}]},{\"@type\":\"WebSite\",\"@id\":\"https:\/\/raspberrypi.dk\/no\/#website\",\"url\":\"https:\/\/raspberrypi.dk\/no\/\",\"name\":\"RaspberryPi.dk\",\"description\":\"Danmarks f\u00f8rende Raspberry Pi side!\",\"publisher\":{\"@id\":\"https:\/\/raspberrypi.dk\/no\/#organization\"},\"potentialAction\":[{\"@type\":\"SearchAction\",\"target\":{\"@type\":\"EntryPoint\",\"urlTemplate\":\"https:\/\/raspberrypi.dk\/no\/?s={search_term_string}\"},\"query-input\":{\"@type\":\"PropertyValueSpecification\",\"valueRequired\":true,\"valueName\":\"search_term_string\"}}],\"inLanguage\":\"nb-NO\"},{\"@type\":\"Organization\",\"@id\":\"https:\/\/raspberrypi.dk\/no\/#organization\",\"name\":\"RaspberryPi.dk\",\"url\":\"https:\/\/raspberrypi.dk\/no\/\",\"logo\":{\"@type\":\"ImageObject\",\"inLanguage\":\"nb-NO\",\"@id\":\"https:\/\/raspberrypi.dk\/no\/#\/schema\/logo\/image\/\",\"url\":\"https:\/\/raspberrypi.dk\/wp-content\/uploads\/2017\/05\/RaspberryPidk_logo-2.png\",\"contentUrl\":\"https:\/\/raspberrypi.dk\/wp-content\/uploads\/2017\/05\/RaspberryPidk_logo-2.png\",\"width\":470,\"height\":110,\"caption\":\"RaspberryPi.dk\"},\"image\":{\"@id\":\"https:\/\/raspberrypi.dk\/no\/#\/schema\/logo\/image\/\"},\"sameAs\":[\"https:\/\/facebook.com\/RaspberryPiDanmark\",\"https:\/\/x.com\/raspberrypidk\",\"https:\/\/instagram.com\/raspberrypi.dk\"]}]}<\/script>\n<!-- \/ Yoast SEO plugin. -->","yoast_head_json":{"title":"Raspberry Pi Pico W \u2022 RaspberryPi.dk","robots":{"index":"index","follow":"follow","max-snippet":"max-snippet:-1","max-image-preview":"max-image-preview:large","max-video-preview":"max-video-preview:-1"},"canonical":"https:\/\/raspberrypi.dk\/no\/produkt\/raspberry-pi-pico-w\/","og_locale":"nb_NO","og_type":"article","og_title":"Raspberry Pi Pico W \u2022 RaspberryPi.dk","og_description":"Raspberry Pi Pico W er en billig, fleksibel utviklingsplattform for RP2040 med 2,4 GHz WiFi-grensesnitt.  Trenger din bedrift et st\u00f8rre antall Raspberry Pi Pico W\/RP2040 eller hjelp med Raspberry Pi maskinvare\/programvare? Kontakt oss her.","og_url":"https:\/\/raspberrypi.dk\/no\/produkt\/raspberry-pi-pico-w\/","og_site_name":"RaspberryPi.dk","article_publisher":"https:\/\/facebook.com\/RaspberryPiDanmark","article_modified_time":"2026-03-10T15:20:52+00:00","og_image":[{"width":1920,"height":1280,"url":"https:\/\/raspberrypi.dk\/wp-content\/uploads\/2022\/06\/PICO-W-HERO.jpg","type":"image\/jpeg"}],"twitter_card":"summary_large_image","twitter_site":"@raspberrypidk","twitter_misc":{"Ansl. lesetid":"3 minutter"},"schema":{"@context":"https:\/\/schema.org","@graph":[{"@type":"WebPage","@id":"https:\/\/raspberrypi.dk\/no\/produkt\/raspberry-pi-pico-w\/","url":"https:\/\/raspberrypi.dk\/no\/produkt\/raspberry-pi-pico-w\/","name":"Raspberry Pi Pico W \u2022 RaspberryPi.dk","isPartOf":{"@id":"https:\/\/raspberrypi.dk\/no\/#website"},"primaryImageOfPage":{"@id":"https:\/\/raspberrypi.dk\/no\/produkt\/raspberry-pi-pico-w\/#primaryimage"},"image":{"@id":"https:\/\/raspberrypi.dk\/no\/produkt\/raspberry-pi-pico-w\/#primaryimage"},"thumbnailUrl":"https:\/\/raspberrypi.dk\/wp-content\/uploads\/2022\/06\/PICO-W-HERO.jpg","datePublished":"2022-06-29T21:25:25+00:00","dateModified":"2026-03-10T15:20:52+00:00","breadcrumb":{"@id":"https:\/\/raspberrypi.dk\/no\/produkt\/raspberry-pi-pico-w\/#breadcrumb"},"inLanguage":"nb-NO","potentialAction":[{"@type":"ReadAction","target":["https:\/\/raspberrypi.dk\/no\/produkt\/raspberry-pi-pico-w\/"]}]},{"@type":"ImageObject","inLanguage":"nb-NO","@id":"https:\/\/raspberrypi.dk\/no\/produkt\/raspberry-pi-pico-w\/#primaryimage","url":"https:\/\/raspberrypi.dk\/wp-content\/uploads\/2022\/06\/PICO-W-HERO.jpg","contentUrl":"https:\/\/raspberrypi.dk\/wp-content\/uploads\/2022\/06\/PICO-W-HERO.jpg","width":1920,"height":1280,"caption":"raspberry pi pico w (wireless)"},{"@type":"BreadcrumbList","@id":"https:\/\/raspberrypi.dk\/no\/produkt\/raspberry-pi-pico-w\/#breadcrumb","itemListElement":[{"@type":"ListItem","position":1,"name":"Hjem","item":"https:\/\/raspberrypi.dk\/no\/raspberry-pi-nettbutikk\/"},{"@type":"ListItem","position":2,"name":"Shop","item":"https:\/\/raspberrypi.dk\/no\/shop-2\/"},{"@type":"ListItem","position":3,"name":"Raspberry Pi Pico W"}]},{"@type":"WebSite","@id":"https:\/\/raspberrypi.dk\/no\/#website","url":"https:\/\/raspberrypi.dk\/no\/","name":"RaspberryPi.dk","description":"Danmarks f\u00f8rende Raspberry Pi side!","publisher":{"@id":"https:\/\/raspberrypi.dk\/no\/#organization"},"potentialAction":[{"@type":"SearchAction","target":{"@type":"EntryPoint","urlTemplate":"https:\/\/raspberrypi.dk\/no\/?s={search_term_string}"},"query-input":{"@type":"PropertyValueSpecification","valueRequired":true,"valueName":"search_term_string"}}],"inLanguage":"nb-NO"},{"@type":"Organization","@id":"https:\/\/raspberrypi.dk\/no\/#organization","name":"RaspberryPi.dk","url":"https:\/\/raspberrypi.dk\/no\/","logo":{"@type":"ImageObject","inLanguage":"nb-NO","@id":"https:\/\/raspberrypi.dk\/no\/#\/schema\/logo\/image\/","url":"https:\/\/raspberrypi.dk\/wp-content\/uploads\/2017\/05\/RaspberryPidk_logo-2.png","contentUrl":"https:\/\/raspberrypi.dk\/wp-content\/uploads\/2017\/05\/RaspberryPidk_logo-2.png","width":470,"height":110,"caption":"RaspberryPi.dk"},"image":{"@id":"https:\/\/raspberrypi.dk\/no\/#\/schema\/logo\/image\/"},"sameAs":["https:\/\/facebook.com\/RaspberryPiDanmark","https:\/\/x.com\/raspberrypidk","https:\/\/instagram.com\/raspberrypi.dk"]}]}},"_links":{"self":[{"href":"https:\/\/raspberrypi.dk\/no\/wp-json\/wp\/v2\/product\/217600","targetHints":{"allow":["GET"]}}],"collection":[{"href":"https:\/\/raspberrypi.dk\/no\/wp-json\/wp\/v2\/product"}],"about":[{"href":"https:\/\/raspberrypi.dk\/no\/wp-json\/wp\/v2\/types\/product"}],"replies":[{"embeddable":true,"href":"https:\/\/raspberrypi.dk\/no\/wp-json\/wp\/v2\/comments?post=217600"}],"wp:featuredmedia":[{"embeddable":true,"href":"https:\/\/raspberrypi.dk\/no\/wp-json\/wp\/v2\/media\/162199"}],"wp:attachment":[{"href":"https:\/\/raspberrypi.dk\/no\/wp-json\/wp\/v2\/media?parent=217600"}],"wp:term":[{"taxonomy":"product_brand","embeddable":true,"href":"https:\/\/raspberrypi.dk\/no\/wp-json\/wp\/v2\/product_brand?post=217600"},{"taxonomy":"product_cat","embeddable":true,"href":"https:\/\/raspberrypi.dk\/no\/wp-json\/wp\/v2\/product_cat?post=217600"},{"taxonomy":"product_tag","embeddable":true,"href":"https:\/\/raspberrypi.dk\/no\/wp-json\/wp\/v2\/product_tag?post=217600"}],"curies":[{"name":"wp","href":"https:\/\/api.w.org\/{rel}","templated":true}]}}