{"id":217602,"date":"2022-04-25T12:47:57","date_gmt":"2022-04-25T10:47:57","guid":{"rendered":"https:\/\/raspberrypi.dk\/produkt\/officiel-raspberry-pi-micro-usb-stroemforsyning-5v-25a-hvit-us\/"},"modified":"2024-04-05T09:23:09","modified_gmt":"2024-04-05T07:23:09","slug":"officiel-raspberry-pi-micro-usb-stroemforsyning-5v-25a-hvit-us","status":"publish","type":"product","link":"https:\/\/raspberrypi.dk\/no\/produkt\/officiel-raspberry-pi-micro-usb-stroemforsyning-5v-25a-hvit-us\/","title":{"rendered":"Offisiell Raspberry Pi Micro USB Str\u00f8mforsyning &#8211; 5V 2,5A &#8211; Hvit &#8211; US"},"content":{"rendered":"<p>Denne offisielle mikro-USB-str\u00f8mforsyningen for Raspberry Pi er designet spesielt for Raspberry Pi og spesielt Raspberry Pi 1, 2, 3 og Zero-produktene.<\/p>\n<ul>\n<li>Input: 100-240VAC<\/li>\n<li>Output: 5.1VDC, 2.5A<\/li>\n<li>Connector: Micro USB<\/li>\n<li>Cable: 1.5m, 18awg, White<\/li>\n<li>Plug type: US<\/li>\n<\/ul>\n","protected":false},"excerpt":{"rendered":"<p><strong>Offisiell str\u00f8mforsyning for Raspberry Pi, 5V, 2,5A, USA, hvit<\/strong><\/p>\n<p>Offisiell Raspberry Pi str\u00f8mforsyning som leverer 2,5 Amp. Dette betyr at det ikke er noen problemer med mangel p\u00e5 str\u00f8m for USB-enheter.<\/p>\n","protected":false},"featured_media":157954,"comment_status":"open","ping_status":"closed","template":"","meta":[],"product_brand":[],"product_cat":[605],"product_tag":[],"class_list":{"0":"post-217602","1":"product","2":"type-product","3":"status-publish","4":"has-post-thumbnail","6":"product_cat-raspberry-pi-stromforsyninger-no","8":"first","9":"outofstock","10":"taxable","11":"shipping-taxable","12":"purchasable","13":"product-type-simple"},"composite_virtual":false,"composite_layout":"","composite_add_to_cart_form_location":"","composite_editable_in_cart":false,"composite_sold_individually_context":"","composite_shop_price_calc":"","composite_components":[],"composite_scenarios":[],"bundled_by":[],"bundle_stock_status":"outofstock","bundle_stock_quantity":0,"bundle_virtual":false,"bundle_layout":"","bundle_add_to_cart_form_location":"","bundle_editable_in_cart":false,"bundle_sold_individually_context":"","bundle_item_grouping":"","bundle_min_size":"","bundle_max_size":"","bundle_price":[],"bundled_items":[],"bundle_sell_ids":[],"yoast_head":"<!-- This site is optimized with the Yoast SEO plugin v27.1.1 - https:\/\/yoast.com\/product\/yoast-seo-wordpress\/ -->\n<title>Offisiell Raspberry Pi Micro USB Str\u00f8mforsyning - 5V 2,5A - Hvit - US \u2022 RaspberryPi.dk<\/title>\n<meta name=\"robots\" content=\"index, follow, max-snippet:-1, max-image-preview:large, max-video-preview:-1\" \/>\n<link rel=\"canonical\" href=\"https:\/\/raspberrypi.dk\/no\/produkt\/officiel-raspberry-pi-micro-usb-stroemforsyning-5v-25a-hvit-us\/\" \/>\n<meta property=\"og:locale\" content=\"nb_NO\" \/>\n<meta property=\"og:type\" content=\"article\" \/>\n<meta property=\"og:title\" content=\"Offisiell Raspberry Pi Micro USB Str\u00f8mforsyning - 5V 2,5A - Hvit - US \u2022 RaspberryPi.dk\" \/>\n<meta property=\"og:description\" content=\"Offisiell str\u00f8mforsyning for Raspberry Pi, 5V, 2,5A, USA, hvit  Offisiell Raspberry Pi str\u00f8mforsyning som leverer 2,5 Amp. Dette betyr at det ikke er noen problemer med mangel p\u00e5 str\u00f8m for USB-enheter.\" \/>\n<meta property=\"og:url\" content=\"https:\/\/raspberrypi.dk\/no\/produkt\/officiel-raspberry-pi-micro-usb-stroemforsyning-5v-25a-hvit-us\/\" \/>\n<meta property=\"og:site_name\" content=\"RaspberryPi.dk\" \/>\n<meta property=\"article:publisher\" content=\"https:\/\/facebook.com\/RaspberryPiDanmark\" \/>\n<meta property=\"article:modified_time\" content=\"2024-04-05T07:23:09+00:00\" \/>\n<meta property=\"og:image\" content=\"https:\/\/raspberrypi.dk\/wp-content\/uploads\/2022\/04\/PSU-US-scaled.jpg\" \/>\n\t<meta property=\"og:image:width\" content=\"2048\" \/>\n\t<meta property=\"og:image:height\" content=\"1371\" \/>\n\t<meta property=\"og:image:type\" content=\"image\/jpeg\" \/>\n<meta name=\"twitter:card\" content=\"summary_large_image\" \/>\n<meta name=\"twitter:site\" content=\"@raspberrypidk\" \/>\n<meta name=\"twitter:label1\" content=\"Ansl. lesetid\" \/>\n\t<meta name=\"twitter:data1\" content=\"1 minutt\" \/>\n<script type=\"application\/ld+json\" class=\"yoast-schema-graph\">{\"@context\":\"https:\/\/schema.org\",\"@graph\":[{\"@type\":\"WebPage\",\"@id\":\"https:\/\/raspberrypi.dk\/no\/produkt\/officiel-raspberry-pi-micro-usb-stroemforsyning-5v-25a-hvit-us\/\",\"url\":\"https:\/\/raspberrypi.dk\/no\/produkt\/officiel-raspberry-pi-micro-usb-stroemforsyning-5v-25a-hvit-us\/\",\"name\":\"Offisiell Raspberry Pi Micro USB Str\u00f8mforsyning - 5V 2,5A - Hvit - US \u2022 RaspberryPi.dk\",\"isPartOf\":{\"@id\":\"https:\/\/raspberrypi.dk\/no\/#website\"},\"primaryImageOfPage\":{\"@id\":\"https:\/\/raspberrypi.dk\/no\/produkt\/officiel-raspberry-pi-micro-usb-stroemforsyning-5v-25a-hvit-us\/#primaryimage\"},\"image\":{\"@id\":\"https:\/\/raspberrypi.dk\/no\/produkt\/officiel-raspberry-pi-micro-usb-stroemforsyning-5v-25a-hvit-us\/#primaryimage\"},\"thumbnailUrl\":\"https:\/\/raspberrypi.dk\/wp-content\/uploads\/2022\/04\/PSU-US-scaled.jpg\",\"datePublished\":\"2022-04-25T10:47:57+00:00\",\"dateModified\":\"2024-04-05T07:23:09+00:00\",\"breadcrumb\":{\"@id\":\"https:\/\/raspberrypi.dk\/no\/produkt\/officiel-raspberry-pi-micro-usb-stroemforsyning-5v-25a-hvit-us\/#breadcrumb\"},\"inLanguage\":\"nb-NO\",\"potentialAction\":[{\"@type\":\"ReadAction\",\"target\":[\"https:\/\/raspberrypi.dk\/no\/produkt\/officiel-raspberry-pi-micro-usb-stroemforsyning-5v-25a-hvit-us\/\"]}]},{\"@type\":\"ImageObject\",\"inLanguage\":\"nb-NO\",\"@id\":\"https:\/\/raspberrypi.dk\/no\/produkt\/officiel-raspberry-pi-micro-usb-stroemforsyning-5v-25a-hvit-us\/#primaryimage\",\"url\":\"https:\/\/raspberrypi.dk\/wp-content\/uploads\/2022\/04\/PSU-US-scaled.jpg\",\"contentUrl\":\"https:\/\/raspberrypi.dk\/wp-content\/uploads\/2022\/04\/PSU-US-scaled.jpg\",\"width\":2048,\"height\":1371},{\"@type\":\"BreadcrumbList\",\"@id\":\"https:\/\/raspberrypi.dk\/no\/produkt\/officiel-raspberry-pi-micro-usb-stroemforsyning-5v-25a-hvit-us\/#breadcrumb\",\"itemListElement\":[{\"@type\":\"ListItem\",\"position\":1,\"name\":\"Hjem\",\"item\":\"https:\/\/raspberrypi.dk\/no\/raspberry-pi-nettbutikk\/\"},{\"@type\":\"ListItem\",\"position\":2,\"name\":\"Shop\",\"item\":\"https:\/\/raspberrypi.dk\/no\/shop-2\/\"},{\"@type\":\"ListItem\",\"position\":3,\"name\":\"Offisiell Raspberry Pi Micro USB Str\u00f8mforsyning &#8211; 5V 2,5A &#8211; Hvit &#8211; US\"}]},{\"@type\":\"WebSite\",\"@id\":\"https:\/\/raspberrypi.dk\/no\/#website\",\"url\":\"https:\/\/raspberrypi.dk\/no\/\",\"name\":\"RaspberryPi.dk\",\"description\":\"Danmarks f\u00f8rende Raspberry Pi side!\",\"publisher\":{\"@id\":\"https:\/\/raspberrypi.dk\/no\/#organization\"},\"potentialAction\":[{\"@type\":\"SearchAction\",\"target\":{\"@type\":\"EntryPoint\",\"urlTemplate\":\"https:\/\/raspberrypi.dk\/no\/?s={search_term_string}\"},\"query-input\":{\"@type\":\"PropertyValueSpecification\",\"valueRequired\":true,\"valueName\":\"search_term_string\"}}],\"inLanguage\":\"nb-NO\"},{\"@type\":\"Organization\",\"@id\":\"https:\/\/raspberrypi.dk\/no\/#organization\",\"name\":\"RaspberryPi.dk\",\"url\":\"https:\/\/raspberrypi.dk\/no\/\",\"logo\":{\"@type\":\"ImageObject\",\"inLanguage\":\"nb-NO\",\"@id\":\"https:\/\/raspberrypi.dk\/no\/#\/schema\/logo\/image\/\",\"url\":\"https:\/\/raspberrypi.dk\/wp-content\/uploads\/2017\/05\/RaspberryPidk_logo-2.png\",\"contentUrl\":\"https:\/\/raspberrypi.dk\/wp-content\/uploads\/2017\/05\/RaspberryPidk_logo-2.png\",\"width\":470,\"height\":110,\"caption\":\"RaspberryPi.dk\"},\"image\":{\"@id\":\"https:\/\/raspberrypi.dk\/no\/#\/schema\/logo\/image\/\"},\"sameAs\":[\"https:\/\/facebook.com\/RaspberryPiDanmark\",\"https:\/\/x.com\/raspberrypidk\",\"https:\/\/instagram.com\/raspberrypi.dk\"]}]}<\/script>\n<!-- \/ Yoast SEO plugin. -->","yoast_head_json":{"title":"Offisiell Raspberry Pi Micro USB Str\u00f8mforsyning - 5V 2,5A - Hvit - US \u2022 RaspberryPi.dk","robots":{"index":"index","follow":"follow","max-snippet":"max-snippet:-1","max-image-preview":"max-image-preview:large","max-video-preview":"max-video-preview:-1"},"canonical":"https:\/\/raspberrypi.dk\/no\/produkt\/officiel-raspberry-pi-micro-usb-stroemforsyning-5v-25a-hvit-us\/","og_locale":"nb_NO","og_type":"article","og_title":"Offisiell Raspberry Pi Micro USB Str\u00f8mforsyning - 5V 2,5A - Hvit - US \u2022 RaspberryPi.dk","og_description":"Offisiell str\u00f8mforsyning for Raspberry Pi, 5V, 2,5A, USA, hvit  Offisiell Raspberry Pi str\u00f8mforsyning som leverer 2,5 Amp. Dette betyr at det ikke er noen problemer med mangel p\u00e5 str\u00f8m for USB-enheter.","og_url":"https:\/\/raspberrypi.dk\/no\/produkt\/officiel-raspberry-pi-micro-usb-stroemforsyning-5v-25a-hvit-us\/","og_site_name":"RaspberryPi.dk","article_publisher":"https:\/\/facebook.com\/RaspberryPiDanmark","article_modified_time":"2024-04-05T07:23:09+00:00","og_image":[{"width":2048,"height":1371,"url":"https:\/\/raspberrypi.dk\/wp-content\/uploads\/2022\/04\/PSU-US-scaled.jpg","type":"image\/jpeg"}],"twitter_card":"summary_large_image","twitter_site":"@raspberrypidk","twitter_misc":{"Ansl. lesetid":"1 minutt"},"schema":{"@context":"https:\/\/schema.org","@graph":[{"@type":"WebPage","@id":"https:\/\/raspberrypi.dk\/no\/produkt\/officiel-raspberry-pi-micro-usb-stroemforsyning-5v-25a-hvit-us\/","url":"https:\/\/raspberrypi.dk\/no\/produkt\/officiel-raspberry-pi-micro-usb-stroemforsyning-5v-25a-hvit-us\/","name":"Offisiell Raspberry Pi Micro USB Str\u00f8mforsyning - 5V 2,5A - Hvit - US \u2022 RaspberryPi.dk","isPartOf":{"@id":"https:\/\/raspberrypi.dk\/no\/#website"},"primaryImageOfPage":{"@id":"https:\/\/raspberrypi.dk\/no\/produkt\/officiel-raspberry-pi-micro-usb-stroemforsyning-5v-25a-hvit-us\/#primaryimage"},"image":{"@id":"https:\/\/raspberrypi.dk\/no\/produkt\/officiel-raspberry-pi-micro-usb-stroemforsyning-5v-25a-hvit-us\/#primaryimage"},"thumbnailUrl":"https:\/\/raspberrypi.dk\/wp-content\/uploads\/2022\/04\/PSU-US-scaled.jpg","datePublished":"2022-04-25T10:47:57+00:00","dateModified":"2024-04-05T07:23:09+00:00","breadcrumb":{"@id":"https:\/\/raspberrypi.dk\/no\/produkt\/officiel-raspberry-pi-micro-usb-stroemforsyning-5v-25a-hvit-us\/#breadcrumb"},"inLanguage":"nb-NO","potentialAction":[{"@type":"ReadAction","target":["https:\/\/raspberrypi.dk\/no\/produkt\/officiel-raspberry-pi-micro-usb-stroemforsyning-5v-25a-hvit-us\/"]}]},{"@type":"ImageObject","inLanguage":"nb-NO","@id":"https:\/\/raspberrypi.dk\/no\/produkt\/officiel-raspberry-pi-micro-usb-stroemforsyning-5v-25a-hvit-us\/#primaryimage","url":"https:\/\/raspberrypi.dk\/wp-content\/uploads\/2022\/04\/PSU-US-scaled.jpg","contentUrl":"https:\/\/raspberrypi.dk\/wp-content\/uploads\/2022\/04\/PSU-US-scaled.jpg","width":2048,"height":1371},{"@type":"BreadcrumbList","@id":"https:\/\/raspberrypi.dk\/no\/produkt\/officiel-raspberry-pi-micro-usb-stroemforsyning-5v-25a-hvit-us\/#breadcrumb","itemListElement":[{"@type":"ListItem","position":1,"name":"Hjem","item":"https:\/\/raspberrypi.dk\/no\/raspberry-pi-nettbutikk\/"},{"@type":"ListItem","position":2,"name":"Shop","item":"https:\/\/raspberrypi.dk\/no\/shop-2\/"},{"@type":"ListItem","position":3,"name":"Offisiell Raspberry Pi Micro USB Str\u00f8mforsyning &#8211; 5V 2,5A &#8211; Hvit &#8211; US"}]},{"@type":"WebSite","@id":"https:\/\/raspberrypi.dk\/no\/#website","url":"https:\/\/raspberrypi.dk\/no\/","name":"RaspberryPi.dk","description":"Danmarks f\u00f8rende Raspberry Pi side!","publisher":{"@id":"https:\/\/raspberrypi.dk\/no\/#organization"},"potentialAction":[{"@type":"SearchAction","target":{"@type":"EntryPoint","urlTemplate":"https:\/\/raspberrypi.dk\/no\/?s={search_term_string}"},"query-input":{"@type":"PropertyValueSpecification","valueRequired":true,"valueName":"search_term_string"}}],"inLanguage":"nb-NO"},{"@type":"Organization","@id":"https:\/\/raspberrypi.dk\/no\/#organization","name":"RaspberryPi.dk","url":"https:\/\/raspberrypi.dk\/no\/","logo":{"@type":"ImageObject","inLanguage":"nb-NO","@id":"https:\/\/raspberrypi.dk\/no\/#\/schema\/logo\/image\/","url":"https:\/\/raspberrypi.dk\/wp-content\/uploads\/2017\/05\/RaspberryPidk_logo-2.png","contentUrl":"https:\/\/raspberrypi.dk\/wp-content\/uploads\/2017\/05\/RaspberryPidk_logo-2.png","width":470,"height":110,"caption":"RaspberryPi.dk"},"image":{"@id":"https:\/\/raspberrypi.dk\/no\/#\/schema\/logo\/image\/"},"sameAs":["https:\/\/facebook.com\/RaspberryPiDanmark","https:\/\/x.com\/raspberrypidk","https:\/\/instagram.com\/raspberrypi.dk"]}]}},"_links":{"self":[{"href":"https:\/\/raspberrypi.dk\/no\/wp-json\/wp\/v2\/product\/217602","targetHints":{"allow":["GET"]}}],"collection":[{"href":"https:\/\/raspberrypi.dk\/no\/wp-json\/wp\/v2\/product"}],"about":[{"href":"https:\/\/raspberrypi.dk\/no\/wp-json\/wp\/v2\/types\/product"}],"replies":[{"embeddable":true,"href":"https:\/\/raspberrypi.dk\/no\/wp-json\/wp\/v2\/comments?post=217602"}],"wp:featuredmedia":[{"embeddable":true,"href":"https:\/\/raspberrypi.dk\/no\/wp-json\/wp\/v2\/media\/157954"}],"wp:attachment":[{"href":"https:\/\/raspberrypi.dk\/no\/wp-json\/wp\/v2\/media?parent=217602"}],"wp:term":[{"taxonomy":"product_brand","embeddable":true,"href":"https:\/\/raspberrypi.dk\/no\/wp-json\/wp\/v2\/product_brand?post=217602"},{"taxonomy":"product_cat","embeddable":true,"href":"https:\/\/raspberrypi.dk\/no\/wp-json\/wp\/v2\/product_cat?post=217602"},{"taxonomy":"product_tag","embeddable":true,"href":"https:\/\/raspberrypi.dk\/no\/wp-json\/wp\/v2\/product_tag?post=217602"}],"curies":[{"name":"wp","href":"https:\/\/api.w.org\/{rel}","templated":true}]}}