{"id":217611,"date":"2022-03-26T01:20:21","date_gmt":"2022-03-26T00:20:21","guid":{"rendered":"https:\/\/raspberrypi.dk\/produkt\/raspberry-pi-4-model-b-8-gb-2\/"},"modified":"2024-04-05T09:30:15","modified_gmt":"2024-04-05T07:30:15","slug":"raspberry-pi-4-model-b-8-gb-2","status":"publish","type":"product","link":"https:\/\/raspberrypi.dk\/no\/produkt\/raspberry-pi-4-model-b-8-gb-2\/","title":{"rendered":"Raspberry Pi 4 Model B (8 GB)"},"content":{"rendered":"<p><strong>Specifikationer<\/strong><\/p>\n<table>\n<tbody>\n<tr>\n<td><strong>Processor<\/strong><\/td>\n<td>Broadcom BCM2711, quad-core Cortex-A72 (ARM v8) 64-bit SoC @ 1.5GHz<\/td>\n<\/tr>\n<tr>\n<td><strong>Memory<\/strong><\/td>\n<td>8GB LPDDR4 SDRAM<\/td>\n<\/tr>\n<tr>\n<td><strong>Connectivity<\/strong><\/td>\n<td>2.4 GHz and 5.0 GHz IEEE 802.11b\/g\/n\/ac wireless<br \/>\nLAN, Bluetooth 5.0, BLE<br \/>\nGigabit Ethernet<br \/>\n2 \u00d7 USB 3.0 ports<br \/>\n2 \u00d7 USB 2.0 ports.<\/td>\n<\/tr>\n<tr>\n<td><strong>GPIO<\/strong><\/td>\n<td>Standard 40-pin GPIO header (fully backwards-compatible with previous boards)<\/td>\n<\/tr>\n<tr>\n<td><strong>Video &amp; Sound<\/strong><\/td>\n<td>2 \u00d7 micro HDMI ports (up to 4Kp60 supported)<br \/>\n2-lane MIPI DSI display port<br \/>\n2-lane MIPI CSI camera port<br \/>\n4-pole stereo audio and composite video port<\/td>\n<\/tr>\n<tr>\n<td><strong>Multimedia<\/strong><\/td>\n<td>H.265 (4Kp60 decode);<br \/>\nH.264 (1080p60 decode, 1080p30 encode);<br \/>\nOpenGL ES, 3.0 graphics<\/td>\n<\/tr>\n<tr>\n<td><strong>SD card support<\/strong><\/td>\n<td>Micro SD card slot for loading operating system and data storage<\/td>\n<\/tr>\n<tr>\n<td><strong>Input Power<\/strong><\/td>\n<td>5V DC via USB-C connector (minimum 3A)<br \/>\n5V DC via GPIO header (minimum 3A)<br \/>\nPower over Ethernet (PoE)\u2013enabled (requires separate PoE HAT)<\/td>\n<\/tr>\n<tr>\n<td><strong>Production lifetime<\/strong><\/td>\n<td>The Raspberry Pi 4 Model B will remain in production until at least January 2026.<\/td>\n<\/tr>\n<\/tbody>\n<\/table>\n<p>&nbsp;<\/p>\n","protected":false},"excerpt":{"rendered":"<p>Raspberry Pi 4 Model B byr p\u00e5 mange nyheter, inkludert en raskere prosessor, varianter med mer minne, USB 3.0-porter, str\u00f8m via USB-C-kontakt, Gigabit Ethernet og 2xMicro HDMI-porter.<\/p>\n<p>Trenger din bedrift et st\u00f8rre antall Raspberry Pi 4 eller hjelp med Raspberry Pi maskinvare\/programvare?\u00a0<a href=\"https:\/\/raspberrypi.dk\/om\/til-virksomheder-og-institutioner\/\">Kontakt oss her<\/a>.<\/p>\n","protected":false},"featured_media":217490,"comment_status":"open","ping_status":"closed","template":"","meta":[],"product_brand":[],"product_cat":[600],"product_tag":[717],"class_list":{"0":"post-217611","1":"product","2":"type-product","3":"status-publish","4":"has-post-thumbnail","6":"product_cat-raspberry-pi-modeller-no","7":"product_tag-rpi4-no","9":"first","10":"outofstock","11":"taxable","12":"shipping-taxable","13":"purchasable","14":"product-type-simple"},"composite_virtual":false,"composite_layout":"","composite_add_to_cart_form_location":"","composite_editable_in_cart":false,"composite_sold_individually_context":"","composite_shop_price_calc":"","composite_components":[],"composite_scenarios":[],"bundled_by":[],"bundle_stock_status":"outofstock","bundle_stock_quantity":0,"bundle_virtual":false,"bundle_layout":"","bundle_add_to_cart_form_location":"","bundle_editable_in_cart":false,"bundle_sold_individually_context":"","bundle_item_grouping":"","bundle_min_size":"","bundle_max_size":"","bundle_price":[],"bundled_items":[],"bundle_sell_ids":[],"yoast_head":"<!-- This site is optimized with the Yoast SEO plugin v27.1.1 - https:\/\/yoast.com\/product\/yoast-seo-wordpress\/ -->\n<title>Raspberry Pi 4 Model B (8 GB) \u2022 RaspberryPi.dk<\/title>\n<meta name=\"robots\" content=\"index, follow, max-snippet:-1, max-image-preview:large, max-video-preview:-1\" \/>\n<link rel=\"canonical\" href=\"https:\/\/raspberrypi.dk\/no\/produkt\/raspberry-pi-4-model-b-8-gb-2\/\" \/>\n<meta property=\"og:locale\" content=\"nb_NO\" \/>\n<meta property=\"og:type\" content=\"article\" \/>\n<meta property=\"og:title\" content=\"Raspberry Pi 4 Model B (8 GB) \u2022 RaspberryPi.dk\" \/>\n<meta property=\"og:description\" content=\"Raspberry Pi 4 Model B byr p\u00e5 mange nyheter, inkludert en raskere prosessor, varianter med mer minne, USB 3.0-porter, str\u00f8m via USB-C-kontakt, Gigabit Ethernet og 2xMicro HDMI-porter.  Trenger din bedrift et st\u00f8rre antall Raspberry Pi 4 eller hjelp med Raspberry Pi maskinvare\/programvare?\u00a0Kontakt oss her.\" \/>\n<meta property=\"og:url\" content=\"https:\/\/raspberrypi.dk\/no\/produkt\/raspberry-pi-4-model-b-8-gb-2\/\" \/>\n<meta property=\"og:site_name\" content=\"RaspberryPi.dk\" \/>\n<meta property=\"article:publisher\" content=\"https:\/\/facebook.com\/RaspberryPiDanmark\" \/>\n<meta property=\"article:modified_time\" content=\"2024-04-05T07:30:15+00:00\" \/>\n<meta property=\"og:image\" content=\"https:\/\/raspberrypi.dk\/wp-content\/uploads\/2020\/05\/raspberry-pi-4-model-b-8-gb-hero-2.png\" \/>\n\t<meta property=\"og:image:width\" content=\"1024\" \/>\n\t<meta property=\"og:image:height\" content=\"685\" \/>\n\t<meta property=\"og:image:type\" content=\"image\/png\" \/>\n<meta name=\"twitter:card\" content=\"summary_large_image\" \/>\n<meta name=\"twitter:site\" content=\"@raspberrypidk\" \/>\n<meta name=\"twitter:label1\" content=\"Ansl. lesetid\" \/>\n\t<meta name=\"twitter:data1\" content=\"1 minutt\" \/>\n<script type=\"application\/ld+json\" class=\"yoast-schema-graph\">{\"@context\":\"https:\/\/schema.org\",\"@graph\":[{\"@type\":\"WebPage\",\"@id\":\"https:\/\/raspberrypi.dk\/no\/produkt\/raspberry-pi-4-model-b-8-gb-2\/\",\"url\":\"https:\/\/raspberrypi.dk\/no\/produkt\/raspberry-pi-4-model-b-8-gb-2\/\",\"name\":\"Raspberry Pi 4 Model B (8 GB) \u2022 RaspberryPi.dk\",\"isPartOf\":{\"@id\":\"https:\/\/raspberrypi.dk\/no\/#website\"},\"primaryImageOfPage\":{\"@id\":\"https:\/\/raspberrypi.dk\/no\/produkt\/raspberry-pi-4-model-b-8-gb-2\/#primaryimage\"},\"image\":{\"@id\":\"https:\/\/raspberrypi.dk\/no\/produkt\/raspberry-pi-4-model-b-8-gb-2\/#primaryimage\"},\"thumbnailUrl\":\"https:\/\/raspberrypi.dk\/wp-content\/uploads\/2020\/05\/raspberry-pi-4-model-b-8-gb-hero-2.png\",\"datePublished\":\"2022-03-26T00:20:21+00:00\",\"dateModified\":\"2024-04-05T07:30:15+00:00\",\"breadcrumb\":{\"@id\":\"https:\/\/raspberrypi.dk\/no\/produkt\/raspberry-pi-4-model-b-8-gb-2\/#breadcrumb\"},\"inLanguage\":\"nb-NO\",\"potentialAction\":[{\"@type\":\"ReadAction\",\"target\":[\"https:\/\/raspberrypi.dk\/no\/produkt\/raspberry-pi-4-model-b-8-gb-2\/\"]}]},{\"@type\":\"ImageObject\",\"inLanguage\":\"nb-NO\",\"@id\":\"https:\/\/raspberrypi.dk\/no\/produkt\/raspberry-pi-4-model-b-8-gb-2\/#primaryimage\",\"url\":\"https:\/\/raspberrypi.dk\/wp-content\/uploads\/2020\/05\/raspberry-pi-4-model-b-8-gb-hero-2.png\",\"contentUrl\":\"https:\/\/raspberrypi.dk\/wp-content\/uploads\/2020\/05\/raspberry-pi-4-model-b-8-gb-hero-2.png\",\"width\":1024,\"height\":685},{\"@type\":\"BreadcrumbList\",\"@id\":\"https:\/\/raspberrypi.dk\/no\/produkt\/raspberry-pi-4-model-b-8-gb-2\/#breadcrumb\",\"itemListElement\":[{\"@type\":\"ListItem\",\"position\":1,\"name\":\"Hjem\",\"item\":\"https:\/\/raspberrypi.dk\/no\/raspberry-pi-nettbutikk\/\"},{\"@type\":\"ListItem\",\"position\":2,\"name\":\"Shop\",\"item\":\"https:\/\/raspberrypi.dk\/no\/shop-2\/\"},{\"@type\":\"ListItem\",\"position\":3,\"name\":\"Raspberry Pi 4 Model B (8 GB)\"}]},{\"@type\":\"WebSite\",\"@id\":\"https:\/\/raspberrypi.dk\/no\/#website\",\"url\":\"https:\/\/raspberrypi.dk\/no\/\",\"name\":\"RaspberryPi.dk\",\"description\":\"Danmarks f\u00f8rende Raspberry Pi side!\",\"publisher\":{\"@id\":\"https:\/\/raspberrypi.dk\/no\/#organization\"},\"potentialAction\":[{\"@type\":\"SearchAction\",\"target\":{\"@type\":\"EntryPoint\",\"urlTemplate\":\"https:\/\/raspberrypi.dk\/no\/?s={search_term_string}\"},\"query-input\":{\"@type\":\"PropertyValueSpecification\",\"valueRequired\":true,\"valueName\":\"search_term_string\"}}],\"inLanguage\":\"nb-NO\"},{\"@type\":\"Organization\",\"@id\":\"https:\/\/raspberrypi.dk\/no\/#organization\",\"name\":\"RaspberryPi.dk\",\"url\":\"https:\/\/raspberrypi.dk\/no\/\",\"logo\":{\"@type\":\"ImageObject\",\"inLanguage\":\"nb-NO\",\"@id\":\"https:\/\/raspberrypi.dk\/no\/#\/schema\/logo\/image\/\",\"url\":\"https:\/\/raspberrypi.dk\/wp-content\/uploads\/2017\/05\/RaspberryPidk_logo-2.png\",\"contentUrl\":\"https:\/\/raspberrypi.dk\/wp-content\/uploads\/2017\/05\/RaspberryPidk_logo-2.png\",\"width\":470,\"height\":110,\"caption\":\"RaspberryPi.dk\"},\"image\":{\"@id\":\"https:\/\/raspberrypi.dk\/no\/#\/schema\/logo\/image\/\"},\"sameAs\":[\"https:\/\/facebook.com\/RaspberryPiDanmark\",\"https:\/\/x.com\/raspberrypidk\",\"https:\/\/instagram.com\/raspberrypi.dk\"]}]}<\/script>\n<!-- \/ Yoast SEO plugin. -->","yoast_head_json":{"title":"Raspberry Pi 4 Model B (8 GB) \u2022 RaspberryPi.dk","robots":{"index":"index","follow":"follow","max-snippet":"max-snippet:-1","max-image-preview":"max-image-preview:large","max-video-preview":"max-video-preview:-1"},"canonical":"https:\/\/raspberrypi.dk\/no\/produkt\/raspberry-pi-4-model-b-8-gb-2\/","og_locale":"nb_NO","og_type":"article","og_title":"Raspberry Pi 4 Model B (8 GB) \u2022 RaspberryPi.dk","og_description":"Raspberry Pi 4 Model B byr p\u00e5 mange nyheter, inkludert en raskere prosessor, varianter med mer minne, USB 3.0-porter, str\u00f8m via USB-C-kontakt, Gigabit Ethernet og 2xMicro HDMI-porter.  Trenger din bedrift et st\u00f8rre antall Raspberry Pi 4 eller hjelp med Raspberry Pi maskinvare\/programvare?\u00a0Kontakt oss her.","og_url":"https:\/\/raspberrypi.dk\/no\/produkt\/raspberry-pi-4-model-b-8-gb-2\/","og_site_name":"RaspberryPi.dk","article_publisher":"https:\/\/facebook.com\/RaspberryPiDanmark","article_modified_time":"2024-04-05T07:30:15+00:00","og_image":[{"width":1024,"height":685,"url":"https:\/\/raspberrypi.dk\/wp-content\/uploads\/2020\/05\/raspberry-pi-4-model-b-8-gb-hero-2.png","type":"image\/png"}],"twitter_card":"summary_large_image","twitter_site":"@raspberrypidk","twitter_misc":{"Ansl. lesetid":"1 minutt"},"schema":{"@context":"https:\/\/schema.org","@graph":[{"@type":"WebPage","@id":"https:\/\/raspberrypi.dk\/no\/produkt\/raspberry-pi-4-model-b-8-gb-2\/","url":"https:\/\/raspberrypi.dk\/no\/produkt\/raspberry-pi-4-model-b-8-gb-2\/","name":"Raspberry Pi 4 Model B (8 GB) \u2022 RaspberryPi.dk","isPartOf":{"@id":"https:\/\/raspberrypi.dk\/no\/#website"},"primaryImageOfPage":{"@id":"https:\/\/raspberrypi.dk\/no\/produkt\/raspberry-pi-4-model-b-8-gb-2\/#primaryimage"},"image":{"@id":"https:\/\/raspberrypi.dk\/no\/produkt\/raspberry-pi-4-model-b-8-gb-2\/#primaryimage"},"thumbnailUrl":"https:\/\/raspberrypi.dk\/wp-content\/uploads\/2020\/05\/raspberry-pi-4-model-b-8-gb-hero-2.png","datePublished":"2022-03-26T00:20:21+00:00","dateModified":"2024-04-05T07:30:15+00:00","breadcrumb":{"@id":"https:\/\/raspberrypi.dk\/no\/produkt\/raspberry-pi-4-model-b-8-gb-2\/#breadcrumb"},"inLanguage":"nb-NO","potentialAction":[{"@type":"ReadAction","target":["https:\/\/raspberrypi.dk\/no\/produkt\/raspberry-pi-4-model-b-8-gb-2\/"]}]},{"@type":"ImageObject","inLanguage":"nb-NO","@id":"https:\/\/raspberrypi.dk\/no\/produkt\/raspberry-pi-4-model-b-8-gb-2\/#primaryimage","url":"https:\/\/raspberrypi.dk\/wp-content\/uploads\/2020\/05\/raspberry-pi-4-model-b-8-gb-hero-2.png","contentUrl":"https:\/\/raspberrypi.dk\/wp-content\/uploads\/2020\/05\/raspberry-pi-4-model-b-8-gb-hero-2.png","width":1024,"height":685},{"@type":"BreadcrumbList","@id":"https:\/\/raspberrypi.dk\/no\/produkt\/raspberry-pi-4-model-b-8-gb-2\/#breadcrumb","itemListElement":[{"@type":"ListItem","position":1,"name":"Hjem","item":"https:\/\/raspberrypi.dk\/no\/raspberry-pi-nettbutikk\/"},{"@type":"ListItem","position":2,"name":"Shop","item":"https:\/\/raspberrypi.dk\/no\/shop-2\/"},{"@type":"ListItem","position":3,"name":"Raspberry Pi 4 Model B (8 GB)"}]},{"@type":"WebSite","@id":"https:\/\/raspberrypi.dk\/no\/#website","url":"https:\/\/raspberrypi.dk\/no\/","name":"RaspberryPi.dk","description":"Danmarks f\u00f8rende Raspberry Pi side!","publisher":{"@id":"https:\/\/raspberrypi.dk\/no\/#organization"},"potentialAction":[{"@type":"SearchAction","target":{"@type":"EntryPoint","urlTemplate":"https:\/\/raspberrypi.dk\/no\/?s={search_term_string}"},"query-input":{"@type":"PropertyValueSpecification","valueRequired":true,"valueName":"search_term_string"}}],"inLanguage":"nb-NO"},{"@type":"Organization","@id":"https:\/\/raspberrypi.dk\/no\/#organization","name":"RaspberryPi.dk","url":"https:\/\/raspberrypi.dk\/no\/","logo":{"@type":"ImageObject","inLanguage":"nb-NO","@id":"https:\/\/raspberrypi.dk\/no\/#\/schema\/logo\/image\/","url":"https:\/\/raspberrypi.dk\/wp-content\/uploads\/2017\/05\/RaspberryPidk_logo-2.png","contentUrl":"https:\/\/raspberrypi.dk\/wp-content\/uploads\/2017\/05\/RaspberryPidk_logo-2.png","width":470,"height":110,"caption":"RaspberryPi.dk"},"image":{"@id":"https:\/\/raspberrypi.dk\/no\/#\/schema\/logo\/image\/"},"sameAs":["https:\/\/facebook.com\/RaspberryPiDanmark","https:\/\/x.com\/raspberrypidk","https:\/\/instagram.com\/raspberrypi.dk"]}]}},"_links":{"self":[{"href":"https:\/\/raspberrypi.dk\/no\/wp-json\/wp\/v2\/product\/217611","targetHints":{"allow":["GET"]}}],"collection":[{"href":"https:\/\/raspberrypi.dk\/no\/wp-json\/wp\/v2\/product"}],"about":[{"href":"https:\/\/raspberrypi.dk\/no\/wp-json\/wp\/v2\/types\/product"}],"replies":[{"embeddable":true,"href":"https:\/\/raspberrypi.dk\/no\/wp-json\/wp\/v2\/comments?post=217611"}],"wp:featuredmedia":[{"embeddable":true,"href":"https:\/\/raspberrypi.dk\/no\/wp-json\/wp\/v2\/media\/217490"}],"wp:attachment":[{"href":"https:\/\/raspberrypi.dk\/no\/wp-json\/wp\/v2\/media?parent=217611"}],"wp:term":[{"taxonomy":"product_brand","embeddable":true,"href":"https:\/\/raspberrypi.dk\/no\/wp-json\/wp\/v2\/product_brand?post=217611"},{"taxonomy":"product_cat","embeddable":true,"href":"https:\/\/raspberrypi.dk\/no\/wp-json\/wp\/v2\/product_cat?post=217611"},{"taxonomy":"product_tag","embeddable":true,"href":"https:\/\/raspberrypi.dk\/no\/wp-json\/wp\/v2\/product_tag?post=217611"}],"curies":[{"name":"wp","href":"https:\/\/api.w.org\/{rel}","templated":true}]}}