{"id":217614,"date":"2022-03-17T12:38:00","date_gmt":"2022-03-17T11:38:00","guid":{"rendered":"https:\/\/raspberrypi.dk\/produkt\/usb-c-stroemkabel\/"},"modified":"2025-12-18T11:35:45","modified_gmt":"2025-12-18T10:35:45","slug":"usb-c-stroemkabel","status":"publish","type":"product","link":"https:\/\/raspberrypi.dk\/no\/produkt\/usb-c-stroemkabel\/","title":{"rendered":"USB-C Str\u00f8mkabel"},"content":{"rendered":"<p>Due to the open end, it suits well for specific industrial applications or for Raspberry Pi components. It enables assemblies with virtually any power source available. The lenght is 1 meter, this makes application more comfortable.<\/p>\n<p>For power supply use only, this cable does not provide data transmission!<\/p>\n<div class=\"ce_text xstext\">\n<div class=\"smalltext\">\n<div class=\"txt_container\">\n<div class=\"inner\">\n<h1 class=\"blockheadline\">SPECIFICATIONS<\/h1>\n<h3>LENGHT<\/h3>\n<p>1 m<\/p>\n<h3>COLOR<\/h3>\n<p>black<\/p>\n<h3>COMPATIBLE TO<\/h3>\n<p>Raspberry Pi 4B, mobile devices like smartphones, etc.<\/p>\n<h3>INTERFACES<\/h3>\n<p>USB type C ; 2 laces<\/p>\n<h3>DIMENSIONS<\/h3>\n<p>100 x 7 x 3 mm<\/p>\n<h3>ITEMS SHIPPED<\/h3>\n<p>K-1473 cable<\/p>\n<h3>EAN<\/h3>\n<p>4250236819730<\/p>\n<h3>ARTICLE NO.<\/h3>\n<p>K-1473<\/p>\n<\/div>\n<\/div>\n<\/div>\n<\/div>\n<div class=\"ce_text xstext\">\n<div class=\"smalltext\">\n<figure class=\"image_container\"><\/figure>\n<div class=\"txt_container\">\n<div class=\"inner\">\n<h1 class=\"blockheadline\">DOWNLOADS<\/h1>\n<ul>\n<li><a href=\"https:\/\/joy-it.net\/files\/files\/Produkte\/K-1473\/Datasheet%20K-1473.pdf\" target=\"_blank\" rel=\"noopener\">K-1473 Datasheet English &#8211; 224,13 KB<\/a><\/li>\n<li><a href=\"https:\/\/joy-it.net\/files\/files\/Produkte\/K-1473\/Datenblatt%20K-1473.pdf\" target=\"_blank\" rel=\"noopener\">K-1473 Datasheet German &#8211; 146,02 KB<\/a><\/li>\n<\/ul>\n<\/div>\n<\/div>\n<\/div>\n<\/div>\n","protected":false},"excerpt":{"rendered":"<p>Med denne str\u00f8mkabelen, som har ledninger klare p\u00e5 den ene siden, kan du fleksibelt koble enheter som drives via USB type C til en str\u00f8mkilde med skrueterminaler etc., for eksempel med en DIN Rail str\u00f8mforsyning.<\/p>\n","protected":false},"featured_media":154633,"comment_status":"open","ping_status":"closed","template":"","meta":[],"product_brand":[],"product_cat":[597,605],"product_tag":[717,703],"class_list":{"0":"post-217614","1":"product","2":"type-product","3":"status-publish","4":"has-post-thumbnail","6":"product_cat-raspberry-pi-hats-gpio-no","7":"product_cat-raspberry-pi-stromforsyninger-no","8":"product_tag-rpi4-no","9":"product_tag-rpi5-no","11":"first","12":"outofstock","13":"taxable","14":"shipping-taxable","15":"purchasable","16":"product-type-simple"},"composite_virtual":false,"composite_layout":"","composite_add_to_cart_form_location":"","composite_editable_in_cart":false,"composite_sold_individually_context":"","composite_shop_price_calc":"","composite_components":[],"composite_scenarios":[],"bundled_by":[],"bundle_stock_status":"outofstock","bundle_stock_quantity":0,"bundle_virtual":false,"bundle_layout":"","bundle_add_to_cart_form_location":"","bundle_editable_in_cart":false,"bundle_sold_individually_context":"","bundle_item_grouping":"","bundle_min_size":"","bundle_max_size":"","bundle_price":[],"bundled_items":[],"bundle_sell_ids":[],"yoast_head":"<!-- This site is optimized with the Yoast SEO plugin v27.1.1 - https:\/\/yoast.com\/product\/yoast-seo-wordpress\/ -->\n<title>USB-C Str\u00f8mkabel \u2022 RaspberryPi.dk<\/title>\n<meta name=\"robots\" content=\"index, follow, max-snippet:-1, max-image-preview:large, max-video-preview:-1\" \/>\n<link rel=\"canonical\" href=\"https:\/\/raspberrypi.dk\/no\/produkt\/usb-c-stroemkabel\/\" \/>\n<meta property=\"og:locale\" content=\"nb_NO\" \/>\n<meta property=\"og:type\" content=\"article\" \/>\n<meta property=\"og:title\" content=\"USB-C Str\u00f8mkabel \u2022 RaspberryPi.dk\" \/>\n<meta property=\"og:description\" content=\"Med denne str\u00f8mkabelen, som har ledninger klare p\u00e5 den ene siden, kan du fleksibelt koble enheter som drives via USB type C til en str\u00f8mkilde med skrueterminaler etc., for eksempel med en DIN Rail str\u00f8mforsyning.\" \/>\n<meta property=\"og:url\" content=\"https:\/\/raspberrypi.dk\/no\/produkt\/usb-c-stroemkabel\/\" \/>\n<meta property=\"og:site_name\" content=\"RaspberryPi.dk\" \/>\n<meta property=\"article:publisher\" content=\"https:\/\/facebook.com\/RaspberryPiDanmark\" \/>\n<meta property=\"article:modified_time\" content=\"2025-12-18T10:35:45+00:00\" \/>\n<meta property=\"og:image\" content=\"https:\/\/raspberrypi.dk\/wp-content\/uploads\/2022\/03\/K-1473.png\" \/>\n\t<meta property=\"og:image:width\" content=\"662\" \/>\n\t<meta property=\"og:image:height\" content=\"662\" \/>\n\t<meta property=\"og:image:type\" content=\"image\/png\" \/>\n<meta name=\"twitter:card\" content=\"summary_large_image\" \/>\n<meta name=\"twitter:site\" content=\"@raspberrypidk\" \/>\n<meta name=\"twitter:label1\" content=\"Ansl. lesetid\" \/>\n\t<meta name=\"twitter:data1\" content=\"1 minutt\" \/>\n<script type=\"application\/ld+json\" class=\"yoast-schema-graph\">{\"@context\":\"https:\/\/schema.org\",\"@graph\":[{\"@type\":\"WebPage\",\"@id\":\"https:\/\/raspberrypi.dk\/no\/produkt\/usb-c-stroemkabel\/\",\"url\":\"https:\/\/raspberrypi.dk\/no\/produkt\/usb-c-stroemkabel\/\",\"name\":\"USB-C Str\u00f8mkabel \u2022 RaspberryPi.dk\",\"isPartOf\":{\"@id\":\"https:\/\/raspberrypi.dk\/no\/#website\"},\"primaryImageOfPage\":{\"@id\":\"https:\/\/raspberrypi.dk\/no\/produkt\/usb-c-stroemkabel\/#primaryimage\"},\"image\":{\"@id\":\"https:\/\/raspberrypi.dk\/no\/produkt\/usb-c-stroemkabel\/#primaryimage\"},\"thumbnailUrl\":\"https:\/\/raspberrypi.dk\/wp-content\/uploads\/2022\/03\/K-1473.png\",\"datePublished\":\"2022-03-17T11:38:00+00:00\",\"dateModified\":\"2025-12-18T10:35:45+00:00\",\"breadcrumb\":{\"@id\":\"https:\/\/raspberrypi.dk\/no\/produkt\/usb-c-stroemkabel\/#breadcrumb\"},\"inLanguage\":\"nb-NO\",\"potentialAction\":[{\"@type\":\"ReadAction\",\"target\":[\"https:\/\/raspberrypi.dk\/no\/produkt\/usb-c-stroemkabel\/\"]}]},{\"@type\":\"ImageObject\",\"inLanguage\":\"nb-NO\",\"@id\":\"https:\/\/raspberrypi.dk\/no\/produkt\/usb-c-stroemkabel\/#primaryimage\",\"url\":\"https:\/\/raspberrypi.dk\/wp-content\/uploads\/2022\/03\/K-1473.png\",\"contentUrl\":\"https:\/\/raspberrypi.dk\/wp-content\/uploads\/2022\/03\/K-1473.png\",\"width\":662,\"height\":662},{\"@type\":\"BreadcrumbList\",\"@id\":\"https:\/\/raspberrypi.dk\/no\/produkt\/usb-c-stroemkabel\/#breadcrumb\",\"itemListElement\":[{\"@type\":\"ListItem\",\"position\":1,\"name\":\"Hjem\",\"item\":\"https:\/\/raspberrypi.dk\/no\/raspberry-pi-nettbutikk\/\"},{\"@type\":\"ListItem\",\"position\":2,\"name\":\"Shop\",\"item\":\"https:\/\/raspberrypi.dk\/no\/shop-2\/\"},{\"@type\":\"ListItem\",\"position\":3,\"name\":\"USB-C Str\u00f8mkabel\"}]},{\"@type\":\"WebSite\",\"@id\":\"https:\/\/raspberrypi.dk\/no\/#website\",\"url\":\"https:\/\/raspberrypi.dk\/no\/\",\"name\":\"RaspberryPi.dk\",\"description\":\"Danmarks f\u00f8rende Raspberry Pi side!\",\"publisher\":{\"@id\":\"https:\/\/raspberrypi.dk\/no\/#organization\"},\"potentialAction\":[{\"@type\":\"SearchAction\",\"target\":{\"@type\":\"EntryPoint\",\"urlTemplate\":\"https:\/\/raspberrypi.dk\/no\/?s={search_term_string}\"},\"query-input\":{\"@type\":\"PropertyValueSpecification\",\"valueRequired\":true,\"valueName\":\"search_term_string\"}}],\"inLanguage\":\"nb-NO\"},{\"@type\":\"Organization\",\"@id\":\"https:\/\/raspberrypi.dk\/no\/#organization\",\"name\":\"RaspberryPi.dk\",\"url\":\"https:\/\/raspberrypi.dk\/no\/\",\"logo\":{\"@type\":\"ImageObject\",\"inLanguage\":\"nb-NO\",\"@id\":\"https:\/\/raspberrypi.dk\/no\/#\/schema\/logo\/image\/\",\"url\":\"https:\/\/raspberrypi.dk\/wp-content\/uploads\/2017\/05\/RaspberryPidk_logo-2.png\",\"contentUrl\":\"https:\/\/raspberrypi.dk\/wp-content\/uploads\/2017\/05\/RaspberryPidk_logo-2.png\",\"width\":470,\"height\":110,\"caption\":\"RaspberryPi.dk\"},\"image\":{\"@id\":\"https:\/\/raspberrypi.dk\/no\/#\/schema\/logo\/image\/\"},\"sameAs\":[\"https:\/\/facebook.com\/RaspberryPiDanmark\",\"https:\/\/x.com\/raspberrypidk\",\"https:\/\/instagram.com\/raspberrypi.dk\"]}]}<\/script>\n<!-- \/ Yoast SEO plugin. -->","yoast_head_json":{"title":"USB-C Str\u00f8mkabel \u2022 RaspberryPi.dk","robots":{"index":"index","follow":"follow","max-snippet":"max-snippet:-1","max-image-preview":"max-image-preview:large","max-video-preview":"max-video-preview:-1"},"canonical":"https:\/\/raspberrypi.dk\/no\/produkt\/usb-c-stroemkabel\/","og_locale":"nb_NO","og_type":"article","og_title":"USB-C Str\u00f8mkabel \u2022 RaspberryPi.dk","og_description":"Med denne str\u00f8mkabelen, som har ledninger klare p\u00e5 den ene siden, kan du fleksibelt koble enheter som drives via USB type C til en str\u00f8mkilde med skrueterminaler etc., for eksempel med en DIN Rail str\u00f8mforsyning.","og_url":"https:\/\/raspberrypi.dk\/no\/produkt\/usb-c-stroemkabel\/","og_site_name":"RaspberryPi.dk","article_publisher":"https:\/\/facebook.com\/RaspberryPiDanmark","article_modified_time":"2025-12-18T10:35:45+00:00","og_image":[{"width":662,"height":662,"url":"https:\/\/raspberrypi.dk\/wp-content\/uploads\/2022\/03\/K-1473.png","type":"image\/png"}],"twitter_card":"summary_large_image","twitter_site":"@raspberrypidk","twitter_misc":{"Ansl. lesetid":"1 minutt"},"schema":{"@context":"https:\/\/schema.org","@graph":[{"@type":"WebPage","@id":"https:\/\/raspberrypi.dk\/no\/produkt\/usb-c-stroemkabel\/","url":"https:\/\/raspberrypi.dk\/no\/produkt\/usb-c-stroemkabel\/","name":"USB-C Str\u00f8mkabel \u2022 RaspberryPi.dk","isPartOf":{"@id":"https:\/\/raspberrypi.dk\/no\/#website"},"primaryImageOfPage":{"@id":"https:\/\/raspberrypi.dk\/no\/produkt\/usb-c-stroemkabel\/#primaryimage"},"image":{"@id":"https:\/\/raspberrypi.dk\/no\/produkt\/usb-c-stroemkabel\/#primaryimage"},"thumbnailUrl":"https:\/\/raspberrypi.dk\/wp-content\/uploads\/2022\/03\/K-1473.png","datePublished":"2022-03-17T11:38:00+00:00","dateModified":"2025-12-18T10:35:45+00:00","breadcrumb":{"@id":"https:\/\/raspberrypi.dk\/no\/produkt\/usb-c-stroemkabel\/#breadcrumb"},"inLanguage":"nb-NO","potentialAction":[{"@type":"ReadAction","target":["https:\/\/raspberrypi.dk\/no\/produkt\/usb-c-stroemkabel\/"]}]},{"@type":"ImageObject","inLanguage":"nb-NO","@id":"https:\/\/raspberrypi.dk\/no\/produkt\/usb-c-stroemkabel\/#primaryimage","url":"https:\/\/raspberrypi.dk\/wp-content\/uploads\/2022\/03\/K-1473.png","contentUrl":"https:\/\/raspberrypi.dk\/wp-content\/uploads\/2022\/03\/K-1473.png","width":662,"height":662},{"@type":"BreadcrumbList","@id":"https:\/\/raspberrypi.dk\/no\/produkt\/usb-c-stroemkabel\/#breadcrumb","itemListElement":[{"@type":"ListItem","position":1,"name":"Hjem","item":"https:\/\/raspberrypi.dk\/no\/raspberry-pi-nettbutikk\/"},{"@type":"ListItem","position":2,"name":"Shop","item":"https:\/\/raspberrypi.dk\/no\/shop-2\/"},{"@type":"ListItem","position":3,"name":"USB-C Str\u00f8mkabel"}]},{"@type":"WebSite","@id":"https:\/\/raspberrypi.dk\/no\/#website","url":"https:\/\/raspberrypi.dk\/no\/","name":"RaspberryPi.dk","description":"Danmarks f\u00f8rende Raspberry Pi side!","publisher":{"@id":"https:\/\/raspberrypi.dk\/no\/#organization"},"potentialAction":[{"@type":"SearchAction","target":{"@type":"EntryPoint","urlTemplate":"https:\/\/raspberrypi.dk\/no\/?s={search_term_string}"},"query-input":{"@type":"PropertyValueSpecification","valueRequired":true,"valueName":"search_term_string"}}],"inLanguage":"nb-NO"},{"@type":"Organization","@id":"https:\/\/raspberrypi.dk\/no\/#organization","name":"RaspberryPi.dk","url":"https:\/\/raspberrypi.dk\/no\/","logo":{"@type":"ImageObject","inLanguage":"nb-NO","@id":"https:\/\/raspberrypi.dk\/no\/#\/schema\/logo\/image\/","url":"https:\/\/raspberrypi.dk\/wp-content\/uploads\/2017\/05\/RaspberryPidk_logo-2.png","contentUrl":"https:\/\/raspberrypi.dk\/wp-content\/uploads\/2017\/05\/RaspberryPidk_logo-2.png","width":470,"height":110,"caption":"RaspberryPi.dk"},"image":{"@id":"https:\/\/raspberrypi.dk\/no\/#\/schema\/logo\/image\/"},"sameAs":["https:\/\/facebook.com\/RaspberryPiDanmark","https:\/\/x.com\/raspberrypidk","https:\/\/instagram.com\/raspberrypi.dk"]}]}},"_links":{"self":[{"href":"https:\/\/raspberrypi.dk\/no\/wp-json\/wp\/v2\/product\/217614","targetHints":{"allow":["GET"]}}],"collection":[{"href":"https:\/\/raspberrypi.dk\/no\/wp-json\/wp\/v2\/product"}],"about":[{"href":"https:\/\/raspberrypi.dk\/no\/wp-json\/wp\/v2\/types\/product"}],"replies":[{"embeddable":true,"href":"https:\/\/raspberrypi.dk\/no\/wp-json\/wp\/v2\/comments?post=217614"}],"wp:featuredmedia":[{"embeddable":true,"href":"https:\/\/raspberrypi.dk\/no\/wp-json\/wp\/v2\/media\/154633"}],"wp:attachment":[{"href":"https:\/\/raspberrypi.dk\/no\/wp-json\/wp\/v2\/media?parent=217614"}],"wp:term":[{"taxonomy":"product_brand","embeddable":true,"href":"https:\/\/raspberrypi.dk\/no\/wp-json\/wp\/v2\/product_brand?post=217614"},{"taxonomy":"product_cat","embeddable":true,"href":"https:\/\/raspberrypi.dk\/no\/wp-json\/wp\/v2\/product_cat?post=217614"},{"taxonomy":"product_tag","embeddable":true,"href":"https:\/\/raspberrypi.dk\/no\/wp-json\/wp\/v2\/product_tag?post=217614"}],"curies":[{"name":"wp","href":"https:\/\/api.w.org\/{rel}","templated":true}]}}