{"id":217640,"date":"2021-10-28T08:00:57","date_gmt":"2021-10-28T06:00:57","guid":{"rendered":"https:\/\/raspberrypi.dk\/produkt\/raspberry-pi-zero-2-w-wireless\/"},"modified":"2025-06-01T05:11:47","modified_gmt":"2025-06-01T03:11:47","slug":"raspberry-pi-zero-2-w-wireless","status":"publish","type":"product","link":"https:\/\/raspberrypi.dk\/no\/produkt\/raspberry-pi-zero-2-w-wireless\/","title":{"rendered":"Raspberry Pi Zero 2 W (Wireless)"},"content":{"rendered":"<p>Vi anbefaler p\u00e5 det sterkeste \u00e5 kj\u00f8pe ekstra tilbeh\u00f8r, som kan velges ovenfor, da det er n\u00f8dvendige adaptere og kontakter for \u00e5 komme i gang med Raspberry Pi Zero 2 W.<\/p>\n<p><strong>Specs Raspberry Pi Zero 2 W (Wireless)<\/strong><\/p>\n<ul>\n<li>1GHz quad-core, 64-bit ARM Cortex-A53 CPU<\/li>\n<li>VideoCore IV GPU<\/li>\n<li>512MB LPDDR2 DRAM<\/li>\n<li>802.11b\/g\/n wireless LAN<\/li>\n<li>Bluetooth 4.2 \/ Bluetooth Low Energy (BLE)<\/li>\n<li>MicroSD card slot<\/li>\n<li>Mini HDMI and USB 2.0 OTG ports<\/li>\n<li>Micro USB power<\/li>\n<li>HAT-compatible 40-pin header<\/li>\n<li>Composite video and reset pins via solder test points<\/li>\n<li>CSI camera connector<\/li>\n<\/ul>\n<p>Raspberry Pi Zero 2 W is footprint-compatible with earlier members of the Zero family.<\/p>\n","protected":false},"excerpt":{"rendered":"<p>Velg tilbeh\u00f8r nedenfor. Vi anbefaler\u00a0<strong>Heatsink Case<\/strong> for Pi Zero 2 W p\u00e5 grunn av h\u00f8y varmespredning.<\/p>\n","protected":false},"featured_media":141665,"comment_status":"open","ping_status":"closed","template":"","meta":[],"product_brand":[],"product_cat":[600,601],"product_tag":[],"class_list":{"0":"post-217640","1":"product","2":"type-product","3":"status-publish","4":"has-post-thumbnail","6":"product_cat-raspberry-pi-modeller-no","7":"product_cat-raspberry-pi-zero-og-tilbehoer-no","9":"first","10":"instock","11":"taxable","12":"shipping-taxable","13":"purchasable","14":"product-type-composite"},"composite_virtual":false,"composite_layout":"single","composite_add_to_cart_form_location":"default","composite_editable_in_cart":false,"composite_sold_individually_context":"product","composite_shop_price_calc":"min_max","composite_components":[{"id":"1634222331","title":"Raspberry Pi Zero 2 W","description":"","query_type":"product_ids","query_ids":[217641],"default_option_id":217641,"thumbnail_id":"","thumbnail_src":"","quantity_min":1,"quantity_max":1,"priced_individually":true,"shipped_individually":false,"optional":false,"discount":"","options_style":"dropdowns","pagination_style":"classic","display_prices":"absolute","show_sorting_options":false,"show_filtering_options":false,"attribute_filter_ids":[],"select_action":"view","product_title_visible":false,"product_descr_visible":false,"product_price_visible":false,"product_thumb_visible":true,"subtotal_visible_product":true,"subtotal_visible_cart":true,"subtotal_visible_orders":true},{"id":"1591888320","title":"Micro SD Kort","description":"","query_type":"product_ids","query_ids":[232644,218520,232648,218314,238620,218564,217025],"default_option_id":232644,"thumbnail_id":"","thumbnail_src":"","quantity_min":1,"quantity_max":1,"priced_individually":true,"shipped_individually":false,"optional":true,"discount":"","options_style":"dropdowns","pagination_style":"classic","display_prices":"absolute","show_sorting_options":false,"show_filtering_options":false,"attribute_filter_ids":[],"select_action":"view","product_title_visible":false,"product_descr_visible":false,"product_price_visible":false,"product_thumb_visible":true,"subtotal_visible_product":true,"subtotal_visible_cart":true,"subtotal_visible_orders":true},{"id":"1591888321","title":"Str\u00f8mforsyning","description":"","query_type":"product_ids","query_ids":[217639,218791],"default_option_id":217639,"thumbnail_id":"","thumbnail_src":"","quantity_min":1,"quantity_max":1,"priced_individually":true,"shipped_individually":false,"optional":true,"discount":"","options_style":"dropdowns","pagination_style":"classic","display_prices":"absolute","show_sorting_options":false,"show_filtering_options":false,"attribute_filter_ids":[],"select_action":"view","product_title_visible":false,"product_descr_visible":false,"product_price_visible":false,"product_thumb_visible":true,"subtotal_visible_product":true,"subtotal_visible_cart":true,"subtotal_visible_orders":true},{"id":"1591888322","title":"Case","description":"","query_type":"product_ids","query_ids":[218805,217483,131982,217624,217625,217623],"default_option_id":218805,"thumbnail_id":"","thumbnail_src":"","quantity_min":1,"quantity_max":1,"priced_individually":true,"shipped_individually":false,"optional":true,"discount":"","options_style":"dropdowns","pagination_style":"classic","display_prices":"absolute","show_sorting_options":false,"show_filtering_options":false,"attribute_filter_ids":[],"select_action":"view","product_title_visible":false,"product_descr_visible":false,"product_price_visible":false,"product_thumb_visible":true,"subtotal_visible_product":true,"subtotal_visible_cart":true,"subtotal_visible_orders":true},{"id":"1591888323","title":"Micro USB","description":"","query_type":"product_ids","query_ids":[218282,218299],"default_option_id":218282,"thumbnail_id":"","thumbnail_src":"","quantity_min":1,"quantity_max":1,"priced_individually":true,"shipped_individually":false,"optional":true,"discount":"","options_style":"dropdowns","pagination_style":"classic","display_prices":"absolute","show_sorting_options":false,"show_filtering_options":false,"attribute_filter_ids":[],"select_action":"view","product_title_visible":false,"product_descr_visible":false,"product_price_visible":false,"product_thumb_visible":true,"subtotal_visible_product":true,"subtotal_visible_cart":true,"subtotal_visible_orders":true},{"id":"1591888324","title":"Mini HDMI","description":"","query_type":"product_ids","query_ids":[218735,217638,218930],"default_option_id":218735,"thumbnail_id":"","thumbnail_src":"","quantity_min":1,"quantity_max":1,"priced_individually":true,"shipped_individually":false,"optional":true,"discount":"","options_style":"dropdowns","pagination_style":"classic","display_prices":"absolute","show_sorting_options":false,"show_filtering_options":false,"attribute_filter_ids":[],"select_action":"view","product_title_visible":false,"product_descr_visible":false,"product_price_visible":false,"product_thumb_visible":true,"subtotal_visible_product":true,"subtotal_visible_cart":true,"subtotal_visible_orders":true},{"id":"1591888326","title":"GPIO","description":"","query_type":"product_ids","query_ids":[219029],"default_option_id":219029,"thumbnail_id":"","thumbnail_src":"","quantity_min":1,"quantity_max":1,"priced_individually":true,"shipped_individually":false,"optional":true,"discount":"","options_style":"dropdowns","pagination_style":"classic","display_prices":"absolute","show_sorting_options":false,"show_filtering_options":false,"attribute_filter_ids":[],"select_action":"view","product_title_visible":false,"product_descr_visible":false,"product_price_visible":false,"product_thumb_visible":true,"subtotal_visible_product":true,"subtotal_visible_cart":true,"subtotal_visible_orders":true}],"composite_scenarios":[],"bundled_by":[],"bundle_stock_status":"instock","bundle_stock_quantity":null,"bundle_virtual":false,"bundle_layout":"","bundle_add_to_cart_form_location":"","bundle_editable_in_cart":false,"bundle_sold_individually_context":"","bundle_item_grouping":"","bundle_min_size":"","bundle_max_size":"","bundle_price":[],"bundled_items":[],"bundle_sell_ids":[],"yoast_head":"<!-- This site is optimized with the Yoast SEO plugin v27.1.1 - https:\/\/yoast.com\/product\/yoast-seo-wordpress\/ -->\n<title>Raspberry Pi Zero 2 W (Wireless) \u2022 RaspberryPi.dk<\/title>\n<meta name=\"description\" content=\"Vi selger naturligvis Raspberry Pi Zero W p\u00e5 RaspberryPi.dk. Den lille Raspberry Pi Zero Wireless gir tr\u00e5dl\u00f8se muligheter, det vil si WiFi og Bluetooth.\" \/>\n<meta name=\"robots\" content=\"index, follow, max-snippet:-1, max-image-preview:large, max-video-preview:-1\" \/>\n<link rel=\"canonical\" href=\"https:\/\/raspberrypi.dk\/no\/produkt\/raspberry-pi-zero-2-w-wireless\/\" \/>\n<meta property=\"og:locale\" content=\"nb_NO\" \/>\n<meta property=\"og:type\" content=\"article\" \/>\n<meta property=\"og:title\" content=\"Raspberry Pi Zero 2 W (Wireless) \u2022 RaspberryPi.dk\" \/>\n<meta property=\"og:description\" content=\"Vi selger naturligvis Raspberry Pi Zero W p\u00e5 RaspberryPi.dk. Den lille Raspberry Pi Zero Wireless gir tr\u00e5dl\u00f8se muligheter, det vil si WiFi og Bluetooth.\" \/>\n<meta property=\"og:url\" content=\"https:\/\/raspberrypi.dk\/no\/produkt\/raspberry-pi-zero-2-w-wireless\/\" \/>\n<meta property=\"og:site_name\" content=\"RaspberryPi.dk\" \/>\n<meta property=\"article:publisher\" content=\"https:\/\/facebook.com\/RaspberryPiDanmark\" \/>\n<meta property=\"article:modified_time\" content=\"2025-06-01T03:11:47+00:00\" \/>\n<meta property=\"og:image\" content=\"https:\/\/raspberrypi.dk\/wp-content\/uploads\/2021\/10\/Raspberry-Pi-Zero-2-W.jpg\" \/>\n\t<meta property=\"og:image:width\" content=\"1920\" \/>\n\t<meta property=\"og:image:height\" content=\"1283\" \/>\n\t<meta property=\"og:image:type\" content=\"image\/jpeg\" \/>\n<meta name=\"twitter:card\" content=\"summary_large_image\" \/>\n<meta name=\"twitter:site\" content=\"@raspberrypidk\" \/>\n<meta name=\"twitter:label1\" content=\"Ansl. lesetid\" \/>\n\t<meta name=\"twitter:data1\" content=\"1 minutt\" \/>\n<script type=\"application\/ld+json\" class=\"yoast-schema-graph\">{\"@context\":\"https:\/\/schema.org\",\"@graph\":[{\"@type\":\"WebPage\",\"@id\":\"https:\/\/raspberrypi.dk\/no\/produkt\/raspberry-pi-zero-2-w-wireless\/\",\"url\":\"https:\/\/raspberrypi.dk\/no\/produkt\/raspberry-pi-zero-2-w-wireless\/\",\"name\":\"Raspberry Pi Zero 2 W (Wireless) \u2022 RaspberryPi.dk\",\"isPartOf\":{\"@id\":\"https:\/\/raspberrypi.dk\/no\/#website\"},\"primaryImageOfPage\":{\"@id\":\"https:\/\/raspberrypi.dk\/no\/produkt\/raspberry-pi-zero-2-w-wireless\/#primaryimage\"},\"image\":{\"@id\":\"https:\/\/raspberrypi.dk\/no\/produkt\/raspberry-pi-zero-2-w-wireless\/#primaryimage\"},\"thumbnailUrl\":\"https:\/\/raspberrypi.dk\/wp-content\/uploads\/2021\/10\/Raspberry-Pi-Zero-2-W.jpg\",\"datePublished\":\"2021-10-28T06:00:57+00:00\",\"dateModified\":\"2025-06-01T03:11:47+00:00\",\"description\":\"Vi selger naturligvis Raspberry Pi Zero W p\u00e5 RaspberryPi.dk. Den lille Raspberry Pi Zero Wireless gir tr\u00e5dl\u00f8se muligheter, det vil si WiFi og Bluetooth.\",\"breadcrumb\":{\"@id\":\"https:\/\/raspberrypi.dk\/no\/produkt\/raspberry-pi-zero-2-w-wireless\/#breadcrumb\"},\"inLanguage\":\"nb-NO\",\"potentialAction\":[{\"@type\":\"ReadAction\",\"target\":[\"https:\/\/raspberrypi.dk\/no\/produkt\/raspberry-pi-zero-2-w-wireless\/\"]}]},{\"@type\":\"ImageObject\",\"inLanguage\":\"nb-NO\",\"@id\":\"https:\/\/raspberrypi.dk\/no\/produkt\/raspberry-pi-zero-2-w-wireless\/#primaryimage\",\"url\":\"https:\/\/raspberrypi.dk\/wp-content\/uploads\/2021\/10\/Raspberry-Pi-Zero-2-W.jpg\",\"contentUrl\":\"https:\/\/raspberrypi.dk\/wp-content\/uploads\/2021\/10\/Raspberry-Pi-Zero-2-W.jpg\",\"width\":1920,\"height\":1283,\"caption\":\"Raspberry Pi Zero 2 W\"},{\"@type\":\"BreadcrumbList\",\"@id\":\"https:\/\/raspberrypi.dk\/no\/produkt\/raspberry-pi-zero-2-w-wireless\/#breadcrumb\",\"itemListElement\":[{\"@type\":\"ListItem\",\"position\":1,\"name\":\"Hjem\",\"item\":\"https:\/\/raspberrypi.dk\/no\/raspberry-pi-nettbutikk\/\"},{\"@type\":\"ListItem\",\"position\":2,\"name\":\"Shop\",\"item\":\"https:\/\/raspberrypi.dk\/no\/shop-2\/\"},{\"@type\":\"ListItem\",\"position\":3,\"name\":\"Raspberry Pi Zero 2 W (Wireless)\"}]},{\"@type\":\"WebSite\",\"@id\":\"https:\/\/raspberrypi.dk\/no\/#website\",\"url\":\"https:\/\/raspberrypi.dk\/no\/\",\"name\":\"RaspberryPi.dk\",\"description\":\"Danmarks f\u00f8rende Raspberry Pi side!\",\"publisher\":{\"@id\":\"https:\/\/raspberrypi.dk\/no\/#organization\"},\"potentialAction\":[{\"@type\":\"SearchAction\",\"target\":{\"@type\":\"EntryPoint\",\"urlTemplate\":\"https:\/\/raspberrypi.dk\/no\/?s={search_term_string}\"},\"query-input\":{\"@type\":\"PropertyValueSpecification\",\"valueRequired\":true,\"valueName\":\"search_term_string\"}}],\"inLanguage\":\"nb-NO\"},{\"@type\":\"Organization\",\"@id\":\"https:\/\/raspberrypi.dk\/no\/#organization\",\"name\":\"RaspberryPi.dk\",\"url\":\"https:\/\/raspberrypi.dk\/no\/\",\"logo\":{\"@type\":\"ImageObject\",\"inLanguage\":\"nb-NO\",\"@id\":\"https:\/\/raspberrypi.dk\/no\/#\/schema\/logo\/image\/\",\"url\":\"https:\/\/raspberrypi.dk\/wp-content\/uploads\/2017\/05\/RaspberryPidk_logo-2.png\",\"contentUrl\":\"https:\/\/raspberrypi.dk\/wp-content\/uploads\/2017\/05\/RaspberryPidk_logo-2.png\",\"width\":470,\"height\":110,\"caption\":\"RaspberryPi.dk\"},\"image\":{\"@id\":\"https:\/\/raspberrypi.dk\/no\/#\/schema\/logo\/image\/\"},\"sameAs\":[\"https:\/\/facebook.com\/RaspberryPiDanmark\",\"https:\/\/x.com\/raspberrypidk\",\"https:\/\/instagram.com\/raspberrypi.dk\"]}]}<\/script>\n<!-- \/ Yoast SEO plugin. -->","yoast_head_json":{"title":"Raspberry Pi Zero 2 W (Wireless) \u2022 RaspberryPi.dk","description":"Vi selger naturligvis Raspberry Pi Zero W p\u00e5 RaspberryPi.dk. Den lille Raspberry Pi Zero Wireless gir tr\u00e5dl\u00f8se muligheter, det vil si WiFi og Bluetooth.","robots":{"index":"index","follow":"follow","max-snippet":"max-snippet:-1","max-image-preview":"max-image-preview:large","max-video-preview":"max-video-preview:-1"},"canonical":"https:\/\/raspberrypi.dk\/no\/produkt\/raspberry-pi-zero-2-w-wireless\/","og_locale":"nb_NO","og_type":"article","og_title":"Raspberry Pi Zero 2 W (Wireless) \u2022 RaspberryPi.dk","og_description":"Vi selger naturligvis Raspberry Pi Zero W p\u00e5 RaspberryPi.dk. Den lille Raspberry Pi Zero Wireless gir tr\u00e5dl\u00f8se muligheter, det vil si WiFi og Bluetooth.","og_url":"https:\/\/raspberrypi.dk\/no\/produkt\/raspberry-pi-zero-2-w-wireless\/","og_site_name":"RaspberryPi.dk","article_publisher":"https:\/\/facebook.com\/RaspberryPiDanmark","article_modified_time":"2025-06-01T03:11:47+00:00","og_image":[{"width":1920,"height":1283,"url":"https:\/\/raspberrypi.dk\/wp-content\/uploads\/2021\/10\/Raspberry-Pi-Zero-2-W.jpg","type":"image\/jpeg"}],"twitter_card":"summary_large_image","twitter_site":"@raspberrypidk","twitter_misc":{"Ansl. lesetid":"1 minutt"},"schema":{"@context":"https:\/\/schema.org","@graph":[{"@type":"WebPage","@id":"https:\/\/raspberrypi.dk\/no\/produkt\/raspberry-pi-zero-2-w-wireless\/","url":"https:\/\/raspberrypi.dk\/no\/produkt\/raspberry-pi-zero-2-w-wireless\/","name":"Raspberry Pi Zero 2 W (Wireless) \u2022 RaspberryPi.dk","isPartOf":{"@id":"https:\/\/raspberrypi.dk\/no\/#website"},"primaryImageOfPage":{"@id":"https:\/\/raspberrypi.dk\/no\/produkt\/raspberry-pi-zero-2-w-wireless\/#primaryimage"},"image":{"@id":"https:\/\/raspberrypi.dk\/no\/produkt\/raspberry-pi-zero-2-w-wireless\/#primaryimage"},"thumbnailUrl":"https:\/\/raspberrypi.dk\/wp-content\/uploads\/2021\/10\/Raspberry-Pi-Zero-2-W.jpg","datePublished":"2021-10-28T06:00:57+00:00","dateModified":"2025-06-01T03:11:47+00:00","description":"Vi selger naturligvis Raspberry Pi Zero W p\u00e5 RaspberryPi.dk. Den lille Raspberry Pi Zero Wireless gir tr\u00e5dl\u00f8se muligheter, det vil si WiFi og Bluetooth.","breadcrumb":{"@id":"https:\/\/raspberrypi.dk\/no\/produkt\/raspberry-pi-zero-2-w-wireless\/#breadcrumb"},"inLanguage":"nb-NO","potentialAction":[{"@type":"ReadAction","target":["https:\/\/raspberrypi.dk\/no\/produkt\/raspberry-pi-zero-2-w-wireless\/"]}]},{"@type":"ImageObject","inLanguage":"nb-NO","@id":"https:\/\/raspberrypi.dk\/no\/produkt\/raspberry-pi-zero-2-w-wireless\/#primaryimage","url":"https:\/\/raspberrypi.dk\/wp-content\/uploads\/2021\/10\/Raspberry-Pi-Zero-2-W.jpg","contentUrl":"https:\/\/raspberrypi.dk\/wp-content\/uploads\/2021\/10\/Raspberry-Pi-Zero-2-W.jpg","width":1920,"height":1283,"caption":"Raspberry Pi Zero 2 W"},{"@type":"BreadcrumbList","@id":"https:\/\/raspberrypi.dk\/no\/produkt\/raspberry-pi-zero-2-w-wireless\/#breadcrumb","itemListElement":[{"@type":"ListItem","position":1,"name":"Hjem","item":"https:\/\/raspberrypi.dk\/no\/raspberry-pi-nettbutikk\/"},{"@type":"ListItem","position":2,"name":"Shop","item":"https:\/\/raspberrypi.dk\/no\/shop-2\/"},{"@type":"ListItem","position":3,"name":"Raspberry Pi Zero 2 W (Wireless)"}]},{"@type":"WebSite","@id":"https:\/\/raspberrypi.dk\/no\/#website","url":"https:\/\/raspberrypi.dk\/no\/","name":"RaspberryPi.dk","description":"Danmarks f\u00f8rende Raspberry Pi side!","publisher":{"@id":"https:\/\/raspberrypi.dk\/no\/#organization"},"potentialAction":[{"@type":"SearchAction","target":{"@type":"EntryPoint","urlTemplate":"https:\/\/raspberrypi.dk\/no\/?s={search_term_string}"},"query-input":{"@type":"PropertyValueSpecification","valueRequired":true,"valueName":"search_term_string"}}],"inLanguage":"nb-NO"},{"@type":"Organization","@id":"https:\/\/raspberrypi.dk\/no\/#organization","name":"RaspberryPi.dk","url":"https:\/\/raspberrypi.dk\/no\/","logo":{"@type":"ImageObject","inLanguage":"nb-NO","@id":"https:\/\/raspberrypi.dk\/no\/#\/schema\/logo\/image\/","url":"https:\/\/raspberrypi.dk\/wp-content\/uploads\/2017\/05\/RaspberryPidk_logo-2.png","contentUrl":"https:\/\/raspberrypi.dk\/wp-content\/uploads\/2017\/05\/RaspberryPidk_logo-2.png","width":470,"height":110,"caption":"RaspberryPi.dk"},"image":{"@id":"https:\/\/raspberrypi.dk\/no\/#\/schema\/logo\/image\/"},"sameAs":["https:\/\/facebook.com\/RaspberryPiDanmark","https:\/\/x.com\/raspberrypidk","https:\/\/instagram.com\/raspberrypi.dk"]}]}},"_links":{"self":[{"href":"https:\/\/raspberrypi.dk\/no\/wp-json\/wp\/v2\/product\/217640","targetHints":{"allow":["GET"]}}],"collection":[{"href":"https:\/\/raspberrypi.dk\/no\/wp-json\/wp\/v2\/product"}],"about":[{"href":"https:\/\/raspberrypi.dk\/no\/wp-json\/wp\/v2\/types\/product"}],"replies":[{"embeddable":true,"href":"https:\/\/raspberrypi.dk\/no\/wp-json\/wp\/v2\/comments?post=217640"}],"wp:featuredmedia":[{"embeddable":true,"href":"https:\/\/raspberrypi.dk\/no\/wp-json\/wp\/v2\/media\/141665"}],"wp:attachment":[{"href":"https:\/\/raspberrypi.dk\/no\/wp-json\/wp\/v2\/media?parent=217640"}],"wp:term":[{"taxonomy":"product_brand","embeddable":true,"href":"https:\/\/raspberrypi.dk\/no\/wp-json\/wp\/v2\/product_brand?post=217640"},{"taxonomy":"product_cat","embeddable":true,"href":"https:\/\/raspberrypi.dk\/no\/wp-json\/wp\/v2\/product_cat?post=217640"},{"taxonomy":"product_tag","embeddable":true,"href":"https:\/\/raspberrypi.dk\/no\/wp-json\/wp\/v2\/product_tag?post=217640"}],"curies":[{"name":"wp","href":"https:\/\/api.w.org\/{rel}","templated":true}]}}