{"id":217642,"date":"2021-10-13T15:49:53","date_gmt":"2021-10-13T13:49:53","guid":{"rendered":"https:\/\/raspberrypi.dk\/produkt\/highpi-pro-5v-vifte\/"},"modified":"2024-12-10T04:56:45","modified_gmt":"2024-12-10T03:56:45","slug":"highpi-pro-5v-vifte","status":"publish","type":"product","link":"https:\/\/raspberrypi.dk\/no\/produkt\/highpi-pro-5v-vifte\/","title":{"rendered":"HighPi Pro 5V Vifte"},"content":{"rendered":"<h3>USING YOUR FAN<\/h3>\n<p>Connect the Red wire to\u00a0<strong>Pin 4<\/strong>\u00a0(+5V) Black Wire to\u00a0<strong>Pin 6<\/strong>\u00a0(GND) Blue wire to\u00a0<strong>Pin 8<\/strong>\u00a0(GPIO 14 TXD)<\/p>\n<p>Once you have connected your fan, by default it will be on whenever your Raspberry Pi is running. You can configure it to turn on only when your Raspberry Pi reaches a temperature that you choose.<\/p>\n<p>Using a recent version of Raspberry Pi OS, first update to retrieve any recent changes to the operating system:<\/p>\n<ol>\n<li>Open the Terminal, either from the\u00a0<strong>Start<\/strong>\u00a0menu (click the Raspberry Pi icon in the top left corner) or by pressing\u00a0<strong>Control + Alt + T<\/strong>.<\/li>\n<li>Type\u00a0<strong>sudo apt update<\/strong>\u00a0and then, when the update has finished, type\u00a0<strong>sudo apt full-upgrade<\/strong>.<\/li>\n<\/ol>\n<p>Then open the\u00a0Raspberry Pi Configuration\u00a0tool:<\/p>\n<ol>\n<li>Click on the Raspberry Pi icon in the top left corner and select\u00a0<strong>Preferences<\/strong>\u00a0then\u00a0<strong>Raspberry Pi Configuration<\/strong>.<\/li>\n<li>Select the\u00a0<strong>Performance<\/strong>\u00a0tab.<\/li>\n<li>Next to\u00a0<strong>Fan<\/strong>, click\u00a0<strong>Enabled<\/strong>.<\/li>\n<li>If you have connected your fan as shown above, the default of\u00a0<strong>14<\/strong>\u00a0for\u00a0<strong>Fan GPIO<\/strong>\u00a0does not need to be changed.<\/li>\n<li>Select the\u00a0<strong>Fan<\/strong>\u00a0<strong>Temperature<\/strong>\u00a0at which you want your fan to turn on. The default is 80\u00b0C, which will stop the Raspberry Pi throttling on difficult tasks without having the fan on all the time.<\/li>\n<\/ol>\n<h3>SPECIFICATIONS<\/h3>\n<ul>\n<li>30 x 30 x 7.7mm casing size<\/li>\n<li>24mm mounting hole spacing<\/li>\n<li>3 wires for power\/ground\/control<\/li>\n<li>70mm wire length<\/li>\n<li>4x 15mm screws and nuts are included<\/li>\n<\/ul>\n","protected":false},"excerpt":{"rendered":"<p>Leter du etter en m\u00e5te \u00e5 holde Raspberry Pi kj\u00f8lig? Koble til denne 5V minikj\u00f8leviften og s\u00f8rg for at din hardtarbeidende Pi ikke overopphetes! Selvf\u00f8lgelig er den ogs\u00e5 flott for bruk med alle sm\u00e5 datamaskiner eller FPGA- eller motordrivere eller noe som trenger kj\u00f8ling.<\/p>\n<p>Passer til v\u00e5re <a href=\"https:\/\/raspberrypi.dk\/no\/shop-2\/\">highpi pro cases<\/a>.<\/p>\n","protected":false},"featured_media":141564,"comment_status":"open","ping_status":"closed","template":"","meta":[],"product_brand":[],"product_cat":[597,594],"product_tag":[],"class_list":{"0":"post-217642","1":"product","2":"type-product","3":"status-publish","4":"has-post-thumbnail","6":"product_cat-raspberry-pi-hats-gpio-no","7":"product_cat-raspberry-pi-cases-no","9":"first","10":"outofstock","11":"taxable","12":"shipping-taxable","13":"purchasable","14":"product-type-simple"},"composite_virtual":false,"composite_layout":"","composite_add_to_cart_form_location":"","composite_editable_in_cart":false,"composite_sold_individually_context":"","composite_shop_price_calc":"","composite_components":[],"composite_scenarios":[],"bundled_by":[],"bundle_stock_status":"outofstock","bundle_stock_quantity":0,"bundle_virtual":false,"bundle_layout":"","bundle_add_to_cart_form_location":"","bundle_editable_in_cart":false,"bundle_sold_individually_context":"","bundle_item_grouping":"","bundle_min_size":"","bundle_max_size":"","bundle_price":[],"bundled_items":[],"bundle_sell_ids":[],"yoast_head":"<!-- This site is optimized with the Yoast SEO plugin v27.1.1 - https:\/\/yoast.com\/product\/yoast-seo-wordpress\/ -->\n<title>HighPi Pro 5V Vifte \u2022 RaspberryPi.dk<\/title>\n<meta name=\"robots\" content=\"index, follow, max-snippet:-1, max-image-preview:large, max-video-preview:-1\" \/>\n<link rel=\"canonical\" href=\"https:\/\/raspberrypi.dk\/no\/produkt\/highpi-pro-5v-vifte\/\" \/>\n<meta property=\"og:locale\" content=\"nb_NO\" \/>\n<meta property=\"og:type\" content=\"article\" \/>\n<meta property=\"og:title\" content=\"HighPi Pro 5V Vifte \u2022 RaspberryPi.dk\" \/>\n<meta property=\"og:description\" content=\"Leter du etter en m\u00e5te \u00e5 holde Raspberry Pi kj\u00f8lig? Koble til denne 5V minikj\u00f8leviften og s\u00f8rg for at din hardtarbeidende Pi ikke overopphetes! Selvf\u00f8lgelig er den ogs\u00e5 flott for bruk med alle sm\u00e5 datamaskiner eller FPGA- eller motordrivere eller noe som trenger kj\u00f8ling.  Passer til v\u00e5re highpi pro cases.\" \/>\n<meta property=\"og:url\" content=\"https:\/\/raspberrypi.dk\/no\/produkt\/highpi-pro-5v-vifte\/\" \/>\n<meta property=\"og:site_name\" content=\"RaspberryPi.dk\" \/>\n<meta property=\"article:publisher\" content=\"https:\/\/facebook.com\/RaspberryPiDanmark\" \/>\n<meta property=\"article:modified_time\" content=\"2024-12-10T03:56:45+00:00\" \/>\n<meta property=\"og:image\" content=\"https:\/\/raspberrypi.dk\/wp-content\/uploads\/2021\/10\/DSC01463__66972.1623855737.gif\" \/>\n\t<meta property=\"og:image:width\" content=\"1280\" \/>\n\t<meta property=\"og:image:height\" content=\"1280\" \/>\n\t<meta property=\"og:image:type\" content=\"image\/gif\" \/>\n<meta name=\"twitter:card\" content=\"summary_large_image\" \/>\n<meta name=\"twitter:site\" content=\"@raspberrypidk\" \/>\n<meta name=\"twitter:label1\" content=\"Ansl. lesetid\" \/>\n\t<meta name=\"twitter:data1\" content=\"2 minutter\" \/>\n<script type=\"application\/ld+json\" class=\"yoast-schema-graph\">{\"@context\":\"https:\/\/schema.org\",\"@graph\":[{\"@type\":\"WebPage\",\"@id\":\"https:\/\/raspberrypi.dk\/no\/produkt\/highpi-pro-5v-vifte\/\",\"url\":\"https:\/\/raspberrypi.dk\/no\/produkt\/highpi-pro-5v-vifte\/\",\"name\":\"HighPi Pro 5V Vifte \u2022 RaspberryPi.dk\",\"isPartOf\":{\"@id\":\"https:\/\/raspberrypi.dk\/no\/#website\"},\"primaryImageOfPage\":{\"@id\":\"https:\/\/raspberrypi.dk\/no\/produkt\/highpi-pro-5v-vifte\/#primaryimage\"},\"image\":{\"@id\":\"https:\/\/raspberrypi.dk\/no\/produkt\/highpi-pro-5v-vifte\/#primaryimage\"},\"thumbnailUrl\":\"https:\/\/raspberrypi.dk\/wp-content\/uploads\/2021\/10\/DSC01463__66972.1623855737.gif\",\"datePublished\":\"2021-10-13T13:49:53+00:00\",\"dateModified\":\"2024-12-10T03:56:45+00:00\",\"breadcrumb\":{\"@id\":\"https:\/\/raspberrypi.dk\/no\/produkt\/highpi-pro-5v-vifte\/#breadcrumb\"},\"inLanguage\":\"nb-NO\",\"potentialAction\":[{\"@type\":\"ReadAction\",\"target\":[\"https:\/\/raspberrypi.dk\/no\/produkt\/highpi-pro-5v-vifte\/\"]}]},{\"@type\":\"ImageObject\",\"inLanguage\":\"nb-NO\",\"@id\":\"https:\/\/raspberrypi.dk\/no\/produkt\/highpi-pro-5v-vifte\/#primaryimage\",\"url\":\"https:\/\/raspberrypi.dk\/wp-content\/uploads\/2021\/10\/DSC01463__66972.1623855737.gif\",\"contentUrl\":\"https:\/\/raspberrypi.dk\/wp-content\/uploads\/2021\/10\/DSC01463__66972.1623855737.gif\",\"width\":1280,\"height\":1280,\"caption\":\"highpi pro 5v fan\"},{\"@type\":\"BreadcrumbList\",\"@id\":\"https:\/\/raspberrypi.dk\/no\/produkt\/highpi-pro-5v-vifte\/#breadcrumb\",\"itemListElement\":[{\"@type\":\"ListItem\",\"position\":1,\"name\":\"Hjem\",\"item\":\"https:\/\/raspberrypi.dk\/no\/raspberry-pi-nettbutikk\/\"},{\"@type\":\"ListItem\",\"position\":2,\"name\":\"Shop\",\"item\":\"https:\/\/raspberrypi.dk\/no\/shop-2\/\"},{\"@type\":\"ListItem\",\"position\":3,\"name\":\"HighPi Pro 5V Vifte\"}]},{\"@type\":\"WebSite\",\"@id\":\"https:\/\/raspberrypi.dk\/no\/#website\",\"url\":\"https:\/\/raspberrypi.dk\/no\/\",\"name\":\"RaspberryPi.dk\",\"description\":\"Danmarks f\u00f8rende Raspberry Pi side!\",\"publisher\":{\"@id\":\"https:\/\/raspberrypi.dk\/no\/#organization\"},\"potentialAction\":[{\"@type\":\"SearchAction\",\"target\":{\"@type\":\"EntryPoint\",\"urlTemplate\":\"https:\/\/raspberrypi.dk\/no\/?s={search_term_string}\"},\"query-input\":{\"@type\":\"PropertyValueSpecification\",\"valueRequired\":true,\"valueName\":\"search_term_string\"}}],\"inLanguage\":\"nb-NO\"},{\"@type\":\"Organization\",\"@id\":\"https:\/\/raspberrypi.dk\/no\/#organization\",\"name\":\"RaspberryPi.dk\",\"url\":\"https:\/\/raspberrypi.dk\/no\/\",\"logo\":{\"@type\":\"ImageObject\",\"inLanguage\":\"nb-NO\",\"@id\":\"https:\/\/raspberrypi.dk\/no\/#\/schema\/logo\/image\/\",\"url\":\"https:\/\/raspberrypi.dk\/wp-content\/uploads\/2017\/05\/RaspberryPidk_logo-2.png\",\"contentUrl\":\"https:\/\/raspberrypi.dk\/wp-content\/uploads\/2017\/05\/RaspberryPidk_logo-2.png\",\"width\":470,\"height\":110,\"caption\":\"RaspberryPi.dk\"},\"image\":{\"@id\":\"https:\/\/raspberrypi.dk\/no\/#\/schema\/logo\/image\/\"},\"sameAs\":[\"https:\/\/facebook.com\/RaspberryPiDanmark\",\"https:\/\/x.com\/raspberrypidk\",\"https:\/\/instagram.com\/raspberrypi.dk\"]}]}<\/script>\n<!-- \/ Yoast SEO plugin. -->","yoast_head_json":{"title":"HighPi Pro 5V Vifte \u2022 RaspberryPi.dk","robots":{"index":"index","follow":"follow","max-snippet":"max-snippet:-1","max-image-preview":"max-image-preview:large","max-video-preview":"max-video-preview:-1"},"canonical":"https:\/\/raspberrypi.dk\/no\/produkt\/highpi-pro-5v-vifte\/","og_locale":"nb_NO","og_type":"article","og_title":"HighPi Pro 5V Vifte \u2022 RaspberryPi.dk","og_description":"Leter du etter en m\u00e5te \u00e5 holde Raspberry Pi kj\u00f8lig? Koble til denne 5V minikj\u00f8leviften og s\u00f8rg for at din hardtarbeidende Pi ikke overopphetes! Selvf\u00f8lgelig er den ogs\u00e5 flott for bruk med alle sm\u00e5 datamaskiner eller FPGA- eller motordrivere eller noe som trenger kj\u00f8ling.  Passer til v\u00e5re highpi pro cases.","og_url":"https:\/\/raspberrypi.dk\/no\/produkt\/highpi-pro-5v-vifte\/","og_site_name":"RaspberryPi.dk","article_publisher":"https:\/\/facebook.com\/RaspberryPiDanmark","article_modified_time":"2024-12-10T03:56:45+00:00","og_image":[{"width":1280,"height":1280,"url":"https:\/\/raspberrypi.dk\/wp-content\/uploads\/2021\/10\/DSC01463__66972.1623855737.gif","type":"image\/gif"}],"twitter_card":"summary_large_image","twitter_site":"@raspberrypidk","twitter_misc":{"Ansl. lesetid":"2 minutter"},"schema":{"@context":"https:\/\/schema.org","@graph":[{"@type":"WebPage","@id":"https:\/\/raspberrypi.dk\/no\/produkt\/highpi-pro-5v-vifte\/","url":"https:\/\/raspberrypi.dk\/no\/produkt\/highpi-pro-5v-vifte\/","name":"HighPi Pro 5V Vifte \u2022 RaspberryPi.dk","isPartOf":{"@id":"https:\/\/raspberrypi.dk\/no\/#website"},"primaryImageOfPage":{"@id":"https:\/\/raspberrypi.dk\/no\/produkt\/highpi-pro-5v-vifte\/#primaryimage"},"image":{"@id":"https:\/\/raspberrypi.dk\/no\/produkt\/highpi-pro-5v-vifte\/#primaryimage"},"thumbnailUrl":"https:\/\/raspberrypi.dk\/wp-content\/uploads\/2021\/10\/DSC01463__66972.1623855737.gif","datePublished":"2021-10-13T13:49:53+00:00","dateModified":"2024-12-10T03:56:45+00:00","breadcrumb":{"@id":"https:\/\/raspberrypi.dk\/no\/produkt\/highpi-pro-5v-vifte\/#breadcrumb"},"inLanguage":"nb-NO","potentialAction":[{"@type":"ReadAction","target":["https:\/\/raspberrypi.dk\/no\/produkt\/highpi-pro-5v-vifte\/"]}]},{"@type":"ImageObject","inLanguage":"nb-NO","@id":"https:\/\/raspberrypi.dk\/no\/produkt\/highpi-pro-5v-vifte\/#primaryimage","url":"https:\/\/raspberrypi.dk\/wp-content\/uploads\/2021\/10\/DSC01463__66972.1623855737.gif","contentUrl":"https:\/\/raspberrypi.dk\/wp-content\/uploads\/2021\/10\/DSC01463__66972.1623855737.gif","width":1280,"height":1280,"caption":"highpi pro 5v fan"},{"@type":"BreadcrumbList","@id":"https:\/\/raspberrypi.dk\/no\/produkt\/highpi-pro-5v-vifte\/#breadcrumb","itemListElement":[{"@type":"ListItem","position":1,"name":"Hjem","item":"https:\/\/raspberrypi.dk\/no\/raspberry-pi-nettbutikk\/"},{"@type":"ListItem","position":2,"name":"Shop","item":"https:\/\/raspberrypi.dk\/no\/shop-2\/"},{"@type":"ListItem","position":3,"name":"HighPi Pro 5V Vifte"}]},{"@type":"WebSite","@id":"https:\/\/raspberrypi.dk\/no\/#website","url":"https:\/\/raspberrypi.dk\/no\/","name":"RaspberryPi.dk","description":"Danmarks f\u00f8rende Raspberry Pi side!","publisher":{"@id":"https:\/\/raspberrypi.dk\/no\/#organization"},"potentialAction":[{"@type":"SearchAction","target":{"@type":"EntryPoint","urlTemplate":"https:\/\/raspberrypi.dk\/no\/?s={search_term_string}"},"query-input":{"@type":"PropertyValueSpecification","valueRequired":true,"valueName":"search_term_string"}}],"inLanguage":"nb-NO"},{"@type":"Organization","@id":"https:\/\/raspberrypi.dk\/no\/#organization","name":"RaspberryPi.dk","url":"https:\/\/raspberrypi.dk\/no\/","logo":{"@type":"ImageObject","inLanguage":"nb-NO","@id":"https:\/\/raspberrypi.dk\/no\/#\/schema\/logo\/image\/","url":"https:\/\/raspberrypi.dk\/wp-content\/uploads\/2017\/05\/RaspberryPidk_logo-2.png","contentUrl":"https:\/\/raspberrypi.dk\/wp-content\/uploads\/2017\/05\/RaspberryPidk_logo-2.png","width":470,"height":110,"caption":"RaspberryPi.dk"},"image":{"@id":"https:\/\/raspberrypi.dk\/no\/#\/schema\/logo\/image\/"},"sameAs":["https:\/\/facebook.com\/RaspberryPiDanmark","https:\/\/x.com\/raspberrypidk","https:\/\/instagram.com\/raspberrypi.dk"]}]}},"_links":{"self":[{"href":"https:\/\/raspberrypi.dk\/no\/wp-json\/wp\/v2\/product\/217642","targetHints":{"allow":["GET"]}}],"collection":[{"href":"https:\/\/raspberrypi.dk\/no\/wp-json\/wp\/v2\/product"}],"about":[{"href":"https:\/\/raspberrypi.dk\/no\/wp-json\/wp\/v2\/types\/product"}],"replies":[{"embeddable":true,"href":"https:\/\/raspberrypi.dk\/no\/wp-json\/wp\/v2\/comments?post=217642"}],"wp:featuredmedia":[{"embeddable":true,"href":"https:\/\/raspberrypi.dk\/no\/wp-json\/wp\/v2\/media\/141564"}],"wp:attachment":[{"href":"https:\/\/raspberrypi.dk\/no\/wp-json\/wp\/v2\/media?parent=217642"}],"wp:term":[{"taxonomy":"product_brand","embeddable":true,"href":"https:\/\/raspberrypi.dk\/no\/wp-json\/wp\/v2\/product_brand?post=217642"},{"taxonomy":"product_cat","embeddable":true,"href":"https:\/\/raspberrypi.dk\/no\/wp-json\/wp\/v2\/product_cat?post=217642"},{"taxonomy":"product_tag","embeddable":true,"href":"https:\/\/raspberrypi.dk\/no\/wp-json\/wp\/v2\/product_tag?post=217642"}],"curies":[{"name":"wp","href":"https:\/\/api.w.org\/{rel}","templated":true}]}}