{"id":217649,"date":"2021-10-13T09:06:54","date_gmt":"2021-10-13T07:06:54","guid":{"rendered":"https:\/\/raspberrypi.dk\/produkt\/heatsink-case-til-dual-gigabit-board-til-cm4\/"},"modified":"2026-03-06T18:16:36","modified_gmt":"2026-03-06T17:16:36","slug":"heatsink-case-til-dual-gigabit-board-til-cm4","status":"publish","type":"product","link":"https:\/\/raspberrypi.dk\/no\/produkt\/heatsink-case-til-dual-gigabit-board-til-cm4\/","title":{"rendered":"Heatsink case til Dual Gigabit Board til CM4"},"content":{"rendered":"<p>Note! <a href=\"https:\/\/raspberrypi.dk\/no\/produkt\/dual-gigabit-ethernet-carrier-board-til-raspberry-pi-cm4\/\">Dual gigabit board<\/a> is not included.<\/p>\n<h2>Features<\/h2>\n<ul>\n<li>Suitable to use with Dual Gigabit Ethernet Carrier Board for Raspberry Pi CM4<\/li>\n<li>Aluminum alloy top with large heat sink for better heat dissipation<\/li>\n<li>Thermal pad to provide better contact between Aluminum heatsink and CM4 CPU<\/li>\n<li>PC\/ABS case with better protection which is suitable for industrial applications<\/li>\n<li>Case with long rubber feet for better stability when placed on a flat surface<\/li>\n<li>Keyhole slot wall mount with the ability to hang in two orientations<\/li>\n<li>DIN rail mount support with 3 mounting holes<\/li>\n<\/ul>\n<h2>Description<\/h2>\n<p>When you are running the Dual Gigabit Ethernet Carrier Board for long hours, the board tends to get very hot with all the workloads. So, the PC\/ABS Case with Aluminum Heatsink is the ultimate solution for your overheating problems.<\/p>\n<p>This PC\/ABS case comes with an Aluminum alloy top which has a large heatsink in order to cool down the CM4 at extreme loads. Also, this case provides better protection as well and is suitable to be used in industrial applications. The case has long rubber feet for better stability when placed on a flat surface. You can mount this case in two different methods. One is to use the keyhole slot wall mount and hang it on the wall (you can hang in 2 different orientations). The other is to use the 3 mounting holes and mount onto a DIN rail.<\/p>\n<h3>Wall Mount (horizontal and vertical orientations)<\/h3>\n<p><img decoding=\"async\" class=\"lazy\" src=\"https:\/\/files.seeedstudio.com\/products\/110110110\/wall-mount.png\" width=\"500\" height=\"500\" data-src=\"https:\/\/files.seeedstudio.com\/products\/110110110\/wall-mount.png\" \/><\/p>\n<p>&nbsp;<\/p>\n<h3>DIN Rail Mount<\/h3>\n<p><img decoding=\"async\" class=\"lazy\" src=\"https:\/\/files.seeedstudio.com\/products\/110110110\/DIN-rail.png\" width=\"500\" height=\"500\" data-src=\"https:\/\/files.seeedstudio.com\/products\/110110110\/DIN-rail.png\" \/><\/p>\n<h2>Part List<\/h2>\n<p>1 x PC\/ABS Case with Aluminum Heatsink for Dual Gigabit Ethernet Carrier Board for Raspberry Pi CM4<\/p>\n","protected":false},"excerpt":{"rendered":"<p>Dette PC\/ABS-dekselet kommer med en topp av aluminiumslegering som har en stor kj\u00f8leribbe for \u00e5 kj\u00f8le ned CM4 under ekstreme belastninger. Dette etuiet gir ogs\u00e5 bedre beskyttelse og er egnet for bruk i industrielle applikasjoner.<\/p>\n","protected":false},"featured_media":141440,"comment_status":"open","ping_status":"closed","template":"","meta":[],"product_brand":[],"product_cat":[613,594],"product_tag":[785],"class_list":{"0":"post-217649","1":"product","2":"type-product","3":"status-publish","4":"has-post-thumbnail","6":"product_cat-industriell-raspberry-pi","7":"product_cat-raspberry-pi-cases-no","8":"product_tag-cm4-no","10":"first","11":"instock","12":"taxable","13":"shipping-taxable","14":"purchasable","15":"product-type-simple"},"composite_virtual":false,"composite_layout":"","composite_add_to_cart_form_location":"","composite_editable_in_cart":false,"composite_sold_individually_context":"","composite_shop_price_calc":"","composite_components":[],"composite_scenarios":[],"bundled_by":[],"bundle_stock_status":"instock","bundle_stock_quantity":13,"bundle_virtual":false,"bundle_layout":"","bundle_add_to_cart_form_location":"","bundle_editable_in_cart":false,"bundle_sold_individually_context":"","bundle_item_grouping":"","bundle_min_size":"","bundle_max_size":"","bundle_price":[],"bundled_items":[],"bundle_sell_ids":[],"yoast_head":"<!-- This site is optimized with the Yoast SEO plugin v27.1.1 - https:\/\/yoast.com\/product\/yoast-seo-wordpress\/ -->\n<title>Heatsink case til Dual Gigabit Board til CM4 \u2022 RaspberryPi.dk<\/title>\n<meta name=\"robots\" content=\"index, follow, max-snippet:-1, max-image-preview:large, max-video-preview:-1\" \/>\n<link rel=\"canonical\" href=\"https:\/\/raspberrypi.dk\/no\/produkt\/heatsink-case-til-dual-gigabit-board-til-cm4\/\" \/>\n<meta property=\"og:locale\" content=\"nb_NO\" \/>\n<meta property=\"og:type\" content=\"article\" \/>\n<meta property=\"og:title\" content=\"Heatsink case til Dual Gigabit Board til CM4 \u2022 RaspberryPi.dk\" \/>\n<meta property=\"og:description\" content=\"Dette PC\/ABS-dekselet kommer med en topp av aluminiumslegering som har en stor kj\u00f8leribbe for \u00e5 kj\u00f8le ned CM4 under ekstreme belastninger. Dette etuiet gir ogs\u00e5 bedre beskyttelse og er egnet for bruk i industrielle applikasjoner.\" \/>\n<meta property=\"og:url\" content=\"https:\/\/raspberrypi.dk\/no\/produkt\/heatsink-case-til-dual-gigabit-board-til-cm4\/\" \/>\n<meta property=\"og:site_name\" content=\"RaspberryPi.dk\" \/>\n<meta property=\"article:publisher\" content=\"https:\/\/facebook.com\/RaspberryPiDanmark\" \/>\n<meta property=\"article:modified_time\" content=\"2026-03-06T17:16:36+00:00\" \/>\n<meta property=\"og:image\" content=\"https:\/\/raspberrypi.dk\/wp-content\/uploads\/2021\/10\/110070089_preview-16.png\" \/>\n\t<meta property=\"og:image:width\" content=\"1400\" \/>\n\t<meta property=\"og:image:height\" content=\"1050\" \/>\n\t<meta property=\"og:image:type\" content=\"image\/png\" \/>\n<meta name=\"twitter:card\" content=\"summary_large_image\" \/>\n<meta name=\"twitter:site\" content=\"@raspberrypidk\" \/>\n<meta name=\"twitter:label1\" content=\"Ansl. lesetid\" \/>\n\t<meta name=\"twitter:data1\" content=\"3 minutter\" \/>\n<script type=\"application\/ld+json\" class=\"yoast-schema-graph\">{\"@context\":\"https:\/\/schema.org\",\"@graph\":[{\"@type\":\"WebPage\",\"@id\":\"https:\/\/raspberrypi.dk\/no\/produkt\/heatsink-case-til-dual-gigabit-board-til-cm4\/\",\"url\":\"https:\/\/raspberrypi.dk\/no\/produkt\/heatsink-case-til-dual-gigabit-board-til-cm4\/\",\"name\":\"Heatsink case til Dual Gigabit Board til CM4 \u2022 RaspberryPi.dk\",\"isPartOf\":{\"@id\":\"https:\/\/raspberrypi.dk\/no\/#website\"},\"primaryImageOfPage\":{\"@id\":\"https:\/\/raspberrypi.dk\/no\/produkt\/heatsink-case-til-dual-gigabit-board-til-cm4\/#primaryimage\"},\"image\":{\"@id\":\"https:\/\/raspberrypi.dk\/no\/produkt\/heatsink-case-til-dual-gigabit-board-til-cm4\/#primaryimage\"},\"thumbnailUrl\":\"https:\/\/raspberrypi.dk\/wp-content\/uploads\/2021\/10\/110070089_preview-16.png\",\"datePublished\":\"2021-10-13T07:06:54+00:00\",\"dateModified\":\"2026-03-06T17:16:36+00:00\",\"breadcrumb\":{\"@id\":\"https:\/\/raspberrypi.dk\/no\/produkt\/heatsink-case-til-dual-gigabit-board-til-cm4\/#breadcrumb\"},\"inLanguage\":\"nb-NO\",\"potentialAction\":[{\"@type\":\"ReadAction\",\"target\":[\"https:\/\/raspberrypi.dk\/no\/produkt\/heatsink-case-til-dual-gigabit-board-til-cm4\/\"]}]},{\"@type\":\"ImageObject\",\"inLanguage\":\"nb-NO\",\"@id\":\"https:\/\/raspberrypi.dk\/no\/produkt\/heatsink-case-til-dual-gigabit-board-til-cm4\/#primaryimage\",\"url\":\"https:\/\/raspberrypi.dk\/wp-content\/uploads\/2021\/10\/110070089_preview-16.png\",\"contentUrl\":\"https:\/\/raspberrypi.dk\/wp-content\/uploads\/2021\/10\/110070089_preview-16.png\",\"width\":1400,\"height\":1050,\"caption\":\"heatsink case dual gigabit board cm4 seeed\"},{\"@type\":\"BreadcrumbList\",\"@id\":\"https:\/\/raspberrypi.dk\/no\/produkt\/heatsink-case-til-dual-gigabit-board-til-cm4\/#breadcrumb\",\"itemListElement\":[{\"@type\":\"ListItem\",\"position\":1,\"name\":\"Hjem\",\"item\":\"https:\/\/raspberrypi.dk\/no\/raspberry-pi-nettbutikk\/\"},{\"@type\":\"ListItem\",\"position\":2,\"name\":\"Shop\",\"item\":\"https:\/\/raspberrypi.dk\/no\/shop-2\/\"},{\"@type\":\"ListItem\",\"position\":3,\"name\":\"Heatsink case til Dual Gigabit Board til CM4\"}]},{\"@type\":\"WebSite\",\"@id\":\"https:\/\/raspberrypi.dk\/no\/#website\",\"url\":\"https:\/\/raspberrypi.dk\/no\/\",\"name\":\"RaspberryPi.dk\",\"description\":\"Danmarks f\u00f8rende Raspberry Pi side!\",\"publisher\":{\"@id\":\"https:\/\/raspberrypi.dk\/no\/#organization\"},\"potentialAction\":[{\"@type\":\"SearchAction\",\"target\":{\"@type\":\"EntryPoint\",\"urlTemplate\":\"https:\/\/raspberrypi.dk\/no\/?s={search_term_string}\"},\"query-input\":{\"@type\":\"PropertyValueSpecification\",\"valueRequired\":true,\"valueName\":\"search_term_string\"}}],\"inLanguage\":\"nb-NO\"},{\"@type\":\"Organization\",\"@id\":\"https:\/\/raspberrypi.dk\/no\/#organization\",\"name\":\"RaspberryPi.dk\",\"url\":\"https:\/\/raspberrypi.dk\/no\/\",\"logo\":{\"@type\":\"ImageObject\",\"inLanguage\":\"nb-NO\",\"@id\":\"https:\/\/raspberrypi.dk\/no\/#\/schema\/logo\/image\/\",\"url\":\"https:\/\/raspberrypi.dk\/wp-content\/uploads\/2017\/05\/RaspberryPidk_logo-2.png\",\"contentUrl\":\"https:\/\/raspberrypi.dk\/wp-content\/uploads\/2017\/05\/RaspberryPidk_logo-2.png\",\"width\":470,\"height\":110,\"caption\":\"RaspberryPi.dk\"},\"image\":{\"@id\":\"https:\/\/raspberrypi.dk\/no\/#\/schema\/logo\/image\/\"},\"sameAs\":[\"https:\/\/facebook.com\/RaspberryPiDanmark\",\"https:\/\/x.com\/raspberrypidk\",\"https:\/\/instagram.com\/raspberrypi.dk\"]}]}<\/script>\n<!-- \/ Yoast SEO plugin. -->","yoast_head_json":{"title":"Heatsink case til Dual Gigabit Board til CM4 \u2022 RaspberryPi.dk","robots":{"index":"index","follow":"follow","max-snippet":"max-snippet:-1","max-image-preview":"max-image-preview:large","max-video-preview":"max-video-preview:-1"},"canonical":"https:\/\/raspberrypi.dk\/no\/produkt\/heatsink-case-til-dual-gigabit-board-til-cm4\/","og_locale":"nb_NO","og_type":"article","og_title":"Heatsink case til Dual Gigabit Board til CM4 \u2022 RaspberryPi.dk","og_description":"Dette PC\/ABS-dekselet kommer med en topp av aluminiumslegering som har en stor kj\u00f8leribbe for \u00e5 kj\u00f8le ned CM4 under ekstreme belastninger. Dette etuiet gir ogs\u00e5 bedre beskyttelse og er egnet for bruk i industrielle applikasjoner.","og_url":"https:\/\/raspberrypi.dk\/no\/produkt\/heatsink-case-til-dual-gigabit-board-til-cm4\/","og_site_name":"RaspberryPi.dk","article_publisher":"https:\/\/facebook.com\/RaspberryPiDanmark","article_modified_time":"2026-03-06T17:16:36+00:00","og_image":[{"width":1400,"height":1050,"url":"https:\/\/raspberrypi.dk\/wp-content\/uploads\/2021\/10\/110070089_preview-16.png","type":"image\/png"}],"twitter_card":"summary_large_image","twitter_site":"@raspberrypidk","twitter_misc":{"Ansl. lesetid":"3 minutter"},"schema":{"@context":"https:\/\/schema.org","@graph":[{"@type":"WebPage","@id":"https:\/\/raspberrypi.dk\/no\/produkt\/heatsink-case-til-dual-gigabit-board-til-cm4\/","url":"https:\/\/raspberrypi.dk\/no\/produkt\/heatsink-case-til-dual-gigabit-board-til-cm4\/","name":"Heatsink case til Dual Gigabit Board til CM4 \u2022 RaspberryPi.dk","isPartOf":{"@id":"https:\/\/raspberrypi.dk\/no\/#website"},"primaryImageOfPage":{"@id":"https:\/\/raspberrypi.dk\/no\/produkt\/heatsink-case-til-dual-gigabit-board-til-cm4\/#primaryimage"},"image":{"@id":"https:\/\/raspberrypi.dk\/no\/produkt\/heatsink-case-til-dual-gigabit-board-til-cm4\/#primaryimage"},"thumbnailUrl":"https:\/\/raspberrypi.dk\/wp-content\/uploads\/2021\/10\/110070089_preview-16.png","datePublished":"2021-10-13T07:06:54+00:00","dateModified":"2026-03-06T17:16:36+00:00","breadcrumb":{"@id":"https:\/\/raspberrypi.dk\/no\/produkt\/heatsink-case-til-dual-gigabit-board-til-cm4\/#breadcrumb"},"inLanguage":"nb-NO","potentialAction":[{"@type":"ReadAction","target":["https:\/\/raspberrypi.dk\/no\/produkt\/heatsink-case-til-dual-gigabit-board-til-cm4\/"]}]},{"@type":"ImageObject","inLanguage":"nb-NO","@id":"https:\/\/raspberrypi.dk\/no\/produkt\/heatsink-case-til-dual-gigabit-board-til-cm4\/#primaryimage","url":"https:\/\/raspberrypi.dk\/wp-content\/uploads\/2021\/10\/110070089_preview-16.png","contentUrl":"https:\/\/raspberrypi.dk\/wp-content\/uploads\/2021\/10\/110070089_preview-16.png","width":1400,"height":1050,"caption":"heatsink case dual gigabit board cm4 seeed"},{"@type":"BreadcrumbList","@id":"https:\/\/raspberrypi.dk\/no\/produkt\/heatsink-case-til-dual-gigabit-board-til-cm4\/#breadcrumb","itemListElement":[{"@type":"ListItem","position":1,"name":"Hjem","item":"https:\/\/raspberrypi.dk\/no\/raspberry-pi-nettbutikk\/"},{"@type":"ListItem","position":2,"name":"Shop","item":"https:\/\/raspberrypi.dk\/no\/shop-2\/"},{"@type":"ListItem","position":3,"name":"Heatsink case til Dual Gigabit Board til CM4"}]},{"@type":"WebSite","@id":"https:\/\/raspberrypi.dk\/no\/#website","url":"https:\/\/raspberrypi.dk\/no\/","name":"RaspberryPi.dk","description":"Danmarks f\u00f8rende Raspberry Pi side!","publisher":{"@id":"https:\/\/raspberrypi.dk\/no\/#organization"},"potentialAction":[{"@type":"SearchAction","target":{"@type":"EntryPoint","urlTemplate":"https:\/\/raspberrypi.dk\/no\/?s={search_term_string}"},"query-input":{"@type":"PropertyValueSpecification","valueRequired":true,"valueName":"search_term_string"}}],"inLanguage":"nb-NO"},{"@type":"Organization","@id":"https:\/\/raspberrypi.dk\/no\/#organization","name":"RaspberryPi.dk","url":"https:\/\/raspberrypi.dk\/no\/","logo":{"@type":"ImageObject","inLanguage":"nb-NO","@id":"https:\/\/raspberrypi.dk\/no\/#\/schema\/logo\/image\/","url":"https:\/\/raspberrypi.dk\/wp-content\/uploads\/2017\/05\/RaspberryPidk_logo-2.png","contentUrl":"https:\/\/raspberrypi.dk\/wp-content\/uploads\/2017\/05\/RaspberryPidk_logo-2.png","width":470,"height":110,"caption":"RaspberryPi.dk"},"image":{"@id":"https:\/\/raspberrypi.dk\/no\/#\/schema\/logo\/image\/"},"sameAs":["https:\/\/facebook.com\/RaspberryPiDanmark","https:\/\/x.com\/raspberrypidk","https:\/\/instagram.com\/raspberrypi.dk"]}]}},"_links":{"self":[{"href":"https:\/\/raspberrypi.dk\/no\/wp-json\/wp\/v2\/product\/217649","targetHints":{"allow":["GET"]}}],"collection":[{"href":"https:\/\/raspberrypi.dk\/no\/wp-json\/wp\/v2\/product"}],"about":[{"href":"https:\/\/raspberrypi.dk\/no\/wp-json\/wp\/v2\/types\/product"}],"replies":[{"embeddable":true,"href":"https:\/\/raspberrypi.dk\/no\/wp-json\/wp\/v2\/comments?post=217649"}],"wp:featuredmedia":[{"embeddable":true,"href":"https:\/\/raspberrypi.dk\/no\/wp-json\/wp\/v2\/media\/141440"}],"wp:attachment":[{"href":"https:\/\/raspberrypi.dk\/no\/wp-json\/wp\/v2\/media?parent=217649"}],"wp:term":[{"taxonomy":"product_brand","embeddable":true,"href":"https:\/\/raspberrypi.dk\/no\/wp-json\/wp\/v2\/product_brand?post=217649"},{"taxonomy":"product_cat","embeddable":true,"href":"https:\/\/raspberrypi.dk\/no\/wp-json\/wp\/v2\/product_cat?post=217649"},{"taxonomy":"product_tag","embeddable":true,"href":"https:\/\/raspberrypi.dk\/no\/wp-json\/wp\/v2\/product_tag?post=217649"}],"curies":[{"name":"wp","href":"https:\/\/api.w.org\/{rel}","templated":true}]}}