{"id":217664,"date":"2021-09-17T11:42:50","date_gmt":"2021-09-17T09:42:50","guid":{"rendered":"https:\/\/raspberrypi.dk\/produkt\/infotv-player-kit-4-gb\/"},"modified":"2024-04-07T09:42:41","modified_gmt":"2024-04-07T07:42:41","slug":"infotv-player-kit-4-gb","status":"publish","type":"product","link":"https:\/\/raspberrypi.dk\/no\/produkt\/infotv-player-kit-4-gb\/","title":{"rendered":"InfoTV Player Kit &#8211; 4 GB"},"content":{"rendered":"<p>Med dette settet er du klar til \u00e5 bruke InfoTVs Digital Signage-l\u00f8sning. V\u00e5r InfoTV Digital Signage Player best\u00e5r av et lekkert aluminiumsdeksel fra Argon som ogs\u00e5 har passiv kj\u00f8ling for Raspberry Pi. I tillegg flashes SD-kortet med InfoTVs programvare, s\u00e5 alt som kreves er en lisens og du er i gang. SD-kort er montert i Raspberry Pi og Pi er montert i Argon-etui.<\/p>\n<p><strong>V\u00e5r InfoTV Digital Signage Player inkluderer:<\/strong><\/p>\n<ul>\n<li>Raspberry Pi 4 Model B \u2013 4 GB<\/li>\n<li>Argon Raspberry Pi 4 Heatsink Case<\/li>\n<li>Pre-installeret 16GB Class 10 Micro SD Card \u2013 InfoTV\u2019s Digital Signage Software<\/li>\n<li>Officiel Raspberry Pi USB-C Str\u00f8mforsyning \u2013 EU \u2013 5V 3A \u2013 Sort<\/li>\n<li>1m Micro HDMI til HDMI kabel \u2013 Sort<\/li>\n<li>InfoTV Digital Signage<\/li>\n<\/ul>\n<p>InfoTV gir deg en kommunikasjonsplattform som er markedets mest brukervennlige system. Og det er over 40 000 spillere over hele verden. Digital Signage er gjort enkelt med InfoTVs Digital Signage Player! Programvaren koster fra \u20ac15 pr spiller pr m\u00e5ned.<\/p>\n<p>Alle InfoTV Digital Signage-spillere leveres forh\u00e5ndslastet med InfoTVs Digital Signage-programvare!<\/p>\n<p>For \u00e5 koble Raspberry Pis til InfoTV, f\u00f8lg bare veiledningen p\u00e5 skjermen n\u00e5r den er online.<\/p>\n<p>Du kan alltid lage en demo her og se et hav av muligheter: <a href=\"https:\/\/app-infotv.net\/signup\">https:\/\/app-infotv.net\/signup<\/a><\/p>\n<p>&nbsp;<\/p>\n<p><strong>Vi tilbyr bl.a. som f\u00f8lger: Gratis apper i v\u00e5r l\u00f8sning:<\/strong><\/p>\n<ul>\n<li>SharePoint<\/li>\n<li>PowerBI<\/li>\n<li>Grafana<\/li>\n<li>Exchange &#8211; O365<\/li>\n<li>Google Calender<\/li>\n<li>Osv. Osv.<\/li>\n<\/ul>\n<p>Det er ogs\u00e5 gratis support og oppdateringer n\u00e5r du har v\u00e5r l\u00f8sning.<\/p>\n","protected":false},"excerpt":{"rendered":"<p>Pakken inneholder produktene nedenfor. Montert og klar til bruk InfoTV Digital Signage-system.<\/p>\n","protected":false},"featured_media":288693,"comment_status":"open","ping_status":"closed","template":"","meta":[],"product_brand":[],"product_cat":[603],"product_tag":[],"class_list":{"0":"post-217664","1":"product","2":"type-product","3":"status-publish","4":"has-post-thumbnail","6":"product_cat-raspberry-pi-startpakker-og-kits-no","8":"first","9":"instock","10":"taxable","11":"shipping-taxable","12":"purchasable","13":"product-type-bundle"},"composite_virtual":false,"composite_layout":"","composite_add_to_cart_form_location":"","composite_editable_in_cart":false,"composite_sold_individually_context":"","composite_shop_price_calc":"","composite_components":[],"composite_scenarios":[],"bundled_by":[],"bundle_stock_status":"instock","bundle_stock_quantity":8,"bundle_virtual":false,"bundle_layout":"default","bundle_add_to_cart_form_location":"default","bundle_editable_in_cart":false,"bundle_sold_individually_context":"product","bundle_item_grouping":"parent","bundle_min_size":"","bundle_max_size":"","bundle_price":{"price":{"min":{"incl_tax":"1819","excl_tax":"1455.2"},"max":{"incl_tax":"1819","excl_tax":"1455.2"}},"regular_price":{"min":{"incl_tax":"1819","excl_tax":"1455.2"},"max":{"incl_tax":"1819","excl_tax":"1455.2"}}},"bundled_items":[{"bundled_item_id":1100,"product_id":217665,"menu_order":0,"quantity_min":1,"quantity_max":1,"quantity_default":1,"priced_individually":false,"shipped_individually":false,"override_title":false,"title":"InfoTV Player &#8211; 4 GB","override_description":false,"description":"InfoTV Player &#8211; 4 GB","optional":false,"hide_thumbnail":false,"discount":"","override_variations":false,"allowed_variations":[""],"override_default_variation_attributes":false,"default_variation_attributes":[],"single_product_visibility":"visible","cart_visibility":"visible","order_visibility":"visible","single_product_price_visibility":"visible","cart_price_visibility":"visible","order_price_visibility":"visible","stock_status":"in_stock"},{"bundled_item_id":1380,"product_id":218771,"menu_order":1,"quantity_min":1,"quantity_max":1,"quantity_default":1,"priced_individually":false,"shipped_individually":false,"override_title":false,"title":"Offisiell Raspberry Pi 15W USB-C Str\u00f8mforsyning \u2013 EU \u2013 5V 3A &#8211; Svart","override_description":false,"description":"Offisiell Raspberry Pi 15W USB-C Str\u00f8mforsyning \u2013 EU \u2013 5V 3A &#8211; Svart","optional":false,"hide_thumbnail":false,"discount":"","override_variations":false,"allowed_variations":[""],"override_default_variation_attributes":false,"default_variation_attributes":[],"single_product_visibility":"visible","cart_visibility":"visible","order_visibility":"visible","single_product_price_visibility":"visible","cart_price_visibility":"visible","order_price_visibility":"visible","stock_status":"in_stock"},{"bundled_item_id":1172,"product_id":217882,"menu_order":2,"quantity_min":1,"quantity_max":1,"quantity_default":1,"priced_individually":false,"shipped_individually":false,"override_title":false,"title":"Offisiell Raspberry Pi Micro HDMI-kabel &#8211; 1m &#8211; Svart","override_description":false,"description":"Offisiell Raspberry Pi Micro HDMI-kabel &#8211; 1m &#8211; Svart","optional":false,"hide_thumbnail":false,"discount":"","override_variations":false,"allowed_variations":[""],"override_default_variation_attributes":false,"default_variation_attributes":[],"single_product_visibility":"visible","cart_visibility":"visible","order_visibility":"visible","single_product_price_visibility":"visible","cart_price_visibility":"visible","order_price_visibility":"visible","stock_status":"in_stock"}],"bundle_sell_ids":[],"yoast_head":"<!-- This site is optimized with the Yoast SEO plugin v27.1.1 - https:\/\/yoast.com\/product\/yoast-seo-wordpress\/ -->\n<title>InfoTV Player Kit - 4 GB \u2022 RaspberryPi.dk<\/title>\n<meta name=\"robots\" content=\"index, follow, max-snippet:-1, max-image-preview:large, max-video-preview:-1\" \/>\n<link rel=\"canonical\" href=\"https:\/\/raspberrypi.dk\/no\/produkt\/infotv-player-kit-4-gb\/\" \/>\n<meta property=\"og:locale\" content=\"nb_NO\" \/>\n<meta property=\"og:type\" content=\"article\" \/>\n<meta property=\"og:title\" content=\"InfoTV Player Kit - 4 GB \u2022 RaspberryPi.dk\" \/>\n<meta property=\"og:description\" content=\"Pakken inneholder produktene nedenfor. Montert og klar til bruk InfoTV Digital Signage-system.\" \/>\n<meta property=\"og:url\" content=\"https:\/\/raspberrypi.dk\/no\/produkt\/infotv-player-kit-4-gb\/\" \/>\n<meta property=\"og:site_name\" content=\"RaspberryPi.dk\" \/>\n<meta property=\"article:publisher\" content=\"https:\/\/facebook.com\/RaspberryPiDanmark\" \/>\n<meta property=\"article:modified_time\" content=\"2024-04-07T07:42:41+00:00\" \/>\n<meta property=\"og:image\" content=\"https:\/\/raspberrypi.dk\/wp-content\/uploads\/2021\/12\/InfoTV_PLayer.jpg\" \/>\n\t<meta property=\"og:image:width\" content=\"640\" \/>\n\t<meta property=\"og:image:height\" content=\"480\" \/>\n\t<meta property=\"og:image:type\" content=\"image\/jpeg\" \/>\n<meta name=\"twitter:card\" content=\"summary_large_image\" \/>\n<meta name=\"twitter:site\" content=\"@raspberrypidk\" \/>\n<meta name=\"twitter:label1\" content=\"Ansl. lesetid\" \/>\n\t<meta name=\"twitter:data1\" content=\"2 minutter\" \/>\n<script type=\"application\/ld+json\" class=\"yoast-schema-graph\">{\"@context\":\"https:\/\/schema.org\",\"@graph\":[{\"@type\":\"WebPage\",\"@id\":\"https:\/\/raspberrypi.dk\/no\/produkt\/infotv-player-kit-4-gb\/\",\"url\":\"https:\/\/raspberrypi.dk\/no\/produkt\/infotv-player-kit-4-gb\/\",\"name\":\"InfoTV Player Kit - 4 GB \u2022 RaspberryPi.dk\",\"isPartOf\":{\"@id\":\"https:\/\/raspberrypi.dk\/no\/#website\"},\"primaryImageOfPage\":{\"@id\":\"https:\/\/raspberrypi.dk\/no\/produkt\/infotv-player-kit-4-gb\/#primaryimage\"},\"image\":{\"@id\":\"https:\/\/raspberrypi.dk\/no\/produkt\/infotv-player-kit-4-gb\/#primaryimage\"},\"thumbnailUrl\":\"https:\/\/raspberrypi.dk\/wp-content\/uploads\/2021\/09\/euroscreen-player.jpg\",\"datePublished\":\"2021-09-17T09:42:50+00:00\",\"dateModified\":\"2024-04-07T07:42:41+00:00\",\"breadcrumb\":{\"@id\":\"https:\/\/raspberrypi.dk\/no\/produkt\/infotv-player-kit-4-gb\/#breadcrumb\"},\"inLanguage\":\"nb-NO\",\"potentialAction\":[{\"@type\":\"ReadAction\",\"target\":[\"https:\/\/raspberrypi.dk\/no\/produkt\/infotv-player-kit-4-gb\/\"]}]},{\"@type\":\"ImageObject\",\"inLanguage\":\"nb-NO\",\"@id\":\"https:\/\/raspberrypi.dk\/no\/produkt\/infotv-player-kit-4-gb\/#primaryimage\",\"url\":\"https:\/\/raspberrypi.dk\/wp-content\/uploads\/2021\/09\/euroscreen-player.jpg\",\"contentUrl\":\"https:\/\/raspberrypi.dk\/wp-content\/uploads\/2021\/09\/euroscreen-player.jpg\",\"width\":640,\"height\":480,\"caption\":\"euroscreen player\"},{\"@type\":\"BreadcrumbList\",\"@id\":\"https:\/\/raspberrypi.dk\/no\/produkt\/infotv-player-kit-4-gb\/#breadcrumb\",\"itemListElement\":[{\"@type\":\"ListItem\",\"position\":1,\"name\":\"Hjem\",\"item\":\"https:\/\/raspberrypi.dk\/no\/raspberry-pi-nettbutikk\/\"},{\"@type\":\"ListItem\",\"position\":2,\"name\":\"Shop\",\"item\":\"https:\/\/raspberrypi.dk\/no\/shop-2\/\"},{\"@type\":\"ListItem\",\"position\":3,\"name\":\"InfoTV Player Kit &#8211; 4 GB\"}]},{\"@type\":\"WebSite\",\"@id\":\"https:\/\/raspberrypi.dk\/no\/#website\",\"url\":\"https:\/\/raspberrypi.dk\/no\/\",\"name\":\"RaspberryPi.dk\",\"description\":\"Danmarks f\u00f8rende Raspberry Pi side!\",\"publisher\":{\"@id\":\"https:\/\/raspberrypi.dk\/no\/#organization\"},\"potentialAction\":[{\"@type\":\"SearchAction\",\"target\":{\"@type\":\"EntryPoint\",\"urlTemplate\":\"https:\/\/raspberrypi.dk\/no\/?s={search_term_string}\"},\"query-input\":{\"@type\":\"PropertyValueSpecification\",\"valueRequired\":true,\"valueName\":\"search_term_string\"}}],\"inLanguage\":\"nb-NO\"},{\"@type\":\"Organization\",\"@id\":\"https:\/\/raspberrypi.dk\/no\/#organization\",\"name\":\"RaspberryPi.dk\",\"url\":\"https:\/\/raspberrypi.dk\/no\/\",\"logo\":{\"@type\":\"ImageObject\",\"inLanguage\":\"nb-NO\",\"@id\":\"https:\/\/raspberrypi.dk\/no\/#\/schema\/logo\/image\/\",\"url\":\"https:\/\/raspberrypi.dk\/wp-content\/uploads\/2017\/05\/RaspberryPidk_logo-2.png\",\"contentUrl\":\"https:\/\/raspberrypi.dk\/wp-content\/uploads\/2017\/05\/RaspberryPidk_logo-2.png\",\"width\":470,\"height\":110,\"caption\":\"RaspberryPi.dk\"},\"image\":{\"@id\":\"https:\/\/raspberrypi.dk\/no\/#\/schema\/logo\/image\/\"},\"sameAs\":[\"https:\/\/facebook.com\/RaspberryPiDanmark\",\"https:\/\/x.com\/raspberrypidk\",\"https:\/\/instagram.com\/raspberrypi.dk\"]}]}<\/script>\n<!-- \/ Yoast SEO plugin. -->","yoast_head_json":{"title":"InfoTV Player Kit - 4 GB \u2022 RaspberryPi.dk","robots":{"index":"index","follow":"follow","max-snippet":"max-snippet:-1","max-image-preview":"max-image-preview:large","max-video-preview":"max-video-preview:-1"},"canonical":"https:\/\/raspberrypi.dk\/no\/produkt\/infotv-player-kit-4-gb\/","og_locale":"nb_NO","og_type":"article","og_title":"InfoTV Player Kit - 4 GB \u2022 RaspberryPi.dk","og_description":"Pakken inneholder produktene nedenfor. Montert og klar til bruk InfoTV Digital Signage-system.","og_url":"https:\/\/raspberrypi.dk\/no\/produkt\/infotv-player-kit-4-gb\/","og_site_name":"RaspberryPi.dk","article_publisher":"https:\/\/facebook.com\/RaspberryPiDanmark","article_modified_time":"2024-04-07T07:42:41+00:00","og_image":[{"width":640,"height":480,"url":"https:\/\/raspberrypi.dk\/wp-content\/uploads\/2021\/12\/InfoTV_PLayer.jpg","type":"image\/jpeg"}],"twitter_card":"summary_large_image","twitter_site":"@raspberrypidk","twitter_misc":{"Ansl. lesetid":"2 minutter"},"schema":{"@context":"https:\/\/schema.org","@graph":[{"@type":"WebPage","@id":"https:\/\/raspberrypi.dk\/no\/produkt\/infotv-player-kit-4-gb\/","url":"https:\/\/raspberrypi.dk\/no\/produkt\/infotv-player-kit-4-gb\/","name":"InfoTV Player Kit - 4 GB \u2022 RaspberryPi.dk","isPartOf":{"@id":"https:\/\/raspberrypi.dk\/no\/#website"},"primaryImageOfPage":{"@id":"https:\/\/raspberrypi.dk\/no\/produkt\/infotv-player-kit-4-gb\/#primaryimage"},"image":{"@id":"https:\/\/raspberrypi.dk\/no\/produkt\/infotv-player-kit-4-gb\/#primaryimage"},"thumbnailUrl":"https:\/\/raspberrypi.dk\/wp-content\/uploads\/2021\/09\/euroscreen-player.jpg","datePublished":"2021-09-17T09:42:50+00:00","dateModified":"2024-04-07T07:42:41+00:00","breadcrumb":{"@id":"https:\/\/raspberrypi.dk\/no\/produkt\/infotv-player-kit-4-gb\/#breadcrumb"},"inLanguage":"nb-NO","potentialAction":[{"@type":"ReadAction","target":["https:\/\/raspberrypi.dk\/no\/produkt\/infotv-player-kit-4-gb\/"]}]},{"@type":"ImageObject","inLanguage":"nb-NO","@id":"https:\/\/raspberrypi.dk\/no\/produkt\/infotv-player-kit-4-gb\/#primaryimage","url":"https:\/\/raspberrypi.dk\/wp-content\/uploads\/2021\/09\/euroscreen-player.jpg","contentUrl":"https:\/\/raspberrypi.dk\/wp-content\/uploads\/2021\/09\/euroscreen-player.jpg","width":640,"height":480,"caption":"euroscreen player"},{"@type":"BreadcrumbList","@id":"https:\/\/raspberrypi.dk\/no\/produkt\/infotv-player-kit-4-gb\/#breadcrumb","itemListElement":[{"@type":"ListItem","position":1,"name":"Hjem","item":"https:\/\/raspberrypi.dk\/no\/raspberry-pi-nettbutikk\/"},{"@type":"ListItem","position":2,"name":"Shop","item":"https:\/\/raspberrypi.dk\/no\/shop-2\/"},{"@type":"ListItem","position":3,"name":"InfoTV Player Kit &#8211; 4 GB"}]},{"@type":"WebSite","@id":"https:\/\/raspberrypi.dk\/no\/#website","url":"https:\/\/raspberrypi.dk\/no\/","name":"RaspberryPi.dk","description":"Danmarks f\u00f8rende Raspberry Pi side!","publisher":{"@id":"https:\/\/raspberrypi.dk\/no\/#organization"},"potentialAction":[{"@type":"SearchAction","target":{"@type":"EntryPoint","urlTemplate":"https:\/\/raspberrypi.dk\/no\/?s={search_term_string}"},"query-input":{"@type":"PropertyValueSpecification","valueRequired":true,"valueName":"search_term_string"}}],"inLanguage":"nb-NO"},{"@type":"Organization","@id":"https:\/\/raspberrypi.dk\/no\/#organization","name":"RaspberryPi.dk","url":"https:\/\/raspberrypi.dk\/no\/","logo":{"@type":"ImageObject","inLanguage":"nb-NO","@id":"https:\/\/raspberrypi.dk\/no\/#\/schema\/logo\/image\/","url":"https:\/\/raspberrypi.dk\/wp-content\/uploads\/2017\/05\/RaspberryPidk_logo-2.png","contentUrl":"https:\/\/raspberrypi.dk\/wp-content\/uploads\/2017\/05\/RaspberryPidk_logo-2.png","width":470,"height":110,"caption":"RaspberryPi.dk"},"image":{"@id":"https:\/\/raspberrypi.dk\/no\/#\/schema\/logo\/image\/"},"sameAs":["https:\/\/facebook.com\/RaspberryPiDanmark","https:\/\/x.com\/raspberrypidk","https:\/\/instagram.com\/raspberrypi.dk"]}]}},"_links":{"self":[{"href":"https:\/\/raspberrypi.dk\/no\/wp-json\/wp\/v2\/product\/217664","targetHints":{"allow":["GET"]}}],"collection":[{"href":"https:\/\/raspberrypi.dk\/no\/wp-json\/wp\/v2\/product"}],"about":[{"href":"https:\/\/raspberrypi.dk\/no\/wp-json\/wp\/v2\/types\/product"}],"replies":[{"embeddable":true,"href":"https:\/\/raspberrypi.dk\/no\/wp-json\/wp\/v2\/comments?post=217664"}],"wp:featuredmedia":[{"embeddable":true,"href":"https:\/\/raspberrypi.dk\/no\/wp-json\/wp\/v2\/media\/288693"}],"wp:attachment":[{"href":"https:\/\/raspberrypi.dk\/no\/wp-json\/wp\/v2\/media?parent=217664"}],"wp:term":[{"taxonomy":"product_brand","embeddable":true,"href":"https:\/\/raspberrypi.dk\/no\/wp-json\/wp\/v2\/product_brand?post=217664"},{"taxonomy":"product_cat","embeddable":true,"href":"https:\/\/raspberrypi.dk\/no\/wp-json\/wp\/v2\/product_cat?post=217664"},{"taxonomy":"product_tag","embeddable":true,"href":"https:\/\/raspberrypi.dk\/no\/wp-json\/wp\/v2\/product_tag?post=217664"}],"curies":[{"name":"wp","href":"https:\/\/api.w.org\/{rel}","templated":true}]}}