{"id":217780,"date":"2021-06-09T10:24:16","date_gmt":"2021-06-09T08:24:16","guid":{"rendered":"https:\/\/raspberrypi.dk\/produkt\/iqaudio-dac-pro-lydkort\/"},"modified":"2026-02-04T10:52:22","modified_gmt":"2026-02-04T09:52:22","slug":"iqaudio-dac-pro-lydkort","status":"publish","type":"product","link":"https:\/\/raspberrypi.dk\/no\/produkt\/iqaudio-dac-pro-lydkort\/","title":{"rendered":"Raspberry Pi DAC Pro Lydkort"},"content":{"rendered":"<p>IQaudio DAC Pro bruker Texas Instruments PCM5242 DAC for \u00e5 levere eksepsjonell signal-til-st\u00f8y-ytelse fra en Raspberry Pi 1 Model B+, 2, 3 og 4 og st\u00f8tter balansert\/differensial utgang parallelt med phono\/RCA-linjeutgang. Den inkluderer ogs\u00e5 en dedikert hodetelefonforsterker.<\/p>\n<h2>Dokumenter<\/h2>\n<p><a href=\"https:\/\/raspberrypi.dk\/wp-content\/uploads\/2021\/06\/iqaudio-product-brief.pdf\">IQaudio Product Guide<\/a><\/p>\n<h2>Features<\/h2>\n<ul>\n<li>Standard 40-pin header (compatible with any 40-pin Raspberry Pi)<\/li>\n<li>PCM5242 DAC<\/li>\n<li>24-bit depth 192kHz (Full HD) audio<\/li>\n<li>Dedicated headphone amplifier<\/li>\n<li>Phono RCA output<\/li>\n<li>Balanced\/differential out in parallel to Phono \/ RCA line-level output<\/li>\n<li>Powered by the Raspberry Pi PSU<\/li>\n<li>Power LED<\/li>\n<li>Onboard EEPROM for auto-configuration<\/li>\n<li>No soldering required<\/li>\n<li>Standoffs included<\/li>\n<li>Compatible with Volumio, Rune, Max2Play, MoodeAudio<\/li>\n<\/ul>\n<h2>Board Features<\/h2>\n<p><img decoding=\"async\" src=\"https:\/\/cdn.shopify.com\/s\/files\/1\/0176\/3274\/files\/DAC-Pro-features_480x480.png?v=1608203560\" alt=\"IQaudIO DAC Pro Features\" \/><\/p>\n<ul>\n<li>P1: Analogue out (0..2VRMS), carries GPIO27, MUTE signal (headphone detect), Left and Right Audio and Left and Right Ground.<\/li>\n<li>P6: Headphone socket signals (pin1: LEFT, 2:GROUND, 3: RIGHT, 4:GROUND, 5:DETECT)<\/li>\n<li>P7\/9: Differential (0..4VRMS) output (P7:LEFT, P9: RIGHT)<\/li>\n<li>P10: Alternative 5v input, powering the Raspberry Pi in parallel<\/li>\n<\/ul>\n","protected":false},"excerpt":{"rendered":"<p>Raspberry Pi DAC Pro er HAT-lydkortet av h\u00f8yeste kvalitet.<\/p>\n","protected":false},"featured_media":135047,"comment_status":"open","ping_status":"closed","template":"","meta":[],"product_brand":[],"product_cat":[597],"product_tag":[717,703],"class_list":{"0":"post-217780","1":"product","2":"type-product","3":"status-publish","4":"has-post-thumbnail","6":"product_cat-raspberry-pi-hats-gpio-no","7":"product_tag-rpi4-no","8":"product_tag-rpi5-no","10":"first","11":"outofstock","12":"taxable","13":"shipping-taxable","14":"purchasable","15":"product-type-simple"},"composite_virtual":false,"composite_layout":"","composite_add_to_cart_form_location":"","composite_editable_in_cart":false,"composite_sold_individually_context":"","composite_shop_price_calc":"","composite_components":[],"composite_scenarios":[],"bundled_by":[],"bundle_stock_status":"outofstock","bundle_stock_quantity":0,"bundle_virtual":false,"bundle_layout":"","bundle_add_to_cart_form_location":"","bundle_editable_in_cart":false,"bundle_sold_individually_context":"","bundle_item_grouping":"","bundle_min_size":"","bundle_max_size":"","bundle_price":[],"bundled_items":[],"bundle_sell_ids":[224640],"yoast_head":"<!-- This site is optimized with the Yoast SEO plugin v27.1.1 - https:\/\/yoast.com\/product\/yoast-seo-wordpress\/ -->\n<title>Raspberry Pi DAC Pro Lydkort \u2022 RaspberryPi.dk<\/title>\n<meta name=\"robots\" content=\"index, follow, max-snippet:-1, max-image-preview:large, max-video-preview:-1\" \/>\n<link rel=\"canonical\" href=\"https:\/\/raspberrypi.dk\/no\/produkt\/iqaudio-dac-pro-lydkort\/\" \/>\n<meta property=\"og:locale\" content=\"nb_NO\" \/>\n<meta property=\"og:type\" content=\"article\" \/>\n<meta property=\"og:title\" content=\"Raspberry Pi DAC Pro Lydkort \u2022 RaspberryPi.dk\" \/>\n<meta property=\"og:description\" content=\"Raspberry Pi DAC Pro er HAT-lydkortet av h\u00f8yeste kvalitet.\" \/>\n<meta property=\"og:url\" content=\"https:\/\/raspberrypi.dk\/no\/produkt\/iqaudio-dac-pro-lydkort\/\" \/>\n<meta property=\"og:site_name\" content=\"RaspberryPi.dk\" \/>\n<meta property=\"article:publisher\" content=\"https:\/\/facebook.com\/RaspberryPiDanmark\" \/>\n<meta property=\"article:modified_time\" content=\"2026-02-04T09:52:22+00:00\" \/>\n<meta property=\"og:image\" content=\"https:\/\/raspberrypi.dk\/wp-content\/uploads\/2021\/06\/Pi-DAC-Pro.jpg\" \/>\n\t<meta property=\"og:image:width\" content=\"1900\" \/>\n\t<meta property=\"og:image:height\" content=\"1424\" \/>\n\t<meta property=\"og:image:type\" content=\"image\/jpeg\" \/>\n<meta name=\"twitter:card\" content=\"summary_large_image\" \/>\n<meta name=\"twitter:site\" content=\"@raspberrypidk\" \/>\n<meta name=\"twitter:label1\" content=\"Ansl. lesetid\" \/>\n\t<meta name=\"twitter:data1\" content=\"2 minutter\" \/>\n<script type=\"application\/ld+json\" class=\"yoast-schema-graph\">{\"@context\":\"https:\/\/schema.org\",\"@graph\":[{\"@type\":\"WebPage\",\"@id\":\"https:\/\/raspberrypi.dk\/no\/produkt\/iqaudio-dac-pro-lydkort\/\",\"url\":\"https:\/\/raspberrypi.dk\/no\/produkt\/iqaudio-dac-pro-lydkort\/\",\"name\":\"Raspberry Pi DAC Pro Lydkort \u2022 RaspberryPi.dk\",\"isPartOf\":{\"@id\":\"https:\/\/raspberrypi.dk\/no\/#website\"},\"primaryImageOfPage\":{\"@id\":\"https:\/\/raspberrypi.dk\/no\/produkt\/iqaudio-dac-pro-lydkort\/#primaryimage\"},\"image\":{\"@id\":\"https:\/\/raspberrypi.dk\/no\/produkt\/iqaudio-dac-pro-lydkort\/#primaryimage\"},\"thumbnailUrl\":\"https:\/\/raspberrypi.dk\/wp-content\/uploads\/2021\/06\/Pi-DAC-Pro.jpg\",\"datePublished\":\"2021-06-09T08:24:16+00:00\",\"dateModified\":\"2026-02-04T09:52:22+00:00\",\"breadcrumb\":{\"@id\":\"https:\/\/raspberrypi.dk\/no\/produkt\/iqaudio-dac-pro-lydkort\/#breadcrumb\"},\"inLanguage\":\"nb-NO\",\"potentialAction\":[{\"@type\":\"ReadAction\",\"target\":[\"https:\/\/raspberrypi.dk\/no\/produkt\/iqaudio-dac-pro-lydkort\/\"]}]},{\"@type\":\"ImageObject\",\"inLanguage\":\"nb-NO\",\"@id\":\"https:\/\/raspberrypi.dk\/no\/produkt\/iqaudio-dac-pro-lydkort\/#primaryimage\",\"url\":\"https:\/\/raspberrypi.dk\/wp-content\/uploads\/2021\/06\/Pi-DAC-Pro.jpg\",\"contentUrl\":\"https:\/\/raspberrypi.dk\/wp-content\/uploads\/2021\/06\/Pi-DAC-Pro.jpg\",\"width\":1900,\"height\":1424,\"caption\":\"IQaudio dac pro\"},{\"@type\":\"BreadcrumbList\",\"@id\":\"https:\/\/raspberrypi.dk\/no\/produkt\/iqaudio-dac-pro-lydkort\/#breadcrumb\",\"itemListElement\":[{\"@type\":\"ListItem\",\"position\":1,\"name\":\"Hjem\",\"item\":\"https:\/\/raspberrypi.dk\/no\/raspberry-pi-nettbutikk\/\"},{\"@type\":\"ListItem\",\"position\":2,\"name\":\"Shop\",\"item\":\"https:\/\/raspberrypi.dk\/no\/shop-2\/\"},{\"@type\":\"ListItem\",\"position\":3,\"name\":\"Raspberry Pi DAC Pro Lydkort\"}]},{\"@type\":\"WebSite\",\"@id\":\"https:\/\/raspberrypi.dk\/no\/#website\",\"url\":\"https:\/\/raspberrypi.dk\/no\/\",\"name\":\"RaspberryPi.dk\",\"description\":\"Danmarks f\u00f8rende Raspberry Pi side!\",\"publisher\":{\"@id\":\"https:\/\/raspberrypi.dk\/no\/#organization\"},\"potentialAction\":[{\"@type\":\"SearchAction\",\"target\":{\"@type\":\"EntryPoint\",\"urlTemplate\":\"https:\/\/raspberrypi.dk\/no\/?s={search_term_string}\"},\"query-input\":{\"@type\":\"PropertyValueSpecification\",\"valueRequired\":true,\"valueName\":\"search_term_string\"}}],\"inLanguage\":\"nb-NO\"},{\"@type\":\"Organization\",\"@id\":\"https:\/\/raspberrypi.dk\/no\/#organization\",\"name\":\"RaspberryPi.dk\",\"url\":\"https:\/\/raspberrypi.dk\/no\/\",\"logo\":{\"@type\":\"ImageObject\",\"inLanguage\":\"nb-NO\",\"@id\":\"https:\/\/raspberrypi.dk\/no\/#\/schema\/logo\/image\/\",\"url\":\"https:\/\/raspberrypi.dk\/wp-content\/uploads\/2017\/05\/RaspberryPidk_logo-2.png\",\"contentUrl\":\"https:\/\/raspberrypi.dk\/wp-content\/uploads\/2017\/05\/RaspberryPidk_logo-2.png\",\"width\":470,\"height\":110,\"caption\":\"RaspberryPi.dk\"},\"image\":{\"@id\":\"https:\/\/raspberrypi.dk\/no\/#\/schema\/logo\/image\/\"},\"sameAs\":[\"https:\/\/facebook.com\/RaspberryPiDanmark\",\"https:\/\/x.com\/raspberrypidk\",\"https:\/\/instagram.com\/raspberrypi.dk\"]}]}<\/script>\n<!-- \/ Yoast SEO plugin. -->","yoast_head_json":{"title":"Raspberry Pi DAC Pro Lydkort \u2022 RaspberryPi.dk","robots":{"index":"index","follow":"follow","max-snippet":"max-snippet:-1","max-image-preview":"max-image-preview:large","max-video-preview":"max-video-preview:-1"},"canonical":"https:\/\/raspberrypi.dk\/no\/produkt\/iqaudio-dac-pro-lydkort\/","og_locale":"nb_NO","og_type":"article","og_title":"Raspberry Pi DAC Pro Lydkort \u2022 RaspberryPi.dk","og_description":"Raspberry Pi DAC Pro er HAT-lydkortet av h\u00f8yeste kvalitet.","og_url":"https:\/\/raspberrypi.dk\/no\/produkt\/iqaudio-dac-pro-lydkort\/","og_site_name":"RaspberryPi.dk","article_publisher":"https:\/\/facebook.com\/RaspberryPiDanmark","article_modified_time":"2026-02-04T09:52:22+00:00","og_image":[{"width":1900,"height":1424,"url":"https:\/\/raspberrypi.dk\/wp-content\/uploads\/2021\/06\/Pi-DAC-Pro.jpg","type":"image\/jpeg"}],"twitter_card":"summary_large_image","twitter_site":"@raspberrypidk","twitter_misc":{"Ansl. lesetid":"2 minutter"},"schema":{"@context":"https:\/\/schema.org","@graph":[{"@type":"WebPage","@id":"https:\/\/raspberrypi.dk\/no\/produkt\/iqaudio-dac-pro-lydkort\/","url":"https:\/\/raspberrypi.dk\/no\/produkt\/iqaudio-dac-pro-lydkort\/","name":"Raspberry Pi DAC Pro Lydkort \u2022 RaspberryPi.dk","isPartOf":{"@id":"https:\/\/raspberrypi.dk\/no\/#website"},"primaryImageOfPage":{"@id":"https:\/\/raspberrypi.dk\/no\/produkt\/iqaudio-dac-pro-lydkort\/#primaryimage"},"image":{"@id":"https:\/\/raspberrypi.dk\/no\/produkt\/iqaudio-dac-pro-lydkort\/#primaryimage"},"thumbnailUrl":"https:\/\/raspberrypi.dk\/wp-content\/uploads\/2021\/06\/Pi-DAC-Pro.jpg","datePublished":"2021-06-09T08:24:16+00:00","dateModified":"2026-02-04T09:52:22+00:00","breadcrumb":{"@id":"https:\/\/raspberrypi.dk\/no\/produkt\/iqaudio-dac-pro-lydkort\/#breadcrumb"},"inLanguage":"nb-NO","potentialAction":[{"@type":"ReadAction","target":["https:\/\/raspberrypi.dk\/no\/produkt\/iqaudio-dac-pro-lydkort\/"]}]},{"@type":"ImageObject","inLanguage":"nb-NO","@id":"https:\/\/raspberrypi.dk\/no\/produkt\/iqaudio-dac-pro-lydkort\/#primaryimage","url":"https:\/\/raspberrypi.dk\/wp-content\/uploads\/2021\/06\/Pi-DAC-Pro.jpg","contentUrl":"https:\/\/raspberrypi.dk\/wp-content\/uploads\/2021\/06\/Pi-DAC-Pro.jpg","width":1900,"height":1424,"caption":"IQaudio dac pro"},{"@type":"BreadcrumbList","@id":"https:\/\/raspberrypi.dk\/no\/produkt\/iqaudio-dac-pro-lydkort\/#breadcrumb","itemListElement":[{"@type":"ListItem","position":1,"name":"Hjem","item":"https:\/\/raspberrypi.dk\/no\/raspberry-pi-nettbutikk\/"},{"@type":"ListItem","position":2,"name":"Shop","item":"https:\/\/raspberrypi.dk\/no\/shop-2\/"},{"@type":"ListItem","position":3,"name":"Raspberry Pi DAC Pro Lydkort"}]},{"@type":"WebSite","@id":"https:\/\/raspberrypi.dk\/no\/#website","url":"https:\/\/raspberrypi.dk\/no\/","name":"RaspberryPi.dk","description":"Danmarks f\u00f8rende Raspberry Pi side!","publisher":{"@id":"https:\/\/raspberrypi.dk\/no\/#organization"},"potentialAction":[{"@type":"SearchAction","target":{"@type":"EntryPoint","urlTemplate":"https:\/\/raspberrypi.dk\/no\/?s={search_term_string}"},"query-input":{"@type":"PropertyValueSpecification","valueRequired":true,"valueName":"search_term_string"}}],"inLanguage":"nb-NO"},{"@type":"Organization","@id":"https:\/\/raspberrypi.dk\/no\/#organization","name":"RaspberryPi.dk","url":"https:\/\/raspberrypi.dk\/no\/","logo":{"@type":"ImageObject","inLanguage":"nb-NO","@id":"https:\/\/raspberrypi.dk\/no\/#\/schema\/logo\/image\/","url":"https:\/\/raspberrypi.dk\/wp-content\/uploads\/2017\/05\/RaspberryPidk_logo-2.png","contentUrl":"https:\/\/raspberrypi.dk\/wp-content\/uploads\/2017\/05\/RaspberryPidk_logo-2.png","width":470,"height":110,"caption":"RaspberryPi.dk"},"image":{"@id":"https:\/\/raspberrypi.dk\/no\/#\/schema\/logo\/image\/"},"sameAs":["https:\/\/facebook.com\/RaspberryPiDanmark","https:\/\/x.com\/raspberrypidk","https:\/\/instagram.com\/raspberrypi.dk"]}]}},"_links":{"self":[{"href":"https:\/\/raspberrypi.dk\/no\/wp-json\/wp\/v2\/product\/217780","targetHints":{"allow":["GET"]}}],"collection":[{"href":"https:\/\/raspberrypi.dk\/no\/wp-json\/wp\/v2\/product"}],"about":[{"href":"https:\/\/raspberrypi.dk\/no\/wp-json\/wp\/v2\/types\/product"}],"replies":[{"embeddable":true,"href":"https:\/\/raspberrypi.dk\/no\/wp-json\/wp\/v2\/comments?post=217780"}],"wp:featuredmedia":[{"embeddable":true,"href":"https:\/\/raspberrypi.dk\/no\/wp-json\/wp\/v2\/media\/135047"}],"wp:attachment":[{"href":"https:\/\/raspberrypi.dk\/no\/wp-json\/wp\/v2\/media?parent=217780"}],"wp:term":[{"taxonomy":"product_brand","embeddable":true,"href":"https:\/\/raspberrypi.dk\/no\/wp-json\/wp\/v2\/product_brand?post=217780"},{"taxonomy":"product_cat","embeddable":true,"href":"https:\/\/raspberrypi.dk\/no\/wp-json\/wp\/v2\/product_cat?post=217780"},{"taxonomy":"product_tag","embeddable":true,"href":"https:\/\/raspberrypi.dk\/no\/wp-json\/wp\/v2\/product_tag?post=217780"}],"curies":[{"name":"wp","href":"https:\/\/api.w.org\/{rel}","templated":true}]}}