{"id":217784,"date":"2021-06-09T09:33:30","date_gmt":"2021-06-09T07:33:30","guid":{"rendered":"https:\/\/raspberrypi.dk\/produkt\/relae-hat-til-raspberry-pi\/"},"modified":"2026-02-12T23:11:07","modified_gmt":"2026-02-12T22:11:07","slug":"relae-hat-til-raspberry-pi","status":"publish","type":"product","link":"https:\/\/raspberrypi.dk\/no\/produkt\/relae-hat-til-raspberry-pi\/","title":{"rendered":"Rel\u00e6 HAT til Raspberry Pi"},"content":{"rendered":"<p><strong>Pakken inneholder:<\/strong><\/p>\n<ol>\n<li>RPi Relay Board x 1<\/li>\n<li>RPi screws pack (2pcs) x 1<\/li>\n<\/ol>\n<div class=\"imgTextWrap\">\n<div>1<a href=\"https:\/\/www.waveshare.com\/img\/devkit\/accBoard\/RPi-Relay-Board\/RPi-Relay-Board-1.jpg\"><img decoding=\"async\" src=\"https:\/\/www.waveshare.com\/img\/devkit\/accBoard\/RPi-Relay-Board\/RPi-Relay-Board-1_93.jpg\" \/><\/a><\/div>\n<div>2<a href=\"https:\/\/www.waveshare.com\/img\/devkit\/general\/RPi-screws-pack-x2_L.jpg\"><img decoding=\"async\" src=\"https:\/\/www.waveshare.com\/img\/devkit\/general\/RPi-screws-pack-x2.jpg\" \/><\/a><\/div>\n<div>\n<h2>Pi Relay Board Features<\/h2>\n<ul>\n<li>Standard Raspberry Pi 40PIN GPIO extension header, supports Raspberry Pi series boards<\/li>\n<li>High quality relays, loads up to 5A 250V AC or 5A 30V DC<\/li>\n<li>Photo coupling isolation, prevent interference from high voltage circuit<\/li>\n<li>Onboard LEDs for indicating relays status<\/li>\n<li>Relay control jumper, allows to control the relays by custom pins other than the default pins<\/li>\n<li>Comes with development resources, including examples in wiringPi, WebioPi, shell, python, and bcm2835<\/li>\n<\/ul>\n<h2>What&#8217;s on the RPi Relay Board<\/h2>\n<p><img decoding=\"async\" src=\"https:\/\/www.waveshare.com\/img\/devkit\/accBoard\/RPi-Relay-Board\/RPi-Relay-Board-intro.jpg\" alt=\"Raspberry Pi Expansion Board on board resource\" \/><\/p>\n<ol>\n<li><span class=\"highlight\">Raspberry Pi GPIO interface:<\/span>\u00a0for connecting Raspberry Pi<\/li>\n<li><span class=\"highlight\">Relay screw terminal:<\/span>\u00a0for connecting target devices<\/li>\n<li><span class=\"highlight\">Relays<\/span><\/li>\n<li><span class=\"highlight\">Photocoupler:<\/span>\u00a0PC817<\/li>\n<li><span class=\"highlight\">Relay indicator<\/span>\n<ul>\n<li>LED on: relay NC is opened, NO is closed<\/li>\n<li>LED off: relay NC is closed, NO is opened<\/li>\n<\/ul>\n<\/li>\n<li><span class=\"highlight\">Power indicator<\/span><\/li>\n<li><span class=\"highlight\">Relay control jumper<\/span>\n<ul>\n<li>short the jumper: control the relays by default I\/Os used in the example code<\/li>\n<li>open the jumper: control the relays by custom I\/Os through jumper wires<\/li>\n<\/ul>\n<\/li>\n<\/ol>\n<h2>Photos<\/h2>\n<div class=\"imgTextWrap div192w160h\">\n<div><a href=\"https:\/\/www.waveshare.com\/img\/devkit\/accBoard\/RPi-Relay-Board\/RPi-Relay-Board-1.jpg\" target=\"_blank\" rel=\"noopener\"><img decoding=\"async\" src=\"https:\/\/www.waveshare.com\/img\/devkit\/accBoard\/RPi-Relay-Board\/RPi-Relay-Board-1_160.jpg\" alt=\"Raspberry Pi Expansion Board\" \/><\/a><br \/>\nRPi Relay Board<\/div>\n<div><a href=\"https:\/\/www.waveshare.com\/img\/devkit\/accBoard\/RPi-Relay-Board\/RPi-Relay-Board-2.jpg\" target=\"_blank\" rel=\"noopener\"><img decoding=\"async\" src=\"https:\/\/www.waveshare.com\/img\/devkit\/accBoard\/RPi-Relay-Board\/RPi-Relay-Board-2_160.jpg\" alt=\"Raspberry Pi Expansion Board\" \/><\/a><br \/>\nRPi Relay Board back view<\/div>\n<div><a href=\"https:\/\/www.waveshare.com\/img\/devkit\/accBoard\/RPi-Relay-Board\/RPi-Relay-Board-3.jpg\" target=\"_blank\" rel=\"noopener\"><img decoding=\"async\" src=\"https:\/\/www.waveshare.com\/img\/devkit\/accBoard\/RPi-Relay-Board\/RPi-Relay-Board-3_160.jpg\" alt=\"Raspberry Pi Expansion Board\" \/><\/a><br \/>\nRPi Relay Board connecting with Raspberry Pi<\/div>\n<div><a href=\"https:\/\/www.waveshare.com\/img\/devkit\/accBoard\/RPi-Relay-Board\/RPi-Relay-Board-4.gif\" target=\"_blank\" rel=\"noopener\"><img decoding=\"async\" src=\"https:\/\/www.waveshare.com\/img\/devkit\/accBoard\/RPi-Relay-Board\/RPi-Relay-Board-4_160.gif\" alt=\"Raspberry Pi Expansion Board\" \/><\/a><br \/>\nControl the lamp by mobile phone<\/div>\n<\/div>\n<div class=\"sep10px\"><\/div>\n<p class=\"note\">Note : the Pi in the photos is NOT included.<\/p>\n<h2>Dimensions<\/h2>\n<p><img decoding=\"async\" src=\"https:\/\/www.waveshare.com\/img\/devkit\/accBoard\/RPi-Relay-Board\/RPi-Relay-Board-size.jpg\" alt=\"RPi Relay Board board dimensions\" \/><\/p>\n<h2>Development Resources<\/h2>\n<p><strong>Wiki :\u00a0<\/strong><a href=\"http:\/\/www.waveshare.com\/wiki\/RPi_Relay_Board\" target=\"_blank\" rel=\"noopener\">www.waveshare.com\/wiki\/RPi_Relay_Board<\/a><\/p>\n<\/div>\n<\/div>\n","protected":false},"excerpt":{"rendered":"<p>Rel\u00e9kortet gir Pi-en din muligheten til \u00e5 kontrollere enheter med h\u00f8y spenning\/h\u00f8ystr\u00f8m, noe som gj\u00f8r vanlige husholdningsapparater enkelt intelligente.<\/p>\n","protected":false},"featured_media":135029,"comment_status":"open","ping_status":"closed","template":"","meta":[],"product_brand":[],"product_cat":[597],"product_tag":[717,703],"class_list":{"0":"post-217784","1":"product","2":"type-product","3":"status-publish","4":"has-post-thumbnail","6":"product_cat-raspberry-pi-hats-gpio-no","7":"product_tag-rpi4-no","8":"product_tag-rpi5-no","10":"first","11":"instock","12":"taxable","13":"shipping-taxable","14":"purchasable","15":"product-type-simple"},"composite_virtual":false,"composite_layout":"","composite_add_to_cart_form_location":"","composite_editable_in_cart":false,"composite_sold_individually_context":"","composite_shop_price_calc":"","composite_components":[],"composite_scenarios":[],"bundled_by":[],"bundle_stock_status":"instock","bundle_stock_quantity":31,"bundle_virtual":false,"bundle_layout":"","bundle_add_to_cart_form_location":"","bundle_editable_in_cart":false,"bundle_sold_individually_context":"","bundle_item_grouping":"","bundle_min_size":"","bundle_max_size":"","bundle_price":[],"bundled_items":[],"bundle_sell_ids":[],"yoast_head":"<!-- This site is optimized with the Yoast SEO plugin v27.1.1 - https:\/\/yoast.com\/product\/yoast-seo-wordpress\/ -->\n<title>Rel\u00e6 HAT til Raspberry Pi \u2022 RaspberryPi.dk<\/title>\n<meta name=\"robots\" content=\"index, follow, max-snippet:-1, max-image-preview:large, max-video-preview:-1\" \/>\n<link rel=\"canonical\" href=\"https:\/\/raspberrypi.dk\/no\/produkt\/relae-hat-til-raspberry-pi\/\" \/>\n<meta property=\"og:locale\" content=\"nb_NO\" \/>\n<meta property=\"og:type\" content=\"article\" \/>\n<meta property=\"og:title\" content=\"Rel\u00e6 HAT til Raspberry Pi \u2022 RaspberryPi.dk\" \/>\n<meta property=\"og:description\" content=\"Rel\u00e9kortet gir Pi-en din muligheten til \u00e5 kontrollere enheter med h\u00f8y spenning\/h\u00f8ystr\u00f8m, noe som gj\u00f8r vanlige husholdningsapparater enkelt intelligente.\" \/>\n<meta property=\"og:url\" content=\"https:\/\/raspberrypi.dk\/no\/produkt\/relae-hat-til-raspberry-pi\/\" \/>\n<meta property=\"og:site_name\" content=\"RaspberryPi.dk\" \/>\n<meta property=\"article:publisher\" content=\"https:\/\/facebook.com\/RaspberryPiDanmark\" \/>\n<meta property=\"article:modified_time\" content=\"2026-02-12T22:11:07+00:00\" \/>\n<meta property=\"og:image\" content=\"https:\/\/raspberrypi.dk\/wp-content\/uploads\/2021\/06\/relay-hat-raspberry-pi-1.jpg\" \/>\n\t<meta property=\"og:image:width\" content=\"764\" \/>\n\t<meta property=\"og:image:height\" content=\"680\" \/>\n\t<meta property=\"og:image:type\" content=\"image\/jpeg\" \/>\n<meta name=\"twitter:card\" content=\"summary_large_image\" \/>\n<meta name=\"twitter:site\" content=\"@raspberrypidk\" \/>\n<meta name=\"twitter:label1\" content=\"Ansl. lesetid\" \/>\n\t<meta name=\"twitter:data1\" content=\"3 minutter\" \/>\n<script type=\"application\/ld+json\" class=\"yoast-schema-graph\">{\"@context\":\"https:\/\/schema.org\",\"@graph\":[{\"@type\":\"WebPage\",\"@id\":\"https:\/\/raspberrypi.dk\/no\/produkt\/relae-hat-til-raspberry-pi\/\",\"url\":\"https:\/\/raspberrypi.dk\/no\/produkt\/relae-hat-til-raspberry-pi\/\",\"name\":\"Rel\u00e6 HAT til Raspberry Pi \u2022 RaspberryPi.dk\",\"isPartOf\":{\"@id\":\"https:\/\/raspberrypi.dk\/no\/#website\"},\"primaryImageOfPage\":{\"@id\":\"https:\/\/raspberrypi.dk\/no\/produkt\/relae-hat-til-raspberry-pi\/#primaryimage\"},\"image\":{\"@id\":\"https:\/\/raspberrypi.dk\/no\/produkt\/relae-hat-til-raspberry-pi\/#primaryimage\"},\"thumbnailUrl\":\"https:\/\/raspberrypi.dk\/wp-content\/uploads\/2021\/06\/relay-hat-raspberry-pi-1.jpg\",\"datePublished\":\"2021-06-09T07:33:30+00:00\",\"dateModified\":\"2026-02-12T22:11:07+00:00\",\"breadcrumb\":{\"@id\":\"https:\/\/raspberrypi.dk\/no\/produkt\/relae-hat-til-raspberry-pi\/#breadcrumb\"},\"inLanguage\":\"nb-NO\",\"potentialAction\":[{\"@type\":\"ReadAction\",\"target\":[\"https:\/\/raspberrypi.dk\/no\/produkt\/relae-hat-til-raspberry-pi\/\"]}]},{\"@type\":\"ImageObject\",\"inLanguage\":\"nb-NO\",\"@id\":\"https:\/\/raspberrypi.dk\/no\/produkt\/relae-hat-til-raspberry-pi\/#primaryimage\",\"url\":\"https:\/\/raspberrypi.dk\/wp-content\/uploads\/2021\/06\/relay-hat-raspberry-pi-1.jpg\",\"contentUrl\":\"https:\/\/raspberrypi.dk\/wp-content\/uploads\/2021\/06\/relay-hat-raspberry-pi-1.jpg\",\"width\":764,\"height\":680,\"caption\":\"relay hat raspberry pi\"},{\"@type\":\"BreadcrumbList\",\"@id\":\"https:\/\/raspberrypi.dk\/no\/produkt\/relae-hat-til-raspberry-pi\/#breadcrumb\",\"itemListElement\":[{\"@type\":\"ListItem\",\"position\":1,\"name\":\"Hjem\",\"item\":\"https:\/\/raspberrypi.dk\/no\/raspberry-pi-nettbutikk\/\"},{\"@type\":\"ListItem\",\"position\":2,\"name\":\"Shop\",\"item\":\"https:\/\/raspberrypi.dk\/no\/shop-2\/\"},{\"@type\":\"ListItem\",\"position\":3,\"name\":\"Rel\u00e6 HAT til Raspberry Pi\"}]},{\"@type\":\"WebSite\",\"@id\":\"https:\/\/raspberrypi.dk\/no\/#website\",\"url\":\"https:\/\/raspberrypi.dk\/no\/\",\"name\":\"RaspberryPi.dk\",\"description\":\"Danmarks f\u00f8rende Raspberry Pi side!\",\"publisher\":{\"@id\":\"https:\/\/raspberrypi.dk\/no\/#organization\"},\"potentialAction\":[{\"@type\":\"SearchAction\",\"target\":{\"@type\":\"EntryPoint\",\"urlTemplate\":\"https:\/\/raspberrypi.dk\/no\/?s={search_term_string}\"},\"query-input\":{\"@type\":\"PropertyValueSpecification\",\"valueRequired\":true,\"valueName\":\"search_term_string\"}}],\"inLanguage\":\"nb-NO\"},{\"@type\":\"Organization\",\"@id\":\"https:\/\/raspberrypi.dk\/no\/#organization\",\"name\":\"RaspberryPi.dk\",\"url\":\"https:\/\/raspberrypi.dk\/no\/\",\"logo\":{\"@type\":\"ImageObject\",\"inLanguage\":\"nb-NO\",\"@id\":\"https:\/\/raspberrypi.dk\/no\/#\/schema\/logo\/image\/\",\"url\":\"https:\/\/raspberrypi.dk\/wp-content\/uploads\/2017\/05\/RaspberryPidk_logo-2.png\",\"contentUrl\":\"https:\/\/raspberrypi.dk\/wp-content\/uploads\/2017\/05\/RaspberryPidk_logo-2.png\",\"width\":470,\"height\":110,\"caption\":\"RaspberryPi.dk\"},\"image\":{\"@id\":\"https:\/\/raspberrypi.dk\/no\/#\/schema\/logo\/image\/\"},\"sameAs\":[\"https:\/\/facebook.com\/RaspberryPiDanmark\",\"https:\/\/x.com\/raspberrypidk\",\"https:\/\/instagram.com\/raspberrypi.dk\"]}]}<\/script>\n<!-- \/ Yoast SEO plugin. -->","yoast_head_json":{"title":"Rel\u00e6 HAT til Raspberry Pi \u2022 RaspberryPi.dk","robots":{"index":"index","follow":"follow","max-snippet":"max-snippet:-1","max-image-preview":"max-image-preview:large","max-video-preview":"max-video-preview:-1"},"canonical":"https:\/\/raspberrypi.dk\/no\/produkt\/relae-hat-til-raspberry-pi\/","og_locale":"nb_NO","og_type":"article","og_title":"Rel\u00e6 HAT til Raspberry Pi \u2022 RaspberryPi.dk","og_description":"Rel\u00e9kortet gir Pi-en din muligheten til \u00e5 kontrollere enheter med h\u00f8y spenning\/h\u00f8ystr\u00f8m, noe som gj\u00f8r vanlige husholdningsapparater enkelt intelligente.","og_url":"https:\/\/raspberrypi.dk\/no\/produkt\/relae-hat-til-raspberry-pi\/","og_site_name":"RaspberryPi.dk","article_publisher":"https:\/\/facebook.com\/RaspberryPiDanmark","article_modified_time":"2026-02-12T22:11:07+00:00","og_image":[{"width":764,"height":680,"url":"https:\/\/raspberrypi.dk\/wp-content\/uploads\/2021\/06\/relay-hat-raspberry-pi-1.jpg","type":"image\/jpeg"}],"twitter_card":"summary_large_image","twitter_site":"@raspberrypidk","twitter_misc":{"Ansl. lesetid":"3 minutter"},"schema":{"@context":"https:\/\/schema.org","@graph":[{"@type":"WebPage","@id":"https:\/\/raspberrypi.dk\/no\/produkt\/relae-hat-til-raspberry-pi\/","url":"https:\/\/raspberrypi.dk\/no\/produkt\/relae-hat-til-raspberry-pi\/","name":"Rel\u00e6 HAT til Raspberry Pi \u2022 RaspberryPi.dk","isPartOf":{"@id":"https:\/\/raspberrypi.dk\/no\/#website"},"primaryImageOfPage":{"@id":"https:\/\/raspberrypi.dk\/no\/produkt\/relae-hat-til-raspberry-pi\/#primaryimage"},"image":{"@id":"https:\/\/raspberrypi.dk\/no\/produkt\/relae-hat-til-raspberry-pi\/#primaryimage"},"thumbnailUrl":"https:\/\/raspberrypi.dk\/wp-content\/uploads\/2021\/06\/relay-hat-raspberry-pi-1.jpg","datePublished":"2021-06-09T07:33:30+00:00","dateModified":"2026-02-12T22:11:07+00:00","breadcrumb":{"@id":"https:\/\/raspberrypi.dk\/no\/produkt\/relae-hat-til-raspberry-pi\/#breadcrumb"},"inLanguage":"nb-NO","potentialAction":[{"@type":"ReadAction","target":["https:\/\/raspberrypi.dk\/no\/produkt\/relae-hat-til-raspberry-pi\/"]}]},{"@type":"ImageObject","inLanguage":"nb-NO","@id":"https:\/\/raspberrypi.dk\/no\/produkt\/relae-hat-til-raspberry-pi\/#primaryimage","url":"https:\/\/raspberrypi.dk\/wp-content\/uploads\/2021\/06\/relay-hat-raspberry-pi-1.jpg","contentUrl":"https:\/\/raspberrypi.dk\/wp-content\/uploads\/2021\/06\/relay-hat-raspberry-pi-1.jpg","width":764,"height":680,"caption":"relay hat raspberry pi"},{"@type":"BreadcrumbList","@id":"https:\/\/raspberrypi.dk\/no\/produkt\/relae-hat-til-raspberry-pi\/#breadcrumb","itemListElement":[{"@type":"ListItem","position":1,"name":"Hjem","item":"https:\/\/raspberrypi.dk\/no\/raspberry-pi-nettbutikk\/"},{"@type":"ListItem","position":2,"name":"Shop","item":"https:\/\/raspberrypi.dk\/no\/shop-2\/"},{"@type":"ListItem","position":3,"name":"Rel\u00e6 HAT til Raspberry Pi"}]},{"@type":"WebSite","@id":"https:\/\/raspberrypi.dk\/no\/#website","url":"https:\/\/raspberrypi.dk\/no\/","name":"RaspberryPi.dk","description":"Danmarks f\u00f8rende Raspberry Pi side!","publisher":{"@id":"https:\/\/raspberrypi.dk\/no\/#organization"},"potentialAction":[{"@type":"SearchAction","target":{"@type":"EntryPoint","urlTemplate":"https:\/\/raspberrypi.dk\/no\/?s={search_term_string}"},"query-input":{"@type":"PropertyValueSpecification","valueRequired":true,"valueName":"search_term_string"}}],"inLanguage":"nb-NO"},{"@type":"Organization","@id":"https:\/\/raspberrypi.dk\/no\/#organization","name":"RaspberryPi.dk","url":"https:\/\/raspberrypi.dk\/no\/","logo":{"@type":"ImageObject","inLanguage":"nb-NO","@id":"https:\/\/raspberrypi.dk\/no\/#\/schema\/logo\/image\/","url":"https:\/\/raspberrypi.dk\/wp-content\/uploads\/2017\/05\/RaspberryPidk_logo-2.png","contentUrl":"https:\/\/raspberrypi.dk\/wp-content\/uploads\/2017\/05\/RaspberryPidk_logo-2.png","width":470,"height":110,"caption":"RaspberryPi.dk"},"image":{"@id":"https:\/\/raspberrypi.dk\/no\/#\/schema\/logo\/image\/"},"sameAs":["https:\/\/facebook.com\/RaspberryPiDanmark","https:\/\/x.com\/raspberrypidk","https:\/\/instagram.com\/raspberrypi.dk"]}]}},"_links":{"self":[{"href":"https:\/\/raspberrypi.dk\/no\/wp-json\/wp\/v2\/product\/217784","targetHints":{"allow":["GET"]}}],"collection":[{"href":"https:\/\/raspberrypi.dk\/no\/wp-json\/wp\/v2\/product"}],"about":[{"href":"https:\/\/raspberrypi.dk\/no\/wp-json\/wp\/v2\/types\/product"}],"replies":[{"embeddable":true,"href":"https:\/\/raspberrypi.dk\/no\/wp-json\/wp\/v2\/comments?post=217784"}],"wp:featuredmedia":[{"embeddable":true,"href":"https:\/\/raspberrypi.dk\/no\/wp-json\/wp\/v2\/media\/135029"}],"wp:attachment":[{"href":"https:\/\/raspberrypi.dk\/no\/wp-json\/wp\/v2\/media?parent=217784"}],"wp:term":[{"taxonomy":"product_brand","embeddable":true,"href":"https:\/\/raspberrypi.dk\/no\/wp-json\/wp\/v2\/product_brand?post=217784"},{"taxonomy":"product_cat","embeddable":true,"href":"https:\/\/raspberrypi.dk\/no\/wp-json\/wp\/v2\/product_cat?post=217784"},{"taxonomy":"product_tag","embeddable":true,"href":"https:\/\/raspberrypi.dk\/no\/wp-json\/wp\/v2\/product_tag?post=217784"}],"curies":[{"name":"wp","href":"https:\/\/api.w.org\/{rel}","templated":true}]}}