{"id":217792,"date":"2021-05-18T09:43:39","date_gmt":"2021-05-18T07:43:39","guid":{"rendered":"https:\/\/raspberrypi.dk\/produkt\/dual-gigabit-ethernet-carrier-board-til-raspberry-pi-cm4\/"},"modified":"2024-04-07T13:22:19","modified_gmt":"2024-04-07T11:22:19","slug":"dual-gigabit-ethernet-carrier-board-til-raspberry-pi-cm4","status":"publish","type":"product","link":"https:\/\/raspberrypi.dk\/no\/produkt\/dual-gigabit-ethernet-carrier-board-til-raspberry-pi-cm4\/","title":{"rendered":"Dual Gigabit Ethernet Carrier Board til Raspberry Pi CM4"},"content":{"rendered":"<p><strong>Merk!<\/strong> Raspberry Pi CM4 er ikke inkludert.<\/p>\n<div class=\"product attribute description \">\n<div class=\"description-content-wrapper\">\n<h2>Features<\/h2>\n<ul>\n<li>Compact size (75x64x21mm) with rich I\/O peripherals<\/li>\n<li>Dual Gigabit Ethernet connectors for soft router applications<\/li>\n<li>Camera\/ display connectivity using MIPI CSI, MIPI DSI and micro-HDMI interfaces<\/li>\n<li>Onboard dual USB 3.0 with an additional USB 3.0 9-pin header for more external ports<\/li>\n<li>Micro-SD Card slot to load system image for non-eMMC version of CM4<\/li>\n<li>More Expandability via FPC Connector (I2C, SPI)<\/li>\n<li>External fan support with fan power connector<\/li>\n<li>Power using USB Type-C<\/li>\n<\/ul>\n<h2>Description<\/h2>\n<p>The Dual Gigabit Carrier Board powered by Raspberry Pi Compute Module 4 is equipped with Dual Gigabit Ethernet ports and dual USB 3.0 ports, making it suitable for soft router applications, while keeping the hardware to minimal.<\/p>\n<p>It features a variety of I\/O peripherals such as MIPI CSI, MIPI DSI, micro-HDMI to connect displays\/ cameras, a standard 9-pin USB 3.0 header for more USB expansion, a micro-SD card slot, and an FPC connector, while maintaining a compact form factor! This board is ideal for HTPC makers, Linux developers, software router enthusiasts, and the majority of regular Raspberry Pi users.<\/p>\n<p><img decoding=\"async\" class=\"lazy\" src=\"https:\/\/files.seeedstudio.com\/wiki\/102110497\/connection1.png\" width=\"850\" height=\"850\" data-src=\"https:\/\/files.seeedstudio.com\/wiki\/102110497\/connection1.png\" \/><\/p>\n<h2>Specifications<\/h2>\n<table data-style=\"undefined;table-layout: fixed; width: 672px;\">\n<colgroup>\n<col data-style=\"width: 186px;\" \/>\n<col data-style=\"width: 486px;\" \/><\/colgroup>\n<thead>\n<tr>\n<th>Specification<\/th>\n<th>Details<\/th>\n<\/tr>\n<\/thead>\n<tbody>\n<tr>\n<td>Networking<\/td>\n<td>Dual Gigabit Ethernet Connectors<\/td>\n<\/tr>\n<tr>\n<td>USB 3.0 to GbE<br \/>\n(Gigabit Ethernet Bridge)<\/td>\n<td>Microchip&#8217;s LAN7800<\/td>\n<\/tr>\n<tr>\n<td>USB<\/td>\n<td>2 x USB 3.0 Ports<br \/>\n1 x USB 3.0 9-Pin Header<\/td>\n<\/tr>\n<tr>\n<td>Storage<\/td>\n<td>Micro-SD Card Slot (load system Image for non-eMMC CM4 version)<\/td>\n<\/tr>\n<tr>\n<td>Camera<\/td>\n<td>1 x MIPI CSI Connector<\/td>\n<\/tr>\n<tr>\n<td>Display<\/td>\n<td>1 x MIPI DSI Connector<br \/>\n1 x Micro HDMI Connector<\/td>\n<\/tr>\n<tr>\n<td>FPC<\/td>\n<td>Interface for I2C and SPI<\/td>\n<\/tr>\n<tr>\n<td>External Fan<\/td>\n<td>Power connector for fan<\/td>\n<\/tr>\n<tr>\n<td>Power<\/td>\n<td>5V\/3A using USB Type-C Port<\/td>\n<\/tr>\n<tr>\n<td>LAN7800 Industrial<br \/>\nTemperature Range<\/td>\n<td>-40\u00b0C to +85\u00b0C<\/td>\n<\/tr>\n<tr>\n<td>Dimensions<\/td>\n<td>75x64x21mm<\/td>\n<\/tr>\n<tr>\n<td>Weight<\/td>\n<td>43g<\/td>\n<\/tr>\n<\/tbody>\n<\/table>\n<h2>Hardware Overview<\/h2>\n<p><img decoding=\"async\" class=\"lazy\" src=\"https:\/\/files.seeedstudio.com\/wiki\/102110497\/hw-overview.png\" width=\"2000\" height=\"2000\" data-src=\"https:\/\/files.seeedstudio.com\/wiki\/102110497\/hw-overview.png\" \/><\/p>\n<h2>Applications<\/h2>\n<ul>\n<li>Software Router<\/li>\n<li>IoT<\/li>\n<li>Smart Home<\/li>\n<li>Camera Projects<\/li>\n<\/ul>\n<h2>Part List<\/h2>\n<p>1 x\u00a0Dual Gigabit Ethernet Carrier Board for Raspberry Pi Compute Module 4<\/p>\n<\/div>\n<\/div>\n<div class=\"product more-info-tab\" data-clear-style=\"true\">\n<div class=\"description-certification-info\"><\/div>\n<div class=\"description-certification-info-tech \"><\/div>\n<div class=\"description-certification-info-part\"><\/div>\n<div class=\"description-certification-info-eccn\">\n<h2>ECCN\/HTS<\/h2>\n<table class=\"table\">\n<tbody>\n<tr>\n<td class=\"name\">HSCODE<\/td>\n<td>8543709990<\/td>\n<\/tr>\n<tr>\n<td class=\"name\">UPC<\/td>\n<td><\/td>\n<\/tr>\n<\/tbody>\n<\/table>\n<\/div>\n<\/div>\n","protected":false},"excerpt":{"rendered":"<p>Dual Gigabit Carrier Board drevet av Raspberry Pi Compute Module 4 er utstyrt med Dual Gigabit Ethernet-porter og doble USB 3.0-porter, noe som gj\u00f8r det egnet for myke ruterapplikasjoner samtidig som maskinvaren holdes p\u00e5 et minimum.<\/p>\n<p><a href=\"https:\/\/raspberrypi.dk\/no\/webshop\/kategori\/raspberry-pi-compute-module-4-cm4-no\/\">Kj\u00f8b Raspberry Pi Compute Module 4 (CM4) her<\/a>.<\/p>\n","protected":false},"featured_media":133858,"comment_status":"open","ping_status":"closed","template":"","meta":[],"product_brand":[],"product_cat":[613],"product_tag":[785],"class_list":{"0":"post-217792","1":"product","2":"type-product","3":"status-publish","4":"has-post-thumbnail","6":"product_cat-industriell-raspberry-pi","7":"product_tag-cm4-no","9":"first","10":"instock","11":"taxable","12":"shipping-taxable","13":"purchasable","14":"product-type-simple"},"composite_virtual":false,"composite_layout":"","composite_add_to_cart_form_location":"","composite_editable_in_cart":false,"composite_sold_individually_context":"","composite_shop_price_calc":"","composite_components":[],"composite_scenarios":[],"bundled_by":[],"bundle_stock_status":"instock","bundle_stock_quantity":22,"bundle_virtual":false,"bundle_layout":"","bundle_add_to_cart_form_location":"","bundle_editable_in_cart":false,"bundle_sold_individually_context":"","bundle_item_grouping":"","bundle_min_size":"","bundle_max_size":"","bundle_price":[],"bundled_items":[],"bundle_sell_ids":[217649],"yoast_head":"<!-- This site is optimized with the Yoast SEO plugin v27.1.1 - https:\/\/yoast.com\/product\/yoast-seo-wordpress\/ -->\n<title>Dual Gigabit Ethernet Carrier Board til Raspberry Pi CM4 \u2022 RaspberryPi.dk<\/title>\n<meta name=\"robots\" content=\"index, follow, max-snippet:-1, max-image-preview:large, max-video-preview:-1\" \/>\n<link rel=\"canonical\" href=\"https:\/\/raspberrypi.dk\/no\/produkt\/dual-gigabit-ethernet-carrier-board-til-raspberry-pi-cm4\/\" \/>\n<meta property=\"og:locale\" content=\"nb_NO\" \/>\n<meta property=\"og:type\" content=\"article\" \/>\n<meta property=\"og:title\" content=\"Dual Gigabit Ethernet Carrier Board til Raspberry Pi CM4 \u2022 RaspberryPi.dk\" \/>\n<meta property=\"og:description\" content=\"Dual Gigabit Carrier Board drevet av Raspberry Pi Compute Module 4 er utstyrt med Dual Gigabit Ethernet-porter og doble USB 3.0-porter, noe som gj\u00f8r det egnet for myke ruterapplikasjoner samtidig som maskinvaren holdes p\u00e5 et minimum.  Kj\u00f8b Raspberry Pi Compute Module 4 (CM4) her.\" \/>\n<meta property=\"og:url\" content=\"https:\/\/raspberrypi.dk\/no\/produkt\/dual-gigabit-ethernet-carrier-board-til-raspberry-pi-cm4\/\" \/>\n<meta property=\"og:site_name\" content=\"RaspberryPi.dk\" \/>\n<meta property=\"article:publisher\" content=\"https:\/\/facebook.com\/RaspberryPiDanmark\" \/>\n<meta property=\"article:modified_time\" content=\"2024-04-07T11:22:19+00:00\" \/>\n<meta property=\"og:image\" content=\"https:\/\/raspberrypi.dk\/wp-content\/uploads\/2021\/05\/102110497_1.jpg\" \/>\n\t<meta property=\"og:image:width\" content=\"1400\" \/>\n\t<meta property=\"og:image:height\" content=\"1050\" \/>\n\t<meta property=\"og:image:type\" content=\"image\/jpeg\" \/>\n<meta name=\"twitter:card\" content=\"summary_large_image\" \/>\n<meta name=\"twitter:site\" content=\"@raspberrypidk\" \/>\n<meta name=\"twitter:label1\" content=\"Ansl. lesetid\" \/>\n\t<meta name=\"twitter:data1\" content=\"3 minutter\" \/>\n<script type=\"application\/ld+json\" class=\"yoast-schema-graph\">{\"@context\":\"https:\/\/schema.org\",\"@graph\":[{\"@type\":\"WebPage\",\"@id\":\"https:\/\/raspberrypi.dk\/no\/produkt\/dual-gigabit-ethernet-carrier-board-til-raspberry-pi-cm4\/\",\"url\":\"https:\/\/raspberrypi.dk\/no\/produkt\/dual-gigabit-ethernet-carrier-board-til-raspberry-pi-cm4\/\",\"name\":\"Dual Gigabit Ethernet Carrier Board til Raspberry Pi CM4 \u2022 RaspberryPi.dk\",\"isPartOf\":{\"@id\":\"https:\/\/raspberrypi.dk\/no\/#website\"},\"primaryImageOfPage\":{\"@id\":\"https:\/\/raspberrypi.dk\/no\/produkt\/dual-gigabit-ethernet-carrier-board-til-raspberry-pi-cm4\/#primaryimage\"},\"image\":{\"@id\":\"https:\/\/raspberrypi.dk\/no\/produkt\/dual-gigabit-ethernet-carrier-board-til-raspberry-pi-cm4\/#primaryimage\"},\"thumbnailUrl\":\"https:\/\/raspberrypi.dk\/wp-content\/uploads\/2021\/05\/102110497_1.jpg\",\"datePublished\":\"2021-05-18T07:43:39+00:00\",\"dateModified\":\"2024-04-07T11:22:19+00:00\",\"breadcrumb\":{\"@id\":\"https:\/\/raspberrypi.dk\/no\/produkt\/dual-gigabit-ethernet-carrier-board-til-raspberry-pi-cm4\/#breadcrumb\"},\"inLanguage\":\"nb-NO\",\"potentialAction\":[{\"@type\":\"ReadAction\",\"target\":[\"https:\/\/raspberrypi.dk\/no\/produkt\/dual-gigabit-ethernet-carrier-board-til-raspberry-pi-cm4\/\"]}]},{\"@type\":\"ImageObject\",\"inLanguage\":\"nb-NO\",\"@id\":\"https:\/\/raspberrypi.dk\/no\/produkt\/dual-gigabit-ethernet-carrier-board-til-raspberry-pi-cm4\/#primaryimage\",\"url\":\"https:\/\/raspberrypi.dk\/wp-content\/uploads\/2021\/05\/102110497_1.jpg\",\"contentUrl\":\"https:\/\/raspberrypi.dk\/wp-content\/uploads\/2021\/05\/102110497_1.jpg\",\"width\":1400,\"height\":1050,\"caption\":\"cm4 carrier dual gigabit ethernet\"},{\"@type\":\"BreadcrumbList\",\"@id\":\"https:\/\/raspberrypi.dk\/no\/produkt\/dual-gigabit-ethernet-carrier-board-til-raspberry-pi-cm4\/#breadcrumb\",\"itemListElement\":[{\"@type\":\"ListItem\",\"position\":1,\"name\":\"Hjem\",\"item\":\"https:\/\/raspberrypi.dk\/no\/raspberry-pi-nettbutikk\/\"},{\"@type\":\"ListItem\",\"position\":2,\"name\":\"Shop\",\"item\":\"https:\/\/raspberrypi.dk\/no\/shop-2\/\"},{\"@type\":\"ListItem\",\"position\":3,\"name\":\"Dual Gigabit Ethernet Carrier Board til Raspberry Pi CM4\"}]},{\"@type\":\"WebSite\",\"@id\":\"https:\/\/raspberrypi.dk\/no\/#website\",\"url\":\"https:\/\/raspberrypi.dk\/no\/\",\"name\":\"RaspberryPi.dk\",\"description\":\"Danmarks f\u00f8rende Raspberry Pi side!\",\"publisher\":{\"@id\":\"https:\/\/raspberrypi.dk\/no\/#organization\"},\"potentialAction\":[{\"@type\":\"SearchAction\",\"target\":{\"@type\":\"EntryPoint\",\"urlTemplate\":\"https:\/\/raspberrypi.dk\/no\/?s={search_term_string}\"},\"query-input\":{\"@type\":\"PropertyValueSpecification\",\"valueRequired\":true,\"valueName\":\"search_term_string\"}}],\"inLanguage\":\"nb-NO\"},{\"@type\":\"Organization\",\"@id\":\"https:\/\/raspberrypi.dk\/no\/#organization\",\"name\":\"RaspberryPi.dk\",\"url\":\"https:\/\/raspberrypi.dk\/no\/\",\"logo\":{\"@type\":\"ImageObject\",\"inLanguage\":\"nb-NO\",\"@id\":\"https:\/\/raspberrypi.dk\/no\/#\/schema\/logo\/image\/\",\"url\":\"https:\/\/raspberrypi.dk\/wp-content\/uploads\/2017\/05\/RaspberryPidk_logo-2.png\",\"contentUrl\":\"https:\/\/raspberrypi.dk\/wp-content\/uploads\/2017\/05\/RaspberryPidk_logo-2.png\",\"width\":470,\"height\":110,\"caption\":\"RaspberryPi.dk\"},\"image\":{\"@id\":\"https:\/\/raspberrypi.dk\/no\/#\/schema\/logo\/image\/\"},\"sameAs\":[\"https:\/\/facebook.com\/RaspberryPiDanmark\",\"https:\/\/x.com\/raspberrypidk\",\"https:\/\/instagram.com\/raspberrypi.dk\"]}]}<\/script>\n<!-- \/ Yoast SEO plugin. -->","yoast_head_json":{"title":"Dual Gigabit Ethernet Carrier Board til Raspberry Pi CM4 \u2022 RaspberryPi.dk","robots":{"index":"index","follow":"follow","max-snippet":"max-snippet:-1","max-image-preview":"max-image-preview:large","max-video-preview":"max-video-preview:-1"},"canonical":"https:\/\/raspberrypi.dk\/no\/produkt\/dual-gigabit-ethernet-carrier-board-til-raspberry-pi-cm4\/","og_locale":"nb_NO","og_type":"article","og_title":"Dual Gigabit Ethernet Carrier Board til Raspberry Pi CM4 \u2022 RaspberryPi.dk","og_description":"Dual Gigabit Carrier Board drevet av Raspberry Pi Compute Module 4 er utstyrt med Dual Gigabit Ethernet-porter og doble USB 3.0-porter, noe som gj\u00f8r det egnet for myke ruterapplikasjoner samtidig som maskinvaren holdes p\u00e5 et minimum.  Kj\u00f8b Raspberry Pi Compute Module 4 (CM4) her.","og_url":"https:\/\/raspberrypi.dk\/no\/produkt\/dual-gigabit-ethernet-carrier-board-til-raspberry-pi-cm4\/","og_site_name":"RaspberryPi.dk","article_publisher":"https:\/\/facebook.com\/RaspberryPiDanmark","article_modified_time":"2024-04-07T11:22:19+00:00","og_image":[{"width":1400,"height":1050,"url":"https:\/\/raspberrypi.dk\/wp-content\/uploads\/2021\/05\/102110497_1.jpg","type":"image\/jpeg"}],"twitter_card":"summary_large_image","twitter_site":"@raspberrypidk","twitter_misc":{"Ansl. lesetid":"3 minutter"},"schema":{"@context":"https:\/\/schema.org","@graph":[{"@type":"WebPage","@id":"https:\/\/raspberrypi.dk\/no\/produkt\/dual-gigabit-ethernet-carrier-board-til-raspberry-pi-cm4\/","url":"https:\/\/raspberrypi.dk\/no\/produkt\/dual-gigabit-ethernet-carrier-board-til-raspberry-pi-cm4\/","name":"Dual Gigabit Ethernet Carrier Board til Raspberry Pi CM4 \u2022 RaspberryPi.dk","isPartOf":{"@id":"https:\/\/raspberrypi.dk\/no\/#website"},"primaryImageOfPage":{"@id":"https:\/\/raspberrypi.dk\/no\/produkt\/dual-gigabit-ethernet-carrier-board-til-raspberry-pi-cm4\/#primaryimage"},"image":{"@id":"https:\/\/raspberrypi.dk\/no\/produkt\/dual-gigabit-ethernet-carrier-board-til-raspberry-pi-cm4\/#primaryimage"},"thumbnailUrl":"https:\/\/raspberrypi.dk\/wp-content\/uploads\/2021\/05\/102110497_1.jpg","datePublished":"2021-05-18T07:43:39+00:00","dateModified":"2024-04-07T11:22:19+00:00","breadcrumb":{"@id":"https:\/\/raspberrypi.dk\/no\/produkt\/dual-gigabit-ethernet-carrier-board-til-raspberry-pi-cm4\/#breadcrumb"},"inLanguage":"nb-NO","potentialAction":[{"@type":"ReadAction","target":["https:\/\/raspberrypi.dk\/no\/produkt\/dual-gigabit-ethernet-carrier-board-til-raspberry-pi-cm4\/"]}]},{"@type":"ImageObject","inLanguage":"nb-NO","@id":"https:\/\/raspberrypi.dk\/no\/produkt\/dual-gigabit-ethernet-carrier-board-til-raspberry-pi-cm4\/#primaryimage","url":"https:\/\/raspberrypi.dk\/wp-content\/uploads\/2021\/05\/102110497_1.jpg","contentUrl":"https:\/\/raspberrypi.dk\/wp-content\/uploads\/2021\/05\/102110497_1.jpg","width":1400,"height":1050,"caption":"cm4 carrier dual gigabit ethernet"},{"@type":"BreadcrumbList","@id":"https:\/\/raspberrypi.dk\/no\/produkt\/dual-gigabit-ethernet-carrier-board-til-raspberry-pi-cm4\/#breadcrumb","itemListElement":[{"@type":"ListItem","position":1,"name":"Hjem","item":"https:\/\/raspberrypi.dk\/no\/raspberry-pi-nettbutikk\/"},{"@type":"ListItem","position":2,"name":"Shop","item":"https:\/\/raspberrypi.dk\/no\/shop-2\/"},{"@type":"ListItem","position":3,"name":"Dual Gigabit Ethernet Carrier Board til Raspberry Pi CM4"}]},{"@type":"WebSite","@id":"https:\/\/raspberrypi.dk\/no\/#website","url":"https:\/\/raspberrypi.dk\/no\/","name":"RaspberryPi.dk","description":"Danmarks f\u00f8rende Raspberry Pi side!","publisher":{"@id":"https:\/\/raspberrypi.dk\/no\/#organization"},"potentialAction":[{"@type":"SearchAction","target":{"@type":"EntryPoint","urlTemplate":"https:\/\/raspberrypi.dk\/no\/?s={search_term_string}"},"query-input":{"@type":"PropertyValueSpecification","valueRequired":true,"valueName":"search_term_string"}}],"inLanguage":"nb-NO"},{"@type":"Organization","@id":"https:\/\/raspberrypi.dk\/no\/#organization","name":"RaspberryPi.dk","url":"https:\/\/raspberrypi.dk\/no\/","logo":{"@type":"ImageObject","inLanguage":"nb-NO","@id":"https:\/\/raspberrypi.dk\/no\/#\/schema\/logo\/image\/","url":"https:\/\/raspberrypi.dk\/wp-content\/uploads\/2017\/05\/RaspberryPidk_logo-2.png","contentUrl":"https:\/\/raspberrypi.dk\/wp-content\/uploads\/2017\/05\/RaspberryPidk_logo-2.png","width":470,"height":110,"caption":"RaspberryPi.dk"},"image":{"@id":"https:\/\/raspberrypi.dk\/no\/#\/schema\/logo\/image\/"},"sameAs":["https:\/\/facebook.com\/RaspberryPiDanmark","https:\/\/x.com\/raspberrypidk","https:\/\/instagram.com\/raspberrypi.dk"]}]}},"_links":{"self":[{"href":"https:\/\/raspberrypi.dk\/no\/wp-json\/wp\/v2\/product\/217792","targetHints":{"allow":["GET"]}}],"collection":[{"href":"https:\/\/raspberrypi.dk\/no\/wp-json\/wp\/v2\/product"}],"about":[{"href":"https:\/\/raspberrypi.dk\/no\/wp-json\/wp\/v2\/types\/product"}],"replies":[{"embeddable":true,"href":"https:\/\/raspberrypi.dk\/no\/wp-json\/wp\/v2\/comments?post=217792"}],"wp:featuredmedia":[{"embeddable":true,"href":"https:\/\/raspberrypi.dk\/no\/wp-json\/wp\/v2\/media\/133858"}],"wp:attachment":[{"href":"https:\/\/raspberrypi.dk\/no\/wp-json\/wp\/v2\/media?parent=217792"}],"wp:term":[{"taxonomy":"product_brand","embeddable":true,"href":"https:\/\/raspberrypi.dk\/no\/wp-json\/wp\/v2\/product_brand?post=217792"},{"taxonomy":"product_cat","embeddable":true,"href":"https:\/\/raspberrypi.dk\/no\/wp-json\/wp\/v2\/product_cat?post=217792"},{"taxonomy":"product_tag","embeddable":true,"href":"https:\/\/raspberrypi.dk\/no\/wp-json\/wp\/v2\/product_tag?post=217792"}],"curies":[{"name":"wp","href":"https:\/\/api.w.org\/{rel}","templated":true}]}}