{"id":217807,"date":"2021-05-11T11:21:34","date_gmt":"2021-05-11T09:21:34","guid":{"rendered":"https:\/\/raspberrypi.dk\/produkt\/batteri-hat-til-raspberry-pi\/"},"modified":"2026-02-26T23:28:23","modified_gmt":"2026-02-26T22:28:23","slug":"batteri-hat-til-raspberry-pi","status":"publish","type":"product","link":"https:\/\/raspberrypi.dk\/no\/produkt\/batteri-hat-til-raspberry-pi\/","title":{"rendered":"Batteri HAT til Raspberry Pi"},"content":{"rendered":"<p>Li-polymer batteri HAT integrerer SW6106 str\u00f8mbankstyringsbrikke, gj\u00f8r det mulig \u00e5 levere 5V regulert str\u00f8mforsyning til din Raspberry Pi eller andre 5V enheter fra et h\u00f8ykapasitets Li-polymer batteri. Den lader ogs\u00e5 batteriet, st\u00f8tter toveis hurtiglading.<\/p>\n<p>Sammenlignet med Li-ion batteri HAT, bruker denne HAT Li-polymer batteri med h\u00f8yere kapasitet, noe som betyr lengre batterilevetid og tillater h\u00f8yere belastning. HAT-st\u00f8rrelsen er mer egnet for Raspberry Pi B \/ A + \/ B + \/ 2B \/ 3B \/ 3B + \/ 4B.<\/p>\n<p><strong>Dette er ikke en UPS. Merk at Raspberry Pi starter p\u00e5 nytt n\u00e5r du kobler den til Pi.<\/strong><\/p>\n<div><\/div>\n<h2>Features<\/h2>\n<ul>\n<li>Innebygd SW6106-brikke, st\u00f8tter toveis hurtiglading, st\u00f8tter multihurtigladingsprotokoller som PD \/ QC \/ FCP \/ PE \/ SFCP<\/li>\n<li>Litiumbatteribeskyttelseskrets, gir reversbeskyttelse, overladingsbeskyttelse og kortslutningsbeskyttelse<\/li>\n<li>Innebygde indikatorer: hurtiglading, str\u00f8mkapasitet<\/li>\n<li>PH 2.0 batterikontakt for tilkobling av 3,7V 3000mA Li-polymer batteri med h\u00f8y kapasitet (MSDS-sertifisert)<\/li>\n<\/ul>\n<h2>Specifications<\/h2>\n<ul>\n<li>Output voltage: 5V<\/li>\n<li>Charge voltage: 5V<\/li>\n<li>Applicable battery: 3.7V Li-polymer battery (4.2V when full charged)<\/li>\n<li>Dimensioner: 65.0mm \u00d7 56.5mm<\/li>\n<li>Mounting hole size: 3.0mm<\/li>\n<\/ul>\n<h2>What&#8217;s in Box<\/h2>\n<p class=\"note\">Note: the Raspberry Pi is NOT included.<\/p>\n<ol>\n<li>Li-polymer Battery HAT x1<\/li>\n<li>3.7V 3000mAh Li-polymer battery x1<\/li>\n<li>RPi screws pack (2pcs) x1<\/li>\n<\/ol>\n<div class=\"imgTextWrap\">\n<div>1<a href=\"https:\/\/www.waveshare.com\/img\/devkit\/accBoard\/Li-polymer-Battery-HAT\/Li-polymer-Battery-HAT-1.jpg\"><img decoding=\"async\" src=\"https:\/\/www.waveshare.com\/img\/devkit\/accBoard\/Li-polymer-Battery-HAT\/Li-polymer-Battery-HAT-1_93.jpg\" \/><\/a><\/div>\n<div>2<a href=\"https:\/\/www.waveshare.com\/img\/devkit\/accessories\/3.7V-3000mAh-Li-polymer-battery.jpg\"><img decoding=\"async\" src=\"https:\/\/www.waveshare.com\/img\/devkit\/accessories\/3.7V-3000mAh-Li-polymer-battery_93.jpg\" \/><\/a><\/div>\n<div>3<a href=\"https:\/\/www.waveshare.com\/img\/devkit\/general\/RPi-screws-pack-11-x2-hexa_L.jpg\"><img decoding=\"async\" src=\"https:\/\/www.waveshare.com\/img\/devkit\/general\/RPi-screws-pack-11-x2-hexa.jpg\" \/><\/a><\/div>\n<\/div>\n<h2>What&#8217;s on Board<\/h2>\n<p><img decoding=\"async\" src=\"https:\/\/www.waveshare.com\/img\/devkit\/accBoard\/Li-polymer-Battery-HAT\/Li-polymer-Battery-HAT-intro.jpg\" alt=\"Li-polymer Battery HAT on board resource\" \/><\/p>\n<ol>\n<li><strong>Raspberry Pi GPIO connector:<\/strong>\u00a0for connecting Raspberry Pi<\/li>\n<li><strong>PH 2.0 battery connector:<\/strong>\u00a0for 3.7V Li-polymer battery<\/li>\n<li><strong>USB Type-C connector:<\/strong>\u00a05V battery charge\/power output, supports quick charge<\/li>\n<li><strong>USB Type-A connector:<\/strong>\u00a05V power output<\/li>\n<li><strong>Micro USB connector:<\/strong>\u00a05V battery charge<\/li>\n<li><strong>SW6106 power management chip<\/strong><\/li>\n<li><strong>Power output control switch<\/strong><br \/>\nClick: operating mode, provides 5V output<br \/>\nDouble click: standby mode, no output<\/li>\n<li><strong>Battery power capacity indicator:<\/strong>\u00a05x LEDs to indicate the power capacity and charging status<\/li>\n<li><strong>Quick charge indicator:<\/strong>\u00a0on when quick charging<\/li>\n<li><strong>Li-polymer battery:<\/strong>\u00a03.7V 3000mAh, MSDS certified<\/li>\n<\/ol>\n<h2>Example<\/h2>\n<p><img decoding=\"async\" src=\"https:\/\/www.waveshare.com\/img\/devkit\/accBoard\/Li-polymer-Battery-HAT\/Li-polymer-Battery-HAT-6_800.jpg\" \/><\/p>\n<h2>Dimension<\/h2>\n<p><img decoding=\"async\" src=\"https:\/\/www.waveshare.com\/img\/devkit\/accBoard\/Li-polymer-Battery-HAT\/Li-polymer-Battery-HAT-size.jpg\" \/><\/p>\n<h2>Development Resources<\/h2>\n<p><strong>Wiki :\u00a0<\/strong><a href=\"http:\/\/www.waveshare.com\/wiki\/Li-polymer_Battery_HAT\" target=\"_blank\" rel=\"noopener\">www.waveshare.com\/wiki\/Li-polymer_Battery_HAT<\/a><\/p>\n","protected":false},"excerpt":{"rendered":"<p>Li-Polymer Battery HAT for Raspberry Pi, SW6106 powerbank-l\u00f8sning, med innebygd beskyttelseskrets.<\/p>\n","protected":false},"featured_media":133313,"comment_status":"open","ping_status":"closed","template":"","meta":[],"product_brand":[],"product_cat":[597,605],"product_tag":[717,703],"class_list":{"0":"post-217807","1":"product","2":"type-product","3":"status-publish","4":"has-post-thumbnail","6":"product_cat-raspberry-pi-hats-gpio-no","7":"product_cat-raspberry-pi-stromforsyninger-no","8":"product_tag-rpi4-no","9":"product_tag-rpi5-no","11":"first","12":"outofstock","13":"taxable","14":"shipping-taxable","15":"purchasable","16":"product-type-simple"},"composite_virtual":false,"composite_layout":"","composite_add_to_cart_form_location":"","composite_editable_in_cart":false,"composite_sold_individually_context":"","composite_shop_price_calc":"","composite_components":[],"composite_scenarios":[],"bundled_by":[],"bundle_stock_status":"outofstock","bundle_stock_quantity":0,"bundle_virtual":false,"bundle_layout":"","bundle_add_to_cart_form_location":"","bundle_editable_in_cart":false,"bundle_sold_individually_context":"","bundle_item_grouping":"","bundle_min_size":"","bundle_max_size":"","bundle_price":[],"bundled_items":[],"bundle_sell_ids":[],"yoast_head":"<!-- This site is optimized with the Yoast SEO plugin v27.1.1 - https:\/\/yoast.com\/product\/yoast-seo-wordpress\/ -->\n<title>Batteri HAT til Raspberry Pi \u2022 RaspberryPi.dk<\/title>\n<meta name=\"robots\" content=\"index, follow, max-snippet:-1, max-image-preview:large, max-video-preview:-1\" \/>\n<link rel=\"canonical\" href=\"https:\/\/raspberrypi.dk\/no\/produkt\/batteri-hat-til-raspberry-pi\/\" \/>\n<meta property=\"og:locale\" content=\"nb_NO\" \/>\n<meta property=\"og:type\" content=\"article\" \/>\n<meta property=\"og:title\" content=\"Batteri HAT til Raspberry Pi \u2022 RaspberryPi.dk\" \/>\n<meta property=\"og:description\" content=\"Li-Polymer Battery HAT for Raspberry Pi, SW6106 powerbank-l\u00f8sning, med innebygd beskyttelseskrets.\" \/>\n<meta property=\"og:url\" content=\"https:\/\/raspberrypi.dk\/no\/produkt\/batteri-hat-til-raspberry-pi\/\" \/>\n<meta property=\"og:site_name\" content=\"RaspberryPi.dk\" \/>\n<meta property=\"article:publisher\" content=\"https:\/\/facebook.com\/RaspberryPiDanmark\" \/>\n<meta property=\"article:modified_time\" content=\"2026-02-26T22:28:23+00:00\" \/>\n<meta property=\"og:image\" content=\"https:\/\/raspberrypi.dk\/wp-content\/uploads\/2021\/05\/waveshare-17076-li-polymer-battery-hat.jpg\" \/>\n\t<meta property=\"og:image:width\" content=\"800\" \/>\n\t<meta property=\"og:image:height\" content=\"800\" \/>\n\t<meta property=\"og:image:type\" content=\"image\/jpeg\" \/>\n<meta name=\"twitter:card\" content=\"summary_large_image\" \/>\n<meta name=\"twitter:site\" content=\"@raspberrypidk\" \/>\n<meta name=\"twitter:label1\" content=\"Ansl. lesetid\" \/>\n\t<meta name=\"twitter:data1\" content=\"3 minutter\" \/>\n<script type=\"application\/ld+json\" class=\"yoast-schema-graph\">{\"@context\":\"https:\/\/schema.org\",\"@graph\":[{\"@type\":\"WebPage\",\"@id\":\"https:\/\/raspberrypi.dk\/no\/produkt\/batteri-hat-til-raspberry-pi\/\",\"url\":\"https:\/\/raspberrypi.dk\/no\/produkt\/batteri-hat-til-raspberry-pi\/\",\"name\":\"Batteri HAT til Raspberry Pi \u2022 RaspberryPi.dk\",\"isPartOf\":{\"@id\":\"https:\/\/raspberrypi.dk\/no\/#website\"},\"primaryImageOfPage\":{\"@id\":\"https:\/\/raspberrypi.dk\/no\/produkt\/batteri-hat-til-raspberry-pi\/#primaryimage\"},\"image\":{\"@id\":\"https:\/\/raspberrypi.dk\/no\/produkt\/batteri-hat-til-raspberry-pi\/#primaryimage\"},\"thumbnailUrl\":\"https:\/\/raspberrypi.dk\/wp-content\/uploads\/2021\/05\/waveshare-17076-li-polymer-battery-hat.jpg\",\"datePublished\":\"2021-05-11T09:21:34+00:00\",\"dateModified\":\"2026-02-26T22:28:23+00:00\",\"breadcrumb\":{\"@id\":\"https:\/\/raspberrypi.dk\/no\/produkt\/batteri-hat-til-raspberry-pi\/#breadcrumb\"},\"inLanguage\":\"nb-NO\",\"potentialAction\":[{\"@type\":\"ReadAction\",\"target\":[\"https:\/\/raspberrypi.dk\/no\/produkt\/batteri-hat-til-raspberry-pi\/\"]}]},{\"@type\":\"ImageObject\",\"inLanguage\":\"nb-NO\",\"@id\":\"https:\/\/raspberrypi.dk\/no\/produkt\/batteri-hat-til-raspberry-pi\/#primaryimage\",\"url\":\"https:\/\/raspberrypi.dk\/wp-content\/uploads\/2021\/05\/waveshare-17076-li-polymer-battery-hat.jpg\",\"contentUrl\":\"https:\/\/raspberrypi.dk\/wp-content\/uploads\/2021\/05\/waveshare-17076-li-polymer-battery-hat.jpg\",\"width\":800,\"height\":800,\"caption\":\"waveshare batteri hat raspberry pi\"},{\"@type\":\"BreadcrumbList\",\"@id\":\"https:\/\/raspberrypi.dk\/no\/produkt\/batteri-hat-til-raspberry-pi\/#breadcrumb\",\"itemListElement\":[{\"@type\":\"ListItem\",\"position\":1,\"name\":\"Hjem\",\"item\":\"https:\/\/raspberrypi.dk\/no\/raspberry-pi-nettbutikk\/\"},{\"@type\":\"ListItem\",\"position\":2,\"name\":\"Shop\",\"item\":\"https:\/\/raspberrypi.dk\/no\/shop-2\/\"},{\"@type\":\"ListItem\",\"position\":3,\"name\":\"Batteri HAT til Raspberry Pi\"}]},{\"@type\":\"WebSite\",\"@id\":\"https:\/\/raspberrypi.dk\/no\/#website\",\"url\":\"https:\/\/raspberrypi.dk\/no\/\",\"name\":\"RaspberryPi.dk\",\"description\":\"Danmarks f\u00f8rende Raspberry Pi side!\",\"publisher\":{\"@id\":\"https:\/\/raspberrypi.dk\/no\/#organization\"},\"potentialAction\":[{\"@type\":\"SearchAction\",\"target\":{\"@type\":\"EntryPoint\",\"urlTemplate\":\"https:\/\/raspberrypi.dk\/no\/?s={search_term_string}\"},\"query-input\":{\"@type\":\"PropertyValueSpecification\",\"valueRequired\":true,\"valueName\":\"search_term_string\"}}],\"inLanguage\":\"nb-NO\"},{\"@type\":\"Organization\",\"@id\":\"https:\/\/raspberrypi.dk\/no\/#organization\",\"name\":\"RaspberryPi.dk\",\"url\":\"https:\/\/raspberrypi.dk\/no\/\",\"logo\":{\"@type\":\"ImageObject\",\"inLanguage\":\"nb-NO\",\"@id\":\"https:\/\/raspberrypi.dk\/no\/#\/schema\/logo\/image\/\",\"url\":\"https:\/\/raspberrypi.dk\/wp-content\/uploads\/2017\/05\/RaspberryPidk_logo-2.png\",\"contentUrl\":\"https:\/\/raspberrypi.dk\/wp-content\/uploads\/2017\/05\/RaspberryPidk_logo-2.png\",\"width\":470,\"height\":110,\"caption\":\"RaspberryPi.dk\"},\"image\":{\"@id\":\"https:\/\/raspberrypi.dk\/no\/#\/schema\/logo\/image\/\"},\"sameAs\":[\"https:\/\/facebook.com\/RaspberryPiDanmark\",\"https:\/\/x.com\/raspberrypidk\",\"https:\/\/instagram.com\/raspberrypi.dk\"]}]}<\/script>\n<!-- \/ Yoast SEO plugin. -->","yoast_head_json":{"title":"Batteri HAT til Raspberry Pi \u2022 RaspberryPi.dk","robots":{"index":"index","follow":"follow","max-snippet":"max-snippet:-1","max-image-preview":"max-image-preview:large","max-video-preview":"max-video-preview:-1"},"canonical":"https:\/\/raspberrypi.dk\/no\/produkt\/batteri-hat-til-raspberry-pi\/","og_locale":"nb_NO","og_type":"article","og_title":"Batteri HAT til Raspberry Pi \u2022 RaspberryPi.dk","og_description":"Li-Polymer Battery HAT for Raspberry Pi, SW6106 powerbank-l\u00f8sning, med innebygd beskyttelseskrets.","og_url":"https:\/\/raspberrypi.dk\/no\/produkt\/batteri-hat-til-raspberry-pi\/","og_site_name":"RaspberryPi.dk","article_publisher":"https:\/\/facebook.com\/RaspberryPiDanmark","article_modified_time":"2026-02-26T22:28:23+00:00","og_image":[{"width":800,"height":800,"url":"https:\/\/raspberrypi.dk\/wp-content\/uploads\/2021\/05\/waveshare-17076-li-polymer-battery-hat.jpg","type":"image\/jpeg"}],"twitter_card":"summary_large_image","twitter_site":"@raspberrypidk","twitter_misc":{"Ansl. lesetid":"3 minutter"},"schema":{"@context":"https:\/\/schema.org","@graph":[{"@type":"WebPage","@id":"https:\/\/raspberrypi.dk\/no\/produkt\/batteri-hat-til-raspberry-pi\/","url":"https:\/\/raspberrypi.dk\/no\/produkt\/batteri-hat-til-raspberry-pi\/","name":"Batteri HAT til Raspberry Pi \u2022 RaspberryPi.dk","isPartOf":{"@id":"https:\/\/raspberrypi.dk\/no\/#website"},"primaryImageOfPage":{"@id":"https:\/\/raspberrypi.dk\/no\/produkt\/batteri-hat-til-raspberry-pi\/#primaryimage"},"image":{"@id":"https:\/\/raspberrypi.dk\/no\/produkt\/batteri-hat-til-raspberry-pi\/#primaryimage"},"thumbnailUrl":"https:\/\/raspberrypi.dk\/wp-content\/uploads\/2021\/05\/waveshare-17076-li-polymer-battery-hat.jpg","datePublished":"2021-05-11T09:21:34+00:00","dateModified":"2026-02-26T22:28:23+00:00","breadcrumb":{"@id":"https:\/\/raspberrypi.dk\/no\/produkt\/batteri-hat-til-raspberry-pi\/#breadcrumb"},"inLanguage":"nb-NO","potentialAction":[{"@type":"ReadAction","target":["https:\/\/raspberrypi.dk\/no\/produkt\/batteri-hat-til-raspberry-pi\/"]}]},{"@type":"ImageObject","inLanguage":"nb-NO","@id":"https:\/\/raspberrypi.dk\/no\/produkt\/batteri-hat-til-raspberry-pi\/#primaryimage","url":"https:\/\/raspberrypi.dk\/wp-content\/uploads\/2021\/05\/waveshare-17076-li-polymer-battery-hat.jpg","contentUrl":"https:\/\/raspberrypi.dk\/wp-content\/uploads\/2021\/05\/waveshare-17076-li-polymer-battery-hat.jpg","width":800,"height":800,"caption":"waveshare batteri hat raspberry pi"},{"@type":"BreadcrumbList","@id":"https:\/\/raspberrypi.dk\/no\/produkt\/batteri-hat-til-raspberry-pi\/#breadcrumb","itemListElement":[{"@type":"ListItem","position":1,"name":"Hjem","item":"https:\/\/raspberrypi.dk\/no\/raspberry-pi-nettbutikk\/"},{"@type":"ListItem","position":2,"name":"Shop","item":"https:\/\/raspberrypi.dk\/no\/shop-2\/"},{"@type":"ListItem","position":3,"name":"Batteri HAT til Raspberry Pi"}]},{"@type":"WebSite","@id":"https:\/\/raspberrypi.dk\/no\/#website","url":"https:\/\/raspberrypi.dk\/no\/","name":"RaspberryPi.dk","description":"Danmarks f\u00f8rende Raspberry Pi side!","publisher":{"@id":"https:\/\/raspberrypi.dk\/no\/#organization"},"potentialAction":[{"@type":"SearchAction","target":{"@type":"EntryPoint","urlTemplate":"https:\/\/raspberrypi.dk\/no\/?s={search_term_string}"},"query-input":{"@type":"PropertyValueSpecification","valueRequired":true,"valueName":"search_term_string"}}],"inLanguage":"nb-NO"},{"@type":"Organization","@id":"https:\/\/raspberrypi.dk\/no\/#organization","name":"RaspberryPi.dk","url":"https:\/\/raspberrypi.dk\/no\/","logo":{"@type":"ImageObject","inLanguage":"nb-NO","@id":"https:\/\/raspberrypi.dk\/no\/#\/schema\/logo\/image\/","url":"https:\/\/raspberrypi.dk\/wp-content\/uploads\/2017\/05\/RaspberryPidk_logo-2.png","contentUrl":"https:\/\/raspberrypi.dk\/wp-content\/uploads\/2017\/05\/RaspberryPidk_logo-2.png","width":470,"height":110,"caption":"RaspberryPi.dk"},"image":{"@id":"https:\/\/raspberrypi.dk\/no\/#\/schema\/logo\/image\/"},"sameAs":["https:\/\/facebook.com\/RaspberryPiDanmark","https:\/\/x.com\/raspberrypidk","https:\/\/instagram.com\/raspberrypi.dk"]}]}},"_links":{"self":[{"href":"https:\/\/raspberrypi.dk\/no\/wp-json\/wp\/v2\/product\/217807","targetHints":{"allow":["GET"]}}],"collection":[{"href":"https:\/\/raspberrypi.dk\/no\/wp-json\/wp\/v2\/product"}],"about":[{"href":"https:\/\/raspberrypi.dk\/no\/wp-json\/wp\/v2\/types\/product"}],"replies":[{"embeddable":true,"href":"https:\/\/raspberrypi.dk\/no\/wp-json\/wp\/v2\/comments?post=217807"}],"wp:featuredmedia":[{"embeddable":true,"href":"https:\/\/raspberrypi.dk\/no\/wp-json\/wp\/v2\/media\/133313"}],"wp:attachment":[{"href":"https:\/\/raspberrypi.dk\/no\/wp-json\/wp\/v2\/media?parent=217807"}],"wp:term":[{"taxonomy":"product_brand","embeddable":true,"href":"https:\/\/raspberrypi.dk\/no\/wp-json\/wp\/v2\/product_brand?post=217807"},{"taxonomy":"product_cat","embeddable":true,"href":"https:\/\/raspberrypi.dk\/no\/wp-json\/wp\/v2\/product_cat?post=217807"},{"taxonomy":"product_tag","embeddable":true,"href":"https:\/\/raspberrypi.dk\/no\/wp-json\/wp\/v2\/product_tag?post=217807"}],"curies":[{"name":"wp","href":"https:\/\/api.w.org\/{rel}","templated":true}]}}