{"id":217827,"date":"2020-05-20T14:09:54","date_gmt":"2020-05-20T12:09:54","guid":{"rendered":"https:\/\/raspberrypi.dk\/produkt\/din-rail-mount-case-til-pi-4\/"},"modified":"2026-03-26T09:39:03","modified_gmt":"2026-03-26T08:39:03","slug":"din-rail-mount-case-til-pi-4","status":"publish","type":"product","link":"https:\/\/raspberrypi.dk\/no\/produkt\/din-rail-mount-case-til-pi-4\/","title":{"rendered":"DIN Rail Mount Case til Pi 4"},"content":{"rendered":"<p><strong>Features<\/strong><\/p>\n<p>Ingen skruer, ingen lim &#8211; bare legg til din Raspberry Pi!<\/p>\n<ul>\n<li>Designet for \u00e5 huse Raspberry Pi 4B via clip-in design &#8211; ingen skruer kreves!<\/li>\n<li>Alle utskj\u00e6ringer er forh\u00e5ndsk\u00e5ret i tilfelle &#8211; ingen mods kreves!<\/li>\n<li>PI 4-plater monteres opp ned slik at en Pi-HAT kan monteres<br \/>\nTerminalskjermer kan v\u00e6re frie for \u00e5 \u00f8ke luftstr\u00f8mmen<\/li>\n<li>Spor for skjermb\u00e5ndkabel<\/li>\n<li>DIN-skinne monterbar eller veggmonterbar<\/li>\n<li>St\u00f8pt i PC (polykarbonat)<\/li>\n<li>Materialtykkelse: 3 mm<\/li>\n<\/ul>\n<p><a href=\"https:\/\/raspberrypi.dk\/wp-content\/uploads\/2020\/05\/din-rail-mount-case.pdf\">Download Datablad<\/a>.<\/p>\n","protected":false},"excerpt":{"rendered":"<p>Med dette DIN-skinnemonteringskabinettet kan du montere din Raspberry Pi p\u00e5 en DIN-skinne uten problemerr.<\/p>\n","protected":false},"featured_media":217828,"comment_status":"open","ping_status":"closed","template":"","meta":[],"product_brand":[],"product_cat":[613,594],"product_tag":[717],"class_list":{"0":"post-217827","1":"product","2":"type-product","3":"status-publish","4":"has-post-thumbnail","6":"product_cat-industriell-raspberry-pi","7":"product_cat-raspberry-pi-cases-no","8":"product_tag-rpi4-no","10":"first","11":"instock","12":"taxable","13":"shipping-taxable","14":"purchasable","15":"product-type-simple"},"composite_virtual":false,"composite_layout":"","composite_add_to_cart_form_location":"","composite_editable_in_cart":false,"composite_sold_individually_context":"","composite_shop_price_calc":"","composite_components":[],"composite_scenarios":[],"bundled_by":[],"bundle_stock_status":"instock","bundle_stock_quantity":61,"bundle_virtual":false,"bundle_layout":"","bundle_add_to_cart_form_location":"","bundle_editable_in_cart":false,"bundle_sold_individually_context":"","bundle_item_grouping":"","bundle_min_size":"","bundle_max_size":"","bundle_price":[],"bundled_items":[],"bundle_sell_ids":[],"yoast_head":"<!-- This site is optimized with the Yoast SEO plugin v27.1.1 - https:\/\/yoast.com\/product\/yoast-seo-wordpress\/ -->\n<title>DIN Rail Mount Case til Pi 4 \u2022 RaspberryPi.dk<\/title>\n<meta name=\"robots\" content=\"index, follow, max-snippet:-1, max-image-preview:large, max-video-preview:-1\" \/>\n<link rel=\"canonical\" href=\"https:\/\/raspberrypi.dk\/no\/produkt\/din-rail-mount-case-til-pi-4\/\" \/>\n<meta property=\"og:locale\" content=\"nb_NO\" \/>\n<meta property=\"og:type\" content=\"article\" \/>\n<meta property=\"og:title\" content=\"DIN Rail Mount Case til Pi 4 \u2022 RaspberryPi.dk\" \/>\n<meta property=\"og:description\" content=\"Med dette DIN-skinnemonteringskabinettet kan du montere din Raspberry Pi p\u00e5 en DIN-skinne uten problemerr.\" \/>\n<meta property=\"og:url\" content=\"https:\/\/raspberrypi.dk\/no\/produkt\/din-rail-mount-case-til-pi-4\/\" \/>\n<meta property=\"og:site_name\" content=\"RaspberryPi.dk\" \/>\n<meta property=\"article:publisher\" content=\"https:\/\/facebook.com\/RaspberryPiDanmark\" \/>\n<meta property=\"article:modified_time\" content=\"2026-03-26T08:39:03+00:00\" \/>\n<meta property=\"og:image\" content=\"https:\/\/raspberrypi.dk\/wp-content\/uploads\/2020\/05\/din-rail-mount-enclosure-pi-4-b.jpg\" \/>\n\t<meta property=\"og:image:width\" content=\"244\" \/>\n\t<meta property=\"og:image:height\" content=\"200\" \/>\n\t<meta property=\"og:image:type\" content=\"image\/jpeg\" \/>\n<meta name=\"twitter:card\" content=\"summary_large_image\" \/>\n<meta name=\"twitter:site\" content=\"@raspberrypidk\" \/>\n<meta name=\"twitter:label1\" content=\"Ansl. lesetid\" \/>\n\t<meta name=\"twitter:data1\" content=\"1 minutt\" \/>\n<script type=\"application\/ld+json\" class=\"yoast-schema-graph\">{\"@context\":\"https:\/\/schema.org\",\"@graph\":[{\"@type\":\"WebPage\",\"@id\":\"https:\/\/raspberrypi.dk\/no\/produkt\/din-rail-mount-case-til-pi-4\/\",\"url\":\"https:\/\/raspberrypi.dk\/no\/produkt\/din-rail-mount-case-til-pi-4\/\",\"name\":\"DIN Rail Mount Case til Pi 4 \u2022 RaspberryPi.dk\",\"isPartOf\":{\"@id\":\"https:\/\/raspberrypi.dk\/no\/#website\"},\"primaryImageOfPage\":{\"@id\":\"https:\/\/raspberrypi.dk\/no\/produkt\/din-rail-mount-case-til-pi-4\/#primaryimage\"},\"image\":{\"@id\":\"https:\/\/raspberrypi.dk\/no\/produkt\/din-rail-mount-case-til-pi-4\/#primaryimage\"},\"thumbnailUrl\":\"https:\/\/raspberrypi.dk\/wp-content\/uploads\/2020\/05\/din-rail-mount-enclosure-pi-4-b.jpg\",\"datePublished\":\"2020-05-20T12:09:54+00:00\",\"dateModified\":\"2026-03-26T08:39:03+00:00\",\"breadcrumb\":{\"@id\":\"https:\/\/raspberrypi.dk\/no\/produkt\/din-rail-mount-case-til-pi-4\/#breadcrumb\"},\"inLanguage\":\"nb-NO\",\"potentialAction\":[{\"@type\":\"ReadAction\",\"target\":[\"https:\/\/raspberrypi.dk\/no\/produkt\/din-rail-mount-case-til-pi-4\/\"]}]},{\"@type\":\"ImageObject\",\"inLanguage\":\"nb-NO\",\"@id\":\"https:\/\/raspberrypi.dk\/no\/produkt\/din-rail-mount-case-til-pi-4\/#primaryimage\",\"url\":\"https:\/\/raspberrypi.dk\/wp-content\/uploads\/2020\/05\/din-rail-mount-enclosure-pi-4-b.jpg\",\"contentUrl\":\"https:\/\/raspberrypi.dk\/wp-content\/uploads\/2020\/05\/din-rail-mount-enclosure-pi-4-b.jpg\",\"width\":244,\"height\":200},{\"@type\":\"BreadcrumbList\",\"@id\":\"https:\/\/raspberrypi.dk\/no\/produkt\/din-rail-mount-case-til-pi-4\/#breadcrumb\",\"itemListElement\":[{\"@type\":\"ListItem\",\"position\":1,\"name\":\"Hjem\",\"item\":\"https:\/\/raspberrypi.dk\/no\/raspberry-pi-nettbutikk\/\"},{\"@type\":\"ListItem\",\"position\":2,\"name\":\"Shop\",\"item\":\"https:\/\/raspberrypi.dk\/no\/shop-2\/\"},{\"@type\":\"ListItem\",\"position\":3,\"name\":\"DIN Rail Mount Case til Pi 4\"}]},{\"@type\":\"WebSite\",\"@id\":\"https:\/\/raspberrypi.dk\/no\/#website\",\"url\":\"https:\/\/raspberrypi.dk\/no\/\",\"name\":\"RaspberryPi.dk\",\"description\":\"Danmarks f\u00f8rende Raspberry Pi side!\",\"publisher\":{\"@id\":\"https:\/\/raspberrypi.dk\/no\/#organization\"},\"potentialAction\":[{\"@type\":\"SearchAction\",\"target\":{\"@type\":\"EntryPoint\",\"urlTemplate\":\"https:\/\/raspberrypi.dk\/no\/?s={search_term_string}\"},\"query-input\":{\"@type\":\"PropertyValueSpecification\",\"valueRequired\":true,\"valueName\":\"search_term_string\"}}],\"inLanguage\":\"nb-NO\"},{\"@type\":\"Organization\",\"@id\":\"https:\/\/raspberrypi.dk\/no\/#organization\",\"name\":\"RaspberryPi.dk\",\"url\":\"https:\/\/raspberrypi.dk\/no\/\",\"logo\":{\"@type\":\"ImageObject\",\"inLanguage\":\"nb-NO\",\"@id\":\"https:\/\/raspberrypi.dk\/no\/#\/schema\/logo\/image\/\",\"url\":\"https:\/\/raspberrypi.dk\/wp-content\/uploads\/2017\/05\/RaspberryPidk_logo-2.png\",\"contentUrl\":\"https:\/\/raspberrypi.dk\/wp-content\/uploads\/2017\/05\/RaspberryPidk_logo-2.png\",\"width\":470,\"height\":110,\"caption\":\"RaspberryPi.dk\"},\"image\":{\"@id\":\"https:\/\/raspberrypi.dk\/no\/#\/schema\/logo\/image\/\"},\"sameAs\":[\"https:\/\/facebook.com\/RaspberryPiDanmark\",\"https:\/\/x.com\/raspberrypidk\",\"https:\/\/instagram.com\/raspberrypi.dk\"]}]}<\/script>\n<!-- \/ Yoast SEO plugin. -->","yoast_head_json":{"title":"DIN Rail Mount Case til Pi 4 \u2022 RaspberryPi.dk","robots":{"index":"index","follow":"follow","max-snippet":"max-snippet:-1","max-image-preview":"max-image-preview:large","max-video-preview":"max-video-preview:-1"},"canonical":"https:\/\/raspberrypi.dk\/no\/produkt\/din-rail-mount-case-til-pi-4\/","og_locale":"nb_NO","og_type":"article","og_title":"DIN Rail Mount Case til Pi 4 \u2022 RaspberryPi.dk","og_description":"Med dette DIN-skinnemonteringskabinettet kan du montere din Raspberry Pi p\u00e5 en DIN-skinne uten problemerr.","og_url":"https:\/\/raspberrypi.dk\/no\/produkt\/din-rail-mount-case-til-pi-4\/","og_site_name":"RaspberryPi.dk","article_publisher":"https:\/\/facebook.com\/RaspberryPiDanmark","article_modified_time":"2026-03-26T08:39:03+00:00","og_image":[{"width":244,"height":200,"url":"https:\/\/raspberrypi.dk\/wp-content\/uploads\/2020\/05\/din-rail-mount-enclosure-pi-4-b.jpg","type":"image\/jpeg"}],"twitter_card":"summary_large_image","twitter_site":"@raspberrypidk","twitter_misc":{"Ansl. lesetid":"1 minutt"},"schema":{"@context":"https:\/\/schema.org","@graph":[{"@type":"WebPage","@id":"https:\/\/raspberrypi.dk\/no\/produkt\/din-rail-mount-case-til-pi-4\/","url":"https:\/\/raspberrypi.dk\/no\/produkt\/din-rail-mount-case-til-pi-4\/","name":"DIN Rail Mount Case til Pi 4 \u2022 RaspberryPi.dk","isPartOf":{"@id":"https:\/\/raspberrypi.dk\/no\/#website"},"primaryImageOfPage":{"@id":"https:\/\/raspberrypi.dk\/no\/produkt\/din-rail-mount-case-til-pi-4\/#primaryimage"},"image":{"@id":"https:\/\/raspberrypi.dk\/no\/produkt\/din-rail-mount-case-til-pi-4\/#primaryimage"},"thumbnailUrl":"https:\/\/raspberrypi.dk\/wp-content\/uploads\/2020\/05\/din-rail-mount-enclosure-pi-4-b.jpg","datePublished":"2020-05-20T12:09:54+00:00","dateModified":"2026-03-26T08:39:03+00:00","breadcrumb":{"@id":"https:\/\/raspberrypi.dk\/no\/produkt\/din-rail-mount-case-til-pi-4\/#breadcrumb"},"inLanguage":"nb-NO","potentialAction":[{"@type":"ReadAction","target":["https:\/\/raspberrypi.dk\/no\/produkt\/din-rail-mount-case-til-pi-4\/"]}]},{"@type":"ImageObject","inLanguage":"nb-NO","@id":"https:\/\/raspberrypi.dk\/no\/produkt\/din-rail-mount-case-til-pi-4\/#primaryimage","url":"https:\/\/raspberrypi.dk\/wp-content\/uploads\/2020\/05\/din-rail-mount-enclosure-pi-4-b.jpg","contentUrl":"https:\/\/raspberrypi.dk\/wp-content\/uploads\/2020\/05\/din-rail-mount-enclosure-pi-4-b.jpg","width":244,"height":200},{"@type":"BreadcrumbList","@id":"https:\/\/raspberrypi.dk\/no\/produkt\/din-rail-mount-case-til-pi-4\/#breadcrumb","itemListElement":[{"@type":"ListItem","position":1,"name":"Hjem","item":"https:\/\/raspberrypi.dk\/no\/raspberry-pi-nettbutikk\/"},{"@type":"ListItem","position":2,"name":"Shop","item":"https:\/\/raspberrypi.dk\/no\/shop-2\/"},{"@type":"ListItem","position":3,"name":"DIN Rail Mount Case til Pi 4"}]},{"@type":"WebSite","@id":"https:\/\/raspberrypi.dk\/no\/#website","url":"https:\/\/raspberrypi.dk\/no\/","name":"RaspberryPi.dk","description":"Danmarks f\u00f8rende Raspberry Pi side!","publisher":{"@id":"https:\/\/raspberrypi.dk\/no\/#organization"},"potentialAction":[{"@type":"SearchAction","target":{"@type":"EntryPoint","urlTemplate":"https:\/\/raspberrypi.dk\/no\/?s={search_term_string}"},"query-input":{"@type":"PropertyValueSpecification","valueRequired":true,"valueName":"search_term_string"}}],"inLanguage":"nb-NO"},{"@type":"Organization","@id":"https:\/\/raspberrypi.dk\/no\/#organization","name":"RaspberryPi.dk","url":"https:\/\/raspberrypi.dk\/no\/","logo":{"@type":"ImageObject","inLanguage":"nb-NO","@id":"https:\/\/raspberrypi.dk\/no\/#\/schema\/logo\/image\/","url":"https:\/\/raspberrypi.dk\/wp-content\/uploads\/2017\/05\/RaspberryPidk_logo-2.png","contentUrl":"https:\/\/raspberrypi.dk\/wp-content\/uploads\/2017\/05\/RaspberryPidk_logo-2.png","width":470,"height":110,"caption":"RaspberryPi.dk"},"image":{"@id":"https:\/\/raspberrypi.dk\/no\/#\/schema\/logo\/image\/"},"sameAs":["https:\/\/facebook.com\/RaspberryPiDanmark","https:\/\/x.com\/raspberrypidk","https:\/\/instagram.com\/raspberrypi.dk"]}]}},"_links":{"self":[{"href":"https:\/\/raspberrypi.dk\/no\/wp-json\/wp\/v2\/product\/217827","targetHints":{"allow":["GET"]}}],"collection":[{"href":"https:\/\/raspberrypi.dk\/no\/wp-json\/wp\/v2\/product"}],"about":[{"href":"https:\/\/raspberrypi.dk\/no\/wp-json\/wp\/v2\/types\/product"}],"replies":[{"embeddable":true,"href":"https:\/\/raspberrypi.dk\/no\/wp-json\/wp\/v2\/comments?post=217827"}],"wp:featuredmedia":[{"embeddable":true,"href":"https:\/\/raspberrypi.dk\/no\/wp-json\/wp\/v2\/media\/217828"}],"wp:attachment":[{"href":"https:\/\/raspberrypi.dk\/no\/wp-json\/wp\/v2\/media?parent=217827"}],"wp:term":[{"taxonomy":"product_brand","embeddable":true,"href":"https:\/\/raspberrypi.dk\/no\/wp-json\/wp\/v2\/product_brand?post=217827"},{"taxonomy":"product_cat","embeddable":true,"href":"https:\/\/raspberrypi.dk\/no\/wp-json\/wp\/v2\/product_cat?post=217827"},{"taxonomy":"product_tag","embeddable":true,"href":"https:\/\/raspberrypi.dk\/no\/wp-json\/wp\/v2\/product_tag?post=217827"}],"curies":[{"name":"wp","href":"https:\/\/api.w.org\/{rel}","templated":true}]}}