{"id":217842,"date":"2020-04-01T14:19:28","date_gmt":"2020-04-01T12:19:28","guid":{"rendered":"https:\/\/raspberrypi.dk\/produkt\/argon-neo-heatsink-case-til-pi-4\/"},"modified":"2026-03-24T05:42:40","modified_gmt":"2026-03-24T04:42:40","slug":"argon-neo-heatsink-case-til-pi-4","status":"publish","type":"product","link":"https:\/\/raspberrypi.dk\/no\/produkt\/argon-neo-heatsink-case-til-pi-4\/","title":{"rendered":"Argon NEO Heatsink Case til Pi 4"},"content":{"rendered":"<p><strong>MINIMALISTISK DESIGN<\/strong><br \/>\nArgon NEO er spesialdesignet for behovene og funksjonaliteten til Raspberry Pi 4 Model B.<\/p>\n<p><strong>SLIM ALUMINIUMSKAP<\/strong><br \/>\nLaget med aluminiumslegering og polert med en moderne Space Grey finish for en fantastisk estetikk.<\/p>\n<p><strong>PASSIV KJ\u00d8LING<\/strong><br \/>\nDekselet fungerer som passiv kj\u00f8ling for de h\u00f8ye kravene til Raspberry Pi 4 Model B.<\/p>\n<p><strong>ROBUST, MEN TRANSPORTBAR<\/strong><br \/>\nDet er enkelt \u00e5 montere etuiet med Raspberry Pi. Med den lille formen p\u00e5 etuiet er det lett \u00e5 b\u00e6re hvor som helst.<\/p>\n<p><strong>SKYVENDE MAGNETISK TOPP<\/strong><br \/>\nDekselet har en magnetisk topp for \u00e5 holde portene sikre n\u00e5r de ikke er i bruk.<\/p>\n<p><strong>TILGANG TIL ALLE HAVNER<\/strong><br \/>\nAlle porter p\u00e5 Raspberry Pi 4 er tilgjengelige samtidig som Pi-en holdes sikker.<\/p>\n","protected":false},"excerpt":{"rendered":"<p>MINIMALISTISK DESIGN Argon NEO er spesialdesignet for behovene og funksjonaliteten til Raspberry Pi 4 Model B. SLIM ALUMINIUMSKAP Laget med aluminiumslegering og polert med en moderne Space Grey finish for en fantastisk estetikk. PASSIV KJ\u00d8LING Dekselet fungerer som passiv kj\u00f8ling for de h\u00f8ye kravene til Raspberry Pi 4 Model B. ROBUST, MEN TRANSPORTBAR Det er [&hellip;]<\/p>\n","protected":false},"featured_media":217843,"comment_status":"open","ping_status":"closed","template":"","meta":[],"product_brand":[],"product_cat":[594],"product_tag":[717],"class_list":{"0":"post-217842","1":"product","2":"type-product","3":"status-publish","4":"has-post-thumbnail","6":"product_cat-raspberry-pi-cases-no","7":"product_tag-rpi4-no","9":"first","10":"instock","11":"taxable","12":"shipping-taxable","13":"purchasable","14":"product-type-simple"},"composite_virtual":false,"composite_layout":"","composite_add_to_cart_form_location":"","composite_editable_in_cart":false,"composite_sold_individually_context":"","composite_shop_price_calc":"","composite_components":[],"composite_scenarios":[],"bundled_by":[],"bundle_stock_status":"instock","bundle_stock_quantity":102,"bundle_virtual":false,"bundle_layout":"","bundle_add_to_cart_form_location":"","bundle_editable_in_cart":false,"bundle_sold_individually_context":"","bundle_item_grouping":"","bundle_min_size":"","bundle_max_size":"","bundle_price":[],"bundled_items":[],"bundle_sell_ids":[],"yoast_head":"<!-- This site is optimized with the Yoast SEO plugin v27.1.1 - https:\/\/yoast.com\/product\/yoast-seo-wordpress\/ -->\n<title>Argon NEO Heatsink Case til Pi 4 \u2022 RaspberryPi.dk<\/title>\n<meta name=\"robots\" content=\"index, follow, max-snippet:-1, max-image-preview:large, max-video-preview:-1\" \/>\n<link rel=\"canonical\" href=\"https:\/\/raspberrypi.dk\/no\/produkt\/argon-neo-heatsink-case-til-pi-4\/\" \/>\n<meta property=\"og:locale\" content=\"nb_NO\" \/>\n<meta property=\"og:type\" content=\"article\" \/>\n<meta property=\"og:title\" content=\"Argon NEO Heatsink Case til Pi 4 \u2022 RaspberryPi.dk\" \/>\n<meta property=\"og:description\" content=\"MINIMALISTISK DESIGN Argon NEO er spesialdesignet for behovene og funksjonaliteten til Raspberry Pi 4 Model B. SLIM ALUMINIUMSKAP Laget med aluminiumslegering og polert med en moderne Space Grey finish for en fantastisk estetikk. PASSIV KJ\u00d8LING Dekselet fungerer som passiv kj\u00f8ling for de h\u00f8ye kravene til Raspberry Pi 4 Model B. ROBUST, MEN TRANSPORTBAR Det er [&hellip;]\" \/>\n<meta property=\"og:url\" content=\"https:\/\/raspberrypi.dk\/no\/produkt\/argon-neo-heatsink-case-til-pi-4\/\" \/>\n<meta property=\"og:site_name\" content=\"RaspberryPi.dk\" \/>\n<meta property=\"article:publisher\" content=\"https:\/\/facebook.com\/RaspberryPiDanmark\" \/>\n<meta property=\"article:modified_time\" content=\"2026-03-24T04:42:40+00:00\" \/>\n<meta property=\"og:image\" content=\"https:\/\/raspberrypi.dk\/wp-content\/uploads\/2020\/04\/argon-neo-heatsink-case-pi-4_1.jpg\" \/>\n\t<meta property=\"og:image:width\" content=\"1200\" \/>\n\t<meta property=\"og:image:height\" content=\"1200\" \/>\n\t<meta property=\"og:image:type\" content=\"image\/jpeg\" \/>\n<meta name=\"twitter:card\" content=\"summary_large_image\" \/>\n<meta name=\"twitter:site\" content=\"@raspberrypidk\" \/>\n<meta name=\"twitter:label1\" content=\"Ansl. lesetid\" \/>\n\t<meta name=\"twitter:data1\" content=\"1 minutt\" \/>\n<script type=\"application\/ld+json\" class=\"yoast-schema-graph\">{\"@context\":\"https:\/\/schema.org\",\"@graph\":[{\"@type\":\"WebPage\",\"@id\":\"https:\/\/raspberrypi.dk\/no\/produkt\/argon-neo-heatsink-case-til-pi-4\/\",\"url\":\"https:\/\/raspberrypi.dk\/no\/produkt\/argon-neo-heatsink-case-til-pi-4\/\",\"name\":\"Argon NEO Heatsink Case til Pi 4 \u2022 RaspberryPi.dk\",\"isPartOf\":{\"@id\":\"https:\/\/raspberrypi.dk\/no\/#website\"},\"primaryImageOfPage\":{\"@id\":\"https:\/\/raspberrypi.dk\/no\/produkt\/argon-neo-heatsink-case-til-pi-4\/#primaryimage\"},\"image\":{\"@id\":\"https:\/\/raspberrypi.dk\/no\/produkt\/argon-neo-heatsink-case-til-pi-4\/#primaryimage\"},\"thumbnailUrl\":\"https:\/\/raspberrypi.dk\/wp-content\/uploads\/2020\/04\/argon-neo-heatsink-case-pi-4_1.jpg\",\"datePublished\":\"2020-04-01T12:19:28+00:00\",\"dateModified\":\"2026-03-24T04:42:40+00:00\",\"breadcrumb\":{\"@id\":\"https:\/\/raspberrypi.dk\/no\/produkt\/argon-neo-heatsink-case-til-pi-4\/#breadcrumb\"},\"inLanguage\":\"nb-NO\",\"potentialAction\":[{\"@type\":\"ReadAction\",\"target\":[\"https:\/\/raspberrypi.dk\/no\/produkt\/argon-neo-heatsink-case-til-pi-4\/\"]}]},{\"@type\":\"ImageObject\",\"inLanguage\":\"nb-NO\",\"@id\":\"https:\/\/raspberrypi.dk\/no\/produkt\/argon-neo-heatsink-case-til-pi-4\/#primaryimage\",\"url\":\"https:\/\/raspberrypi.dk\/wp-content\/uploads\/2020\/04\/argon-neo-heatsink-case-pi-4_1.jpg\",\"contentUrl\":\"https:\/\/raspberrypi.dk\/wp-content\/uploads\/2020\/04\/argon-neo-heatsink-case-pi-4_1.jpg\",\"width\":1200,\"height\":1200},{\"@type\":\"BreadcrumbList\",\"@id\":\"https:\/\/raspberrypi.dk\/no\/produkt\/argon-neo-heatsink-case-til-pi-4\/#breadcrumb\",\"itemListElement\":[{\"@type\":\"ListItem\",\"position\":1,\"name\":\"Hjem\",\"item\":\"https:\/\/raspberrypi.dk\/no\/raspberry-pi-nettbutikk\/\"},{\"@type\":\"ListItem\",\"position\":2,\"name\":\"Shop\",\"item\":\"https:\/\/raspberrypi.dk\/no\/shop-2\/\"},{\"@type\":\"ListItem\",\"position\":3,\"name\":\"Argon NEO Heatsink Case til Pi 4\"}]},{\"@type\":\"WebSite\",\"@id\":\"https:\/\/raspberrypi.dk\/no\/#website\",\"url\":\"https:\/\/raspberrypi.dk\/no\/\",\"name\":\"RaspberryPi.dk\",\"description\":\"Danmarks f\u00f8rende Raspberry Pi side!\",\"publisher\":{\"@id\":\"https:\/\/raspberrypi.dk\/no\/#organization\"},\"potentialAction\":[{\"@type\":\"SearchAction\",\"target\":{\"@type\":\"EntryPoint\",\"urlTemplate\":\"https:\/\/raspberrypi.dk\/no\/?s={search_term_string}\"},\"query-input\":{\"@type\":\"PropertyValueSpecification\",\"valueRequired\":true,\"valueName\":\"search_term_string\"}}],\"inLanguage\":\"nb-NO\"},{\"@type\":\"Organization\",\"@id\":\"https:\/\/raspberrypi.dk\/no\/#organization\",\"name\":\"RaspberryPi.dk\",\"url\":\"https:\/\/raspberrypi.dk\/no\/\",\"logo\":{\"@type\":\"ImageObject\",\"inLanguage\":\"nb-NO\",\"@id\":\"https:\/\/raspberrypi.dk\/no\/#\/schema\/logo\/image\/\",\"url\":\"https:\/\/raspberrypi.dk\/wp-content\/uploads\/2017\/05\/RaspberryPidk_logo-2.png\",\"contentUrl\":\"https:\/\/raspberrypi.dk\/wp-content\/uploads\/2017\/05\/RaspberryPidk_logo-2.png\",\"width\":470,\"height\":110,\"caption\":\"RaspberryPi.dk\"},\"image\":{\"@id\":\"https:\/\/raspberrypi.dk\/no\/#\/schema\/logo\/image\/\"},\"sameAs\":[\"https:\/\/facebook.com\/RaspberryPiDanmark\",\"https:\/\/x.com\/raspberrypidk\",\"https:\/\/instagram.com\/raspberrypi.dk\"]}]}<\/script>\n<!-- \/ Yoast SEO plugin. -->","yoast_head_json":{"title":"Argon NEO Heatsink Case til Pi 4 \u2022 RaspberryPi.dk","robots":{"index":"index","follow":"follow","max-snippet":"max-snippet:-1","max-image-preview":"max-image-preview:large","max-video-preview":"max-video-preview:-1"},"canonical":"https:\/\/raspberrypi.dk\/no\/produkt\/argon-neo-heatsink-case-til-pi-4\/","og_locale":"nb_NO","og_type":"article","og_title":"Argon NEO Heatsink Case til Pi 4 \u2022 RaspberryPi.dk","og_description":"MINIMALISTISK DESIGN Argon NEO er spesialdesignet for behovene og funksjonaliteten til Raspberry Pi 4 Model B. SLIM ALUMINIUMSKAP Laget med aluminiumslegering og polert med en moderne Space Grey finish for en fantastisk estetikk. PASSIV KJ\u00d8LING Dekselet fungerer som passiv kj\u00f8ling for de h\u00f8ye kravene til Raspberry Pi 4 Model B. ROBUST, MEN TRANSPORTBAR Det er [&hellip;]","og_url":"https:\/\/raspberrypi.dk\/no\/produkt\/argon-neo-heatsink-case-til-pi-4\/","og_site_name":"RaspberryPi.dk","article_publisher":"https:\/\/facebook.com\/RaspberryPiDanmark","article_modified_time":"2026-03-24T04:42:40+00:00","og_image":[{"width":1200,"height":1200,"url":"https:\/\/raspberrypi.dk\/wp-content\/uploads\/2020\/04\/argon-neo-heatsink-case-pi-4_1.jpg","type":"image\/jpeg"}],"twitter_card":"summary_large_image","twitter_site":"@raspberrypidk","twitter_misc":{"Ansl. lesetid":"1 minutt"},"schema":{"@context":"https:\/\/schema.org","@graph":[{"@type":"WebPage","@id":"https:\/\/raspberrypi.dk\/no\/produkt\/argon-neo-heatsink-case-til-pi-4\/","url":"https:\/\/raspberrypi.dk\/no\/produkt\/argon-neo-heatsink-case-til-pi-4\/","name":"Argon NEO Heatsink Case til Pi 4 \u2022 RaspberryPi.dk","isPartOf":{"@id":"https:\/\/raspberrypi.dk\/no\/#website"},"primaryImageOfPage":{"@id":"https:\/\/raspberrypi.dk\/no\/produkt\/argon-neo-heatsink-case-til-pi-4\/#primaryimage"},"image":{"@id":"https:\/\/raspberrypi.dk\/no\/produkt\/argon-neo-heatsink-case-til-pi-4\/#primaryimage"},"thumbnailUrl":"https:\/\/raspberrypi.dk\/wp-content\/uploads\/2020\/04\/argon-neo-heatsink-case-pi-4_1.jpg","datePublished":"2020-04-01T12:19:28+00:00","dateModified":"2026-03-24T04:42:40+00:00","breadcrumb":{"@id":"https:\/\/raspberrypi.dk\/no\/produkt\/argon-neo-heatsink-case-til-pi-4\/#breadcrumb"},"inLanguage":"nb-NO","potentialAction":[{"@type":"ReadAction","target":["https:\/\/raspberrypi.dk\/no\/produkt\/argon-neo-heatsink-case-til-pi-4\/"]}]},{"@type":"ImageObject","inLanguage":"nb-NO","@id":"https:\/\/raspberrypi.dk\/no\/produkt\/argon-neo-heatsink-case-til-pi-4\/#primaryimage","url":"https:\/\/raspberrypi.dk\/wp-content\/uploads\/2020\/04\/argon-neo-heatsink-case-pi-4_1.jpg","contentUrl":"https:\/\/raspberrypi.dk\/wp-content\/uploads\/2020\/04\/argon-neo-heatsink-case-pi-4_1.jpg","width":1200,"height":1200},{"@type":"BreadcrumbList","@id":"https:\/\/raspberrypi.dk\/no\/produkt\/argon-neo-heatsink-case-til-pi-4\/#breadcrumb","itemListElement":[{"@type":"ListItem","position":1,"name":"Hjem","item":"https:\/\/raspberrypi.dk\/no\/raspberry-pi-nettbutikk\/"},{"@type":"ListItem","position":2,"name":"Shop","item":"https:\/\/raspberrypi.dk\/no\/shop-2\/"},{"@type":"ListItem","position":3,"name":"Argon NEO Heatsink Case til Pi 4"}]},{"@type":"WebSite","@id":"https:\/\/raspberrypi.dk\/no\/#website","url":"https:\/\/raspberrypi.dk\/no\/","name":"RaspberryPi.dk","description":"Danmarks f\u00f8rende Raspberry Pi side!","publisher":{"@id":"https:\/\/raspberrypi.dk\/no\/#organization"},"potentialAction":[{"@type":"SearchAction","target":{"@type":"EntryPoint","urlTemplate":"https:\/\/raspberrypi.dk\/no\/?s={search_term_string}"},"query-input":{"@type":"PropertyValueSpecification","valueRequired":true,"valueName":"search_term_string"}}],"inLanguage":"nb-NO"},{"@type":"Organization","@id":"https:\/\/raspberrypi.dk\/no\/#organization","name":"RaspberryPi.dk","url":"https:\/\/raspberrypi.dk\/no\/","logo":{"@type":"ImageObject","inLanguage":"nb-NO","@id":"https:\/\/raspberrypi.dk\/no\/#\/schema\/logo\/image\/","url":"https:\/\/raspberrypi.dk\/wp-content\/uploads\/2017\/05\/RaspberryPidk_logo-2.png","contentUrl":"https:\/\/raspberrypi.dk\/wp-content\/uploads\/2017\/05\/RaspberryPidk_logo-2.png","width":470,"height":110,"caption":"RaspberryPi.dk"},"image":{"@id":"https:\/\/raspberrypi.dk\/no\/#\/schema\/logo\/image\/"},"sameAs":["https:\/\/facebook.com\/RaspberryPiDanmark","https:\/\/x.com\/raspberrypidk","https:\/\/instagram.com\/raspberrypi.dk"]}]}},"_links":{"self":[{"href":"https:\/\/raspberrypi.dk\/no\/wp-json\/wp\/v2\/product\/217842","targetHints":{"allow":["GET"]}}],"collection":[{"href":"https:\/\/raspberrypi.dk\/no\/wp-json\/wp\/v2\/product"}],"about":[{"href":"https:\/\/raspberrypi.dk\/no\/wp-json\/wp\/v2\/types\/product"}],"replies":[{"embeddable":true,"href":"https:\/\/raspberrypi.dk\/no\/wp-json\/wp\/v2\/comments?post=217842"}],"wp:featuredmedia":[{"embeddable":true,"href":"https:\/\/raspberrypi.dk\/no\/wp-json\/wp\/v2\/media\/217843"}],"wp:attachment":[{"href":"https:\/\/raspberrypi.dk\/no\/wp-json\/wp\/v2\/media?parent=217842"}],"wp:term":[{"taxonomy":"product_brand","embeddable":true,"href":"https:\/\/raspberrypi.dk\/no\/wp-json\/wp\/v2\/product_brand?post=217842"},{"taxonomy":"product_cat","embeddable":true,"href":"https:\/\/raspberrypi.dk\/no\/wp-json\/wp\/v2\/product_cat?post=217842"},{"taxonomy":"product_tag","embeddable":true,"href":"https:\/\/raspberrypi.dk\/no\/wp-json\/wp\/v2\/product_tag?post=217842"}],"curies":[{"name":"wp","href":"https:\/\/api.w.org\/{rel}","templated":true}]}}