{"id":217863,"date":"2020-04-30T09:00:46","date_gmt":"2020-04-30T07:00:46","guid":{"rendered":"https:\/\/raspberrypi.dk\/produkt\/raspberry-pi-high-quality-camera-c-cs-mount\/"},"modified":"2026-04-08T15:09:35","modified_gmt":"2026-04-08T13:09:35","slug":"raspberry-pi-high-quality-camera-c-cs-mount","status":"publish","type":"product","link":"https:\/\/raspberrypi.dk\/no\/produkt\/raspberry-pi-high-quality-camera-c-cs-mount\/","title":{"rendered":"Raspberry Pi High Quality Camera &#8211; C\/CS Mount"},"content":{"rendered":"<p><strong>MERK F\u00d8LGENDE!<\/strong> Raspberry Pi HQ-kameraet krever et objektiv. Se v\u00e5r. Se v\u00e5r <a href=\"https:\/\/raspberrypi.dk\/no\/webshop\/kategori\/raspberry-pi-camera-no\/\">Raspberry Pi HQ Linser her<\/a>.<\/p>\n<p>Raspberry Pi HQ Camera gir et alternativ til Raspberry Pi Camera Board v2 for industrielle og forbrukerapplikasjoner, for eksempel sikkerhetskameraer som krever h\u00f8y kvalitet og\/eller integrasjon med spesialoptikk. Den er kompatibel med alle modeller av Raspberry Pi-datamaskinen fra Raspberry Pi 1 Model B og utover ved \u00e5 bruke den nyeste programvareversjonen.<\/p>\n<p>Pakken inkluderer et brett med en Sony IMX477-sensor, en FPC-kabel for tilkobling til en Raspberry Pi-datamaskin, en linseholder i b\u00f8rstet aluminium med integrert stativfeste og fokusjusteringsring, og en C til CS-monteringsadapter.<\/p>\n<section class=\"c-product-slice t-product-slice\">\n<div class=\"o-container\">\n<div class=\"c-product-slice__content c-product-slice__content--text\">\n<h2 class=\"c-type-display c-product-slice__heading\">Specifications<\/h2>\n<div class=\"c-wysiwyg c-product-slice__content\">\n<ul>\n<li>Sony IMX477R stacked, back-illuminated sensor, 12.3 megapixels, 7.9 mm sensor diagonal, 1.55 \u03bcm \u00d7 1.55 \u03bcm pixel size<\/li>\n<li>Output: RAW12\/10\/8, COMP8<\/li>\n<li>Back focus length of lens: 2.6mm\u201311.8mm (M12 Mount variant), 12.5mm\u201322.4mm (CS Mount variant)<\/li>\n<li>Lens sensor format: 1\/2.3\u201d (7.9mm) or larger<\/li>\n<li>IR cut filter:\u00a0Integrated<\/li>\n<li>Ribbon cable length: 200 mm<\/li>\n<li>Tripod mount: 1\/4\u201d-20<\/li>\n<\/ul>\n<\/div>\n<\/div>\n<\/div>\n<\/section>\n<section class=\"c-product-slice t-product-slice\">\n<div class=\"o-container\">\n<div class=\"c-product-slice__content c-product-slice__content--text\">\n<h2 class=\"c-type-display c-product-slice__heading\">Cable compatibility<\/h2>\n<div class=\"c-wysiwyg c-product-slice__content\">\n<p>All models of Raspberry Pi Zero require a Raspberry Pi Zero camera cable to connect to the Raspberry Pi High Quality Camera; the standard cable supplied with the camera is not compatible with the smaller Raspberry Pi Zero camera connector. Suitable cables are available at low cost from many Raspberry Pi Approved Resellers, and are supplied with the\u00a0<a href=\"https:\/\/www.raspberrypi.com\/products\/raspberry-pi-zero-case\/\" target=\"_blank\" rel=\"noopener noreferrer\">Raspberry Pi Zero Case<\/a>.<\/p>\n<\/div>\n<\/div>\n<\/div>\n<\/section>\n<section class=\"c-product-slice t-product-slice\">\n<div class=\"o-container\">\n<div class=\"c-product-slice__content c-product-slice__content--text\">\n<h2 class=\"c-type-display c-product-slice__heading\">High Quality Camera CS Mount: fitting CS- and C-mount lenses<\/h2>\n<div class=\"c-wysiwyg c-product-slice__content\">\n<p>The High Quality Camera CS Mount variant is designed to accept CS-mount lenses and, with the supplied adapter, C-mount lenses. The CGL 6 mm CS-mount and 16 mm C-mount lenses are examples of third-party products that are compatible with the High Quality Camera; see step-by-step instructions for fitting these\u00a0<a href=\"https:\/\/datasheets.raspberrypi.com\/hq-camera\/cs-mount-lens-guide.pdf\" target=\"_blank\" rel=\"noopener noreferrer\">CS-mount<\/a>\u00a0and\u00a0<a href=\"https:\/\/datasheets.raspberrypi.com\/hq-camera\/c-mount-lens-guide.pdf\" target=\"_blank\" rel=\"noopener noreferrer\">C-mount<\/a>\u00a0lenses.<\/p>\n<p class=\"block-img\"><img decoding=\"async\" src=\"https:\/\/images.prismic.io\/rpf-products\/4f9d3f75-0df4-4303-96c0-72d749e64569_200217+HQ+Cam+Diagram+Compliance-01.png?auto=compress,format\" \/><\/p>\n<\/div>\n<\/div>\n<\/div>\n<\/section>\n<section class=\"c-product-slice t-product-slice\">\n<div class=\"o-container\">\n<div class=\"c-product-slice__content c-product-slice__content--documents\">\n<h2 class=\"c-type-display c-product-slice__heading\">Documents<\/h2>\n<div class=\"c-wysiwyg\">\n<ul>\n<li><a href=\"https:\/\/datasheets.raspberrypi.com\/hq-camera\/hq-camera-product-brief.pdf\">Raspberry Pi High Quality Camera product brief<\/a><\/li>\n<li><a href=\"https:\/\/datasheets.raspberrypi.com\/hq-camera\/hq-camera-cs-mechanical-drawing.pdf\">Raspberry Pi High Quality Camera CS Mount mechanical drawing<\/a><\/li>\n<li><a href=\"https:\/\/datasheets.raspberrypi.com\/hq-camera\/hq-camera-m12-mechanical-drawing.pdf\">Raspberry Pi High Quality Camera M12 Mount mechanical drawing<\/a><\/li>\n<li><a href=\"https:\/\/datasheets.raspberrypi.com\/hq-camera\/c-mount-lens-guide.pdf\">Example fitting instructions for a typical C-mount lens<\/a><\/li>\n<li><a href=\"https:\/\/datasheets.raspberrypi.com\/hq-camera\/cs-mount-lens-guide.pdf\">Example fitting instructions for a typical CS-mount lens<\/a><\/li>\n<li><a href=\"https:\/\/www.raspberrypi.com\/documentation\/accessories\/camera.html\">Raspberry Pi High Quality Camera documentation<\/a><\/li>\n<\/ul>\n<\/div>\n<\/div>\n<\/div>\n<\/section>\n<section class=\"c-product-slice t-product-slice\">\n<div class=\"o-container\">\n<div class=\"c-product-slice__content c-product-slice__content--text\">\n<h2 class=\"c-type-display c-product-slice__heading\">Compliance<\/h2>\n<div class=\"c-wysiwyg c-product-slice__content\">\n<p>The Raspberry Pi High Quality Camera has undergone extensive compliance testing and meets a number of regional and international standards.<\/p>\n<p>View and download\u00a0<strong><a href=\"https:\/\/pip.raspberrypi.com\/\" target=\"_blank\" rel=\"noopener noreferrer\">relevant certificates and conformity documents<\/a>.<\/strong><\/p>\n<\/div>\n<\/div>\n<\/div>\n<\/section>\n","protected":false},"excerpt":{"rendered":"<div class=\"woocommerce-product-details__short-description\">\n<p>Raspberry Pi High Quality (HQ)-kameraet tilbyr h\u00f8y oppl\u00f8sning og f\u00f8lsomhet samt mulighet for forskjellige objektiver med b\u00e5de C- og CS-fatning.<\/p>\n<p>Krever <a href=\"https:\/\/raspberrypi.dk\/no\/produkt\/raspberry-pi-camera-kabel\/\">denne kabelen<\/a> n\u00e5r den brukes med Raspberry Pi 5.<\/p>\n<\/div>\n","protected":false},"featured_media":217871,"comment_status":"open","ping_status":"closed","template":"","meta":[],"product_brand":[],"product_cat":[593],"product_tag":[717,703],"class_list":{"0":"post-217863","1":"product","2":"type-product","3":"status-publish","4":"has-post-thumbnail","6":"product_cat-raspberry-pi-camera-no","7":"product_tag-rpi4-no","8":"product_tag-rpi5-no","10":"first","11":"instock","12":"taxable","13":"shipping-taxable","14":"purchasable","15":"product-type-simple"},"composite_virtual":false,"composite_layout":"","composite_add_to_cart_form_location":"","composite_editable_in_cart":false,"composite_sold_individually_context":"","composite_shop_price_calc":"","composite_components":[],"composite_scenarios":[],"bundled_by":[],"bundle_stock_status":"instock","bundle_stock_quantity":75,"bundle_virtual":false,"bundle_layout":"","bundle_add_to_cart_form_location":"","bundle_editable_in_cart":false,"bundle_sold_individually_context":"","bundle_item_grouping":"","bundle_min_size":"","bundle_max_size":"","bundle_price":[],"bundled_items":[],"bundle_sell_ids":[217851,217858,218661],"yoast_head":"<!-- This site is optimized with the Yoast SEO plugin v27.1.1 - https:\/\/yoast.com\/product\/yoast-seo-wordpress\/ -->\n<title>Raspberry Pi High Quality Camera - C\/CS Mount \u2022 RaspberryPi.dk<\/title>\n<meta name=\"robots\" content=\"index, follow, max-snippet:-1, max-image-preview:large, max-video-preview:-1\" \/>\n<link rel=\"canonical\" href=\"https:\/\/raspberrypi.dk\/no\/produkt\/raspberry-pi-high-quality-camera-c-cs-mount\/\" \/>\n<meta property=\"og:locale\" content=\"nb_NO\" \/>\n<meta property=\"og:type\" content=\"article\" \/>\n<meta property=\"og:title\" content=\"Raspberry Pi High Quality Camera - C\/CS Mount \u2022 RaspberryPi.dk\" \/>\n<meta property=\"og:description\" content=\"Raspberry Pi High Quality (HQ)-kameraet tilbyr h\u00f8y oppl\u00f8sning og f\u00f8lsomhet samt mulighet for forskjellige objektiver med b\u00e5de C- og CS-fatning.  Krever denne kabelen n\u00e5r den brukes med Raspberry Pi 5.\" \/>\n<meta property=\"og:url\" content=\"https:\/\/raspberrypi.dk\/no\/produkt\/raspberry-pi-high-quality-camera-c-cs-mount\/\" \/>\n<meta property=\"og:site_name\" content=\"RaspberryPi.dk\" \/>\n<meta property=\"article:publisher\" content=\"https:\/\/facebook.com\/RaspberryPiDanmark\" \/>\n<meta property=\"article:modified_time\" content=\"2026-04-08T13:09:35+00:00\" \/>\n<meta property=\"og:image\" content=\"https:\/\/raspberrypi.dk\/wp-content\/uploads\/2020\/04\/raspberry-pi-hq-camera-CAM-HERO-ALT-2.jpg\" \/>\n\t<meta property=\"og:image:width\" content=\"1600\" \/>\n\t<meta property=\"og:image:height\" content=\"1200\" \/>\n\t<meta property=\"og:image:type\" content=\"image\/jpeg\" \/>\n<meta name=\"twitter:card\" content=\"summary_large_image\" \/>\n<meta name=\"twitter:site\" content=\"@raspberrypidk\" \/>\n<meta name=\"twitter:label1\" content=\"Ansl. lesetid\" \/>\n\t<meta name=\"twitter:data1\" content=\"3 minutter\" \/>\n<script type=\"application\/ld+json\" class=\"yoast-schema-graph\">{\"@context\":\"https:\/\/schema.org\",\"@graph\":[{\"@type\":\"WebPage\",\"@id\":\"https:\/\/raspberrypi.dk\/no\/produkt\/raspberry-pi-high-quality-camera-c-cs-mount\/\",\"url\":\"https:\/\/raspberrypi.dk\/no\/produkt\/raspberry-pi-high-quality-camera-c-cs-mount\/\",\"name\":\"Raspberry Pi High Quality Camera - C\/CS Mount \u2022 RaspberryPi.dk\",\"isPartOf\":{\"@id\":\"https:\/\/raspberrypi.dk\/no\/#website\"},\"primaryImageOfPage\":{\"@id\":\"https:\/\/raspberrypi.dk\/no\/produkt\/raspberry-pi-high-quality-camera-c-cs-mount\/#primaryimage\"},\"image\":{\"@id\":\"https:\/\/raspberrypi.dk\/no\/produkt\/raspberry-pi-high-quality-camera-c-cs-mount\/#primaryimage\"},\"thumbnailUrl\":\"https:\/\/raspberrypi.dk\/wp-content\/uploads\/2020\/04\/raspberry-pi-hq-camera-CAM-HERO-ALT-2.jpg\",\"datePublished\":\"2020-04-30T07:00:46+00:00\",\"dateModified\":\"2026-04-08T13:09:35+00:00\",\"breadcrumb\":{\"@id\":\"https:\/\/raspberrypi.dk\/no\/produkt\/raspberry-pi-high-quality-camera-c-cs-mount\/#breadcrumb\"},\"inLanguage\":\"nb-NO\",\"potentialAction\":[{\"@type\":\"ReadAction\",\"target\":[\"https:\/\/raspberrypi.dk\/no\/produkt\/raspberry-pi-high-quality-camera-c-cs-mount\/\"]}]},{\"@type\":\"ImageObject\",\"inLanguage\":\"nb-NO\",\"@id\":\"https:\/\/raspberrypi.dk\/no\/produkt\/raspberry-pi-high-quality-camera-c-cs-mount\/#primaryimage\",\"url\":\"https:\/\/raspberrypi.dk\/wp-content\/uploads\/2020\/04\/raspberry-pi-hq-camera-CAM-HERO-ALT-2.jpg\",\"contentUrl\":\"https:\/\/raspberrypi.dk\/wp-content\/uploads\/2020\/04\/raspberry-pi-hq-camera-CAM-HERO-ALT-2.jpg\",\"width\":1600,\"height\":1200,\"caption\":\"raspberry pi high quality camera\"},{\"@type\":\"BreadcrumbList\",\"@id\":\"https:\/\/raspberrypi.dk\/no\/produkt\/raspberry-pi-high-quality-camera-c-cs-mount\/#breadcrumb\",\"itemListElement\":[{\"@type\":\"ListItem\",\"position\":1,\"name\":\"Hjem\",\"item\":\"https:\/\/raspberrypi.dk\/no\/raspberry-pi-nettbutikk\/\"},{\"@type\":\"ListItem\",\"position\":2,\"name\":\"Shop\",\"item\":\"https:\/\/raspberrypi.dk\/no\/shop-2\/\"},{\"@type\":\"ListItem\",\"position\":3,\"name\":\"Raspberry Pi High Quality Camera &#8211; C\/CS Mount\"}]},{\"@type\":\"WebSite\",\"@id\":\"https:\/\/raspberrypi.dk\/no\/#website\",\"url\":\"https:\/\/raspberrypi.dk\/no\/\",\"name\":\"RaspberryPi.dk\",\"description\":\"Danmarks f\u00f8rende Raspberry Pi side!\",\"publisher\":{\"@id\":\"https:\/\/raspberrypi.dk\/no\/#organization\"},\"potentialAction\":[{\"@type\":\"SearchAction\",\"target\":{\"@type\":\"EntryPoint\",\"urlTemplate\":\"https:\/\/raspberrypi.dk\/no\/?s={search_term_string}\"},\"query-input\":{\"@type\":\"PropertyValueSpecification\",\"valueRequired\":true,\"valueName\":\"search_term_string\"}}],\"inLanguage\":\"nb-NO\"},{\"@type\":\"Organization\",\"@id\":\"https:\/\/raspberrypi.dk\/no\/#organization\",\"name\":\"RaspberryPi.dk\",\"url\":\"https:\/\/raspberrypi.dk\/no\/\",\"logo\":{\"@type\":\"ImageObject\",\"inLanguage\":\"nb-NO\",\"@id\":\"https:\/\/raspberrypi.dk\/no\/#\/schema\/logo\/image\/\",\"url\":\"https:\/\/raspberrypi.dk\/wp-content\/uploads\/2017\/05\/RaspberryPidk_logo-2.png\",\"contentUrl\":\"https:\/\/raspberrypi.dk\/wp-content\/uploads\/2017\/05\/RaspberryPidk_logo-2.png\",\"width\":470,\"height\":110,\"caption\":\"RaspberryPi.dk\"},\"image\":{\"@id\":\"https:\/\/raspberrypi.dk\/no\/#\/schema\/logo\/image\/\"},\"sameAs\":[\"https:\/\/facebook.com\/RaspberryPiDanmark\",\"https:\/\/x.com\/raspberrypidk\",\"https:\/\/instagram.com\/raspberrypi.dk\"]}]}<\/script>\n<!-- \/ Yoast SEO plugin. -->","yoast_head_json":{"title":"Raspberry Pi High Quality Camera - C\/CS Mount \u2022 RaspberryPi.dk","robots":{"index":"index","follow":"follow","max-snippet":"max-snippet:-1","max-image-preview":"max-image-preview:large","max-video-preview":"max-video-preview:-1"},"canonical":"https:\/\/raspberrypi.dk\/no\/produkt\/raspberry-pi-high-quality-camera-c-cs-mount\/","og_locale":"nb_NO","og_type":"article","og_title":"Raspberry Pi High Quality Camera - C\/CS Mount \u2022 RaspberryPi.dk","og_description":"Raspberry Pi High Quality (HQ)-kameraet tilbyr h\u00f8y oppl\u00f8sning og f\u00f8lsomhet samt mulighet for forskjellige objektiver med b\u00e5de C- og CS-fatning.  Krever denne kabelen n\u00e5r den brukes med Raspberry Pi 5.","og_url":"https:\/\/raspberrypi.dk\/no\/produkt\/raspberry-pi-high-quality-camera-c-cs-mount\/","og_site_name":"RaspberryPi.dk","article_publisher":"https:\/\/facebook.com\/RaspberryPiDanmark","article_modified_time":"2026-04-08T13:09:35+00:00","og_image":[{"width":1600,"height":1200,"url":"https:\/\/raspberrypi.dk\/wp-content\/uploads\/2020\/04\/raspberry-pi-hq-camera-CAM-HERO-ALT-2.jpg","type":"image\/jpeg"}],"twitter_card":"summary_large_image","twitter_site":"@raspberrypidk","twitter_misc":{"Ansl. lesetid":"3 minutter"},"schema":{"@context":"https:\/\/schema.org","@graph":[{"@type":"WebPage","@id":"https:\/\/raspberrypi.dk\/no\/produkt\/raspberry-pi-high-quality-camera-c-cs-mount\/","url":"https:\/\/raspberrypi.dk\/no\/produkt\/raspberry-pi-high-quality-camera-c-cs-mount\/","name":"Raspberry Pi High Quality Camera - C\/CS Mount \u2022 RaspberryPi.dk","isPartOf":{"@id":"https:\/\/raspberrypi.dk\/no\/#website"},"primaryImageOfPage":{"@id":"https:\/\/raspberrypi.dk\/no\/produkt\/raspberry-pi-high-quality-camera-c-cs-mount\/#primaryimage"},"image":{"@id":"https:\/\/raspberrypi.dk\/no\/produkt\/raspberry-pi-high-quality-camera-c-cs-mount\/#primaryimage"},"thumbnailUrl":"https:\/\/raspberrypi.dk\/wp-content\/uploads\/2020\/04\/raspberry-pi-hq-camera-CAM-HERO-ALT-2.jpg","datePublished":"2020-04-30T07:00:46+00:00","dateModified":"2026-04-08T13:09:35+00:00","breadcrumb":{"@id":"https:\/\/raspberrypi.dk\/no\/produkt\/raspberry-pi-high-quality-camera-c-cs-mount\/#breadcrumb"},"inLanguage":"nb-NO","potentialAction":[{"@type":"ReadAction","target":["https:\/\/raspberrypi.dk\/no\/produkt\/raspberry-pi-high-quality-camera-c-cs-mount\/"]}]},{"@type":"ImageObject","inLanguage":"nb-NO","@id":"https:\/\/raspberrypi.dk\/no\/produkt\/raspberry-pi-high-quality-camera-c-cs-mount\/#primaryimage","url":"https:\/\/raspberrypi.dk\/wp-content\/uploads\/2020\/04\/raspberry-pi-hq-camera-CAM-HERO-ALT-2.jpg","contentUrl":"https:\/\/raspberrypi.dk\/wp-content\/uploads\/2020\/04\/raspberry-pi-hq-camera-CAM-HERO-ALT-2.jpg","width":1600,"height":1200,"caption":"raspberry pi high quality camera"},{"@type":"BreadcrumbList","@id":"https:\/\/raspberrypi.dk\/no\/produkt\/raspberry-pi-high-quality-camera-c-cs-mount\/#breadcrumb","itemListElement":[{"@type":"ListItem","position":1,"name":"Hjem","item":"https:\/\/raspberrypi.dk\/no\/raspberry-pi-nettbutikk\/"},{"@type":"ListItem","position":2,"name":"Shop","item":"https:\/\/raspberrypi.dk\/no\/shop-2\/"},{"@type":"ListItem","position":3,"name":"Raspberry Pi High Quality Camera &#8211; C\/CS Mount"}]},{"@type":"WebSite","@id":"https:\/\/raspberrypi.dk\/no\/#website","url":"https:\/\/raspberrypi.dk\/no\/","name":"RaspberryPi.dk","description":"Danmarks f\u00f8rende Raspberry Pi side!","publisher":{"@id":"https:\/\/raspberrypi.dk\/no\/#organization"},"potentialAction":[{"@type":"SearchAction","target":{"@type":"EntryPoint","urlTemplate":"https:\/\/raspberrypi.dk\/no\/?s={search_term_string}"},"query-input":{"@type":"PropertyValueSpecification","valueRequired":true,"valueName":"search_term_string"}}],"inLanguage":"nb-NO"},{"@type":"Organization","@id":"https:\/\/raspberrypi.dk\/no\/#organization","name":"RaspberryPi.dk","url":"https:\/\/raspberrypi.dk\/no\/","logo":{"@type":"ImageObject","inLanguage":"nb-NO","@id":"https:\/\/raspberrypi.dk\/no\/#\/schema\/logo\/image\/","url":"https:\/\/raspberrypi.dk\/wp-content\/uploads\/2017\/05\/RaspberryPidk_logo-2.png","contentUrl":"https:\/\/raspberrypi.dk\/wp-content\/uploads\/2017\/05\/RaspberryPidk_logo-2.png","width":470,"height":110,"caption":"RaspberryPi.dk"},"image":{"@id":"https:\/\/raspberrypi.dk\/no\/#\/schema\/logo\/image\/"},"sameAs":["https:\/\/facebook.com\/RaspberryPiDanmark","https:\/\/x.com\/raspberrypidk","https:\/\/instagram.com\/raspberrypi.dk"]}]}},"_links":{"self":[{"href":"https:\/\/raspberrypi.dk\/no\/wp-json\/wp\/v2\/product\/217863","targetHints":{"allow":["GET"]}}],"collection":[{"href":"https:\/\/raspberrypi.dk\/no\/wp-json\/wp\/v2\/product"}],"about":[{"href":"https:\/\/raspberrypi.dk\/no\/wp-json\/wp\/v2\/types\/product"}],"replies":[{"embeddable":true,"href":"https:\/\/raspberrypi.dk\/no\/wp-json\/wp\/v2\/comments?post=217863"}],"wp:featuredmedia":[{"embeddable":true,"href":"https:\/\/raspberrypi.dk\/no\/wp-json\/wp\/v2\/media\/217871"}],"wp:attachment":[{"href":"https:\/\/raspberrypi.dk\/no\/wp-json\/wp\/v2\/media?parent=217863"}],"wp:term":[{"taxonomy":"product_brand","embeddable":true,"href":"https:\/\/raspberrypi.dk\/no\/wp-json\/wp\/v2\/product_brand?post=217863"},{"taxonomy":"product_cat","embeddable":true,"href":"https:\/\/raspberrypi.dk\/no\/wp-json\/wp\/v2\/product_cat?post=217863"},{"taxonomy":"product_tag","embeddable":true,"href":"https:\/\/raspberrypi.dk\/no\/wp-json\/wp\/v2\/product_tag?post=217863"}],"curies":[{"name":"wp","href":"https:\/\/api.w.org\/{rel}","templated":true}]}}